{"id":11266,"date":"2025-12-31T05:11:32","date_gmt":"2025-12-31T05:11:32","guid":{"rendered":"https:\/\/oponyexpert.shop\/xef5\/produkt\/2x-tracmax-x-privilo-s330-275-45r20-110v-xl\/"},"modified":"2025-12-31T05:11:32","modified_gmt":"2025-12-31T05:11:32","slug":"2x-tracmax-x-privilo-s330-275-45r20-110v-xl","status":"publish","type":"product","link":"https:\/\/oponixo.shop\/tire\/produkt\/2x-tracmax-x-privilo-s330-275-45r20-110v-xl\/","title":{"rendered":"2x Tracmax X-privilo S330 275\/45R20 110V XL"},"content":{"rendered":"<div style=\"font-family: Arial, sans-serif; line-height: 1.6; color: #333; padding: 20px; clear: both; display: block; width: 100%; float: none; position: static; overflow: hidden;\">\n<div style=\"clear: both; display: block; margin: 10px 0;\">\n<div style=\"clear: both; display: block; margin: 10px 0;\">\n<div style=\"clear: both; display: block; margin: 10px 0;\">\n<h1>Tracmax X-privilo S330 <\/h1>\n<h1>275\/45 R20 110V do 240 km\/h<\/h1>\n<h2>Kod produktu: 6958460922643<\/h2>\n<p style=\"margin: 15px 0; line-height: 1.8; clear: both; display: block; width: 100%; float: none; position: static;\">Tracmax X-Privilo S330 &#8211; to opona zimowa przeznaczona do samochod\u00f3w osobowych i SUV. Kierunkowy bie\u017cnik, bloki sk\u0142adaj\u0105ce si\u0119 w kszta\u0142t litery \u201eV\u201d dodatkowo szerokie rowki, b\u0142yskawicznie odprowadzaj\u0105 wod\u0119 oraz b\u0142oto po\u015bniegowe spod czo\u0142a opony, zapobiegaj\u0105c wyst\u0105pieniu tzw. zjawiska aquaplaningu. Opona zosta\u0142a wyprodukowana w chi\u0144skiej fabryce. Wszystkie opony importowane z Chin, kt\u00f3re mamy w ofercie zanim trafi\u0105 do sprzeda\u017cy przechodz\u0105 bardzo rygorystyczne testy na wytrzyma\u0142o\u015b\u0107 oraz osi\u0105gi. Od wielu lat firma Tracmax inwestuje w najnowsze technologie oraz podnosi kwalifikacje swoich pracownik\u00f3w. Urz\u0105dzenia do produkcji opon zosta\u0142y zakupione i sprowadzone z Japonii, USA i Niemiec. Efektem tego jest regularny wzrost jako\u015bci opon tego producenta. Tracmax w Chinach postrzegany jest jako lider na rynku producent\u00f3w opon<\/p>\n<h2>Zakupione na tej aukcji opony mo\u017cesz odebra\u0107 i wymieni\u0107 w jednym z naszych serwis\u00f3w: MOTOHURT MARKI &#8211; MOTOHURT WOLA &#8211; MOTOHURT MOKOT\u00d3W<\/h2>\n<\/div>\n<\/div>\n<div style=\"clear: both; display: block; margin: 10px 0;\">\n<div style=\"clear: both; display: block; margin: 10px 0;\">\n<div  style=\"max-width:750px;max-height:1024px\">\n<div style=\"clear: both; display: block; margin: 10px 0;\">\n<div style=\"clear: both; width: 100%; display: block; margin: 20px 0; padding: 0; float: none; position: static; text-align: center;\"><img decoding=\"async\"  src=\"https:\/\/a.allegroimg.com\/original\/1164d4\/e14fd37d437fb11ef9e684e94ca8\/2x-Tracmax-X-privilo-S330-275-45R20-110V-XL\" srcset=\"https:\/\/a.allegroimg.com\/original\/1164d4\/e14fd37d437fb11ef9e684e94ca8\/2x-Tracmax-X-privilo-S330-275-45R20-110V-XL 263w,https:\/\/a.allegroimg.com\/original\/1164d4\/e14fd37d437fb11ef9e684e94ca8\/2x-Tracmax-X-privilo-S330-275-45R20-110V-XL 527w,https:\/\/a.allegroimg.com\/original\/1164d4\/e14fd37d437fb11ef9e684e94ca8\/2x-Tracmax-X-privilo-S330-275-45R20-110V-XL 750w,https:\/\/a.allegroimg.com\/original\/1164d4\/e14fd37d437fb11ef9e684e94ca8\/2x-Tracmax-X-privilo-S330-275-45R20-110V-XL 750w\" sizes=\"(min-width: 1200px) 560px, (min-width: 992px) 50vw, 100vw\" width=\"750px\" alt=\"2x Tracmax X-privilo S330 275\/45R20 110V XL\"\/ style=\"max-width: 100%; height: auto; display: block; margin: 0 auto;\"><\/div>\n<\/div>\n<\/div>\n<\/div>\n<\/div>\n<\/div>\n<div style=\"clear: both; display: block; margin: 10px 0;\">\n<div style=\"clear: both; display: block; margin: 10px 0;\">\n<div style=\"clear: both; display: block; margin: 10px 0;\">\n<div  style=\"max-width:212px;max-height:305px\">\n<div style=\"clear: both; display: block; margin: 10px 0;\">\n<div style=\"clear: both; width: 100%; display: block; margin: 20px 0; padding: 0; float: none; position: static; text-align: center;\"><img decoding=\"async\"  src=\"https:\/\/a.allegroimg.com\/original\/119587\/cc30c6ae471aac0c13021f87faa3\/2x-Tracmax-X-privilo-S330-275-45R20-110V-XL-Liczba-opon-w-ofercie-2-szt\" srcset=\"https:\/\/a.allegroimg.com\/original\/119587\/cc30c6ae471aac0c13021f87faa3\/2x-Tracmax-X-privilo-S330-275-45R20-110V-XL-Liczba-opon-w-ofercie-2-szt 212w,https:\/\/a.allegroimg.com\/original\/119587\/cc30c6ae471aac0c13021f87faa3\/2x-Tracmax-X-privilo-S330-275-45R20-110V-XL-Liczba-opon-w-ofercie-2-szt 212w\" sizes=\"(min-width: 1200px) 560px, (min-width: 992px) 50vw, 100vw\" width=\"212px\" alt=\"2x Tracmax X-privilo S330 275\/45R20 110V XL Liczba opon w ofercie 2 szt.\"\/ style=\"max-width: 100%; height: auto; display: block; margin: 0 auto;\"><\/div>\n<\/div>\n<\/div>\n<\/div>\n<\/div>\n<div style=\"clear: both; display: block; margin: 10px 0;\">\n<div style=\"clear: both; display: block; margin: 10px 0;\">\n<h2>Marka: Tracmax<\/h2>\n<h2>Liczba opon w ofercie: 2<\/h2>\n<h2>Rok produkcji: 2025<\/h2>\n<h2>Szeroko\u015b\u0107 opony: 275 mm<\/h2>\n<h2>Profil opony: 45<\/h2>\n<h2>\u015arednica: 20<\/h2>\n<h2>Indeks no\u015bno\u015bci: 110<\/h2>\n<h2>Indeks pr\u0119dko\u015bci: V do 240 km\/h<\/h2>\n<h2>Op\u00f3r toczenia: Klasa C<\/h2>\n<h2>Przyczepno\u015b\u0107 na mokrej nawierzchni: Klasa C<\/h2>\n<h2>Ha\u0142as zewn\u0119trzny: 73 dB<\/h2>\n<h2>Kod producenta: S330R2010<\/h2>\n<h2>Sezon: Zimowe<\/h2>\n<\/div>\n<\/div>\n<\/div>\n<\/div>\n<\/div>\n<\/div>\n<div style=\"clear: both; display: block; margin: 10px 0;\">\n","protected":false},"excerpt":{"rendered":"<p>Tracmax X-privilo S330<\/p>\n<p>275\/45 R20 110V do 240 km\/h<\/p>\n<p>Kod produktu: 6958460922643<\/p>\n","protected":false},"featured_media":11267,"template":"","meta":{"_uag_custom_page_level_css":""},"product_brand":[393],"product_cat":[414,413,412,415],"product_tag":[],"class_list":{"0":"post-11266","1":"product","2":"type-product","3":"status-publish","4":"has-post-thumbnail","6":"product_brand-tracmax","7":"product_cat-do-samochodow-osobowych-i-suv","8":"product_cat-opony","9":"product_cat-opony-i-felgi","10":"product_cat-zimowe","12":"first","13":"instock","14":"shipping-taxable","15":"purchasable","16":"product-type-simple"},"uagb_featured_image_src":{"full":["https:\/\/oponixo.shop\/tire\/wp-content\/uploads\/2025\/12\/allegro-image-11266.jpg",750,1024,false],"thumbnail":["https:\/\/oponixo.shop\/tire\/wp-content\/uploads\/2025\/12\/allegro-image-11266-150x150.jpg",150,150,true],"medium":["https:\/\/oponixo.shop\/tire\/wp-content\/uploads\/2025\/12\/allegro-image-11266-220x300.jpg",220,300,true],"medium_large":["https:\/\/oponixo.shop\/tire\/wp-content\/uploads\/2025\/12\/allegro-image-11266.jpg",750,1024,false],"large":["https:\/\/oponixo.shop\/tire\/wp-content\/uploads\/2025\/12\/allegro-image-11266.jpg",750,1024,false],"1536x1536":["https:\/\/oponixo.shop\/tire\/wp-content\/uploads\/2025\/12\/allegro-image-11266.jpg",750,1024,false],"2048x2048":["https:\/\/oponixo.shop\/tire\/wp-content\/uploads\/2025\/12\/allegro-image-11266.jpg",750,1024,false],"woocommerce_thumbnail":["https:\/\/oponixo.shop\/tire\/wp-content\/uploads\/2025\/12\/allegro-image-11266-300x300.jpg",300,300,true],"woocommerce_single":["https:\/\/oponixo.shop\/tire\/wp-content\/uploads\/2025\/12\/allegro-image-11266-600x819.jpg",600,819,true],"woocommerce_gallery_thumbnail":["https:\/\/oponixo.shop\/tire\/wp-content\/uploads\/2025\/12\/allegro-image-11266-100x100.jpg",100,100,true]},"uagb_author_info":{"display_name":"admin","author_link":"https:\/\/oponixo.shop\/tire\/author\/"},"uagb_comment_info":0,"uagb_excerpt":"Tracmax X-privilo S330 275\/45 R20 110V do 240 km\/h Kod produktu: 6958460922643","_links":{"self":[{"href":"https:\/\/oponixo.shop\/tire\/wp-json\/wp\/v2\/product\/11266","targetHints":{"allow":["GET"]}}],"collection":[{"href":"https:\/\/oponixo.shop\/tire\/wp-json\/wp\/v2\/product"}],"about":[{"href":"https:\/\/oponixo.shop\/tire\/wp-json\/wp\/v2\/types\/product"}],"wp:featuredmedia":[{"embeddable":true,"href":"https:\/\/oponixo.shop\/tire\/wp-json\/wp\/v2\/media\/11267"}],"wp:attachment":[{"href":"https:\/\/oponixo.shop\/tire\/wp-json\/wp\/v2\/media?parent=11266"}],"wp:term":[{"taxonomy":"product_brand","embeddable":true,"href":"https:\/\/oponixo.shop\/tire\/wp-json\/wp\/v2\/product_brand?post=11266"},{"taxonomy":"product_cat","embeddable":true,"href":"https:\/\/oponixo.shop\/tire\/wp-json\/wp\/v2\/product_cat?post=11266"},{"taxonomy":"product_tag","embeddable":true,"href":"https:\/\/oponixo.shop\/tire\/wp-json\/wp\/v2\/product_tag?post=11266"}],"curies":[{"name":"wp","href":"https:\/\/api.w.org\/{rel}","templated":true}]}}