{"id":11402,"date":"2026-01-01T21:54:33","date_gmt":"2026-01-01T20:54:33","guid":{"rendered":"https:\/\/oponyexpert.shop\/xef5\/produkt\/2x-pirelli-p-zero-winter-245-40-19-245-40r19-245-40-r19-bmw-zima-zimowe\/"},"modified":"2026-01-01T21:54:34","modified_gmt":"2026-01-01T20:54:34","slug":"2x-pirelli-p-zero-winter-245-40-19-245-40r19-245-40-r19-bmw-zima-zimowe","status":"publish","type":"product","link":"https:\/\/oponixo.shop\/tire\/produkt\/2x-pirelli-p-zero-winter-245-40-19-245-40r19-245-40-r19-bmw-zima-zimowe\/","title":{"rendered":"2x PIRELLI P ZERO WINTER 245\/40\/19 245\/40R19 245\/40 R19 BMW * Zima Zimowe"},"content":{"rendered":"<div style=\"font-family: Arial, sans-serif; line-height: 1.6; color: #333; padding: 20px; clear: both; display: block; width: 100%; float: none; position: static; overflow: hidden;\">\n<div style=\"clear: both; display: block; margin: 10px 0;\">\n<div style=\"clear: both; display: block; margin: 10px 0;\">\n<div style=\"clear: both; display: block; margin: 10px 0;\">\n<p style=\"margin: 15px 0; line-height: 1.8; clear: both; display: block; width: 100%; float: none; position: static;\"><b>Pirelli P Zero Winter 245\/40 R19 <\/b>&#8211; Opona zimowa<\/p>\n<p style=\"margin: 15px 0; line-height: 1.8; clear: both; display: block; width: 100%; float: none; position: static;\">Homologacja BMW &#8211; *<\/p>\n<ul style=\"margin: 15px 0; padding-left: 20px; clear: both; display: block; width: 100%; float: none; position: static;\">\n<li style=\"margin: 5px 0; padding: 2px 0; clear: both; display: list-item; float: none; position: static;\">Opony nowe<\/li>\n<\/ul>\n<ul style=\"margin: 15px 0; padding-left: 20px; clear: both; display: block; width: 100%; float: none; position: static;\">\n<li style=\"margin: 5px 0; padding: 2px 0; clear: both; display: list-item; float: none; position: static;\"><b>Rok produkcji opon &#8211; 2021<\/b><\/li>\n<\/ul>\n<ul style=\"margin: 15px 0; padding-left: 20px; clear: both; display: block; width: 100%; float: none; position: static;\">\n<li style=\"margin: 5px 0; padding: 2px 0; clear: both; display: list-item; float: none; position: static;\">Do ka\u017cdego zam\u00f3wienia do\u0142\u0105czamy dokument sprzeda\u017cy<\/li>\n<\/ul>\n<\/div>\n<\/div>\n<div style=\"clear: both; display: block; margin: 10px 0;\">\n<div style=\"clear: both; display: block; margin: 10px 0;\">\n<div  style=\"max-width:2560px;max-height:1920px\">\n<div style=\"clear: both; display: block; margin: 10px 0;\">\n<div style=\"clear: both; width: 100%; display: block; margin: 20px 0; padding: 0; float: none; position: static; text-align: center;\"><img decoding=\"async\"  src=\"https:\/\/a.allegroimg.com\/original\/113e79\/fd4c051e4ab388f0cc889991a94f\/2x-PIRELLI-P-ZERO-WINTER-245-40-19-245-40R19-245-40-R19-BMW-Zima-Zimowe-Rok-produkcji-2021\" srcset=\"https:\/\/a.allegroimg.com\/original\/113e79\/fd4c051e4ab388f0cc889991a94f\/2x-PIRELLI-P-ZERO-WINTER-245-40-19-245-40R19-245-40-R19-BMW-Zima-Zimowe-Rok-produkcji-2021 360w,https:\/\/a.allegroimg.com\/original\/113e79\/fd4c051e4ab388f0cc889991a94f\/2x-PIRELLI-P-ZERO-WINTER-245-40-19-245-40R19-245-40-R19-BMW-Zima-Zimowe-Rok-produkcji-2021 720w,https:\/\/a.allegroimg.com\/original\/113e79\/fd4c051e4ab388f0cc889991a94f\/2x-PIRELLI-P-ZERO-WINTER-245-40-19-245-40R19-245-40-R19-BMW-Zima-Zimowe-Rok-produkcji-2021 1024w,https:\/\/a.allegroimg.com\/original\/113e79\/fd4c051e4ab388f0cc889991a94f\/2x-PIRELLI-P-ZERO-WINTER-245-40-19-245-40R19-245-40-R19-BMW-Zima-Zimowe-Rok-produkcji-2021 1440w,https:\/\/a.allegroimg.com\/original\/113e79\/fd4c051e4ab388f0cc889991a94f\/2x-PIRELLI-P-ZERO-WINTER-245-40-19-245-40R19-245-40-R19-BMW-Zima-Zimowe-Rok-produkcji-2021 2560w\" sizes=\"(min-width: 1200px) 560px, (min-width: 992px) 50vw, 100vw\" width=\"2560px\" alt=\"2x PIRELLI P ZERO WINTER 245\/40\/19 245\/40R19 245\/40 R19 BMW * Zima Zimowe Rok produkcji 2021\"\/ style=\"max-width: 100%; height: auto; display: block; margin: 0 auto;\"><\/div>\n<\/div>\n<\/div>\n<\/div>\n<\/div>\n<\/div>\n<\/div>\n<\/div>\n<\/div>\n<div style=\"clear: both; display: block; margin: 10px 0;\">\n","protected":false},"excerpt":{"rendered":"<p>Pirelli P Zero Winter 245\/40 R19 &#8211; Opona zimowa<\/p>\n<p>Homologacja BMW &#8211; *<\/p>\n<p>Opony nowe<\/p>\n<p>Rok produkcji opon &#8211; 2021<\/p>\n<p>Do ka\u017cdego zam\u00f3wienia do\u0142\u0105czamy dokument sprzeda\u017cy<\/p>\n","protected":false},"featured_media":11403,"template":"","meta":{"_uag_custom_page_level_css":""},"product_brand":[433],"product_cat":[414,413,412,415],"product_tag":[],"class_list":{"0":"post-11402","1":"product","2":"type-product","3":"status-publish","4":"has-post-thumbnail","6":"product_brand-pirelli","7":"product_cat-do-samochodow-osobowych-i-suv","8":"product_cat-opony","9":"product_cat-opony-i-felgi","10":"product_cat-zimowe","12":"first","13":"instock","14":"shipping-taxable","15":"purchasable","16":"product-type-simple"},"uagb_featured_image_src":{"full":["https:\/\/oponixo.shop\/tire\/wp-content\/uploads\/2026\/01\/allegro-image-11402.jpg",758,844,false],"thumbnail":["https:\/\/oponixo.shop\/tire\/wp-content\/uploads\/2026\/01\/allegro-image-11402-150x150.jpg",150,150,true],"medium":["https:\/\/oponixo.shop\/tire\/wp-content\/uploads\/2026\/01\/allegro-image-11402-269x300.jpg",269,300,true],"medium_large":["https:\/\/oponixo.shop\/tire\/wp-content\/uploads\/2026\/01\/allegro-image-11402.jpg",758,844,false],"large":["https:\/\/oponixo.shop\/tire\/wp-content\/uploads\/2026\/01\/allegro-image-11402.jpg",758,844,false],"1536x1536":["https:\/\/oponixo.shop\/tire\/wp-content\/uploads\/2026\/01\/allegro-image-11402.jpg",758,844,false],"2048x2048":["https:\/\/oponixo.shop\/tire\/wp-content\/uploads\/2026\/01\/allegro-image-11402.jpg",758,844,false],"woocommerce_thumbnail":["https:\/\/oponixo.shop\/tire\/wp-content\/uploads\/2026\/01\/allegro-image-11402-300x300.jpg",300,300,true],"woocommerce_single":["https:\/\/oponixo.shop\/tire\/wp-content\/uploads\/2026\/01\/allegro-image-11402-600x668.jpg",600,668,true],"woocommerce_gallery_thumbnail":["https:\/\/oponixo.shop\/tire\/wp-content\/uploads\/2026\/01\/allegro-image-11402-100x100.jpg",100,100,true]},"uagb_author_info":{"display_name":"admin","author_link":"https:\/\/oponixo.shop\/tire\/author\/"},"uagb_comment_info":0,"uagb_excerpt":"Pirelli P Zero Winter 245\/40 R19 - Opona zimowa Homologacja BMW - * Opony nowe Rok produkcji opon - 2021 Do ka\u017cdego zam\u00f3wienia do\u0142\u0105czamy dokument sprzeda\u017cy","_links":{"self":[{"href":"https:\/\/oponixo.shop\/tire\/wp-json\/wp\/v2\/product\/11402","targetHints":{"allow":["GET"]}}],"collection":[{"href":"https:\/\/oponixo.shop\/tire\/wp-json\/wp\/v2\/product"}],"about":[{"href":"https:\/\/oponixo.shop\/tire\/wp-json\/wp\/v2\/types\/product"}],"wp:featuredmedia":[{"embeddable":true,"href":"https:\/\/oponixo.shop\/tire\/wp-json\/wp\/v2\/media\/11403"}],"wp:attachment":[{"href":"https:\/\/oponixo.shop\/tire\/wp-json\/wp\/v2\/media?parent=11402"}],"wp:term":[{"taxonomy":"product_brand","embeddable":true,"href":"https:\/\/oponixo.shop\/tire\/wp-json\/wp\/v2\/product_brand?post=11402"},{"taxonomy":"product_cat","embeddable":true,"href":"https:\/\/oponixo.shop\/tire\/wp-json\/wp\/v2\/product_cat?post=11402"},{"taxonomy":"product_tag","embeddable":true,"href":"https:\/\/oponixo.shop\/tire\/wp-json\/wp\/v2\/product_tag?post=11402"}],"curies":[{"name":"wp","href":"https:\/\/api.w.org\/{rel}","templated":true}]}}