{"id":11404,"date":"2026-01-01T21:54:34","date_gmt":"2026-01-01T20:54:34","guid":{"rendered":"https:\/\/oponyexpert.shop\/xef5\/produkt\/4x-tracmax-ice-plus-s210-245-40r19-98-v\/"},"modified":"2026-01-01T21:54:34","modified_gmt":"2026-01-01T20:54:34","slug":"4x-tracmax-ice-plus-s210-245-40r19-98-v","status":"publish","type":"product","link":"https:\/\/oponixo.shop\/tire\/produkt\/4x-tracmax-ice-plus-s210-245-40r19-98-v\/","title":{"rendered":"4x TRACMAX ICE PLUS S210 245\/40R19 98 V"},"content":{"rendered":"<div style=\"font-family: Arial, sans-serif; line-height: 1.6; color: #333; padding: 20px; clear: both; display: block; width: 100%; float: none; position: static; overflow: hidden;\">\n<div style=\"clear: both; display: block; margin: 10px 0;\">\n<div style=\"clear: both; display: block; margin: 10px 0;\">\n<div style=\"clear: both; display: block; margin: 10px 0;\">\n<h2>4x TRACMAX ICE PLUS S210 245\/40R19 98 V<\/h2>\n<\/div>\n<\/div>\n<\/div>\n<div style=\"clear: both; display: block; margin: 10px 0;\">\n<div style=\"clear: both; display: block; margin: 10px 0;\">\n<div style=\"clear: both; display: block; margin: 10px 0;\">\n<div  style=\"max-width:920px;max-height:1120px\">\n<div style=\"clear: both; display: block; margin: 10px 0;\">\n<div style=\"clear: both; width: 100%; display: block; margin: 20px 0; padding: 0; float: none; position: static; text-align: center;\"><img decoding=\"async\"  src=\"https:\/\/a.allegroimg.com\/original\/116207\/5546cae74c14b08ef1ca0030b6e2\/4x-TRACMAX-ICE-PLUS-S210-245-40R19-98-V\" srcset=\"https:\/\/a.allegroimg.com\/original\/116207\/5546cae74c14b08ef1ca0030b6e2\/4x-TRACMAX-ICE-PLUS-S210-245-40R19-98-V 295w,https:\/\/a.allegroimg.com\/original\/116207\/5546cae74c14b08ef1ca0030b6e2\/4x-TRACMAX-ICE-PLUS-S210-245-40R19-98-V 591w,https:\/\/a.allegroimg.com\/original\/116207\/5546cae74c14b08ef1ca0030b6e2\/4x-TRACMAX-ICE-PLUS-S210-245-40R19-98-V 841w,https:\/\/a.allegroimg.com\/original\/116207\/5546cae74c14b08ef1ca0030b6e2\/4x-TRACMAX-ICE-PLUS-S210-245-40R19-98-V 920w,https:\/\/a.allegroimg.com\/original\/116207\/5546cae74c14b08ef1ca0030b6e2\/4x-TRACMAX-ICE-PLUS-S210-245-40R19-98-V 920w\" sizes=\"(min-width: 1200px) 560px, (min-width: 992px) 50vw, 100vw\" width=\"920px\" alt=\"4x TRACMAX ICE PLUS S210 245\/40R19 98 V\"\/ style=\"max-width: 100%; height: auto; display: block; margin: 0 auto;\"><\/div>\n<\/div>\n<\/div>\n<\/div>\n<\/div>\n<div style=\"clear: both; display: block; margin: 10px 0;\">\n<div style=\"clear: both; display: block; margin: 10px 0;\">\n<h2>Zimowe opony TRACMAX ICE-PLUS S210 245\/40 R19 98 V<\/h2>\n<p style=\"margin: 15px 0; line-height: 1.8; clear: both; display: block; width: 100%; float: none; position: static;\">Opony TRACMAX ICE-PLUS S210 to znacz\u0105cy model w portfolio producenta.\u00a0<\/p>\n<p style=\"margin: 15px 0; line-height: 1.8; clear: both; display: block; width: 100%; float: none; position: static;\">Charakteryzyzuje si\u0119 optymalnym oporem toczenia. Opony klasy ekonomicznej maj\u0105 \u015bwietny stosunek jako\u015bci do ceny.<\/p>\n<ul style=\"margin: 15px 0; padding-left: 20px; clear: both; display: block; width: 100%; float: none; position: static;\">\n<li style=\"margin: 5px 0; padding: 2px 0; clear: both; display: list-item; float: none; position: static;\"><b>Stan:<\/b>\u00a0Nowy<\/li>\n<li style=\"margin: 5px 0; padding: 2px 0; clear: both; display: list-item; float: none; position: static;\"><b>EAN:<\/b>\u00a06958460911722<\/li>\n<li style=\"margin: 5px 0; padding: 2px 0; clear: both; display: list-item; float: none; position: static;\"><b>Producent:<\/b> TRACMAX<\/li>\n<li style=\"margin: 5px 0; padding: 2px 0; clear: both; display: list-item; float: none; position: static;\"><b>Model:<\/b> ICE-PLUS S210<\/li>\n<li style=\"margin: 5px 0; padding: 2px 0; clear: both; display: list-item; float: none; position: static;\"><b>Rozmiar:<\/b> 245\/40 R19<\/li>\n<li style=\"margin: 5px 0; padding: 2px 0; clear: both; display: list-item; float: none; position: static;\"><b>Indeks no\u015bno\u015bci:<\/b> 98<\/li>\n<li style=\"margin: 5px 0; padding: 2px 0; clear: both; display: list-item; float: none; position: static;\"><b>Indeks pr\u0119dko\u015bci:<\/b> V<\/li>\n<li style=\"margin: 5px 0; padding: 2px 0; clear: both; display: list-item; float: none; position: static;\"><b>Ha\u0142as db:<\/b>\u00a071<\/li>\n<li style=\"margin: 5px 0; padding: 2px 0; clear: both; display: list-item; float: none; position: static;\"><b>Sezon:<\/b> Zimowe<\/li>\n<li style=\"margin: 5px 0; padding: 2px 0; clear: both; display: list-item; float: none; position: static;\"><b>Rok produkcji:<\/b> nie starsze ni\u017c 36 miesi\u0119cy<\/li>\n<li style=\"margin: 5px 0; padding: 2px 0; clear: both; display: list-item; float: none; position: static;\"><b>Przeznaczenie:<\/b> Osobowe<\/li>\n<li style=\"margin: 5px 0; padding: 2px 0; clear: both; display: list-item; float: none; position: static;\"><b>Kl. przycz. na mokrej naw.:<\/b>\u00a0C<\/li>\n<li style=\"margin: 5px 0; padding: 2px 0; clear: both; display: list-item; float: none; position: static;\"><b>Kl. efekt. paliwowej:\u00a0<\/b>C<\/li>\n<\/ul>\n<\/div>\n<\/div>\n<\/div>\n<div style=\"clear: both; display: block; margin: 10px 0;\">\n<div style=\"clear: both; display: block; margin: 10px 0;\">\n<div style=\"clear: both; display: block; margin: 10px 0;\">\n<div  style=\"max-width:269px;max-height:88px\">\n<div style=\"clear: both; display: block; margin: 10px 0;\">\n<div style=\"clear: both; width: 100%; display: block; margin: 20px 0; padding: 0; float: none; position: static; text-align: center;\"><img decoding=\"async\"  src=\"https:\/\/a.allegroimg.com\/original\/111ecb\/52266ecb4b1191bb9960043a1649\/4x-TRACMAX-ICE-PLUS-S210-245-40R19-98-V-Liczba-opon-w-ofercie-Komplet-4-szt\" srcset=\"https:\/\/a.allegroimg.com\/original\/111ecb\/52266ecb4b1191bb9960043a1649\/4x-TRACMAX-ICE-PLUS-S210-245-40R19-98-V-Liczba-opon-w-ofercie-Komplet-4-szt 269w,https:\/\/a.allegroimg.com\/original\/111ecb\/52266ecb4b1191bb9960043a1649\/4x-TRACMAX-ICE-PLUS-S210-245-40R19-98-V-Liczba-opon-w-ofercie-Komplet-4-szt 269w\" sizes=\"100vw\" width=\"269px\" alt=\"4x TRACMAX ICE PLUS S210 245\/40R19 98 V Liczba opon w ofercie Komplet 4 szt.\"\/ style=\"max-width: 100%; height: auto; display: block; margin: 0 auto;\"><\/div>\n<\/div>\n<\/div>\n<\/div>\n<\/div>\n<\/div>\n<div style=\"clear: both; display: block; margin: 10px 0;\">\n<div style=\"clear: both; display: block; margin: 10px 0;\">\n<div style=\"clear: both; display: block; margin: 10px 0;\">\n<p style=\"margin: 15px 0; line-height: 1.8; clear: both; display: block; width: 100%; float: none; position: static;\">Tracmax to firma produkuj\u0105ca wysokiej jako\u015bci opony letnie, zimowe i ca\u0142oroczne klasy ekonomicznej. Firma tworzy ogumienie pod szyldem znanego chi\u0144skiego producenta opon Shandong Yongsheng Rubber Group. Opony marki Tracmax oferuj\u0105 wi\u0119c przede wszystkim \u015bwietny stosunek jako\u015bci do ceny. Opony tego producenta pomy\u015blnie przechodz\u0105 europejskie testy i s\u0105 zgodne nawet z najbardziej surowymi regulacjami unijnymi.<\/p>\n<p style=\"margin: 15px 0; line-height: 1.8; clear: both; display: block; width: 100%; float: none; position: static;\">Tracmax to firma z wielkimi ambicjami podbojowymi rynku europejskiego. Dzi\u0119ki zaanga\u017cowaniu firmy opony zyskuj\u0105 dzisiaj \u015bwietne opinie w\u015br\u00f3d u\u017cytkownik\u00f3w.<\/p>\n<p style=\"margin: 15px 0; line-height: 1.8; clear: both; display: block; width: 100%; float: none; position: static;\">Wybieraj\u0105c opony firmy Tracmax mamy pewno\u015b\u0107 dobrej ceny po\u0142\u0105czonej ze \u015bwietnymi wynikami drogowymi w ka\u017cdych warunkach, a dost\u0119pno\u015b\u0107 rozmiar\u00f3w pozwoli niemal\u017ce ka\u017cdemu wybra\u0107 co\u015b dla siebie z portfolio marki.<\/p>\n<\/div>\n<\/div>\n<\/div>\n<div style=\"clear: both; display: block; margin: 10px 0;\">\n<div style=\"clear: both; display: block; margin: 10px 0;\">\n<div style=\"clear: both; display: block; margin: 10px 0;\">\n<div  style=\"max-width:1200px;max-height:1758px\">\n<div style=\"clear: both; display: block; margin: 10px 0;\">\n<div style=\"clear: both; width: 100%; display: block; margin: 20px 0; padding: 0; float: none; position: static; text-align: center;\"><img decoding=\"async\"  src=\"https:\/\/a.allegroimg.com\/original\/118f8c\/475e7e1d49f7ac4699a221edd8f2\/4x-TRACMAX-ICE-PLUS-S210-245-40R19-98-V-Marka-Tracmax\" srcset=\"https:\/\/a.allegroimg.com\/original\/118f8c\/475e7e1d49f7ac4699a221edd8f2\/4x-TRACMAX-ICE-PLUS-S210-245-40R19-98-V-Marka-Tracmax 245w,https:\/\/a.allegroimg.com\/original\/118f8c\/475e7e1d49f7ac4699a221edd8f2\/4x-TRACMAX-ICE-PLUS-S210-245-40R19-98-V-Marka-Tracmax 491w,https:\/\/a.allegroimg.com\/original\/118f8c\/475e7e1d49f7ac4699a221edd8f2\/4x-TRACMAX-ICE-PLUS-S210-245-40R19-98-V-Marka-Tracmax 698w,https:\/\/a.allegroimg.com\/original\/118f8c\/475e7e1d49f7ac4699a221edd8f2\/4x-TRACMAX-ICE-PLUS-S210-245-40R19-98-V-Marka-Tracmax 982w,https:\/\/a.allegroimg.com\/original\/118f8c\/475e7e1d49f7ac4699a221edd8f2\/4x-TRACMAX-ICE-PLUS-S210-245-40R19-98-V-Marka-Tracmax 1200w\" sizes=\"(min-width: 1200px) 560px, (min-width: 992px) 50vw, 100vw\" width=\"1200px\" alt=\"4x TRACMAX ICE PLUS S210 245\/40R19 98 V Marka Tracmax\"\/ style=\"max-width: 100%; height: auto; display: block; margin: 0 auto;\"><\/div>\n<\/div>\n<\/div>\n<\/div>\n<\/div>\n<div style=\"clear: both; display: block; margin: 10px 0;\">\n<div style=\"clear: both; display: block; margin: 10px 0;\">\n<p style=\"margin: 15px 0; line-height: 1.8; clear: both; display: block; width: 100%; float: none; position: static;\">Dlaczego warto kupowa\u0107 u Nas ?<\/p>\n<p style=\"margin: 15px 0; line-height: 1.8; clear: both; display: block; width: 100%; float: none; position: static;\">Jeste\u015bmy firm\u0105, kt\u00f3ra na podstawie wieloletniego do\u015bwiadczenia z zaanga\u017cowaniem pomaga klientom w doborze oraz kupnie opon.<\/p>\n<p style=\"margin: 15px 0; line-height: 1.8; clear: both; display: block; width: 100%; float: none; position: static;\">Posiadamy szerok\u0105 game opon do aut osobowych, dostawczych, cie\u017carowych, motocyki jak i opon przemys\u0142owych.<\/p>\n<p style=\"margin: 15px 0; line-height: 1.8; clear: both; display: block; width: 100%; float: none; position: static;\">Gwarancja satysfakcjii oraz bezpiecznie przejechanych kilometr\u00f3w.<\/p>\n<p style=\"margin: 15px 0; line-height: 1.8; clear: both; display: block; width: 100%; float: none; position: static;\">Zosta\u0144 naszym kolejnym zadowolonym klientem.<\/p>\n<p style=\"margin: 15px 0; line-height: 1.8; clear: both; display: block; width: 100%; float: none; position: static;\">ZAPRASZAMY DO ZAKUP\u00d3W.<\/p>\n<\/div>\n<\/div>\n<\/div>\n<\/div>\n<\/div>\n<\/div>\n<div style=\"clear: both; display: block; margin: 10px 0;\">\n","protected":false},"excerpt":{"rendered":"<p>4x TRACMAX ICE PLUS S210 245\/40R19 98 V<\/p>\n<p>Zimowe opony TRACMAX ICE-PLUS S210 245\/40 R19 98 V<\/p>\n<p>Opony TRACMAX ICE-PLUS S210 to znacz\u0105cy model w portfolio producenta.\u00a0<\/p>\n<p>Charakteryzyzuje si\u0119 optymalnym oporem toczenia. Opony klasy ekonomicznej maj\u0105 \u015bwietny stosunek jako\u015bci do ceny.<\/p>\n<p>Stan:\u00a0Nowy<\/p>\n<p>EAN:\u00a06958460911722<\/p>\n<p>Producent: TRACMAX<\/p>\n<p>Model: ICE-PLUS S210<\/p>\n","protected":false},"featured_media":11405,"template":"","meta":{"_uag_custom_page_level_css":""},"product_brand":[393],"product_cat":[414,413,412,415],"product_tag":[],"class_list":{"0":"post-11404","1":"product","2":"type-product","3":"status-publish","4":"has-post-thumbnail","6":"product_brand-tracmax","7":"product_cat-do-samochodow-osobowych-i-suv","8":"product_cat-opony","9":"product_cat-opony-i-felgi","10":"product_cat-zimowe","12":"first","13":"instock","14":"shipping-taxable","15":"purchasable","16":"product-type-simple"},"uagb_featured_image_src":{"full":["https:\/\/oponixo.shop\/tire\/wp-content\/uploads\/2026\/01\/allegro-image-11404.jpg",920,1120,false],"thumbnail":["https:\/\/oponixo.shop\/tire\/wp-content\/uploads\/2026\/01\/allegro-image-11404-150x150.jpg",150,150,true],"medium":["https:\/\/oponixo.shop\/tire\/wp-content\/uploads\/2026\/01\/allegro-image-11404-246x300.jpg",246,300,true],"medium_large":["https:\/\/oponixo.shop\/tire\/wp-content\/uploads\/2026\/01\/allegro-image-11404-768x935.jpg",768,935,true],"large":["https:\/\/oponixo.shop\/tire\/wp-content\/uploads\/2026\/01\/allegro-image-11404-841x1024.jpg",841,1024,true],"1536x1536":["https:\/\/oponixo.shop\/tire\/wp-content\/uploads\/2026\/01\/allegro-image-11404.jpg",920,1120,false],"2048x2048":["https:\/\/oponixo.shop\/tire\/wp-content\/uploads\/2026\/01\/allegro-image-11404.jpg",920,1120,false],"woocommerce_thumbnail":["https:\/\/oponixo.shop\/tire\/wp-content\/uploads\/2026\/01\/allegro-image-11404-300x300.jpg",300,300,true],"woocommerce_single":["https:\/\/oponixo.shop\/tire\/wp-content\/uploads\/2026\/01\/allegro-image-11404-600x730.jpg",600,730,true],"woocommerce_gallery_thumbnail":["https:\/\/oponixo.shop\/tire\/wp-content\/uploads\/2026\/01\/allegro-image-11404-100x100.jpg",100,100,true]},"uagb_author_info":{"display_name":"admin","author_link":"https:\/\/oponixo.shop\/tire\/author\/"},"uagb_comment_info":0,"uagb_excerpt":"4x TRACMAX ICE PLUS S210 245\/40R19 98 V Zimowe opony TRACMAX ICE-PLUS S210 245\/40 R19 98 V Opony TRACMAX ICE-PLUS S210 to znacz\u0105cy model w portfolio producenta.\u00a0 Charakteryzyzuje si\u0119 optymalnym oporem toczenia. Opony klasy ekonomicznej maj\u0105 \u015bwietny stosunek jako\u015bci do ceny. Stan:\u00a0Nowy EAN:\u00a06958460911722 Producent: TRACMAX Model: ICE-PLUS S210","_links":{"self":[{"href":"https:\/\/oponixo.shop\/tire\/wp-json\/wp\/v2\/product\/11404","targetHints":{"allow":["GET"]}}],"collection":[{"href":"https:\/\/oponixo.shop\/tire\/wp-json\/wp\/v2\/product"}],"about":[{"href":"https:\/\/oponixo.shop\/tire\/wp-json\/wp\/v2\/types\/product"}],"wp:featuredmedia":[{"embeddable":true,"href":"https:\/\/oponixo.shop\/tire\/wp-json\/wp\/v2\/media\/11405"}],"wp:attachment":[{"href":"https:\/\/oponixo.shop\/tire\/wp-json\/wp\/v2\/media?parent=11404"}],"wp:term":[{"taxonomy":"product_brand","embeddable":true,"href":"https:\/\/oponixo.shop\/tire\/wp-json\/wp\/v2\/product_brand?post=11404"},{"taxonomy":"product_cat","embeddable":true,"href":"https:\/\/oponixo.shop\/tire\/wp-json\/wp\/v2\/product_cat?post=11404"},{"taxonomy":"product_tag","embeddable":true,"href":"https:\/\/oponixo.shop\/tire\/wp-json\/wp\/v2\/product_tag?post=11404"}],"curies":[{"name":"wp","href":"https:\/\/api.w.org\/{rel}","templated":true}]}}