{"id":11420,"date":"2026-01-01T21:54:38","date_gmt":"2026-01-01T20:54:38","guid":{"rendered":"https:\/\/oponyexpert.shop\/xef5\/produkt\/2x-285-45r20-hankook-winter-icept-evo3-x-w330a\/"},"modified":"2026-01-01T21:54:38","modified_gmt":"2026-01-01T20:54:38","slug":"2x-285-45r20-hankook-winter-icept-evo3-x-w330a","status":"publish","type":"product","link":"https:\/\/oponixo.shop\/tire\/produkt\/2x-285-45r20-hankook-winter-icept-evo3-x-w330a\/","title":{"rendered":"2x 285\/45R20 HANKOOK WINTER ICEPT EVO3 X W330A"},"content":{"rendered":"<div style=\"font-family: Arial, sans-serif; line-height: 1.6; color: #333; padding: 20px; clear: both; display: block; width: 100%; float: none; position: static; overflow: hidden;\">\n<div style=\"clear: both; display: block; margin: 10px 0;\">\n<div style=\"clear: both; display: block; margin: 10px 0;\">\n<div style=\"clear: both; display: block; margin: 10px 0;\">\n<h2>Opona zimowa Hankook Winter i*cept evo3 X W330A 285\/45R20 112 V przyczepno\u015b\u0107 na \u015bniegu (3PMSF), rant ochronny, wzmocnienie (XL)<\/h2>\n<p style=\"margin: 15px 0; line-height: 1.8; clear: both; display: block; width: 100%; float: none; position: static;\">Opona zimowa Hankook Winter i*cept evo3 X W330A 285\/45R20 112 V<\/p>\n<p style=\"margin: 15px 0; line-height: 1.8; clear: both; display: block; width: 100%; float: none; position: static;\">Cechy produktu:<\/p>\n<ul style=\"margin: 15px 0; padding-left: 20px; clear: both; display: block; width: 100%; float: none; position: static;\">\n<li style=\"margin: 5px 0; padding: 2px 0; clear: both; display: list-item; float: none; position: static;\">sezon: zimowe<\/li>\n<li style=\"margin: 5px 0; padding: 2px 0; clear: both; display: list-item; float: none; position: static;\">szeroko\u015b\u0107\/profil\/\u015brednica: 285\/45R20<\/li>\n<li style=\"margin: 5px 0; padding: 2px 0; clear: both; display: list-item; float: none; position: static;\">indeks no\u015bno\u015bci: 112 &#8211; 1120 kg<\/li>\n<li style=\"margin: 5px 0; padding: 2px 0; clear: both; display: list-item; float: none; position: static;\">indeks pr\u0119dko\u015bci: V do 240 km\/h<\/li>\n<li style=\"margin: 5px 0; padding: 2px 0; clear: both; display: list-item; float: none; position: static;\">rant ochronny<\/li>\n<li style=\"margin: 5px 0; padding: 2px 0; clear: both; display: list-item; float: none; position: static;\">wzmocnienie (XL)<\/li>\n<\/ul>\n<\/div>\n<\/div>\n<div style=\"clear: both; display: block; margin: 10px 0;\">\n<div style=\"clear: both; display: block; margin: 10px 0;\">\n<div  style=\"max-width:1200px;max-height:1200px\">\n<div style=\"clear: both; display: block; margin: 10px 0;\">\n<div style=\"clear: both; width: 100%; display: block; margin: 20px 0; padding: 0; float: none; position: static; text-align: center;\"><img decoding=\"async\"  src=\"https:\/\/a.allegroimg.com\/original\/11736d\/4b4c4c8a44898c04bb152de9c234\/2x-285-45R20-HANKOOK-WINTER-ICEPT-EVO3-X-W330A-Liczba-opon-w-ofercie-2-szt\" srcset=\"https:\/\/a.allegroimg.com\/original\/11736d\/4b4c4c8a44898c04bb152de9c234\/2x-285-45R20-HANKOOK-WINTER-ICEPT-EVO3-X-W330A-Liczba-opon-w-ofercie-2-szt 360w,https:\/\/a.allegroimg.com\/original\/11736d\/4b4c4c8a44898c04bb152de9c234\/2x-285-45R20-HANKOOK-WINTER-ICEPT-EVO3-X-W330A-Liczba-opon-w-ofercie-2-szt 720w,https:\/\/a.allegroimg.com\/original\/11736d\/4b4c4c8a44898c04bb152de9c234\/2x-285-45R20-HANKOOK-WINTER-ICEPT-EVO3-X-W330A-Liczba-opon-w-ofercie-2-szt 1024w,https:\/\/a.allegroimg.com\/original\/11736d\/4b4c4c8a44898c04bb152de9c234\/2x-285-45R20-HANKOOK-WINTER-ICEPT-EVO3-X-W330A-Liczba-opon-w-ofercie-2-szt 1200w,https:\/\/a.allegroimg.com\/original\/11736d\/4b4c4c8a44898c04bb152de9c234\/2x-285-45R20-HANKOOK-WINTER-ICEPT-EVO3-X-W330A-Liczba-opon-w-ofercie-2-szt 1200w\" sizes=\"(min-width: 1200px) 560px, (min-width: 992px) 50vw, 100vw\" width=\"1200px\" alt=\"2x 285\/45R20 HANKOOK WINTER ICEPT EVO3 X W330A Liczba opon w ofercie 2 szt.\"\/ style=\"max-width: 100%; height: auto; display: block; margin: 0 auto;\"><\/div>\n<\/div>\n<\/div>\n<\/div>\n<\/div>\n<\/div>\n<div style=\"clear: both; display: block; margin: 10px 0;\">\n<div style=\"clear: both; display: block; margin: 10px 0;\">\n<div style=\"clear: both; display: block; margin: 10px 0;\">\n<h3 style=\"color: #2c5aa0; font-size: 18px; margin: 30px 0 15px 0; font-weight: bold; clear: both; display: block; width: 100%; float: none; position: static;\">Informacje dodatkowe:<\/h3>\n<ul style=\"margin: 15px 0; padding-left: 20px; clear: both; display: block; width: 100%; float: none; position: static;\">\n<li style=\"margin: 5px 0; padding: 2px 0; clear: both; display: list-item; float: none; position: static;\">rok produkcji: 2024\/2025 (kupuj\u0105c z tej oferty otrzymasz opony fabrycznie nowe, pe\u0142nowarto\u015bciowe) <\/li>\n<li style=\"margin: 5px 0; padding: 2px 0; clear: both; display: list-item; float: none; position: static;\">stan: fabrycznie nowe <\/li>\n<\/ul>\n<\/div>\n<\/div>\n<\/div>\n<div style=\"clear: both; display: block; margin: 10px 0;\">\n<div style=\"clear: both; display: block; margin: 10px 0;\">\n<div style=\"clear: both; display: block; margin: 10px 0;\">\n<h3 style=\"color: #2c5aa0; font-size: 18px; margin: 30px 0 15px 0; font-weight: bold; clear: both; display: block; width: 100%; float: none; position: static;\">Przeznaczenie<\/h3>\n<p style=\"margin: 15px 0; line-height: 1.8; clear: both; display: block; width: 100%; float: none; position: static;\">Opony Hankook Winter i*cept evo3 X W330A to ogumienie zimowe przeznaczone do montowania na ko\u0142ach samochod\u00f3w z nap\u0119dem 4&#215;4. Mog\u0105 by\u0107 to auta typu SUV, samochody typu pick-up oraz pojazdy terenowe i uterenowione. Producent po\u0142o\u017cy\u0142 nacisk na to, aby opony oferowa\u0142y jak najlepsze osi\u0105gi i jak najkr\u00f3tsz\u0105 drog\u0119 hamowania na zimowych nawierzchniach.<\/p>\n<h3 style=\"color: #2c5aa0; font-size: 18px; margin: 30px 0 15px 0; font-weight: bold; clear: both; display: block; width: 100%; float: none; position: static;\">Technologia<\/h3>\n<p style=\"margin: 15px 0; line-height: 1.8; clear: both; display: block; width: 100%; float: none; position: static;\">Zimowe opony samochodowe Hankook Winter i*cept evo3 X W330A wyprodukowano z mieszanki gumowej specjalnie dostosowanej do zimowej eksploatacji. Przede wszystkim ma ona zapewni\u0107 elastyczno\u015b\u0107 w niskich temperaturach, aby opony mog\u0142y zapewni\u0107 przyczepno\u015b\u0107 oraz kr\u00f3tk\u0105 drog\u0119 hamowania. W tym celu mieszanka gumowa zosta\u0142a wzbogacona wype\u0142niaczami oraz specjalnymi dodatkami. Opony wyposa\u017cono tak\u017ce w nowoczesny bie\u017cnik, kt\u00f3ry ma za zadanie zwi\u0119kszenie przyczepno\u015bci, skr\u00f3cenie drogi hamowania, a tak\u017ce ochron\u0119 opon przed wpadni\u0119ciem w po\u015blizg na mokrych nawierzchniach.<\/p>\n<h3 style=\"color: #2c5aa0; font-size: 18px; margin: 30px 0 15px 0; font-weight: bold; clear: both; display: block; width: 100%; float: none; position: static;\">Bie\u017cnik<\/h3>\n<p style=\"margin: 15px 0; line-height: 1.8; clear: both; display: block; width: 100%; float: none; position: static;\">Zimowe opony samochodowe Hankook Winter i*cept evo3 X W330A maj\u0105 bie\u017cnik kierunkowy i symetryczny. Na czole opony zastosowano szeroki pas, a z obu jego stron umieszczono wzd\u0142u\u017cne rowki. Poziome rowki, biegn\u0105ce z bok\u00f3w opony, wyznaczaj\u0105 kierunek toczenia do przodu oraz kszta\u0142t klock\u00f3w na czole. Rowki poziome maj\u0105 kszta\u0142t rozwartego V. Dla zwi\u0119kszenia przyczepno\u015bci zastosowano tr\u00f3jk\u0105tne rowki na samym \u015brodku czo\u0142a opony. Na barkach znajduj\u0105 si\u0119 szerokie i prostok\u0105tne klocki wp\u0142ywaj\u0105ce dobrze na stabilno\u015b\u0107 podczas jazdy po zakr\u0119tach. Ca\u0142o\u015b\u0107 uzupe\u0142nia g\u0119sta sie\u0107 lamelek.<\/p>\n<h3 style=\"color: #2c5aa0; font-size: 18px; margin: 30px 0 15px 0; font-weight: bold; clear: both; display: block; width: 100%; float: none; position: static;\">Producent<\/h3>\n<p style=\"margin: 15px 0; line-height: 1.8; clear: both; display: block; width: 100%; float: none; position: static;\">Hankook to jeden z najwi\u0119kszych producent\u00f3w ogumienia samochodowego na \u015bwiecie. Firma wywodzi si\u0119 z Korei Po\u0142udniowej, a dzia\u0142alno\u015b\u0107 rozpocz\u0119\u0142a w 1941 roku jako Chosun Tire Industrial, jeszcze za czas\u00f3w okupacji japo\u0144skiej. Rozw\u00f3j firmy przyspieszy\u0142 w latach pi\u0119\u0107dziesi\u0105tych, wraz z rozwojem przemys\u0142u motoryzacyjnego w Korei Po\u0142udniowej. Firma zacz\u0119\u0142a eksport do kraj\u00f3w azjatyckich, rozpocz\u0119\u0142a r\u00f3wnie\u017c budow\u0119 nowych fabryk. Ci\u0105g\u0142e inwestycje w nowe technologie (w tym programy badawcze) spowodowa\u0142y, \u017ce firma mog\u0142a inwestowa\u0107 na nowych rynkach. W 1980 roku otwarto przedstawicielstwo w USA, a kilka lat p\u00f3\u017aniej centrum badawcze w Niemczech. Obecnie Hankook znajduje si\u0119 w pierwszej dziesi\u0105tce firm oponiarskich na \u015bwiecie. Hankook dostarcza opony do 180 kraj\u00f3w. Opony Hankook s\u0105 tak\u017ce stosowane na pierwszy monta\u017c przez firmy Kia, Opel, Audi, Ford, Hyundai i wiele innych.<\/p>\n<\/div>\n<\/div>\n<\/div>\n<div style=\"clear: both; display: block; margin: 10px 0;\">\n<div style=\"clear: both; display: block; margin: 10px 0;\">\n<div style=\"clear: both; display: block; margin: 10px 0;\">\n<div  style=\"max-width:1200px;max-height:1200px\">\n<div style=\"clear: both; display: block; margin: 10px 0;\">\n<div style=\"clear: both; width: 100%; display: block; margin: 20px 0; padding: 0; float: none; position: static; text-align: center;\"><img decoding=\"async\"  src=\"https:\/\/a.allegroimg.com\/original\/11736d\/4b4c4c8a44898c04bb152de9c234\/2x-285-45R20-HANKOOK-WINTER-ICEPT-EVO3-X-W330A-Liczba-opon-w-ofercie-2-szt\" srcset=\"https:\/\/a.allegroimg.com\/original\/11736d\/4b4c4c8a44898c04bb152de9c234\/2x-285-45R20-HANKOOK-WINTER-ICEPT-EVO3-X-W330A-Liczba-opon-w-ofercie-2-szt 360w,https:\/\/a.allegroimg.com\/original\/11736d\/4b4c4c8a44898c04bb152de9c234\/2x-285-45R20-HANKOOK-WINTER-ICEPT-EVO3-X-W330A-Liczba-opon-w-ofercie-2-szt 720w,https:\/\/a.allegroimg.com\/original\/11736d\/4b4c4c8a44898c04bb152de9c234\/2x-285-45R20-HANKOOK-WINTER-ICEPT-EVO3-X-W330A-Liczba-opon-w-ofercie-2-szt 1024w,https:\/\/a.allegroimg.com\/original\/11736d\/4b4c4c8a44898c04bb152de9c234\/2x-285-45R20-HANKOOK-WINTER-ICEPT-EVO3-X-W330A-Liczba-opon-w-ofercie-2-szt 1200w,https:\/\/a.allegroimg.com\/original\/11736d\/4b4c4c8a44898c04bb152de9c234\/2x-285-45R20-HANKOOK-WINTER-ICEPT-EVO3-X-W330A-Liczba-opon-w-ofercie-2-szt 1200w\" sizes=\"100vw\" width=\"1200px\" alt=\"2x 285\/45R20 HANKOOK WINTER ICEPT EVO3 X W330A Liczba opon w ofercie 2 szt.\"\/ style=\"max-width: 100%; height: auto; display: block; margin: 0 auto;\"><\/div>\n<\/div>\n<\/div>\n<\/div>\n<\/div>\n<\/div>\n<\/div>\n<\/div>\n<\/div>\n<div style=\"clear: both; display: block; margin: 10px 0;\">\n","protected":false},"excerpt":{"rendered":"<p>Opona zimowa Hankook Winter i*cept evo3 X W330A 285\/45R20 112 V przyczepno\u015b\u0107 na \u015bniegu (3PMSF), rant ochronny, wzmocnienie (XL)<\/p>\n<p>Opona zimowa Hankook Winter i*cept evo3 X W330A 285\/45R20 112 V<\/p>\n<p>Cechy produktu:<\/p>\n<p>sezon: zimowe<\/p>\n<p>szeroko\u015b\u0107\/profil\/\u015brednica: 285\/45R20<\/p>\n<p>indeks no\u015bno\u015bci: 112 &#8211; 1120 kg<\/p>\n<p>indeks pr\u0119dko\u015bci: V do 240 km\/h<\/p>\n<p>rant ochronny<\/p>\n","protected":false},"featured_media":11421,"template":"","meta":{"_uag_custom_page_level_css":""},"product_brand":[411],"product_cat":[414,413,412,415],"product_tag":[],"class_list":{"0":"post-11420","1":"product","2":"type-product","3":"status-publish","4":"has-post-thumbnail","6":"product_brand-hankook","7":"product_cat-do-samochodow-osobowych-i-suv","8":"product_cat-opony","9":"product_cat-opony-i-felgi","10":"product_cat-zimowe","12":"first","13":"instock","14":"shipping-taxable","15":"purchasable","16":"product-type-simple"},"uagb_featured_image_src":{"full":["https:\/\/oponixo.shop\/tire\/wp-content\/uploads\/2026\/01\/allegro-image-11420.jpg",500,701,false],"thumbnail":["https:\/\/oponixo.shop\/tire\/wp-content\/uploads\/2026\/01\/allegro-image-11420-150x150.jpg",150,150,true],"medium":["https:\/\/oponixo.shop\/tire\/wp-content\/uploads\/2026\/01\/allegro-image-11420-214x300.jpg",214,300,true],"medium_large":["https:\/\/oponixo.shop\/tire\/wp-content\/uploads\/2026\/01\/allegro-image-11420.jpg",500,701,false],"large":["https:\/\/oponixo.shop\/tire\/wp-content\/uploads\/2026\/01\/allegro-image-11420.jpg",500,701,false],"1536x1536":["https:\/\/oponixo.shop\/tire\/wp-content\/uploads\/2026\/01\/allegro-image-11420.jpg",500,701,false],"2048x2048":["https:\/\/oponixo.shop\/tire\/wp-content\/uploads\/2026\/01\/allegro-image-11420.jpg",500,701,false],"woocommerce_thumbnail":["https:\/\/oponixo.shop\/tire\/wp-content\/uploads\/2026\/01\/allegro-image-11420-300x300.jpg",300,300,true],"woocommerce_single":["https:\/\/oponixo.shop\/tire\/wp-content\/uploads\/2026\/01\/allegro-image-11420.jpg",500,701,false],"woocommerce_gallery_thumbnail":["https:\/\/oponixo.shop\/tire\/wp-content\/uploads\/2026\/01\/allegro-image-11420-100x100.jpg",100,100,true]},"uagb_author_info":{"display_name":"admin","author_link":"https:\/\/oponixo.shop\/tire\/author\/"},"uagb_comment_info":0,"uagb_excerpt":"Opona zimowa Hankook Winter i*cept evo3 X W330A 285\/45R20 112 V przyczepno\u015b\u0107 na \u015bniegu (3PMSF), rant ochronny, wzmocnienie (XL) Opona zimowa Hankook Winter i*cept evo3 X W330A 285\/45R20 112 V Cechy produktu: sezon: zimowe szeroko\u015b\u0107\/profil\/\u015brednica: 285\/45R20 indeks no\u015bno\u015bci: 112 - 1120 kg indeks pr\u0119dko\u015bci: V do 240 km\/h rant ochronny","_links":{"self":[{"href":"https:\/\/oponixo.shop\/tire\/wp-json\/wp\/v2\/product\/11420","targetHints":{"allow":["GET"]}}],"collection":[{"href":"https:\/\/oponixo.shop\/tire\/wp-json\/wp\/v2\/product"}],"about":[{"href":"https:\/\/oponixo.shop\/tire\/wp-json\/wp\/v2\/types\/product"}],"wp:featuredmedia":[{"embeddable":true,"href":"https:\/\/oponixo.shop\/tire\/wp-json\/wp\/v2\/media\/11421"}],"wp:attachment":[{"href":"https:\/\/oponixo.shop\/tire\/wp-json\/wp\/v2\/media?parent=11420"}],"wp:term":[{"taxonomy":"product_brand","embeddable":true,"href":"https:\/\/oponixo.shop\/tire\/wp-json\/wp\/v2\/product_brand?post=11420"},{"taxonomy":"product_cat","embeddable":true,"href":"https:\/\/oponixo.shop\/tire\/wp-json\/wp\/v2\/product_cat?post=11420"},{"taxonomy":"product_tag","embeddable":true,"href":"https:\/\/oponixo.shop\/tire\/wp-json\/wp\/v2\/product_tag?post=11420"}],"curies":[{"name":"wp","href":"https:\/\/api.w.org\/{rel}","templated":true}]}}