{"id":11426,"date":"2026-01-01T21:54:39","date_gmt":"2026-01-01T20:54:39","guid":{"rendered":"https:\/\/oponyexpert.shop\/xef5\/produkt\/2x-bridgestone-285-45r20-112h-blizzak-lm005-xl-ao-ev-zimowe-2024-r\/"},"modified":"2026-01-01T21:54:40","modified_gmt":"2026-01-01T20:54:40","slug":"2x-bridgestone-285-45r20-112h-blizzak-lm005-xl-ao-ev-zimowe-2024-r","status":"publish","type":"product","link":"https:\/\/oponixo.shop\/tire\/produkt\/2x-bridgestone-285-45r20-112h-blizzak-lm005-xl-ao-ev-zimowe-2024-r\/","title":{"rendered":"2x BRIDGESTONE 285\/45R20 112H Blizzak LM005 XL AO EV zimowe 2024 r"},"content":{"rendered":"<div style=\"font-family: Arial, sans-serif; line-height: 1.6; color: #333; padding: 20px; clear: both; display: block; width: 100%; float: none; position: static; overflow: hidden;\">\n<div style=\"clear: both; display: block; margin: 10px 0;\">\n<div style=\"clear: both; display: block; margin: 10px 0;\">\n<div style=\"clear: both; display: block; margin: 10px 0;\">\n<h1>Rok produkcji: 2024<\/h1>\n<\/div>\n<\/div>\n<\/div>\n<div style=\"clear: both; display: block; margin: 10px 0;\">\n<div style=\"clear: both; display: block; margin: 10px 0;\">\n<div style=\"clear: both; display: block; margin: 10px 0;\">\n<div  style=\"max-width:1200px;max-height:1126px\">\n<div style=\"clear: both; display: block; margin: 10px 0;\">\n<div style=\"clear: both; width: 100%; display: block; margin: 20px 0; padding: 0; float: none; position: static; text-align: center;\"><img decoding=\"async\"  src=\"https:\/\/a.allegroimg.com\/original\/114807\/d043a2a043dc8b37f640de28d95f\/2x-BRIDGESTONE-285-45R20-112H-Blizzak-LM005-XL-AO-EV-zimowe-2024-r\" srcset=\"https:\/\/a.allegroimg.com\/original\/114807\/d043a2a043dc8b37f640de28d95f\/2x-BRIDGESTONE-285-45R20-112H-Blizzak-LM005-XL-AO-EV-zimowe-2024-r 360w,https:\/\/a.allegroimg.com\/original\/114807\/d043a2a043dc8b37f640de28d95f\/2x-BRIDGESTONE-285-45R20-112H-Blizzak-LM005-XL-AO-EV-zimowe-2024-r 720w,https:\/\/a.allegroimg.com\/original\/114807\/d043a2a043dc8b37f640de28d95f\/2x-BRIDGESTONE-285-45R20-112H-Blizzak-LM005-XL-AO-EV-zimowe-2024-r 1024w,https:\/\/a.allegroimg.com\/original\/114807\/d043a2a043dc8b37f640de28d95f\/2x-BRIDGESTONE-285-45R20-112H-Blizzak-LM005-XL-AO-EV-zimowe-2024-r 1200w,https:\/\/a.allegroimg.com\/original\/114807\/d043a2a043dc8b37f640de28d95f\/2x-BRIDGESTONE-285-45R20-112H-Blizzak-LM005-XL-AO-EV-zimowe-2024-r 1200w\" sizes=\"(min-width: 1200px) 560px, (min-width: 992px) 50vw, 100vw\" width=\"1200px\" alt=\"2x BRIDGESTONE 285\/45R20 112H Blizzak LM005 XL AO EV zimowe 2024 r\"\/ style=\"max-width: 100%; height: auto; display: block; margin: 0 auto;\"><\/div>\n<\/div>\n<\/div>\n<\/div>\n<\/div>\n<div style=\"clear: both; display: block; margin: 10px 0;\">\n<div style=\"clear: both; display: block; margin: 10px 0;\">\n<h1>BRIDGESTONE Blizzak LM005 285\/45R20 112H XL R0 EV<\/h1>\n<h2>G15H3K<\/h2>\n<ul style=\"margin: 15px 0; padding-left: 20px; clear: both; display: block; width: 100%; float: none; position: static;\">\n<li style=\"margin: 5px 0; padding: 2px 0; clear: both; display: list-item; float: none; position: static;\"><b>Cecha dodatkowa :<\/b> Homologacja Audi<\/li>\n<li style=\"margin: 5px 0; padding: 2px 0; clear: both; display: list-item; float: none; position: static;\"><b>Data produkcji :<\/b> 2024<\/li>\n<li style=\"margin: 5px 0; padding: 2px 0; clear: both; display: list-item; float: none; position: static;\"><b>Indeks :<\/b> 285\/45R20 ZTBR 112H LM005<\/li>\n<li style=\"margin: 5px 0; padding: 2px 0; clear: both; display: list-item; float: none; position: static;\"><b>Indeks no\u015bno\u015bci :<\/b> 112<\/li>\n<li style=\"margin: 5px 0; padding: 2px 0; clear: both; display: list-item; float: none; position: static;\"><b>Indeks pr\u0119dko\u015bci :<\/b> H &#8211; 210 km\/h<\/li>\n<li style=\"margin: 5px 0; padding: 2px 0; clear: both; display: list-item; float: none; position: static;\"><b>Karta informacyjna produktu :<\/b> https:\/\/eprel.ec.europa.eu\/qr\/501881<\/li>\n<li style=\"margin: 5px 0; padding: 2px 0; clear: both; display: list-item; float: none; position: static;\"><b>Kl. efekt. paliwowej :<\/b> C<\/li>\n<li style=\"margin: 5px 0; padding: 2px 0; clear: both; display: list-item; float: none; position: static;\"><b>Kl. przycz. na mokrej naw. :<\/b> A<\/li>\n<li style=\"margin: 5px 0; padding: 2px 0; clear: both; display: list-item; float: none; position: static;\"><b>Kl. zew. ha\u0142asu tocz. :<\/b> B<\/li>\n<li style=\"margin: 5px 0; padding: 2px 0; clear: both; display: list-item; float: none; position: static;\"><b>Klasa opony :<\/b> premium<\/li>\n<li style=\"margin: 5px 0; padding: 2px 0; clear: both; display: list-item; float: none; position: static;\"><b>Kod EAN :<\/b> 3286342272016<\/li>\n<li style=\"margin: 5px 0; padding: 2px 0; clear: both; display: list-item; float: none; position: static;\"><b>Kod producenta :<\/b> 22720<\/li>\n<li style=\"margin: 5px 0; padding: 2px 0; clear: both; display: list-item; float: none; position: static;\"><b>Model bie\u017cnika :<\/b> Blizzak LM005<\/li>\n<li style=\"margin: 5px 0; padding: 2px 0; clear: both; display: list-item; float: none; position: static;\"><b>Nazwa produktu :<\/b> BRIDGESTONE 285\/45R20 112H Blizzak LM005 XL AO EV zimowe<\/li>\n<li style=\"margin: 5px 0; padding: 2px 0; clear: both; display: list-item; float: none; position: static;\"><b>No\u015bno\u015b\u0107 opony :<\/b> XL<\/li>\n<li style=\"margin: 5px 0; padding: 2px 0; clear: both; display: list-item; float: none; position: static;\"><b>Producent :<\/b> BRIDGESTONE<\/li>\n<li style=\"margin: 5px 0; padding: 2px 0; clear: both; display: list-item; float: none; position: static;\"><b>Profil :<\/b> 45<\/li>\n<li style=\"margin: 5px 0; padding: 2px 0; clear: both; display: list-item; float: none; position: static;\"><b>Przeznaczenie :<\/b> samochody osobowe\/SUV\/4&#215;4<\/li>\n<li style=\"margin: 5px 0; padding: 2px 0; clear: both; display: list-item; float: none; position: static;\"><b>Przyczepno\u015b\u0107 na lodzie :<\/b> Nie<\/li>\n<li style=\"margin: 5px 0; padding: 2px 0; clear: both; display: list-item; float: none; position: static;\"><b>Przyczepno\u015b\u0107 na \u015bniegu :<\/b> Tak<\/li>\n<li style=\"margin: 5px 0; padding: 2px 0; clear: both; display: list-item; float: none; position: static;\"><b>QR kod :<\/b> https:\/\/eprel.ec.europa.eu\/qr\/501881<\/li>\n<li style=\"margin: 5px 0; padding: 2px 0; clear: both; display: list-item; float: none; position: static;\"><b>Sezon :<\/b> zimowa<\/li>\n<li style=\"margin: 5px 0; padding: 2px 0; clear: both; display: list-item; float: none; position: static;\"><b>\u015arednica :<\/b> 20&#8243;<\/li>\n<li style=\"margin: 5px 0; padding: 2px 0; clear: both; display: list-item; float: none; position: static;\"><b>Szeroko\u015b\u0107 :<\/b> 285<\/li>\n<li style=\"margin: 5px 0; padding: 2px 0; clear: both; display: list-item; float: none; position: static;\"><b>Wart. pom. i kl. zew. ha\u0142asu tocz. [dB] :<\/b> 73<\/li>\n<li style=\"margin: 5px 0; padding: 2px 0; clear: both; display: list-item; float: none; position: static;\"><b>zastosowana technologia :<\/b> Opona z homologacj\u0105 do samochod\u00f3w elektrycznych<\/li>\n<\/ul>\n<\/div>\n<\/div>\n<\/div>\n<div style=\"clear: both; display: block; margin: 10px 0;\">\n<div style=\"clear: both; display: block; margin: 10px 0;\">\n<div style=\"clear: both; display: block; margin: 10px 0;\">\n<p style=\"margin: 15px 0; line-height: 1.8; clear: both; display: block; width: 100%; float: none; position: static;\"> BRIDGESTONE Blizzak LM005 to zimowa opona klasy premium, przeznaczona do szerokiej gamy samochod\u00f3w osobowych. Jako nowo\u015b\u0107 na nadchodz\u0105cy sezon, wyr\u00f3\u017cnia si\u0119 jako\u015bci\u0105 wykonania i zaawansowanymi technologiami, kt\u00f3re gwarantuj\u0105 optymalne w\u0142a\u015bciwo\u015bci jezdne.<\/p>\n<p style=\"margin: 15px 0; line-height: 1.8; clear: both; display: block; width: 100%; float: none; position: static;\"> Udoskonalona mieszanka gumy bie\u017cnika na bazie krzemionki, dzi\u0119ki procesowi Nano Pro-Tech, zapewnia dobr\u0105 przyczepno\u015b\u0107 na mokrych i za\u015bnie\u017conych nawierzchniach. Ponadto krzemionka poprawia elastyczno\u015b\u0107 bie\u017cnika, dzi\u0119ki czemu pozostaje on bardziej odporny w ni\u017cszym zakresie temperatur.<\/p>\n<p style=\"margin: 15px 0; line-height: 1.8; clear: both; display: block; width: 100%; float: none; position: static;\"> Opona doskonale radzi sobie ze zmienno\u015bci\u0105 zimowych warunk\u00f3w drogowych i dostarcza pewno\u015bci prowadzenia bez wzgl\u0119du na aktualny stan pod\u0142o\u017ca: na suchych nawierzchniach, podczas deszczu, przy zalegaj\u0105cym \u015bniegu i b\u0142ocie po\u015bniegowym. Jej doskona\u0142e w\u0142a\u015bciwo\u015bci trakcyjne s\u0105 wspierane przez zoptymalizowany bie\u017cnik, do kt\u00f3rego dodano liczne rowki boczne. Zwi\u0119ksza to liczb\u0119 kraw\u0119dzi chwytaj\u0105cych, dzi\u0119ki czemu Blizzak LM005 sprawdzi si\u0119 r\u00f3wnie\u017c w g\u0142\u0119bszym \u015bniegu.<\/p>\n<p style=\"margin: 15px 0; line-height: 1.8; clear: both; display: block; width: 100%; float: none; position: static;\"> Technologia szczelin 2D i 3D w centralnej cz\u0119\u015bci i na barkach opony u\u0142atwia prowadzenie pojazdu na oblodzonych nawierzchniach, co zwi\u0119ksza niezawodno\u015b\u0107 i pewno\u015b\u0107 podr\u00f3\u017cowania w trudnych warunkach.<\/p>\n<p style=\"margin: 15px 0; line-height: 1.8; clear: both; display: block; width: 100%; float: none; position: static;\"> In\u017cynierowie z marki Bridgestone skupili si\u0119 r\u00f3wnie\u017c na efektywniejszym odprowadzania wody z bie\u017cnika i za spraw\u0105 poszerzenia przestrzeni mi\u0119dzy bie\u017cnikowych, uzyskali szybszy drena\u017c opony i wi\u0119ksz\u0105 ochron\u0119 przed aquaplaningiem. Szersze odst\u0119py mi\u0119dzy klockami bie\u017cnika wp\u0142ywaj\u0105 r\u00f3wnie\u017c na lepsze przywieranie \u015bniegu a w po\u0142\u0105czeniu ze zoptymalizowanym kszta\u0142tem bark\u00f3w, skracaj\u0105 drog\u0119 hamowania pojazdu. Ka\u017cdy rozmiar LM005 uzyska\u0142 najwy\u017csze oznaczenie &#8222;A&#8221; na etykiecie europejskiej w zakresie przyczepno\u015bci na mokrej nawierzchni.<\/p>\n<p style=\"margin: 15px 0; line-height: 1.8; clear: both; display: block; width: 100%; float: none; position: static;\"> Opona zosta\u0142a dodatkowo oznaczona symbolem alpejskim (3PMSF &#8211; trzy szczyty g\u00f3rskie i p\u0142atek \u015bniegu) oraz M+S (b\u0142oto i \u015bnieg) dzi\u0119ki czemu poza dostarczeniem doskona\u0142ych w\u0142a\u015bciwo\u015bci jest w pe\u0142ni zgodna z wymogami homologacyjnymi dla opon zimowych.<\/p>\n<\/div>\n<\/div>\n<div style=\"clear: both; display: block; margin: 10px 0;\">\n<div style=\"clear: both; display: block; margin: 10px 0;\">\n<div  style=\"max-width:886px;max-height:1299px\">\n<div style=\"clear: both; display: block; margin: 10px 0;\">\n<div style=\"clear: both; width: 100%; display: block; margin: 20px 0; padding: 0; float: none; position: static; text-align: center;\"><img decoding=\"async\"  src=\"https:\/\/a.allegroimg.com\/original\/11ab7d\/86a97aec4e7d83d2fe29df78cb1c\/2x-BRIDGESTONE-285-45R20-112H-Blizzak-LM005-XL-AO-EV-zimowe-2024-r-Srednica-20\" srcset=\"https:\/\/a.allegroimg.com\/original\/11ab7d\/86a97aec4e7d83d2fe29df78cb1c\/2x-BRIDGESTONE-285-45R20-112H-Blizzak-LM005-XL-AO-EV-zimowe-2024-r-Srednica-20 245w,https:\/\/a.allegroimg.com\/original\/11ab7d\/86a97aec4e7d83d2fe29df78cb1c\/2x-BRIDGESTONE-285-45R20-112H-Blizzak-LM005-XL-AO-EV-zimowe-2024-r-Srednica-20 491w,https:\/\/a.allegroimg.com\/original\/11ab7d\/86a97aec4e7d83d2fe29df78cb1c\/2x-BRIDGESTONE-285-45R20-112H-Blizzak-LM005-XL-AO-EV-zimowe-2024-r-Srednica-20 698w,https:\/\/a.allegroimg.com\/original\/11ab7d\/86a97aec4e7d83d2fe29df78cb1c\/2x-BRIDGESTONE-285-45R20-112H-Blizzak-LM005-XL-AO-EV-zimowe-2024-r-Srednica-20 886w,https:\/\/a.allegroimg.com\/original\/11ab7d\/86a97aec4e7d83d2fe29df78cb1c\/2x-BRIDGESTONE-285-45R20-112H-Blizzak-LM005-XL-AO-EV-zimowe-2024-r-Srednica-20 886w\" sizes=\"(min-width: 1200px) 560px, (min-width: 992px) 50vw, 100vw\" width=\"886px\" alt=\"2x BRIDGESTONE 285\/45R20 112H Blizzak LM005 XL AO EV zimowe 2024 r \u015arednica 20&quot;\"\/ style=\"max-width: 100%; height: auto; display: block; margin: 0 auto;\"><\/div>\n<\/div>\n<\/div>\n<\/div>\n<\/div>\n<\/div>\n<div style=\"clear: both; display: block; margin: 10px 0;\">\n<div style=\"clear: both; display: block; margin: 10px 0;\">\n<div style=\"clear: both; display: block; margin: 10px 0;\">\n<p style=\"margin: 15px 0; line-height: 1.8; clear: both; display: block; width: 100%; float: none; position: static;\">Wychodz\u0105c naprzeciw oczekiwaniom Klient\u00f3w i chc\u0105c spe\u0142nia\u0107 jak najwy\u017csze standardy obs\u0142ugi dok\u0142adamy wszelkich stara\u0144, aby podawa\u0107 precyzyjn\u0105 dat\u0119 produkcji opony (DOT). Niestety, w wyj\u0105tkowych przypadkach, mo\u017ce zdarzy\u0107 si\u0119, \u017ce opony, kt\u00f3re wy\u015blemy b\u0119d\u0105 mia\u0142y inn\u0105 dat\u0119 produkcji ni\u017c podana. Sytuacja mo\u017ce dotyczy\u0107 zar\u00f3wno opon z DOT-em wcze\u015bniejszym jak i p\u00f3\u017aniejszym. Chcieliby\u015bmy podkre\u015bli\u0107, \u017ce warunki przechowywania opon w naszych magazynach spe\u0142niaj\u0105 Polsk\u0105 Norm\u0119 PN-C-94300-7 dzi\u0119ki czemu nawet opona przechowywana 24 miesi\u0105ce ma parametry takie same jak opona z bie\u017c\u0105cego roku. Warto pami\u0119ta\u0107 tak\u017ce o fakcie, \u017ce w przypadku wielu rozmiar\u00f3w i producent\u00f3w plany produkcyjne fabryk uniemo\u017cliwiaj\u0105 zakup opony z bie\u017c\u0105cego roku.<\/p>\n<p style=\"margin: 15px 0; line-height: 1.8; clear: both; display: block; width: 100%; float: none; position: static;\">Przy zakupie opon pami\u0119taj o sprawdzeniu w instrukcji samochodu lub na w\u0142a\u015bciwej stronie internetowej, jakie ogumienie zaleca producent Twojego auta. \u0179le dobrane opony mog\u0105 negatywnie wp\u0142yn\u0105\u0107 na poziom Twojego bezpiecze\u0144stwa. Kupuj\u0105c opony zwr\u00f3\u0107 uwag\u0119 na rozmiar oraz indeksy no\u015bno\u015bci i pr\u0119dko\u015bci jakie homologowane s\u0105 do Twojego pojazdu.<\/p>\n<p style=\"margin: 15px 0; line-height: 1.8; clear: both; display: block; width: 100%; float: none; position: static;\">Zamieszczone zdj\u0119cia pe\u0142ni\u0105 funkcj\u0119 pogl\u0105dow\u0105. W zale\u017cno\u015bci od szeroko\u015bci opon, mog\u0105 wyst\u0119powa\u0107 niewielkie r\u00f3\u017cnice w wygl\u0105dzie bie\u017cnika (w obr\u0119bie jednego modelu) na przyk\u0142ad w ilo\u015bci rowk\u00f3w obwodowych lub rozmieszczeniu blok\u00f3w bie\u017cnika, co nie stanowi wady produktu.<\/p>\n<p style=\"margin: 15px 0; line-height: 1.8; clear: both; display: block; width: 100%; float: none; position: static;\">Je\u017celi otrzymane przez Ciebie opony nie spe\u0142niaj\u0105 Twoich oczekiwa\u0144 masz mo\u017cliwo\u015b\u0107 zwrotu lub wymiany nieu\u017cywanego (niemontowanego) ogumienia.<\/p>\n<\/div>\n<\/div>\n<\/div>\n<div style=\"clear: both; display: block; margin: 10px 0;\">\n<div style=\"clear: both; display: block; margin: 10px 0;\">\n<div style=\"clear: both; display: block; margin: 10px 0;\">\n<div  style=\"max-width:300px;max-height:300px\">\n<div style=\"clear: both; display: block; margin: 10px 0;\">\n<div style=\"clear: both; width: 100%; display: block; margin: 20px 0; padding: 0; float: none; position: static; text-align: center;\"><img decoding=\"async\"  src=\"https:\/\/a.allegroimg.com\/original\/11b0d4\/1a68a5d4403d834a9d69ec5384c6\/2x-BRIDGESTONE-285-45R20-112H-Blizzak-LM005-XL-AO-EV-zimowe-2024-r-Halas-zewnetrzny-73-dB\" srcset=\"https:\/\/a.allegroimg.com\/original\/11b0d4\/1a68a5d4403d834a9d69ec5384c6\/2x-BRIDGESTONE-285-45R20-112H-Blizzak-LM005-XL-AO-EV-zimowe-2024-r-Halas-zewnetrzny-73-dB 300w,https:\/\/a.allegroimg.com\/original\/11b0d4\/1a68a5d4403d834a9d69ec5384c6\/2x-BRIDGESTONE-285-45R20-112H-Blizzak-LM005-XL-AO-EV-zimowe-2024-r-Halas-zewnetrzny-73-dB 300w\" sizes=\"(min-width: 1200px) 560px, (min-width: 992px) 50vw, 100vw\" width=\"300px\" alt=\"2x BRIDGESTONE 285\/45R20 112H Blizzak LM005 XL AO EV zimowe 2024 r Ha\u0142as zewn\u0119trzny 73 dB\"\/ style=\"max-width: 100%; height: auto; display: block; margin: 0 auto;\"><\/div>\n<\/div>\n<\/div>\n<\/div>\n<\/div>\n<div style=\"clear: both; display: block; margin: 10px 0;\">\n<div style=\"clear: both; display: block; margin: 10px 0;\">\n<h1>Bridgestone<\/h1>\n<p style=\"margin: 15px 0; line-height: 1.8; clear: both; display: block; width: 100%; float: none; position: static;\">Bridgestone jest wiod\u0105cym producentem ogumienia do wszystkich rodzaj\u00f3w \u015brodk\u00f3w transportu.<\/p>\n<\/div>\n<\/div>\n<\/div>\n<\/div>\n<\/div>\n<\/div>\n<div style=\"clear: both; display: block; margin: 10px 0;\">\n","protected":false},"excerpt":{"rendered":"<p>Rok produkcji: 2024<\/p>\n<p>BRIDGESTONE Blizzak LM005 285\/45R20 112H XL R0 EV<\/p>\n<p>G15H3K<\/p>\n<p>Cecha dodatkowa : Homologacja Audi<\/p>\n<p>Data produkcji : 2024<\/p>\n<p>Indeks : 285\/45R20 ZTBR 112H LM005<\/p>\n<p>Indeks no\u015bno\u015bci : 112<\/p>\n<p>Indeks pr\u0119dko\u015bci : H &#8211; 210 km\/h<\/p>\n","protected":false},"featured_media":11427,"template":"","meta":{"_uag_custom_page_level_css":""},"product_brand":[397],"product_cat":[414,413,412,415],"product_tag":[],"class_list":{"0":"post-11426","1":"product","2":"type-product","3":"status-publish","4":"has-post-thumbnail","6":"product_brand-bridgestone","7":"product_cat-do-samochodow-osobowych-i-suv","8":"product_cat-opony","9":"product_cat-opony-i-felgi","10":"product_cat-zimowe","12":"first","13":"instock","14":"shipping-taxable","15":"purchasable","16":"product-type-simple"},"uagb_featured_image_src":{"full":["https:\/\/oponixo.shop\/tire\/wp-content\/uploads\/2026\/01\/allegro-image-11426.jpg",1200,1126,false],"thumbnail":["https:\/\/oponixo.shop\/tire\/wp-content\/uploads\/2026\/01\/allegro-image-11426-150x150.jpg",150,150,true],"medium":["https:\/\/oponixo.shop\/tire\/wp-content\/uploads\/2026\/01\/allegro-image-11426-300x282.jpg",300,282,true],"medium_large":["https:\/\/oponixo.shop\/tire\/wp-content\/uploads\/2026\/01\/allegro-image-11426-768x721.jpg",768,721,true],"large":["https:\/\/oponixo.shop\/tire\/wp-content\/uploads\/2026\/01\/allegro-image-11426-1024x961.jpg",1024,961,true],"1536x1536":["https:\/\/oponixo.shop\/tire\/wp-content\/uploads\/2026\/01\/allegro-image-11426.jpg",1200,1126,false],"2048x2048":["https:\/\/oponixo.shop\/tire\/wp-content\/uploads\/2026\/01\/allegro-image-11426.jpg",1200,1126,false],"woocommerce_thumbnail":["https:\/\/oponixo.shop\/tire\/wp-content\/uploads\/2026\/01\/allegro-image-11426-300x300.jpg",300,300,true],"woocommerce_single":["https:\/\/oponixo.shop\/tire\/wp-content\/uploads\/2026\/01\/allegro-image-11426-600x563.jpg",600,563,true],"woocommerce_gallery_thumbnail":["https:\/\/oponixo.shop\/tire\/wp-content\/uploads\/2026\/01\/allegro-image-11426-100x100.jpg",100,100,true]},"uagb_author_info":{"display_name":"admin","author_link":"https:\/\/oponixo.shop\/tire\/author\/"},"uagb_comment_info":0,"uagb_excerpt":"Rok produkcji: 2024 BRIDGESTONE Blizzak LM005 285\/45R20 112H XL R0 EV G15H3K Cecha dodatkowa : Homologacja Audi Data produkcji : 2024 Indeks : 285\/45R20 ZTBR 112H LM005 Indeks no\u015bno\u015bci : 112 Indeks pr\u0119dko\u015bci : H - 210 km\/h","_links":{"self":[{"href":"https:\/\/oponixo.shop\/tire\/wp-json\/wp\/v2\/product\/11426","targetHints":{"allow":["GET"]}}],"collection":[{"href":"https:\/\/oponixo.shop\/tire\/wp-json\/wp\/v2\/product"}],"about":[{"href":"https:\/\/oponixo.shop\/tire\/wp-json\/wp\/v2\/types\/product"}],"wp:featuredmedia":[{"embeddable":true,"href":"https:\/\/oponixo.shop\/tire\/wp-json\/wp\/v2\/media\/11427"}],"wp:attachment":[{"href":"https:\/\/oponixo.shop\/tire\/wp-json\/wp\/v2\/media?parent=11426"}],"wp:term":[{"taxonomy":"product_brand","embeddable":true,"href":"https:\/\/oponixo.shop\/tire\/wp-json\/wp\/v2\/product_brand?post=11426"},{"taxonomy":"product_cat","embeddable":true,"href":"https:\/\/oponixo.shop\/tire\/wp-json\/wp\/v2\/product_cat?post=11426"},{"taxonomy":"product_tag","embeddable":true,"href":"https:\/\/oponixo.shop\/tire\/wp-json\/wp\/v2\/product_tag?post=11426"}],"curies":[{"name":"wp","href":"https:\/\/api.w.org\/{rel}","templated":true}]}}