{"id":11450,"date":"2026-01-01T21:54:46","date_gmt":"2026-01-01T20:54:46","guid":{"rendered":"https:\/\/oponyexpert.shop\/xef5\/produkt\/2x-goodyear-225-50r19-100v-ultragrip-performance-suv-xl-fp-zimowe-2024-r\/"},"modified":"2026-01-01T21:54:46","modified_gmt":"2026-01-01T20:54:46","slug":"2x-goodyear-225-50r19-100v-ultragrip-performance-suv-xl-fp-zimowe-2024-r","status":"publish","type":"product","link":"https:\/\/oponixo.shop\/tire\/produkt\/2x-goodyear-225-50r19-100v-ultragrip-performance-suv-xl-fp-zimowe-2024-r\/","title":{"rendered":"2x GOODYEAR 225\/50R19 100V UltraGrip Performance + SUV XL FP zimowe 2024 r"},"content":{"rendered":"<div style=\"font-family: Arial, sans-serif; line-height: 1.6; color: #333; padding: 20px; clear: both; display: block; width: 100%; float: none; position: static; overflow: hidden;\">\n<div style=\"clear: both; display: block; margin: 10px 0;\">\n<div style=\"clear: both; display: block; margin: 10px 0;\">\n<div style=\"clear: both; display: block; margin: 10px 0;\">\n<h1>Rok produkcji: 2024<\/h1>\n<\/div>\n<\/div>\n<\/div>\n<div style=\"clear: both; display: block; margin: 10px 0;\">\n<div style=\"clear: both; display: block; margin: 10px 0;\">\n<div style=\"clear: both; display: block; margin: 10px 0;\">\n<div  style=\"max-width:1200px;max-height:1126px\">\n<div style=\"clear: both; display: block; margin: 10px 0;\">\n<div style=\"clear: both; width: 100%; display: block; margin: 20px 0; padding: 0; float: none; position: static; text-align: center;\"><img decoding=\"async\"  src=\"https:\/\/a.allegroimg.com\/original\/11ab5a\/2d0b592945a882a97bdf9311c7f0\/2x-GOODYEAR-225-50R19-100V-UltraGrip-Performance-SUV-XL-FP-zimowe-2024-r\" srcset=\"https:\/\/a.allegroimg.com\/original\/11ab5a\/2d0b592945a882a97bdf9311c7f0\/2x-GOODYEAR-225-50R19-100V-UltraGrip-Performance-SUV-XL-FP-zimowe-2024-r 360w,https:\/\/a.allegroimg.com\/original\/11ab5a\/2d0b592945a882a97bdf9311c7f0\/2x-GOODYEAR-225-50R19-100V-UltraGrip-Performance-SUV-XL-FP-zimowe-2024-r 720w,https:\/\/a.allegroimg.com\/original\/11ab5a\/2d0b592945a882a97bdf9311c7f0\/2x-GOODYEAR-225-50R19-100V-UltraGrip-Performance-SUV-XL-FP-zimowe-2024-r 1024w,https:\/\/a.allegroimg.com\/original\/11ab5a\/2d0b592945a882a97bdf9311c7f0\/2x-GOODYEAR-225-50R19-100V-UltraGrip-Performance-SUV-XL-FP-zimowe-2024-r 1200w,https:\/\/a.allegroimg.com\/original\/11ab5a\/2d0b592945a882a97bdf9311c7f0\/2x-GOODYEAR-225-50R19-100V-UltraGrip-Performance-SUV-XL-FP-zimowe-2024-r 1200w\" sizes=\"(min-width: 1200px) 560px, (min-width: 992px) 50vw, 100vw\" width=\"1200px\" alt=\"2x GOODYEAR 225\/50R19 100V UltraGrip Performance + SUV XL FP zimowe 2024 r\"\/ style=\"max-width: 100%; height: auto; display: block; margin: 0 auto;\"><\/div>\n<\/div>\n<\/div>\n<\/div>\n<\/div>\n<div style=\"clear: both; display: block; margin: 10px 0;\">\n<div style=\"clear: both; display: block; margin: 10px 0;\">\n<h1>GOODYEAR UltraGrip Performance + SUV 225\/50R19 100V XL FP<\/h1>\n<h2>G0SDLZ<\/h2>\n<ul style=\"margin: 15px 0; padding-left: 20px; clear: both; display: block; width: 100%; float: none; position: static;\">\n<li style=\"margin: 5px 0; padding: 2px 0; clear: both; display: list-item; float: none; position: static;\"><b>Data produkcji :<\/b> 2024<\/li>\n<li style=\"margin: 5px 0; padding: 2px 0; clear: both; display: list-item; float: none; position: static;\"><b>Indeks :<\/b> 225\/50R19 ZTGO 100V UGP+S<\/li>\n<li style=\"margin: 5px 0; padding: 2px 0; clear: both; display: list-item; float: none; position: static;\"><b>Indeks no\u015bno\u015bci :<\/b> 100<\/li>\n<li style=\"margin: 5px 0; padding: 2px 0; clear: both; display: list-item; float: none; position: static;\"><b>Indeks pr\u0119dko\u015bci :<\/b> V &#8211; 240 km\/h<\/li>\n<li style=\"margin: 5px 0; padding: 2px 0; clear: both; display: list-item; float: none; position: static;\"><b>Karta informacyjna produktu :<\/b> https:\/\/eprel.ec.europa.eu\/qr\/761277<\/li>\n<li style=\"margin: 5px 0; padding: 2px 0; clear: both; display: list-item; float: none; position: static;\"><b>Kl. efekt. paliwowej :<\/b> C<\/li>\n<li style=\"margin: 5px 0; padding: 2px 0; clear: both; display: list-item; float: none; position: static;\"><b>Kl. przycz. na mokrej naw. :<\/b> C<\/li>\n<li style=\"margin: 5px 0; padding: 2px 0; clear: both; display: list-item; float: none; position: static;\"><b>Kl. zew. ha\u0142asu tocz. :<\/b> B<\/li>\n<li style=\"margin: 5px 0; padding: 2px 0; clear: both; display: list-item; float: none; position: static;\"><b>Klasa opony :<\/b> premium<\/li>\n<li style=\"margin: 5px 0; padding: 2px 0; clear: both; display: list-item; float: none; position: static;\"><b>Kod EAN :<\/b> 4038526100269<\/li>\n<li style=\"margin: 5px 0; padding: 2px 0; clear: both; display: list-item; float: none; position: static;\"><b>Kod producenta :<\/b> 583677<\/li>\n<li style=\"margin: 5px 0; padding: 2px 0; clear: both; display: list-item; float: none; position: static;\"><b>Model bie\u017cnika :<\/b> UltraGrip Performance + SUV<\/li>\n<li style=\"margin: 5px 0; padding: 2px 0; clear: both; display: list-item; float: none; position: static;\"><b>Nazwa produktu :<\/b> GOODYEAR 225\/50R19 100V UltraGrip Performance + SUV XL FP zimowe<\/li>\n<li style=\"margin: 5px 0; padding: 2px 0; clear: both; display: list-item; float: none; position: static;\"><b>No\u015bno\u015b\u0107 opony :<\/b> XL<\/li>\n<li style=\"margin: 5px 0; padding: 2px 0; clear: both; display: list-item; float: none; position: static;\"><b>Producent :<\/b> GOODYEAR<\/li>\n<li style=\"margin: 5px 0; padding: 2px 0; clear: both; display: list-item; float: none; position: static;\"><b>Profil :<\/b> 50<\/li>\n<li style=\"margin: 5px 0; padding: 2px 0; clear: both; display: list-item; float: none; position: static;\"><b>Przeznaczenie :<\/b> samochody osobowe\/SUV\/4&#215;4<\/li>\n<li style=\"margin: 5px 0; padding: 2px 0; clear: both; display: list-item; float: none; position: static;\"><b>Przyczepno\u015b\u0107 na lodzie :<\/b> Nie<\/li>\n<li style=\"margin: 5px 0; padding: 2px 0; clear: both; display: list-item; float: none; position: static;\"><b>Przyczepno\u015b\u0107 na \u015bniegu :<\/b> Tak<\/li>\n<li style=\"margin: 5px 0; padding: 2px 0; clear: both; display: list-item; float: none; position: static;\"><b>QR kod :<\/b> https:\/\/eprel.ec.europa.eu\/qr\/761277<\/li>\n<li style=\"margin: 5px 0; padding: 2px 0; clear: both; display: list-item; float: none; position: static;\"><b>Rant opony :<\/b> FP<\/li>\n<li style=\"margin: 5px 0; padding: 2px 0; clear: both; display: list-item; float: none; position: static;\"><b>Sezon :<\/b> zimowa<\/li>\n<li style=\"margin: 5px 0; padding: 2px 0; clear: both; display: list-item; float: none; position: static;\"><b>\u015arednica :<\/b> 19&#8243;<\/li>\n<li style=\"margin: 5px 0; padding: 2px 0; clear: both; display: list-item; float: none; position: static;\"><b>Szeroko\u015b\u0107 :<\/b> 225<\/li>\n<li style=\"margin: 5px 0; padding: 2px 0; clear: both; display: list-item; float: none; position: static;\"><b>Wart. pom. i kl. zew. ha\u0142asu tocz. [dB] :<\/b> 71<\/li>\n<\/ul>\n<\/div>\n<\/div>\n<\/div>\n<div style=\"clear: both; display: block; margin: 10px 0;\">\n<div style=\"clear: both; display: block; margin: 10px 0;\">\n<div style=\"clear: both; display: block; margin: 10px 0;\">\n<p style=\"margin: 15px 0; line-height: 1.8; clear: both; display: block; width: 100%; float: none; position: static;\"> GOODYEAR UltraGrip Performance + SUV to zimowa opona klasy premium, kt\u00f3ra oferuje najwy\u017cszy poziom przyczepno\u015bci w ka\u017cdych warunkach zimowych oraz jeszcze d\u0142u\u017csze przebiegi. Model charakteryzuje si\u0119 szczeg\u00f3lnym dopasowaniem pod parametry i specyfik\u0119 pojazd\u00f3w typu SUV i miejskich crossover\u00f3w. <\/p>\n<p style=\"margin: 15px 0; line-height: 1.8; clear: both; display: block; width: 100%; float: none; position: static;\"> Dzi\u0119ki technologii &#8222;Winter Grip&#8221;, kt\u00f3ra bazuje na mieszance gumowej o wysokiej elastyczno\u015bci, opona zachowuje doskona\u0142\u0105 trakcj\u0119 na o\u015bnie\u017conych i \u015bliskich, niesprzyjaj\u0105cych nawierzchniach, dbaj\u0105c o pewno\u015b\u0107 jazdy i bezpiecze\u0144stwo w zimowym krajobrazie. <\/p>\n<p style=\"margin: 15px 0; line-height: 1.8; clear: both; display: block; width: 100%; float: none; position: static;\"> Technologia &#8222;Traction protect&#8221; wspiera w\u0142a\u015bciwy przebieg procesu hamowania. Klocki bie\u017cnika, korzystaj\u0105c z si\u0142y hamuj\u0105cej ulegaj\u0105 odkszta\u0142ceniu i ponownemu przybraniu pierwotnego kszta\u0142tu. Wp\u0142ywa to na efektywne i szybsze zatrzymanie pojazdu, dzi\u0119ki wy\u017cszej interakcji bie\u017cnika z pod\u0142o\u017cem. <\/p>\n<p style=\"margin: 15px 0; line-height: 1.8; clear: both; display: block; width: 100%; float: none; position: static;\"> Aby wyd\u0142u\u017cy\u0107 przebiegi osi\u0105gane przez opon\u0119 w zmiennym zakresie temperatur, przy nier\u00f3wno\u015bciach drogowych i zmarzni\u0119tych powierzchni w modelu wykorzystano technologi\u0119 &#8222;Milage plus&#8221;. Dzi\u0119ki optymalnej elastyczno\u015bci mieszanki, bloki bie\u017cnika s\u0105 mniej podatne na uszkodzenia, dodatkowo powierzchnia gumowa zu\u017cywa si\u0119 wolniej, co umo\u017cliwi jeszcze d\u0142u\u017csze u\u017cytkowanie modelu. <\/p>\n<p style=\"margin: 15px 0; line-height: 1.8; clear: both; display: block; width: 100%; float: none; position: static;\"> GOODYEAR UltraGrip Performance + SUV to doskona\u0142e rozwi\u0105zanie na zimow\u0105 aur\u0119, dla u\u017cytkownik\u00f3w wi\u0119kszych pojazd\u00f3w, kt\u00f3rzy poszukuj\u0105 zaawansowanego technologicznie produktu, oferuj\u0105cego pewn\u0105 i stabiln\u0105 jazd\u0119 oraz wyd\u0142u\u017cone przebiegi u\u017cytkowe. <\/p>\n<\/div>\n<\/div>\n<div style=\"clear: both; display: block; margin: 10px 0;\">\n<div style=\"clear: both; display: block; margin: 10px 0;\">\n<div  style=\"max-width:886px;max-height:1299px\">\n<div style=\"clear: both; display: block; margin: 10px 0;\">\n<div style=\"clear: both; width: 100%; display: block; margin: 20px 0; padding: 0; float: none; position: static; text-align: center;\"><img decoding=\"async\"  src=\"https:\/\/a.allegroimg.com\/original\/113828\/9422942449c2ba64316a5b44b7a2\/2x-GOODYEAR-225-50R19-100V-UltraGrip-Performance-SUV-XL-FP-zimowe-2024-r-Srednica-19\" srcset=\"https:\/\/a.allegroimg.com\/original\/113828\/9422942449c2ba64316a5b44b7a2\/2x-GOODYEAR-225-50R19-100V-UltraGrip-Performance-SUV-XL-FP-zimowe-2024-r-Srednica-19 245w,https:\/\/a.allegroimg.com\/original\/113828\/9422942449c2ba64316a5b44b7a2\/2x-GOODYEAR-225-50R19-100V-UltraGrip-Performance-SUV-XL-FP-zimowe-2024-r-Srednica-19 491w,https:\/\/a.allegroimg.com\/original\/113828\/9422942449c2ba64316a5b44b7a2\/2x-GOODYEAR-225-50R19-100V-UltraGrip-Performance-SUV-XL-FP-zimowe-2024-r-Srednica-19 698w,https:\/\/a.allegroimg.com\/original\/113828\/9422942449c2ba64316a5b44b7a2\/2x-GOODYEAR-225-50R19-100V-UltraGrip-Performance-SUV-XL-FP-zimowe-2024-r-Srednica-19 886w,https:\/\/a.allegroimg.com\/original\/113828\/9422942449c2ba64316a5b44b7a2\/2x-GOODYEAR-225-50R19-100V-UltraGrip-Performance-SUV-XL-FP-zimowe-2024-r-Srednica-19 886w\" sizes=\"(min-width: 1200px) 560px, (min-width: 992px) 50vw, 100vw\" width=\"886px\" alt=\"2x GOODYEAR 225\/50R19 100V UltraGrip Performance + SUV XL FP zimowe 2024 r \u015arednica 19&quot;\"\/ style=\"max-width: 100%; height: auto; display: block; margin: 0 auto;\"><\/div>\n<\/div>\n<\/div>\n<\/div>\n<\/div>\n<\/div>\n<div style=\"clear: both; display: block; margin: 10px 0;\">\n<div style=\"clear: both; display: block; margin: 10px 0;\">\n<div style=\"clear: both; display: block; margin: 10px 0;\">\n<p style=\"margin: 15px 0; line-height: 1.8; clear: both; display: block; width: 100%; float: none; position: static;\">Wychodz\u0105c naprzeciw oczekiwaniom Klient\u00f3w i chc\u0105c spe\u0142nia\u0107 jak najwy\u017csze standardy obs\u0142ugi dok\u0142adamy wszelkich stara\u0144, aby podawa\u0107 precyzyjn\u0105 dat\u0119 produkcji opony (DOT). Niestety, w wyj\u0105tkowych przypadkach, mo\u017ce zdarzy\u0107 si\u0119, \u017ce opony, kt\u00f3re wy\u015blemy b\u0119d\u0105 mia\u0142y inn\u0105 dat\u0119 produkcji ni\u017c podana. Sytuacja mo\u017ce dotyczy\u0107 zar\u00f3wno opon z DOT-em wcze\u015bniejszym jak i p\u00f3\u017aniejszym. Chcieliby\u015bmy podkre\u015bli\u0107, \u017ce warunki przechowywania opon w naszych magazynach spe\u0142niaj\u0105 Polsk\u0105 Norm\u0119 PN-C-94300-7 dzi\u0119ki czemu nawet opona przechowywana 24 miesi\u0105ce ma parametry takie same jak opona z bie\u017c\u0105cego roku. Warto pami\u0119ta\u0107 tak\u017ce o fakcie, \u017ce w przypadku wielu rozmiar\u00f3w i producent\u00f3w plany produkcyjne fabryk uniemo\u017cliwiaj\u0105 zakup opony z bie\u017c\u0105cego roku.<\/p>\n<p style=\"margin: 15px 0; line-height: 1.8; clear: both; display: block; width: 100%; float: none; position: static;\">Przy zakupie opon pami\u0119taj o sprawdzeniu w instrukcji samochodu lub na w\u0142a\u015bciwej stronie internetowej, jakie ogumienie zaleca producent Twojego auta. \u0179le dobrane opony mog\u0105 negatywnie wp\u0142yn\u0105\u0107 na poziom Twojego bezpiecze\u0144stwa. Kupuj\u0105c opony zwr\u00f3\u0107 uwag\u0119 na rozmiar oraz indeksy no\u015bno\u015bci i pr\u0119dko\u015bci jakie homologowane s\u0105 do Twojego pojazdu.<\/p>\n<p style=\"margin: 15px 0; line-height: 1.8; clear: both; display: block; width: 100%; float: none; position: static;\">Zamieszczone zdj\u0119cia pe\u0142ni\u0105 funkcj\u0119 pogl\u0105dow\u0105. W zale\u017cno\u015bci od szeroko\u015bci opon, mog\u0105 wyst\u0119powa\u0107 niewielkie r\u00f3\u017cnice w wygl\u0105dzie bie\u017cnika (w obr\u0119bie jednego modelu) na przyk\u0142ad w ilo\u015bci rowk\u00f3w obwodowych lub rozmieszczeniu blok\u00f3w bie\u017cnika, co nie stanowi wady produktu.<\/p>\n<p style=\"margin: 15px 0; line-height: 1.8; clear: both; display: block; width: 100%; float: none; position: static;\">Je\u017celi otrzymane przez Ciebie opony nie spe\u0142niaj\u0105 Twoich oczekiwa\u0144 masz mo\u017cliwo\u015b\u0107 zwrotu lub wymiany nieu\u017cywanego (niemontowanego) ogumienia.<\/p>\n<\/div>\n<\/div>\n<\/div>\n<div style=\"clear: both; display: block; margin: 10px 0;\">\n<div style=\"clear: both; display: block; margin: 10px 0;\">\n<div style=\"clear: both; display: block; margin: 10px 0;\">\n<div  style=\"max-width:1280px;max-height:800px\">\n<div style=\"clear: both; display: block; margin: 10px 0;\">\n<div style=\"clear: both; width: 100%; display: block; margin: 20px 0; padding: 0; float: none; position: static; text-align: center;\"><img decoding=\"async\"  src=\"https:\/\/a.allegroimg.com\/original\/11b20f\/14f7c79647848b425a8250158dad\/2x-GOODYEAR-225-50R19-100V-UltraGrip-Performance-SUV-XL-FP-zimowe-2024-r-Halas-zewnetrzny-71-dB\" srcset=\"https:\/\/a.allegroimg.com\/original\/11b20f\/14f7c79647848b425a8250158dad\/2x-GOODYEAR-225-50R19-100V-UltraGrip-Performance-SUV-XL-FP-zimowe-2024-r-Halas-zewnetrzny-71-dB 360w,https:\/\/a.allegroimg.com\/original\/11b20f\/14f7c79647848b425a8250158dad\/2x-GOODYEAR-225-50R19-100V-UltraGrip-Performance-SUV-XL-FP-zimowe-2024-r-Halas-zewnetrzny-71-dB 720w,https:\/\/a.allegroimg.com\/original\/11b20f\/14f7c79647848b425a8250158dad\/2x-GOODYEAR-225-50R19-100V-UltraGrip-Performance-SUV-XL-FP-zimowe-2024-r-Halas-zewnetrzny-71-dB 1024w,https:\/\/a.allegroimg.com\/original\/11b20f\/14f7c79647848b425a8250158dad\/2x-GOODYEAR-225-50R19-100V-UltraGrip-Performance-SUV-XL-FP-zimowe-2024-r-Halas-zewnetrzny-71-dB 1280w,https:\/\/a.allegroimg.com\/original\/11b20f\/14f7c79647848b425a8250158dad\/2x-GOODYEAR-225-50R19-100V-UltraGrip-Performance-SUV-XL-FP-zimowe-2024-r-Halas-zewnetrzny-71-dB 1280w\" sizes=\"(min-width: 1200px) 560px, (min-width: 992px) 50vw, 100vw\" width=\"1280px\" alt=\"2x GOODYEAR 225\/50R19 100V UltraGrip Performance + SUV XL FP zimowe 2024 r Ha\u0142as zewn\u0119trzny 71 dB\"\/ style=\"max-width: 100%; height: auto; display: block; margin: 0 auto;\"><\/div>\n<\/div>\n<\/div>\n<\/div>\n<\/div>\n<div style=\"clear: both; display: block; margin: 10px 0;\">\n<div style=\"clear: both; display: block; margin: 10px 0;\">\n<h1>Goodyear<\/h1>\n<p style=\"margin: 15px 0; line-height: 1.8; clear: both; display: block; width: 100%; float: none; position: static;\">Historia firmy Goodyear, nazwanej na cze\u015b\u0107 wynalazcy procesu wulkanizacji Charlesa Goodyeara, zacz\u0119\u0142a si\u0119 w 1898 roku, gdy Frank Seiberling kupi\u0142 fabryk\u0119 wyrob\u00f3w gumowych mieszcz\u0105c\u0105 si\u0119 w Akron w stanie Ohio. Przedsi\u0119biorstwo przynios\u0142o wysoki zysk ju\u017c po pierwszym miesi\u0105cu sprzeda\u017cy opon \u2013 w\u00f3wczas przeznaczonych dla powoz\u00f3w i rower\u00f3w. Wraz z rozwojem motoryzacji ros\u0142y tak przychody firmy, jak i jej asortyment: w 1901 roku wyprodukowano opony wy\u015bcigowe dla automobili Henry&#8217;ego Forda, a dwa lata p\u00f3\u017aniej jeden z szef\u00f3w firmy, Paul Weeks Litchfield, opatentowa\u0142 pierwszy na \u015bwiecie projekt samochodowej opony bezd\u0119tkowej. Produkty tej marki zawsze by\u0142y wysoko cenione w sportach motorowych \u2013 gdy w 1922 roku tymczasowo wstrzymano produkcj\u0119 ogumienia dla samochod\u00f3w wy\u015bcigowych, klienci zacz\u0119li domaga\u0107 si\u0119 jej wznowienia. Dzi\u0119ki wsp\u00f3\u0142pracy z firm\u0105 Zeppelin, wytw\u00f3rc\u0105 sterowc\u00f3w, Goodyear opr\u00f3cz ziemi jest obecny r\u00f3wnie\u017c na niebie. Prawie od samego pocz\u0105tku dzia\u0142alno\u015bci Goodyear jest najwi\u0119kszym na \u015bwiecie producentem opon; obecnie roczny przych\u00f3d firmy przekracza 18 miliard\u00f3w dolar\u00f3w, a jej produkty \u2013 wytwarzane w ponad 20 fabrykach w Ameryce P\u00f3\u0142nocnej i Po\u0142udniowej, Europie, Afryce i Azji \u2013 sprzedawane s\u0105 praktycznie we wszystkich krajach. Najnowsza generacja opon zimowych Goodyear UltraGrip Performance 2 charakteryzuje si\u0119 lepsz\u0105 sterowno\u015bci\u0105 oraz przyczepno\u015bci\u0105 na \u015bliskich nawierzchniach. Niezale\u017cne badania wykaza\u0142y, \u017ce ten model opony pozwala na uzyskanie drogi hamowania na lodzie kr\u00f3tszej o 13% ni\u017c w przypadku testowanych r\u00f3wnolegle produkt\u00f3w innych firm. Warto zwr\u00f3ci\u0107 tak\u017ce uwag\u0119 na letnie opony Goodyear \u2013 modele z serii DuraGrip i Eagle.<\/p>\n<\/div>\n<\/div>\n<\/div>\n<\/div>\n<\/div>\n<\/div>\n<div style=\"clear: both; display: block; margin: 10px 0;\">\n","protected":false},"excerpt":{"rendered":"<p>Rok produkcji: 2024<\/p>\n<p>GOODYEAR UltraGrip Performance + SUV 225\/50R19 100V XL FP<\/p>\n<p>G0SDLZ<\/p>\n<p>Data produkcji : 2024<\/p>\n<p>Indeks : 225\/50R19 ZTGO 100V UGP+S<\/p>\n<p>Indeks no\u015bno\u015bci : 100<\/p>\n<p>Indeks pr\u0119dko\u015bci : V &#8211; 240 km\/h<\/p>\n<p>Karta informacyjna produktu : https:\/\/eprel.ec.europa.eu\/qr\/761277<\/p>\n","protected":false},"featured_media":11451,"template":"","meta":{"_uag_custom_page_level_css":""},"product_brand":[437],"product_cat":[414,413,412,415],"product_tag":[],"class_list":{"0":"post-11450","1":"product","2":"type-product","3":"status-publish","4":"has-post-thumbnail","6":"product_brand-goodyear","7":"product_cat-do-samochodow-osobowych-i-suv","8":"product_cat-opony","9":"product_cat-opony-i-felgi","10":"product_cat-zimowe","12":"first","13":"instock","14":"shipping-taxable","15":"purchasable","16":"product-type-simple"},"uagb_featured_image_src":{"full":["https:\/\/oponixo.shop\/tire\/wp-content\/uploads\/2026\/01\/allegro-image-11450.jpg",1200,1126,false],"thumbnail":["https:\/\/oponixo.shop\/tire\/wp-content\/uploads\/2026\/01\/allegro-image-11450-150x150.jpg",150,150,true],"medium":["https:\/\/oponixo.shop\/tire\/wp-content\/uploads\/2026\/01\/allegro-image-11450-300x282.jpg",300,282,true],"medium_large":["https:\/\/oponixo.shop\/tire\/wp-content\/uploads\/2026\/01\/allegro-image-11450-768x721.jpg",768,721,true],"large":["https:\/\/oponixo.shop\/tire\/wp-content\/uploads\/2026\/01\/allegro-image-11450-1024x961.jpg",1024,961,true],"1536x1536":["https:\/\/oponixo.shop\/tire\/wp-content\/uploads\/2026\/01\/allegro-image-11450.jpg",1200,1126,false],"2048x2048":["https:\/\/oponixo.shop\/tire\/wp-content\/uploads\/2026\/01\/allegro-image-11450.jpg",1200,1126,false],"woocommerce_thumbnail":["https:\/\/oponixo.shop\/tire\/wp-content\/uploads\/2026\/01\/allegro-image-11450-300x300.jpg",300,300,true],"woocommerce_single":["https:\/\/oponixo.shop\/tire\/wp-content\/uploads\/2026\/01\/allegro-image-11450-600x563.jpg",600,563,true],"woocommerce_gallery_thumbnail":["https:\/\/oponixo.shop\/tire\/wp-content\/uploads\/2026\/01\/allegro-image-11450-100x100.jpg",100,100,true]},"uagb_author_info":{"display_name":"admin","author_link":"https:\/\/oponixo.shop\/tire\/author\/"},"uagb_comment_info":0,"uagb_excerpt":"Rok produkcji: 2024 GOODYEAR UltraGrip Performance + SUV 225\/50R19 100V XL FP G0SDLZ Data produkcji : 2024 Indeks : 225\/50R19 ZTGO 100V UGP+S Indeks no\u015bno\u015bci : 100 Indeks pr\u0119dko\u015bci : V - 240 km\/h Karta informacyjna produktu : https:\/\/eprel.ec.europa.eu\/qr\/761277","_links":{"self":[{"href":"https:\/\/oponixo.shop\/tire\/wp-json\/wp\/v2\/product\/11450","targetHints":{"allow":["GET"]}}],"collection":[{"href":"https:\/\/oponixo.shop\/tire\/wp-json\/wp\/v2\/product"}],"about":[{"href":"https:\/\/oponixo.shop\/tire\/wp-json\/wp\/v2\/types\/product"}],"wp:featuredmedia":[{"embeddable":true,"href":"https:\/\/oponixo.shop\/tire\/wp-json\/wp\/v2\/media\/11451"}],"wp:attachment":[{"href":"https:\/\/oponixo.shop\/tire\/wp-json\/wp\/v2\/media?parent=11450"}],"wp:term":[{"taxonomy":"product_brand","embeddable":true,"href":"https:\/\/oponixo.shop\/tire\/wp-json\/wp\/v2\/product_brand?post=11450"},{"taxonomy":"product_cat","embeddable":true,"href":"https:\/\/oponixo.shop\/tire\/wp-json\/wp\/v2\/product_cat?post=11450"},{"taxonomy":"product_tag","embeddable":true,"href":"https:\/\/oponixo.shop\/tire\/wp-json\/wp\/v2\/product_tag?post=11450"}],"curies":[{"name":"wp","href":"https:\/\/api.w.org\/{rel}","templated":true}]}}