{"id":11472,"date":"2026-01-01T21:54:51","date_gmt":"2026-01-01T20:54:51","guid":{"rendered":"https:\/\/oponyexpert.shop\/xef5\/produkt\/2x-continental-wintercontact-ts-850-p-suv-215-60r18-98h-moe-ssr-moe-2024-r\/"},"modified":"2026-01-01T21:54:52","modified_gmt":"2026-01-01T20:54:52","slug":"2x-continental-wintercontact-ts-850-p-suv-215-60r18-98h-moe-ssr-moe-2024-r","status":"publish","type":"product","link":"https:\/\/oponixo.shop\/tire\/produkt\/2x-continental-wintercontact-ts-850-p-suv-215-60r18-98h-moe-ssr-moe-2024-r\/","title":{"rendered":"2x CONTINENTAL WinterContact TS 850 P SUV 215\/60R18 98H MOE SSR MOE 2024 r"},"content":{"rendered":"<div style=\"font-family: Arial, sans-serif; line-height: 1.6; color: #333; padding: 20px; clear: both; display: block; width: 100%; float: none; position: static; overflow: hidden;\">\n<div style=\"clear: both; display: block; margin: 10px 0;\">\n<div style=\"clear: both; display: block; margin: 10px 0;\">\n<div style=\"clear: both; display: block; margin: 10px 0;\">\n<h1>Rok produkcji: 2024<\/h1>\n<\/div>\n<\/div>\n<\/div>\n<div style=\"clear: both; display: block; margin: 10px 0;\">\n<div style=\"clear: both; display: block; margin: 10px 0;\">\n<div style=\"clear: both; display: block; margin: 10px 0;\">\n<div  style=\"max-width:1200px;max-height:1126px\">\n<div style=\"clear: both; display: block; margin: 10px 0;\">\n<div style=\"clear: both; width: 100%; display: block; margin: 20px 0; padding: 0; float: none; position: static; text-align: center;\"><img decoding=\"async\"  src=\"https:\/\/a.allegroimg.com\/original\/112013\/fda3178848179bec3cb51268a511\/2x-CONTINENTAL-WinterContact-TS-850-P-SUV-215-60R18-98H-MOE-SSR-MOE-2024-r\" srcset=\"https:\/\/a.allegroimg.com\/original\/112013\/fda3178848179bec3cb51268a511\/2x-CONTINENTAL-WinterContact-TS-850-P-SUV-215-60R18-98H-MOE-SSR-MOE-2024-r 360w,https:\/\/a.allegroimg.com\/original\/112013\/fda3178848179bec3cb51268a511\/2x-CONTINENTAL-WinterContact-TS-850-P-SUV-215-60R18-98H-MOE-SSR-MOE-2024-r 720w,https:\/\/a.allegroimg.com\/original\/112013\/fda3178848179bec3cb51268a511\/2x-CONTINENTAL-WinterContact-TS-850-P-SUV-215-60R18-98H-MOE-SSR-MOE-2024-r 1024w,https:\/\/a.allegroimg.com\/original\/112013\/fda3178848179bec3cb51268a511\/2x-CONTINENTAL-WinterContact-TS-850-P-SUV-215-60R18-98H-MOE-SSR-MOE-2024-r 1200w,https:\/\/a.allegroimg.com\/original\/112013\/fda3178848179bec3cb51268a511\/2x-CONTINENTAL-WinterContact-TS-850-P-SUV-215-60R18-98H-MOE-SSR-MOE-2024-r 1200w\" sizes=\"(min-width: 1200px) 560px, (min-width: 992px) 50vw, 100vw\" width=\"1200px\" alt=\"2x CONTINENTAL WinterContact TS 850 P SUV 215\/60R18 98H MOE SSR MOE 2024 r\"\/ style=\"max-width: 100%; height: auto; display: block; margin: 0 auto;\"><\/div>\n<\/div>\n<\/div>\n<\/div>\n<\/div>\n<div style=\"clear: both; display: block; margin: 10px 0;\">\n<div style=\"clear: both; display: block; margin: 10px 0;\">\n<h1>CONTINENTAL WinterContact TS 850 P SUV 215\/60R18 98H SSR MOE<\/h1>\n<h2>E1C804<\/h2>\n<ul style=\"margin: 15px 0; padding-left: 20px; clear: both; display: block; width: 100%; float: none; position: static;\">\n<li style=\"margin: 5px 0; padding: 2px 0; clear: both; display: list-item; float: none; position: static;\"><b>additional-feature2 :<\/b> Mercedes-Benz<\/li>\n<li style=\"margin: 5px 0; padding: 2px 0; clear: both; display: list-item; float: none; position: static;\"><b>additional-feature3 :<\/b> Mercedes-Benz MOE<\/li>\n<li style=\"margin: 5px 0; padding: 2px 0; clear: both; display: list-item; float: none; position: static;\"><b>Budowa opony :<\/b> SSR<\/li>\n<li style=\"margin: 5px 0; padding: 2px 0; clear: both; display: list-item; float: none; position: static;\"><b>Cecha dodatkowa :<\/b> MOE<\/li>\n<li style=\"margin: 5px 0; padding: 2px 0; clear: both; display: list-item; float: none; position: static;\"><b>Data produkcji :<\/b> 2024<\/li>\n<li style=\"margin: 5px 0; padding: 2px 0; clear: both; display: list-item; float: none; position: static;\"><b>Hamowanie na mokrej nawierzchni :<\/b> B<\/li>\n<li style=\"margin: 5px 0; padding: 2px 0; clear: both; display: list-item; float: none; position: static;\"><b>Indeks :<\/b> 215\/60R18 ZTCO 98H 850PRM<\/li>\n<li style=\"margin: 5px 0; padding: 2px 0; clear: both; display: list-item; float: none; position: static;\"><b>Indeks no\u015bno\u015bci :<\/b> 98<\/li>\n<li style=\"margin: 5px 0; padding: 2px 0; clear: both; display: list-item; float: none; position: static;\"><b>Indeks pr\u0119dko\u015bci :<\/b> H &#8211; 210 km\/h<\/li>\n<li style=\"margin: 5px 0; padding: 2px 0; clear: both; display: list-item; float: none; position: static;\"><b>Karta informacyjna produktu :<\/b> https:\/\/eprel.ec.europa.eu\/qr\/479696<\/li>\n<li style=\"margin: 5px 0; padding: 2px 0; clear: both; display: list-item; float: none; position: static;\"><b>Kl. efekt. paliwowej :<\/b> D, E<\/li>\n<li style=\"margin: 5px 0; padding: 2px 0; clear: both; display: list-item; float: none; position: static;\"><b>Kl. przycz. na mokrej naw. :<\/b> B<\/li>\n<li style=\"margin: 5px 0; padding: 2px 0; clear: both; display: list-item; float: none; position: static;\"><b>Kl. zew. ha\u0142asu tocz. :<\/b> 2, B<\/li>\n<li style=\"margin: 5px 0; padding: 2px 0; clear: both; display: list-item; float: none; position: static;\"><b>Klasa opony :<\/b> premium<\/li>\n<li style=\"margin: 5px 0; padding: 2px 0; clear: both; display: list-item; float: none; position: static;\"><b>Kod EAN :<\/b> 4019238749663<\/li>\n<li style=\"margin: 5px 0; padding: 2px 0; clear: both; display: list-item; float: none; position: static;\"><b>Kod producenta :<\/b> 3547930000<\/li>\n<li style=\"margin: 5px 0; padding: 2px 0; clear: both; display: list-item; float: none; position: static;\"><b>Liczba decybeli :<\/b> 72 dB<\/li>\n<li style=\"margin: 5px 0; padding: 2px 0; clear: both; display: list-item; float: none; position: static;\"><b>Model bie\u017cnika :<\/b> WinterContact TS 850 P SUV<\/li>\n<li style=\"margin: 5px 0; padding: 2px 0; clear: both; display: list-item; float: none; position: static;\"><b>Nazwa produktu :<\/b> CONTINENTAL WinterContact TS 850 P SUV 215\/60R18 98H MOE SSR MOE<\/li>\n<li style=\"margin: 5px 0; padding: 2px 0; clear: both; display: list-item; float: none; position: static;\"><b>opona na dedykowan\u0105 o\u015b :<\/b> Prz\u00f3d\/Ty\u0142<\/li>\n<li style=\"margin: 5px 0; padding: 2px 0; clear: both; display: list-item; float: none; position: static;\"><b>Op\u00f3r toczenia :<\/b> D<\/li>\n<li style=\"margin: 5px 0; padding: 2px 0; clear: both; display: list-item; float: none; position: static;\"><b>Poziom emisji ha\u0142asu :<\/b> B<\/li>\n<li style=\"margin: 5px 0; padding: 2px 0; clear: both; display: list-item; float: none; position: static;\"><b>Producent :<\/b> CONTINENTAL<\/li>\n<li style=\"margin: 5px 0; padding: 2px 0; clear: both; display: list-item; float: none; position: static;\"><b>Profil :<\/b> 60<\/li>\n<li style=\"margin: 5px 0; padding: 2px 0; clear: both; display: list-item; float: none; position: static;\"><b>Przeznaczenie :<\/b> samochody osobowe, SUV\/4&#215;4<\/li>\n<li style=\"margin: 5px 0; padding: 2px 0; clear: both; display: list-item; float: none; position: static;\"><b>Przyczepno\u015b\u0107 na lodzie :<\/b> Nie<\/li>\n<li style=\"margin: 5px 0; padding: 2px 0; clear: both; display: list-item; float: none; position: static;\"><b>Przyczepno\u015b\u0107 na \u015bniegu :<\/b> Do 30.04.2021, Tak<\/li>\n<li style=\"margin: 5px 0; padding: 2px 0; clear: both; display: list-item; float: none; position: static;\"><b>QR kod :<\/b> https:\/\/eprel.ec.europa.eu\/qr\/479696<\/li>\n<li style=\"margin: 5px 0; padding: 2px 0; clear: both; display: list-item; float: none; position: static;\"><b>Sezon :<\/b> zimowa<\/li>\n<li style=\"margin: 5px 0; padding: 2px 0; clear: both; display: list-item; float: none; position: static;\"><b>\u015arednica :<\/b> 18&#8243;<\/li>\n<li style=\"margin: 5px 0; padding: 2px 0; clear: both; display: list-item; float: none; position: static;\"><b>Szeroko\u015b\u0107 :<\/b> 215<\/li>\n<li style=\"margin: 5px 0; padding: 2px 0; clear: both; display: list-item; float: none; position: static;\"><b>Wart. pom. i kl. zew. ha\u0142asu tocz. [dB] :<\/b> 72<\/li>\n<\/ul>\n<\/div>\n<\/div>\n<\/div>\n<div style=\"clear: both; display: block; margin: 10px 0;\">\n<div style=\"clear: both; display: block; margin: 10px 0;\">\n<div style=\"clear: both; display: block; margin: 10px 0;\">\n<p style=\"margin: 15px 0; line-height: 1.8; clear: both; display: block; width: 100%; float: none; position: static;\"> Opona zimowa CONTINENTAL Winter Contact TS 850 P jest przeznaczona dla samochod\u00f3w \u015bredniej i wysokiej klasy o du\u017cych mocach i pojemno\u015bciach silnika, do codziennej, szybkiej jazdy. Niezale\u017cnie od warunk\u00f3w atmosferycznych opona ta sprawdza si\u0119 doskonale.<\/p>\n<p style=\"margin: 15px 0; line-height: 1.8; clear: both; display: block; width: 100%; float: none; position: static;\"> Lepsza trakcja w zimowych warunkach<\/p>\n<p style=\"margin: 15px 0; line-height: 1.8; clear: both; display: block; width: 100%; float: none; position: static;\"> Lepsza trakcja na \u015bniegu jest mo\u017cliwa, dzi\u0119ki wzorowi bie\u017cnika &#8222;S-GRIP&#8221;, charakteryzuje si\u0119 on du\u017c\u0105 liczb\u0105 rozmieszczonych wzd\u0142u\u017c blok\u00f3w i lameli. Asymetryczna rze\u017aba, strefowo\u015b\u0107, a co za tym idzie w\u0142a\u015bciwe zastosowanie lamelk\u00f3w, rowk\u00f3w oraz wystaj\u0105cych blok\u00f3w umo\u017cliwia jej w\u0142a\u015bciwe funkcjonowanie zar\u00f3wno na powierzchniach \u015bliskich, za\u015bnie\u017conych jak i mokrych. Dzi\u0119ki rewolucyjnej koncepcji PrecisionPlus i technologii S-Grip, opona WinterContact&amp;trade; TS 850 P jest przygotowana na ka\u017cd\u0105 drog\u0119 i ka\u017cde warunki.<\/p>\n<p style=\"margin: 15px 0; line-height: 1.8; clear: both; display: block; width: 100%; float: none; position: static;\"> Ochrona przed po\u015blizgami<\/p>\n<p style=\"margin: 15px 0; line-height: 1.8; clear: both; display: block; width: 100%; float: none; position: static;\"> Lepsza trakcja na \u015bniegu wymaga wy\u017cszego tarcia. Nowa opona WinterContact&amp;trade; TS 850 P posiada liczne wzd\u0142u\u017cnie rozmieszczone bloki i lamele z du\u017c\u0105 liczb\u0105 kraw\u0119dzi chwytaj\u0105cych, kt\u00f3re skuteczniej zbieraj\u0105 \u015bnieg w rowki i lamele w celu zwi\u0119kszenia tarcia na \u015bniegu. Efektem jest lepsza trakcja i kr\u00f3tsza droga hamowania na o\u015bnie\u017conej nawierzchni. Opona TS 850 P jest rekomendowana w te\u015bcie opon zimowych do samochod\u00f3w sportowych przeprowadzonych w 2014 roku.<\/p>\n<p style=\"margin: 15px 0; line-height: 1.8; clear: both; display: block; width: 100%; float: none; position: static;\"> Wi\u0119ksza skuteczno\u015b\u0107 hamowania na lodzie i \u015bniegu<\/p>\n<p style=\"margin: 15px 0; line-height: 1.8; clear: both; display: block; width: 100%; float: none; position: static;\"> Na prowadzenie na suchej nawierzchni du\u017cy wp\u0142yw ma sztywno\u015b\u0107 bie\u017cnika. Technologia PowerSipes w blokach bie\u017cnika po zewn\u0119trznej stronie opony s\u0142u\u017cy zwi\u0119kszeniu sztywno\u015bci blok\u00f3w. Pozwala to na jeszcze precyzyjniejsze przenoszenie polece\u0144 kierowcy w zakr\u0119tach. Jednocze\u015bnie lamele i bloki w wewn\u0119trznej i centralnej cz\u0119\u015bci wsp\u00f3lnie poprawiaj\u0105 przyczepno\u015b\u0107. Zastosowanie kr\u00f3tszej \u015bciany bocznej pozwala znie\u015b\u0107 gwa\u0142towny wzrost si\u0142 bocznych.<\/p>\n<p style=\"margin: 15px 0; line-height: 1.8; clear: both; display: block; width: 100%; float: none; position: static;\"> Ni\u017csze i r\u00f3wnomierne zu\u017cycie<\/p>\n<p style=\"margin: 15px 0; line-height: 1.8; clear: both; display: block; width: 100%; float: none; position: static;\"> Opona CONTINENTAL ContiWinterContact TS 850 P zu\u017cywa si\u0119 powoli i r\u00f3wnomiernie, dzi\u0119ki zoptymalizowanej sztywno\u015bci blok\u00f3w i nacisku powierzchni styku bie\u017cnika z jezdni\u0105. Opona TS 850 P to nast\u0119pna generacja opon Continental o doskona\u0142ych osi\u0105gach. <\/p>\n<\/div>\n<\/div>\n<div style=\"clear: both; display: block; margin: 10px 0;\">\n<div style=\"clear: both; display: block; margin: 10px 0;\">\n<div  style=\"max-width:886px;max-height:1299px\">\n<div style=\"clear: both; display: block; margin: 10px 0;\">\n<div style=\"clear: both; width: 100%; display: block; margin: 20px 0; padding: 0; float: none; position: static; text-align: center;\"><img decoding=\"async\"  src=\"https:\/\/a.allegroimg.com\/original\/117e62\/1aa522f04ea89988aad70e715975\/2x-CONTINENTAL-WinterContact-TS-850-P-SUV-215-60R18-98H-MOE-SSR-MOE-2024-r-Srednica-18\" srcset=\"https:\/\/a.allegroimg.com\/original\/117e62\/1aa522f04ea89988aad70e715975\/2x-CONTINENTAL-WinterContact-TS-850-P-SUV-215-60R18-98H-MOE-SSR-MOE-2024-r-Srednica-18 245w,https:\/\/a.allegroimg.com\/original\/117e62\/1aa522f04ea89988aad70e715975\/2x-CONTINENTAL-WinterContact-TS-850-P-SUV-215-60R18-98H-MOE-SSR-MOE-2024-r-Srednica-18 491w,https:\/\/a.allegroimg.com\/original\/117e62\/1aa522f04ea89988aad70e715975\/2x-CONTINENTAL-WinterContact-TS-850-P-SUV-215-60R18-98H-MOE-SSR-MOE-2024-r-Srednica-18 698w,https:\/\/a.allegroimg.com\/original\/117e62\/1aa522f04ea89988aad70e715975\/2x-CONTINENTAL-WinterContact-TS-850-P-SUV-215-60R18-98H-MOE-SSR-MOE-2024-r-Srednica-18 886w,https:\/\/a.allegroimg.com\/original\/117e62\/1aa522f04ea89988aad70e715975\/2x-CONTINENTAL-WinterContact-TS-850-P-SUV-215-60R18-98H-MOE-SSR-MOE-2024-r-Srednica-18 886w\" sizes=\"(min-width: 1200px) 560px, (min-width: 992px) 50vw, 100vw\" width=\"886px\" alt=\"2x CONTINENTAL WinterContact TS 850 P SUV 215\/60R18 98H MOE SSR MOE 2024 r \u015arednica 18&quot;\"\/ style=\"max-width: 100%; height: auto; display: block; margin: 0 auto;\"><\/div>\n<\/div>\n<\/div>\n<\/div>\n<\/div>\n<\/div>\n<div style=\"clear: both; display: block; margin: 10px 0;\">\n<div style=\"clear: both; display: block; margin: 10px 0;\">\n<div style=\"clear: both; display: block; margin: 10px 0;\">\n<p style=\"margin: 15px 0; line-height: 1.8; clear: both; display: block; width: 100%; float: none; position: static;\">Wychodz\u0105c naprzeciw oczekiwaniom Klient\u00f3w i chc\u0105c spe\u0142nia\u0107 jak najwy\u017csze standardy obs\u0142ugi dok\u0142adamy wszelkich stara\u0144, aby podawa\u0107 precyzyjn\u0105 dat\u0119 produkcji opony (DOT). Niestety, w wyj\u0105tkowych przypadkach, mo\u017ce zdarzy\u0107 si\u0119, \u017ce opony, kt\u00f3re wy\u015blemy b\u0119d\u0105 mia\u0142y inn\u0105 dat\u0119 produkcji ni\u017c podana. Sytuacja mo\u017ce dotyczy\u0107 zar\u00f3wno opon z DOT-em wcze\u015bniejszym jak i p\u00f3\u017aniejszym. Chcieliby\u015bmy podkre\u015bli\u0107, \u017ce warunki przechowywania opon w naszych magazynach spe\u0142niaj\u0105 Polsk\u0105 Norm\u0119 PN-C-94300-7 dzi\u0119ki czemu nawet opona przechowywana 24 miesi\u0105ce ma parametry takie same jak opona z bie\u017c\u0105cego roku. Warto pami\u0119ta\u0107 tak\u017ce o fakcie, \u017ce w przypadku wielu rozmiar\u00f3w i producent\u00f3w plany produkcyjne fabryk uniemo\u017cliwiaj\u0105 zakup opony z bie\u017c\u0105cego roku.<\/p>\n<p style=\"margin: 15px 0; line-height: 1.8; clear: both; display: block; width: 100%; float: none; position: static;\">Przy zakupie opon pami\u0119taj o sprawdzeniu w instrukcji samochodu lub na w\u0142a\u015bciwej stronie internetowej, jakie ogumienie zaleca producent Twojego auta. \u0179le dobrane opony mog\u0105 negatywnie wp\u0142yn\u0105\u0107 na poziom Twojego bezpiecze\u0144stwa. Kupuj\u0105c opony zwr\u00f3\u0107 uwag\u0119 na rozmiar oraz indeksy no\u015bno\u015bci i pr\u0119dko\u015bci jakie homologowane s\u0105 do Twojego pojazdu.<\/p>\n<p style=\"margin: 15px 0; line-height: 1.8; clear: both; display: block; width: 100%; float: none; position: static;\">Zamieszczone zdj\u0119cia pe\u0142ni\u0105 funkcj\u0119 pogl\u0105dow\u0105. W zale\u017cno\u015bci od szeroko\u015bci opon, mog\u0105 wyst\u0119powa\u0107 niewielkie r\u00f3\u017cnice w wygl\u0105dzie bie\u017cnika (w obr\u0119bie jednego modelu) na przyk\u0142ad w ilo\u015bci rowk\u00f3w obwodowych lub rozmieszczeniu blok\u00f3w bie\u017cnika, co nie stanowi wady produktu.<\/p>\n<p style=\"margin: 15px 0; line-height: 1.8; clear: both; display: block; width: 100%; float: none; position: static;\">Je\u017celi otrzymane przez Ciebie opony nie spe\u0142niaj\u0105 Twoich oczekiwa\u0144 masz mo\u017cliwo\u015b\u0107 zwrotu lub wymiany nieu\u017cywanego (niemontowanego) ogumienia.<\/p>\n<\/div>\n<\/div>\n<\/div>\n<div style=\"clear: both; display: block; margin: 10px 0;\">\n<div style=\"clear: both; display: block; margin: 10px 0;\">\n<div style=\"clear: both; display: block; margin: 10px 0;\">\n<div  style=\"max-width:2000px;max-height:614px\">\n<div style=\"clear: both; display: block; margin: 10px 0;\">\n<div style=\"clear: both; width: 100%; display: block; margin: 20px 0; padding: 0; float: none; position: static; text-align: center;\"><img decoding=\"async\"  src=\"https:\/\/a.allegroimg.com\/original\/11e95e\/34cff8df42a0b007cbe8e6ea8bb4\/2x-CONTINENTAL-WinterContact-TS-850-P-SUV-215-60R18-98H-MOE-SSR-MOE-2024-r-Halas-zewnetrzny-72-dB\" srcset=\"https:\/\/a.allegroimg.com\/original\/11e95e\/34cff8df42a0b007cbe8e6ea8bb4\/2x-CONTINENTAL-WinterContact-TS-850-P-SUV-215-60R18-98H-MOE-SSR-MOE-2024-r-Halas-zewnetrzny-72-dB 360w,https:\/\/a.allegroimg.com\/original\/11e95e\/34cff8df42a0b007cbe8e6ea8bb4\/2x-CONTINENTAL-WinterContact-TS-850-P-SUV-215-60R18-98H-MOE-SSR-MOE-2024-r-Halas-zewnetrzny-72-dB 720w,https:\/\/a.allegroimg.com\/original\/11e95e\/34cff8df42a0b007cbe8e6ea8bb4\/2x-CONTINENTAL-WinterContact-TS-850-P-SUV-215-60R18-98H-MOE-SSR-MOE-2024-r-Halas-zewnetrzny-72-dB 1024w,https:\/\/a.allegroimg.com\/original\/11e95e\/34cff8df42a0b007cbe8e6ea8bb4\/2x-CONTINENTAL-WinterContact-TS-850-P-SUV-215-60R18-98H-MOE-SSR-MOE-2024-r-Halas-zewnetrzny-72-dB 1440w,https:\/\/a.allegroimg.com\/original\/11e95e\/34cff8df42a0b007cbe8e6ea8bb4\/2x-CONTINENTAL-WinterContact-TS-850-P-SUV-215-60R18-98H-MOE-SSR-MOE-2024-r-Halas-zewnetrzny-72-dB 2000w\" sizes=\"(min-width: 1200px) 560px, (min-width: 992px) 50vw, 100vw\" width=\"2000px\" alt=\"2x CONTINENTAL WinterContact TS 850 P SUV 215\/60R18 98H MOE SSR MOE 2024 r Ha\u0142as zewn\u0119trzny 72 dB\"\/ style=\"max-width: 100%; height: auto; display: block; margin: 0 auto;\"><\/div>\n<\/div>\n<\/div>\n<\/div>\n<\/div>\n<div style=\"clear: both; display: block; margin: 10px 0;\">\n<div style=\"clear: both; display: block; margin: 10px 0;\">\n<h1>Continental<\/h1>\n<p style=\"margin: 15px 0; line-height: 1.8; clear: both; display: block; width: 100%; float: none; position: static;\">Continental AG to globalny dostawca opon, inteligentnych element\u00f3w zawieszenia i system\u00f3w bezpiecze\u0144stwa. Bior\u0105c pod uwag\u0119 produkcj\u0119 opon, koncern zajmuje pierwsz\u0105 pozycje w Niemczech, drug\u0105 w Europie i czwart\u0105 na \u015bwiecie<\/p>\n<\/div>\n<\/div>\n<\/div>\n<\/div>\n<\/div>\n<\/div>\n<div style=\"clear: both; display: block; margin: 10px 0;\">\n","protected":false},"excerpt":{"rendered":"<p>Rok produkcji: 2024<\/p>\n<p>CONTINENTAL WinterContact TS 850 P SUV 215\/60R18 98H SSR MOE<\/p>\n<p>E1C804<\/p>\n<p>additional-feature2 : Mercedes-Benz<\/p>\n<p>additional-feature3 : Mercedes-Benz MOE<\/p>\n<p>Budowa opony : SSR<\/p>\n<p>Cecha dodatkowa : MOE<\/p>\n<p>Data produkcji : 2024<\/p>\n","protected":false},"featured_media":11473,"template":"","meta":{"_uag_custom_page_level_css":""},"product_brand":[396],"product_cat":[414,413,412,415],"product_tag":[],"class_list":{"0":"post-11472","1":"product","2":"type-product","3":"status-publish","4":"has-post-thumbnail","6":"product_brand-continental","7":"product_cat-do-samochodow-osobowych-i-suv","8":"product_cat-opony","9":"product_cat-opony-i-felgi","10":"product_cat-zimowe","12":"first","13":"instock","14":"shipping-taxable","15":"purchasable","16":"product-type-simple"},"uagb_featured_image_src":{"full":["https:\/\/oponixo.shop\/tire\/wp-content\/uploads\/2026\/01\/allegro-image-11472.jpg",1200,1126,false],"thumbnail":["https:\/\/oponixo.shop\/tire\/wp-content\/uploads\/2026\/01\/allegro-image-11472-150x150.jpg",150,150,true],"medium":["https:\/\/oponixo.shop\/tire\/wp-content\/uploads\/2026\/01\/allegro-image-11472-300x282.jpg",300,282,true],"medium_large":["https:\/\/oponixo.shop\/tire\/wp-content\/uploads\/2026\/01\/allegro-image-11472-768x721.jpg",768,721,true],"large":["https:\/\/oponixo.shop\/tire\/wp-content\/uploads\/2026\/01\/allegro-image-11472-1024x961.jpg",1024,961,true],"1536x1536":["https:\/\/oponixo.shop\/tire\/wp-content\/uploads\/2026\/01\/allegro-image-11472.jpg",1200,1126,false],"2048x2048":["https:\/\/oponixo.shop\/tire\/wp-content\/uploads\/2026\/01\/allegro-image-11472.jpg",1200,1126,false],"woocommerce_thumbnail":["https:\/\/oponixo.shop\/tire\/wp-content\/uploads\/2026\/01\/allegro-image-11472-300x300.jpg",300,300,true],"woocommerce_single":["https:\/\/oponixo.shop\/tire\/wp-content\/uploads\/2026\/01\/allegro-image-11472-600x563.jpg",600,563,true],"woocommerce_gallery_thumbnail":["https:\/\/oponixo.shop\/tire\/wp-content\/uploads\/2026\/01\/allegro-image-11472-100x100.jpg",100,100,true]},"uagb_author_info":{"display_name":"admin","author_link":"https:\/\/oponixo.shop\/tire\/author\/"},"uagb_comment_info":0,"uagb_excerpt":"Rok produkcji: 2024 CONTINENTAL WinterContact TS 850 P SUV 215\/60R18 98H SSR MOE E1C804 additional-feature2 : Mercedes-Benz additional-feature3 : Mercedes-Benz MOE Budowa opony : SSR Cecha dodatkowa : MOE Data produkcji : 2024","_links":{"self":[{"href":"https:\/\/oponixo.shop\/tire\/wp-json\/wp\/v2\/product\/11472","targetHints":{"allow":["GET"]}}],"collection":[{"href":"https:\/\/oponixo.shop\/tire\/wp-json\/wp\/v2\/product"}],"about":[{"href":"https:\/\/oponixo.shop\/tire\/wp-json\/wp\/v2\/types\/product"}],"wp:featuredmedia":[{"embeddable":true,"href":"https:\/\/oponixo.shop\/tire\/wp-json\/wp\/v2\/media\/11473"}],"wp:attachment":[{"href":"https:\/\/oponixo.shop\/tire\/wp-json\/wp\/v2\/media?parent=11472"}],"wp:term":[{"taxonomy":"product_brand","embeddable":true,"href":"https:\/\/oponixo.shop\/tire\/wp-json\/wp\/v2\/product_brand?post=11472"},{"taxonomy":"product_cat","embeddable":true,"href":"https:\/\/oponixo.shop\/tire\/wp-json\/wp\/v2\/product_cat?post=11472"},{"taxonomy":"product_tag","embeddable":true,"href":"https:\/\/oponixo.shop\/tire\/wp-json\/wp\/v2\/product_tag?post=11472"}],"curies":[{"name":"wp","href":"https:\/\/api.w.org\/{rel}","templated":true}]}}