{"id":11474,"date":"2026-01-01T21:54:52","date_gmt":"2026-01-01T20:54:52","guid":{"rendered":"https:\/\/oponyexpert.shop\/xef5\/produkt\/opona-zimowa-continental-wintercontact-ts-850-p-215-60r18-102-t\/"},"modified":"2026-01-01T21:54:52","modified_gmt":"2026-01-01T20:54:52","slug":"opona-zimowa-continental-wintercontact-ts-850-p-215-60r18-102-t","status":"publish","type":"product","link":"https:\/\/oponixo.shop\/tire\/produkt\/opona-zimowa-continental-wintercontact-ts-850-p-215-60r18-102-t\/","title":{"rendered":"Opona zimowa Continental WinterContact TS 850 P 215\/60R18 102 T"},"content":{"rendered":"<div style=\"font-family: Arial, sans-serif; line-height: 1.6; color: #333; padding: 20px; clear: both; display: block; width: 100%; float: none; position: static; overflow: hidden;\">\n<div style=\"clear: both; display: block; margin: 10px 0;\">\n<div style=\"clear: both; display: block; margin: 10px 0;\">\n<div style=\"clear: both; display: block; margin: 10px 0;\">\n<p style=\"margin: 15px 0; line-height: 1.8; clear: both; display: block; width: 100%; float: none; position: static;\"> Opona Continental Wintercontact Ts 850 P 215\/60R18 102 T<\/p>\n<p style=\"margin: 15px 0; line-height: 1.8; clear: both; display: block; width: 100%; float: none; position: static;\">Cechy produktu:<\/p>\n<ul style=\"margin: 15px 0; padding-left: 20px; clear: both; display: block; width: 100%; float: none; position: static;\">\n<li style=\"margin: 5px 0; padding: 2px 0; clear: both; display: list-item; float: none; position: static;\">sezon: Zimowe<\/li>\n<li style=\"margin: 5px 0; padding: 2px 0; clear: both; display: list-item; float: none; position: static;\">szeroko\u015b\u0107\/profil\/\u015brednica: 215\/60R18<\/li>\n<li style=\"margin: 5px 0; padding: 2px 0; clear: both; display: list-item; float: none; position: static;\">indeks no\u015bno\u015bci: 102 &#8211; 850 kg<\/li>\n<li style=\"margin: 5px 0; padding: 2px 0; clear: both; display: list-item; float: none; position: static;\">indeks pr\u0119dko\u015bci: T do 190 km\/h<\/li>\n<\/ul>\n<p style=\"margin: 15px 0; line-height: 1.8; clear: both; display: block; width: 100%; float: none; position: static;\">\n<\/div>\n<\/div>\n<\/div>\n<div style=\"clear: both; display: block; margin: 10px 0;\">\n<div style=\"clear: both; display: block; margin: 10px 0;\">\n<div style=\"clear: both; display: block; margin: 10px 0;\">\n<div  style=\"max-width:1004px;max-height:1299px\">\n<div style=\"clear: both; display: block; margin: 10px 0;\">\n<div style=\"clear: both; width: 100%; display: block; margin: 20px 0; padding: 0; float: none; position: static; text-align: center;\"><img decoding=\"async\"  src=\"https:\/\/4.allegroimg.com\/original\/0019c0\/2af3a2744c349bee84275dd32264\/Opona-zimowa-Continental-WinterContact-TS-850-P-215-60R18-102-T\" srcset=\"https:\/\/4.allegroimg.com\/original\/0019c0\/2af3a2744c349bee84275dd32264\/Opona-zimowa-Continental-WinterContact-TS-850-P-215-60R18-102-T 278w,https:\/\/4.allegroimg.com\/original\/0019c0\/2af3a2744c349bee84275dd32264\/Opona-zimowa-Continental-WinterContact-TS-850-P-215-60R18-102-T 556w,https:\/\/4.allegroimg.com\/original\/0019c0\/2af3a2744c349bee84275dd32264\/Opona-zimowa-Continental-WinterContact-TS-850-P-215-60R18-102-T 791w,https:\/\/4.allegroimg.com\/original\/0019c0\/2af3a2744c349bee84275dd32264\/Opona-zimowa-Continental-WinterContact-TS-850-P-215-60R18-102-T 1004w,https:\/\/4.allegroimg.com\/original\/0019c0\/2af3a2744c349bee84275dd32264\/Opona-zimowa-Continental-WinterContact-TS-850-P-215-60R18-102-T 1004w\" sizes=\"100vw\" width=\"1004px\" alt=\"Opona zimowa Continental WinterContact TS 850 P 215\/60R18 102 T\"\/ style=\"max-width: 100%; height: auto; display: block; margin: 0 auto;\"><\/div>\n<\/div>\n<\/div>\n<\/div>\n<\/div>\n<\/div>\n<\/div>\n<\/div>\n<\/div>\n<div style=\"clear: both; display: block; margin: 10px 0;\">\n","protected":false},"excerpt":{"rendered":"<p>Opona Continental Wintercontact Ts 850 P 215\/60R18 102 T<\/p>\n<p>Cechy produktu:<\/p>\n<p>sezon: Zimowe<\/p>\n<p>szeroko\u015b\u0107\/profil\/\u015brednica: 215\/60R18<\/p>\n<p>indeks no\u015bno\u015bci: 102 &#8211; 850 kg<\/p>\n<p>indeks pr\u0119dko\u015bci: T do 190 km\/h<\/p>\n","protected":false},"featured_media":11475,"template":"","meta":{"_uag_custom_page_level_css":""},"product_brand":[396],"product_cat":[414,413,412,415],"product_tag":[],"class_list":{"0":"post-11474","1":"product","2":"type-product","3":"status-publish","4":"has-post-thumbnail","6":"product_brand-continental","7":"product_cat-do-samochodow-osobowych-i-suv","8":"product_cat-opony","9":"product_cat-opony-i-felgi","10":"product_cat-zimowe","12":"first","13":"instock","14":"shipping-taxable","15":"purchasable","16":"product-type-simple"},"uagb_featured_image_src":{"full":["https:\/\/oponixo.shop\/tire\/wp-content\/uploads\/2026\/01\/allegro-image-11474.jpg",1004,1299,false],"thumbnail":["https:\/\/oponixo.shop\/tire\/wp-content\/uploads\/2026\/01\/allegro-image-11474-150x150.jpg",150,150,true],"medium":["https:\/\/oponixo.shop\/tire\/wp-content\/uploads\/2026\/01\/allegro-image-11474-232x300.jpg",232,300,true],"medium_large":["https:\/\/oponixo.shop\/tire\/wp-content\/uploads\/2026\/01\/allegro-image-11474-768x994.jpg",768,994,true],"large":["https:\/\/oponixo.shop\/tire\/wp-content\/uploads\/2026\/01\/allegro-image-11474-791x1024.jpg",791,1024,true],"1536x1536":["https:\/\/oponixo.shop\/tire\/wp-content\/uploads\/2026\/01\/allegro-image-11474.jpg",1004,1299,false],"2048x2048":["https:\/\/oponixo.shop\/tire\/wp-content\/uploads\/2026\/01\/allegro-image-11474.jpg",1004,1299,false],"woocommerce_thumbnail":["https:\/\/oponixo.shop\/tire\/wp-content\/uploads\/2026\/01\/allegro-image-11474-300x300.jpg",300,300,true],"woocommerce_single":["https:\/\/oponixo.shop\/tire\/wp-content\/uploads\/2026\/01\/allegro-image-11474-600x776.jpg",600,776,true],"woocommerce_gallery_thumbnail":["https:\/\/oponixo.shop\/tire\/wp-content\/uploads\/2026\/01\/allegro-image-11474-100x100.jpg",100,100,true]},"uagb_author_info":{"display_name":"admin","author_link":"https:\/\/oponixo.shop\/tire\/author\/"},"uagb_comment_info":0,"uagb_excerpt":"Opona Continental Wintercontact Ts 850 P 215\/60R18 102 T Cechy produktu: sezon: Zimowe szeroko\u015b\u0107\/profil\/\u015brednica: 215\/60R18 indeks no\u015bno\u015bci: 102 - 850 kg indeks pr\u0119dko\u015bci: T do 190 km\/h","_links":{"self":[{"href":"https:\/\/oponixo.shop\/tire\/wp-json\/wp\/v2\/product\/11474","targetHints":{"allow":["GET"]}}],"collection":[{"href":"https:\/\/oponixo.shop\/tire\/wp-json\/wp\/v2\/product"}],"about":[{"href":"https:\/\/oponixo.shop\/tire\/wp-json\/wp\/v2\/types\/product"}],"wp:featuredmedia":[{"embeddable":true,"href":"https:\/\/oponixo.shop\/tire\/wp-json\/wp\/v2\/media\/11475"}],"wp:attachment":[{"href":"https:\/\/oponixo.shop\/tire\/wp-json\/wp\/v2\/media?parent=11474"}],"wp:term":[{"taxonomy":"product_brand","embeddable":true,"href":"https:\/\/oponixo.shop\/tire\/wp-json\/wp\/v2\/product_brand?post=11474"},{"taxonomy":"product_cat","embeddable":true,"href":"https:\/\/oponixo.shop\/tire\/wp-json\/wp\/v2\/product_cat?post=11474"},{"taxonomy":"product_tag","embeddable":true,"href":"https:\/\/oponixo.shop\/tire\/wp-json\/wp\/v2\/product_tag?post=11474"}],"curies":[{"name":"wp","href":"https:\/\/api.w.org\/{rel}","templated":true}]}}