{"id":11516,"date":"2026-01-01T22:15:56","date_gmt":"2026-01-01T21:15:56","guid":{"rendered":"https:\/\/oponyexpert.shop\/xef5\/produkt\/2x-nexen-winguard-snow-g3-195-45r16-84h-xl-2024-r\/"},"modified":"2026-01-01T22:15:57","modified_gmt":"2026-01-01T21:15:57","slug":"2x-nexen-winguard-snow-g3-195-45r16-84h-xl-2024-r","status":"publish","type":"product","link":"https:\/\/oponixo.shop\/tire\/produkt\/2x-nexen-winguard-snow-g3-195-45r16-84h-xl-2024-r\/","title":{"rendered":"2x NEXEN Winguard Snow G3 195\/45R16 84H XL 2024 r"},"content":{"rendered":"<div style=\"font-family: Arial, sans-serif; line-height: 1.6; color: #333; padding: 20px; clear: both; display: block; width: 100%; float: none; position: static; overflow: hidden;\">\n<div style=\"clear: both; display: block; margin: 10px 0;\">\n<div style=\"clear: both; display: block; margin: 10px 0;\">\n<div style=\"clear: both; display: block; margin: 10px 0;\">\n<h1>Rok produkcji: 2024<\/h1>\n<\/div>\n<\/div>\n<\/div>\n<div style=\"clear: both; display: block; margin: 10px 0;\">\n<div style=\"clear: both; display: block; margin: 10px 0;\">\n<div style=\"clear: both; display: block; margin: 10px 0;\">\n<div  style=\"max-width:1049px;max-height:1200px\">\n<div style=\"clear: both; display: block; margin: 10px 0;\">\n<div style=\"clear: both; width: 100%; display: block; margin: 20px 0; padding: 0; float: none; position: static; text-align: center;\"><img decoding=\"async\"  src=\"https:\/\/a.allegroimg.com\/original\/112343\/f9dc25e3487683c62b8b4fbd79d9\/2x-NEXEN-Winguard-Snow-G3-195-45R16-84H-XL-2024-r\" srcset=\"https:\/\/a.allegroimg.com\/original\/112343\/f9dc25e3487683c62b8b4fbd79d9\/2x-NEXEN-Winguard-Snow-G3-195-45R16-84H-XL-2024-r 314w,https:\/\/a.allegroimg.com\/original\/112343\/f9dc25e3487683c62b8b4fbd79d9\/2x-NEXEN-Winguard-Snow-G3-195-45R16-84H-XL-2024-r 629w,https:\/\/a.allegroimg.com\/original\/112343\/f9dc25e3487683c62b8b4fbd79d9\/2x-NEXEN-Winguard-Snow-G3-195-45R16-84H-XL-2024-r 895w,https:\/\/a.allegroimg.com\/original\/112343\/f9dc25e3487683c62b8b4fbd79d9\/2x-NEXEN-Winguard-Snow-G3-195-45R16-84H-XL-2024-r 1049w,https:\/\/a.allegroimg.com\/original\/112343\/f9dc25e3487683c62b8b4fbd79d9\/2x-NEXEN-Winguard-Snow-G3-195-45R16-84H-XL-2024-r 1049w\" sizes=\"(min-width: 1200px) 560px, (min-width: 992px) 50vw, 100vw\" width=\"1049px\" alt=\"2x NEXEN Winguard Snow G3 195\/45R16 84H XL 2024 r\"\/ style=\"max-width: 100%; height: auto; display: block; margin: 0 auto;\"><\/div>\n<\/div>\n<\/div>\n<\/div>\n<\/div>\n<div style=\"clear: both; display: block; margin: 10px 0;\">\n<div style=\"clear: both; display: block; margin: 10px 0;\">\n<h1>NEXEN Winguard Snow G3 195\/45R16 84H XL<\/h1>\n<h2>H0HGF2<\/h2>\n<ul style=\"margin: 15px 0; padding-left: 20px; clear: both; display: block; width: 100%; float: none; position: static;\">\n<li style=\"margin: 5px 0; padding: 2px 0; clear: both; display: list-item; float: none; position: static;\"><b>Data produkcji :<\/b> 2024<\/li>\n<li style=\"margin: 5px 0; padding: 2px 0; clear: both; display: list-item; float: none; position: static;\"><b>Hamowanie na mokrej nawierzchni :<\/b> C<\/li>\n<li style=\"margin: 5px 0; padding: 2px 0; clear: both; display: list-item; float: none; position: static;\"><b>Indeks :<\/b> 195\/45R16 ZONE 84H WSG3, 195\/45R16 ZONE 84H WSG3<\/li>\n<li style=\"margin: 5px 0; padding: 2px 0; clear: both; display: list-item; float: none; position: static;\"><b>Indeks no\u015bno\u015bci :<\/b> 84<\/li>\n<li style=\"margin: 5px 0; padding: 2px 0; clear: both; display: list-item; float: none; position: static;\"><b>Indeks pr\u0119dko\u015bci :<\/b> H &#8211; 210 km\/h<\/li>\n<li style=\"margin: 5px 0; padding: 2px 0; clear: both; display: list-item; float: none; position: static;\"><b>Karta informacyjna produktu :<\/b> https:\/\/eprel.ec.europa.eu\/qr\/2067118<\/li>\n<li style=\"margin: 5px 0; padding: 2px 0; clear: both; display: list-item; float: none; position: static;\"><b>Klasa opony :<\/b> \u015brednia<\/li>\n<li style=\"margin: 5px 0; padding: 2px 0; clear: both; display: list-item; float: none; position: static;\"><b>Kod EAN :<\/b> 8807622225321<\/li>\n<li style=\"margin: 5px 0; padding: 2px 0; clear: both; display: list-item; float: none; position: static;\"><b>Kod producenta :<\/b> 19072NX<\/li>\n<li style=\"margin: 5px 0; padding: 2px 0; clear: both; display: list-item; float: none; position: static;\"><b>Liczba decybeli :<\/b> 72 dB<\/li>\n<li style=\"margin: 5px 0; padding: 2px 0; clear: both; display: list-item; float: none; position: static;\"><b>Model bie\u017cnika :<\/b> Winguard Snow G3<\/li>\n<li style=\"margin: 5px 0; padding: 2px 0; clear: both; display: list-item; float: none; position: static;\"><b>Nazwa produktu :<\/b> NEXEN Winguard Snow G3 195\/45R16 84H XL<\/li>\n<li style=\"margin: 5px 0; padding: 2px 0; clear: both; display: list-item; float: none; position: static;\"><b>No\u015bno\u015b\u0107 opony :<\/b> XL<\/li>\n<li style=\"margin: 5px 0; padding: 2px 0; clear: both; display: list-item; float: none; position: static;\"><b>opona na dedykowan\u0105 o\u015b :<\/b> Prz\u00f3d\/Ty\u0142<\/li>\n<li style=\"margin: 5px 0; padding: 2px 0; clear: both; display: list-item; float: none; position: static;\"><b>Op\u00f3r toczenia :<\/b> D<\/li>\n<li style=\"margin: 5px 0; padding: 2px 0; clear: both; display: list-item; float: none; position: static;\"><b>Poziom emisji ha\u0142asu :<\/b> B<\/li>\n<li style=\"margin: 5px 0; padding: 2px 0; clear: both; display: list-item; float: none; position: static;\"><b>Producent :<\/b> NEXEN<\/li>\n<li style=\"margin: 5px 0; padding: 2px 0; clear: both; display: list-item; float: none; position: static;\"><b>Profil :<\/b> 45<\/li>\n<li style=\"margin: 5px 0; padding: 2px 0; clear: both; display: list-item; float: none; position: static;\"><b>Przeznaczenie :<\/b> samochody osobowe, SUV\/4&#215;4<\/li>\n<li style=\"margin: 5px 0; padding: 2px 0; clear: both; display: list-item; float: none; position: static;\"><b>Przyczepno\u015b\u0107 na lodzie :<\/b> Nie<\/li>\n<li style=\"margin: 5px 0; padding: 2px 0; clear: both; display: list-item; float: none; position: static;\"><b>Przyczepno\u015b\u0107 na \u015bniegu :<\/b> Tak<\/li>\n<li style=\"margin: 5px 0; padding: 2px 0; clear: both; display: list-item; float: none; position: static;\"><b>QR kod :<\/b> https:\/\/eprel.ec.europa.eu\/qr\/2067118<\/li>\n<li style=\"margin: 5px 0; padding: 2px 0; clear: both; display: list-item; float: none; position: static;\"><b>Sezon :<\/b> zimowa<\/li>\n<li style=\"margin: 5px 0; padding: 2px 0; clear: both; display: list-item; float: none; position: static;\"><b>\u015arednica :<\/b> 16&#8243;<\/li>\n<li style=\"margin: 5px 0; padding: 2px 0; clear: both; display: list-item; float: none; position: static;\"><b>Szeroko\u015b\u0107 :<\/b> 195<\/li>\n<\/ul>\n<\/div>\n<\/div>\n<\/div>\n<div style=\"clear: both; display: block; margin: 10px 0;\">\n<div style=\"clear: both; display: block; margin: 10px 0;\">\n<div style=\"clear: both; display: block; margin: 10px 0;\">\n<p style=\"margin: 15px 0; line-height: 1.8; clear: both; display: block; width: 100%; float: none; position: static;\">19072NXE, Winguard Snow G3, NEXEN, Zimowa, Opona osobowa, XL, 3PMSF; M+S, opory toczenia &#8211; D; przyczepno\u015b\u0107 na mokrej nawierzchni &#8211; C; ha\u0142as zewn\u0119trzny &#8211; 72 dB (B) przyczepno\u015b\u0107 na \u015bniegu &#8211; Tak; przycze<\/p>\n<\/div>\n<\/div>\n<div style=\"clear: both; display: block; margin: 10px 0;\">\n<div style=\"clear: both; display: block; margin: 10px 0;\">\n<div  style=\"max-width:886px;max-height:1299px\">\n<div style=\"clear: both; display: block; margin: 10px 0;\">\n<div style=\"clear: both; width: 100%; display: block; margin: 20px 0; padding: 0; float: none; position: static; text-align: center;\"><img decoding=\"async\"  src=\"https:\/\/a.allegroimg.com\/original\/1173e6\/bc26392646bc955e1339d6e09429\/2x-NEXEN-Winguard-Snow-G3-195-45R16-84H-XL-2024-r-Marka-Nexen\" srcset=\"https:\/\/a.allegroimg.com\/original\/1173e6\/bc26392646bc955e1339d6e09429\/2x-NEXEN-Winguard-Snow-G3-195-45R16-84H-XL-2024-r-Marka-Nexen 245w,https:\/\/a.allegroimg.com\/original\/1173e6\/bc26392646bc955e1339d6e09429\/2x-NEXEN-Winguard-Snow-G3-195-45R16-84H-XL-2024-r-Marka-Nexen 491w,https:\/\/a.allegroimg.com\/original\/1173e6\/bc26392646bc955e1339d6e09429\/2x-NEXEN-Winguard-Snow-G3-195-45R16-84H-XL-2024-r-Marka-Nexen 698w,https:\/\/a.allegroimg.com\/original\/1173e6\/bc26392646bc955e1339d6e09429\/2x-NEXEN-Winguard-Snow-G3-195-45R16-84H-XL-2024-r-Marka-Nexen 886w,https:\/\/a.allegroimg.com\/original\/1173e6\/bc26392646bc955e1339d6e09429\/2x-NEXEN-Winguard-Snow-G3-195-45R16-84H-XL-2024-r-Marka-Nexen 886w\" sizes=\"(min-width: 1200px) 560px, (min-width: 992px) 50vw, 100vw\" width=\"886px\" alt=\"2x NEXEN Winguard Snow G3 195\/45R16 84H XL 2024 r Marka Nexen\"\/ style=\"max-width: 100%; height: auto; display: block; margin: 0 auto;\"><\/div>\n<\/div>\n<\/div>\n<\/div>\n<\/div>\n<\/div>\n<div style=\"clear: both; display: block; margin: 10px 0;\">\n<div style=\"clear: both; display: block; margin: 10px 0;\">\n<div style=\"clear: both; display: block; margin: 10px 0;\">\n<p style=\"margin: 15px 0; line-height: 1.8; clear: both; display: block; width: 100%; float: none; position: static;\">Wychodz\u0105c naprzeciw oczekiwaniom Klient\u00f3w i chc\u0105c spe\u0142nia\u0107 jak najwy\u017csze standardy obs\u0142ugi dok\u0142adamy wszelkich stara\u0144, aby podawa\u0107 precyzyjn\u0105 dat\u0119 produkcji opony (DOT). Niestety, w wyj\u0105tkowych przypadkach, mo\u017ce zdarzy\u0107 si\u0119, \u017ce opony, kt\u00f3re wy\u015blemy b\u0119d\u0105 mia\u0142y inn\u0105 dat\u0119 produkcji ni\u017c podana. Sytuacja mo\u017ce dotyczy\u0107 zar\u00f3wno opon z DOT-em wcze\u015bniejszym jak i p\u00f3\u017aniejszym. Chcieliby\u015bmy podkre\u015bli\u0107, \u017ce warunki przechowywania opon w naszych magazynach spe\u0142niaj\u0105 Polsk\u0105 Norm\u0119 PN-C-94300-7 dzi\u0119ki czemu nawet opona przechowywana 24 miesi\u0105ce ma parametry takie same jak opona z bie\u017c\u0105cego roku. Warto pami\u0119ta\u0107 tak\u017ce o fakcie, \u017ce w przypadku wielu rozmiar\u00f3w i producent\u00f3w plany produkcyjne fabryk uniemo\u017cliwiaj\u0105 zakup opony z bie\u017c\u0105cego roku.<\/p>\n<p style=\"margin: 15px 0; line-height: 1.8; clear: both; display: block; width: 100%; float: none; position: static;\">Przy zakupie opon pami\u0119taj o sprawdzeniu w instrukcji samochodu lub na w\u0142a\u015bciwej stronie internetowej, jakie ogumienie zaleca producent Twojego auta. \u0179le dobrane opony mog\u0105 negatywnie wp\u0142yn\u0105\u0107 na poziom Twojego bezpiecze\u0144stwa. Kupuj\u0105c opony zwr\u00f3\u0107 uwag\u0119 na rozmiar oraz indeksy no\u015bno\u015bci i pr\u0119dko\u015bci jakie homologowane s\u0105 do Twojego pojazdu.<\/p>\n<p style=\"margin: 15px 0; line-height: 1.8; clear: both; display: block; width: 100%; float: none; position: static;\">Zamieszczone zdj\u0119cia pe\u0142ni\u0105 funkcj\u0119 pogl\u0105dow\u0105. W zale\u017cno\u015bci od szeroko\u015bci opon, mog\u0105 wyst\u0119powa\u0107 niewielkie r\u00f3\u017cnice w wygl\u0105dzie bie\u017cnika (w obr\u0119bie jednego modelu) na przyk\u0142ad w ilo\u015bci rowk\u00f3w obwodowych lub rozmieszczeniu blok\u00f3w bie\u017cnika, co nie stanowi wady produktu.<\/p>\n<p style=\"margin: 15px 0; line-height: 1.8; clear: both; display: block; width: 100%; float: none; position: static;\">Je\u017celi otrzymane przez Ciebie opony nie spe\u0142niaj\u0105 Twoich oczekiwa\u0144 masz mo\u017cliwo\u015b\u0107 zwrotu lub wymiany nieu\u017cywanego (niemontowanego) ogumienia.<\/p>\n<\/div>\n<\/div>\n<\/div>\n<div style=\"clear: both; display: block; margin: 10px 0;\">\n<div style=\"clear: both; display: block; margin: 10px 0;\">\n<div style=\"clear: both; display: block; margin: 10px 0;\">\n<div  style=\"max-width:640px;max-height:444px\">\n<div style=\"clear: both; display: block; margin: 10px 0;\">\n<div style=\"clear: both; width: 100%; display: block; margin: 20px 0; padding: 0; float: none; position: static; text-align: center;\"><img decoding=\"async\"  src=\"https:\/\/a.allegroimg.com\/original\/11f618\/9ce7f35443a69d24b347ea803c7b\/2x-NEXEN-Winguard-Snow-G3-195-45R16-84H-XL-2024-r-Szerokosc-opony-195-mm\" srcset=\"https:\/\/a.allegroimg.com\/original\/11f618\/9ce7f35443a69d24b347ea803c7b\/2x-NEXEN-Winguard-Snow-G3-195-45R16-84H-XL-2024-r-Szerokosc-opony-195-mm 360w,https:\/\/a.allegroimg.com\/original\/11f618\/9ce7f35443a69d24b347ea803c7b\/2x-NEXEN-Winguard-Snow-G3-195-45R16-84H-XL-2024-r-Szerokosc-opony-195-mm 640w,https:\/\/a.allegroimg.com\/original\/11f618\/9ce7f35443a69d24b347ea803c7b\/2x-NEXEN-Winguard-Snow-G3-195-45R16-84H-XL-2024-r-Szerokosc-opony-195-mm 640w\" sizes=\"(min-width: 1200px) 560px, (min-width: 992px) 50vw, 100vw\" width=\"640px\" alt=\"2x NEXEN Winguard Snow G3 195\/45R16 84H XL 2024 r Szeroko\u015b\u0107 opony 195 mm\"\/ style=\"max-width: 100%; height: auto; display: block; margin: 0 auto;\"><\/div>\n<\/div>\n<\/div>\n<\/div>\n<\/div>\n<div style=\"clear: both; display: block; margin: 10px 0;\">\n<div style=\"clear: both; display: block; margin: 10px 0;\">\n<h1>Nexen<\/h1>\n<p style=\"margin: 15px 0; line-height: 1.8; clear: both; display: block; width: 100%; float: none; position: static;\">Nexen Tires jako jeden z pierwszych korea\u0144skich producent\u00f3w opon do samochod\u00f3w osobowych, od ko\u0144ca XX wieku dynamicznie rozwija swoj\u0105 ofert\u0119 na rynku. Pocz\u0105tki firmy si\u0119gaj\u0105 lat 40-tych ubieg\u0142ego wieku, kiedy pod szyldem Heung-Ah Tire zajmowa\u0142a si\u0119 produkcj\u0105 opon na potrzeby armii. Po dekadzie zacz\u0119\u0142a produkcj\u0119 opon najpierw dla motocykli, a nast\u0119pnie dla samochod\u00f3w osobowych. W mi\u0119dzy czasie zmieni\u0142a si\u0119 nazwa firmy na Woosung Tire. Jako pierwsza wprowadzi\u0142a na rynek korea\u0144ski opony z bie\u017cnikiem w kszta\u0142cie litery \u201eV\u201d. Po 2000 roku zmieniaj\u0105c nazw\u0119 na Nexen Tire, firma odnotowa\u0142a ogromny wzrost sprzeda\u017cy, co uplasowa\u0142o j\u0105 wysoko na \u015bwiatowej li\u015bcie lider\u00f3w w przemy\u015ble oponiarskim. Intensywny rozw\u00f3j spowodowa\u0142, \u017ce opony firmy Nexen sprzedawane s\u0105 w ponad 130 krajach na ca\u0142ym \u015bwiecie. Firma Nexen przy produkcji opon kieruje si\u0119 jako\u015bci\u0105 i wysok\u0105 wydajno\u015bci\u0105, dlatego uzyskuje ona uznanie w\u015br\u00f3d u\u017cytkownik\u00f3w pojazd\u00f3w. Doceniona jest przez zawodnik\u00f3w motosport\u00f3w za produkcj\u0119 najwy\u017cszej jako\u015bci opon profesjonalnych i UHP. Nexen Tire dostarcza swoje opony na pierwszy monta\u017c do Porsche Cayenne.<\/p>\n<\/div>\n<\/div>\n<\/div>\n<\/div>\n<\/div>\n<\/div>\n<div style=\"clear: both; display: block; margin: 10px 0;\">\n","protected":false},"excerpt":{"rendered":"<p>Rok produkcji: 2024<\/p>\n<p>NEXEN Winguard Snow G3 195\/45R16 84H XL<\/p>\n<p>H0HGF2<\/p>\n<p>Data produkcji : 2024<\/p>\n<p>Hamowanie na mokrej nawierzchni : C<\/p>\n<p>Indeks : 195\/45R16 ZONE 84H WSG3, 195\/45R16 ZONE 84H WSG3<\/p>\n<p>Indeks no\u015bno\u015bci : 84<\/p>\n<p>Indeks pr\u0119dko\u015bci : H &#8211; 210 km\/h<\/p>\n","protected":false},"featured_media":11517,"template":"","meta":{"_uag_custom_page_level_css":""},"product_brand":[392],"product_cat":[414,413,412,415],"product_tag":[],"class_list":{"0":"post-11516","1":"product","2":"type-product","3":"status-publish","4":"has-post-thumbnail","6":"product_brand-nexen","7":"product_cat-do-samochodow-osobowych-i-suv","8":"product_cat-opony","9":"product_cat-opony-i-felgi","10":"product_cat-zimowe","12":"first","13":"instock","14":"shipping-taxable","15":"purchasable","16":"product-type-simple"},"uagb_featured_image_src":{"full":["https:\/\/oponixo.shop\/tire\/wp-content\/uploads\/2026\/01\/allegro-image-11516.jpg",1049,1200,false],"thumbnail":["https:\/\/oponixo.shop\/tire\/wp-content\/uploads\/2026\/01\/allegro-image-11516-150x150.jpg",150,150,true],"medium":["https:\/\/oponixo.shop\/tire\/wp-content\/uploads\/2026\/01\/allegro-image-11516-262x300.jpg",262,300,true],"medium_large":["https:\/\/oponixo.shop\/tire\/wp-content\/uploads\/2026\/01\/allegro-image-11516-768x879.jpg",768,879,true],"large":["https:\/\/oponixo.shop\/tire\/wp-content\/uploads\/2026\/01\/allegro-image-11516-895x1024.jpg",895,1024,true],"1536x1536":["https:\/\/oponixo.shop\/tire\/wp-content\/uploads\/2026\/01\/allegro-image-11516.jpg",1049,1200,false],"2048x2048":["https:\/\/oponixo.shop\/tire\/wp-content\/uploads\/2026\/01\/allegro-image-11516.jpg",1049,1200,false],"woocommerce_thumbnail":["https:\/\/oponixo.shop\/tire\/wp-content\/uploads\/2026\/01\/allegro-image-11516-300x300.jpg",300,300,true],"woocommerce_single":["https:\/\/oponixo.shop\/tire\/wp-content\/uploads\/2026\/01\/allegro-image-11516-600x686.jpg",600,686,true],"woocommerce_gallery_thumbnail":["https:\/\/oponixo.shop\/tire\/wp-content\/uploads\/2026\/01\/allegro-image-11516-100x100.jpg",100,100,true]},"uagb_author_info":{"display_name":"admin","author_link":"https:\/\/oponixo.shop\/tire\/author\/"},"uagb_comment_info":0,"uagb_excerpt":"Rok produkcji: 2024 NEXEN Winguard Snow G3 195\/45R16 84H XL H0HGF2 Data produkcji : 2024 Hamowanie na mokrej nawierzchni : C Indeks : 195\/45R16 ZONE 84H WSG3, 195\/45R16 ZONE 84H WSG3 Indeks no\u015bno\u015bci : 84 Indeks pr\u0119dko\u015bci : H - 210 km\/h","_links":{"self":[{"href":"https:\/\/oponixo.shop\/tire\/wp-json\/wp\/v2\/product\/11516","targetHints":{"allow":["GET"]}}],"collection":[{"href":"https:\/\/oponixo.shop\/tire\/wp-json\/wp\/v2\/product"}],"about":[{"href":"https:\/\/oponixo.shop\/tire\/wp-json\/wp\/v2\/types\/product"}],"wp:featuredmedia":[{"embeddable":true,"href":"https:\/\/oponixo.shop\/tire\/wp-json\/wp\/v2\/media\/11517"}],"wp:attachment":[{"href":"https:\/\/oponixo.shop\/tire\/wp-json\/wp\/v2\/media?parent=11516"}],"wp:term":[{"taxonomy":"product_brand","embeddable":true,"href":"https:\/\/oponixo.shop\/tire\/wp-json\/wp\/v2\/product_brand?post=11516"},{"taxonomy":"product_cat","embeddable":true,"href":"https:\/\/oponixo.shop\/tire\/wp-json\/wp\/v2\/product_cat?post=11516"},{"taxonomy":"product_tag","embeddable":true,"href":"https:\/\/oponixo.shop\/tire\/wp-json\/wp\/v2\/product_tag?post=11516"}],"curies":[{"name":"wp","href":"https:\/\/api.w.org\/{rel}","templated":true}]}}