{"id":11524,"date":"2026-01-01T22:15:59","date_gmt":"2026-01-01T21:15:59","guid":{"rendered":"https:\/\/oponyexpert.shop\/xef5\/produkt\/2x-bridgestone-275-65r17-115r-blizzak-dm-v3-zimowe-2024-r\/"},"modified":"2026-01-01T22:15:59","modified_gmt":"2026-01-01T21:15:59","slug":"2x-bridgestone-275-65r17-115r-blizzak-dm-v3-zimowe-2024-r","status":"publish","type":"product","link":"https:\/\/oponixo.shop\/tire\/produkt\/2x-bridgestone-275-65r17-115r-blizzak-dm-v3-zimowe-2024-r\/","title":{"rendered":"2x BRIDGESTONE 275\/65R17 115R Blizzak DM-V3 zimowe 2024 r"},"content":{"rendered":"<div style=\"font-family: Arial, sans-serif; line-height: 1.6; color: #333; padding: 20px; clear: both; display: block; width: 100%; float: none; position: static; overflow: hidden;\">\n<div style=\"clear: both; display: block; margin: 10px 0;\">\n<div style=\"clear: both; display: block; margin: 10px 0;\">\n<div style=\"clear: both; display: block; margin: 10px 0;\">\n<h1>Rok produkcji: 2024<\/h1>\n<\/div>\n<\/div>\n<\/div>\n<div style=\"clear: both; display: block; margin: 10px 0;\">\n<div style=\"clear: both; display: block; margin: 10px 0;\">\n<div style=\"clear: both; display: block; margin: 10px 0;\">\n<div  style=\"max-width:1200px;max-height:1126px\">\n<div style=\"clear: both; display: block; margin: 10px 0;\">\n<div style=\"clear: both; width: 100%; display: block; margin: 20px 0; padding: 0; float: none; position: static; text-align: center;\"><img decoding=\"async\"  src=\"https:\/\/a.allegroimg.com\/original\/11561e\/dda1832c421792e2d8518805696a\/2x-BRIDGESTONE-275-65R17-115R-Blizzak-DM-V3-zimowe-2024-r\" srcset=\"https:\/\/a.allegroimg.com\/original\/11561e\/dda1832c421792e2d8518805696a\/2x-BRIDGESTONE-275-65R17-115R-Blizzak-DM-V3-zimowe-2024-r 360w,https:\/\/a.allegroimg.com\/original\/11561e\/dda1832c421792e2d8518805696a\/2x-BRIDGESTONE-275-65R17-115R-Blizzak-DM-V3-zimowe-2024-r 720w,https:\/\/a.allegroimg.com\/original\/11561e\/dda1832c421792e2d8518805696a\/2x-BRIDGESTONE-275-65R17-115R-Blizzak-DM-V3-zimowe-2024-r 1024w,https:\/\/a.allegroimg.com\/original\/11561e\/dda1832c421792e2d8518805696a\/2x-BRIDGESTONE-275-65R17-115R-Blizzak-DM-V3-zimowe-2024-r 1200w,https:\/\/a.allegroimg.com\/original\/11561e\/dda1832c421792e2d8518805696a\/2x-BRIDGESTONE-275-65R17-115R-Blizzak-DM-V3-zimowe-2024-r 1200w\" sizes=\"(min-width: 1200px) 560px, (min-width: 992px) 50vw, 100vw\" width=\"1200px\" alt=\"2x BRIDGESTONE 275\/65R17 115R Blizzak DM-V3 zimowe 2024 r\"\/ style=\"max-width: 100%; height: auto; display: block; margin: 0 auto;\"><\/div>\n<\/div>\n<\/div>\n<\/div>\n<\/div>\n<div style=\"clear: both; display: block; margin: 10px 0;\">\n<div style=\"clear: both; display: block; margin: 10px 0;\">\n<h1>BRIDGESTONE Blizzak DM-V3 275\/65R17 115R<\/h1>\n<h2>G0NVFA<\/h2>\n<ul style=\"margin: 15px 0; padding-left: 20px; clear: both; display: block; width: 100%; float: none; position: static;\">\n<li style=\"margin: 5px 0; padding: 2px 0; clear: both; display: list-item; float: none; position: static;\"><b>Data produkcji :<\/b> 2024<\/li>\n<li style=\"margin: 5px 0; padding: 2px 0; clear: both; display: list-item; float: none; position: static;\"><b>Hamowanie na mokrej nawierzchni :<\/b> F<\/li>\n<li style=\"margin: 5px 0; padding: 2px 0; clear: both; display: list-item; float: none; position: static;\"><b>Indeks :<\/b> 275\/65R17 ZTBR 115R DM-V3<\/li>\n<li style=\"margin: 5px 0; padding: 2px 0; clear: both; display: list-item; float: none; position: static;\"><b>Indeks no\u015bno\u015bci :<\/b> 115<\/li>\n<li style=\"margin: 5px 0; padding: 2px 0; clear: both; display: list-item; float: none; position: static;\"><b>Indeks pr\u0119dko\u015bci :<\/b> R &#8211; 170 km\/h<\/li>\n<li style=\"margin: 5px 0; padding: 2px 0; clear: both; display: list-item; float: none; position: static;\"><b>Karta informacyjna produktu :<\/b> https:\/\/eprel.ec.europa.eu\/qr\/381561<\/li>\n<li style=\"margin: 5px 0; padding: 2px 0; clear: both; display: list-item; float: none; position: static;\"><b>Kl. efekt. paliwowej :<\/b> E<\/li>\n<li style=\"margin: 5px 0; padding: 2px 0; clear: both; display: list-item; float: none; position: static;\"><b>Kl. przycz. na mokrej naw. :<\/b> E<\/li>\n<li style=\"margin: 5px 0; padding: 2px 0; clear: both; display: list-item; float: none; position: static;\"><b>Kl. zew. ha\u0142asu tocz. :<\/b> B<\/li>\n<li style=\"margin: 5px 0; padding: 2px 0; clear: both; display: list-item; float: none; position: static;\"><b>Klasa opony :<\/b> premium<\/li>\n<li style=\"margin: 5px 0; padding: 2px 0; clear: both; display: list-item; float: none; position: static;\"><b>Kod EAN :<\/b> 3286341892017<\/li>\n<li style=\"margin: 5px 0; padding: 2px 0; clear: both; display: list-item; float: none; position: static;\"><b>Kod producenta :<\/b> 18920<\/li>\n<li style=\"margin: 5px 0; padding: 2px 0; clear: both; display: list-item; float: none; position: static;\"><b>Liczba decybeli :<\/b> 73 dB<\/li>\n<li style=\"margin: 5px 0; padding: 2px 0; clear: both; display: list-item; float: none; position: static;\"><b>Model bie\u017cnika :<\/b> Blizzak DM-V3<\/li>\n<li style=\"margin: 5px 0; padding: 2px 0; clear: both; display: list-item; float: none; position: static;\"><b>Nazwa produktu :<\/b> BRIDGESTONE 275\/65R17 115R Blizzak DM-V3 zimowe<\/li>\n<li style=\"margin: 5px 0; padding: 2px 0; clear: both; display: list-item; float: none; position: static;\"><b>Op\u00f3r toczenia :<\/b> F<\/li>\n<li style=\"margin: 5px 0; padding: 2px 0; clear: both; display: list-item; float: none; position: static;\"><b>Poziom emisji ha\u0142asu :<\/b> 2<\/li>\n<li style=\"margin: 5px 0; padding: 2px 0; clear: both; display: list-item; float: none; position: static;\"><b>Producent :<\/b> BRIDGESTONE<\/li>\n<li style=\"margin: 5px 0; padding: 2px 0; clear: both; display: list-item; float: none; position: static;\"><b>Profil :<\/b> 65<\/li>\n<li style=\"margin: 5px 0; padding: 2px 0; clear: both; display: list-item; float: none; position: static;\"><b>Przeznaczenie :<\/b> samochody osobowe\/SUV\/4&#215;4<\/li>\n<li style=\"margin: 5px 0; padding: 2px 0; clear: both; display: list-item; float: none; position: static;\"><b>Przyczepno\u015b\u0107 na lodzie :<\/b> Tak<\/li>\n<li style=\"margin: 5px 0; padding: 2px 0; clear: both; display: list-item; float: none; position: static;\"><b>Przyczepno\u015b\u0107 na \u015bniegu :<\/b> Tak<\/li>\n<li style=\"margin: 5px 0; padding: 2px 0; clear: both; display: list-item; float: none; position: static;\"><b>QR kod :<\/b> https:\/\/eprel.ec.europa.eu\/qr\/381561<\/li>\n<li style=\"margin: 5px 0; padding: 2px 0; clear: both; display: list-item; float: none; position: static;\"><b>Sezon :<\/b> zimowa<\/li>\n<li style=\"margin: 5px 0; padding: 2px 0; clear: both; display: list-item; float: none; position: static;\"><b>\u015arednica :<\/b> 17&#8243;<\/li>\n<li style=\"margin: 5px 0; padding: 2px 0; clear: both; display: list-item; float: none; position: static;\"><b>Szeroko\u015b\u0107 :<\/b> 275<\/li>\n<li style=\"margin: 5px 0; padding: 2px 0; clear: both; display: list-item; float: none; position: static;\"><b>Wart. pom. i kl. zew. ha\u0142asu tocz. [dB] :<\/b> 73<\/li>\n<\/ul>\n<\/div>\n<\/div>\n<\/div>\n<div style=\"clear: both; display: block; margin: 10px 0;\">\n<div style=\"clear: both; display: block; margin: 10px 0;\">\n<div style=\"clear: both; display: block; margin: 10px 0;\">\n<p style=\"margin: 15px 0; line-height: 1.8; clear: both; display: block; width: 100%; float: none; position: static;\"> Bridgestone Blizzak DM-V3 to zimowa opona klasy premium, dedykowana do pojazd\u00f3w typu SUV i aut o charakterze terenowym, kt\u00f3ra koncentruje si\u0119 na dostarczeniu maksymalnej pewno\u015bci przy poruszaniu si\u0119 na o\u015bnie\u017conych i \u015bliskich nawierzchniach.<\/p>\n<p style=\"margin: 15px 0; line-height: 1.8; clear: both; display: block; width: 100%; float: none; position: static;\"> Opon\u0119 wyposa\u017cono w kierunkowy bie\u017cnik, wspierany licznymi innowacyjnymi technologiami dla najwy\u017cszej przyczepno\u015bci w trudnych warunkach drogowych.<\/p>\n<p style=\"margin: 15px 0; line-height: 1.8; clear: both; display: block; width: 100%; float: none; position: static;\"> kierunkowy bie\u017cnik, wspierany licznymi innowacyjnymi technologiami dla najwy\u017cszej przyczepno\u015bci w trudnych warunkach drogowych.<\/p>\n<p style=\"margin: 15px 0; line-height: 1.8; clear: both; display: block; width: 100%; float: none; position: static;\"> Specjalna mieszanka gumowa bie\u017cnika Active Foam Rubber 2 o w\u0142a\u015bciwo\u015bciach hydrofilowych dzi\u0119ki obecno\u015bci struktury mikrop\u0119cherzykowej, niezwykle efektywnie usuwa film wodny na \u015bniegu i lodzie, co zmniejsza po\u015blizg na tych nawierzchniach.<\/p>\n<p style=\"margin: 15px 0; line-height: 1.8; clear: both; display: block; width: 100%; float: none; position: static;\"> Po\u0142\u0105czenie krzemionki i specjalnych komponent\u00f3w zwi\u0119ksza si\u0142\u0119 tarcia co w po\u0142\u0105czeniu z mikrostruktur\u0105 o chropowatej powierzchni dostarcza maksymalnej przyczepno\u015bci dla pewnej i stabilnej jazdy.<\/p>\n<p style=\"margin: 15px 0; line-height: 1.8; clear: both; display: block; width: 100%; float: none; position: static;\"> Zwi\u0119kszona ilo\u015b\u0107 rowk\u00f3w obwodowych w po\u0142\u0105czeniu z hydrofobowymi technologiami zapobiega zjawisku aquaplaningu za spraw\u0105 efektywnego drena\u017cu bie\u017cnika. Wp\u0142ywa to na kr\u00f3tsz\u0105 drog\u0119 hamowania i pewniejsze manewry przy nadmiarze wody na drodze.<\/p>\n<p style=\"margin: 15px 0; line-height: 1.8; clear: both; display: block; width: 100%; float: none; position: static;\"> Zoptymalizowana strefa kontaktowa z pod\u0142o\u017cem w po\u0142\u0105czeniu ze zmniejszonym po\u015blizgiem wp\u0142ywa na wyd\u0142u\u017cenie \u017cywotno\u015bci opony dzi\u0119ki regularnemu zu\u017cyciu i ograniczeniu deformacji bie\u017cnika.<\/p>\n<p style=\"margin: 15px 0; line-height: 1.8; clear: both; display: block; width: 100%; float: none; position: static;\"> Bridgestone Blizzak DM-V3 to opona, kt\u00f3ra doskonale sprawdzi si\u0119 w zimowym krajobrazie na mocno o\u015bnie\u017conych a nawet oblodzonych nawierzchniach, przez co b\u0119d\u0105 dobrym wyborem dla kierowc\u00f3w kt\u00f3rzy w pe\u0142ni chc\u0105 cieszy\u0107 si\u0119 podr\u00f3\u017cami tak\u017ce poza drogami konwencjonalnymi.<\/p>\n<\/div>\n<\/div>\n<div style=\"clear: both; display: block; margin: 10px 0;\">\n<div style=\"clear: both; display: block; margin: 10px 0;\">\n<div  style=\"max-width:886px;max-height:1299px\">\n<div style=\"clear: both; display: block; margin: 10px 0;\">\n<div style=\"clear: both; width: 100%; display: block; margin: 20px 0; padding: 0; float: none; position: static; text-align: center;\"><img decoding=\"async\"  src=\"https:\/\/a.allegroimg.com\/original\/11d863\/24c89c4c45068864e451a046beb3\/2x-BRIDGESTONE-275-65R17-115R-Blizzak-DM-V3-zimowe-2024-r-Srednica-17\" srcset=\"https:\/\/a.allegroimg.com\/original\/11d863\/24c89c4c45068864e451a046beb3\/2x-BRIDGESTONE-275-65R17-115R-Blizzak-DM-V3-zimowe-2024-r-Srednica-17 245w,https:\/\/a.allegroimg.com\/original\/11d863\/24c89c4c45068864e451a046beb3\/2x-BRIDGESTONE-275-65R17-115R-Blizzak-DM-V3-zimowe-2024-r-Srednica-17 491w,https:\/\/a.allegroimg.com\/original\/11d863\/24c89c4c45068864e451a046beb3\/2x-BRIDGESTONE-275-65R17-115R-Blizzak-DM-V3-zimowe-2024-r-Srednica-17 698w,https:\/\/a.allegroimg.com\/original\/11d863\/24c89c4c45068864e451a046beb3\/2x-BRIDGESTONE-275-65R17-115R-Blizzak-DM-V3-zimowe-2024-r-Srednica-17 886w,https:\/\/a.allegroimg.com\/original\/11d863\/24c89c4c45068864e451a046beb3\/2x-BRIDGESTONE-275-65R17-115R-Blizzak-DM-V3-zimowe-2024-r-Srednica-17 886w\" sizes=\"(min-width: 1200px) 560px, (min-width: 992px) 50vw, 100vw\" width=\"886px\" alt=\"2x BRIDGESTONE 275\/65R17 115R Blizzak DM-V3 zimowe 2024 r \u015arednica 17&quot;\"\/ style=\"max-width: 100%; height: auto; display: block; margin: 0 auto;\"><\/div>\n<\/div>\n<\/div>\n<\/div>\n<\/div>\n<\/div>\n<div style=\"clear: both; display: block; margin: 10px 0;\">\n<div style=\"clear: both; display: block; margin: 10px 0;\">\n<div style=\"clear: both; display: block; margin: 10px 0;\">\n<p style=\"margin: 15px 0; line-height: 1.8; clear: both; display: block; width: 100%; float: none; position: static;\">Wychodz\u0105c naprzeciw oczekiwaniom Klient\u00f3w i chc\u0105c spe\u0142nia\u0107 jak najwy\u017csze standardy obs\u0142ugi dok\u0142adamy wszelkich stara\u0144, aby podawa\u0107 precyzyjn\u0105 dat\u0119 produkcji opony (DOT). Niestety, w wyj\u0105tkowych przypadkach, mo\u017ce zdarzy\u0107 si\u0119, \u017ce opony, kt\u00f3re wy\u015blemy b\u0119d\u0105 mia\u0142y inn\u0105 dat\u0119 produkcji ni\u017c podana. Sytuacja mo\u017ce dotyczy\u0107 zar\u00f3wno opon z DOT-em wcze\u015bniejszym jak i p\u00f3\u017aniejszym. Chcieliby\u015bmy podkre\u015bli\u0107, \u017ce warunki przechowywania opon w naszych magazynach spe\u0142niaj\u0105 Polsk\u0105 Norm\u0119 PN-C-94300-7 dzi\u0119ki czemu nawet opona przechowywana 24 miesi\u0105ce ma parametry takie same jak opona z bie\u017c\u0105cego roku. Warto pami\u0119ta\u0107 tak\u017ce o fakcie, \u017ce w przypadku wielu rozmiar\u00f3w i producent\u00f3w plany produkcyjne fabryk uniemo\u017cliwiaj\u0105 zakup opony z bie\u017c\u0105cego roku.<\/p>\n<p style=\"margin: 15px 0; line-height: 1.8; clear: both; display: block; width: 100%; float: none; position: static;\">Przy zakupie opon pami\u0119taj o sprawdzeniu w instrukcji samochodu lub na w\u0142a\u015bciwej stronie internetowej, jakie ogumienie zaleca producent Twojego auta. \u0179le dobrane opony mog\u0105 negatywnie wp\u0142yn\u0105\u0107 na poziom Twojego bezpiecze\u0144stwa. Kupuj\u0105c opony zwr\u00f3\u0107 uwag\u0119 na rozmiar oraz indeksy no\u015bno\u015bci i pr\u0119dko\u015bci jakie homologowane s\u0105 do Twojego pojazdu.<\/p>\n<p style=\"margin: 15px 0; line-height: 1.8; clear: both; display: block; width: 100%; float: none; position: static;\">Zamieszczone zdj\u0119cia pe\u0142ni\u0105 funkcj\u0119 pogl\u0105dow\u0105. W zale\u017cno\u015bci od szeroko\u015bci opon, mog\u0105 wyst\u0119powa\u0107 niewielkie r\u00f3\u017cnice w wygl\u0105dzie bie\u017cnika (w obr\u0119bie jednego modelu) na przyk\u0142ad w ilo\u015bci rowk\u00f3w obwodowych lub rozmieszczeniu blok\u00f3w bie\u017cnika, co nie stanowi wady produktu.<\/p>\n<p style=\"margin: 15px 0; line-height: 1.8; clear: both; display: block; width: 100%; float: none; position: static;\">Je\u017celi otrzymane przez Ciebie opony nie spe\u0142niaj\u0105 Twoich oczekiwa\u0144 masz mo\u017cliwo\u015b\u0107 zwrotu lub wymiany nieu\u017cywanego (niemontowanego) ogumienia.<\/p>\n<\/div>\n<\/div>\n<\/div>\n<div style=\"clear: both; display: block; margin: 10px 0;\">\n<div style=\"clear: both; display: block; margin: 10px 0;\">\n<div style=\"clear: both; display: block; margin: 10px 0;\">\n<div  style=\"max-width:300px;max-height:300px\">\n<div style=\"clear: both; display: block; margin: 10px 0;\">\n<div style=\"clear: both; width: 100%; display: block; margin: 20px 0; padding: 0; float: none; position: static; text-align: center;\"><img decoding=\"async\"  src=\"https:\/\/a.allegroimg.com\/original\/11b0d4\/1a68a5d4403d834a9d69ec5384c6\/2x-BRIDGESTONE-275-65R17-115R-Blizzak-DM-V3-zimowe-2024-r-Waga-produktu-z-opakowaniem-jednostkowym-38-5-kg\" srcset=\"https:\/\/a.allegroimg.com\/original\/11b0d4\/1a68a5d4403d834a9d69ec5384c6\/2x-BRIDGESTONE-275-65R17-115R-Blizzak-DM-V3-zimowe-2024-r-Waga-produktu-z-opakowaniem-jednostkowym-38-5-kg 300w,https:\/\/a.allegroimg.com\/original\/11b0d4\/1a68a5d4403d834a9d69ec5384c6\/2x-BRIDGESTONE-275-65R17-115R-Blizzak-DM-V3-zimowe-2024-r-Waga-produktu-z-opakowaniem-jednostkowym-38-5-kg 300w\" sizes=\"(min-width: 1200px) 560px, (min-width: 992px) 50vw, 100vw\" width=\"300px\" alt=\"2x BRIDGESTONE 275\/65R17 115R Blizzak DM-V3 zimowe 2024 r Waga produktu z opakowaniem jednostkowym 38.5 kg\"\/ style=\"max-width: 100%; height: auto; display: block; margin: 0 auto;\"><\/div>\n<\/div>\n<\/div>\n<\/div>\n<\/div>\n<div style=\"clear: both; display: block; margin: 10px 0;\">\n<div style=\"clear: both; display: block; margin: 10px 0;\">\n<h1>Bridgestone<\/h1>\n<p style=\"margin: 15px 0; line-height: 1.8; clear: both; display: block; width: 100%; float: none; position: static;\">Bridgestone jest wiod\u0105cym producentem ogumienia do wszystkich rodzaj\u00f3w \u015brodk\u00f3w transportu.<\/p>\n<\/div>\n<\/div>\n<\/div>\n<\/div>\n<\/div>\n<\/div>\n<div style=\"clear: both; display: block; margin: 10px 0;\">\n","protected":false},"excerpt":{"rendered":"<p>Rok produkcji: 2024<\/p>\n<p>BRIDGESTONE Blizzak DM-V3 275\/65R17 115R<\/p>\n<p>G0NVFA<\/p>\n<p>Data produkcji : 2024<\/p>\n<p>Hamowanie na mokrej nawierzchni : F<\/p>\n<p>Indeks : 275\/65R17 ZTBR 115R DM-V3<\/p>\n<p>Indeks no\u015bno\u015bci : 115<\/p>\n<p>Indeks pr\u0119dko\u015bci : R &#8211; 170 km\/h<\/p>\n","protected":false},"featured_media":11525,"template":"","meta":{"_uag_custom_page_level_css":""},"product_brand":[397],"product_cat":[414,413,412,415],"product_tag":[],"class_list":{"0":"post-11524","1":"product","2":"type-product","3":"status-publish","4":"has-post-thumbnail","6":"product_brand-bridgestone","7":"product_cat-do-samochodow-osobowych-i-suv","8":"product_cat-opony","9":"product_cat-opony-i-felgi","10":"product_cat-zimowe","12":"first","13":"instock","14":"shipping-taxable","15":"purchasable","16":"product-type-simple"},"uagb_featured_image_src":{"full":["https:\/\/oponixo.shop\/tire\/wp-content\/uploads\/2026\/01\/allegro-image-11524.jpg",1200,1126,false],"thumbnail":["https:\/\/oponixo.shop\/tire\/wp-content\/uploads\/2026\/01\/allegro-image-11524-150x150.jpg",150,150,true],"medium":["https:\/\/oponixo.shop\/tire\/wp-content\/uploads\/2026\/01\/allegro-image-11524-300x282.jpg",300,282,true],"medium_large":["https:\/\/oponixo.shop\/tire\/wp-content\/uploads\/2026\/01\/allegro-image-11524-768x721.jpg",768,721,true],"large":["https:\/\/oponixo.shop\/tire\/wp-content\/uploads\/2026\/01\/allegro-image-11524-1024x961.jpg",1024,961,true],"1536x1536":["https:\/\/oponixo.shop\/tire\/wp-content\/uploads\/2026\/01\/allegro-image-11524.jpg",1200,1126,false],"2048x2048":["https:\/\/oponixo.shop\/tire\/wp-content\/uploads\/2026\/01\/allegro-image-11524.jpg",1200,1126,false],"woocommerce_thumbnail":["https:\/\/oponixo.shop\/tire\/wp-content\/uploads\/2026\/01\/allegro-image-11524-300x300.jpg",300,300,true],"woocommerce_single":["https:\/\/oponixo.shop\/tire\/wp-content\/uploads\/2026\/01\/allegro-image-11524-600x563.jpg",600,563,true],"woocommerce_gallery_thumbnail":["https:\/\/oponixo.shop\/tire\/wp-content\/uploads\/2026\/01\/allegro-image-11524-100x100.jpg",100,100,true]},"uagb_author_info":{"display_name":"admin","author_link":"https:\/\/oponixo.shop\/tire\/author\/"},"uagb_comment_info":0,"uagb_excerpt":"Rok produkcji: 2024 BRIDGESTONE Blizzak DM-V3 275\/65R17 115R G0NVFA Data produkcji : 2024 Hamowanie na mokrej nawierzchni : F Indeks : 275\/65R17 ZTBR 115R DM-V3 Indeks no\u015bno\u015bci : 115 Indeks pr\u0119dko\u015bci : R - 170 km\/h","_links":{"self":[{"href":"https:\/\/oponixo.shop\/tire\/wp-json\/wp\/v2\/product\/11524","targetHints":{"allow":["GET"]}}],"collection":[{"href":"https:\/\/oponixo.shop\/tire\/wp-json\/wp\/v2\/product"}],"about":[{"href":"https:\/\/oponixo.shop\/tire\/wp-json\/wp\/v2\/types\/product"}],"wp:featuredmedia":[{"embeddable":true,"href":"https:\/\/oponixo.shop\/tire\/wp-json\/wp\/v2\/media\/11525"}],"wp:attachment":[{"href":"https:\/\/oponixo.shop\/tire\/wp-json\/wp\/v2\/media?parent=11524"}],"wp:term":[{"taxonomy":"product_brand","embeddable":true,"href":"https:\/\/oponixo.shop\/tire\/wp-json\/wp\/v2\/product_brand?post=11524"},{"taxonomy":"product_cat","embeddable":true,"href":"https:\/\/oponixo.shop\/tire\/wp-json\/wp\/v2\/product_cat?post=11524"},{"taxonomy":"product_tag","embeddable":true,"href":"https:\/\/oponixo.shop\/tire\/wp-json\/wp\/v2\/product_tag?post=11524"}],"curies":[{"name":"wp","href":"https:\/\/api.w.org\/{rel}","templated":true}]}}