{"id":11528,"date":"2026-01-01T22:16:00","date_gmt":"2026-01-01T21:16:00","guid":{"rendered":"https:\/\/oponyexpert.shop\/xef5\/produkt\/2x-maxxis-ss-01-presa-275-65r17-115-q\/"},"modified":"2026-01-01T22:16:01","modified_gmt":"2026-01-01T21:16:01","slug":"2x-maxxis-ss-01-presa-275-65r17-115-q","status":"publish","type":"product","link":"https:\/\/oponixo.shop\/tire\/produkt\/2x-maxxis-ss-01-presa-275-65r17-115-q\/","title":{"rendered":"2x MAXXIS SS 01 PRESA 275\/65R17 115 Q"},"content":{"rendered":"<div style=\"font-family: Arial, sans-serif; line-height: 1.6; color: #333; padding: 20px; clear: both; display: block; width: 100%; float: none; position: static; overflow: hidden;\">\n<div style=\"clear: both; display: block; margin: 10px 0;\">\n<div style=\"clear: both; display: block; margin: 10px 0;\">\n<div style=\"clear: both; display: block; margin: 10px 0;\">\n<h2>2x MAXXIS SS 01 PRESA 275\/65R17 115 Q<\/h2>\n<\/div>\n<\/div>\n<\/div>\n<div style=\"clear: both; display: block; margin: 10px 0;\">\n<div style=\"clear: both; display: block; margin: 10px 0;\">\n<div style=\"clear: both; display: block; margin: 10px 0;\">\n<div  style=\"max-width:920px;max-height:1120px\">\n<div style=\"clear: both; display: block; margin: 10px 0;\">\n<div style=\"clear: both; width: 100%; display: block; margin: 20px 0; padding: 0; float: none; position: static; text-align: center;\"><img decoding=\"async\"  src=\"https:\/\/a.allegroimg.com\/original\/114850\/3c8a7f954036852a0573a8061042\/2x-MAXXIS-SS-01-PRESA-275-65R17-115-Q\" srcset=\"https:\/\/a.allegroimg.com\/original\/114850\/3c8a7f954036852a0573a8061042\/2x-MAXXIS-SS-01-PRESA-275-65R17-115-Q 295w,https:\/\/a.allegroimg.com\/original\/114850\/3c8a7f954036852a0573a8061042\/2x-MAXXIS-SS-01-PRESA-275-65R17-115-Q 591w,https:\/\/a.allegroimg.com\/original\/114850\/3c8a7f954036852a0573a8061042\/2x-MAXXIS-SS-01-PRESA-275-65R17-115-Q 841w,https:\/\/a.allegroimg.com\/original\/114850\/3c8a7f954036852a0573a8061042\/2x-MAXXIS-SS-01-PRESA-275-65R17-115-Q 920w,https:\/\/a.allegroimg.com\/original\/114850\/3c8a7f954036852a0573a8061042\/2x-MAXXIS-SS-01-PRESA-275-65R17-115-Q 920w\" sizes=\"(min-width: 1200px) 560px, (min-width: 992px) 50vw, 100vw\" width=\"920px\" alt=\"2x MAXXIS SS 01 PRESA 275\/65R17 115 Q\"\/ style=\"max-width: 100%; height: auto; display: block; margin: 0 auto;\"><\/div>\n<\/div>\n<\/div>\n<\/div>\n<\/div>\n<div style=\"clear: both; display: block; margin: 10px 0;\">\n<div style=\"clear: both; display: block; margin: 10px 0;\">\n<h2>Zimowe opony MAXXIS SS-01 PRESA SUV 275\/65 R17 115 Q<\/h2>\n<p style=\"margin: 15px 0; line-height: 1.8; clear: both; display: block; width: 100%; float: none; position: static;\">Opony MAXXIS SS-01 PRESA SUV to znacz\u0105cy model w portfolio producenta.\u00a0<\/p>\n<ul style=\"margin: 15px 0; padding-left: 20px; clear: both; display: block; width: 100%; float: none; position: static;\">\n<li style=\"margin: 5px 0; padding: 2px 0; clear: both; display: list-item; float: none; position: static;\"><b>Stan:<\/b>\u00a0Nowy<\/li>\n<li style=\"margin: 5px 0; padding: 2px 0; clear: both; display: list-item; float: none; position: static;\"><b>EAN:<\/b>\u00a04717784269719<\/li>\n<li style=\"margin: 5px 0; padding: 2px 0; clear: both; display: list-item; float: none; position: static;\"><b>Producent:<\/b> MAXXIS<\/li>\n<li style=\"margin: 5px 0; padding: 2px 0; clear: both; display: list-item; float: none; position: static;\"><b>Model:<\/b> SS-01 PRESA SUV<\/li>\n<li style=\"margin: 5px 0; padding: 2px 0; clear: both; display: list-item; float: none; position: static;\"><b>Rozmiar:<\/b> 275\/65 R17<\/li>\n<li style=\"margin: 5px 0; padding: 2px 0; clear: both; display: list-item; float: none; position: static;\"><b>Indeks no\u015bno\u015bci:<\/b> 115<\/li>\n<li style=\"margin: 5px 0; padding: 2px 0; clear: both; display: list-item; float: none; position: static;\"><b>Indeks pr\u0119dko\u015bci:<\/b> Q<\/li>\n<li style=\"margin: 5px 0; padding: 2px 0; clear: both; display: list-item; float: none; position: static;\"><b>Ha\u0142as db:<\/b>\u00a075<\/li>\n<li style=\"margin: 5px 0; padding: 2px 0; clear: both; display: list-item; float: none; position: static;\"><b>Sezon:<\/b> Zimowe<\/li>\n<li style=\"margin: 5px 0; padding: 2px 0; clear: both; display: list-item; float: none; position: static;\"><b>Rok produkcji:<\/b> nie starsze ni\u017c 36 miesi\u0119cy<\/li>\n<li style=\"margin: 5px 0; padding: 2px 0; clear: both; display: list-item; float: none; position: static;\"><b>Przeznaczenie:<\/b> SUV\/4&#215;4<\/li>\n<li style=\"margin: 5px 0; padding: 2px 0; clear: both; display: list-item; float: none; position: static;\"><b>Kl. przycz. na mokrej naw.:<\/b>\u00a0F<\/li>\n<li style=\"margin: 5px 0; padding: 2px 0; clear: both; display: list-item; float: none; position: static;\"><b>Kl. efekt. paliwowej:\u00a0<\/b>E<\/li>\n<\/ul>\n<\/div>\n<\/div>\n<\/div>\n<div style=\"clear: both; display: block; margin: 10px 0;\">\n<div style=\"clear: both; display: block; margin: 10px 0;\">\n<div style=\"clear: both; display: block; margin: 10px 0;\">\n<div  style=\"max-width:800px;max-height:350px\">\n<div style=\"clear: both; display: block; margin: 10px 0;\">\n<div style=\"clear: both; width: 100%; display: block; margin: 20px 0; padding: 0; float: none; position: static; text-align: center;\"><img decoding=\"async\"  src=\"https:\/\/a.allegroimg.com\/original\/1186e8\/c5f8ba81419189a0d83575dd1eab\/2x-MAXXIS-SS-01-PRESA-275-65R17-115-Q-Liczba-opon-w-ofercie-2-szt\" srcset=\"https:\/\/a.allegroimg.com\/original\/1186e8\/c5f8ba81419189a0d83575dd1eab\/2x-MAXXIS-SS-01-PRESA-275-65R17-115-Q-Liczba-opon-w-ofercie-2-szt 360w,https:\/\/a.allegroimg.com\/original\/1186e8\/c5f8ba81419189a0d83575dd1eab\/2x-MAXXIS-SS-01-PRESA-275-65R17-115-Q-Liczba-opon-w-ofercie-2-szt 720w,https:\/\/a.allegroimg.com\/original\/1186e8\/c5f8ba81419189a0d83575dd1eab\/2x-MAXXIS-SS-01-PRESA-275-65R17-115-Q-Liczba-opon-w-ofercie-2-szt 800w,https:\/\/a.allegroimg.com\/original\/1186e8\/c5f8ba81419189a0d83575dd1eab\/2x-MAXXIS-SS-01-PRESA-275-65R17-115-Q-Liczba-opon-w-ofercie-2-szt 800w\" sizes=\"100vw\" width=\"800px\" alt=\"2x MAXXIS SS 01 PRESA 275\/65R17 115 Q Liczba opon w ofercie 2 szt.\"\/ style=\"max-width: 100%; height: auto; display: block; margin: 0 auto;\"><\/div>\n<\/div>\n<\/div>\n<\/div>\n<\/div>\n<\/div>\n<div style=\"clear: both; display: block; margin: 10px 0;\">\n<div style=\"clear: both; display: block; margin: 10px 0;\">\n<div style=\"clear: both; display: block; margin: 10px 0;\">\n<p style=\"margin: 15px 0; line-height: 1.8; clear: both; display: block; width: 100%; float: none; position: static;\">Maxxis, wielki gracz w \u015bwiecie opon motocyklowych,ATV oraz SUV , kreuje swoje dzie\u0142a na skrzy\u017cowaniu pasji, innowacji i doskona\u0142o\u015bci. Wznosz\u0105c si\u0119 ponad horyzont, marka ta zdoby\u0142a serca motocyklist\u00f3w i mi\u0142o\u015bnik\u00f3w ATV, oferuj\u0105c opony, kt\u00f3re definiuj\u0105 nowe standardy w tej ekscytuj\u0105cej podr\u00f3\u017cy na dw\u00f3ch k\u00f3\u0142kach.<\/p>\n<p style=\"margin: 15px 0; line-height: 1.8; clear: both; display: block; width: 100%; float: none; position: static;\">Historia Maxxis to barwna opowie\u015b\u0107 o za\u0142o\u017ceniu w 1967 roku przez nieustraszonego entuzjast\u0119, kt\u00f3ry marzy\u0142 o stworzeniu opon, kt\u00f3re zrewolucjonizuj\u0105 jazd\u0119. Od tamtej pory Maxxis rozkwita\u0142, staj\u0105c si\u0119 globalnym liderem w produkcji opon motocyklowych i ATV, \u0142\u0105cz\u0105c w sobie dziedzictwo rzemie\u015blnicze z nowoczesnymi technologiami.<\/p>\n<p style=\"margin: 15px 0; line-height: 1.8; clear: both; display: block; width: 100%; float: none; position: static;\">Opony Maxxis to wi\u0119cej ni\u017c tylko gumowe ko\u0142a; to manifest wolno\u015bci i przygody. Stworzone z my\u015bl\u0105 o r\u00f3\u017cnorodnych stylach jazdy, od szalonych tras off-road po p\u0142ynne zakr\u0119ty asfaltu, opony te emanuj\u0105 elastyczno\u015bci\u0105 i niezawodno\u015bci\u0105.<\/p>\n<p style=\"margin: 15px 0; line-height: 1.8; clear: both; display: block; width: 100%; float: none; position: static;\">W zaciszu laboratori\u00f3w Maxxis in\u017cynierowie pracuj\u0105 z determinacj\u0105, wykorzystuj\u0105c zaawansowane technologie, aby dostarczy\u0107 opony o doskona\u0142ej przyczepno\u015bci, trwa\u0142o\u015bci i wydajno\u015bci. Ka\u017cda opona to wyraz pasji do doskonalenia motocyklowego \u015bwiata.<\/p>\n<p style=\"margin: 15px 0; line-height: 1.8; clear: both; display: block; width: 100%; float: none; position: static;\">Ciekawostki:<\/p>\n<ul style=\"margin: 15px 0; padding-left: 20px; clear: both; display: block; width: 100%; float: none; position: static;\">\n<li style=\"margin: 5px 0; padding: 2px 0; clear: both; display: list-item; float: none; position: static;\">Maxxis nie tylko dostarcza opony motocyklowe, lecz r\u00f3wnie\u017c jest pionierem w produkcji opon do pojazd\u00f3w ATV, umo\u017cliwiaj\u0105c fanom off-road jeszcze wi\u0119ksz\u0105 r\u00f3\u017cnorodno\u015b\u0107 dozna\u0144.<\/li>\n<li style=\"margin: 5px 0; padding: 2px 0; clear: both; display: list-item; float: none; position: static;\">Marka regularnie nawi\u0105zuje wsp\u00f3\u0142prac\u0119 z profesjonalnymi zespo\u0142ami wy\u015bcigowymi, gdzie opony Maxxis s\u0105 poddawane ekstremalnym testom na najbardziej wymagaj\u0105cych trasach, dostarczaj\u0105c niezb\u0119dne do\u015bwiadczenia do ci\u0105g\u0142ego doskonalenia produkt\u00f3w.<\/li>\n<li style=\"margin: 5px 0; padding: 2px 0; clear: both; display: list-item; float: none; position: static;\">S\u0142ynne modele opon Maxxis, takie jak Maxxcross czy Razr, nie tylko zdoby\u0142y uznanie w \u015brodowisku zawodnik\u00f3w, ale tak\u017ce zyska\u0142y zaufanie szerokiego grona pasjonat\u00f3w motocykli na ca\u0142ym globie.<\/li>\n<\/ul>\n<p style=\"margin: 15px 0; line-height: 1.8; clear: both; display: block; width: 100%; float: none; position: static;\">Maxxis to nie tylko marka opon, to legenda, kt\u00f3ra nieustannie ewoluuje, dostarczaj\u0105c do r\u0105k kierowc\u00f3w i motocyklist\u00f3w narz\u0119dzi, kt\u00f3re pozwalaj\u0105 im przekracza\u0107 granice, odkrywa\u0107 nowe horyzonty i czerpa\u0107 rado\u015b\u0107 z jazdy w najbardziej ekstremalnych warunkach. Wybieraj\u0105c Maxxis, wybierasz nie tylko opony, lecz przede wszystkim styl \u017cycia nap\u0119dzany pasj\u0105, wolno\u015bci\u0105 i niepowstrzyman\u0105 ch\u0119ci\u0105 zdobywania kolejnych wyzwa\u0144.<\/p>\n<\/div>\n<\/div>\n<\/div>\n<div style=\"clear: both; display: block; margin: 10px 0;\">\n<div style=\"clear: both; display: block; margin: 10px 0;\">\n<div style=\"clear: both; display: block; margin: 10px 0;\">\n<div  style=\"max-width:1200px;max-height:1758px\">\n<div style=\"clear: both; display: block; margin: 10px 0;\">\n<div style=\"clear: both; width: 100%; display: block; margin: 20px 0; padding: 0; float: none; position: static; text-align: center;\"><img decoding=\"async\"  src=\"https:\/\/a.allegroimg.com\/original\/11d9d8\/280e73254c92a33cbc472ad22377\/2x-MAXXIS-SS-01-PRESA-275-65R17-115-Q-Marka-Maxxis\" srcset=\"https:\/\/a.allegroimg.com\/original\/11d9d8\/280e73254c92a33cbc472ad22377\/2x-MAXXIS-SS-01-PRESA-275-65R17-115-Q-Marka-Maxxis 245w,https:\/\/a.allegroimg.com\/original\/11d9d8\/280e73254c92a33cbc472ad22377\/2x-MAXXIS-SS-01-PRESA-275-65R17-115-Q-Marka-Maxxis 491w,https:\/\/a.allegroimg.com\/original\/11d9d8\/280e73254c92a33cbc472ad22377\/2x-MAXXIS-SS-01-PRESA-275-65R17-115-Q-Marka-Maxxis 698w,https:\/\/a.allegroimg.com\/original\/11d9d8\/280e73254c92a33cbc472ad22377\/2x-MAXXIS-SS-01-PRESA-275-65R17-115-Q-Marka-Maxxis 982w,https:\/\/a.allegroimg.com\/original\/11d9d8\/280e73254c92a33cbc472ad22377\/2x-MAXXIS-SS-01-PRESA-275-65R17-115-Q-Marka-Maxxis 1200w\" sizes=\"(min-width: 1200px) 560px, (min-width: 992px) 50vw, 100vw\" width=\"1200px\" alt=\"2x MAXXIS SS 01 PRESA 275\/65R17 115 Q Marka Maxxis\"\/ style=\"max-width: 100%; height: auto; display: block; margin: 0 auto;\"><\/div>\n<\/div>\n<\/div>\n<\/div>\n<\/div>\n<div style=\"clear: both; display: block; margin: 10px 0;\">\n<div style=\"clear: both; display: block; margin: 10px 0;\">\n<p style=\"margin: 15px 0; line-height: 1.8; clear: both; display: block; width: 100%; float: none; position: static;\">Dlaczego warto wybra\u0107 nasz\u0105 ofert\u0119?<\/p>\n<p style=\"margin: 15px 0; line-height: 1.8; clear: both; display: block; width: 100%; float: none; position: static;\">Jeste\u015bmy pasjonatami, kt\u00f3rzy dziel\u0105 si\u0119 swoj\u0105 wiedz\u0105 i zaanga\u017cowaniem, aby pom\u00f3c klientom w dokonaniu najlepszego wyboru opon.<\/p>\n<p style=\"margin: 15px 0; line-height: 1.8; clear: both; display: block; width: 100%; float: none; position: static;\">Oferujemy szeroki asortyment opon, obejmuj\u0105cy auta osobowe, dostawcze, ci\u0119\u017carowe, motocykle i opony przemys\u0142owe.Zapewniamy gwarancj\u0119 satysfakcji oraz bezpiecze\u0144stwo.<\/p>\n<p style=\"margin: 15px 0; line-height: 1.8; clear: both; display: block; width: 100%; float: none; position: static;\">Do\u0142\u0105cz do grona naszych zadowolonych klient\u00f3w i przekonaj si\u0119 o naszej jako\u015bci.<\/p>\n<p style=\"margin: 15px 0; line-height: 1.8; clear: both; display: block; width: 100%; float: none; position: static;\">ZAPRASZAMY DO ZAKUP\u00d3W.<\/p>\n<p style=\"margin: 15px 0; line-height: 1.8; clear: both; display: block; width: 100%; float: none; position: static;\">\u00a0<\/p>\n<p style=\"margin: 15px 0; line-height: 1.8; clear: both; display: block; width: 100%; float: none; position: static;\">\u00a0<\/p>\n<\/div>\n<\/div>\n<\/div>\n<\/div>\n<\/div>\n<\/div>\n<div style=\"clear: both; display: block; margin: 10px 0;\">\n","protected":false},"excerpt":{"rendered":"<p>2x MAXXIS SS 01 PRESA 275\/65R17 115 Q<\/p>\n<p>Zimowe opony MAXXIS SS-01 PRESA SUV 275\/65 R17 115 Q<\/p>\n<p>Opony MAXXIS SS-01 PRESA SUV to znacz\u0105cy model w portfolio producenta.\u00a0<\/p>\n<p>Stan:\u00a0Nowy<\/p>\n<p>EAN:\u00a04717784269719<\/p>\n<p>Producent: MAXXIS<\/p>\n<p>Model: SS-01 PRESA SUV<\/p>\n<p>Rozmiar: 275\/65 R17<\/p>\n","protected":false},"featured_media":11529,"template":"","meta":{"_uag_custom_page_level_css":""},"product_brand":[445],"product_cat":[414,413,412,415],"product_tag":[],"class_list":{"0":"post-11528","1":"product","2":"type-product","3":"status-publish","4":"has-post-thumbnail","6":"product_brand-maxxis","7":"product_cat-do-samochodow-osobowych-i-suv","8":"product_cat-opony","9":"product_cat-opony-i-felgi","10":"product_cat-zimowe","12":"first","13":"instock","14":"shipping-taxable","15":"purchasable","16":"product-type-simple"},"uagb_featured_image_src":{"full":["https:\/\/oponixo.shop\/tire\/wp-content\/uploads\/2026\/01\/allegro-image-11528.jpg",920,1120,false],"thumbnail":["https:\/\/oponixo.shop\/tire\/wp-content\/uploads\/2026\/01\/allegro-image-11528-150x150.jpg",150,150,true],"medium":["https:\/\/oponixo.shop\/tire\/wp-content\/uploads\/2026\/01\/allegro-image-11528-246x300.jpg",246,300,true],"medium_large":["https:\/\/oponixo.shop\/tire\/wp-content\/uploads\/2026\/01\/allegro-image-11528-768x935.jpg",768,935,true],"large":["https:\/\/oponixo.shop\/tire\/wp-content\/uploads\/2026\/01\/allegro-image-11528-841x1024.jpg",841,1024,true],"1536x1536":["https:\/\/oponixo.shop\/tire\/wp-content\/uploads\/2026\/01\/allegro-image-11528.jpg",920,1120,false],"2048x2048":["https:\/\/oponixo.shop\/tire\/wp-content\/uploads\/2026\/01\/allegro-image-11528.jpg",920,1120,false],"woocommerce_thumbnail":["https:\/\/oponixo.shop\/tire\/wp-content\/uploads\/2026\/01\/allegro-image-11528-300x300.jpg",300,300,true],"woocommerce_single":["https:\/\/oponixo.shop\/tire\/wp-content\/uploads\/2026\/01\/allegro-image-11528-600x730.jpg",600,730,true],"woocommerce_gallery_thumbnail":["https:\/\/oponixo.shop\/tire\/wp-content\/uploads\/2026\/01\/allegro-image-11528-100x100.jpg",100,100,true]},"uagb_author_info":{"display_name":"admin","author_link":"https:\/\/oponixo.shop\/tire\/author\/"},"uagb_comment_info":0,"uagb_excerpt":"2x MAXXIS SS 01 PRESA 275\/65R17 115 Q Zimowe opony MAXXIS SS-01 PRESA SUV 275\/65 R17 115 Q Opony MAXXIS SS-01 PRESA SUV to znacz\u0105cy model w portfolio producenta.\u00a0 Stan:\u00a0Nowy EAN:\u00a04717784269719 Producent: MAXXIS Model: SS-01 PRESA SUV Rozmiar: 275\/65 R17","_links":{"self":[{"href":"https:\/\/oponixo.shop\/tire\/wp-json\/wp\/v2\/product\/11528","targetHints":{"allow":["GET"]}}],"collection":[{"href":"https:\/\/oponixo.shop\/tire\/wp-json\/wp\/v2\/product"}],"about":[{"href":"https:\/\/oponixo.shop\/tire\/wp-json\/wp\/v2\/types\/product"}],"wp:featuredmedia":[{"embeddable":true,"href":"https:\/\/oponixo.shop\/tire\/wp-json\/wp\/v2\/media\/11529"}],"wp:attachment":[{"href":"https:\/\/oponixo.shop\/tire\/wp-json\/wp\/v2\/media?parent=11528"}],"wp:term":[{"taxonomy":"product_brand","embeddable":true,"href":"https:\/\/oponixo.shop\/tire\/wp-json\/wp\/v2\/product_brand?post=11528"},{"taxonomy":"product_cat","embeddable":true,"href":"https:\/\/oponixo.shop\/tire\/wp-json\/wp\/v2\/product_cat?post=11528"},{"taxonomy":"product_tag","embeddable":true,"href":"https:\/\/oponixo.shop\/tire\/wp-json\/wp\/v2\/product_tag?post=11528"}],"curies":[{"name":"wp","href":"https:\/\/api.w.org\/{rel}","templated":true}]}}