{"id":11691,"date":"2026-01-03T03:31:02","date_gmt":"2026-01-03T02:31:02","guid":{"rendered":"https:\/\/oponyexpert.shop\/xef5\/produkt\/2-opony-zimowe-235-55r18-104h-yokohama-bluearth-v906\/"},"modified":"2026-01-03T03:31:03","modified_gmt":"2026-01-03T02:31:03","slug":"2-opony-zimowe-235-55r18-104h-yokohama-bluearth-v906","status":"publish","type":"product","link":"https:\/\/oponixo.shop\/tire\/produkt\/2-opony-zimowe-235-55r18-104h-yokohama-bluearth-v906\/","title":{"rendered":"2 opony zimowe 235\/55R18 104H Yokohama BluEarth V906"},"content":{"rendered":"<div style=\"font-family: Arial, sans-serif; line-height: 1.6; color: #333; padding: 20px; clear: both; display: block; width: 100%; float: none; position: static; overflow: hidden;\">\n<div style=\"clear: both; display: block; margin: 10px 0;\">\n<div style=\"clear: both; display: block; margin: 10px 0;\">\n<div style=\"clear: both; display: block; margin: 10px 0;\">\n<ul style=\"margin: 15px 0; padding-left: 20px; clear: both; display: block; width: 100%; float: none; position: static;\">\n<li style=\"margin: 5px 0; padding: 2px 0; clear: both; display: list-item; float: none; position: static;\">MARKA\/MODEL: <b>YOKOHAMA BluEarth Winter V906<\/b><\/li>\n<li style=\"margin: 5px 0; padding: 2px 0; clear: both; display: list-item; float: none; position: static;\">ROZMIAR OPON: <b> 235\/55R18<\/b><\/li>\n<li style=\"margin: 5px 0; padding: 2px 0; clear: both; display: list-item; float: none; position: static;\">INDEKS PR\u0118DKO\u015aCI: <b>H<\/b><\/li>\n<li style=\"margin: 5px 0; padding: 2px 0; clear: both; display: list-item; float: none; position: static;\">INDEKS NO\u015aNO\u015aCI: <b>104 XL<\/b><\/li>\n<li style=\"margin: 5px 0; padding: 2px 0; clear: both; display: list-item; float: none; position: static;\">DATA PRODUKCJI: <b>nie starsze ni\u017c grudzie\u0144 2024<\/b><\/li>\n<li style=\"margin: 5px 0; padding: 2px 0; clear: both; display: list-item; float: none; position: static;\">SEZON: <b>Zimowe<\/b><\/li>\n<li style=\"margin: 5px 0; padding: 2px 0; clear: both; display: list-item; float: none; position: static;\">STAN: <b>Nowy<\/b><\/li>\n<li style=\"margin: 5px 0; padding: 2px 0; clear: both; display: list-item; float: none; position: static;\">RANT OCHRONNY NA FELG\u0118: <b>Brak<\/b><\/li>\n<li style=\"margin: 5px 0; padding: 2px 0; clear: both; display: list-item; float: none; position: static;\">DODATKOWE OZNACZENIA: <\/li>\n<\/ul>\n<\/div>\n<\/div>\n<div style=\"clear: both; display: block; margin: 10px 0;\">\n<div style=\"clear: both; display: block; margin: 10px 0;\">\n<div  style=\"max-width:862px;max-height:1084px\">\n<div style=\"clear: both; display: block; margin: 10px 0;\">\n<div style=\"clear: both; width: 100%; display: block; margin: 20px 0; padding: 0; float: none; position: static; text-align: center;\"><img decoding=\"async\"  src=\"https:\/\/a.allegroimg.com\/original\/11c9ce\/f1aeecfe4975a16b73d842c4275a\/2-opony-zimowe-235-55R18-104H-Yokohama-BluEarth-V906\" srcset=\"https:\/\/a.allegroimg.com\/original\/11c9ce\/f1aeecfe4975a16b73d842c4275a\/2-opony-zimowe-235-55R18-104H-Yokohama-BluEarth-V906 286w,https:\/\/a.allegroimg.com\/original\/11c9ce\/f1aeecfe4975a16b73d842c4275a\/2-opony-zimowe-235-55R18-104H-Yokohama-BluEarth-V906 572w,https:\/\/a.allegroimg.com\/original\/11c9ce\/f1aeecfe4975a16b73d842c4275a\/2-opony-zimowe-235-55R18-104H-Yokohama-BluEarth-V906 814w,https:\/\/a.allegroimg.com\/original\/11c9ce\/f1aeecfe4975a16b73d842c4275a\/2-opony-zimowe-235-55R18-104H-Yokohama-BluEarth-V906 862w,https:\/\/a.allegroimg.com\/original\/11c9ce\/f1aeecfe4975a16b73d842c4275a\/2-opony-zimowe-235-55R18-104H-Yokohama-BluEarth-V906 862w\" sizes=\"(min-width: 1200px) 560px, (min-width: 992px) 50vw, 100vw\" width=\"862px\" alt=\"2 opony zimowe 235\/55R18 104H Yokohama BluEarth V906\"\/ style=\"max-width: 100%; height: auto; display: block; margin: 0 auto;\"><\/div>\n<\/div>\n<\/div>\n<\/div>\n<\/div>\n<\/div>\n<div style=\"clear: both; display: block; margin: 10px 0;\">\n<div style=\"clear: both; display: block; margin: 10px 0;\">\n<div style=\"clear: both; display: block; margin: 10px 0;\">\n<div  style=\"max-width:987px;max-height:298px\">\n<div style=\"clear: both; display: block; margin: 10px 0;\">\n<div style=\"clear: both; width: 100%; display: block; margin: 20px 0; padding: 0; float: none; position: static; text-align: center;\"><img decoding=\"async\"  src=\"https:\/\/a.allegroimg.com\/original\/11f25d\/ef772a0f4e279a02116a5c17507f\/2-opony-zimowe-235-55R18-104H-Yokohama-BluEarth-V906-Liczba-opon-w-ofercie-2-szt\" srcset=\"https:\/\/a.allegroimg.com\/original\/11f25d\/ef772a0f4e279a02116a5c17507f\/2-opony-zimowe-235-55R18-104H-Yokohama-BluEarth-V906-Liczba-opon-w-ofercie-2-szt 360w,https:\/\/a.allegroimg.com\/original\/11f25d\/ef772a0f4e279a02116a5c17507f\/2-opony-zimowe-235-55R18-104H-Yokohama-BluEarth-V906-Liczba-opon-w-ofercie-2-szt 720w,https:\/\/a.allegroimg.com\/original\/11f25d\/ef772a0f4e279a02116a5c17507f\/2-opony-zimowe-235-55R18-104H-Yokohama-BluEarth-V906-Liczba-opon-w-ofercie-2-szt 987w,https:\/\/a.allegroimg.com\/original\/11f25d\/ef772a0f4e279a02116a5c17507f\/2-opony-zimowe-235-55R18-104H-Yokohama-BluEarth-V906-Liczba-opon-w-ofercie-2-szt 987w\" sizes=\"(min-width: 1200px) 560px, (min-width: 992px) 50vw, 100vw\" width=\"987px\" alt=\"2 opony zimowe 235\/55R18 104H Yokohama BluEarth V906 Liczba opon w ofercie 2 szt.\"\/ style=\"max-width: 100%; height: auto; display: block; margin: 0 auto;\"><\/div>\n<\/div>\n<\/div>\n<\/div>\n<\/div>\n<div style=\"clear: both; display: block; margin: 10px 0;\">\n<div style=\"clear: both; display: block; margin: 10px 0;\">\n<p style=\"margin: 15px 0; line-height: 1.8; clear: both; display: block; width: 100%; float: none; position: static;\"><b>Yokohama Rubber Co<\/b>. jest si\u00f3dmym pod wzgl\u0119dem wielko\u015bci producentem opon na \u015bwiecie. Za\u0142o\u017cony w 1917 r. japo\u0144ski koncern produkuje opony do samochod\u00f3w osobowych, terenowych, sportowych, dostawczych, ci\u0119\u017carowych, autobus\u00f3w, maszyn budowlanych i przemys\u0142owych oraz do samolot\u00f3w. Opony produkowane s\u0105 w 13 fabrykach, w 7 krajach. Yokohama szczeg\u00f3ln\u0105 rol\u0119 k\u0142adzie na rozw\u00f3j i badania, zatrudniaj\u0105c oko\u0142o 1000 os\u00f3b w Centrach Badawczo Rozwojowych i wydaj\u0105c na ten cel ponad 100 mln dolar\u00f3w rocznie. Opony Yokohama plasuj\u0105 si\u0119 w segmencie premium i s\u0105 szczeg\u00f3lnie doceniane przez u\u017cytkownik\u00f3w samochod\u00f3w sportowych, wysokich osi\u0105g\u00f3w a zaspokojenie ich potrzeb jest r\u00f3wnie\u017c strategi\u0105 produkcyjn\u0105 koncernu.<\/p>\n<\/div>\n<\/div>\n<\/div>\n<div style=\"clear: both; display: block; margin: 10px 0;\">\n<div style=\"clear: both; display: block; margin: 10px 0;\">\n<div style=\"clear: both; display: block; margin: 10px 0;\">\n<div  style=\"max-width:862px;max-height:1084px\">\n<div style=\"clear: both; display: block; margin: 10px 0;\">\n<div style=\"clear: both; width: 100%; display: block; margin: 20px 0; padding: 0; float: none; position: static; text-align: center;\"><img decoding=\"async\"  src=\"https:\/\/a.allegroimg.com\/original\/11c9ce\/f1aeecfe4975a16b73d842c4275a\/2-opony-zimowe-235-55R18-104H-Yokohama-BluEarth-V906\" srcset=\"https:\/\/a.allegroimg.com\/original\/11c9ce\/f1aeecfe4975a16b73d842c4275a\/2-opony-zimowe-235-55R18-104H-Yokohama-BluEarth-V906 286w,https:\/\/a.allegroimg.com\/original\/11c9ce\/f1aeecfe4975a16b73d842c4275a\/2-opony-zimowe-235-55R18-104H-Yokohama-BluEarth-V906 572w,https:\/\/a.allegroimg.com\/original\/11c9ce\/f1aeecfe4975a16b73d842c4275a\/2-opony-zimowe-235-55R18-104H-Yokohama-BluEarth-V906 814w,https:\/\/a.allegroimg.com\/original\/11c9ce\/f1aeecfe4975a16b73d842c4275a\/2-opony-zimowe-235-55R18-104H-Yokohama-BluEarth-V906 862w,https:\/\/a.allegroimg.com\/original\/11c9ce\/f1aeecfe4975a16b73d842c4275a\/2-opony-zimowe-235-55R18-104H-Yokohama-BluEarth-V906 862w\" sizes=\"100vw\" width=\"862px\" alt=\"2 opony zimowe 235\/55R18 104H Yokohama BluEarth V906\"\/ style=\"max-width: 100%; height: auto; display: block; margin: 0 auto;\"><\/div>\n<\/div>\n<\/div>\n<\/div>\n<\/div>\n<\/div>\n<div style=\"clear: both; display: block; margin: 10px 0;\">\n<div style=\"clear: both; display: block; margin: 10px 0;\">\n<div style=\"clear: both; display: block; margin: 10px 0;\">\n<h2>Na naszych innych aukcjach Allegro znajdziesz felgi stalowe i aluminiowe, czujniki (TPMS) oraz \u015bruby i nakr\u0119tki.<\/h2>\n<\/div>\n<\/div>\n<\/div>\n<\/div>\n<\/div>\n<\/div>\n<div style=\"clear: both; display: block; margin: 10px 0;\">\n","protected":false},"excerpt":{"rendered":"<p>MARKA\/MODEL: YOKOHAMA BluEarth Winter V906<\/p>\n<p>ROZMIAR OPON: 235\/55R18<\/p>\n<p>INDEKS PR\u0118DKO\u015aCI: H<\/p>\n<p>INDEKS NO\u015aNO\u015aCI: 104 XL<\/p>\n<p>DATA PRODUKCJI: nie starsze ni\u017c grudzie\u0144 2024<\/p>\n<p>SEZON: Zimowe<\/p>\n<p>STAN: Nowy<\/p>\n<p>RANT OCHRONNY NA FELG\u0118: Brak<\/p>\n","protected":false},"featured_media":11692,"template":"","meta":{"_uag_custom_page_level_css":""},"product_brand":[410],"product_cat":[414,413,412,415],"product_tag":[],"class_list":{"0":"post-11691","1":"product","2":"type-product","3":"status-publish","4":"has-post-thumbnail","6":"product_brand-yokohama","7":"product_cat-do-samochodow-osobowych-i-suv","8":"product_cat-opony","9":"product_cat-opony-i-felgi","10":"product_cat-zimowe","12":"first","13":"instock","14":"shipping-taxable","15":"purchasable","16":"product-type-simple"},"uagb_featured_image_src":{"full":["https:\/\/oponixo.shop\/tire\/wp-content\/uploads\/2026\/01\/allegro-image-11691.jpg",862,1084,false],"thumbnail":["https:\/\/oponixo.shop\/tire\/wp-content\/uploads\/2026\/01\/allegro-image-11691-150x150.jpg",150,150,true],"medium":["https:\/\/oponixo.shop\/tire\/wp-content\/uploads\/2026\/01\/allegro-image-11691-239x300.jpg",239,300,true],"medium_large":["https:\/\/oponixo.shop\/tire\/wp-content\/uploads\/2026\/01\/allegro-image-11691-768x966.jpg",768,966,true],"large":["https:\/\/oponixo.shop\/tire\/wp-content\/uploads\/2026\/01\/allegro-image-11691-814x1024.jpg",814,1024,true],"1536x1536":["https:\/\/oponixo.shop\/tire\/wp-content\/uploads\/2026\/01\/allegro-image-11691.jpg",862,1084,false],"2048x2048":["https:\/\/oponixo.shop\/tire\/wp-content\/uploads\/2026\/01\/allegro-image-11691.jpg",862,1084,false],"woocommerce_thumbnail":["https:\/\/oponixo.shop\/tire\/wp-content\/uploads\/2026\/01\/allegro-image-11691-300x300.jpg",300,300,true],"woocommerce_single":["https:\/\/oponixo.shop\/tire\/wp-content\/uploads\/2026\/01\/allegro-image-11691-600x755.jpg",600,755,true],"woocommerce_gallery_thumbnail":["https:\/\/oponixo.shop\/tire\/wp-content\/uploads\/2026\/01\/allegro-image-11691-100x100.jpg",100,100,true]},"uagb_author_info":{"display_name":"admin","author_link":"https:\/\/oponixo.shop\/tire\/author\/"},"uagb_comment_info":0,"uagb_excerpt":"MARKA\/MODEL: YOKOHAMA BluEarth Winter V906 ROZMIAR OPON: 235\/55R18 INDEKS PR\u0118DKO\u015aCI: H INDEKS NO\u015aNO\u015aCI: 104 XL DATA PRODUKCJI: nie starsze ni\u017c grudzie\u0144 2024 SEZON: Zimowe STAN: Nowy RANT OCHRONNY NA FELG\u0118: Brak","_links":{"self":[{"href":"https:\/\/oponixo.shop\/tire\/wp-json\/wp\/v2\/product\/11691","targetHints":{"allow":["GET"]}}],"collection":[{"href":"https:\/\/oponixo.shop\/tire\/wp-json\/wp\/v2\/product"}],"about":[{"href":"https:\/\/oponixo.shop\/tire\/wp-json\/wp\/v2\/types\/product"}],"wp:featuredmedia":[{"embeddable":true,"href":"https:\/\/oponixo.shop\/tire\/wp-json\/wp\/v2\/media\/11692"}],"wp:attachment":[{"href":"https:\/\/oponixo.shop\/tire\/wp-json\/wp\/v2\/media?parent=11691"}],"wp:term":[{"taxonomy":"product_brand","embeddable":true,"href":"https:\/\/oponixo.shop\/tire\/wp-json\/wp\/v2\/product_brand?post=11691"},{"taxonomy":"product_cat","embeddable":true,"href":"https:\/\/oponixo.shop\/tire\/wp-json\/wp\/v2\/product_cat?post=11691"},{"taxonomy":"product_tag","embeddable":true,"href":"https:\/\/oponixo.shop\/tire\/wp-json\/wp\/v2\/product_tag?post=11691"}],"curies":[{"name":"wp","href":"https:\/\/api.w.org\/{rel}","templated":true}]}}