{"id":11701,"date":"2026-01-03T03:31:05","date_gmt":"2026-01-03T02:31:05","guid":{"rendered":"https:\/\/oponyexpert.shop\/xef5\/produkt\/2-x-bridgestone-turanza-all-season-6-235-55r18-104-v-xl-fr-enliten-3pmsf\/"},"modified":"2026-01-03T03:31:06","modified_gmt":"2026-01-03T02:31:06","slug":"2-x-bridgestone-turanza-all-season-6-235-55r18-104-v-xl-fr-enliten-3pmsf","status":"publish","type":"product","link":"https:\/\/oponixo.shop\/tire\/produkt\/2-x-bridgestone-turanza-all-season-6-235-55r18-104-v-xl-fr-enliten-3pmsf\/","title":{"rendered":"2 x Bridgestone Turanza All Season 6 235\/55R18 104 V XL FR ENLITEN 3PMSF"},"content":{"rendered":"<div style=\"font-family: Arial, sans-serif; line-height: 1.6; color: #333; padding: 20px; clear: both; display: block; width: 100%; float: none; position: static; overflow: hidden;\">\n<div style=\"clear: both; display: block; margin: 10px 0;\">\n<div style=\"clear: both; display: block; margin: 10px 0;\">\n<div style=\"clear: both; display: block; margin: 10px 0;\">\n<div  style=\"max-width:372px;max-height:500px\">\n<div style=\"clear: both; display: block; margin: 10px 0;\">\n<div style=\"clear: both; width: 100%; display: block; margin: 20px 0; padding: 0; float: none; position: static; text-align: center;\"><img decoding=\"async\"  src=\"https:\/\/a.allegroimg.com\/original\/1158b8\/85b363aa4cf5bb987508771c4d1f\/2-x-Bridgestone-Turanza-All-Season-6-235-55R18-104-V-XL-FR-ENLITEN-3PMSF\" srcset=\"https:\/\/a.allegroimg.com\/original\/1158b8\/85b363aa4cf5bb987508771c4d1f\/2-x-Bridgestone-Turanza-All-Season-6-235-55R18-104-V-XL-FR-ENLITEN-3PMSF 267w,https:\/\/a.allegroimg.com\/original\/1158b8\/85b363aa4cf5bb987508771c4d1f\/2-x-Bridgestone-Turanza-All-Season-6-235-55R18-104-V-XL-FR-ENLITEN-3PMSF 372w,https:\/\/a.allegroimg.com\/original\/1158b8\/85b363aa4cf5bb987508771c4d1f\/2-x-Bridgestone-Turanza-All-Season-6-235-55R18-104-V-XL-FR-ENLITEN-3PMSF 372w\" sizes=\"(min-width: 1200px) 560px, (min-width: 992px) 50vw, 100vw\" width=\"372px\" alt=\"2 x Bridgestone Turanza All Season 6 235\/55R18 104 V XL FR ENLITEN 3PMSF\"\/ style=\"max-width: 100%; height: auto; display: block; margin: 0 auto;\"><\/div>\n<\/div>\n<\/div>\n<\/div>\n<\/div>\n<div style=\"clear: both; display: block; margin: 10px 0;\">\n<div style=\"clear: both; display: block; margin: 10px 0;\">\n<h2>Bridgestone Turanza All Season 6 235\/55R18 104 V XL FR ENLITEN 3PMSF<\/h2>\n<p style=\"margin: 15px 0; line-height: 1.8; clear: both; display: block; width: 100%; float: none; position: static;\">Producent: Bridgestone<\/p>\n<p style=\"margin: 15px 0; line-height: 1.8; clear: both; display: block; width: 100%; float: none; position: static;\">Model: Turanza All Season 6<\/p>\n<p style=\"margin: 15px 0; line-height: 1.8; clear: both; display: block; width: 100%; float: none; position: static;\">Sezon: ca\u0142oroczne<\/p>\n<p style=\"margin: 15px 0; line-height: 1.8; clear: both; display: block; width: 100%; float: none; position: static;\">Rozmiar: 235\/55R18<\/p>\n<p style=\"margin: 15px 0; line-height: 1.8; clear: both; display: block; width: 100%; float: none; position: static;\">Data produkcji: 2025<\/p>\n<p style=\"margin: 15px 0; line-height: 1.8; clear: both; display: block; width: 100%; float: none; position: static;\">Zu\u017cycie paliwa: klasa B<\/p>\n<p style=\"margin: 15px 0; line-height: 1.8; clear: both; display: block; width: 100%; float: none; position: static;\">Przyczepno\u015b\u0107 na mokrym: klasa B<\/p>\n<p style=\"margin: 15px 0; line-height: 1.8; clear: both; display: block; width: 100%; float: none; position: static;\">Poziom ha\u0142asu: 70 dB<\/p>\n<\/div>\n<\/div>\n<\/div>\n<div style=\"clear: both; display: block; margin: 10px 0;\">\n<div style=\"clear: both; display: block; margin: 10px 0;\">\n<div style=\"clear: both; display: block; margin: 10px 0;\">\n<div  style=\"max-width:760px;max-height:582px\">\n<div style=\"clear: both; display: block; margin: 10px 0;\">\n<div style=\"clear: both; width: 100%; display: block; margin: 20px 0; padding: 0; float: none; position: static; text-align: center;\"><img decoding=\"async\"  src=\"https:\/\/a.allegroimg.com\/original\/117753\/0f2525934812a909db7da4a4caa8\/2-x-Bridgestone-Turanza-All-Season-6-235-55R18-104-V-XL-FR-ENLITEN-3PMSF-Liczba-opon-w-ofercie-2-szt\" srcset=\"https:\/\/a.allegroimg.com\/original\/117753\/0f2525934812a909db7da4a4caa8\/2-x-Bridgestone-Turanza-All-Season-6-235-55R18-104-V-XL-FR-ENLITEN-3PMSF-Liczba-opon-w-ofercie-2-szt 360w,https:\/\/a.allegroimg.com\/original\/117753\/0f2525934812a909db7da4a4caa8\/2-x-Bridgestone-Turanza-All-Season-6-235-55R18-104-V-XL-FR-ENLITEN-3PMSF-Liczba-opon-w-ofercie-2-szt 720w,https:\/\/a.allegroimg.com\/original\/117753\/0f2525934812a909db7da4a4caa8\/2-x-Bridgestone-Turanza-All-Season-6-235-55R18-104-V-XL-FR-ENLITEN-3PMSF-Liczba-opon-w-ofercie-2-szt 760w,https:\/\/a.allegroimg.com\/original\/117753\/0f2525934812a909db7da4a4caa8\/2-x-Bridgestone-Turanza-All-Season-6-235-55R18-104-V-XL-FR-ENLITEN-3PMSF-Liczba-opon-w-ofercie-2-szt 760w\" sizes=\"(min-width: 1200px) 560px, (min-width: 992px) 50vw, 100vw\" width=\"760px\" alt=\"2 x Bridgestone Turanza All Season 6 235\/55R18 104 V XL FR ENLITEN 3PMSF Liczba opon w ofercie 2 szt.\"\/ style=\"max-width: 100%; height: auto; display: block; margin: 0 auto;\"><\/div>\n<\/div>\n<\/div>\n<\/div>\n<\/div>\n<div style=\"clear: both; display: block; margin: 10px 0;\">\n<div style=\"clear: both; display: block; margin: 10px 0;\">\n<h1>Bridgestone Turanza All Season 6 \u2013 wysoka jako\u015b\u0107 na ka\u017cdy sezon<\/h1>\n<p style=\"margin: 15px 0; line-height: 1.8; clear: both; display: block; width: 100%; float: none; position: static;\">Bridgestone Turanza All Season 6 to ca\u0142oroczna opona klasy premium, opracowana w odpowiedzi na realne potrzeby i oczekiwania kierowc\u00f3w wobec ogumienia wielosezonowego. Dzi\u0119ki kierunkowemu bie\u017cnikowi i zaawansowanej mieszance gumowej, model ten zapewnia doskona\u0142\u0105 przyczepno\u015b\u0107 zar\u00f3wno na suchych, jak i mokrych drogach, a tak\u017ce solidn\u0105 trakcj\u0119 na \u015bniegu<\/p>\n<\/div>\n<\/div>\n<\/div>\n<div style=\"clear: both; display: block; margin: 10px 0;\">\n<div style=\"clear: both; display: block; margin: 10px 0;\">\n<div style=\"clear: both; display: block; margin: 10px 0;\">\n<div  style=\"max-width:760px;max-height:624px\">\n<div style=\"clear: both; display: block; margin: 10px 0;\">\n<div style=\"clear: both; width: 100%; display: block; margin: 20px 0; padding: 0; float: none; position: static; text-align: center;\"><img decoding=\"async\"  src=\"https:\/\/a.allegroimg.com\/original\/117629\/0537ebf84359a3f1b9ce4030d889\/2-x-Bridgestone-Turanza-All-Season-6-235-55R18-104-V-XL-FR-ENLITEN-3PMSF-Rok-produkcji-2025\" srcset=\"https:\/\/a.allegroimg.com\/original\/117629\/0537ebf84359a3f1b9ce4030d889\/2-x-Bridgestone-Turanza-All-Season-6-235-55R18-104-V-XL-FR-ENLITEN-3PMSF-Rok-produkcji-2025 360w,https:\/\/a.allegroimg.com\/original\/117629\/0537ebf84359a3f1b9ce4030d889\/2-x-Bridgestone-Turanza-All-Season-6-235-55R18-104-V-XL-FR-ENLITEN-3PMSF-Rok-produkcji-2025 720w,https:\/\/a.allegroimg.com\/original\/117629\/0537ebf84359a3f1b9ce4030d889\/2-x-Bridgestone-Turanza-All-Season-6-235-55R18-104-V-XL-FR-ENLITEN-3PMSF-Rok-produkcji-2025 760w,https:\/\/a.allegroimg.com\/original\/117629\/0537ebf84359a3f1b9ce4030d889\/2-x-Bridgestone-Turanza-All-Season-6-235-55R18-104-V-XL-FR-ENLITEN-3PMSF-Rok-produkcji-2025 760w\" sizes=\"(min-width: 1200px) 560px, (min-width: 992px) 50vw, 100vw\" width=\"760px\" alt=\"2 x Bridgestone Turanza All Season 6 235\/55R18 104 V XL FR ENLITEN 3PMSF Rok produkcji 2025\"\/ style=\"max-width: 100%; height: auto; display: block; margin: 0 auto;\"><\/div>\n<\/div>\n<\/div>\n<\/div>\n<\/div>\n<div style=\"clear: both; display: block; margin: 10px 0;\">\n<div style=\"clear: both; display: block; margin: 10px 0;\">\n<h1>Technologia ENLITEN \u2013 trwa\u0142o\u015b\u0107 i oszcz\u0119dno\u015b\u0107<\/h1>\n<p style=\"margin: 15px 0; line-height: 1.8; clear: both; display: block; width: 100%; float: none; position: static;\">Zastosowanie technologii ENLITEN pozwoli\u0142o Bridgestone zredukowa\u0107 opory toczenia, co przek\u0142ada si\u0119 na ni\u017csze zu\u017cycie paliwa, a w przypadku aut elektrycznych \u2013 na wyd\u0142u\u017cony zasi\u0119g. Opona zosta\u0142a r\u00f3wnie\u017c zoptymalizowana pod wzgl\u0119dem masy i konstrukcji, co poprawia nie tylko ekonomi\u0119, ale tak\u017ce komfort jazdy. Mimo tych udoskonale\u0144, Turanza All Season 6 zachowuje wysok\u0105 odporno\u015b\u0107 na zu\u017cycie, co czyni j\u0105 inwestycj\u0105 na d\u0142u\u017cszy czas.<\/p>\n<\/div>\n<\/div>\n<\/div>\n<div style=\"clear: both; display: block; margin: 10px 0;\">\n<div style=\"clear: both; display: block; margin: 10px 0;\">\n<div style=\"clear: both; display: block; margin: 10px 0;\">\n<div  style=\"max-width:760px;max-height:580px\">\n<div style=\"clear: both; display: block; margin: 10px 0;\">\n<div style=\"clear: both; width: 100%; display: block; margin: 20px 0; padding: 0; float: none; position: static; text-align: center;\"><img decoding=\"async\"  src=\"https:\/\/a.allegroimg.com\/original\/11f07e\/95aac42647a1b13906aa589810ad\/2-x-Bridgestone-Turanza-All-Season-6-235-55R18-104-V-XL-FR-ENLITEN-3PMSF-Marka-Bridgestone\" srcset=\"https:\/\/a.allegroimg.com\/original\/11f07e\/95aac42647a1b13906aa589810ad\/2-x-Bridgestone-Turanza-All-Season-6-235-55R18-104-V-XL-FR-ENLITEN-3PMSF-Marka-Bridgestone 360w,https:\/\/a.allegroimg.com\/original\/11f07e\/95aac42647a1b13906aa589810ad\/2-x-Bridgestone-Turanza-All-Season-6-235-55R18-104-V-XL-FR-ENLITEN-3PMSF-Marka-Bridgestone 720w,https:\/\/a.allegroimg.com\/original\/11f07e\/95aac42647a1b13906aa589810ad\/2-x-Bridgestone-Turanza-All-Season-6-235-55R18-104-V-XL-FR-ENLITEN-3PMSF-Marka-Bridgestone 760w,https:\/\/a.allegroimg.com\/original\/11f07e\/95aac42647a1b13906aa589810ad\/2-x-Bridgestone-Turanza-All-Season-6-235-55R18-104-V-XL-FR-ENLITEN-3PMSF-Marka-Bridgestone 760w\" sizes=\"(min-width: 1200px) 560px, (min-width: 992px) 50vw, 100vw\" width=\"760px\" alt=\"2 x Bridgestone Turanza All Season 6 235\/55R18 104 V XL FR ENLITEN 3PMSF Marka Bridgestone\"\/ style=\"max-width: 100%; height: auto; display: block; margin: 0 auto;\"><\/div>\n<\/div>\n<\/div>\n<\/div>\n<\/div>\n<div style=\"clear: both; display: block; margin: 10px 0;\">\n<div style=\"clear: both; display: block; margin: 10px 0;\">\n<h1>Zaawansowany bie\u017cnik na ka\u017cd\u0105 pogod\u0119<\/h1>\n<p style=\"margin: 15px 0; line-height: 1.8; clear: both; display: block; width: 100%; float: none; position: static;\">Bie\u017cnik Bridgestone Turanza All Season 6 zosta\u0142 zaprojektowany z my\u015bl\u0105 o ca\u0142orocznej niezawodno\u015bci. Zastosowano w nim udoskonalony, jode\u0142kowy wz\u00f3r poprawiaj\u0105cy przyczepno\u015b\u0107 na \u015bniegu, a specjalne kieszenie w \u017cebrach magazynuj\u0105 \u015bnieg, zwi\u0119kszaj\u0105c trakcj\u0119. Pojedyncze bloki ze sko\u015bnymi rowkami pomagaj\u0105 r\u00f3wnomiernie rozk\u0142ada\u0107 napr\u0119\u017cenia, co wp\u0142ywa na stabilno\u015b\u0107 jazdy. Lamele 2D z dystansami poprawiaj\u0105 zachowanie opony podczas manewr\u00f3w, a rowki poprzeczne i grzebienie na ich dnie skutecznie odprowadzaj\u0105 wod\u0119 i \u015bnieg. Ca\u0142o\u015b\u0107 uzupe\u0142nia nowa mieszanka i fazowane kraw\u0119dzie klock\u00f3w, kt\u00f3re poprawiaj\u0105 kontakt z nawierzchni\u0105 i zwi\u0119kszaj\u0105 skuteczno\u015b\u0107 hamowania.<\/p>\n<\/div>\n<\/div>\n<\/div>\n<div style=\"clear: both; display: block; margin: 10px 0;\">\n<div style=\"clear: both; display: block; margin: 10px 0;\">\n<div style=\"clear: both; display: block; margin: 10px 0;\">\n<h1>Testowane osi\u0105gi, kt\u00f3rym mo\u017cesz zaufa\u0107<\/h1>\n<p style=\"margin: 15px 0; line-height: 1.8; clear: both; display: block; width: 100%; float: none; position: static;\">Model Turanza All Season 6 regularnie zajmuje czo\u0142owe pozycje w niezale\u017cnych testach \u2013 m.in. w rankingach ACE\/ARB\u00d6\/ GT\u00dc Auto Bild czy ADAC. U\u017cytkownicy i eksperci chwal\u0105 j\u0105 za wyj\u0105tkowo dobr\u0105 r\u00f3wnowag\u0119 mi\u0119dzy osi\u0105gami w r\u00f3\u017cnych warunkach, co czyni j\u0105 jedn\u0105 z najbardziej wszechstronnych propozycji na rynku. To idealny wyb\u00f3r dla tych, kt\u00f3rzy chc\u0105 mie\u0107 spok\u00f3j przez ca\u0142y rok, bez konieczno\u015bci sezonowej wymiany opon \u2013 niezale\u017cnie od tego, czy je\u017cd\u017c\u0105 samochodem spalinowym, hybrydowym czy elektrycznym.<\/p>\n<\/div>\n<\/div>\n<\/div>\n<\/div>\n<\/div>\n<\/div>\n<div style=\"clear: both; display: block; margin: 10px 0;\">\n","protected":false},"excerpt":{"rendered":"<p>Bridgestone Turanza All Season 6 235\/55R18 104 V XL FR ENLITEN 3PMSF<\/p>\n<p>Producent: Bridgestone<\/p>\n<p>Model: Turanza All Season 6<\/p>\n<p>Sezon: ca\u0142oroczne<\/p>\n<p>Rozmiar: 235\/55R18<\/p>\n<p>Data produkcji: 2025<\/p>\n<p>Zu\u017cycie paliwa: klasa B<\/p>\n<p>Przyczepno\u015b\u0107 na mokrym: klasa B<\/p>\n","protected":false},"featured_media":11702,"template":"","meta":{"_uag_custom_page_level_css":""},"product_brand":[397],"product_cat":[416,414,413,412],"product_tag":[],"class_list":{"0":"post-11701","1":"product","2":"type-product","3":"status-publish","4":"has-post-thumbnail","6":"product_brand-bridgestone","7":"product_cat-caloroczne","8":"product_cat-do-samochodow-osobowych-i-suv","9":"product_cat-opony","10":"product_cat-opony-i-felgi","12":"first","13":"instock","14":"shipping-taxable","15":"purchasable","16":"product-type-simple"},"uagb_featured_image_src":{"full":["https:\/\/oponixo.shop\/tire\/wp-content\/uploads\/2026\/01\/allegro-image-11701.jpg",372,500,false],"thumbnail":["https:\/\/oponixo.shop\/tire\/wp-content\/uploads\/2026\/01\/allegro-image-11701-150x150.jpg",150,150,true],"medium":["https:\/\/oponixo.shop\/tire\/wp-content\/uploads\/2026\/01\/allegro-image-11701-223x300.jpg",223,300,true],"medium_large":["https:\/\/oponixo.shop\/tire\/wp-content\/uploads\/2026\/01\/allegro-image-11701.jpg",372,500,false],"large":["https:\/\/oponixo.shop\/tire\/wp-content\/uploads\/2026\/01\/allegro-image-11701.jpg",372,500,false],"1536x1536":["https:\/\/oponixo.shop\/tire\/wp-content\/uploads\/2026\/01\/allegro-image-11701.jpg",372,500,false],"2048x2048":["https:\/\/oponixo.shop\/tire\/wp-content\/uploads\/2026\/01\/allegro-image-11701.jpg",372,500,false],"woocommerce_thumbnail":["https:\/\/oponixo.shop\/tire\/wp-content\/uploads\/2026\/01\/allegro-image-11701-300x300.jpg",300,300,true],"woocommerce_single":["https:\/\/oponixo.shop\/tire\/wp-content\/uploads\/2026\/01\/allegro-image-11701.jpg",372,500,false],"woocommerce_gallery_thumbnail":["https:\/\/oponixo.shop\/tire\/wp-content\/uploads\/2026\/01\/allegro-image-11701-100x100.jpg",100,100,true]},"uagb_author_info":{"display_name":"admin","author_link":"https:\/\/oponixo.shop\/tire\/author\/"},"uagb_comment_info":0,"uagb_excerpt":"Bridgestone Turanza All Season 6 235\/55R18 104 V XL FR ENLITEN 3PMSF Producent: Bridgestone Model: Turanza All Season 6 Sezon: ca\u0142oroczne Rozmiar: 235\/55R18 Data produkcji: 2025 Zu\u017cycie paliwa: klasa B Przyczepno\u015b\u0107 na mokrym: klasa B","_links":{"self":[{"href":"https:\/\/oponixo.shop\/tire\/wp-json\/wp\/v2\/product\/11701","targetHints":{"allow":["GET"]}}],"collection":[{"href":"https:\/\/oponixo.shop\/tire\/wp-json\/wp\/v2\/product"}],"about":[{"href":"https:\/\/oponixo.shop\/tire\/wp-json\/wp\/v2\/types\/product"}],"wp:featuredmedia":[{"embeddable":true,"href":"https:\/\/oponixo.shop\/tire\/wp-json\/wp\/v2\/media\/11702"}],"wp:attachment":[{"href":"https:\/\/oponixo.shop\/tire\/wp-json\/wp\/v2\/media?parent=11701"}],"wp:term":[{"taxonomy":"product_brand","embeddable":true,"href":"https:\/\/oponixo.shop\/tire\/wp-json\/wp\/v2\/product_brand?post=11701"},{"taxonomy":"product_cat","embeddable":true,"href":"https:\/\/oponixo.shop\/tire\/wp-json\/wp\/v2\/product_cat?post=11701"},{"taxonomy":"product_tag","embeddable":true,"href":"https:\/\/oponixo.shop\/tire\/wp-json\/wp\/v2\/product_tag?post=11701"}],"curies":[{"name":"wp","href":"https:\/\/api.w.org\/{rel}","templated":true}]}}