{"id":11703,"date":"2026-01-03T03:31:06","date_gmt":"2026-01-03T02:31:06","guid":{"rendered":"https:\/\/oponyexpert.shop\/xef5\/produkt\/2x-kumho-solus-4s-ha32-235-55r18-104v-xl-2025-r\/"},"modified":"2026-01-03T03:31:06","modified_gmt":"2026-01-03T02:31:06","slug":"2x-kumho-solus-4s-ha32-235-55r18-104v-xl-2025-r","status":"publish","type":"product","link":"https:\/\/oponixo.shop\/tire\/produkt\/2x-kumho-solus-4s-ha32-235-55r18-104v-xl-2025-r\/","title":{"rendered":"2x KUMHO Solus 4S HA32+ 235\/55R18 104V XL 2025 r"},"content":{"rendered":"<div style=\"font-family: Arial, sans-serif; line-height: 1.6; color: #333; padding: 20px; clear: both; display: block; width: 100%; float: none; position: static; overflow: hidden;\">\n<div style=\"clear: both; display: block; margin: 10px 0;\">\n<div style=\"clear: both; display: block; margin: 10px 0;\">\n<div style=\"clear: both; display: block; margin: 10px 0;\">\n<div  style=\"max-width:1200px;max-height:1126px\">\n<div style=\"clear: both; display: block; margin: 10px 0;\">\n<div style=\"clear: both; width: 100%; display: block; margin: 20px 0; padding: 0; float: none; position: static; text-align: center;\"><img decoding=\"async\"  src=\"https:\/\/a.allegroimg.com\/original\/11f1e8\/3e047fc84339a98fe0539775e509\/2x-KUMHO-Solus-4S-HA32-235-55R18-104V-XL-2025-r\" srcset=\"https:\/\/a.allegroimg.com\/original\/11f1e8\/3e047fc84339a98fe0539775e509\/2x-KUMHO-Solus-4S-HA32-235-55R18-104V-XL-2025-r 360w,https:\/\/a.allegroimg.com\/original\/11f1e8\/3e047fc84339a98fe0539775e509\/2x-KUMHO-Solus-4S-HA32-235-55R18-104V-XL-2025-r 720w,https:\/\/a.allegroimg.com\/original\/11f1e8\/3e047fc84339a98fe0539775e509\/2x-KUMHO-Solus-4S-HA32-235-55R18-104V-XL-2025-r 1024w,https:\/\/a.allegroimg.com\/original\/11f1e8\/3e047fc84339a98fe0539775e509\/2x-KUMHO-Solus-4S-HA32-235-55R18-104V-XL-2025-r 1200w,https:\/\/a.allegroimg.com\/original\/11f1e8\/3e047fc84339a98fe0539775e509\/2x-KUMHO-Solus-4S-HA32-235-55R18-104V-XL-2025-r 1200w\" sizes=\"(min-width: 1200px) 560px, (min-width: 992px) 50vw, 100vw\" width=\"1200px\" alt=\"2x KUMHO Solus 4S HA32+ 235\/55R18 104V XL 2025 r\"\/ style=\"max-width: 100%; height: auto; display: block; margin: 0 auto;\"><\/div>\n<\/div>\n<\/div>\n<\/div>\n<\/div>\n<div style=\"clear: both; display: block; margin: 10px 0;\">\n<div style=\"clear: both; display: block; margin: 10px 0;\">\n<h1>KUMHO Solus 4S HA32+ 235\/55R18 104V XL<\/h1>\n<h2>H0W66W<\/h2>\n<\/div>\n<\/div>\n<\/div>\n<div style=\"clear: both; display: block; margin: 10px 0;\">\n<div style=\"clear: both; display: block; margin: 10px 0;\">\n<div style=\"clear: both; display: block; margin: 10px 0;\">\n<div  style=\"max-width:900px;max-height:500px\">\n<div style=\"clear: both; display: block; margin: 10px 0;\">\n<div style=\"clear: both; width: 100%; display: block; margin: 20px 0; padding: 0; float: none; position: static; text-align: center;\"><img decoding=\"async\"  src=\"https:\/\/a.allegroimg.com\/original\/11a3cf\/62fa332b4ae69dd1955d65e95371\/2x-KUMHO-Solus-4S-HA32-235-55R18-104V-XL-2025-r-Srednica-18\" srcset=\"https:\/\/a.allegroimg.com\/original\/11a3cf\/62fa332b4ae69dd1955d65e95371\/2x-KUMHO-Solus-4S-HA32-235-55R18-104V-XL-2025-r-Srednica-18 360w,https:\/\/a.allegroimg.com\/original\/11a3cf\/62fa332b4ae69dd1955d65e95371\/2x-KUMHO-Solus-4S-HA32-235-55R18-104V-XL-2025-r-Srednica-18 720w,https:\/\/a.allegroimg.com\/original\/11a3cf\/62fa332b4ae69dd1955d65e95371\/2x-KUMHO-Solus-4S-HA32-235-55R18-104V-XL-2025-r-Srednica-18 900w,https:\/\/a.allegroimg.com\/original\/11a3cf\/62fa332b4ae69dd1955d65e95371\/2x-KUMHO-Solus-4S-HA32-235-55R18-104V-XL-2025-r-Srednica-18 900w\" sizes=\"(min-width: 1200px) 560px, (min-width: 992px) 50vw, 100vw\" width=\"900px\" alt=\"2x KUMHO Solus 4S HA32+ 235\/55R18 104V XL 2025 r \u015arednica 18&quot;\"\/ style=\"max-width: 100%; height: auto; display: block; margin: 0 auto;\"><\/div>\n<\/div>\n<\/div>\n<\/div>\n<\/div>\n<div style=\"clear: both; display: block; margin: 10px 0;\">\n<div style=\"clear: both; display: block; margin: 10px 0;\">\n<h1>Kumho<\/h1>\n<p style=\"margin: 15px 0; line-height: 1.8; clear: both; display: block; width: 100%; float: none; position: static;\">Firma Kumho Tire z g\u0142\u00f3wn\u0105 siedzib\u0105 w Seulu zosta\u0142a utworzona w roku 1960, a aktualnie nale\u017cy do jednych z wiod\u0105cych producent\u00f3w opon. Kumho Tire nale\u017cy do bogatej w tradycje grupy Kumho Asiana Group, jednego z najbardziej renomowanych i najwi\u0119kszych przedsi\u0119biorstw Korei, do kt\u00f3rej przyk\u0142adowo nale\u017cy tak\u017ce Asiana Airlines i Star Alliance.<br \/>\nWraz z 9 400 pracownikami na ca\u0142ym \u015bwiecie Kumho projektuje, produkuje i sprzedaje w wi\u0119kszo\u015bci opony do samochod\u00f3w osobowych, ma\u0142ych i du\u017cych samochod\u00f3w ci\u0119\u017carowych. Kumho posiada zak\u0142ady produkcyjne w Korei, Chinach i Wietnamie. Poza tym firma prowadzi centra badawczo-rozwojowe w Korei, Chinach, Europie i Ameryce P\u00f3\u0142nocnej. Sp\u00f3\u0142ka Kumho Tire Europe GmbH z siedzib\u0105 w Offenbach nad Menem kieruje dzia\u0142alno\u015bci\u0105 marketingow\u0105 i dystrybucyjn\u0105 w Niemczech i w Europie.<\/p>\n<\/div>\n<\/div>\n<\/div>\n<\/div>\n<\/div>\n<\/div>\n<div style=\"clear: both; display: block; margin: 10px 0;\">\n","protected":false},"excerpt":{"rendered":"<p>KUMHO Solus 4S HA32+ 235\/55R18 104V XL<\/p>\n<p>H0W66W<\/p>\n<p>Kumho<\/p>\n<p>Firma Kumho Tire z g\u0142\u00f3wn\u0105 siedzib\u0105 w Seulu zosta\u0142a utworzona w roku 1960, a aktualnie nale\u017cy do jednych z wiod\u0105cych producent\u00f3w opon. Kumho Tire nale\u017cy do bogatej w tradycje grupy Kumho Asiana Group, jednego z najbardziej renomowanych i najwi\u0119kszych przedsi\u0119biorstw Korei, do kt\u00f3rej przyk\u0142adowo nale\u017cy tak\u017ce Asiana Airlines i Star Alliance.<\/p>\n","protected":false},"featured_media":11704,"template":"","meta":{"_uag_custom_page_level_css":""},"product_brand":[390],"product_cat":[416,414,413,412],"product_tag":[],"class_list":{"0":"post-11703","1":"product","2":"type-product","3":"status-publish","4":"has-post-thumbnail","6":"product_brand-kumho","7":"product_cat-caloroczne","8":"product_cat-do-samochodow-osobowych-i-suv","9":"product_cat-opony","10":"product_cat-opony-i-felgi","12":"first","13":"instock","14":"shipping-taxable","15":"purchasable","16":"product-type-simple"},"uagb_featured_image_src":{"full":["https:\/\/oponixo.shop\/tire\/wp-content\/uploads\/2026\/01\/allegro-image-11703.jpg",1200,1126,false],"thumbnail":["https:\/\/oponixo.shop\/tire\/wp-content\/uploads\/2026\/01\/allegro-image-11703-150x150.jpg",150,150,true],"medium":["https:\/\/oponixo.shop\/tire\/wp-content\/uploads\/2026\/01\/allegro-image-11703-300x282.jpg",300,282,true],"medium_large":["https:\/\/oponixo.shop\/tire\/wp-content\/uploads\/2026\/01\/allegro-image-11703-768x721.jpg",768,721,true],"large":["https:\/\/oponixo.shop\/tire\/wp-content\/uploads\/2026\/01\/allegro-image-11703-1024x961.jpg",1024,961,true],"1536x1536":["https:\/\/oponixo.shop\/tire\/wp-content\/uploads\/2026\/01\/allegro-image-11703.jpg",1200,1126,false],"2048x2048":["https:\/\/oponixo.shop\/tire\/wp-content\/uploads\/2026\/01\/allegro-image-11703.jpg",1200,1126,false],"woocommerce_thumbnail":["https:\/\/oponixo.shop\/tire\/wp-content\/uploads\/2026\/01\/allegro-image-11703-300x300.jpg",300,300,true],"woocommerce_single":["https:\/\/oponixo.shop\/tire\/wp-content\/uploads\/2026\/01\/allegro-image-11703-600x563.jpg",600,563,true],"woocommerce_gallery_thumbnail":["https:\/\/oponixo.shop\/tire\/wp-content\/uploads\/2026\/01\/allegro-image-11703-100x100.jpg",100,100,true]},"uagb_author_info":{"display_name":"admin","author_link":"https:\/\/oponixo.shop\/tire\/author\/"},"uagb_comment_info":0,"uagb_excerpt":"KUMHO Solus 4S HA32+ 235\/55R18 104V XL H0W66W Kumho Firma Kumho Tire z g\u0142\u00f3wn\u0105 siedzib\u0105 w Seulu zosta\u0142a utworzona w roku 1960, a aktualnie nale\u017cy do jednych z wiod\u0105cych producent\u00f3w opon. Kumho Tire nale\u017cy do bogatej w tradycje grupy Kumho Asiana Group, jednego z najbardziej renomowanych i najwi\u0119kszych przedsi\u0119biorstw Korei, do kt\u00f3rej przyk\u0142adowo nale\u017cy tak\u017ce&hellip;","_links":{"self":[{"href":"https:\/\/oponixo.shop\/tire\/wp-json\/wp\/v2\/product\/11703","targetHints":{"allow":["GET"]}}],"collection":[{"href":"https:\/\/oponixo.shop\/tire\/wp-json\/wp\/v2\/product"}],"about":[{"href":"https:\/\/oponixo.shop\/tire\/wp-json\/wp\/v2\/types\/product"}],"wp:featuredmedia":[{"embeddable":true,"href":"https:\/\/oponixo.shop\/tire\/wp-json\/wp\/v2\/media\/11704"}],"wp:attachment":[{"href":"https:\/\/oponixo.shop\/tire\/wp-json\/wp\/v2\/media?parent=11703"}],"wp:term":[{"taxonomy":"product_brand","embeddable":true,"href":"https:\/\/oponixo.shop\/tire\/wp-json\/wp\/v2\/product_brand?post=11703"},{"taxonomy":"product_cat","embeddable":true,"href":"https:\/\/oponixo.shop\/tire\/wp-json\/wp\/v2\/product_cat?post=11703"},{"taxonomy":"product_tag","embeddable":true,"href":"https:\/\/oponixo.shop\/tire\/wp-json\/wp\/v2\/product_tag?post=11703"}],"curies":[{"name":"wp","href":"https:\/\/api.w.org\/{rel}","templated":true}]}}