{"id":11783,"date":"2026-01-03T07:36:13","date_gmt":"2026-01-03T06:36:13","guid":{"rendered":"https:\/\/oponyexpert.shop\/xef5\/produkt\/2x-opony-zimowe-205-70r15-fortune-fsr901-96t\/"},"modified":"2026-01-03T07:36:14","modified_gmt":"2026-01-03T06:36:14","slug":"2x-opony-zimowe-205-70r15-fortune-fsr901-96t","status":"publish","type":"product","link":"https:\/\/oponixo.shop\/tire\/produkt\/2x-opony-zimowe-205-70r15-fortune-fsr901-96t\/","title":{"rendered":"2x opony zimowe 205\/70R15 FORTUNE FSR901 96T"},"content":{"rendered":"<div style=\"font-family: Arial, sans-serif; line-height: 1.6; color: #333; padding: 20px; clear: both; display: block; width: 100%; float: none; position: static; overflow: hidden;\">\n<div style=\"clear: both; display: block; margin: 10px 0;\">\n<div style=\"clear: both; display: block; margin: 10px 0;\">\n<div style=\"clear: both; display: block; margin: 10px 0;\">\n<h2>Opona zimowa Fortune Snowfun FSR-901 205\/70R15 96 T przyczepno\u015b\u0107 na \u015bniegu (3PMSF)<\/h2>\n<p style=\"margin: 15px 0; line-height: 1.8; clear: both; display: block; width: 100%; float: none; position: static;\">Opona zimowa Fortune FSR901 205\/70R15 96 T<\/p>\n<p style=\"margin: 15px 0; line-height: 1.8; clear: both; display: block; width: 100%; float: none; position: static;\">Cechy produktu:<\/p>\n<ul style=\"margin: 15px 0; padding-left: 20px; clear: both; display: block; width: 100%; float: none; position: static;\">\n<li style=\"margin: 5px 0; padding: 2px 0; clear: both; display: list-item; float: none; position: static;\">sezon: zimowe<\/li>\n<li style=\"margin: 5px 0; padding: 2px 0; clear: both; display: list-item; float: none; position: static;\">szeroko\u015b\u0107\/profil\/\u015brednica: 205\/70R15<\/li>\n<li style=\"margin: 5px 0; padding: 2px 0; clear: both; display: list-item; float: none; position: static;\">indeks pr\u0119dko\u015bci: T do 190 km\/h<\/li>\n<li style=\"margin: 5px 0; padding: 2px 0; clear: both; display: list-item; float: none; position: static;\">indeks no\u015bno\u015bci: 96 &#8211; 710 kg<\/li>\n<li style=\"margin: 5px 0; padding: 2px 0; clear: both; display: list-item; float: none; position: static;\">op\u00f3r toczenia:<\/li>\n<li style=\"margin: 5px 0; padding: 2px 0; clear: both; display: list-item; float: none; position: static;\">przyczepno\u015b\u0107 na mokrej nawierzchni:<\/li>\n<li style=\"margin: 5px 0; padding: 2px 0; clear: both; display: list-item; float: none; position: static;\">ha\u0142as zewn\u0119trzny:<\/li>\n<\/ul>\n<\/div>\n<\/div>\n<div style=\"clear: both; display: block; margin: 10px 0;\">\n<div style=\"clear: both; display: block; margin: 10px 0;\">\n<div  style=\"max-width:533px;max-height:800px\">\n<div style=\"clear: both; display: block; margin: 10px 0;\">\n<div style=\"clear: both; width: 100%; display: block; margin: 20px 0; padding: 0; float: none; position: static; text-align: center;\"><img decoding=\"async\"  src=\"https:\/\/a.allegroimg.com\/original\/00b962\/d7947d0c48b186fafa0b70fa8377\/2x-opony-zimowe-205-70R15-FORTUNE-FSR901-96T\" srcset=\"https:\/\/a.allegroimg.com\/original\/00b962\/d7947d0c48b186fafa0b70fa8377\/2x-opony-zimowe-205-70R15-FORTUNE-FSR901-96T 239w,https:\/\/a.allegroimg.com\/original\/00b962\/d7947d0c48b186fafa0b70fa8377\/2x-opony-zimowe-205-70R15-FORTUNE-FSR901-96T 479w,https:\/\/a.allegroimg.com\/original\/00b962\/d7947d0c48b186fafa0b70fa8377\/2x-opony-zimowe-205-70R15-FORTUNE-FSR901-96T 533w,https:\/\/a.allegroimg.com\/original\/00b962\/d7947d0c48b186fafa0b70fa8377\/2x-opony-zimowe-205-70R15-FORTUNE-FSR901-96T 533w\" sizes=\"(min-width: 1200px) 560px, (min-width: 992px) 50vw, 100vw\" width=\"533px\" alt=\"2x opony zimowe 205\/70R15 FORTUNE FSR901 96T\"\/ style=\"max-width: 100%; height: auto; display: block; margin: 0 auto;\"><\/div>\n<\/div>\n<\/div>\n<\/div>\n<\/div>\n<\/div>\n<div style=\"clear: both; display: block; margin: 10px 0;\">\n<div style=\"clear: both; display: block; margin: 10px 0;\">\n<div style=\"clear: both; display: block; margin: 10px 0;\">\n<h3 style=\"color: #2c5aa0; font-size: 18px; margin: 30px 0 15px 0; font-weight: bold; clear: both; display: block; width: 100%; float: none; position: static;\">Informacje dodatkowe:<\/h3>\n<ul style=\"margin: 15px 0; padding-left: 20px; clear: both; display: block; width: 100%; float: none; position: static;\">\n<li style=\"margin: 5px 0; padding: 2px 0; clear: both; display: list-item; float: none; position: static;\">rok produkcji: 2024\/2025 (kupuj\u0105c z tej oferty otrzymasz opony fabrycznie nowe, pe\u0142nowarto\u015bciowe) <\/li>\n<li style=\"margin: 5px 0; padding: 2px 0; clear: both; display: list-item; float: none; position: static;\">stan: fabrycznie nowe <\/li>\n<\/ul>\n<\/div>\n<\/div>\n<\/div>\n<div style=\"clear: both; display: block; margin: 10px 0;\">\n<div style=\"clear: both; display: block; margin: 10px 0;\">\n<div style=\"clear: both; display: block; margin: 10px 0;\">\n<h3 style=\"color: #2c5aa0; font-size: 18px; margin: 30px 0 15px 0; font-weight: bold; clear: both; display: block; width: 100%; float: none; position: static;\">Przeznaczenie<\/h3>\n<p style=\"margin: 15px 0; line-height: 1.8; clear: both; display: block; width: 100%; float: none; position: static;\">Opony Fortune FSR901 to ogumienie zimowe przeznaczone do montowania na ko\u0142ach samochod\u00f3w osobowych. Producent opon FSR901 po\u0142o\u017cy\u0142 nacisk na niskie koszty zakupu i eksploatacji, a tak\u017ce na wysoki stopie\u0144 odporno\u015bci na zu\u017cycie.<\/p>\n<h3 style=\"color: #2c5aa0; font-size: 18px; margin: 30px 0 15px 0; font-weight: bold; clear: both; display: block; width: 100%; float: none; position: static;\">Technologia<\/h3>\n<p style=\"margin: 15px 0; line-height: 1.8; clear: both; display: block; width: 100%; float: none; position: static;\">Zimowe opony samochodowe Fortune FSR901 powsta\u0142y z mieszanki gumowej, kt\u00f3ra ma przede wszystkim zachowa\u0107 odpowiedni\u0105 elastyczno\u015b\u0107 przy niskich zimowych temperaturach. Dzi\u0119ki temu opona mo\u017ce zachowa\u0107 przyczepno\u015b\u0107 na zimowych drogach, zar\u00f3wno suchych, jak i mokrych. Producent opon FSR901 zastosowa\u0142 nowoczesny bie\u017cnik asymetryczny maj\u0105cy na celu popraw\u0119 przyczepno\u015bci podczas jazdy na \u015bniegu, wodzie i na suchych drogach w trakcie zimy.<\/p>\n<h3 style=\"color: #2c5aa0; font-size: 18px; margin: 30px 0 15px 0; font-weight: bold; clear: both; display: block; width: 100%; float: none; position: static;\">Bie\u017cnik<\/h3>\n<p style=\"margin: 15px 0; line-height: 1.8; clear: both; display: block; width: 100%; float: none; position: static;\">Opony samochodowe Fortune FSR901 maj\u0105 bie\u017cnik asymetryczny z w\u0105skim \u017cebrem na czole opony, o nieregularnym kszta\u0142cie. Zastosowano dwie wst\u0119gi klock\u00f3w, ka\u017cda o innym kszta\u0142cie, oraz szerokie, prostok\u0105tne klocki na barkach opony. Wszystkie wypuk\u0142e elementy zosta\u0142y pokryte g\u0119st\u0105 sieci\u0105 lamelek.<\/p>\n<h3 style=\"color: #2c5aa0; font-size: 18px; margin: 30px 0 15px 0; font-weight: bold; clear: both; display: block; width: 100%; float: none; position: static;\">Producent<\/h3>\n<p style=\"margin: 15px 0; line-height: 1.8; clear: both; display: block; width: 100%; float: none; position: static;\">Fortune to chi\u0144ski producent opon, kt\u00f3ry dostarcza swoje produkty do 130 kraj\u00f3w \u015bwiata. Firma oponiarska Fortune jest zaliczana do 500 najbardziej warto\u015bciowych chi\u0144skich marek. Fortune produkuje opony do samochod\u00f3w osobowych, dostawczych, ci\u0119\u017carowych, u\u017cytkowych i autobus\u00f3w.<\/p>\n<\/div>\n<\/div>\n<\/div>\n<\/div>\n<\/div>\n<\/div>\n<div style=\"clear: both; display: block; margin: 10px 0;\">\n","protected":false},"excerpt":{"rendered":"<p>Opona zimowa Fortune Snowfun FSR-901 205\/70R15 96 T przyczepno\u015b\u0107 na \u015bniegu (3PMSF)<\/p>\n<p>Opona zimowa Fortune FSR901 205\/70R15 96 T<\/p>\n<p>Cechy produktu:<\/p>\n<p>sezon: zimowe<\/p>\n<p>szeroko\u015b\u0107\/profil\/\u015brednica: 205\/70R15<\/p>\n<p>indeks pr\u0119dko\u015bci: T do 190 km\/h<\/p>\n<p>indeks no\u015bno\u015bci: 96 &#8211; 710 kg<\/p>\n<p>op\u00f3r toczenia:<\/p>\n","protected":false},"featured_media":11784,"template":"","meta":{"_uag_custom_page_level_css":""},"product_brand":[425],"product_cat":[414,413,412,415],"product_tag":[],"class_list":{"0":"post-11783","1":"product","2":"type-product","3":"status-publish","4":"has-post-thumbnail","6":"product_brand-fortune","7":"product_cat-do-samochodow-osobowych-i-suv","8":"product_cat-opony","9":"product_cat-opony-i-felgi","10":"product_cat-zimowe","12":"first","13":"instock","14":"shipping-taxable","15":"purchasable","16":"product-type-simple"},"uagb_featured_image_src":{"full":["https:\/\/oponixo.shop\/tire\/wp-content\/uploads\/2026\/01\/allegro-image-11783.jpg",533,800,false],"thumbnail":["https:\/\/oponixo.shop\/tire\/wp-content\/uploads\/2026\/01\/allegro-image-11783-150x150.jpg",150,150,true],"medium":["https:\/\/oponixo.shop\/tire\/wp-content\/uploads\/2026\/01\/allegro-image-11783-200x300.jpg",200,300,true],"medium_large":["https:\/\/oponixo.shop\/tire\/wp-content\/uploads\/2026\/01\/allegro-image-11783.jpg",533,800,false],"large":["https:\/\/oponixo.shop\/tire\/wp-content\/uploads\/2026\/01\/allegro-image-11783.jpg",533,800,false],"1536x1536":["https:\/\/oponixo.shop\/tire\/wp-content\/uploads\/2026\/01\/allegro-image-11783.jpg",533,800,false],"2048x2048":["https:\/\/oponixo.shop\/tire\/wp-content\/uploads\/2026\/01\/allegro-image-11783.jpg",533,800,false],"woocommerce_thumbnail":["https:\/\/oponixo.shop\/tire\/wp-content\/uploads\/2026\/01\/allegro-image-11783-300x300.jpg",300,300,true],"woocommerce_single":["https:\/\/oponixo.shop\/tire\/wp-content\/uploads\/2026\/01\/allegro-image-11783.jpg",533,800,false],"woocommerce_gallery_thumbnail":["https:\/\/oponixo.shop\/tire\/wp-content\/uploads\/2026\/01\/allegro-image-11783-100x100.jpg",100,100,true]},"uagb_author_info":{"display_name":"admin","author_link":"https:\/\/oponixo.shop\/tire\/author\/"},"uagb_comment_info":0,"uagb_excerpt":"Opona zimowa Fortune Snowfun FSR-901 205\/70R15 96 T przyczepno\u015b\u0107 na \u015bniegu (3PMSF) Opona zimowa Fortune FSR901 205\/70R15 96 T Cechy produktu: sezon: zimowe szeroko\u015b\u0107\/profil\/\u015brednica: 205\/70R15 indeks pr\u0119dko\u015bci: T do 190 km\/h indeks no\u015bno\u015bci: 96 - 710 kg op\u00f3r toczenia:","_links":{"self":[{"href":"https:\/\/oponixo.shop\/tire\/wp-json\/wp\/v2\/product\/11783","targetHints":{"allow":["GET"]}}],"collection":[{"href":"https:\/\/oponixo.shop\/tire\/wp-json\/wp\/v2\/product"}],"about":[{"href":"https:\/\/oponixo.shop\/tire\/wp-json\/wp\/v2\/types\/product"}],"wp:featuredmedia":[{"embeddable":true,"href":"https:\/\/oponixo.shop\/tire\/wp-json\/wp\/v2\/media\/11784"}],"wp:attachment":[{"href":"https:\/\/oponixo.shop\/tire\/wp-json\/wp\/v2\/media?parent=11783"}],"wp:term":[{"taxonomy":"product_brand","embeddable":true,"href":"https:\/\/oponixo.shop\/tire\/wp-json\/wp\/v2\/product_brand?post=11783"},{"taxonomy":"product_cat","embeddable":true,"href":"https:\/\/oponixo.shop\/tire\/wp-json\/wp\/v2\/product_cat?post=11783"},{"taxonomy":"product_tag","embeddable":true,"href":"https:\/\/oponixo.shop\/tire\/wp-json\/wp\/v2\/product_tag?post=11783"}],"curies":[{"name":"wp","href":"https:\/\/api.w.org\/{rel}","templated":true}]}}