{"id":11789,"date":"2026-01-03T07:36:15","date_gmt":"2026-01-03T06:36:15","guid":{"rendered":"https:\/\/oponyexpert.shop\/xef5\/produkt\/2x-opony-zimowe-tracmax-x-privilo-s130-205-70r15-96t-rant-2025\/"},"modified":"2026-01-03T07:36:16","modified_gmt":"2026-01-03T06:36:16","slug":"2x-opony-zimowe-tracmax-x-privilo-s130-205-70r15-96t-rant-2025","status":"publish","type":"product","link":"https:\/\/oponixo.shop\/tire\/produkt\/2x-opony-zimowe-tracmax-x-privilo-s130-205-70r15-96t-rant-2025\/","title":{"rendered":"2x opony zimowe Tracmax X-privilo S130 205\/70R15 96T rant 2025"},"content":{"rendered":"<div style=\"font-family: Arial, sans-serif; line-height: 1.6; color: #333; padding: 20px; clear: both; display: block; width: 100%; float: none; position: static; overflow: hidden;\">\n<div style=\"clear: both; display: block; margin: 10px 0;\">\n<div style=\"clear: both; display: block; margin: 10px 0;\">\n<div style=\"clear: both; display: block; margin: 10px 0;\">\n<div  style=\"max-width:500px;max-height:112px\">\n<div style=\"clear: both; display: block; margin: 10px 0;\">\n<div style=\"clear: both; width: 100%; display: block; margin: 20px 0; padding: 0; float: none; position: static; text-align: center;\"><img decoding=\"async\"  src=\"https:\/\/a.allegroimg.com\/original\/11acb9\/1098d04b4ee6a9f1223356d721bf\/2x-opony-zimowe-Tracmax-X-privilo-S130-205-70R15-96T-rant-2025-Rok-produkcji-2025\" srcset=\"https:\/\/a.allegroimg.com\/original\/11acb9\/1098d04b4ee6a9f1223356d721bf\/2x-opony-zimowe-Tracmax-X-privilo-S130-205-70R15-96T-rant-2025-Rok-produkcji-2025 360w,https:\/\/a.allegroimg.com\/original\/11acb9\/1098d04b4ee6a9f1223356d721bf\/2x-opony-zimowe-Tracmax-X-privilo-S130-205-70R15-96T-rant-2025-Rok-produkcji-2025 500w,https:\/\/a.allegroimg.com\/original\/11acb9\/1098d04b4ee6a9f1223356d721bf\/2x-opony-zimowe-Tracmax-X-privilo-S130-205-70R15-96T-rant-2025-Rok-produkcji-2025 500w\" sizes=\"100vw\" width=\"500px\" alt=\"2x opony zimowe Tracmax X-privilo S130 205\/70R15 96T rant 2025 Rok produkcji 2025\"\/ style=\"max-width: 100%; height: auto; display: block; margin: 0 auto;\"><\/div>\n<\/div>\n<\/div>\n<\/div>\n<\/div>\n<\/div>\n<div style=\"clear: both; display: block; margin: 10px 0;\">\n<div style=\"clear: both; display: block; margin: 10px 0;\">\n<div style=\"clear: both; display: block; margin: 10px 0;\">\n<h1>zestaw 2 sztuk nowych opon zimowych<\/h1>\n<h1>Tracmax X-privilo S130 205\/70R15 96T FR<\/h1>\n<p style=\"margin: 15px 0; line-height: 1.8; clear: both; display: block; width: 100%; float: none; position: static;\">\n<\/div>\n<\/div>\n<\/div>\n<div style=\"clear: both; display: block; margin: 10px 0;\">\n<div style=\"clear: both; display: block; margin: 10px 0;\">\n<div style=\"clear: both; display: block; margin: 10px 0;\">\n<div  style=\"max-width:379px;max-height:600px\">\n<div style=\"clear: both; display: block; margin: 10px 0;\">\n<div style=\"clear: both; width: 100%; display: block; margin: 20px 0; padding: 0; float: none; position: static; text-align: center;\"><img decoding=\"async\"  src=\"https:\/\/a.allegroimg.com\/original\/11f6ff\/c3b65e224c1b8e6b1d6d7e890028\/2x-opony-zimowe-Tracmax-X-privilo-S130-205-70R15-96T-rant-2025\" srcset=\"https:\/\/a.allegroimg.com\/original\/11f6ff\/c3b65e224c1b8e6b1d6d7e890028\/2x-opony-zimowe-Tracmax-X-privilo-S130-205-70R15-96T-rant-2025 227w,https:\/\/a.allegroimg.com\/original\/11f6ff\/c3b65e224c1b8e6b1d6d7e890028\/2x-opony-zimowe-Tracmax-X-privilo-S130-205-70R15-96T-rant-2025 379w,https:\/\/a.allegroimg.com\/original\/11f6ff\/c3b65e224c1b8e6b1d6d7e890028\/2x-opony-zimowe-Tracmax-X-privilo-S130-205-70R15-96T-rant-2025 379w\" sizes=\"(min-width: 1200px) 560px, (min-width: 992px) 50vw, 100vw\" width=\"379px\" alt=\"2x opony zimowe Tracmax X-privilo S130 205\/70R15 96T rant 2025\"\/ style=\"max-width: 100%; height: auto; display: block; margin: 0 auto;\"><\/div>\n<\/div>\n<\/div>\n<\/div>\n<\/div>\n<div style=\"clear: both; display: block; margin: 10px 0;\">\n<div style=\"clear: both; display: block; margin: 10px 0;\">\n<p style=\"margin: 15px 0; line-height: 1.8; clear: both; display: block; width: 100%; float: none; position: static;\"><b>Tracmax X-privilo S130<\/b> to opony <b>zimowe<\/b> przeznaczone do samochod\u00f3w <b>osobowych<\/b> oraz suv-\u00f3w. Produkt klasy bud\u017cetowej popularnej marki <b>Tracmax<\/b>. Wysoka jako\u015b\u0107 w przyst\u0119pnej cenie. <\/p>\n<ul style=\"margin: 15px 0; padding-left: 20px; clear: both; display: block; width: 100%; float: none; position: static;\">\n<li style=\"margin: 5px 0; padding: 2px 0; clear: both; display: list-item; float: none; position: static;\">rok produkcji: <b>2025<\/b><\/li>\n<li style=\"margin: 5px 0; padding: 2px 0; clear: both; display: list-item; float: none; position: static;\">opony <b>nowe<\/b>, oryginalne, z gwarancj\u0105<\/li>\n<li style=\"margin: 5px 0; padding: 2px 0; clear: both; display: list-item; float: none; position: static;\"><b>FR<\/b> &#8211; opony posiadaj\u0105 rant chroni\u0105cy felg\u0119<\/li>\n<li style=\"margin: 5px 0; padding: 2px 0; clear: both; display: list-item; float: none; position: static;\">zapewniaj\u0105 cich\u0105 i p\u0142ynn\u0105 prac\u0119<\/li>\n<li style=\"margin: 5px 0; padding: 2px 0; clear: both; display: list-item; float: none; position: static;\">skutecznie niweluj\u0105 wp\u0142yw nier\u00f3wno\u015bci na drodze na komfort jazdy<\/li>\n<li style=\"margin: 5px 0; padding: 2px 0; clear: both; display: list-item; float: none; position: static;\">dostosowane do du\u017cych pr\u0119dko\u015bci<\/li>\n<li style=\"margin: 5px 0; padding: 2px 0; clear: both; display: list-item; float: none; position: static;\">doskona\u0142a trakcja, precyzyjne sterowanie<\/li>\n<li style=\"margin: 5px 0; padding: 2px 0; clear: both; display: list-item; float: none; position: static;\">bie\u017cnik zu\u017cywa si\u0119 r\u00f3wnomiernie<\/li>\n<li style=\"margin: 5px 0; padding: 2px 0; clear: both; display: list-item; float: none; position: static;\">znakomita przyczepno\u015b\u0107 i trakcja w trudnych, zimowych warunkach<\/li>\n<li style=\"margin: 5px 0; padding: 2px 0; clear: both; display: list-item; float: none; position: static;\">pe\u0142na homologacja zimowa 3PMSF (opony z tym oznaczeniem musz\u0105 spe\u0142nia\u0107 rygorystyczne normy dot. przyczepno\u015bci i hamowania na \u015bniegu i lodzie)<\/li>\n<li style=\"margin: 5px 0; padding: 2px 0; clear: both; display: list-item; float: none; position: static;\">skuteczne odprowadzanie wody i b\u0142ota, system antypo\u015blizgowy<\/li>\n<\/ul>\n<\/div>\n<\/div>\n<\/div>\n<div style=\"clear: both; display: block; margin: 10px 0;\">\n<div style=\"clear: both; display: block; margin: 10px 0;\">\n<div style=\"clear: both; display: block; margin: 10px 0;\">\n<div  style=\"max-width:480px;max-height:733px\">\n<div style=\"clear: both; display: block; margin: 10px 0;\">\n<div style=\"clear: both; width: 100%; display: block; margin: 20px 0; padding: 0; float: none; position: static; text-align: center;\"><img decoding=\"async\"  src=\"https:\/\/a.allegroimg.com\/original\/114c13\/77887b35492199b98dbe1fcfea6d\/2x-opony-zimowe-Tracmax-X-privilo-S130-205-70R15-96T-rant-2025-Liczba-opon-w-ofercie-2-szt\" srcset=\"https:\/\/a.allegroimg.com\/original\/114c13\/77887b35492199b98dbe1fcfea6d\/2x-opony-zimowe-Tracmax-X-privilo-S130-205-70R15-96T-rant-2025-Liczba-opon-w-ofercie-2-szt 235w,https:\/\/a.allegroimg.com\/original\/114c13\/77887b35492199b98dbe1fcfea6d\/2x-opony-zimowe-Tracmax-X-privilo-S130-205-70R15-96T-rant-2025-Liczba-opon-w-ofercie-2-szt 471w,https:\/\/a.allegroimg.com\/original\/114c13\/77887b35492199b98dbe1fcfea6d\/2x-opony-zimowe-Tracmax-X-privilo-S130-205-70R15-96T-rant-2025-Liczba-opon-w-ofercie-2-szt 480w,https:\/\/a.allegroimg.com\/original\/114c13\/77887b35492199b98dbe1fcfea6d\/2x-opony-zimowe-Tracmax-X-privilo-S130-205-70R15-96T-rant-2025-Liczba-opon-w-ofercie-2-szt 480w\" sizes=\"100vw\" width=\"480px\" alt=\"2x opony zimowe Tracmax X-privilo S130 205\/70R15 96T rant 2025 Liczba opon w ofercie 2 szt.\"\/ style=\"max-width: 100%; height: auto; display: block; margin: 0 auto;\"><\/div>\n<\/div>\n<\/div>\n<\/div>\n<\/div>\n<\/div>\n<\/div>\n<\/div>\n<\/div>\n<div style=\"clear: both; display: block; margin: 10px 0;\">\n","protected":false},"excerpt":{"rendered":"<p>zestaw 2 sztuk nowych opon zimowych<\/p>\n<p>Tracmax X-privilo S130 205\/70R15 96T FR<\/p>\n<p>Tracmax X-privilo S130 to opony zimowe przeznaczone do samochod\u00f3w osobowych oraz suv-\u00f3w. Produkt klasy bud\u017cetowej popularnej marki Tracmax. Wysoka jako\u015b\u0107 w przyst\u0119pnej cenie.<\/p>\n<p>rok produkcji: 2025<\/p>\n<p>opony nowe, oryginalne, z gwarancj\u0105<\/p>\n<p>FR &#8211; opony posiadaj\u0105 rant chroni\u0105cy felg\u0119<\/p>\n<p>zapewniaj\u0105 cich\u0105 i p\u0142ynn\u0105 prac\u0119<\/p>\n<p>skutecznie niweluj\u0105 wp\u0142yw nier\u00f3wno\u015bci na drodze na komfort jazdy<\/p>\n","protected":false},"featured_media":11790,"template":"","meta":{"_uag_custom_page_level_css":""},"product_brand":[393],"product_cat":[414,413,412,415],"product_tag":[],"class_list":{"0":"post-11789","1":"product","2":"type-product","3":"status-publish","4":"has-post-thumbnail","6":"product_brand-tracmax","7":"product_cat-do-samochodow-osobowych-i-suv","8":"product_cat-opony","9":"product_cat-opony-i-felgi","10":"product_cat-zimowe","12":"first","13":"instock","14":"shipping-taxable","15":"purchasable","16":"product-type-simple"},"uagb_featured_image_src":{"full":["https:\/\/oponixo.shop\/tire\/wp-content\/uploads\/2026\/01\/allegro-image-11789.jpg",379,600,false],"thumbnail":["https:\/\/oponixo.shop\/tire\/wp-content\/uploads\/2026\/01\/allegro-image-11789-150x150.jpg",150,150,true],"medium":["https:\/\/oponixo.shop\/tire\/wp-content\/uploads\/2026\/01\/allegro-image-11789-190x300.jpg",190,300,true],"medium_large":["https:\/\/oponixo.shop\/tire\/wp-content\/uploads\/2026\/01\/allegro-image-11789.jpg",379,600,false],"large":["https:\/\/oponixo.shop\/tire\/wp-content\/uploads\/2026\/01\/allegro-image-11789.jpg",379,600,false],"1536x1536":["https:\/\/oponixo.shop\/tire\/wp-content\/uploads\/2026\/01\/allegro-image-11789.jpg",379,600,false],"2048x2048":["https:\/\/oponixo.shop\/tire\/wp-content\/uploads\/2026\/01\/allegro-image-11789.jpg",379,600,false],"woocommerce_thumbnail":["https:\/\/oponixo.shop\/tire\/wp-content\/uploads\/2026\/01\/allegro-image-11789-300x300.jpg",300,300,true],"woocommerce_single":["https:\/\/oponixo.shop\/tire\/wp-content\/uploads\/2026\/01\/allegro-image-11789.jpg",379,600,false],"woocommerce_gallery_thumbnail":["https:\/\/oponixo.shop\/tire\/wp-content\/uploads\/2026\/01\/allegro-image-11789-100x100.jpg",100,100,true]},"uagb_author_info":{"display_name":"admin","author_link":"https:\/\/oponixo.shop\/tire\/author\/"},"uagb_comment_info":0,"uagb_excerpt":"zestaw 2 sztuk nowych opon zimowych Tracmax X-privilo S130 205\/70R15 96T FR Tracmax X-privilo S130 to opony zimowe przeznaczone do samochod\u00f3w osobowych oraz suv-\u00f3w. Produkt klasy bud\u017cetowej popularnej marki Tracmax. Wysoka jako\u015b\u0107 w przyst\u0119pnej cenie. rok produkcji: 2025 opony nowe, oryginalne, z gwarancj\u0105 FR - opony posiadaj\u0105 rant chroni\u0105cy felg\u0119 zapewniaj\u0105 cich\u0105 i p\u0142ynn\u0105 prac\u0119&hellip;","_links":{"self":[{"href":"https:\/\/oponixo.shop\/tire\/wp-json\/wp\/v2\/product\/11789","targetHints":{"allow":["GET"]}}],"collection":[{"href":"https:\/\/oponixo.shop\/tire\/wp-json\/wp\/v2\/product"}],"about":[{"href":"https:\/\/oponixo.shop\/tire\/wp-json\/wp\/v2\/types\/product"}],"wp:featuredmedia":[{"embeddable":true,"href":"https:\/\/oponixo.shop\/tire\/wp-json\/wp\/v2\/media\/11790"}],"wp:attachment":[{"href":"https:\/\/oponixo.shop\/tire\/wp-json\/wp\/v2\/media?parent=11789"}],"wp:term":[{"taxonomy":"product_brand","embeddable":true,"href":"https:\/\/oponixo.shop\/tire\/wp-json\/wp\/v2\/product_brand?post=11789"},{"taxonomy":"product_cat","embeddable":true,"href":"https:\/\/oponixo.shop\/tire\/wp-json\/wp\/v2\/product_cat?post=11789"},{"taxonomy":"product_tag","embeddable":true,"href":"https:\/\/oponixo.shop\/tire\/wp-json\/wp\/v2\/product_tag?post=11789"}],"curies":[{"name":"wp","href":"https:\/\/api.w.org\/{rel}","templated":true}]}}