{"id":11826,"date":"2026-01-03T07:36:25","date_gmt":"2026-01-03T06:36:25","guid":{"rendered":"https:\/\/oponyexpert.shop\/xef5\/produkt\/2x-255-50r18-hankook-winter-icept-evo2-w320-106v-mo-xl\/"},"modified":"2026-01-03T07:36:26","modified_gmt":"2026-01-03T06:36:26","slug":"2x-255-50r18-hankook-winter-icept-evo2-w320-106v-mo-xl","status":"publish","type":"product","link":"https:\/\/oponixo.shop\/tire\/produkt\/2x-255-50r18-hankook-winter-icept-evo2-w320-106v-mo-xl\/","title":{"rendered":"2x 255\/50R18 Hankook Winter I*cept evo2 W320 106V MO XL"},"content":{"rendered":"<div style=\"font-family: Arial, sans-serif; line-height: 1.6; color: #333; padding: 20px; clear: both; display: block; width: 100%; float: none; position: static; overflow: hidden;\">\n<div style=\"clear: both; display: block; margin: 10px 0;\">\n<div style=\"clear: both; display: block; margin: 10px 0;\">\n<div style=\"clear: both; display: block; margin: 10px 0;\">\n<h1>2x 255\/50R18 Hankook Winter I*cept evo2 W320  106V MO XL  &#8211; zima<\/h1>\n<\/div>\n<\/div>\n<\/div>\n<div style=\"clear: both; display: block; margin: 10px 0;\">\n<div style=\"clear: both; display: block; margin: 10px 0;\">\n<div style=\"clear: both; display: block; margin: 10px 0;\">\n<div  style=\"max-width:800px;max-height:800px\">\n<div style=\"clear: both; display: block; margin: 10px 0;\">\n<div style=\"clear: both; width: 100%; display: block; margin: 20px 0; padding: 0; float: none; position: static; text-align: center;\"><img decoding=\"async\"  src=\"https:\/\/a.allegroimg.com\/original\/11e78e\/ee01af49448ea554a7ac7df8e8bc\/2x-255-50R18-Hankook-Winter-I-cept-evo2-W320-106V-MO-XL\" srcset=\"https:\/\/a.allegroimg.com\/original\/11e78e\/ee01af49448ea554a7ac7df8e8bc\/2x-255-50R18-Hankook-Winter-I-cept-evo2-W320-106V-MO-XL 360w,https:\/\/a.allegroimg.com\/original\/11e78e\/ee01af49448ea554a7ac7df8e8bc\/2x-255-50R18-Hankook-Winter-I-cept-evo2-W320-106V-MO-XL 720w,https:\/\/a.allegroimg.com\/original\/11e78e\/ee01af49448ea554a7ac7df8e8bc\/2x-255-50R18-Hankook-Winter-I-cept-evo2-W320-106V-MO-XL 800w,https:\/\/a.allegroimg.com\/original\/11e78e\/ee01af49448ea554a7ac7df8e8bc\/2x-255-50R18-Hankook-Winter-I-cept-evo2-W320-106V-MO-XL 800w\" sizes=\"(min-width: 1200px) 560px, (min-width: 992px) 50vw, 100vw\" width=\"800px\" alt=\"2x 255\/50R18 Hankook Winter I*cept evo2 W320 106V MO XL\"\/ style=\"max-width: 100%; height: auto; display: block; margin: 0 auto;\"><\/div>\n<\/div>\n<\/div>\n<\/div>\n<\/div>\n<div style=\"clear: both; display: block; margin: 10px 0;\">\n<div style=\"clear: both; display: block; margin: 10px 0;\">\n<ul style=\"margin: 15px 0; padding-left: 20px; clear: both; display: block; width: 100%; float: none; position: static;\">\n<li style=\"margin: 5px 0; padding: 2px 0; clear: both; display: list-item; float: none; position: static;\"><b>Liczba opon w ofercie:<\/b> 2 szt.<\/li>\n<li style=\"margin: 5px 0; padding: 2px 0; clear: both; display: list-item; float: none; position: static;\"><b>Stan: <\/b>Nowy<\/li>\n<li style=\"margin: 5px 0; padding: 2px 0; clear: both; display: list-item; float: none; position: static;\"><b>Wysoko\u015b\u0107:<\/b> 50<\/li>\n<li style=\"margin: 5px 0; padding: 2px 0; clear: both; display: list-item; float: none; position: static;\"><b>\u015arednica:<\/b> 18<\/li>\n<li style=\"margin: 5px 0; padding: 2px 0; clear: both; display: list-item; float: none; position: static;\"><b>Szeroko\u015b\u0107:<\/b> 255<\/li>\n<li style=\"margin: 5px 0; padding: 2px 0; clear: both; display: list-item; float: none; position: static;\"><b>Marka: <\/b>HANKOOK<\/li>\n<li style=\"margin: 5px 0; padding: 2px 0; clear: both; display: list-item; float: none; position: static;\"><b>Model: <\/b>Winter i*cept evo2 W320 <\/li>\n<li style=\"margin: 5px 0; padding: 2px 0; clear: both; display: list-item; float: none; position: static;\"><b>Sezon:<\/b> zima<\/li>\n<li style=\"margin: 5px 0; padding: 2px 0; clear: both; display: list-item; float: none; position: static;\"><b>Indeks no\u015bno\u015bci:<\/b> 106<\/li>\n<li style=\"margin: 5px 0; padding: 2px 0; clear: both; display: list-item; float: none; position: static;\"><b>Indeks pr\u0119dko\u015bci:<\/b> V<\/li>\n<li style=\"margin: 5px 0; padding: 2px 0; clear: both; display: list-item; float: none; position: static;\"><b>Rok produkcji (DOT):<\/b> 2019<\/li>\n<li style=\"margin: 5px 0; padding: 2px 0; clear: both; display: list-item; float: none; position: static;\"><b>Ha\u0142as zewn\u0119trzny:<\/b> 70<\/li>\n<li style=\"margin: 5px 0; padding: 2px 0; clear: both; display: list-item; float: none; position: static;\"><b>Efektywno\u015b\u0107 energetyczna:<\/b> C<\/li>\n<li style=\"margin: 5px 0; padding: 2px 0; clear: both; display: list-item; float: none; position: static;\"><b>Przyczepno\u015b\u0107 na mokrej nawierzchni:<\/b> B<\/li>\n<li style=\"margin: 5px 0; padding: 2px 0; clear: both; display: list-item; float: none; position: static;\"><b>Dodatkowe oznaczenia opony:<\/b> XL, MO<\/li>\n<\/ul>\n<\/div>\n<\/div>\n<\/div>\n<div style=\"clear: both; display: block; margin: 10px 0;\">\n<div style=\"clear: both; display: block; margin: 10px 0;\">\n<div style=\"clear: both; display: block; margin: 10px 0;\">\n<h2>Opona 255\/50R18 HANKOOK Winter i*cept evo2 W320  106V MO XL<\/h2>\n<p style=\"margin: 15px 0; line-height: 1.8; clear: both; display: block; width: 100%; float: none; position: static;\">\nProducent opony<br \/>\n<b>HANKOOK<\/b><br \/>\nPrzeznaczenie<br \/>\n<b>OPONY OSOBOWE<br \/>\n<\/b><br \/>\nSezon<br \/>\n<b>OPONY ZIMOWE<br \/>\n<\/b><br \/>\nWymiary<br \/>\n<b>OPONA NA FELG\u0118 R18 CALI<\/b><br \/>\n, szeroko\u015b\u0107 255 mm<br \/>\n, profil 50<br \/>\nIndeks pr\u0119dko\u015bci<br \/>\nV co oznacza, \u017ce zgodnie z przepisami ruchu drogowego mo\u017cesz si\u0119 ni\u0105 porusza\u0107 z maksymaln\u0105 pr\u0119dko\u015bci\u0105 do 240km\/h<br \/>\nIndeks no\u015bno\u015bci<br \/>\n106<br \/>\nKlasa efektywno\u015bci energetycznej<br \/>\nbrak danych<br \/>\nHa\u0142as na zewn\u0105trz pojazdu<br \/>\nbrak danych<br \/>\nPrzyczepno\u015b\u0107 na mokrej nawierzchni<br \/>\nbrak danych<br \/>\nRok produkcji<br \/>\n2019 rok<br \/>\nStan opony<br \/>\n<b>&#8222;OLD DOT&#8221;<\/b> &#8211; jest to opona nowa, kt\u00f3ra w momencie zakupu posiada wi\u0119cej ni\u017c 36 miesi\u0119cy od daty wyprodukowania. Opona OLD DOT charakteryzuje si\u0119 wci\u0105\u017c doskona\u0142ymi parametrami jezdnymi niewiele odbiegaj\u0105cymi od opon ca\u0142kowicie nowych (je\u015bli w og\u00f3le). Opony takie pochodz\u0105 najcz\u0119\u015bciej z zapas\u00f3w magazynowych. Opony OLD DOT oferowane przez nas pochodz\u0105 jedynie z zamkni\u0119tych magazyn\u00f3w i nie by\u0142y nara\u017cone na dzia\u0142anie szkodliwych czynnik\u00f3w atmosferycznych. Jako\u015b oferowanych przez nas opon OLD DOT sygnowana jest przez pe\u0142n\u0105, 2-letni\u0105 gwarancj\u0119 naszego serwisu, kt\u00f3ra obejmuje wszystkie opony tego typu.\n<\/p>\n<p style=\"margin: 15px 0; line-height: 1.8; clear: both; display: block; width: 100%; float: none; position: static;\">Kup opony <b>255\/50R18 HANKOOK Winter i*cept evo2 W320  106V MO XL<\/b> w naszym sklepie internetowym<b> x-opony.pl<\/b> i skorzystaj z darmowej wysy\u0142ki!<\/p>\n<\/div>\n<\/div>\n<\/div>\n<div style=\"clear: both; display: block; margin: 10px 0;\">\n<div style=\"clear: both; display: block; margin: 10px 0;\">\n<div style=\"clear: both; display: block; margin: 10px 0;\">\n<div  style=\"max-width:600px;max-height:200px\">\n<div style=\"clear: both; display: block; margin: 10px 0;\">\n<div style=\"clear: both; width: 100%; display: block; margin: 20px 0; padding: 0; float: none; position: static; text-align: center;\"><img decoding=\"async\"  src=\"https:\/\/a.allegroimg.com\/original\/11bb87\/b1b8f3434f719ba5ff69ed2f044e\/2x-255-50R18-Hankook-Winter-I-cept-evo2-W320-106V-MO-XL-Liczba-opon-w-ofercie-2-szt\" srcset=\"https:\/\/a.allegroimg.com\/original\/11bb87\/b1b8f3434f719ba5ff69ed2f044e\/2x-255-50R18-Hankook-Winter-I-cept-evo2-W320-106V-MO-XL-Liczba-opon-w-ofercie-2-szt 360w,https:\/\/a.allegroimg.com\/original\/11bb87\/b1b8f3434f719ba5ff69ed2f044e\/2x-255-50R18-Hankook-Winter-I-cept-evo2-W320-106V-MO-XL-Liczba-opon-w-ofercie-2-szt 600w,https:\/\/a.allegroimg.com\/original\/11bb87\/b1b8f3434f719ba5ff69ed2f044e\/2x-255-50R18-Hankook-Winter-I-cept-evo2-W320-106V-MO-XL-Liczba-opon-w-ofercie-2-szt 600w\" sizes=\"100vw\" width=\"600px\" alt=\"2x 255\/50R18 Hankook Winter I*cept evo2 W320 106V MO XL Liczba opon w ofercie 2 szt.\"\/ style=\"max-width: 100%; height: auto; display: block; margin: 0 auto;\"><\/div>\n<\/div>\n<\/div>\n<\/div>\n<\/div>\n<\/div>\n<div style=\"clear: both; display: block; margin: 10px 0;\">\n<div style=\"clear: both; display: block; margin: 10px 0;\">\n<div style=\"clear: both; display: block; margin: 10px 0;\">\n<div  style=\"max-width:256px;max-height:375px\">\n<div style=\"clear: both; display: block; margin: 10px 0;\">\n<div style=\"clear: both; width: 100%; display: block; margin: 20px 0; padding: 0; float: none; position: static; text-align: center;\"><img decoding=\"async\"  src=\"https:\/\/a.allegroimg.com\/original\/114c67\/45a39a5c4766aa4c8d3dc38b868d\/2x-255-50R18-Hankook-Winter-I-cept-evo2-W320-106V-MO-XL-Rok-produkcji-2019\" srcset=\"https:\/\/a.allegroimg.com\/original\/114c67\/45a39a5c4766aa4c8d3dc38b868d\/2x-255-50R18-Hankook-Winter-I-cept-evo2-W320-106V-MO-XL-Rok-produkcji-2019 245w,https:\/\/a.allegroimg.com\/original\/114c67\/45a39a5c4766aa4c8d3dc38b868d\/2x-255-50R18-Hankook-Winter-I-cept-evo2-W320-106V-MO-XL-Rok-produkcji-2019 256w,https:\/\/a.allegroimg.com\/original\/114c67\/45a39a5c4766aa4c8d3dc38b868d\/2x-255-50R18-Hankook-Winter-I-cept-evo2-W320-106V-MO-XL-Rok-produkcji-2019 256w\" sizes=\"(min-width: 1200px) 560px, (min-width: 992px) 50vw, 100vw\" width=\"256px\" alt=\"2x 255\/50R18 Hankook Winter I*cept evo2 W320 106V MO XL Rok produkcji 2019\"\/ style=\"max-width: 100%; height: auto; display: block; margin: 0 auto;\"><\/div>\n<\/div>\n<\/div>\n<\/div>\n<\/div>\n<div style=\"clear: both; display: block; margin: 10px 0;\">\n<div style=\"clear: both; display: block; margin: 10px 0;\">\n<ul style=\"margin: 15px 0; padding-left: 20px; clear: both; display: block; width: 100%; float: none; position: static;\">\n<li style=\"margin: 5px 0; padding: 2px 0; clear: both; display: list-item; float: none; position: static;\">Efektywno\u015b\u0107 energetyczna \/ op\u00f3r toczenia (oszcz\u0119dno\u015b\u0107)<\/li>\n<\/ul>\n<p style=\"margin: 15px 0; line-height: 1.8; clear: both; display: block; width: 100%; float: none; position: static;\">Przez odkszta\u0142canie si\u0119 opony i tarcie podczas jazdy powstaj\u0105 straty energii czyli op\u00f3r toczenia. Opona o mniejszym oporze toczenia zu\u017cywa mniej energii, dzi\u0119ki czemu spalamy mniej paliwa i mniej spalin trafia do atmosfery.<\/p>\n<ul style=\"margin: 15px 0; padding-left: 20px; clear: both; display: block; width: 100%; float: none; position: static;\">\n<li style=\"margin: 5px 0; padding: 2px 0; clear: both; display: list-item; float: none; position: static;\">Przyczepno\u015b\u0107 na mokrej nawierzchni<\/li>\n<\/ul>\n<p style=\"margin: 15px 0; line-height: 1.8; clear: both; display: block; width: 100%; float: none; position: static;\">Ten parametr ma kluczowe znaczenie je\u015bli chodzi o bezpiecze\u0144stwo jazdy. Mierzy si\u0119 go w metrach od momentu rozpocz\u0119cia hamowania do zatrzymania pojazdu. R\u00f3\u017cnica mi\u0119dzy ocenami A a F wynosi ponad 18 metr\u00f3w d\u0142ugo\u015bci hamowania dla samochod\u00f3w osobowych przy pr\u0119dko\u015bci 80 km\/h.<\/p>\n<ul style=\"margin: 15px 0; padding-left: 20px; clear: both; display: block; width: 100%; float: none; position: static;\">\n<li style=\"margin: 5px 0; padding: 2px 0; clear: both; display: list-item; float: none; position: static;\">Zewn\u0119trzny ha\u0142as toczenia<\/li>\n<\/ul>\n<p style=\"margin: 15px 0; line-height: 1.8; clear: both; display: block; width: 100%; float: none; position: static;\">To ha\u0142as generowany przez opony w ruchu, mierzony w decybelach. Im na symbolu wi\u0119cej czarnych pask\u00f3w, tym g\u0142o\u015bniejsza jest opona. Im cichsza opona, tym bardziej jest ona przyjazna dla \u015brodowiska.<\/p>\n<\/div>\n<\/div>\n<\/div>\n<\/div>\n<\/div>\n<\/div>\n<div style=\"clear: both; display: block; margin: 10px 0;\">\n","protected":false},"excerpt":{"rendered":"<p>2x 255\/50R18 Hankook Winter I*cept evo2 W320 106V MO XL &#8211; zima<\/p>\n<p>Liczba opon w ofercie: 2 szt.<\/p>\n<p>Stan: Nowy<\/p>\n<p>Wysoko\u015b\u0107: 50<\/p>\n<p>\u015arednica: 18<\/p>\n<p>Szeroko\u015b\u0107: 255<\/p>\n<p>Marka: HANKOOK<\/p>\n<p>Model: Winter i*cept evo2 W320<\/p>\n","protected":false},"featured_media":11827,"template":"","meta":{"_uag_custom_page_level_css":""},"product_brand":[411],"product_cat":[414,418,413,412],"product_tag":[],"class_list":{"0":"post-11826","1":"product","2":"type-product","3":"status-publish","4":"has-post-thumbnail","6":"product_brand-hankook","7":"product_cat-do-samochodow-osobowych-i-suv","8":"product_cat-letnie","9":"product_cat-opony","10":"product_cat-opony-i-felgi","12":"first","13":"instock","14":"shipping-taxable","15":"purchasable","16":"product-type-simple"},"uagb_featured_image_src":{"full":["https:\/\/oponixo.shop\/tire\/wp-content\/uploads\/2026\/01\/allegro-image-11826.jpg",800,800,false],"thumbnail":["https:\/\/oponixo.shop\/tire\/wp-content\/uploads\/2026\/01\/allegro-image-11826-150x150.jpg",150,150,true],"medium":["https:\/\/oponixo.shop\/tire\/wp-content\/uploads\/2026\/01\/allegro-image-11826-300x300.jpg",300,300,true],"medium_large":["https:\/\/oponixo.shop\/tire\/wp-content\/uploads\/2026\/01\/allegro-image-11826-768x768.jpg",768,768,true],"large":["https:\/\/oponixo.shop\/tire\/wp-content\/uploads\/2026\/01\/allegro-image-11826.jpg",800,800,false],"1536x1536":["https:\/\/oponixo.shop\/tire\/wp-content\/uploads\/2026\/01\/allegro-image-11826.jpg",800,800,false],"2048x2048":["https:\/\/oponixo.shop\/tire\/wp-content\/uploads\/2026\/01\/allegro-image-11826.jpg",800,800,false],"woocommerce_thumbnail":["https:\/\/oponixo.shop\/tire\/wp-content\/uploads\/2026\/01\/allegro-image-11826-300x300.jpg",300,300,true],"woocommerce_single":["https:\/\/oponixo.shop\/tire\/wp-content\/uploads\/2026\/01\/allegro-image-11826-600x600.jpg",600,600,true],"woocommerce_gallery_thumbnail":["https:\/\/oponixo.shop\/tire\/wp-content\/uploads\/2026\/01\/allegro-image-11826-100x100.jpg",100,100,true]},"uagb_author_info":{"display_name":"admin","author_link":"https:\/\/oponixo.shop\/tire\/author\/"},"uagb_comment_info":0,"uagb_excerpt":"2x 255\/50R18 Hankook Winter I*cept evo2 W320 106V MO XL - zima Liczba opon w ofercie: 2 szt. Stan: Nowy Wysoko\u015b\u0107: 50 \u015arednica: 18 Szeroko\u015b\u0107: 255 Marka: HANKOOK Model: Winter i*cept evo2 W320","_links":{"self":[{"href":"https:\/\/oponixo.shop\/tire\/wp-json\/wp\/v2\/product\/11826","targetHints":{"allow":["GET"]}}],"collection":[{"href":"https:\/\/oponixo.shop\/tire\/wp-json\/wp\/v2\/product"}],"about":[{"href":"https:\/\/oponixo.shop\/tire\/wp-json\/wp\/v2\/types\/product"}],"wp:featuredmedia":[{"embeddable":true,"href":"https:\/\/oponixo.shop\/tire\/wp-json\/wp\/v2\/media\/11827"}],"wp:attachment":[{"href":"https:\/\/oponixo.shop\/tire\/wp-json\/wp\/v2\/media?parent=11826"}],"wp:term":[{"taxonomy":"product_brand","embeddable":true,"href":"https:\/\/oponixo.shop\/tire\/wp-json\/wp\/v2\/product_brand?post=11826"},{"taxonomy":"product_cat","embeddable":true,"href":"https:\/\/oponixo.shop\/tire\/wp-json\/wp\/v2\/product_cat?post=11826"},{"taxonomy":"product_tag","embeddable":true,"href":"https:\/\/oponixo.shop\/tire\/wp-json\/wp\/v2\/product_tag?post=11826"}],"curies":[{"name":"wp","href":"https:\/\/api.w.org\/{rel}","templated":true}]}}