{"id":11842,"date":"2026-01-03T07:36:38","date_gmt":"2026-01-03T06:36:38","guid":{"rendered":"https:\/\/oponyexpert.shop\/xef5\/produkt\/2x-nexen-winguard-sport-3-225-40r19-93v-xl-2025-r\/"},"modified":"2026-01-03T07:36:41","modified_gmt":"2026-01-03T06:36:41","slug":"2x-nexen-winguard-sport-3-225-40r19-93v-xl-2025-r","status":"publish","type":"product","link":"https:\/\/oponixo.shop\/tire\/produkt\/2x-nexen-winguard-sport-3-225-40r19-93v-xl-2025-r\/","title":{"rendered":"2x NEXEN Winguard Sport 3 225\/40R19 93V XL 2025 r"},"content":{"rendered":"<div style=\"font-family: Arial, sans-serif; line-height: 1.6; color: #333; padding: 20px; clear: both; display: block; width: 100%; float: none; position: static; overflow: hidden;\">\n<div style=\"clear: both; display: block; margin: 10px 0;\">\n<div style=\"clear: both; display: block; margin: 10px 0;\">\n<div style=\"clear: both; display: block; margin: 10px 0;\">\n<div  style=\"max-width:1200px;max-height:1126px\">\n<div style=\"clear: both; display: block; margin: 10px 0;\">\n<div style=\"clear: both; width: 100%; display: block; margin: 20px 0; padding: 0; float: none; position: static; text-align: center;\"><img decoding=\"async\"  src=\"https:\/\/a.allegroimg.com\/original\/113ec0\/0715558b49b88cc8bffbd4c6eb43\/2x-NEXEN-Winguard-Sport-3-225-40R19-93V-XL-2025-r\" srcset=\"https:\/\/a.allegroimg.com\/original\/113ec0\/0715558b49b88cc8bffbd4c6eb43\/2x-NEXEN-Winguard-Sport-3-225-40R19-93V-XL-2025-r 360w,https:\/\/a.allegroimg.com\/original\/113ec0\/0715558b49b88cc8bffbd4c6eb43\/2x-NEXEN-Winguard-Sport-3-225-40R19-93V-XL-2025-r 720w,https:\/\/a.allegroimg.com\/original\/113ec0\/0715558b49b88cc8bffbd4c6eb43\/2x-NEXEN-Winguard-Sport-3-225-40R19-93V-XL-2025-r 1024w,https:\/\/a.allegroimg.com\/original\/113ec0\/0715558b49b88cc8bffbd4c6eb43\/2x-NEXEN-Winguard-Sport-3-225-40R19-93V-XL-2025-r 1200w,https:\/\/a.allegroimg.com\/original\/113ec0\/0715558b49b88cc8bffbd4c6eb43\/2x-NEXEN-Winguard-Sport-3-225-40R19-93V-XL-2025-r 1200w\" sizes=\"(min-width: 1200px) 560px, (min-width: 992px) 50vw, 100vw\" width=\"1200px\" alt=\"2x NEXEN Winguard Sport 3 225\/40R19 93V XL 2025 r\"\/ style=\"max-width: 100%; height: auto; display: block; margin: 0 auto;\"><\/div>\n<\/div>\n<\/div>\n<\/div>\n<\/div>\n<div style=\"clear: both; display: block; margin: 10px 0;\">\n<div style=\"clear: both; display: block; margin: 10px 0;\">\n<h1>NEXEN Winguard Sport 3 225\/40R19 93V XL<\/h1>\n<h2>H16I4U<\/h2>\n<\/div>\n<\/div>\n<\/div>\n<div style=\"clear: both; display: block; margin: 10px 0;\">\n<div style=\"clear: both; display: block; margin: 10px 0;\">\n<div style=\"clear: both; display: block; margin: 10px 0;\">\n<ul style=\"margin: 15px 0; padding-left: 20px; clear: both; display: block; width: 100%; float: none; position: static;\">\n<li style=\"margin: 5px 0; padding: 2px 0; clear: both; display: list-item; float: none; position: static;\"><b>Indeks :<\/b> 225\/40R19 ZONE 93V WSP3<\/li>\n<li style=\"margin: 5px 0; padding: 2px 0; clear: both; display: list-item; float: none; position: static;\"><b>\u015arednica :<\/b> 19<\/li>\n<li style=\"margin: 5px 0; padding: 2px 0; clear: both; display: list-item; float: none; position: static;\"><b>Bie\u017cnik :<\/b> Winguard Sport 3<\/li>\n<li style=\"margin: 5px 0; padding: 2px 0; clear: both; display: list-item; float: none; position: static;\"><b>Przyczepno\u015b\u0107 na mokrej nawierzchni :<\/b> B<\/li>\n<li style=\"margin: 5px 0; padding: 2px 0; clear: both; display: list-item; float: none; position: static;\"><b>Kod EAN :<\/b> 8807622229589<\/li>\n<li style=\"margin: 5px 0; padding: 2px 0; clear: both; display: list-item; float: none; position: static;\"><b>Typ wzmocnienia :<\/b> XL<\/li>\n<li style=\"margin: 5px 0; padding: 2px 0; clear: both; display: list-item; float: none; position: static;\"><b>Oznaczenie M+S :<\/b> 3PMSF, M+S<\/li>\n<li style=\"margin: 5px 0; padding: 2px 0; clear: both; display: list-item; float: none; position: static;\"><b>Opona wzmocniona :<\/b> 1<\/li>\n<li style=\"margin: 5px 0; padding: 2px 0; clear: both; display: list-item; float: none; position: static;\"><b>Przyczepno\u015b\u0107 na \u015bniegu :<\/b> 1<\/li>\n<li style=\"margin: 5px 0; padding: 2px 0; clear: both; display: list-item; float: none; position: static;\"><b>Opory toczenia :<\/b> C<\/li>\n<li style=\"margin: 5px 0; padding: 2px 0; clear: both; display: list-item; float: none; position: static;\"><b>Kod producenta :<\/b> 19608NXE<\/li>\n<li style=\"margin: 5px 0; padding: 2px 0; clear: both; display: list-item; float: none; position: static;\"><b>Dedykowana o\u015b :<\/b> Prz\u00f3d\/Ty\u0142<\/li>\n<li style=\"margin: 5px 0; padding: 2px 0; clear: both; display: list-item; float: none; position: static;\"><b>Typ (konstrukcja) :<\/b> [R]-Radialna<\/li>\n<li style=\"margin: 5px 0; padding: 2px 0; clear: both; display: list-item; float: none; position: static;\"><b>Karta informacyjna produktu :<\/b> https:\/\/eprel.ec.europa.eu\/qr\/2361392<\/li>\n<li style=\"margin: 5px 0; padding: 2px 0; clear: both; display: list-item; float: none; position: static;\"><b>Indeks pr\u0119dko\u015bci :<\/b> V &#8211; &lt;240 km\/h<\/li>\n<li style=\"margin: 5px 0; padding: 2px 0; clear: both; display: list-item; float: none; position: static;\"><b>Indeks no\u015bno\u015bci :<\/b> 93 = 650 kg<\/li>\n<li style=\"margin: 5px 0; padding: 2px 0; clear: both; display: list-item; float: none; position: static;\"><b>Kl. zew. ha\u0142asu tocz. :<\/b> B<\/li>\n<li style=\"margin: 5px 0; padding: 2px 0; clear: both; display: list-item; float: none; position: static;\"><b>Klasa opony :<\/b> C1<\/li>\n<li style=\"margin: 5px 0; padding: 2px 0; clear: both; display: list-item; float: none; position: static;\"><b>Profil :<\/b> 40<\/li>\n<li style=\"margin: 5px 0; padding: 2px 0; clear: both; display: list-item; float: none; position: static;\"><b>Rozmiar :<\/b> 225\/40R19<\/li>\n<li style=\"margin: 5px 0; padding: 2px 0; clear: both; display: list-item; float: none; position: static;\"><b>Ha\u0142as zewn\u0119trzny [dB] :<\/b> 72<\/li>\n<li style=\"margin: 5px 0; padding: 2px 0; clear: both; display: list-item; float: none; position: static;\"><b>Klasa :<\/b> \u015arednia<\/li>\n<li style=\"margin: 5px 0; padding: 2px 0; clear: both; display: list-item; float: none; position: static;\"><b>Sezon :<\/b> Zimowa<\/li>\n<li style=\"margin: 5px 0; padding: 2px 0; clear: both; display: list-item; float: none; position: static;\"><b>Typ opony :<\/b> Opona osobowa<\/li>\n<li style=\"margin: 5px 0; padding: 2px 0; clear: both; display: list-item; float: none; position: static;\"><b>D\u0119tka :<\/b> TL<\/li>\n<li style=\"margin: 5px 0; padding: 2px 0; clear: both; display: list-item; float: none; position: static;\"><b>Marka :<\/b> NEXEN<\/li>\n<li style=\"margin: 5px 0; padding: 2px 0; clear: both; display: list-item; float: none; position: static;\"><b>Szeroko\u015b\u0107 :<\/b> 225<\/li>\n<li style=\"margin: 5px 0; padding: 2px 0; clear: both; display: list-item; float: none; position: static;\"><b>Przeznaczenie :<\/b> Opony osobowe, SUV\/4&#215;4<\/li>\n<\/ul>\n<\/div>\n<\/div>\n<\/div>\n<div style=\"clear: both; display: block; margin: 10px 0;\">\n<div style=\"clear: both; display: block; margin: 10px 0;\">\n<div style=\"clear: both; display: block; margin: 10px 0;\">\n<div  style=\"max-width:640px;max-height:444px\">\n<div style=\"clear: both; display: block; margin: 10px 0;\">\n<div style=\"clear: both; width: 100%; display: block; margin: 20px 0; padding: 0; float: none; position: static; text-align: center;\"><img decoding=\"async\"  src=\"https:\/\/a.allegroimg.com\/original\/11fd84\/23ee12024d7ba3a291fd2dbcbd6d\/2x-NEXEN-Winguard-Sport-3-225-40R19-93V-XL-2025-r-Srednica-19\" srcset=\"https:\/\/a.allegroimg.com\/original\/11fd84\/23ee12024d7ba3a291fd2dbcbd6d\/2x-NEXEN-Winguard-Sport-3-225-40R19-93V-XL-2025-r-Srednica-19 360w,https:\/\/a.allegroimg.com\/original\/11fd84\/23ee12024d7ba3a291fd2dbcbd6d\/2x-NEXEN-Winguard-Sport-3-225-40R19-93V-XL-2025-r-Srednica-19 640w,https:\/\/a.allegroimg.com\/original\/11fd84\/23ee12024d7ba3a291fd2dbcbd6d\/2x-NEXEN-Winguard-Sport-3-225-40R19-93V-XL-2025-r-Srednica-19 640w\" sizes=\"(min-width: 1200px) 560px, (min-width: 992px) 50vw, 100vw\" width=\"640px\" alt=\"2x NEXEN Winguard Sport 3 225\/40R19 93V XL 2025 r \u015arednica 19&quot;\"\/ style=\"max-width: 100%; height: auto; display: block; margin: 0 auto;\"><\/div>\n<\/div>\n<\/div>\n<\/div>\n<\/div>\n<div style=\"clear: both; display: block; margin: 10px 0;\">\n<div style=\"clear: both; display: block; margin: 10px 0;\">\n<h1>Nexen<\/h1>\n<p style=\"margin: 15px 0; line-height: 1.8; clear: both; display: block; width: 100%; float: none; position: static;\">Nexen Tires jako jeden z pierwszych korea\u0144skich producent\u00f3w opon do samochod\u00f3w osobowych, od ko\u0144ca XX wieku dynamicznie rozwija swoj\u0105 ofert\u0119 na rynku. Pocz\u0105tki firmy si\u0119gaj\u0105 lat 40-tych ubieg\u0142ego wieku, kiedy pod szyldem Heung-Ah Tire zajmowa\u0142a si\u0119 produkcj\u0105 opon na potrzeby armii. Po dekadzie zacz\u0119\u0142a produkcj\u0119 opon najpierw dla motocykli, a nast\u0119pnie dla samochod\u00f3w osobowych. W mi\u0119dzy czasie zmieni\u0142a si\u0119 nazwa firmy na Woosung Tire. Jako pierwsza wprowadzi\u0142a na rynek korea\u0144ski opony z bie\u017cnikiem w kszta\u0142cie litery \u201eV\u201d. Po 2000 roku zmieniaj\u0105c nazw\u0119 na Nexen Tire, firma odnotowa\u0142a ogromny wzrost sprzeda\u017cy, co uplasowa\u0142o j\u0105 wysoko na \u015bwiatowej li\u015bcie lider\u00f3w w przemy\u015ble oponiarskim. Intensywny rozw\u00f3j spowodowa\u0142, \u017ce opony firmy Nexen sprzedawane s\u0105 w ponad 130 krajach na ca\u0142ym \u015bwiecie. Firma Nexen przy produkcji opon kieruje si\u0119 jako\u015bci\u0105 i wysok\u0105 wydajno\u015bci\u0105, dlatego uzyskuje ona uznanie w\u015br\u00f3d u\u017cytkownik\u00f3w pojazd\u00f3w. Doceniona jest przez zawodnik\u00f3w motosport\u00f3w za produkcj\u0119 najwy\u017cszej jako\u015bci opon profesjonalnych i UHP. Nexen Tire dostarcza swoje opony na pierwszy monta\u017c do Porsche Cayenne.<\/p>\n<\/div>\n<\/div>\n<\/div>\n<\/div>\n<\/div>\n<\/div>\n<div style=\"clear: both; display: block; margin: 10px 0;\">\n","protected":false},"excerpt":{"rendered":"<p>NEXEN Winguard Sport 3 225\/40R19 93V XL<\/p>\n<p>H16I4U<\/p>\n<p>Indeks : 225\/40R19 ZONE 93V WSP3<\/p>\n<p>\u015arednica : 19<\/p>\n<p>Bie\u017cnik : Winguard Sport 3<\/p>\n<p>Przyczepno\u015b\u0107 na mokrej nawierzchni : B<\/p>\n<p>Kod EAN : 8807622229589<\/p>\n<p>Typ wzmocnienia : XL<\/p>\n","protected":false},"featured_media":11843,"template":"","meta":{"_uag_custom_page_level_css":""},"product_brand":[392],"product_cat":[414,413,412,415],"product_tag":[],"class_list":{"0":"post-11842","1":"product","2":"type-product","3":"status-publish","4":"has-post-thumbnail","6":"product_brand-nexen","7":"product_cat-do-samochodow-osobowych-i-suv","8":"product_cat-opony","9":"product_cat-opony-i-felgi","10":"product_cat-zimowe","12":"first","13":"instock","14":"shipping-taxable","15":"purchasable","16":"product-type-simple"},"uagb_featured_image_src":{"full":["https:\/\/oponixo.shop\/tire\/wp-content\/uploads\/2026\/01\/allegro-image-11842.jpg",1200,1126,false],"thumbnail":["https:\/\/oponixo.shop\/tire\/wp-content\/uploads\/2026\/01\/allegro-image-11842-150x150.jpg",150,150,true],"medium":["https:\/\/oponixo.shop\/tire\/wp-content\/uploads\/2026\/01\/allegro-image-11842-300x282.jpg",300,282,true],"medium_large":["https:\/\/oponixo.shop\/tire\/wp-content\/uploads\/2026\/01\/allegro-image-11842-768x721.jpg",768,721,true],"large":["https:\/\/oponixo.shop\/tire\/wp-content\/uploads\/2026\/01\/allegro-image-11842-1024x961.jpg",1024,961,true],"1536x1536":["https:\/\/oponixo.shop\/tire\/wp-content\/uploads\/2026\/01\/allegro-image-11842.jpg",1200,1126,false],"2048x2048":["https:\/\/oponixo.shop\/tire\/wp-content\/uploads\/2026\/01\/allegro-image-11842.jpg",1200,1126,false],"woocommerce_thumbnail":["https:\/\/oponixo.shop\/tire\/wp-content\/uploads\/2026\/01\/allegro-image-11842-300x300.jpg",300,300,true],"woocommerce_single":["https:\/\/oponixo.shop\/tire\/wp-content\/uploads\/2026\/01\/allegro-image-11842-600x563.jpg",600,563,true],"woocommerce_gallery_thumbnail":["https:\/\/oponixo.shop\/tire\/wp-content\/uploads\/2026\/01\/allegro-image-11842-100x100.jpg",100,100,true]},"uagb_author_info":{"display_name":"admin","author_link":"https:\/\/oponixo.shop\/tire\/author\/"},"uagb_comment_info":0,"uagb_excerpt":"NEXEN Winguard Sport 3 225\/40R19 93V XL H16I4U Indeks : 225\/40R19 ZONE 93V WSP3 \u015arednica : 19 Bie\u017cnik : Winguard Sport 3 Przyczepno\u015b\u0107 na mokrej nawierzchni : B Kod EAN : 8807622229589 Typ wzmocnienia : XL","_links":{"self":[{"href":"https:\/\/oponixo.shop\/tire\/wp-json\/wp\/v2\/product\/11842","targetHints":{"allow":["GET"]}}],"collection":[{"href":"https:\/\/oponixo.shop\/tire\/wp-json\/wp\/v2\/product"}],"about":[{"href":"https:\/\/oponixo.shop\/tire\/wp-json\/wp\/v2\/types\/product"}],"wp:featuredmedia":[{"embeddable":true,"href":"https:\/\/oponixo.shop\/tire\/wp-json\/wp\/v2\/media\/11843"}],"wp:attachment":[{"href":"https:\/\/oponixo.shop\/tire\/wp-json\/wp\/v2\/media?parent=11842"}],"wp:term":[{"taxonomy":"product_brand","embeddable":true,"href":"https:\/\/oponixo.shop\/tire\/wp-json\/wp\/v2\/product_brand?post=11842"},{"taxonomy":"product_cat","embeddable":true,"href":"https:\/\/oponixo.shop\/tire\/wp-json\/wp\/v2\/product_cat?post=11842"},{"taxonomy":"product_tag","embeddable":true,"href":"https:\/\/oponixo.shop\/tire\/wp-json\/wp\/v2\/product_tag?post=11842"}],"curies":[{"name":"wp","href":"https:\/\/api.w.org\/{rel}","templated":true}]}}