{"id":11850,"date":"2026-01-03T07:36:46","date_gmt":"2026-01-03T06:36:46","guid":{"rendered":"https:\/\/oponyexpert.shop\/xef5\/produkt\/2x-michelin-pilot-alpin-5-225-40r19-93-w\/"},"modified":"2026-01-03T07:36:46","modified_gmt":"2026-01-03T06:36:46","slug":"2x-michelin-pilot-alpin-5-225-40r19-93-w","status":"publish","type":"product","link":"https:\/\/oponixo.shop\/tire\/produkt\/2x-michelin-pilot-alpin-5-225-40r19-93-w\/","title":{"rendered":"2x MICHELIN PILOT ALPIN 5 225\/40R19 93 W"},"content":{"rendered":"<div style=\"font-family: Arial, sans-serif; line-height: 1.6; color: #333; padding: 20px; clear: both; display: block; width: 100%; float: none; position: static; overflow: hidden;\">\n<div style=\"clear: both; display: block; margin: 10px 0;\">\n<div style=\"clear: both; display: block; margin: 10px 0;\">\n<div style=\"clear: both; display: block; margin: 10px 0;\">\n<h2>2x MICHELIN PILOT ALPIN 5 225\/40R19 93 W<\/h2>\n<\/div>\n<\/div>\n<\/div>\n<div style=\"clear: both; display: block; margin: 10px 0;\">\n<div style=\"clear: both; display: block; margin: 10px 0;\">\n<div style=\"clear: both; display: block; margin: 10px 0;\">\n<div  style=\"max-width:920px;max-height:1120px\">\n<div style=\"clear: both; display: block; margin: 10px 0;\">\n<div style=\"clear: both; width: 100%; display: block; margin: 20px 0; padding: 0; float: none; position: static; text-align: center;\"><img decoding=\"async\"  src=\"https:\/\/a.allegroimg.com\/original\/1178d9\/18d1160c4d129ddb12b52be77709\/2x-MICHELIN-PILOT-ALPIN-5-225-40R19-93-W\" srcset=\"https:\/\/a.allegroimg.com\/original\/1178d9\/18d1160c4d129ddb12b52be77709\/2x-MICHELIN-PILOT-ALPIN-5-225-40R19-93-W 295w,https:\/\/a.allegroimg.com\/original\/1178d9\/18d1160c4d129ddb12b52be77709\/2x-MICHELIN-PILOT-ALPIN-5-225-40R19-93-W 591w,https:\/\/a.allegroimg.com\/original\/1178d9\/18d1160c4d129ddb12b52be77709\/2x-MICHELIN-PILOT-ALPIN-5-225-40R19-93-W 841w,https:\/\/a.allegroimg.com\/original\/1178d9\/18d1160c4d129ddb12b52be77709\/2x-MICHELIN-PILOT-ALPIN-5-225-40R19-93-W 920w,https:\/\/a.allegroimg.com\/original\/1178d9\/18d1160c4d129ddb12b52be77709\/2x-MICHELIN-PILOT-ALPIN-5-225-40R19-93-W 920w\" sizes=\"(min-width: 1200px) 560px, (min-width: 992px) 50vw, 100vw\" width=\"920px\" alt=\"2x MICHELIN PILOT ALPIN 5 225\/40R19 93 W\"\/ style=\"max-width: 100%; height: auto; display: block; margin: 0 auto;\"><\/div>\n<\/div>\n<\/div>\n<\/div>\n<\/div>\n<div style=\"clear: both; display: block; margin: 10px 0;\">\n<div style=\"clear: both; display: block; margin: 10px 0;\">\n<h2>Zimowe opony MICHELIN PILOT ALPIN 5 225\/40 R19 93 W<\/h2>\n<p style=\"margin: 15px 0; line-height: 1.8; clear: both; display: block; width: 100%; float: none; position: static;\">Opony MICHELIN PILOT ALPIN 5 to znacz\u0105cy model w portfolio producenta.\u00a0<\/p>\n<p style=\"margin: 15px 0; line-height: 1.8; clear: both; display: block; width: 100%; float: none; position: static;\"> Opony klasy Premium s\u0105 wytwarzane z zastosowaniem najbardziej zaawansowanych technologii na \u015bwiecie.<\/p>\n<ul style=\"margin: 15px 0; padding-left: 20px; clear: both; display: block; width: 100%; float: none; position: static;\">\n<li style=\"margin: 5px 0; padding: 2px 0; clear: both; display: list-item; float: none; position: static;\"><b>Stan:<\/b>\u00a0Nowy<\/li>\n<li style=\"margin: 5px 0; padding: 2px 0; clear: both; display: list-item; float: none; position: static;\"><b>EAN:<\/b>\u00a03528701123806<\/li>\n<li style=\"margin: 5px 0; padding: 2px 0; clear: both; display: list-item; float: none; position: static;\"><b>Producent:<\/b> MICHELIN<\/li>\n<li style=\"margin: 5px 0; padding: 2px 0; clear: both; display: list-item; float: none; position: static;\"><b>Model:<\/b> PILOT ALPIN 5<\/li>\n<li style=\"margin: 5px 0; padding: 2px 0; clear: both; display: list-item; float: none; position: static;\"><b>Rozmiar:<\/b> 225\/40 R19<\/li>\n<li style=\"margin: 5px 0; padding: 2px 0; clear: both; display: list-item; float: none; position: static;\"><b>Indeks no\u015bno\u015bci:<\/b> 93<\/li>\n<li style=\"margin: 5px 0; padding: 2px 0; clear: both; display: list-item; float: none; position: static;\"><b>Indeks pr\u0119dko\u015bci:<\/b> W<\/li>\n<li style=\"margin: 5px 0; padding: 2px 0; clear: both; display: list-item; float: none; position: static;\"><b>Ha\u0142as db:<\/b>\u00a070<\/li>\n<li style=\"margin: 5px 0; padding: 2px 0; clear: both; display: list-item; float: none; position: static;\"><b>Sezon:<\/b> Zimowe<\/li>\n<li style=\"margin: 5px 0; padding: 2px 0; clear: both; display: list-item; float: none; position: static;\"><b>Rok produkcji:<\/b> nie starsze ni\u017c 36 miesi\u0119cy<\/li>\n<li style=\"margin: 5px 0; padding: 2px 0; clear: both; display: list-item; float: none; position: static;\"><b>Przeznaczenie:<\/b> Osobowe<\/li>\n<li style=\"margin: 5px 0; padding: 2px 0; clear: both; display: list-item; float: none; position: static;\"><b>Kl. przycz. na mokrej naw.:<\/b>\u00a0B<\/li>\n<li style=\"margin: 5px 0; padding: 2px 0; clear: both; display: list-item; float: none; position: static;\"><b>Kl. efekt. paliwowej:\u00a0<\/b>E<\/li>\n<\/ul>\n<\/div>\n<\/div>\n<\/div>\n<div style=\"clear: both; display: block; margin: 10px 0;\">\n<div style=\"clear: both; display: block; margin: 10px 0;\">\n<div style=\"clear: both; display: block; margin: 10px 0;\">\n<div  style=\"max-width:800px;max-height:450px\">\n<div style=\"clear: both; display: block; margin: 10px 0;\">\n<div style=\"clear: both; width: 100%; display: block; margin: 20px 0; padding: 0; float: none; position: static; text-align: center;\"><img decoding=\"async\"  src=\"https:\/\/a.allegroimg.com\/original\/119261\/e16022bb412abe5724366d14fffa\/2x-MICHELIN-PILOT-ALPIN-5-225-40R19-93-W-Liczba-opon-w-ofercie-2-szt\" srcset=\"https:\/\/a.allegroimg.com\/original\/119261\/e16022bb412abe5724366d14fffa\/2x-MICHELIN-PILOT-ALPIN-5-225-40R19-93-W-Liczba-opon-w-ofercie-2-szt 360w,https:\/\/a.allegroimg.com\/original\/119261\/e16022bb412abe5724366d14fffa\/2x-MICHELIN-PILOT-ALPIN-5-225-40R19-93-W-Liczba-opon-w-ofercie-2-szt 720w,https:\/\/a.allegroimg.com\/original\/119261\/e16022bb412abe5724366d14fffa\/2x-MICHELIN-PILOT-ALPIN-5-225-40R19-93-W-Liczba-opon-w-ofercie-2-szt 800w,https:\/\/a.allegroimg.com\/original\/119261\/e16022bb412abe5724366d14fffa\/2x-MICHELIN-PILOT-ALPIN-5-225-40R19-93-W-Liczba-opon-w-ofercie-2-szt 800w\" sizes=\"100vw\" width=\"800px\" alt=\"2x MICHELIN PILOT ALPIN 5 225\/40R19 93 W Liczba opon w ofercie 2 szt.\"\/ style=\"max-width: 100%; height: auto; display: block; margin: 0 auto;\"><\/div>\n<\/div>\n<\/div>\n<\/div>\n<\/div>\n<\/div>\n<div style=\"clear: both; display: block; margin: 10px 0;\">\n<div style=\"clear: both; display: block; margin: 10px 0;\">\n<div style=\"clear: both; display: block; margin: 10px 0;\">\n<p style=\"margin: 15px 0; line-height: 1.8; clear: both; display: block; width: 100%; float: none; position: static;\">Od wczesnych lat XX wieku Pirelli zdoby\u0142 uznanie jako producent wysokiej klasy opon do samochod\u00f3w wy\u015bcigowych. Od 2011 roku Pirelli pe\u0142ni r\u00f3wnie\u017c rol\u0119 dostawcy opon do samochod\u00f3w Formu\u0142y 1, co jest potwierdzeniem wysokiej jako\u015bci i zaanga\u017cowania marki.<\/p>\n<p style=\"margin: 15px 0; line-height: 1.8; clear: both; display: block; width: 100%; float: none; position: static;\">Opony Pirelli s\u0105 obecnie uwa\u017cane za produkty premium, kt\u00f3re s\u0142yn\u0105 z przewidywalnego zachowania na drodze. Wybieraj\u0105c ogumienie w\u0142oskiego producenta, mo\u017cna oczekiwa\u0107 pewnego prowadzenia pojazdu, kr\u00f3tkiej drogi hamowania i odpowiedniego trzymania si\u0119 auta w zakr\u0119tach. Pirelli jest znane z dba\u0142o\u015bci o wysok\u0105 jako\u015b\u0107, trwa\u0142o\u015b\u0107 i doskona\u0142e osi\u0105gi swoich produkt\u00f3w.<\/p>\n<p style=\"margin: 15px 0; line-height: 1.8; clear: both; display: block; width: 100%; float: none; position: static;\">Dzi\u0119ki bogatej historii i zaanga\u017cowaniu w innowacje, Pirelli zdoby\u0142 zaufanie klient\u00f3w na ca\u0142ym \u015bwiecie i cieszy si\u0119 uznaniem w bran\u017cy oponiarskiej. Marka jest symbolem jako\u015bci i doskona\u0142ej wydajno\u015bci, co potwierdza liczne nagrody i wyr\u00f3\u017cnienia, kt\u00f3re zdoby\u0142a na przestrzeni lat<\/p>\n<\/div>\n<\/div>\n<\/div>\n<div style=\"clear: both; display: block; margin: 10px 0;\">\n<div style=\"clear: both; display: block; margin: 10px 0;\">\n<div style=\"clear: both; display: block; margin: 10px 0;\">\n<div  style=\"max-width:1200px;max-height:1758px\">\n<div style=\"clear: both; display: block; margin: 10px 0;\">\n<div style=\"clear: both; width: 100%; display: block; margin: 20px 0; padding: 0; float: none; position: static; text-align: center;\"><img decoding=\"async\"  src=\"https:\/\/a.allegroimg.com\/original\/1129a0\/0a6a863c49008c41c48f24930565\/2x-MICHELIN-PILOT-ALPIN-5-225-40R19-93-W-Marka-Michelin\" srcset=\"https:\/\/a.allegroimg.com\/original\/1129a0\/0a6a863c49008c41c48f24930565\/2x-MICHELIN-PILOT-ALPIN-5-225-40R19-93-W-Marka-Michelin 245w,https:\/\/a.allegroimg.com\/original\/1129a0\/0a6a863c49008c41c48f24930565\/2x-MICHELIN-PILOT-ALPIN-5-225-40R19-93-W-Marka-Michelin 491w,https:\/\/a.allegroimg.com\/original\/1129a0\/0a6a863c49008c41c48f24930565\/2x-MICHELIN-PILOT-ALPIN-5-225-40R19-93-W-Marka-Michelin 698w,https:\/\/a.allegroimg.com\/original\/1129a0\/0a6a863c49008c41c48f24930565\/2x-MICHELIN-PILOT-ALPIN-5-225-40R19-93-W-Marka-Michelin 982w,https:\/\/a.allegroimg.com\/original\/1129a0\/0a6a863c49008c41c48f24930565\/2x-MICHELIN-PILOT-ALPIN-5-225-40R19-93-W-Marka-Michelin 1200w\" sizes=\"(min-width: 1200px) 560px, (min-width: 992px) 50vw, 100vw\" width=\"1200px\" alt=\"2x MICHELIN PILOT ALPIN 5 225\/40R19 93 W Marka Michelin\"\/ style=\"max-width: 100%; height: auto; display: block; margin: 0 auto;\"><\/div>\n<\/div>\n<\/div>\n<\/div>\n<\/div>\n<div style=\"clear: both; display: block; margin: 10px 0;\">\n<div style=\"clear: both; display: block; margin: 10px 0;\">\n<p style=\"margin: 15px 0; line-height: 1.8; clear: both; display: block; width: 100%; float: none; position: static;\">Dlaczego warto kupowa\u0107 u Nas ?<\/p>\n<p style=\"margin: 15px 0; line-height: 1.8; clear: both; display: block; width: 100%; float: none; position: static;\">Jeste\u015bmy firm\u0105, kt\u00f3ra na podstawie wieloletniego do\u015bwiadczenia z zaanga\u017cowaniem pomaga klientom w doborze oraz kupnie opon.<\/p>\n<p style=\"margin: 15px 0; line-height: 1.8; clear: both; display: block; width: 100%; float: none; position: static;\">Posiadamy szerok\u0105 game opon do aut osobowych, dostawczych, cie\u017carowych, motocyki jak i opon przemys\u0142owych.<\/p>\n<p style=\"margin: 15px 0; line-height: 1.8; clear: both; display: block; width: 100%; float: none; position: static;\">Gwarancja satysfakcjii oraz bezpiecznie przejechanych kilometr\u00f3w.<\/p>\n<p style=\"margin: 15px 0; line-height: 1.8; clear: both; display: block; width: 100%; float: none; position: static;\">Zosta\u0144 naszym kolejnym zadowolonym klientem.<\/p>\n<p style=\"margin: 15px 0; line-height: 1.8; clear: both; display: block; width: 100%; float: none; position: static;\">ZAPRASZAMY DO ZAKUP\u00d3W.<\/p>\n<\/div>\n<\/div>\n<\/div>\n<\/div>\n<\/div>\n<\/div>\n<div style=\"clear: both; display: block; margin: 10px 0;\">\n","protected":false},"excerpt":{"rendered":"<p>2x MICHELIN PILOT ALPIN 5 225\/40R19 93 W<\/p>\n<p>Zimowe opony MICHELIN PILOT ALPIN 5 225\/40 R19 93 W<\/p>\n<p>Opony MICHELIN PILOT ALPIN 5 to znacz\u0105cy model w portfolio producenta.\u00a0<\/p>\n<p>Opony klasy Premium s\u0105 wytwarzane z zastosowaniem najbardziej zaawansowanych technologii na \u015bwiecie.<\/p>\n<p>Stan:\u00a0Nowy<\/p>\n<p>EAN:\u00a03528701123806<\/p>\n<p>Producent: MICHELIN<\/p>\n<p>Model: PILOT ALPIN 5<\/p>\n","protected":false},"featured_media":11851,"template":"","meta":{"_uag_custom_page_level_css":""},"product_brand":[429],"product_cat":[414,413,412,415],"product_tag":[],"class_list":{"0":"post-11850","1":"product","2":"type-product","3":"status-publish","4":"has-post-thumbnail","6":"product_brand-michelin","7":"product_cat-do-samochodow-osobowych-i-suv","8":"product_cat-opony","9":"product_cat-opony-i-felgi","10":"product_cat-zimowe","12":"first","13":"instock","14":"shipping-taxable","15":"purchasable","16":"product-type-simple"},"uagb_featured_image_src":{"full":["https:\/\/oponixo.shop\/tire\/wp-content\/uploads\/2026\/01\/allegro-image-11850.jpg",920,1120,false],"thumbnail":["https:\/\/oponixo.shop\/tire\/wp-content\/uploads\/2026\/01\/allegro-image-11850-150x150.jpg",150,150,true],"medium":["https:\/\/oponixo.shop\/tire\/wp-content\/uploads\/2026\/01\/allegro-image-11850-246x300.jpg",246,300,true],"medium_large":["https:\/\/oponixo.shop\/tire\/wp-content\/uploads\/2026\/01\/allegro-image-11850-768x935.jpg",768,935,true],"large":["https:\/\/oponixo.shop\/tire\/wp-content\/uploads\/2026\/01\/allegro-image-11850-841x1024.jpg",841,1024,true],"1536x1536":["https:\/\/oponixo.shop\/tire\/wp-content\/uploads\/2026\/01\/allegro-image-11850.jpg",920,1120,false],"2048x2048":["https:\/\/oponixo.shop\/tire\/wp-content\/uploads\/2026\/01\/allegro-image-11850.jpg",920,1120,false],"woocommerce_thumbnail":["https:\/\/oponixo.shop\/tire\/wp-content\/uploads\/2026\/01\/allegro-image-11850-300x300.jpg",300,300,true],"woocommerce_single":["https:\/\/oponixo.shop\/tire\/wp-content\/uploads\/2026\/01\/allegro-image-11850-600x730.jpg",600,730,true],"woocommerce_gallery_thumbnail":["https:\/\/oponixo.shop\/tire\/wp-content\/uploads\/2026\/01\/allegro-image-11850-100x100.jpg",100,100,true]},"uagb_author_info":{"display_name":"admin","author_link":"https:\/\/oponixo.shop\/tire\/author\/"},"uagb_comment_info":0,"uagb_excerpt":"2x MICHELIN PILOT ALPIN 5 225\/40R19 93 W Zimowe opony MICHELIN PILOT ALPIN 5 225\/40 R19 93 W Opony MICHELIN PILOT ALPIN 5 to znacz\u0105cy model w portfolio producenta.\u00a0 Opony klasy Premium s\u0105 wytwarzane z zastosowaniem najbardziej zaawansowanych technologii na \u015bwiecie. Stan:\u00a0Nowy EAN:\u00a03528701123806 Producent: MICHELIN Model: PILOT ALPIN 5","_links":{"self":[{"href":"https:\/\/oponixo.shop\/tire\/wp-json\/wp\/v2\/product\/11850","targetHints":{"allow":["GET"]}}],"collection":[{"href":"https:\/\/oponixo.shop\/tire\/wp-json\/wp\/v2\/product"}],"about":[{"href":"https:\/\/oponixo.shop\/tire\/wp-json\/wp\/v2\/types\/product"}],"wp:featuredmedia":[{"embeddable":true,"href":"https:\/\/oponixo.shop\/tire\/wp-json\/wp\/v2\/media\/11851"}],"wp:attachment":[{"href":"https:\/\/oponixo.shop\/tire\/wp-json\/wp\/v2\/media?parent=11850"}],"wp:term":[{"taxonomy":"product_brand","embeddable":true,"href":"https:\/\/oponixo.shop\/tire\/wp-json\/wp\/v2\/product_brand?post=11850"},{"taxonomy":"product_cat","embeddable":true,"href":"https:\/\/oponixo.shop\/tire\/wp-json\/wp\/v2\/product_cat?post=11850"},{"taxonomy":"product_tag","embeddable":true,"href":"https:\/\/oponixo.shop\/tire\/wp-json\/wp\/v2\/product_tag?post=11850"}],"curies":[{"name":"wp","href":"https:\/\/api.w.org\/{rel}","templated":true}]}}