{"id":11873,"date":"2026-01-03T09:57:50","date_gmt":"2026-01-03T08:57:50","guid":{"rendered":"https:\/\/oponyexpert.shop\/xef5\/produkt\/2x-opona-caloroczna-triangle-seasonx-225-65r17-106v-xl\/"},"modified":"2026-01-03T09:57:50","modified_gmt":"2026-01-03T08:57:50","slug":"2x-opona-caloroczna-triangle-seasonx-225-65r17-106v-xl","status":"publish","type":"product","link":"https:\/\/oponixo.shop\/tire\/produkt\/2x-opona-caloroczna-triangle-seasonx-225-65r17-106v-xl\/","title":{"rendered":"2x Opona ca\u0142oroczna Triangle SEASONX 225\/65R17 106V XL"},"content":{"rendered":"<div style=\"font-family: Arial, sans-serif; line-height: 1.6; color: #333; padding: 20px; clear: both; display: block; width: 100%; float: none; position: static; overflow: hidden;\">\n<div style=\"clear: both; display: block; margin: 10px 0;\">\n<div style=\"clear: both; display: block; margin: 10px 0;\">\n<div style=\"clear: both; display: block; margin: 10px 0;\">\n<h3 style=\"color: #2c5aa0; font-size: 18px; margin: 30px 0 15px 0; font-weight: bold; clear: both; display: block; width: 100%; float: none; position: static;\">2x Opona ca\u0142oroczna Triangle SEASONX 225\/65R17 106V XL<\/h3>\n<\/div>\n<\/div>\n<\/div>\n<div style=\"clear: both; display: block; margin: 10px 0;\">\n<div style=\"clear: both; display: block; margin: 10px 0;\">\n<div style=\"clear: both; display: block; margin: 10px 0;\">\n<div  style=\"max-width:500px;max-height:500px\">\n<div style=\"clear: both; display: block; margin: 10px 0;\">\n<div style=\"clear: both; width: 100%; display: block; margin: 20px 0; padding: 0; float: none; position: static; text-align: center;\"><img decoding=\"async\"  src=\"https:\/\/a.allegroimg.com\/original\/11f8d6\/3e31743c425ba9c2eedbdee7de69\/2x-Opona-caloroczna-Triangle-SEASONX-225-65R17-106V-XL\" srcset=\"https:\/\/a.allegroimg.com\/original\/11f8d6\/3e31743c425ba9c2eedbdee7de69\/2x-Opona-caloroczna-Triangle-SEASONX-225-65R17-106V-XL 360w,https:\/\/a.allegroimg.com\/original\/11f8d6\/3e31743c425ba9c2eedbdee7de69\/2x-Opona-caloroczna-Triangle-SEASONX-225-65R17-106V-XL 500w,https:\/\/a.allegroimg.com\/original\/11f8d6\/3e31743c425ba9c2eedbdee7de69\/2x-Opona-caloroczna-Triangle-SEASONX-225-65R17-106V-XL 500w\" sizes=\"(min-width: 1200px) 560px, (min-width: 992px) 50vw, 100vw\" width=\"500px\" alt=\"2x Opona ca\u0142oroczna Triangle SEASONX 225\/65R17 106V XL\"\/ style=\"max-width: 100%; height: auto; display: block; margin: 0 auto;\"><\/div>\n<\/div>\n<\/div>\n<\/div>\n<\/div>\n<div style=\"clear: both; display: block; margin: 10px 0;\">\n<div style=\"clear: both; display: block; margin: 10px 0;\">\n<ul style=\"margin: 15px 0; padding-left: 20px; clear: both; display: block; width: 100%; float: none; position: static;\">\n<li style=\"margin: 5px 0; padding: 2px 0; clear: both; display: list-item; float: none; position: static;\">Marka: <b>Triangle<\/b><\/li>\n<li style=\"margin: 5px 0; padding: 2px 0; clear: both; display: list-item; float: none; position: static;\">Liczba opon w ofercie: <b>2 szt.<\/b><\/li>\n<li style=\"margin: 5px 0; padding: 2px 0; clear: both; display: list-item; float: none; position: static;\">Sezon: <b>Wielosezonowe<\/b><\/li>\n<li style=\"margin: 5px 0; padding: 2px 0; clear: both; display: list-item; float: none; position: static;\">Model: <b>Seasonx<\/b><\/li>\n<li style=\"margin: 5px 0; padding: 2px 0; clear: both; display: list-item; float: none; position: static;\">Szeroko\u015b\u0107: <b>225<\/b><\/li>\n<li style=\"margin: 5px 0; padding: 2px 0; clear: both; display: list-item; float: none; position: static;\">Profil: <b>65<\/b><\/li>\n<li style=\"margin: 5px 0; padding: 2px 0; clear: both; display: list-item; float: none; position: static;\">\u015arednica: <b>17<\/b><\/li>\n<li style=\"margin: 5px 0; padding: 2px 0; clear: both; display: list-item; float: none; position: static;\">Index no\u015bno\u015bci: <b>106<\/b><\/li>\n<li style=\"margin: 5px 0; padding: 2px 0; clear: both; display: list-item; float: none; position: static;\">Index pr\u0119dko\u015bci: <b>V<\/b><\/li>\n<li style=\"margin: 5px 0; padding: 2px 0; clear: both; display: list-item; float: none; position: static;\">Hamowanie na mokrym: <b>B<\/b><\/li>\n<li style=\"margin: 5px 0; padding: 2px 0; clear: both; display: list-item; float: none; position: static;\">Op\u00f3r toczenia: <b>C<\/b><\/li>\n<li style=\"margin: 5px 0; padding: 2px 0; clear: both; display: list-item; float: none; position: static;\">Ha\u0142as zewn\u0119trzny: <b>72dB<\/b><\/li>\n<li style=\"margin: 5px 0; padding: 2px 0; clear: both; display: list-item; float: none; position: static;\">SAP: <b>CBPTRTA122G17VFJ<\/b><\/li>\n<li style=\"margin: 5px 0; padding: 2px 0; clear: both; display: list-item; float: none; position: static;\">EAN: <b>6959753222815<\/b><\/li>\n<\/ul>\n<\/div>\n<\/div>\n<\/div>\n<div style=\"clear: both; display: block; margin: 10px 0;\">\n<div style=\"clear: both; display: block; margin: 10px 0;\">\n<div style=\"clear: both; display: block; margin: 10px 0;\">\n<h3 style=\"color: #2c5aa0; font-size: 18px; margin: 30px 0 15px 0; font-weight: bold; clear: both; display: block; width: 100%; float: none; position: static;\">Rok produkcji (DOT): 2025\/2024 &#8211; kupuj\u0105c z tej oferty otrzymasz opony fabrycznie nowe.<\/h3>\n<p style=\"margin: 15px 0; line-height: 1.8; clear: both; display: block; width: 100%; float: none; position: static;\">Specjali\u015bci z Polskiego Zwi\u0105zku Przemys\u0142u Oponiarskiego (PZPO) podkre\u015blaj\u0105, \u017ce nowe opony, przechowywane w odpowiednich warunkach, zachowuj\u0105 pe\u0142n\u0105 warto\u015b\u0107 i nie r\u00f3\u017cni\u0105 si\u0119 jako\u015bciowo od tych pochodz\u0105cych z bie\u017c\u0105cej produkcji. Wynika to z faktu, \u017ce proces starzenia si\u0119 opon nast\u0119puje wy\u0142\u0105cznie podczas ich eksploatacji, a nie w trakcie przechowywania.<\/p>\n<\/div>\n<\/div>\n<\/div>\n<div style=\"clear: both; display: block; margin: 10px 0;\">\n<div style=\"clear: both; display: block; margin: 10px 0;\">\n<div style=\"clear: both; display: block; margin: 10px 0;\">\n<h3 style=\"color: #2c5aa0; font-size: 18px; margin: 30px 0 15px 0; font-weight: bold; clear: both; display: block; width: 100%; float: none; position: static;\">Rok produkcji opony znajdziesz na jej boku, przy oznaczeniu DOT. Cztery ostatnie cyfry m\u00f3wi\u0105, kiedy opona zosta\u0142a wyprodukowana:<\/h3>\n<ul style=\"margin: 15px 0; padding-left: 20px; clear: both; display: block; width: 100%; float: none; position: static;\">\n<li style=\"margin: 5px 0; padding: 2px 0; clear: both; display: list-item; float: none; position: static;\">Pierwsze dwie \u2013 tydzie\u0144 produkcji,<\/li>\n<li style=\"margin: 5px 0; padding: 2px 0; clear: both; display: list-item; float: none; position: static;\">Ostatnie dwie \u2013 rok produkcji.\u00a0<\/li>\n<\/ul>\n<p style=\"margin: 15px 0; line-height: 1.8; clear: both; display: block; width: 100%; float: none; position: static;\">Przyk\u0142ad: 1924 oznacza, \u017ce opona zosta\u0142a wyprodukowana w 19 tygodniu 2024 roku.<\/p>\n<\/div>\n<\/div>\n<\/div>\n<div style=\"clear: both; display: block; margin: 10px 0;\">\n<div style=\"clear: both; display: block; margin: 10px 0;\">\n<div style=\"clear: both; display: block; margin: 10px 0;\">\n<p style=\"margin: 15px 0; line-height: 1.8; clear: both; display: block; width: 100%; float: none; position: static;\">Markowe opony TRIANGLE SeasonX &#8211; bezpieczna jazda przez ca\u0142y rok &#8211; opony osobowe ca\u0142oroczne. Szerokie i kierunkowe rowki w kszta\u0142cie litery V zapewniaj\u0105 efektywno\u015bc przemieszczania wody i b\u0142ota po\u015bniegowego. Mieszanka o wysokiej zawarto\u015bci krzemionki z najnowszymi polimerami, zapewniaj\u0105ce optymaln\u0105 przyczepno\u015b\u0107 na mokrych i za\u015bnie\u017conych drogach. Zoptymalizowana konstrukcja opony zapewniaj\u0105ca oszcz\u0119dno\u015b\u0107 paliwa bez uszczerbku dla komfortu.<\/p>\n<\/div>\n<\/div>\n<\/div>\n<\/div>\n<\/div>\n<\/div>\n<div style=\"clear: both; display: block; margin: 10px 0;\">\n","protected":false},"excerpt":{"rendered":"<p>2x Opona ca\u0142oroczna Triangle SEASONX 225\/65R17 106V XL<\/p>\n<p>Marka: Triangle<\/p>\n<p>Liczba opon w ofercie: 2 szt.<\/p>\n<p>Sezon: Wielosezonowe<\/p>\n<p>Model: Seasonx<\/p>\n<p>Szeroko\u015b\u0107: 225<\/p>\n<p>Profil: 65<\/p>\n<p>\u015arednica: 17<\/p>\n","protected":false},"featured_media":11874,"template":"","meta":{"_uag_custom_page_level_css":""},"product_brand":[388],"product_cat":[416,414,413,412],"product_tag":[],"class_list":{"0":"post-11873","1":"product","2":"type-product","3":"status-publish","4":"has-post-thumbnail","6":"product_brand-triangle","7":"product_cat-caloroczne","8":"product_cat-do-samochodow-osobowych-i-suv","9":"product_cat-opony","10":"product_cat-opony-i-felgi","12":"first","13":"instock","14":"shipping-taxable","15":"purchasable","16":"product-type-simple"},"uagb_featured_image_src":{"full":["https:\/\/oponixo.shop\/tire\/wp-content\/uploads\/2026\/01\/allegro-image-11873.jpg",500,500,false],"thumbnail":["https:\/\/oponixo.shop\/tire\/wp-content\/uploads\/2026\/01\/allegro-image-11873-150x150.jpg",150,150,true],"medium":["https:\/\/oponixo.shop\/tire\/wp-content\/uploads\/2026\/01\/allegro-image-11873-300x300.jpg",300,300,true],"medium_large":["https:\/\/oponixo.shop\/tire\/wp-content\/uploads\/2026\/01\/allegro-image-11873.jpg",500,500,false],"large":["https:\/\/oponixo.shop\/tire\/wp-content\/uploads\/2026\/01\/allegro-image-11873.jpg",500,500,false],"1536x1536":["https:\/\/oponixo.shop\/tire\/wp-content\/uploads\/2026\/01\/allegro-image-11873.jpg",500,500,false],"2048x2048":["https:\/\/oponixo.shop\/tire\/wp-content\/uploads\/2026\/01\/allegro-image-11873.jpg",500,500,false],"woocommerce_thumbnail":["https:\/\/oponixo.shop\/tire\/wp-content\/uploads\/2026\/01\/allegro-image-11873-300x300.jpg",300,300,true],"woocommerce_single":["https:\/\/oponixo.shop\/tire\/wp-content\/uploads\/2026\/01\/allegro-image-11873.jpg",500,500,false],"woocommerce_gallery_thumbnail":["https:\/\/oponixo.shop\/tire\/wp-content\/uploads\/2026\/01\/allegro-image-11873-100x100.jpg",100,100,true]},"uagb_author_info":{"display_name":"admin","author_link":"https:\/\/oponixo.shop\/tire\/author\/"},"uagb_comment_info":0,"uagb_excerpt":"2x Opona ca\u0142oroczna Triangle SEASONX 225\/65R17 106V XL Marka: Triangle Liczba opon w ofercie: 2 szt. Sezon: Wielosezonowe Model: Seasonx Szeroko\u015b\u0107: 225 Profil: 65 \u015arednica: 17","_links":{"self":[{"href":"https:\/\/oponixo.shop\/tire\/wp-json\/wp\/v2\/product\/11873","targetHints":{"allow":["GET"]}}],"collection":[{"href":"https:\/\/oponixo.shop\/tire\/wp-json\/wp\/v2\/product"}],"about":[{"href":"https:\/\/oponixo.shop\/tire\/wp-json\/wp\/v2\/types\/product"}],"wp:featuredmedia":[{"embeddable":true,"href":"https:\/\/oponixo.shop\/tire\/wp-json\/wp\/v2\/media\/11874"}],"wp:attachment":[{"href":"https:\/\/oponixo.shop\/tire\/wp-json\/wp\/v2\/media?parent=11873"}],"wp:term":[{"taxonomy":"product_brand","embeddable":true,"href":"https:\/\/oponixo.shop\/tire\/wp-json\/wp\/v2\/product_brand?post=11873"},{"taxonomy":"product_cat","embeddable":true,"href":"https:\/\/oponixo.shop\/tire\/wp-json\/wp\/v2\/product_cat?post=11873"},{"taxonomy":"product_tag","embeddable":true,"href":"https:\/\/oponixo.shop\/tire\/wp-json\/wp\/v2\/product_tag?post=11873"}],"curies":[{"name":"wp","href":"https:\/\/api.w.org\/{rel}","templated":true}]}}