{"id":11893,"date":"2026-01-03T09:57:54","date_gmt":"2026-01-03T08:57:54","guid":{"rendered":"https:\/\/oponyexpert.shop\/xef5\/produkt\/2x-opony-caloroczne-255-35r18-94y-xl-a-s-trac-saver-tracmax-2025\/"},"modified":"2026-01-03T09:57:55","modified_gmt":"2026-01-03T08:57:55","slug":"2x-opony-caloroczne-255-35r18-94y-xl-a-s-trac-saver-tracmax-2025","status":"publish","type":"product","link":"https:\/\/oponixo.shop\/tire\/produkt\/2x-opony-caloroczne-255-35r18-94y-xl-a-s-trac-saver-tracmax-2025\/","title":{"rendered":"2x Opony ca\u0142oroczne 255\/35R18 94Y XL A\/S Trac Saver TRACMAX 2025"},"content":{"rendered":"<div style=\"font-family: Arial, sans-serif; line-height: 1.6; color: #333; padding: 20px; clear: both; display: block; width: 100%; float: none; position: static; overflow: hidden;\">\n<div style=\"clear: both; display: block; margin: 10px 0;\">\n<div style=\"clear: both; display: block; margin: 10px 0;\">\n<div style=\"clear: both; display: block; margin: 10px 0;\">\n<h1>2x Opony ca\u0142oroczne 255\/35R18 94Y XL A\/S Trac Saver TRACMAX 2025<\/h1>\n<\/div>\n<\/div>\n<\/div>\n<div style=\"clear: both; display: block; margin: 10px 0;\">\n<div style=\"clear: both; display: block; margin: 10px 0;\">\n<div style=\"clear: both; display: block; margin: 10px 0;\">\n<div  style=\"max-width:1440px;max-height:100px\">\n<div style=\"clear: both; display: block; margin: 10px 0;\">\n<div style=\"clear: both; width: 100%; display: block; margin: 20px 0; padding: 0; float: none; position: static; text-align: center;\"><img decoding=\"async\"  src=\"https:\/\/a.allegroimg.com\/original\/11abba\/7d755ad14c5bb6f4d3678c363ffd\/2x-Opony-caloroczne-255-35R18-94Y-XL-A-S-Trac-Saver-TRACMAX-2025-Kod-EPREL-2217601\" srcset=\"https:\/\/a.allegroimg.com\/original\/11abba\/7d755ad14c5bb6f4d3678c363ffd\/2x-Opony-caloroczne-255-35R18-94Y-XL-A-S-Trac-Saver-TRACMAX-2025-Kod-EPREL-2217601 360w,https:\/\/a.allegroimg.com\/original\/11abba\/7d755ad14c5bb6f4d3678c363ffd\/2x-Opony-caloroczne-255-35R18-94Y-XL-A-S-Trac-Saver-TRACMAX-2025-Kod-EPREL-2217601 720w,https:\/\/a.allegroimg.com\/original\/11abba\/7d755ad14c5bb6f4d3678c363ffd\/2x-Opony-caloroczne-255-35R18-94Y-XL-A-S-Trac-Saver-TRACMAX-2025-Kod-EPREL-2217601 1024w,https:\/\/a.allegroimg.com\/original\/11abba\/7d755ad14c5bb6f4d3678c363ffd\/2x-Opony-caloroczne-255-35R18-94Y-XL-A-S-Trac-Saver-TRACMAX-2025-Kod-EPREL-2217601 1440w,https:\/\/a.allegroimg.com\/original\/11abba\/7d755ad14c5bb6f4d3678c363ffd\/2x-Opony-caloroczne-255-35R18-94Y-XL-A-S-Trac-Saver-TRACMAX-2025-Kod-EPREL-2217601 1440w\" sizes=\"100vw\" width=\"1440px\" alt=\"2x Opony ca\u0142oroczne 255\/35R18 94Y XL A\/S Trac Saver TRACMAX 2025 Kod EPREL 2217601\"\/ style=\"max-width: 100%; height: auto; display: block; margin: 0 auto;\"><\/div>\n<\/div>\n<\/div>\n<\/div>\n<\/div>\n<\/div>\n<div style=\"clear: both; display: block; margin: 10px 0;\">\n<div style=\"clear: both; display: block; margin: 10px 0;\">\n<div style=\"clear: both; display: block; margin: 10px 0;\">\n<div  style=\"max-width:1598px;max-height:2560px\">\n<div style=\"clear: both; display: block; margin: 10px 0;\">\n<div style=\"clear: both; width: 100%; display: block; margin: 20px 0; padding: 0; float: none; position: static; text-align: center;\"><img decoding=\"async\"  src=\"https:\/\/a.allegroimg.com\/original\/1112f3\/b79c19e548968b461d340cad53b5\/2x-Opony-caloroczne-255-35R18-94Y-XL-A-S-Trac-Saver-TRACMAX-2025-Liczba-opon-w-ofercie-2-szt\" srcset=\"https:\/\/a.allegroimg.com\/original\/1112f3\/b79c19e548968b461d340cad53b5\/2x-Opony-caloroczne-255-35R18-94Y-XL-A-S-Trac-Saver-TRACMAX-2025-Liczba-opon-w-ofercie-2-szt 224w,https:\/\/a.allegroimg.com\/original\/1112f3\/b79c19e548968b461d340cad53b5\/2x-Opony-caloroczne-255-35R18-94Y-XL-A-S-Trac-Saver-TRACMAX-2025-Liczba-opon-w-ofercie-2-szt 449w,https:\/\/a.allegroimg.com\/original\/1112f3\/b79c19e548968b461d340cad53b5\/2x-Opony-caloroczne-255-35R18-94Y-XL-A-S-Trac-Saver-TRACMAX-2025-Liczba-opon-w-ofercie-2-szt 639w,https:\/\/a.allegroimg.com\/original\/1112f3\/b79c19e548968b461d340cad53b5\/2x-Opony-caloroczne-255-35R18-94Y-XL-A-S-Trac-Saver-TRACMAX-2025-Liczba-opon-w-ofercie-2-szt 898w,https:\/\/a.allegroimg.com\/original\/1112f3\/b79c19e548968b461d340cad53b5\/2x-Opony-caloroczne-255-35R18-94Y-XL-A-S-Trac-Saver-TRACMAX-2025-Liczba-opon-w-ofercie-2-szt 1598w\" sizes=\"(min-width: 1200px) 560px, (min-width: 992px) 50vw, 100vw\" width=\"1598px\" alt=\"2x Opony ca\u0142oroczne 255\/35R18 94Y XL A\/S Trac Saver TRACMAX 2025 Liczba opon w ofercie 2 szt.\"\/ style=\"max-width: 100%; height: auto; display: block; margin: 0 auto;\"><\/div>\n<\/div>\n<\/div>\n<\/div>\n<\/div>\n<div style=\"clear: both; display: block; margin: 10px 0;\">\n<div style=\"clear: both; display: block; margin: 10px 0;\">\n<h1>TRACMAX A\/S Trac Saver 255\/35R18<\/h1>\n<h3 style=\"color: #2c5aa0; font-size: 18px; margin: 30px 0 15px 0; font-weight: bold; clear: both; display: block; width: 100%; float: none; position: static;\">Dane podstawowe<\/h3>\n<p style=\"margin: 15px 0; line-height: 1.8; clear: both; display: block; width: 100%; float: none; position: static;\"><b>Stan:<\/b> Opony fabrycznie nowe<\/p>\n<p style=\"margin: 15px 0; line-height: 1.8; clear: both; display: block; width: 100%; float: none; position: static;\"><b>Producent:<\/b> TRACMAX<\/p>\n<p style=\"margin: 15px 0; line-height: 1.8; clear: both; display: block; width: 100%; float: none; position: static;\"><b>Model:<\/b> A\/S Trac Saver<\/p>\n<p style=\"margin: 15px 0; line-height: 1.8; clear: both; display: block; width: 100%; float: none; position: static;\"><b>Klasa opon:<\/b> Ekonomiczna<\/p>\n<p style=\"margin: 15px 0; line-height: 1.8; clear: both; display: block; width: 100%; float: none; position: static;\"><b>Sezon:<\/b> Opony ca\u0142oroczne<\/p>\n<p style=\"margin: 15px 0; line-height: 1.8; clear: both; display: block; width: 100%; float: none; position: static;\"><b>Szeroko\u015b\u0107:<\/b> 255<\/p>\n<p style=\"margin: 15px 0; line-height: 1.8; clear: both; display: block; width: 100%; float: none; position: static;\"><b>Profil:<\/b> 35<\/p>\n<p style=\"margin: 15px 0; line-height: 1.8; clear: both; display: block; width: 100%; float: none; position: static;\"><b>\u015arednica:<\/b> 18<\/p>\n<p style=\"margin: 15px 0; line-height: 1.8; clear: both; display: block; width: 100%; float: none; position: static;\"><b>Indeks pr\u0119dko\u015bci:<\/b> Y &#8211; do 300 km\/h<\/p>\n<p style=\"margin: 15px 0; line-height: 1.8; clear: both; display: block; width: 100%; float: none; position: static;\"><b>Indeks no\u015bno\u015bci:<\/b> 94 &#8211; 670 kg na opon\u0119<\/p>\n<p style=\"margin: 15px 0; line-height: 1.8; clear: both; display: block; width: 100%; float: none; position: static;\"><b>Rok produkcji:<\/b> 2025<\/p>\n<\/div>\n<\/div>\n<\/div>\n<div style=\"clear: both; display: block; margin: 10px 0;\">\n<div style=\"clear: both; display: block; margin: 10px 0;\">\n<div style=\"clear: both; display: block; margin: 10px 0;\">\n<div  style=\"max-width:2560px;max-height:2560px\">\n<div style=\"clear: both; display: block; margin: 10px 0;\">\n<div style=\"clear: both; width: 100%; display: block; margin: 20px 0; padding: 0; float: none; position: static; text-align: center;\"><img decoding=\"async\"  src=\"https:\/\/a.allegroimg.com\/original\/11db81\/bfc5987941b3b0d3471aee8a5126\/2x-Opony-caloroczne-255-35R18-94Y-XL-A-S-Trac-Saver-TRACMAX-2025-Rok-produkcji-2025\" srcset=\"https:\/\/a.allegroimg.com\/original\/11db81\/bfc5987941b3b0d3471aee8a5126\/2x-Opony-caloroczne-255-35R18-94Y-XL-A-S-Trac-Saver-TRACMAX-2025-Rok-produkcji-2025 360w,https:\/\/a.allegroimg.com\/original\/11db81\/bfc5987941b3b0d3471aee8a5126\/2x-Opony-caloroczne-255-35R18-94Y-XL-A-S-Trac-Saver-TRACMAX-2025-Rok-produkcji-2025 720w,https:\/\/a.allegroimg.com\/original\/11db81\/bfc5987941b3b0d3471aee8a5126\/2x-Opony-caloroczne-255-35R18-94Y-XL-A-S-Trac-Saver-TRACMAX-2025-Rok-produkcji-2025 1024w,https:\/\/a.allegroimg.com\/original\/11db81\/bfc5987941b3b0d3471aee8a5126\/2x-Opony-caloroczne-255-35R18-94Y-XL-A-S-Trac-Saver-TRACMAX-2025-Rok-produkcji-2025 1440w,https:\/\/a.allegroimg.com\/original\/11db81\/bfc5987941b3b0d3471aee8a5126\/2x-Opony-caloroczne-255-35R18-94Y-XL-A-S-Trac-Saver-TRACMAX-2025-Rok-produkcji-2025 2560w\" sizes=\"(min-width: 1200px) 560px, (min-width: 992px) 50vw, 100vw\" width=\"2560px\" alt=\"2x Opony ca\u0142oroczne 255\/35R18 94Y XL A\/S Trac Saver TRACMAX 2025 Rok produkcji 2025\"\/ style=\"max-width: 100%; height: auto; display: block; margin: 0 auto;\"><\/div>\n<\/div>\n<\/div>\n<\/div>\n<\/div>\n<div style=\"clear: both; display: block; margin: 10px 0;\">\n<div style=\"clear: both; display: block; margin: 10px 0;\">\n<h3 style=\"color: #2c5aa0; font-size: 18px; margin: 30px 0 15px 0; font-weight: bold; clear: both; display: block; width: 100%; float: none; position: static;\">Informacje szczeg\u00f3\u0142owe<\/h3>\n<p style=\"margin: 15px 0; line-height: 1.8; clear: both; display: block; width: 100%; float: none; position: static;\"><b>Op\u00f3r toczenia: <\/b>Klasa C<\/p>\n<p style=\"margin: 15px 0; line-height: 1.8; clear: both; display: block; width: 100%; float: none; position: static;\"><b>Przyczepno\u015b\u0107 na mokrej nawierzchni: <\/b>Klasa B<\/p>\n<p style=\"margin: 15px 0; line-height: 1.8; clear: both; display: block; width: 100%; float: none; position: static;\"><b>Poziom ha\u0142asu zewn\u0119trznego: <\/b>Klasa B<\/p>\n<p style=\"margin: 15px 0; line-height: 1.8; clear: both; display: block; width: 100%; float: none; position: static;\"><b>Ha\u0142as zewn\u0119trzny: <\/b>72 dB<\/p>\n<p style=\"margin: 15px 0; line-height: 1.8; clear: both; display: block; width: 100%; float: none; position: static;\"><b>Opona o podwy\u017cszonym wska\u017aniku no\u015bno\u015bci: <\/b>XL<\/p>\n<p style=\"margin: 15px 0; line-height: 1.8; clear: both; display: block; width: 100%; float: none; position: static;\"><b>Przeznaczenie: <\/b>Opona do samochod\u00f3w osobowych, SUV oraz z nap\u0119dem 4&#215;4<\/p>\n<p style=\"margin: 15px 0; line-height: 1.8; clear: both; display: block; width: 100%; float: none; position: static;\"><b>Kod producenta: <\/b>6094030<\/p>\n<p style=\"margin: 15px 0; line-height: 1.8; clear: both; display: block; width: 100%; float: none; position: static;\"><b>Kod QR: <\/b>eprel.ec.europa.eu\/qr\/2217601<\/p>\n<p style=\"margin: 15px 0; line-height: 1.8; clear: both; display: block; width: 100%; float: none; position: static;\"><b>Waga opony: <\/b>11.97 kg<\/p>\n<\/div>\n<\/div>\n<\/div>\n<div style=\"clear: both; display: block; margin: 10px 0;\">\n<div style=\"clear: both; display: block; margin: 10px 0;\">\n<div style=\"clear: both; display: block; margin: 10px 0;\">\n<p style=\"margin: 15px 0; line-height: 1.8; clear: both; display: block; width: 100%; float: none; position: static;\">*Zdj\u0119cia przedstawione w ofercie maj\u0105 <b>charakter pogl\u0105dowy<\/b>. Rzeczywisty wygl\u0105d mo\u017ce r\u00f3\u017cni\u0107 si\u0119 od prezentowanego w zale\u017cno\u015bci od rozmiaru produktu.<\/p>\n<\/div>\n<\/div>\n<\/div>\n<div style=\"clear: both; display: block; margin: 10px 0;\">\n<div style=\"clear: both; display: block; margin: 10px 0;\">\n<div style=\"clear: both; display: block; margin: 10px 0;\">\n<h1>X-Privilo All Season Trac Saver<\/h1>\n<p style=\"margin: 15px 0; line-height: 1.8; clear: both; display: block; width: 100%; float: none; position: static;\">Opony A\/S TRAC SAVER zapewniaj\u0105 imponuj\u0105c\u0105 przyczepno\u015b\u0107 na za\u015bnie\u017conych i mokrych zimowych drogach dzi\u0119ki adaptacyjnej mieszance ca\u0142orocznej. Jako godny zaufania towarzysz, otwarte barki zapewniaj\u0105ce wysok\u0105 odporno\u015b\u0107 na aquaplaning i sztywny bie\u017cnik z minimalnymi lamelami dla lepszego prowadzenia i hamowania na suchej nawierzchni przekonuje w ka\u017cdych letnich warunkach. zoptymalizowana geometria \u015bciany bocznej i optymalna g\u0142\u0119boko\u015b\u0107 bie\u017cnika prowadz\u0105 do znacznego zmniejszenia opor\u00f3w toczenia i zu\u017cycia paliwa &#8211; bez uszczerbku dla bezpiecze\u0144stwa.<\/p>\n<ul style=\"margin: 15px 0; padding-left: 20px; clear: both; display: block; width: 100%; float: none; position: static;\">\n<li style=\"margin: 5px 0; padding: 2px 0; clear: both; display: list-item; float: none; position: static;\">2 szerokie rowki bie\u017cnika z drobnymi lamelami poprawiaj\u0105 sterowno\u015b\u0107 i kontrol\u0119.<\/li>\n<li style=\"margin: 5px 0; padding: 2px 0; clear: both; display: list-item; float: none; position: static;\">Specjalna mieszanka bie\u017cnika pozostaje elastyczna, aby zapewni\u0107 przyczepno\u015b\u0107 pod All Season Trac Saver.<\/li>\n<li style=\"margin: 5px 0; padding: 2px 0; clear: both; display: list-item; float: none; position: static;\">Z\u0105bkowane wzory \u015bniegu z drobnymi lam\u00f3wkami zapewniaj\u0105 doskona\u0142\u0105 przyczepno\u015b\u0107 w warunkach \u015bniegu i lodu.<\/li>\n<\/ul>\n<\/div>\n<\/div>\n<\/div>\n<div style=\"clear: both; display: block; margin: 10px 0;\">\n<div style=\"clear: both; display: block; margin: 10px 0;\">\n<div style=\"clear: both; display: block; margin: 10px 0;\">\n<div  style=\"max-width:2560px;max-height:563px\">\n<div style=\"clear: both; display: block; margin: 10px 0;\">\n<div style=\"clear: both; width: 100%; display: block; margin: 20px 0; padding: 0; float: none; position: static; text-align: center;\"><img decoding=\"async\"  src=\"https:\/\/a.allegroimg.com\/original\/11e749\/a7f7677e40948cd88e27acfc1221\/2x-Opony-caloroczne-255-35R18-94Y-XL-A-S-Trac-Saver-TRACMAX-2025-Szerokosc-opony-255-mm\" srcset=\"https:\/\/a.allegroimg.com\/original\/11e749\/a7f7677e40948cd88e27acfc1221\/2x-Opony-caloroczne-255-35R18-94Y-XL-A-S-Trac-Saver-TRACMAX-2025-Szerokosc-opony-255-mm 360w,https:\/\/a.allegroimg.com\/original\/11e749\/a7f7677e40948cd88e27acfc1221\/2x-Opony-caloroczne-255-35R18-94Y-XL-A-S-Trac-Saver-TRACMAX-2025-Szerokosc-opony-255-mm 720w,https:\/\/a.allegroimg.com\/original\/11e749\/a7f7677e40948cd88e27acfc1221\/2x-Opony-caloroczne-255-35R18-94Y-XL-A-S-Trac-Saver-TRACMAX-2025-Szerokosc-opony-255-mm 1024w,https:\/\/a.allegroimg.com\/original\/11e749\/a7f7677e40948cd88e27acfc1221\/2x-Opony-caloroczne-255-35R18-94Y-XL-A-S-Trac-Saver-TRACMAX-2025-Szerokosc-opony-255-mm 1440w,https:\/\/a.allegroimg.com\/original\/11e749\/a7f7677e40948cd88e27acfc1221\/2x-Opony-caloroczne-255-35R18-94Y-XL-A-S-Trac-Saver-TRACMAX-2025-Szerokosc-opony-255-mm 2560w\" sizes=\"100vw\" width=\"2560px\" alt=\"2x Opony ca\u0142oroczne 255\/35R18 94Y XL A\/S Trac Saver TRACMAX 2025 Szeroko\u015b\u0107 opony 255 mm\"\/ style=\"max-width: 100%; height: auto; display: block; margin: 0 auto;\"><\/div>\n<\/div>\n<\/div>\n<\/div>\n<\/div>\n<\/div>\n<div style=\"clear: both; display: block; margin: 10px 0;\">\n<div style=\"clear: both; display: block; margin: 10px 0;\">\n<div style=\"clear: both; display: block; margin: 10px 0;\">\n<h1>O producencie opon TRACMAX<\/h1>\n<p style=\"margin: 15px 0; line-height: 1.8; clear: both; display: block; width: 100%; float: none; position: static;\">Marka Tracmax zosta\u0142a za\u0142o\u017cona w 1986 roku przez koncern Shandong Yongsheng Rubber Group. Ciesz\u0105c si\u0119 du\u017c\u0105 popularno\u015bci\u0105 w ponad 100 krajach, Tracmax oferuje szerok\u0105 gam\u0119 opon samochodowych, opon UHP, opon SUV, H\/T,  A\/T,  M\/T, opon VAN, zimowych (z kolcami\/bez) i ca\u0142orocznych, obecnie w ponad 800 rozmiarach. Kieruj\u0105c si\u0119 mottem: &#8222;Gdziekolwiek prowadzi droga, tam jedzie Tracmax&#8221; z wysok\u0105 jako\u015bci\u0105, rozs\u0105dn\u0105 cen\u0105 i doskona\u0142\u0105 obs\u0142ug\u0105, chcieliby\u015bmy by\u0107 jednym z najlepszych dostawc\u00f3w opon i d\u0142ugo terminowym partnerem biznesowym.<\/p>\n<\/div>\n<\/div>\n<\/div>\n<div style=\"clear: both; display: block; margin: 10px 0;\">\n<div style=\"clear: both; display: block; margin: 10px 0;\">\n<div style=\"clear: both; display: block; margin: 10px 0;\">\n<div  style=\"max-width:852px;max-height:1248px\">\n<div style=\"clear: both; display: block; margin: 10px 0;\">\n<div style=\"clear: both; width: 100%; display: block; margin: 20px 0; padding: 0; float: none; position: static; text-align: center;\"><img decoding=\"async\"  src=\"https:\/\/a.allegroimg.com\/original\/118451\/763b32834d32adb3476af63082e9\/2x-Opony-caloroczne-255-35R18-94Y-XL-A-S-Trac-Saver-TRACMAX-2025-Waga-produktu-z-opakowaniem-jednostkowym-18-kg\" srcset=\"https:\/\/a.allegroimg.com\/original\/118451\/763b32834d32adb3476af63082e9\/2x-Opony-caloroczne-255-35R18-94Y-XL-A-S-Trac-Saver-TRACMAX-2025-Waga-produktu-z-opakowaniem-jednostkowym-18-kg 245w,https:\/\/a.allegroimg.com\/original\/118451\/763b32834d32adb3476af63082e9\/2x-Opony-caloroczne-255-35R18-94Y-XL-A-S-Trac-Saver-TRACMAX-2025-Waga-produktu-z-opakowaniem-jednostkowym-18-kg 491w,https:\/\/a.allegroimg.com\/original\/118451\/763b32834d32adb3476af63082e9\/2x-Opony-caloroczne-255-35R18-94Y-XL-A-S-Trac-Saver-TRACMAX-2025-Waga-produktu-z-opakowaniem-jednostkowym-18-kg 699w,https:\/\/a.allegroimg.com\/original\/118451\/763b32834d32adb3476af63082e9\/2x-Opony-caloroczne-255-35R18-94Y-XL-A-S-Trac-Saver-TRACMAX-2025-Waga-produktu-z-opakowaniem-jednostkowym-18-kg 852w,https:\/\/a.allegroimg.com\/original\/118451\/763b32834d32adb3476af63082e9\/2x-Opony-caloroczne-255-35R18-94Y-XL-A-S-Trac-Saver-TRACMAX-2025-Waga-produktu-z-opakowaniem-jednostkowym-18-kg 852w\" sizes=\"(min-width: 1200px) 560px, (min-width: 992px) 50vw, 100vw\" width=\"852px\" alt=\"2x Opony ca\u0142oroczne 255\/35R18 94Y XL A\/S Trac Saver TRACMAX 2025 Waga produktu z opakowaniem jednostkowym 18 kg\"\/ style=\"max-width: 100%; height: auto; display: block; margin: 0 auto;\"><\/div>\n<\/div>\n<\/div>\n<\/div>\n<\/div>\n<div style=\"clear: both; display: block; margin: 10px 0;\">\n<div style=\"clear: both; display: block; margin: 10px 0;\">\n<p style=\"margin: 15px 0; line-height: 1.8; clear: both; display: block; width: 100%; float: none; position: static;\"><b>Etykiety Unijne na oponach<\/b> pomagaj\u0105 konsumentom w podj\u0119ciu \u015bwiadomej decyzji o zakupie.<\/p>\n<p style=\"margin: 15px 0; line-height: 1.8; clear: both; display: block; width: 100%; float: none; position: static;\"><b>Op\u00f3r toczenia<\/b> w oponie jest wska\u017anikiem jej efektywno\u015bci energetycznej, co ma wp\u0142yw na zu\u017cycie paliwa oraz emisj\u0119 spalin. Klasa oporu toczenia waha si\u0119 od A (najwydajniejsza) do E (najni\u017csza).<\/p>\n<p style=\"margin: 15px 0; line-height: 1.8; clear: both; display: block; width: 100%; float: none; position: static;\"><b>Droga hamowania na mokrej nawierzchni<\/b> zale\u017cy od zdolno\u015bci opony do trzymania si\u0119 drogi na mokrej nawierzchni. Klasa A okre\u015bla najkr\u00f3tsz\u0105 drog\u0119, za\u015b E najd\u0142u\u017csz\u0105. Opona z etykiet\u0105 E hamuje 18 metr\u00f3w dalej w por\u00f3wnaniu z opon\u0105 z etykiet\u0105 A (procedura testowa, w kt\u00f3rej mierzy si\u0119 drog\u0119 hamowania od 80 km\/h do 5 km\/h na drodze pokrytej wod\u0105).<\/p>\n<p style=\"margin: 15px 0; line-height: 1.8; clear: both; display: block; width: 100%; float: none; position: static;\"><b>Ha\u0142as zewn\u0119trzny<\/b> odnosi si\u0119 do ha\u0142asu wytwarzanego przez opon\u0119 podczas przejazdu samochodu i jest mierzony w dB (decybelach). Ha\u0142as opon mierzony jest na zewn\u0105trz pojazdu co ma za zadanie ograniczy\u0107 negatywny wp\u0142yw na otoczenie.<\/p>\n<\/div>\n<\/div>\n<\/div>\n<\/div>\n<\/div>\n<\/div>\n<div style=\"clear: both; display: block; margin: 10px 0;\">\n","protected":false},"excerpt":{"rendered":"<p>2x Opony ca\u0142oroczne 255\/35R18 94Y XL A\/S Trac Saver TRACMAX 2025<\/p>\n<p>TRACMAX A\/S Trac Saver 255\/35R18<\/p>\n<p>Dane podstawowe<\/p>\n<p>Stan: Opony fabrycznie nowe<\/p>\n<p>Producent: TRACMAX<\/p>\n<p>Model: A\/S Trac Saver<\/p>\n<p>Klasa opon: Ekonomiczna<\/p>\n<p>Sezon: Opony ca\u0142oroczne<\/p>\n","protected":false},"featured_media":11894,"template":"","meta":{"_uag_custom_page_level_css":""},"product_brand":[393],"product_cat":[416,414,413,412],"product_tag":[],"class_list":{"0":"post-11893","1":"product","2":"type-product","3":"status-publish","4":"has-post-thumbnail","6":"product_brand-tracmax","7":"product_cat-caloroczne","8":"product_cat-do-samochodow-osobowych-i-suv","9":"product_cat-opony","10":"product_cat-opony-i-felgi","12":"first","13":"instock","14":"shipping-taxable","15":"purchasable","16":"product-type-simple"},"uagb_featured_image_src":{"full":["https:\/\/oponixo.shop\/tire\/wp-content\/uploads\/2026\/01\/allegro-image-11893.jpg",2560,2560,false],"thumbnail":["https:\/\/oponixo.shop\/tire\/wp-content\/uploads\/2026\/01\/allegro-image-11893-150x150.jpg",150,150,true],"medium":["https:\/\/oponixo.shop\/tire\/wp-content\/uploads\/2026\/01\/allegro-image-11893-300x300.jpg",300,300,true],"medium_large":["https:\/\/oponixo.shop\/tire\/wp-content\/uploads\/2026\/01\/allegro-image-11893-768x768.jpg",768,768,true],"large":["https:\/\/oponixo.shop\/tire\/wp-content\/uploads\/2026\/01\/allegro-image-11893-1024x1024.jpg",1024,1024,true],"1536x1536":["https:\/\/oponixo.shop\/tire\/wp-content\/uploads\/2026\/01\/allegro-image-11893-1536x1536.jpg",1536,1536,true],"2048x2048":["https:\/\/oponixo.shop\/tire\/wp-content\/uploads\/2026\/01\/allegro-image-11893-2048x2048.jpg",2048,2048,true],"woocommerce_thumbnail":["https:\/\/oponixo.shop\/tire\/wp-content\/uploads\/2026\/01\/allegro-image-11893-300x300.jpg",300,300,true],"woocommerce_single":["https:\/\/oponixo.shop\/tire\/wp-content\/uploads\/2026\/01\/allegro-image-11893-600x600.jpg",600,600,true],"woocommerce_gallery_thumbnail":["https:\/\/oponixo.shop\/tire\/wp-content\/uploads\/2026\/01\/allegro-image-11893-100x100.jpg",100,100,true]},"uagb_author_info":{"display_name":"admin","author_link":"https:\/\/oponixo.shop\/tire\/author\/"},"uagb_comment_info":0,"uagb_excerpt":"2x Opony ca\u0142oroczne 255\/35R18 94Y XL A\/S Trac Saver TRACMAX 2025 TRACMAX A\/S Trac Saver 255\/35R18 Dane podstawowe Stan: Opony fabrycznie nowe Producent: TRACMAX Model: A\/S Trac Saver Klasa opon: Ekonomiczna Sezon: Opony ca\u0142oroczne","_links":{"self":[{"href":"https:\/\/oponixo.shop\/tire\/wp-json\/wp\/v2\/product\/11893","targetHints":{"allow":["GET"]}}],"collection":[{"href":"https:\/\/oponixo.shop\/tire\/wp-json\/wp\/v2\/product"}],"about":[{"href":"https:\/\/oponixo.shop\/tire\/wp-json\/wp\/v2\/types\/product"}],"wp:featuredmedia":[{"embeddable":true,"href":"https:\/\/oponixo.shop\/tire\/wp-json\/wp\/v2\/media\/11894"}],"wp:attachment":[{"href":"https:\/\/oponixo.shop\/tire\/wp-json\/wp\/v2\/media?parent=11893"}],"wp:term":[{"taxonomy":"product_brand","embeddable":true,"href":"https:\/\/oponixo.shop\/tire\/wp-json\/wp\/v2\/product_brand?post=11893"},{"taxonomy":"product_cat","embeddable":true,"href":"https:\/\/oponixo.shop\/tire\/wp-json\/wp\/v2\/product_cat?post=11893"},{"taxonomy":"product_tag","embeddable":true,"href":"https:\/\/oponixo.shop\/tire\/wp-json\/wp\/v2\/product_tag?post=11893"}],"curies":[{"name":"wp","href":"https:\/\/api.w.org\/{rel}","templated":true}]}}