{"id":11907,"date":"2026-01-03T09:57:58","date_gmt":"2026-01-03T08:57:58","guid":{"rendered":"https:\/\/oponyexpert.shop\/xef5\/produkt\/2x-opony-caloroczne-255-35r18-pirelli-cinturato-all-season-sf3\/"},"modified":"2026-01-03T09:57:59","modified_gmt":"2026-01-03T08:57:59","slug":"2x-opony-caloroczne-255-35r18-pirelli-cinturato-all-season-sf3","status":"publish","type":"product","link":"https:\/\/oponixo.shop\/tire\/produkt\/2x-opony-caloroczne-255-35r18-pirelli-cinturato-all-season-sf3\/","title":{"rendered":"2x opony ca\u0142oroczne 255\/35R18 Pirelli Cinturato All Season SF3"},"content":{"rendered":"<div style=\"font-family: Arial, sans-serif; line-height: 1.6; color: #333; padding: 20px; clear: both; display: block; width: 100%; float: none; position: static; overflow: hidden;\">\n<div style=\"clear: both; display: block; margin: 10px 0;\">\n<div style=\"clear: both; display: block; margin: 10px 0;\">\n<div style=\"clear: both; display: block; margin: 10px 0;\">\n<div  style=\"max-width:2000px;max-height:523px\">\n<div style=\"clear: both; display: block; margin: 10px 0;\">\n<div style=\"clear: both; width: 100%; display: block; margin: 20px 0; padding: 0; float: none; position: static; text-align: center;\"><img decoding=\"async\"  src=\"https:\/\/a.allegroimg.com\/original\/11c1b6\/84a822ca445a8f23c8f4f38769dd\/2x-opony-caloroczne-255-35R18-Pirelli-Cinturato-All-Season-SF3-Rok-produkcji-2024\" srcset=\"https:\/\/a.allegroimg.com\/original\/11c1b6\/84a822ca445a8f23c8f4f38769dd\/2x-opony-caloroczne-255-35R18-Pirelli-Cinturato-All-Season-SF3-Rok-produkcji-2024 360w,https:\/\/a.allegroimg.com\/original\/11c1b6\/84a822ca445a8f23c8f4f38769dd\/2x-opony-caloroczne-255-35R18-Pirelli-Cinturato-All-Season-SF3-Rok-produkcji-2024 720w,https:\/\/a.allegroimg.com\/original\/11c1b6\/84a822ca445a8f23c8f4f38769dd\/2x-opony-caloroczne-255-35R18-Pirelli-Cinturato-All-Season-SF3-Rok-produkcji-2024 1024w,https:\/\/a.allegroimg.com\/original\/11c1b6\/84a822ca445a8f23c8f4f38769dd\/2x-opony-caloroczne-255-35R18-Pirelli-Cinturato-All-Season-SF3-Rok-produkcji-2024 1440w,https:\/\/a.allegroimg.com\/original\/11c1b6\/84a822ca445a8f23c8f4f38769dd\/2x-opony-caloroczne-255-35R18-Pirelli-Cinturato-All-Season-SF3-Rok-produkcji-2024 2000w\" sizes=\"100vw\" width=\"2000px\" alt=\"2x opony ca\u0142oroczne 255\/35R18 Pirelli Cinturato All Season SF3 Rok produkcji 2024\"\/ style=\"max-width: 100%; height: auto; display: block; margin: 0 auto;\"><\/div>\n<\/div>\n<\/div>\n<\/div>\n<\/div>\n<\/div>\n<div style=\"clear: both; display: block; margin: 10px 0;\">\n<div style=\"clear: both; display: block; margin: 10px 0;\">\n<div style=\"clear: both; display: block; margin: 10px 0;\">\n<div  style=\"max-width:480px;max-height:712px\">\n<div style=\"clear: both; display: block; margin: 10px 0;\">\n<div style=\"clear: both; width: 100%; display: block; margin: 20px 0; padding: 0; float: none; position: static; text-align: center;\"><img decoding=\"async\"  src=\"https:\/\/a.allegroimg.com\/original\/11a228\/94b47ae84a61af10d2639e3bc5ff\/2x-opony-caloroczne-255-35R18-Pirelli-Cinturato-All-Season-SF3\" srcset=\"https:\/\/a.allegroimg.com\/original\/11a228\/94b47ae84a61af10d2639e3bc5ff\/2x-opony-caloroczne-255-35R18-Pirelli-Cinturato-All-Season-SF3 242w,https:\/\/a.allegroimg.com\/original\/11a228\/94b47ae84a61af10d2639e3bc5ff\/2x-opony-caloroczne-255-35R18-Pirelli-Cinturato-All-Season-SF3 480w,https:\/\/a.allegroimg.com\/original\/11a228\/94b47ae84a61af10d2639e3bc5ff\/2x-opony-caloroczne-255-35R18-Pirelli-Cinturato-All-Season-SF3 480w\" sizes=\"(min-width: 1200px) 560px, (min-width: 992px) 50vw, 100vw\" width=\"480px\" alt=\"2x opony ca\u0142oroczne 255\/35R18 Pirelli Cinturato All Season SF3\"\/ style=\"max-width: 100%; height: auto; display: block; margin: 0 auto;\"><\/div>\n<\/div>\n<\/div>\n<\/div>\n<\/div>\n<div style=\"clear: both; display: block; margin: 10px 0;\">\n<div style=\"clear: both; display: block; margin: 10px 0;\">\n<h1>Cechy Opony:<\/h1>\n<ul style=\"margin: 15px 0; padding-left: 20px; clear: both; display: block; width: 100%; float: none; position: static;\">\n<li style=\"margin: 5px 0; padding: 2px 0; clear: both; display: list-item; float: none; position: static;\">Stan: <b>Fabrycznie nowa<\/b><\/li>\n<\/ul>\n<ul style=\"margin: 15px 0; padding-left: 20px; clear: both; display: block; width: 100%; float: none; position: static;\">\n<li style=\"margin: 5px 0; padding: 2px 0; clear: both; display: list-item; float: none; position: static;\">Dystrybucja: <b>Oficjalny dystrybutor w Polsce<\/b><\/li>\n<\/ul>\n<ul style=\"margin: 15px 0; padding-left: 20px; clear: both; display: block; width: 100%; float: none; position: static;\">\n<li style=\"margin: 5px 0; padding: 2px 0; clear: both; display: list-item; float: none; position: static;\">Sezon: <b>ca\u0142oroczne<\/b><\/li>\n<\/ul>\n<ul style=\"margin: 15px 0; padding-left: 20px; clear: both; display: block; width: 100%; float: none; position: static;\">\n<li style=\"margin: 5px 0; padding: 2px 0; clear: both; display: list-item; float: none; position: static;\">Producent: <b>Pirelli<\/b><\/li>\n<\/ul>\n<ul style=\"margin: 15px 0; padding-left: 20px; clear: both; display: block; width: 100%; float: none; position: static;\">\n<li style=\"margin: 5px 0; padding: 2px 0; clear: both; display: list-item; float: none; position: static;\">Bie\u017cnik: <b>Cinturato All Season SF3<\/b><\/li>\n<\/ul>\n<ul style=\"margin: 15px 0; padding-left: 20px; clear: both; display: block; width: 100%; float: none; position: static;\">\n<li style=\"margin: 5px 0; padding: 2px 0; clear: both; display: list-item; float: none; position: static;\">Rozmiar: <b>255\/35R18<\/b><\/li>\n<\/ul>\n<ul style=\"margin: 15px 0; padding-left: 20px; clear: both; display: block; width: 100%; float: none; position: static;\">\n<li style=\"margin: 5px 0; padding: 2px 0; clear: both; display: list-item; float: none; position: static;\">Indeks no\u015bno\u015bci: <b>94<\/b><\/li>\n<\/ul>\n<ul style=\"margin: 15px 0; padding-left: 20px; clear: both; display: block; width: 100%; float: none; position: static;\">\n<li style=\"margin: 5px 0; padding: 2px 0; clear: both; display: list-item; float: none; position: static;\">Indeks pr\u0119dko\u015bci: <b>Y<\/b><\/li>\n<\/ul>\n<ul style=\"margin: 15px 0; padding-left: 20px; clear: both; display: block; width: 100%; float: none; position: static;\">\n<li style=\"margin: 5px 0; padding: 2px 0; clear: both; display: list-item; float: none; position: static;\">Rok produkcji:<b> 2025\/2024 &#8211; Decyduj\u0105c si\u0119 na zakup z tej oferty, otrzymasz fabrycznie nowe, pe\u0142nowarto\u015bciowe opony, wyprodukowane w bie\u017c\u0105cym lub poprzednim roku kalendarzowym.<\/b><\/li>\n<\/ul>\n<ul style=\"margin: 15px 0; padding-left: 20px; clear: both; display: block; width: 100%; float: none; position: static;\">\n<li style=\"margin: 5px 0; padding: 2px 0; clear: both; display: list-item; float: none; position: static;\">EAN: <b>8019227434033<\/b><\/li>\n<\/ul>\n<ul style=\"margin: 15px 0; padding-left: 20px; clear: both; display: block; width: 100%; float: none; position: static;\">\n<li style=\"margin: 5px 0; padding: 2px 0; clear: both; display: list-item; float: none; position: static;\">Wzmocniona konstrukcja (XL): <b>Tak<\/b><\/li>\n<\/ul>\n<ul style=\"margin: 15px 0; padding-left: 20px; clear: both; display: block; width: 100%; float: none; position: static;\">\n<li style=\"margin: 5px 0; padding: 2px 0; clear: both; display: list-item; float: none; position: static;\">Rant ochronny na felg\u0119: <b>Tak<\/b><\/li>\n<\/ul><\/div>\n<\/div>\n<\/div>\n<div style=\"clear: both; display: block; margin: 10px 0;\">\n<div style=\"clear: both; display: block; margin: 10px 0;\">\n<div style=\"clear: both; display: block; margin: 10px 0;\">\n<h2>Zu\u017cycie paliwa \/ opory toczenia<\/h2>\n<p style=\"margin: 15px 0; line-height: 1.8; clear: both; display: block; width: 100%; float: none; position: static;\">Klasa A okre\u015bla opony o najmniejszych oporach toczenia, klasa E o najwi\u0119kszych. Op\u00f3r toczenia wp\u0142ywa na zu\u017cycie paliwa oraz emisj\u0119 spalin przez samoch\u00f3d. Im ni\u017cszy op\u00f3r toczenia, tym wi\u0119ksza oszcz\u0119dno\u015b\u0107 paliwa i mniejszy wp\u0142yw na \u015brodowisko.<\/p>\n<p style=\"margin: 15px 0; line-height: 1.8; clear: both; display: block; width: 100%; float: none; position: static;\">\n<h2>Przyczepno\u015b\u0107 na mokrej nawierzchni \/ droga hamowania<\/h2>\n<p style=\"margin: 15px 0; line-height: 1.8; clear: both; display: block; width: 100%; float: none; position: static;\">Klasa A oznacza najkr\u00f3tsz\u0105, a E najd\u0142u\u017csz\u0105 drog\u0119 hamowania na mokrej nawierzchni. Parametr ten zwi\u0105zany jest z przyczepno\u015bci\u0105 opony podczas jazdy po mokrej drodze, co ma znaczenie dla bezpiecze\u0144stwa podr\u00f3\u017cowania. Im wy\u017csza klasa, tym lepsze w\u0142a\u015bciwo\u015bci ogumienia.<\/p>\n<p style=\"margin: 15px 0; line-height: 1.8; clear: both; display: block; width: 100%; float: none; position: static;\">\n<h2>Zewn\u0119trzny ha\u0142as toczenia \/ emisja ha\u0142asu<\/h2>\n<p style=\"margin: 15px 0; line-height: 1.8; clear: both; display: block; width: 100%; float: none; position: static;\">Klasa A przeznaczona jest dla najcichszych opon, B i C \u2013 dla g\u0142o\u015bniejszych. Wp\u0142ywa na komfort podr\u00f3\u017cowania samochodem. Ha\u0142as, kt\u00f3ry powstaje przy toczeniu si\u0119 opony jest wyra\u017cony w decybelach. Im ni\u017csza liczba tym cichsza opona.<\/p>\n<p style=\"margin: 15px 0; line-height: 1.8; clear: both; display: block; width: 100%; float: none; position: static;\">\n<\/div>\n<\/div>\n<div style=\"clear: both; display: block; margin: 10px 0;\">\n<div style=\"clear: both; display: block; margin: 10px 0;\">\n<div  style=\"max-width:426px;max-height:624px\">\n<div style=\"clear: both; display: block; margin: 10px 0;\">\n<div style=\"clear: both; width: 100%; display: block; margin: 20px 0; padding: 0; float: none; position: static; text-align: center;\"><img decoding=\"async\"  src=\"https:\/\/a.allegroimg.com\/original\/114980\/0e8198ab4417aee8ab503e762f94\/2x-opony-caloroczne-255-35R18-Pirelli-Cinturato-All-Season-SF3-Liczba-opon-w-ofercie-2-szt\" srcset=\"https:\/\/a.allegroimg.com\/original\/114980\/0e8198ab4417aee8ab503e762f94\/2x-opony-caloroczne-255-35R18-Pirelli-Cinturato-All-Season-SF3-Liczba-opon-w-ofercie-2-szt 245w,https:\/\/a.allegroimg.com\/original\/114980\/0e8198ab4417aee8ab503e762f94\/2x-opony-caloroczne-255-35R18-Pirelli-Cinturato-All-Season-SF3-Liczba-opon-w-ofercie-2-szt 426w,https:\/\/a.allegroimg.com\/original\/114980\/0e8198ab4417aee8ab503e762f94\/2x-opony-caloroczne-255-35R18-Pirelli-Cinturato-All-Season-SF3-Liczba-opon-w-ofercie-2-szt 426w\" sizes=\"(min-width: 1200px) 560px, (min-width: 992px) 50vw, 100vw\" width=\"426px\" alt=\"2x opony ca\u0142oroczne 255\/35R18 Pirelli Cinturato All Season SF3 Liczba opon w ofercie 2 szt.\"\/ style=\"max-width: 100%; height: auto; display: block; margin: 0 auto;\"><\/div>\n<\/div>\n<\/div>\n<\/div>\n<\/div>\n<\/div>\n<div style=\"clear: both; display: block; margin: 10px 0;\">\n<div style=\"clear: both; display: block; margin: 10px 0;\">\n<div style=\"clear: both; display: block; margin: 10px 0;\">\n<div  style=\"max-width:2000px;max-height:523px\">\n<div style=\"clear: both; display: block; margin: 10px 0;\">\n<div style=\"clear: both; width: 100%; display: block; margin: 20px 0; padding: 0; float: none; position: static; text-align: center;\"><img decoding=\"async\"  src=\"https:\/\/a.allegroimg.com\/original\/11c1b6\/84a822ca445a8f23c8f4f38769dd\/2x-opony-caloroczne-255-35R18-Pirelli-Cinturato-All-Season-SF3-Rok-produkcji-2024\" srcset=\"https:\/\/a.allegroimg.com\/original\/11c1b6\/84a822ca445a8f23c8f4f38769dd\/2x-opony-caloroczne-255-35R18-Pirelli-Cinturato-All-Season-SF3-Rok-produkcji-2024 360w,https:\/\/a.allegroimg.com\/original\/11c1b6\/84a822ca445a8f23c8f4f38769dd\/2x-opony-caloroczne-255-35R18-Pirelli-Cinturato-All-Season-SF3-Rok-produkcji-2024 720w,https:\/\/a.allegroimg.com\/original\/11c1b6\/84a822ca445a8f23c8f4f38769dd\/2x-opony-caloroczne-255-35R18-Pirelli-Cinturato-All-Season-SF3-Rok-produkcji-2024 1024w,https:\/\/a.allegroimg.com\/original\/11c1b6\/84a822ca445a8f23c8f4f38769dd\/2x-opony-caloroczne-255-35R18-Pirelli-Cinturato-All-Season-SF3-Rok-produkcji-2024 1440w,https:\/\/a.allegroimg.com\/original\/11c1b6\/84a822ca445a8f23c8f4f38769dd\/2x-opony-caloroczne-255-35R18-Pirelli-Cinturato-All-Season-SF3-Rok-produkcji-2024 2000w\" sizes=\"(min-width: 1200px) 560px, (min-width: 992px) 50vw, 100vw\" width=\"2000px\" alt=\"2x opony ca\u0142oroczne 255\/35R18 Pirelli Cinturato All Season SF3 Rok produkcji 2024\"\/ style=\"max-width: 100%; height: auto; display: block; margin: 0 auto;\"><\/div>\n<\/div>\n<\/div>\n<\/div>\n<\/div>\n<div style=\"clear: both; display: block; margin: 10px 0;\">\n<div style=\"clear: both; display: block; margin: 10px 0;\">\n<h2>O producencie<\/h2>\n<p style=\"margin: 15px 0; line-height: 1.8; clear: both; display: block; width: 100%; float: none; position: static;\">W\u0142oskie przedsi\u0119biorstwo specjalizuj\u0105ce si\u0119 w produkcji&nbsp;opon pneumatycznych. Za\u0142o\u017cy\u0142 je&nbsp;Giovanni Battista Pirelli&nbsp;w 1872 roku. Opony Pirelli niemal od zawsze kojarzone s\u0105 ze sportem. Pierwszym sukcesem by\u0142 rajd Pekin-Pary\u017c w 1907. Zwyci\u0119zcy wy\u015bcigu u\u017cywali w\u0142a\u015bnie opon tego przedsi\u0119biorstwa, co przynios\u0142o mu mi\u0119dzynarodow\u0105 s\u0142aw\u0119.<\/p>\n<p style=\"margin: 15px 0; line-height: 1.8; clear: both; display: block; width: 100%; float: none; position: static;\">Pirelli jest jednym z pi\u0119ciu najwi\u0119kszych przedsi\u0119biorstw na \u015bwiatowym rynku opon. G\u0142\u00f3wnymi produktami s\u0105 opony przeznaczone do&nbsp;samochod\u00f3w&nbsp;oraz&nbsp;motocykli. Przedsi\u0119biorstwo posiada zak\u0142ady produkcyjne w&nbsp;Stanach Zjednoczonych,&nbsp;Meksyku,&nbsp;Wielkiej Brytanii,&nbsp;Niemczech,&nbsp;Rosji,&nbsp;Rumunii,&nbsp;Chinach,&nbsp;Turcji,&nbsp;Egipcie,&nbsp;Argentynie,&nbsp;Brazylii,&nbsp;Wenezueli&nbsp;oraz we&nbsp;W\u0142oszech.<\/p>\n<p style=\"margin: 15px 0; line-height: 1.8; clear: both; display: block; width: 100%; float: none; position: static;\">Od 2011 roku Pirelli dostarcza opony zespo\u0142om&nbsp;Formu\u0142y 1.<\/p>\n<\/div>\n<\/div>\n<\/div>\n<\/div>\n<\/div>\n<\/div>\n<div style=\"clear: both; display: block; margin: 10px 0;\">\n","protected":false},"excerpt":{"rendered":"<p>Cechy Opony:<\/p>\n<p>Stan: Fabrycznie nowa<\/p>\n<p>Dystrybucja: Oficjalny dystrybutor w Polsce<\/p>\n<p>Sezon: ca\u0142oroczne<\/p>\n<p>Producent: Pirelli<\/p>\n<p>Bie\u017cnik: Cinturato All Season SF3<\/p>\n<p>Rozmiar: 255\/35R18<\/p>\n<p>Indeks no\u015bno\u015bci: 94<\/p>\n","protected":false},"featured_media":11908,"template":"","meta":{"_uag_custom_page_level_css":""},"product_brand":[433],"product_cat":[416,414,413,412],"product_tag":[],"class_list":{"0":"post-11907","1":"product","2":"type-product","3":"status-publish","4":"has-post-thumbnail","6":"product_brand-pirelli","7":"product_cat-caloroczne","8":"product_cat-do-samochodow-osobowych-i-suv","9":"product_cat-opony","10":"product_cat-opony-i-felgi","12":"first","13":"instock","14":"shipping-taxable","15":"purchasable","16":"product-type-simple"},"uagb_featured_image_src":{"full":["https:\/\/oponixo.shop\/tire\/wp-content\/uploads\/2026\/01\/allegro-image-11907.jpg",480,712,false],"thumbnail":["https:\/\/oponixo.shop\/tire\/wp-content\/uploads\/2026\/01\/allegro-image-11907-150x150.jpg",150,150,true],"medium":["https:\/\/oponixo.shop\/tire\/wp-content\/uploads\/2026\/01\/allegro-image-11907-202x300.jpg",202,300,true],"medium_large":["https:\/\/oponixo.shop\/tire\/wp-content\/uploads\/2026\/01\/allegro-image-11907.jpg",480,712,false],"large":["https:\/\/oponixo.shop\/tire\/wp-content\/uploads\/2026\/01\/allegro-image-11907.jpg",480,712,false],"1536x1536":["https:\/\/oponixo.shop\/tire\/wp-content\/uploads\/2026\/01\/allegro-image-11907.jpg",480,712,false],"2048x2048":["https:\/\/oponixo.shop\/tire\/wp-content\/uploads\/2026\/01\/allegro-image-11907.jpg",480,712,false],"woocommerce_thumbnail":["https:\/\/oponixo.shop\/tire\/wp-content\/uploads\/2026\/01\/allegro-image-11907-300x300.jpg",300,300,true],"woocommerce_single":["https:\/\/oponixo.shop\/tire\/wp-content\/uploads\/2026\/01\/allegro-image-11907.jpg",480,712,false],"woocommerce_gallery_thumbnail":["https:\/\/oponixo.shop\/tire\/wp-content\/uploads\/2026\/01\/allegro-image-11907-100x100.jpg",100,100,true]},"uagb_author_info":{"display_name":"admin","author_link":"https:\/\/oponixo.shop\/tire\/author\/"},"uagb_comment_info":0,"uagb_excerpt":"Cechy Opony: Stan: Fabrycznie nowa Dystrybucja: Oficjalny dystrybutor w Polsce Sezon: ca\u0142oroczne Producent: Pirelli Bie\u017cnik: Cinturato All Season SF3 Rozmiar: 255\/35R18 Indeks no\u015bno\u015bci: 94","_links":{"self":[{"href":"https:\/\/oponixo.shop\/tire\/wp-json\/wp\/v2\/product\/11907","targetHints":{"allow":["GET"]}}],"collection":[{"href":"https:\/\/oponixo.shop\/tire\/wp-json\/wp\/v2\/product"}],"about":[{"href":"https:\/\/oponixo.shop\/tire\/wp-json\/wp\/v2\/types\/product"}],"wp:featuredmedia":[{"embeddable":true,"href":"https:\/\/oponixo.shop\/tire\/wp-json\/wp\/v2\/media\/11908"}],"wp:attachment":[{"href":"https:\/\/oponixo.shop\/tire\/wp-json\/wp\/v2\/media?parent=11907"}],"wp:term":[{"taxonomy":"product_brand","embeddable":true,"href":"https:\/\/oponixo.shop\/tire\/wp-json\/wp\/v2\/product_brand?post=11907"},{"taxonomy":"product_cat","embeddable":true,"href":"https:\/\/oponixo.shop\/tire\/wp-json\/wp\/v2\/product_cat?post=11907"},{"taxonomy":"product_tag","embeddable":true,"href":"https:\/\/oponixo.shop\/tire\/wp-json\/wp\/v2\/product_tag?post=11907"}],"curies":[{"name":"wp","href":"https:\/\/api.w.org\/{rel}","templated":true}]}}