{"id":11929,"date":"2026-01-03T10:09:04","date_gmt":"2026-01-03T09:09:04","guid":{"rendered":"https:\/\/oponyexpert.shop\/xef5\/produkt\/4x-falken-eurowinter-hs01-245-55r17-102v-z353\/"},"modified":"2026-01-03T10:09:04","modified_gmt":"2026-01-03T09:09:04","slug":"4x-falken-eurowinter-hs01-245-55r17-102v-z353","status":"publish","type":"product","link":"https:\/\/oponixo.shop\/tire\/produkt\/4x-falken-eurowinter-hs01-245-55r17-102v-z353\/","title":{"rendered":"4x Falken EuroWinter HS01 245\/55R17 102V Z353"},"content":{"rendered":"<div style=\"font-family: Arial, sans-serif; line-height: 1.6; color: #333; padding: 20px; clear: both; display: block; width: 100%; float: none; position: static; overflow: hidden;\">\n<div style=\"clear: both; display: block; margin: 10px 0;\">\n<div style=\"clear: both; display: block; margin: 10px 0;\">\n<div style=\"clear: both; display: block; margin: 10px 0;\">\n<h1>Falken EuroWinter HS01<\/h1>\n<p style=\"margin: 15px 0; line-height: 1.8; clear: both; display: block; width: 100%; float: none; position: static;\">SZEROKO\u015a\u0106 OPONY &#8211; 245<\/p>\n<p style=\"margin: 15px 0; line-height: 1.8; clear: both; display: block; width: 100%; float: none; position: static;\">WYSOKO\u015a\u0106 OPONY &#8211; 55<\/p>\n<p style=\"margin: 15px 0; line-height: 1.8; clear: both; display: block; width: 100%; float: none; position: static;\">\u015aREDNICA &#8211; 17<\/p>\n<p style=\"margin: 15px 0; line-height: 1.8; clear: both; display: block; width: 100%; float: none; position: static;\">ROCZNIK &#8211; 2019<\/p>\n<p style=\"margin: 15px 0; line-height: 1.8; clear: both; display: block; width: 100%; float: none; position: static;\">MAGAZYN &#8211; Z353<\/p>\n<p style=\"margin: 15px 0; line-height: 1.8; clear: both; display: block; width: 100%; float: none; position: static;\">Opony s\u0105 nowe, ale nie posiadaj\u0105 etykiet!<\/p>\n<\/div>\n<\/div>\n<div style=\"clear: both; display: block; margin: 10px 0;\">\n<div style=\"clear: both; display: block; margin: 10px 0;\">\n<div  style=\"max-width:1200px;max-height:1200px\">\n<div style=\"clear: both; display: block; margin: 10px 0;\">\n<div style=\"clear: both; width: 100%; display: block; margin: 20px 0; padding: 0; float: none; position: static; text-align: center;\"><img decoding=\"async\"  src=\"https:\/\/9.allegroimg.com\/original\/00dacd\/5782f13e4b0b8ef4963db78b2b99\/4x-Falken-EuroWinter-HS01-245-55R17-102V-Z353\" srcset=\"https:\/\/9.allegroimg.com\/original\/00dacd\/5782f13e4b0b8ef4963db78b2b99\/4x-Falken-EuroWinter-HS01-245-55R17-102V-Z353 360w,https:\/\/9.allegroimg.com\/original\/00dacd\/5782f13e4b0b8ef4963db78b2b99\/4x-Falken-EuroWinter-HS01-245-55R17-102V-Z353 720w,https:\/\/9.allegroimg.com\/original\/00dacd\/5782f13e4b0b8ef4963db78b2b99\/4x-Falken-EuroWinter-HS01-245-55R17-102V-Z353 1024w,https:\/\/9.allegroimg.com\/original\/00dacd\/5782f13e4b0b8ef4963db78b2b99\/4x-Falken-EuroWinter-HS01-245-55R17-102V-Z353 1200w,https:\/\/9.allegroimg.com\/original\/00dacd\/5782f13e4b0b8ef4963db78b2b99\/4x-Falken-EuroWinter-HS01-245-55R17-102V-Z353 1200w\" sizes=\"(min-width: 1200px) 560px, (min-width: 992px) 50vw, 100vw\" width=\"1200px\" alt=\"4x Falken EuroWinter HS01 245\/55R17 102V Z353\"\/ style=\"max-width: 100%; height: auto; display: block; margin: 0 auto;\"><\/div>\n<\/div>\n<\/div>\n<\/div>\n<\/div>\n<\/div>\n<div style=\"clear: both; display: block; margin: 10px 0;\">\n<div style=\"clear: both; display: block; margin: 10px 0;\">\n<div style=\"clear: both; display: block; margin: 10px 0;\">\n<h3 style=\"color: #2c5aa0; font-size: 18px; margin: 30px 0 15px 0; font-weight: bold; clear: both; display: block; width: 100%; float: none; position: static;\">Przeznaczenie<\/h3>\n<p style=\"margin: 15px 0; line-height: 1.8; clear: both; display: block; width: 100%; float: none; position: static;\">Opony Falken EuroWinter HS01 to ogumienie zimowe przeznaczone do montowania na ko\u0142ach samochod\u00f3w osobowych. Producent opon EuroWinter HS01 po\u0142o\u017cy\u0142 nacisk na zapewnienie jak najlepszej przyczepno\u015bci i kr\u00f3tkiej drogi hamowania na zimowych drogach.<\/p>\n<h3 style=\"color: #2c5aa0; font-size: 18px; margin: 30px 0 15px 0; font-weight: bold; clear: both; display: block; width: 100%; float: none; position: static;\">Technologia<\/h3>\n<p style=\"margin: 15px 0; line-height: 1.8; clear: both; display: block; width: 100%; float: none; position: static;\">Zimowe opony samochodowe Falken EuroWinter HS01 wyprodukowano z nowoczesnej mieszanki gumowej 4D Nano Design Technology. Zadaniem mieszanki jest zapewnienie optymalnej przyczepno\u015bci na zimowych drogach dzi\u0119ki zachowaniu wysokiego stopnia elastyczno\u015bci gumy przy niskich temperaturach powietrza. Specjalny wz\u00f3r bie\u017cnika ma na celu ochron\u0119 przed aquaplaningiem. Zastosowano sztywne bloki bie\u017cnika i lamele Ori 3D poprawiaj\u0105ce trakcj\u0119 na \u015bniegu i mokrych nawierzchniach.<\/p>\n<h3 style=\"color: #2c5aa0; font-size: 18px; margin: 30px 0 15px 0; font-weight: bold; clear: both; display: block; width: 100%; float: none; position: static;\">Bie\u017cnik<\/h3>\n<p style=\"margin: 15px 0; line-height: 1.8; clear: both; display: block; width: 100%; float: none; position: static;\">Opony samochodowe Falken EuroWinter HS01 maj\u0105 szerokie rowki w kszta\u0142cie rozwartej litery V, \u0142\u0105cz\u0105ce barki opon. Definiuj\u0105 one kszta\u0142t klock\u00f3w pokrywaj\u0105cych ca\u0142\u0105 powierzchni\u0119 opony. Zastosowano tak\u017ce g\u0119st\u0105 sie\u0107 lamelek pokrywaj\u0105cych wszystkie wypuk\u0142e elementy bie\u017cnika.<\/p>\n<h3 style=\"color: #2c5aa0; font-size: 18px; margin: 30px 0 15px 0; font-weight: bold; clear: both; display: block; width: 100%; float: none; position: static;\">Producent<\/h3>\n<p style=\"margin: 15px 0; line-height: 1.8; clear: both; display: block; width: 100%; float: none; position: static;\">Falken to marka japo\u0144skich opon przeznaczonych przede wszystkim do samochod\u00f3w o wy\u017cszych osi\u0105gach, usportowionych, sportowych, a tak\u017ce wyczynowych. Falken to cz\u0119\u015b\u0107 koncernu Sumitomo Rubber Industries. Marka Falken powsta\u0142a w 1983 roku. Opony zadebiutowa\u0142y na rynku japo\u0144skim. W 1985 roku rozpocz\u0119\u0142a si\u0119 ekspansja na rynku ameryka\u0144skim. Marka Falken by\u0142a cz\u0119sto organizatorem wy\u015bcig\u00f3w samochodowych. Obecnie pod mark\u0105 Falken produkowane s\u0105 opony do pojazd\u00f3w usportowionych i wy\u015bcigowych, a tak\u017ce do SUV-\u00f3w, samochod\u00f3w dostawczych i ci\u0119\u017carowych.<\/p>\n<\/div>\n<\/div>\n<\/div>\n<div style=\"clear: both; display: block; margin: 10px 0;\">\n<div style=\"clear: both; display: block; margin: 10px 0;\">\n<div style=\"clear: both; display: block; margin: 10px 0;\">\n<div  style=\"max-width:1200px;max-height:1200px\">\n<div style=\"clear: both; display: block; margin: 10px 0;\">\n<div style=\"clear: both; width: 100%; display: block; margin: 20px 0; padding: 0; float: none; position: static; text-align: center;\"><img decoding=\"async\"  src=\"https:\/\/9.allegroimg.com\/original\/00dacd\/5782f13e4b0b8ef4963db78b2b99\/4x-Falken-EuroWinter-HS01-245-55R17-102V-Z353\" srcset=\"https:\/\/9.allegroimg.com\/original\/00dacd\/5782f13e4b0b8ef4963db78b2b99\/4x-Falken-EuroWinter-HS01-245-55R17-102V-Z353 360w,https:\/\/9.allegroimg.com\/original\/00dacd\/5782f13e4b0b8ef4963db78b2b99\/4x-Falken-EuroWinter-HS01-245-55R17-102V-Z353 720w,https:\/\/9.allegroimg.com\/original\/00dacd\/5782f13e4b0b8ef4963db78b2b99\/4x-Falken-EuroWinter-HS01-245-55R17-102V-Z353 1024w,https:\/\/9.allegroimg.com\/original\/00dacd\/5782f13e4b0b8ef4963db78b2b99\/4x-Falken-EuroWinter-HS01-245-55R17-102V-Z353 1200w,https:\/\/9.allegroimg.com\/original\/00dacd\/5782f13e4b0b8ef4963db78b2b99\/4x-Falken-EuroWinter-HS01-245-55R17-102V-Z353 1200w\" sizes=\"100vw\" width=\"1200px\" alt=\"4x Falken EuroWinter HS01 245\/55R17 102V Z353\"\/ style=\"max-width: 100%; height: auto; display: block; margin: 0 auto;\"><\/div>\n<\/div>\n<\/div>\n<\/div>\n<\/div>\n<\/div>\n<\/div>\n<\/div>\n<\/div>\n<div style=\"clear: both; display: block; margin: 10px 0;\">\n","protected":false},"excerpt":{"rendered":"<p>Falken EuroWinter HS01<\/p>\n<p>SZEROKO\u015a\u0106 OPONY &#8211; 245<\/p>\n<p>WYSOKO\u015a\u0106 OPONY &#8211; 55<\/p>\n<p>\u015aREDNICA &#8211; 17<\/p>\n<p>ROCZNIK &#8211; 2019<\/p>\n<p>MAGAZYN &#8211; Z353<\/p>\n<p>Opony s\u0105 nowe, ale nie posiadaj\u0105 etykiet!<\/p>\n<p>Przeznaczenie<\/p>\n","protected":false},"featured_media":11930,"template":"","meta":{"_uag_custom_page_level_css":""},"product_brand":[451],"product_cat":[414,413,412,415],"product_tag":[],"class_list":{"0":"post-11929","1":"product","2":"type-product","3":"status-publish","4":"has-post-thumbnail","6":"product_brand-falken","7":"product_cat-do-samochodow-osobowych-i-suv","8":"product_cat-opony","9":"product_cat-opony-i-felgi","10":"product_cat-zimowe","12":"first","13":"instock","14":"shipping-taxable","15":"purchasable","16":"product-type-simple"},"uagb_featured_image_src":{"full":["https:\/\/oponixo.shop\/tire\/wp-content\/uploads\/2026\/01\/allegro-image-11929.jpg",1200,1200,false],"thumbnail":["https:\/\/oponixo.shop\/tire\/wp-content\/uploads\/2026\/01\/allegro-image-11929-150x150.jpg",150,150,true],"medium":["https:\/\/oponixo.shop\/tire\/wp-content\/uploads\/2026\/01\/allegro-image-11929-300x300.jpg",300,300,true],"medium_large":["https:\/\/oponixo.shop\/tire\/wp-content\/uploads\/2026\/01\/allegro-image-11929-768x768.jpg",768,768,true],"large":["https:\/\/oponixo.shop\/tire\/wp-content\/uploads\/2026\/01\/allegro-image-11929-1024x1024.jpg",1024,1024,true],"1536x1536":["https:\/\/oponixo.shop\/tire\/wp-content\/uploads\/2026\/01\/allegro-image-11929.jpg",1200,1200,false],"2048x2048":["https:\/\/oponixo.shop\/tire\/wp-content\/uploads\/2026\/01\/allegro-image-11929.jpg",1200,1200,false],"woocommerce_thumbnail":["https:\/\/oponixo.shop\/tire\/wp-content\/uploads\/2026\/01\/allegro-image-11929-300x300.jpg",300,300,true],"woocommerce_single":["https:\/\/oponixo.shop\/tire\/wp-content\/uploads\/2026\/01\/allegro-image-11929-600x600.jpg",600,600,true],"woocommerce_gallery_thumbnail":["https:\/\/oponixo.shop\/tire\/wp-content\/uploads\/2026\/01\/allegro-image-11929-100x100.jpg",100,100,true]},"uagb_author_info":{"display_name":"admin","author_link":"https:\/\/oponixo.shop\/tire\/author\/"},"uagb_comment_info":0,"uagb_excerpt":"Falken EuroWinter HS01 SZEROKO\u015a\u0106 OPONY - 245 WYSOKO\u015a\u0106 OPONY - 55 \u015aREDNICA - 17 ROCZNIK - 2019 MAGAZYN - Z353 Opony s\u0105 nowe, ale nie posiadaj\u0105 etykiet! Przeznaczenie","_links":{"self":[{"href":"https:\/\/oponixo.shop\/tire\/wp-json\/wp\/v2\/product\/11929","targetHints":{"allow":["GET"]}}],"collection":[{"href":"https:\/\/oponixo.shop\/tire\/wp-json\/wp\/v2\/product"}],"about":[{"href":"https:\/\/oponixo.shop\/tire\/wp-json\/wp\/v2\/types\/product"}],"wp:featuredmedia":[{"embeddable":true,"href":"https:\/\/oponixo.shop\/tire\/wp-json\/wp\/v2\/media\/11930"}],"wp:attachment":[{"href":"https:\/\/oponixo.shop\/tire\/wp-json\/wp\/v2\/media?parent=11929"}],"wp:term":[{"taxonomy":"product_brand","embeddable":true,"href":"https:\/\/oponixo.shop\/tire\/wp-json\/wp\/v2\/product_brand?post=11929"},{"taxonomy":"product_cat","embeddable":true,"href":"https:\/\/oponixo.shop\/tire\/wp-json\/wp\/v2\/product_cat?post=11929"},{"taxonomy":"product_tag","embeddable":true,"href":"https:\/\/oponixo.shop\/tire\/wp-json\/wp\/v2\/product_tag?post=11929"}],"curies":[{"name":"wp","href":"https:\/\/api.w.org\/{rel}","templated":true}]}}