{"id":11931,"date":"2026-01-03T10:09:04","date_gmt":"2026-01-03T09:09:04","guid":{"rendered":"https:\/\/oponyexpert.shop\/xef5\/produkt\/2x-opony-caloroczne-245-55r17-goodyear-vector-4seasons-gen-3\/"},"modified":"2026-01-03T10:09:05","modified_gmt":"2026-01-03T09:09:05","slug":"2x-opony-caloroczne-245-55r17-goodyear-vector-4seasons-gen-3","status":"publish","type":"product","link":"https:\/\/oponixo.shop\/tire\/produkt\/2x-opony-caloroczne-245-55r17-goodyear-vector-4seasons-gen-3\/","title":{"rendered":"2x opony ca\u0142oroczne 245\/55R17 Goodyear VECTOR 4SEASONS GEN-3"},"content":{"rendered":"<div style=\"font-family: Arial, sans-serif; line-height: 1.6; color: #333; padding: 20px; clear: both; display: block; width: 100%; float: none; position: static; overflow: hidden;\">\n<div style=\"clear: both; display: block; margin: 10px 0;\">\n<div style=\"clear: both; display: block; margin: 10px 0;\">\n<div style=\"clear: both; display: block; margin: 10px 0;\">\n<div  style=\"max-width:2560px;max-height:637px\">\n<div style=\"clear: both; display: block; margin: 10px 0;\">\n<div style=\"clear: both; width: 100%; display: block; margin: 20px 0; padding: 0; float: none; position: static; text-align: center;\"><img decoding=\"async\"  src=\"https:\/\/a.allegroimg.com\/original\/117978\/8a82b45e4e38b45e6aea6eadc289\/2x-opony-caloroczne-245-55R17-Goodyear-VECTOR-4SEASONS-GEN-3-Rok-produkcji-2024\" srcset=\"https:\/\/a.allegroimg.com\/original\/117978\/8a82b45e4e38b45e6aea6eadc289\/2x-opony-caloroczne-245-55R17-Goodyear-VECTOR-4SEASONS-GEN-3-Rok-produkcji-2024 360w,https:\/\/a.allegroimg.com\/original\/117978\/8a82b45e4e38b45e6aea6eadc289\/2x-opony-caloroczne-245-55R17-Goodyear-VECTOR-4SEASONS-GEN-3-Rok-produkcji-2024 720w,https:\/\/a.allegroimg.com\/original\/117978\/8a82b45e4e38b45e6aea6eadc289\/2x-opony-caloroczne-245-55R17-Goodyear-VECTOR-4SEASONS-GEN-3-Rok-produkcji-2024 1024w,https:\/\/a.allegroimg.com\/original\/117978\/8a82b45e4e38b45e6aea6eadc289\/2x-opony-caloroczne-245-55R17-Goodyear-VECTOR-4SEASONS-GEN-3-Rok-produkcji-2024 1440w,https:\/\/a.allegroimg.com\/original\/117978\/8a82b45e4e38b45e6aea6eadc289\/2x-opony-caloroczne-245-55R17-Goodyear-VECTOR-4SEASONS-GEN-3-Rok-produkcji-2024 2560w\" sizes=\"100vw\" width=\"2560px\" alt=\"2x opony ca\u0142oroczne 245\/55R17 Goodyear VECTOR 4SEASONS GEN-3 Rok produkcji 2024\"\/ style=\"max-width: 100%; height: auto; display: block; margin: 0 auto;\"><\/div>\n<\/div>\n<\/div>\n<\/div>\n<\/div>\n<\/div>\n<div style=\"clear: both; display: block; margin: 10px 0;\">\n<div style=\"clear: both; display: block; margin: 10px 0;\">\n<div style=\"clear: both; display: block; margin: 10px 0;\">\n<div  style=\"max-width:754px;max-height:1094px\">\n<div style=\"clear: both; display: block; margin: 10px 0;\">\n<div style=\"clear: both; width: 100%; display: block; margin: 20px 0; padding: 0; float: none; position: static; text-align: center;\"><img decoding=\"async\"  src=\"https:\/\/a.allegroimg.com\/original\/11f154\/7e383d9040c395a6c1cec178819f\/2x-opony-caloroczne-245-55R17-Goodyear-VECTOR-4SEASONS-GEN-3\" srcset=\"https:\/\/a.allegroimg.com\/original\/11f154\/7e383d9040c395a6c1cec178819f\/2x-opony-caloroczne-245-55R17-Goodyear-VECTOR-4SEASONS-GEN-3 248w,https:\/\/a.allegroimg.com\/original\/11f154\/7e383d9040c395a6c1cec178819f\/2x-opony-caloroczne-245-55R17-Goodyear-VECTOR-4SEASONS-GEN-3 496w,https:\/\/a.allegroimg.com\/original\/11f154\/7e383d9040c395a6c1cec178819f\/2x-opony-caloroczne-245-55R17-Goodyear-VECTOR-4SEASONS-GEN-3 705w,https:\/\/a.allegroimg.com\/original\/11f154\/7e383d9040c395a6c1cec178819f\/2x-opony-caloroczne-245-55R17-Goodyear-VECTOR-4SEASONS-GEN-3 754w,https:\/\/a.allegroimg.com\/original\/11f154\/7e383d9040c395a6c1cec178819f\/2x-opony-caloroczne-245-55R17-Goodyear-VECTOR-4SEASONS-GEN-3 754w\" sizes=\"(min-width: 1200px) 560px, (min-width: 992px) 50vw, 100vw\" width=\"754px\" alt=\"2x opony ca\u0142oroczne 245\/55R17 Goodyear VECTOR 4SEASONS GEN-3\"\/ style=\"max-width: 100%; height: auto; display: block; margin: 0 auto;\"><\/div>\n<\/div>\n<\/div>\n<\/div>\n<\/div>\n<div style=\"clear: both; display: block; margin: 10px 0;\">\n<div style=\"clear: both; display: block; margin: 10px 0;\">\n<h1>Cechy Opony:<\/h1>\n<ul style=\"margin: 15px 0; padding-left: 20px; clear: both; display: block; width: 100%; float: none; position: static;\">\n<li style=\"margin: 5px 0; padding: 2px 0; clear: both; display: list-item; float: none; position: static;\">Stan: <b>Fabrycznie nowa<\/b><\/li>\n<\/ul>\n<ul style=\"margin: 15px 0; padding-left: 20px; clear: both; display: block; width: 100%; float: none; position: static;\">\n<li style=\"margin: 5px 0; padding: 2px 0; clear: both; display: list-item; float: none; position: static;\">Dystrybucja: <b>Oficjalny dystrybutor w Polsce<\/b><\/li>\n<\/ul>\n<ul style=\"margin: 15px 0; padding-left: 20px; clear: both; display: block; width: 100%; float: none; position: static;\">\n<li style=\"margin: 5px 0; padding: 2px 0; clear: both; display: list-item; float: none; position: static;\">Sezon: <b>ca\u0142oroczne<\/b><\/li>\n<\/ul>\n<ul style=\"margin: 15px 0; padding-left: 20px; clear: both; display: block; width: 100%; float: none; position: static;\">\n<li style=\"margin: 5px 0; padding: 2px 0; clear: both; display: list-item; float: none; position: static;\">Producent: <b>Goodyear<\/b><\/li>\n<\/ul>\n<ul style=\"margin: 15px 0; padding-left: 20px; clear: both; display: block; width: 100%; float: none; position: static;\">\n<li style=\"margin: 5px 0; padding: 2px 0; clear: both; display: list-item; float: none; position: static;\">Bie\u017cnik: <b>VECTOR 4SEASONS GEN-3<\/b><\/li>\n<\/ul>\n<ul style=\"margin: 15px 0; padding-left: 20px; clear: both; display: block; width: 100%; float: none; position: static;\">\n<li style=\"margin: 5px 0; padding: 2px 0; clear: both; display: list-item; float: none; position: static;\">Rozmiar: <b>245\/55R17<\/b><\/li>\n<\/ul>\n<ul style=\"margin: 15px 0; padding-left: 20px; clear: both; display: block; width: 100%; float: none; position: static;\">\n<li style=\"margin: 5px 0; padding: 2px 0; clear: both; display: list-item; float: none; position: static;\">Indeks no\u015bno\u015bci: <b>106<\/b><\/li>\n<\/ul>\n<ul style=\"margin: 15px 0; padding-left: 20px; clear: both; display: block; width: 100%; float: none; position: static;\">\n<li style=\"margin: 5px 0; padding: 2px 0; clear: both; display: list-item; float: none; position: static;\">Indeks pr\u0119dko\u015bci: <b>H<\/b><\/li>\n<\/ul>\n<ul style=\"margin: 15px 0; padding-left: 20px; clear: both; display: block; width: 100%; float: none; position: static;\">\n<li style=\"margin: 5px 0; padding: 2px 0; clear: both; display: list-item; float: none; position: static;\">Rok produkcji:<b> 2025\/2024 &#8211; Decyduj\u0105c si\u0119 na zakup z tej oferty, otrzymasz fabrycznie nowe, pe\u0142nowarto\u015bciowe opony, wyprodukowane w bie\u017c\u0105cym lub poprzednim roku kalendarzowym.<\/b><\/li>\n<\/ul>\n<ul style=\"margin: 15px 0; padding-left: 20px; clear: both; display: block; width: 100%; float: none; position: static;\">\n<li style=\"margin: 5px 0; padding: 2px 0; clear: both; display: list-item; float: none; position: static;\">EAN: <b>4038526389220<\/b><\/li>\n<\/ul>\n<ul style=\"margin: 15px 0; padding-left: 20px; clear: both; display: block; width: 100%; float: none; position: static;\">\n<li style=\"margin: 5px 0; padding: 2px 0; clear: both; display: list-item; float: none; position: static;\">Wzmocniona konstrukcja (XL): <b>Tak<\/b><\/li>\n<\/ul><\/div>\n<\/div>\n<\/div>\n<div style=\"clear: both; display: block; margin: 10px 0;\">\n<div style=\"clear: both; display: block; margin: 10px 0;\">\n<div style=\"clear: both; display: block; margin: 10px 0;\">\n<h2>Zu\u017cycie paliwa \/ opory toczenia<\/h2>\n<p style=\"margin: 15px 0; line-height: 1.8; clear: both; display: block; width: 100%; float: none; position: static;\">Klasa A okre\u015bla opony o najmniejszych oporach toczenia, klasa E o najwi\u0119kszych. Op\u00f3r toczenia wp\u0142ywa na zu\u017cycie paliwa oraz emisj\u0119 spalin przez samoch\u00f3d. Im ni\u017cszy op\u00f3r toczenia, tym wi\u0119ksza oszcz\u0119dno\u015b\u0107 paliwa i mniejszy wp\u0142yw na \u015brodowisko.<\/p>\n<p style=\"margin: 15px 0; line-height: 1.8; clear: both; display: block; width: 100%; float: none; position: static;\">\n<h2>Przyczepno\u015b\u0107 na mokrej nawierzchni \/ droga hamowania<\/h2>\n<p style=\"margin: 15px 0; line-height: 1.8; clear: both; display: block; width: 100%; float: none; position: static;\">Klasa A oznacza najkr\u00f3tsz\u0105, a E najd\u0142u\u017csz\u0105 drog\u0119 hamowania na mokrej nawierzchni. Parametr ten zwi\u0105zany jest z przyczepno\u015bci\u0105 opony podczas jazdy po mokrej drodze, co ma znaczenie dla bezpiecze\u0144stwa podr\u00f3\u017cowania. Im wy\u017csza klasa, tym lepsze w\u0142a\u015bciwo\u015bci ogumienia.<\/p>\n<p style=\"margin: 15px 0; line-height: 1.8; clear: both; display: block; width: 100%; float: none; position: static;\">\n<h2>Zewn\u0119trzny ha\u0142as toczenia \/ emisja ha\u0142asu<\/h2>\n<p style=\"margin: 15px 0; line-height: 1.8; clear: both; display: block; width: 100%; float: none; position: static;\">Klasa A przeznaczona jest dla najcichszych opon, B i C \u2013 dla g\u0142o\u015bniejszych. Wp\u0142ywa na komfort podr\u00f3\u017cowania samochodem. Ha\u0142as, kt\u00f3ry powstaje przy toczeniu si\u0119 opony jest wyra\u017cony w decybelach. Im ni\u017csza liczba tym cichsza opona.<\/p>\n<p style=\"margin: 15px 0; line-height: 1.8; clear: both; display: block; width: 100%; float: none; position: static;\">\n<\/div>\n<\/div>\n<div style=\"clear: both; display: block; margin: 10px 0;\">\n<div style=\"clear: both; display: block; margin: 10px 0;\">\n<div  style=\"max-width:738px;max-height:1082px\">\n<div style=\"clear: both; display: block; margin: 10px 0;\">\n<div style=\"clear: both; width: 100%; display: block; margin: 20px 0; padding: 0; float: none; position: static; text-align: center;\"><img decoding=\"async\"  src=\"https:\/\/a.allegroimg.com\/original\/1145af\/7a8613274eb7990f16fb4e01a715\/2x-opony-caloroczne-245-55R17-Goodyear-VECTOR-4SEASONS-GEN-3-Liczba-opon-w-ofercie-2-szt\" srcset=\"https:\/\/a.allegroimg.com\/original\/1145af\/7a8613274eb7990f16fb4e01a715\/2x-opony-caloroczne-245-55R17-Goodyear-VECTOR-4SEASONS-GEN-3-Liczba-opon-w-ofercie-2-szt 245w,https:\/\/a.allegroimg.com\/original\/1145af\/7a8613274eb7990f16fb4e01a715\/2x-opony-caloroczne-245-55R17-Goodyear-VECTOR-4SEASONS-GEN-3-Liczba-opon-w-ofercie-2-szt 491w,https:\/\/a.allegroimg.com\/original\/1145af\/7a8613274eb7990f16fb4e01a715\/2x-opony-caloroczne-245-55R17-Goodyear-VECTOR-4SEASONS-GEN-3-Liczba-opon-w-ofercie-2-szt 698w,https:\/\/a.allegroimg.com\/original\/1145af\/7a8613274eb7990f16fb4e01a715\/2x-opony-caloroczne-245-55R17-Goodyear-VECTOR-4SEASONS-GEN-3-Liczba-opon-w-ofercie-2-szt 738w,https:\/\/a.allegroimg.com\/original\/1145af\/7a8613274eb7990f16fb4e01a715\/2x-opony-caloroczne-245-55R17-Goodyear-VECTOR-4SEASONS-GEN-3-Liczba-opon-w-ofercie-2-szt 738w\" sizes=\"(min-width: 1200px) 560px, (min-width: 992px) 50vw, 100vw\" width=\"738px\" alt=\"2x opony ca\u0142oroczne 245\/55R17 Goodyear VECTOR 4SEASONS GEN-3 Liczba opon w ofercie 2 szt.\"\/ style=\"max-width: 100%; height: auto; display: block; margin: 0 auto;\"><\/div>\n<\/div>\n<\/div>\n<\/div>\n<\/div>\n<\/div>\n<div style=\"clear: both; display: block; margin: 10px 0;\">\n<div style=\"clear: both; display: block; margin: 10px 0;\">\n<div style=\"clear: both; display: block; margin: 10px 0;\">\n<div  style=\"max-width:2560px;max-height:637px\">\n<div style=\"clear: both; display: block; margin: 10px 0;\">\n<div style=\"clear: both; width: 100%; display: block; margin: 20px 0; padding: 0; float: none; position: static; text-align: center;\"><img decoding=\"async\"  src=\"https:\/\/a.allegroimg.com\/original\/117978\/8a82b45e4e38b45e6aea6eadc289\/2x-opony-caloroczne-245-55R17-Goodyear-VECTOR-4SEASONS-GEN-3-Rok-produkcji-2024\" srcset=\"https:\/\/a.allegroimg.com\/original\/117978\/8a82b45e4e38b45e6aea6eadc289\/2x-opony-caloroczne-245-55R17-Goodyear-VECTOR-4SEASONS-GEN-3-Rok-produkcji-2024 360w,https:\/\/a.allegroimg.com\/original\/117978\/8a82b45e4e38b45e6aea6eadc289\/2x-opony-caloroczne-245-55R17-Goodyear-VECTOR-4SEASONS-GEN-3-Rok-produkcji-2024 720w,https:\/\/a.allegroimg.com\/original\/117978\/8a82b45e4e38b45e6aea6eadc289\/2x-opony-caloroczne-245-55R17-Goodyear-VECTOR-4SEASONS-GEN-3-Rok-produkcji-2024 1024w,https:\/\/a.allegroimg.com\/original\/117978\/8a82b45e4e38b45e6aea6eadc289\/2x-opony-caloroczne-245-55R17-Goodyear-VECTOR-4SEASONS-GEN-3-Rok-produkcji-2024 1440w,https:\/\/a.allegroimg.com\/original\/117978\/8a82b45e4e38b45e6aea6eadc289\/2x-opony-caloroczne-245-55R17-Goodyear-VECTOR-4SEASONS-GEN-3-Rok-produkcji-2024 2560w\" sizes=\"(min-width: 1200px) 560px, (min-width: 992px) 50vw, 100vw\" width=\"2560px\" alt=\"2x opony ca\u0142oroczne 245\/55R17 Goodyear VECTOR 4SEASONS GEN-3 Rok produkcji 2024\"\/ style=\"max-width: 100%; height: auto; display: block; margin: 0 auto;\"><\/div>\n<\/div>\n<\/div>\n<\/div>\n<\/div>\n<div style=\"clear: both; display: block; margin: 10px 0;\">\n<div style=\"clear: both; display: block; margin: 10px 0;\">\n<h2>O producencie<\/h2>\n<p style=\"margin: 15px 0; line-height: 1.8; clear: both; display: block; width: 100%; float: none; position: static;\"><b>Goodyear Tire and Rubber Company<\/b>&nbsp;\u2013 trzeci pod wzgl\u0119dem wielko\u015bci producent&nbsp;opon&nbsp;i&nbsp;gumy. Koncern produkuje opony na potrzeby&nbsp;przemys\u0142u samochodowego,&nbsp;lotniczego, sport\u00f3w motorowych, ci\u0119\u017ckich maszyn przemys\u0142owych. G\u0142\u00f3wna siedziba znajduje si\u0119 w&nbsp;Akron&nbsp;w stanie&nbsp;Ohio.<\/p>\n<p style=\"margin: 15px 0; line-height: 1.8; clear: both; display: block; width: 100%; float: none; position: static;\">Na rynek samochodowy koncern dostarcza opony pod markami: Goodyear,&nbsp;D\u0119bica,&nbsp;Dunlop, Fulda i Sava.<\/p>\n<p style=\"margin: 15px 0; line-height: 1.8; clear: both; display: block; width: 100%; float: none; position: static;\">Koncern zosta\u0142 za\u0142o\u017cony w 1898 roku przez&nbsp;Franka Seiberlinga, a jego nazwa pochodzi od nazwiska znanego ameryka\u0144skiego wynalazcy&nbsp;Charlesa Goodyeara.<\/p>\n<p style=\"margin: 15px 0; line-height: 1.8; clear: both; display: block; width: 100%; float: none; position: static;\">Nazwa Goodyear znana jest tak\u017ce na \u015bwiecie ze s\u0142awnych&nbsp;sterowc\u00f3w&nbsp;Goodyear.<\/p>\n<\/div>\n<\/div>\n<\/div>\n<\/div>\n<\/div>\n<\/div>\n<div style=\"clear: both; display: block; margin: 10px 0;\">\n","protected":false},"excerpt":{"rendered":"<p>Cechy Opony:<\/p>\n<p>Stan: Fabrycznie nowa<\/p>\n<p>Dystrybucja: Oficjalny dystrybutor w Polsce<\/p>\n<p>Sezon: ca\u0142oroczne<\/p>\n<p>Producent: Goodyear<\/p>\n<p>Bie\u017cnik: VECTOR 4SEASONS GEN-3<\/p>\n<p>Rozmiar: 245\/55R17<\/p>\n<p>Indeks no\u015bno\u015bci: 106<\/p>\n","protected":false},"featured_media":11932,"template":"","meta":{"_uag_custom_page_level_css":""},"product_brand":[437],"product_cat":[416,414,413,412],"product_tag":[],"class_list":{"0":"post-11931","1":"product","2":"type-product","3":"status-publish","4":"has-post-thumbnail","6":"product_brand-goodyear","7":"product_cat-caloroczne","8":"product_cat-do-samochodow-osobowych-i-suv","9":"product_cat-opony","10":"product_cat-opony-i-felgi","12":"first","13":"instock","14":"shipping-taxable","15":"purchasable","16":"product-type-simple"},"uagb_featured_image_src":{"full":["https:\/\/oponixo.shop\/tire\/wp-content\/uploads\/2026\/01\/allegro-image-11931.jpg",754,1094,false],"thumbnail":["https:\/\/oponixo.shop\/tire\/wp-content\/uploads\/2026\/01\/allegro-image-11931-150x150.jpg",150,150,true],"medium":["https:\/\/oponixo.shop\/tire\/wp-content\/uploads\/2026\/01\/allegro-image-11931-207x300.jpg",207,300,true],"medium_large":["https:\/\/oponixo.shop\/tire\/wp-content\/uploads\/2026\/01\/allegro-image-11931.jpg",754,1094,false],"large":["https:\/\/oponixo.shop\/tire\/wp-content\/uploads\/2026\/01\/allegro-image-11931-706x1024.jpg",706,1024,true],"1536x1536":["https:\/\/oponixo.shop\/tire\/wp-content\/uploads\/2026\/01\/allegro-image-11931.jpg",754,1094,false],"2048x2048":["https:\/\/oponixo.shop\/tire\/wp-content\/uploads\/2026\/01\/allegro-image-11931.jpg",754,1094,false],"woocommerce_thumbnail":["https:\/\/oponixo.shop\/tire\/wp-content\/uploads\/2026\/01\/allegro-image-11931-300x300.jpg",300,300,true],"woocommerce_single":["https:\/\/oponixo.shop\/tire\/wp-content\/uploads\/2026\/01\/allegro-image-11931-600x871.jpg",600,871,true],"woocommerce_gallery_thumbnail":["https:\/\/oponixo.shop\/tire\/wp-content\/uploads\/2026\/01\/allegro-image-11931-100x100.jpg",100,100,true]},"uagb_author_info":{"display_name":"admin","author_link":"https:\/\/oponixo.shop\/tire\/author\/"},"uagb_comment_info":0,"uagb_excerpt":"Cechy Opony: Stan: Fabrycznie nowa Dystrybucja: Oficjalny dystrybutor w Polsce Sezon: ca\u0142oroczne Producent: Goodyear Bie\u017cnik: VECTOR 4SEASONS GEN-3 Rozmiar: 245\/55R17 Indeks no\u015bno\u015bci: 106","_links":{"self":[{"href":"https:\/\/oponixo.shop\/tire\/wp-json\/wp\/v2\/product\/11931","targetHints":{"allow":["GET"]}}],"collection":[{"href":"https:\/\/oponixo.shop\/tire\/wp-json\/wp\/v2\/product"}],"about":[{"href":"https:\/\/oponixo.shop\/tire\/wp-json\/wp\/v2\/types\/product"}],"wp:featuredmedia":[{"embeddable":true,"href":"https:\/\/oponixo.shop\/tire\/wp-json\/wp\/v2\/media\/11932"}],"wp:attachment":[{"href":"https:\/\/oponixo.shop\/tire\/wp-json\/wp\/v2\/media?parent=11931"}],"wp:term":[{"taxonomy":"product_brand","embeddable":true,"href":"https:\/\/oponixo.shop\/tire\/wp-json\/wp\/v2\/product_brand?post=11931"},{"taxonomy":"product_cat","embeddable":true,"href":"https:\/\/oponixo.shop\/tire\/wp-json\/wp\/v2\/product_cat?post=11931"},{"taxonomy":"product_tag","embeddable":true,"href":"https:\/\/oponixo.shop\/tire\/wp-json\/wp\/v2\/product_tag?post=11931"}],"curies":[{"name":"wp","href":"https:\/\/api.w.org\/{rel}","templated":true}]}}