{"id":11947,"date":"2026-01-03T10:09:08","date_gmt":"2026-01-03T09:09:08","guid":{"rendered":"https:\/\/oponyexpert.shop\/xef5\/produkt\/2x-bridgestone-blizzak-6-325-35r22-114w-xl-fr\/"},"modified":"2026-01-03T10:09:09","modified_gmt":"2026-01-03T09:09:09","slug":"2x-bridgestone-blizzak-6-325-35r22-114w-xl-fr","status":"publish","type":"product","link":"https:\/\/oponixo.shop\/tire\/produkt\/2x-bridgestone-blizzak-6-325-35r22-114w-xl-fr\/","title":{"rendered":"2x Bridgestone Blizzak 6 325\/35R22 114W XL FR"},"content":{"rendered":"<div style=\"font-family: Arial, sans-serif; line-height: 1.6; color: #333; padding: 20px; clear: both; display: block; width: 100%; float: none; position: static; overflow: hidden;\">\n<div style=\"clear: both; display: block; margin: 10px 0;\">\n<div style=\"clear: both; display: block; margin: 10px 0;\">\n<div style=\"clear: both; display: block; margin: 10px 0;\">\n<div  style=\"max-width:980px;max-height:56px\">\n<div style=\"clear: both; display: block; margin: 10px 0;\">\n<div style=\"clear: both; width: 100%; display: block; margin: 20px 0; padding: 0; float: none; position: static; text-align: center;\"><img decoding=\"async\"  src=\"https:\/\/a.allegroimg.com\/original\/1195ec\/9224a2cc4da6a117b6781e1d03fc\/2x-Bridgestone-Blizzak-6-325-35R22-114W-XL-FR-Marka-Bridgestone\" srcset=\"https:\/\/a.allegroimg.com\/original\/1195ec\/9224a2cc4da6a117b6781e1d03fc\/2x-Bridgestone-Blizzak-6-325-35R22-114W-XL-FR-Marka-Bridgestone 360w,https:\/\/a.allegroimg.com\/original\/1195ec\/9224a2cc4da6a117b6781e1d03fc\/2x-Bridgestone-Blizzak-6-325-35R22-114W-XL-FR-Marka-Bridgestone 720w,https:\/\/a.allegroimg.com\/original\/1195ec\/9224a2cc4da6a117b6781e1d03fc\/2x-Bridgestone-Blizzak-6-325-35R22-114W-XL-FR-Marka-Bridgestone 980w,https:\/\/a.allegroimg.com\/original\/1195ec\/9224a2cc4da6a117b6781e1d03fc\/2x-Bridgestone-Blizzak-6-325-35R22-114W-XL-FR-Marka-Bridgestone 980w\" sizes=\"100vw\" width=\"980px\" alt=\"2x Bridgestone Blizzak 6 325\/35R22 114W XL FR Marka Bridgestone\"\/ style=\"max-width: 100%; height: auto; display: block; margin: 0 auto;\"><\/div>\n<\/div>\n<\/div>\n<\/div>\n<\/div>\n<\/div>\n<div style=\"clear: both; display: block; margin: 10px 0;\">\n<div style=\"clear: both; display: block; margin: 10px 0;\">\n<div style=\"clear: both; display: block; margin: 10px 0;\">\n<h1>Bridgestone Blizzak 6 <\/h1>\n<h1>325\/35 R22 114W do 270 km\/h<\/h1>\n<h2>Kod produktu: 3286342894218<\/h2>\n<h2>Stworzone do dzia\u0142ania w zimowych warunkach<\/h2>\n<p style=\"margin: 15px 0; line-height: 1.8; clear: both; display: block; width: 100%; float: none; position: static;\">Zachowaj kontrol\u0119, bez wzgl\u0119du na warunki zim\u0105. Niezale\u017cnie od tego, czy je\u017adzisz po za\u015bnie\u017conych drogach, czy w deszczu, dzi\u0119ki Bridgestone Blizzak 6 ENLITEN bez wysi\u0142ku poradzisz sobie z za\u015bnie\u017con\u0105 i mokr\u0105 nawierzchni\u0105 przez ca\u0142\u0105 zim\u0119. Dzi\u0119ki doskona\u0142emu przebiegowi mo\u017cesz wyrusza\u0107 w dalsz\u0105 drog\u0119 bez uszczerbku dla sterowno\u015bci i bezpiecze\u0144stwa<\/p>\n<ul style=\"margin: 15px 0; padding-left: 20px; clear: both; display: block; width: 100%; float: none; position: static;\">\n<li style=\"margin: 5px 0; padding: 2px 0; clear: both; display: list-item; float: none; position: static;\">Doskona\u0142a mobilno\u015b\u0107 i sterowno\u015b\u0107 na \u015bniegu<\/li>\n<\/ul>\n<ul style=\"margin: 15px 0; padding-left: 20px; clear: both; display: block; width: 100%; float: none; position: static;\">\n<li style=\"margin: 5px 0; padding: 2px 0; clear: both; display: list-item; float: none; position: static;\">Najkr\u00f3tsza droga hamowania na mokrej nawierzchni<\/li>\n<\/ul>\n<ul style=\"margin: 15px 0; padding-left: 20px; clear: both; display: block; width: 100%; float: none; position: static;\">\n<li style=\"margin: 5px 0; padding: 2px 0; clear: both; display: list-item; float: none; position: static;\">D\u0142u\u017csze przebiegi umo\u017cliwiaj\u0105ce u\u017cytkowanie nawet przez dodatkowy sezon<\/li>\n<\/ul>\n<p style=\"margin: 15px 0; line-height: 1.8; clear: both; display: block; width: 100%; float: none; position: static;\">Opona dostosowana r\u00f3wnie\u017c do pojazd\u00f3w elektrycznych.<\/p>\n<\/div>\n<\/div>\n<div style=\"clear: both; display: block; margin: 10px 0;\">\n<div style=\"clear: both; display: block; margin: 10px 0;\">\n<div  style=\"max-width:750px;max-height:1024px\">\n<div style=\"clear: both; display: block; margin: 10px 0;\">\n<div style=\"clear: both; width: 100%; display: block; margin: 20px 0; padding: 0; float: none; position: static; text-align: center;\"><img decoding=\"async\"  src=\"https:\/\/a.allegroimg.com\/original\/115d18\/c4da43db431d95ad6e7eee547c34\/2x-Bridgestone-Blizzak-6-325-35R22-114W-XL-FR\" srcset=\"https:\/\/a.allegroimg.com\/original\/115d18\/c4da43db431d95ad6e7eee547c34\/2x-Bridgestone-Blizzak-6-325-35R22-114W-XL-FR 263w,https:\/\/a.allegroimg.com\/original\/115d18\/c4da43db431d95ad6e7eee547c34\/2x-Bridgestone-Blizzak-6-325-35R22-114W-XL-FR 527w,https:\/\/a.allegroimg.com\/original\/115d18\/c4da43db431d95ad6e7eee547c34\/2x-Bridgestone-Blizzak-6-325-35R22-114W-XL-FR 750w,https:\/\/a.allegroimg.com\/original\/115d18\/c4da43db431d95ad6e7eee547c34\/2x-Bridgestone-Blizzak-6-325-35R22-114W-XL-FR 750w\" sizes=\"(min-width: 1200px) 560px, (min-width: 992px) 50vw, 100vw\" width=\"750px\" alt=\"2x Bridgestone Blizzak 6 325\/35R22 114W XL FR\"\/ style=\"max-width: 100%; height: auto; display: block; margin: 0 auto;\"><\/div>\n<\/div>\n<\/div>\n<\/div>\n<\/div>\n<\/div>\n<div style=\"clear: both; display: block; margin: 10px 0;\">\n<div style=\"clear: both; display: block; margin: 10px 0;\">\n<div style=\"clear: both; display: block; margin: 10px 0;\">\n<div  style=\"max-width:212px;max-height:305px\">\n<div style=\"clear: both; display: block; margin: 10px 0;\">\n<div style=\"clear: both; width: 100%; display: block; margin: 20px 0; padding: 0; float: none; position: static; text-align: center;\"><img decoding=\"async\"  src=\"https:\/\/a.allegroimg.com\/original\/119e7c\/2d6bcd03455989112c21e4f3e8cb\/2x-Bridgestone-Blizzak-6-325-35R22-114W-XL-FR-Profil-opony-35\" srcset=\"https:\/\/a.allegroimg.com\/original\/119e7c\/2d6bcd03455989112c21e4f3e8cb\/2x-Bridgestone-Blizzak-6-325-35R22-114W-XL-FR-Profil-opony-35 212w,https:\/\/a.allegroimg.com\/original\/119e7c\/2d6bcd03455989112c21e4f3e8cb\/2x-Bridgestone-Blizzak-6-325-35R22-114W-XL-FR-Profil-opony-35 212w\" sizes=\"(min-width: 1200px) 560px, (min-width: 992px) 50vw, 100vw\" width=\"212px\" alt=\"2x Bridgestone Blizzak 6 325\/35R22 114W XL FR Profil opony 35\"\/ style=\"max-width: 100%; height: auto; display: block; margin: 0 auto;\"><\/div>\n<\/div>\n<\/div>\n<\/div>\n<\/div>\n<div style=\"clear: both; display: block; margin: 10px 0;\">\n<div style=\"clear: both; display: block; margin: 10px 0;\">\n<h2>Sezon: Zimowe<\/h2>\n<h2>Liczba opon w ofercie: 2<\/h2>\n<h2>Szeroko\u015b\u0107 opony: 325 mm<\/h2>\n<h2>Profil opony: 35<\/h2>\n<h2>\u015arednica: 22<\/h2>\n<h2>Indeks no\u015bno\u015bci: 114<\/h2>\n<h2>Indeks pr\u0119dko\u015bci: W do 270 km\/h<\/h2>\n<h2>Op\u00f3r toczenia: Klasa B<\/h2>\n<h2>Przyczepno\u015b\u0107 na mokrym: Klasa B<\/h2>\n<h2>Ha\u0142as zewn\u0119trzny: 72 dB<\/h2>\n<h2>Rok produkcji: <\/h2>\n<h2>Kod producenta: 28942<\/h2>\n<\/div>\n<\/div>\n<\/div>\n<div style=\"clear: both; display: block; margin: 10px 0;\">\n<div style=\"clear: both; display: block; margin: 10px 0;\">\n<div style=\"clear: both; display: block; margin: 10px 0;\">\n<ul style=\"margin: 15px 0; padding-left: 20px; clear: both; display: block; width: 100%; float: none; position: static;\">\n<li style=\"margin: 5px 0; padding: 2px 0; clear: both; display: list-item; float: none; position: static;\">Opona Bridgestone Blizzak 6 zdoby\u0142a 1. miejsce oraz tytu\u0142 Zwyci\u0119zcy Testu w te\u015bcie opon zimowych magazynu AUTO BILD sportscars. Spo\u015br\u00f3d 11 konkurent\u00f3w Blizzak 6 uzyska\u0142a ocen\u0119 og\u00f3ln\u0105 \u201ewzorowa\u201d i zosta\u0142a najwy\u017cej ocenion\u0105 opon\u0105 w te\u015bcie!<\/li>\n<\/ul>\n<\/div>\n<\/div>\n<div style=\"clear: both; display: block; margin: 10px 0;\">\n<div style=\"clear: both; display: block; margin: 10px 0;\">\n<div  style=\"max-width:166px;max-height:192px\">\n<div style=\"clear: both; display: block; margin: 10px 0;\">\n<div style=\"clear: both; width: 100%; display: block; margin: 20px 0; padding: 0; float: none; position: static; text-align: center;\"><img decoding=\"async\"  src=\"https:\/\/a.allegroimg.com\/original\/1166ba\/2691ee344147accce0e61c5995ab\/2x-Bridgestone-Blizzak-6-325-35R22-114W-XL-FR-Szerokosc-opony-325-mm\" srcset=\"https:\/\/a.allegroimg.com\/original\/1166ba\/2691ee344147accce0e61c5995ab\/2x-Bridgestone-Blizzak-6-325-35R22-114W-XL-FR-Szerokosc-opony-325-mm 166w,https:\/\/a.allegroimg.com\/original\/1166ba\/2691ee344147accce0e61c5995ab\/2x-Bridgestone-Blizzak-6-325-35R22-114W-XL-FR-Szerokosc-opony-325-mm 166w\" sizes=\"(min-width: 1200px) 560px, (min-width: 992px) 50vw, 100vw\" width=\"166px\" alt=\"2x Bridgestone Blizzak 6 325\/35R22 114W XL FR Szeroko\u015b\u0107 opony 325 mm\"\/ style=\"max-width: 100%; height: auto; display: block; margin: 0 auto;\"><\/div>\n<\/div>\n<\/div>\n<\/div>\n<\/div>\n<\/div>\n<div style=\"clear: both; display: block; margin: 10px 0;\">\n<div style=\"clear: both; display: block; margin: 10px 0;\">\n<div style=\"clear: both; display: block; margin: 10px 0;\">\n<p style=\"margin: 15px 0; line-height: 1.8; clear: both; display: block; width: 100%; float: none; position: static;\">Bridgestone Blizzak 6 to najnowszy model opony zimowej, zaprojektowany z my\u015bl\u0105 o zapewnieniu maksymalnej przyczepno\u015bci i bezpiecze\u0144stwa na zimowych drogach. Opona ta wyr\u00f3\u017cnia si\u0119 zaawansowan\u0105 technologi\u0105 oraz innowacyjnymi rozwi\u0105zaniami, kt\u00f3re sprawiaj\u0105, \u017ce jest idealnym wyborem na trudne zimowe warunki. Zaawansowana mieszanka gumowa: Opona Blizzak 6 wykorzystuje nowoczesn\u0105 mieszank\u0119 gumow\u0105 NanoPro-Tech, kt\u00f3ra zapewnia lepsz\u0105 elastyczno\u015b\u0107 w niskich temperaturach. Dzi\u0119ki temu opona zachowuje doskona\u0142\u0105 przyczepno\u015b\u0107 na lodzie i \u015bniegu. Specjalnie zaprojektowany bie\u017cnik: Asymetryczny wz\u00f3r bie\u017cnika z du\u017c\u0105 ilo\u015bci\u0105 lameli i rowk\u00f3w efektywnie odprowadza wod\u0119 i b\u0142oto po\u015bniegowe, minimalizuj\u0105c ryzyko aquaplaningu. Nowe, g\u0142\u0119bsze rowki zwi\u0119kszaj\u0105 przyczepno\u015b\u0107 i stabilno\u015b\u0107 na o\u015bnie\u017conych drogach. Technologia Multicell Compound: Technologia Multicell Compound w po\u0142\u0105czeniu z mikroporami w strukturze bie\u017cnika pomaga wch\u0142ania\u0107 wod\u0119 z powierzchni lodu, co zwi\u0119ksza przyczepno\u015b\u0107 i skraca drog\u0119 hamowania na \u015bliskich nawierzchniach. Trwa\u0142o\u015b\u0107 i odporno\u015b\u0107: Zastosowanie wytrzyma\u0142ych materia\u0142\u00f3w oraz innowacyjnych rozwi\u0105za\u0144 konstrukcyjnych sprawia, \u017ce Blizzak 6 charakteryzuje si\u0119 wysok\u0105 odporno\u015bci\u0105 na zu\u017cycie, co przek\u0142ada si\u0119 na d\u0142u\u017csz\u0105 \u017cywotno\u015b\u0107 opony. Komfort jazdy: Dzi\u0119ki nowemu, zoptymalizowanemu wzorowi bie\u017cnika oraz wzmocnionej konstrukcji bocznej, Blizzak 6 zapewnia wyj\u0105tkowy komfort jazdy, redukuj\u0105c ha\u0142as i wibracje, co przek\u0142ada si\u0119 na przyjemniejsz\u0105 i bardziej komfortow\u0105 podr\u00f3\u017c.<\/p>\n<\/div>\n<\/div>\n<\/div>\n<div style=\"clear: both; display: block; margin: 10px 0;\">\n<div style=\"clear: both; display: block; margin: 10px 0;\">\n<div style=\"clear: both; display: block; margin: 10px 0;\">\n<div  style=\"max-width:980px;max-height:104px\">\n<div style=\"clear: both; display: block; margin: 10px 0;\">\n<div style=\"clear: both; width: 100%; display: block; margin: 20px 0; padding: 0; float: none; position: static; text-align: center;\"><img decoding=\"async\"  src=\"https:\/\/a.allegroimg.com\/original\/1117ce\/dbbd841b4d4bb189dca56e2552ec\/2x-Bridgestone-Blizzak-6-325-35R22-114W-XL-FR-Liczba-opon-w-ofercie-2-szt\" srcset=\"https:\/\/a.allegroimg.com\/original\/1117ce\/dbbd841b4d4bb189dca56e2552ec\/2x-Bridgestone-Blizzak-6-325-35R22-114W-XL-FR-Liczba-opon-w-ofercie-2-szt 360w,https:\/\/a.allegroimg.com\/original\/1117ce\/dbbd841b4d4bb189dca56e2552ec\/2x-Bridgestone-Blizzak-6-325-35R22-114W-XL-FR-Liczba-opon-w-ofercie-2-szt 720w,https:\/\/a.allegroimg.com\/original\/1117ce\/dbbd841b4d4bb189dca56e2552ec\/2x-Bridgestone-Blizzak-6-325-35R22-114W-XL-FR-Liczba-opon-w-ofercie-2-szt 980w,https:\/\/a.allegroimg.com\/original\/1117ce\/dbbd841b4d4bb189dca56e2552ec\/2x-Bridgestone-Blizzak-6-325-35R22-114W-XL-FR-Liczba-opon-w-ofercie-2-szt 980w\" sizes=\"100vw\" width=\"980px\" alt=\"2x Bridgestone Blizzak 6 325\/35R22 114W XL FR Liczba opon w ofercie 2 szt.\"\/ style=\"max-width: 100%; height: auto; display: block; margin: 0 auto;\"><\/div>\n<\/div>\n<\/div>\n<\/div>\n<\/div>\n<\/div>\n<\/div>\n<\/div>\n<\/div>\n<div style=\"clear: both; display: block; margin: 10px 0;\">\n","protected":false},"excerpt":{"rendered":"<p>Bridgestone Blizzak 6<\/p>\n<p>325\/35 R22 114W do 270 km\/h<\/p>\n<p>Kod produktu: 3286342894218<\/p>\n<p>Stworzone do dzia\u0142ania w zimowych warunkach<\/p>\n<p>Zachowaj kontrol\u0119, bez wzgl\u0119du na warunki zim\u0105. Niezale\u017cnie od tego, czy je\u017adzisz po za\u015bnie\u017conych drogach, czy w deszczu, dzi\u0119ki Bridgestone Blizzak 6 ENLITEN bez wysi\u0142ku poradzisz sobie z za\u015bnie\u017con\u0105 i mokr\u0105 nawierzchni\u0105 przez ca\u0142\u0105 zim\u0119. Dzi\u0119ki doskona\u0142emu przebiegowi mo\u017cesz wyrusza\u0107 w dalsz\u0105 drog\u0119 bez uszczerbku dla sterowno\u015bci i bezpiecze\u0144stwa<\/p>\n<p>Doskona\u0142a mobilno\u015b\u0107 i sterowno\u015b\u0107 na \u015bniegu<\/p>\n<p>Najkr\u00f3tsza droga hamowania na mokrej nawierzchni<\/p>\n","protected":false},"featured_media":11948,"template":"","meta":{"_uag_custom_page_level_css":""},"product_brand":[397],"product_cat":[414,413,412,415],"product_tag":[],"class_list":{"0":"post-11947","1":"product","2":"type-product","3":"status-publish","4":"has-post-thumbnail","6":"product_brand-bridgestone","7":"product_cat-do-samochodow-osobowych-i-suv","8":"product_cat-opony","9":"product_cat-opony-i-felgi","10":"product_cat-zimowe","12":"first","13":"instock","14":"shipping-taxable","15":"purchasable","16":"product-type-simple"},"uagb_featured_image_src":{"full":["https:\/\/oponixo.shop\/tire\/wp-content\/uploads\/2026\/01\/allegro-image-11947.jpg",750,1024,false],"thumbnail":["https:\/\/oponixo.shop\/tire\/wp-content\/uploads\/2026\/01\/allegro-image-11947-150x150.jpg",150,150,true],"medium":["https:\/\/oponixo.shop\/tire\/wp-content\/uploads\/2026\/01\/allegro-image-11947-220x300.jpg",220,300,true],"medium_large":["https:\/\/oponixo.shop\/tire\/wp-content\/uploads\/2026\/01\/allegro-image-11947.jpg",750,1024,false],"large":["https:\/\/oponixo.shop\/tire\/wp-content\/uploads\/2026\/01\/allegro-image-11947.jpg",750,1024,false],"1536x1536":["https:\/\/oponixo.shop\/tire\/wp-content\/uploads\/2026\/01\/allegro-image-11947.jpg",750,1024,false],"2048x2048":["https:\/\/oponixo.shop\/tire\/wp-content\/uploads\/2026\/01\/allegro-image-11947.jpg",750,1024,false],"woocommerce_thumbnail":["https:\/\/oponixo.shop\/tire\/wp-content\/uploads\/2026\/01\/allegro-image-11947-300x300.jpg",300,300,true],"woocommerce_single":["https:\/\/oponixo.shop\/tire\/wp-content\/uploads\/2026\/01\/allegro-image-11947-600x819.jpg",600,819,true],"woocommerce_gallery_thumbnail":["https:\/\/oponixo.shop\/tire\/wp-content\/uploads\/2026\/01\/allegro-image-11947-100x100.jpg",100,100,true]},"uagb_author_info":{"display_name":"admin","author_link":"https:\/\/oponixo.shop\/tire\/author\/"},"uagb_comment_info":0,"uagb_excerpt":"Bridgestone Blizzak 6 325\/35 R22 114W do 270 km\/h Kod produktu: 3286342894218 Stworzone do dzia\u0142ania w zimowych warunkach Zachowaj kontrol\u0119, bez wzgl\u0119du na warunki zim\u0105. Niezale\u017cnie od tego, czy je\u017adzisz po za\u015bnie\u017conych drogach, czy w deszczu, dzi\u0119ki Bridgestone Blizzak 6 ENLITEN bez wysi\u0142ku poradzisz sobie z za\u015bnie\u017con\u0105 i mokr\u0105 nawierzchni\u0105 przez ca\u0142\u0105 zim\u0119. Dzi\u0119ki doskona\u0142emu&hellip;","_links":{"self":[{"href":"https:\/\/oponixo.shop\/tire\/wp-json\/wp\/v2\/product\/11947","targetHints":{"allow":["GET"]}}],"collection":[{"href":"https:\/\/oponixo.shop\/tire\/wp-json\/wp\/v2\/product"}],"about":[{"href":"https:\/\/oponixo.shop\/tire\/wp-json\/wp\/v2\/types\/product"}],"wp:featuredmedia":[{"embeddable":true,"href":"https:\/\/oponixo.shop\/tire\/wp-json\/wp\/v2\/media\/11948"}],"wp:attachment":[{"href":"https:\/\/oponixo.shop\/tire\/wp-json\/wp\/v2\/media?parent=11947"}],"wp:term":[{"taxonomy":"product_brand","embeddable":true,"href":"https:\/\/oponixo.shop\/tire\/wp-json\/wp\/v2\/product_brand?post=11947"},{"taxonomy":"product_cat","embeddable":true,"href":"https:\/\/oponixo.shop\/tire\/wp-json\/wp\/v2\/product_cat?post=11947"},{"taxonomy":"product_tag","embeddable":true,"href":"https:\/\/oponixo.shop\/tire\/wp-json\/wp\/v2\/product_tag?post=11947"}],"curies":[{"name":"wp","href":"https:\/\/api.w.org\/{rel}","templated":true}]}}