{"id":11971,"date":"2026-01-03T10:09:14","date_gmt":"2026-01-03T09:09:14","guid":{"rendered":"https:\/\/oponyexpert.shop\/xef5\/produkt\/2x-windforce-snowblazer-265-70r17-115-t\/"},"modified":"2026-01-03T10:09:15","modified_gmt":"2026-01-03T09:09:15","slug":"2x-windforce-snowblazer-265-70r17-115-t","status":"publish","type":"product","link":"https:\/\/oponixo.shop\/tire\/produkt\/2x-windforce-snowblazer-265-70r17-115-t\/","title":{"rendered":"2x WINDFORCE SNOWBLAZER 265\/70R17 115 T"},"content":{"rendered":"<div style=\"font-family: Arial, sans-serif; line-height: 1.6; color: #333; padding: 20px; clear: both; display: block; width: 100%; float: none; position: static; overflow: hidden;\">\n<div style=\"clear: both; display: block; margin: 10px 0;\">\n<div style=\"clear: both; display: block; margin: 10px 0;\">\n<div style=\"clear: both; display: block; margin: 10px 0;\">\n<h2>2x WINDFORCE SNOWBLAZER 265\/70R17 115 T<\/h2>\n<\/div>\n<\/div>\n<\/div>\n<div style=\"clear: both; display: block; margin: 10px 0;\">\n<div style=\"clear: both; display: block; margin: 10px 0;\">\n<div style=\"clear: both; display: block; margin: 10px 0;\">\n<div  style=\"max-width:920px;max-height:1120px\">\n<div style=\"clear: both; display: block; margin: 10px 0;\">\n<div style=\"clear: both; width: 100%; display: block; margin: 20px 0; padding: 0; float: none; position: static; text-align: center;\"><img decoding=\"async\"  src=\"https:\/\/a.allegroimg.com\/original\/1176b9\/db98adc64aa28c09f5e33d76b296\/2x-WINDFORCE-SNOWBLAZER-265-70R17-115-T\" srcset=\"https:\/\/a.allegroimg.com\/original\/1176b9\/db98adc64aa28c09f5e33d76b296\/2x-WINDFORCE-SNOWBLAZER-265-70R17-115-T 295w,https:\/\/a.allegroimg.com\/original\/1176b9\/db98adc64aa28c09f5e33d76b296\/2x-WINDFORCE-SNOWBLAZER-265-70R17-115-T 591w,https:\/\/a.allegroimg.com\/original\/1176b9\/db98adc64aa28c09f5e33d76b296\/2x-WINDFORCE-SNOWBLAZER-265-70R17-115-T 841w,https:\/\/a.allegroimg.com\/original\/1176b9\/db98adc64aa28c09f5e33d76b296\/2x-WINDFORCE-SNOWBLAZER-265-70R17-115-T 920w,https:\/\/a.allegroimg.com\/original\/1176b9\/db98adc64aa28c09f5e33d76b296\/2x-WINDFORCE-SNOWBLAZER-265-70R17-115-T 920w\" sizes=\"(min-width: 1200px) 560px, (min-width: 992px) 50vw, 100vw\" width=\"920px\" alt=\"2x WINDFORCE SNOWBLAZER 265\/70R17 115 T\"\/ style=\"max-width: 100%; height: auto; display: block; margin: 0 auto;\"><\/div>\n<\/div>\n<\/div>\n<\/div>\n<\/div>\n<div style=\"clear: both; display: block; margin: 10px 0;\">\n<div style=\"clear: both; display: block; margin: 10px 0;\">\n<h2>Zimowe opony WINDFORCE SNOWBLAZER 265\/70 R17 115 T<\/h2>\n<p style=\"margin: 15px 0; line-height: 1.8; clear: both; display: block; width: 100%; float: none; position: static;\">Opony WINDFORCE SNOWBLAZER to znacz\u0105cy model w portfolio producenta.\u00a0<\/p>\n<p style=\"margin: 15px 0; line-height: 1.8; clear: both; display: block; width: 100%; float: none; position: static;\"> Opony klasy ekonomicznej maj\u0105 \u015bwietny stosunek jako\u015bci do ceny.<\/p>\n<ul style=\"margin: 15px 0; padding-left: 20px; clear: both; display: block; width: 100%; float: none; position: static;\">\n<li style=\"margin: 5px 0; padding: 2px 0; clear: both; display: list-item; float: none; position: static;\"><b>Stan:<\/b>\u00a0Nowy<\/li>\n<li style=\"margin: 5px 0; padding: 2px 0; clear: both; display: list-item; float: none; position: static;\"><b>EAN:<\/b>\u00a06970004907770<\/li>\n<li style=\"margin: 5px 0; padding: 2px 0; clear: both; display: list-item; float: none; position: static;\"><b>Producent:<\/b> WINDFORCE<\/li>\n<li style=\"margin: 5px 0; padding: 2px 0; clear: both; display: list-item; float: none; position: static;\"><b>Model:<\/b> SNOWBLAZER<\/li>\n<li style=\"margin: 5px 0; padding: 2px 0; clear: both; display: list-item; float: none; position: static;\"><b>Rozmiar:<\/b> 265\/70 R17<\/li>\n<li style=\"margin: 5px 0; padding: 2px 0; clear: both; display: list-item; float: none; position: static;\"><b>Indeks no\u015bno\u015bci:<\/b> 115<\/li>\n<li style=\"margin: 5px 0; padding: 2px 0; clear: both; display: list-item; float: none; position: static;\"><b>Indeks pr\u0119dko\u015bci:<\/b> T<\/li>\n<li style=\"margin: 5px 0; padding: 2px 0; clear: both; display: list-item; float: none; position: static;\"><b>Ha\u0142as db:<\/b>\u00a073<\/li>\n<li style=\"margin: 5px 0; padding: 2px 0; clear: both; display: list-item; float: none; position: static;\"><b>Sezon:<\/b> Zimowe<\/li>\n<li style=\"margin: 5px 0; padding: 2px 0; clear: both; display: list-item; float: none; position: static;\"><b>Rok produkcji:<\/b> nie starsze ni\u017c 36 miesi\u0119cy<\/li>\n<li style=\"margin: 5px 0; padding: 2px 0; clear: both; display: list-item; float: none; position: static;\"><b>Przeznaczenie:<\/b> SUV\/4&#215;4<\/li>\n<li style=\"margin: 5px 0; padding: 2px 0; clear: both; display: list-item; float: none; position: static;\"><b>Kl. przycz. na mokrej naw.:<\/b>\u00a0B<\/li>\n<li style=\"margin: 5px 0; padding: 2px 0; clear: both; display: list-item; float: none; position: static;\"><b>Kl. efekt. paliwowej:\u00a0<\/b>E<\/li>\n<\/ul>\n<\/div>\n<\/div>\n<\/div>\n<div style=\"clear: both; display: block; margin: 10px 0;\">\n<div style=\"clear: both; display: block; margin: 10px 0;\">\n<div style=\"clear: both; display: block; margin: 10px 0;\">\n<div  style=\"max-width:1500px;max-height:172px\">\n<div style=\"clear: both; display: block; margin: 10px 0;\">\n<div style=\"clear: both; width: 100%; display: block; margin: 20px 0; padding: 0; float: none; position: static; text-align: center;\"><img decoding=\"async\"  src=\"https:\/\/a.allegroimg.com\/original\/11e4f7\/3b87de624198ae56038a89f9a01d\/2x-WINDFORCE-SNOWBLAZER-265-70R17-115-T-Liczba-opon-w-ofercie-2-szt\" srcset=\"https:\/\/a.allegroimg.com\/original\/11e4f7\/3b87de624198ae56038a89f9a01d\/2x-WINDFORCE-SNOWBLAZER-265-70R17-115-T-Liczba-opon-w-ofercie-2-szt 360w,https:\/\/a.allegroimg.com\/original\/11e4f7\/3b87de624198ae56038a89f9a01d\/2x-WINDFORCE-SNOWBLAZER-265-70R17-115-T-Liczba-opon-w-ofercie-2-szt 720w,https:\/\/a.allegroimg.com\/original\/11e4f7\/3b87de624198ae56038a89f9a01d\/2x-WINDFORCE-SNOWBLAZER-265-70R17-115-T-Liczba-opon-w-ofercie-2-szt 1024w,https:\/\/a.allegroimg.com\/original\/11e4f7\/3b87de624198ae56038a89f9a01d\/2x-WINDFORCE-SNOWBLAZER-265-70R17-115-T-Liczba-opon-w-ofercie-2-szt 1440w,https:\/\/a.allegroimg.com\/original\/11e4f7\/3b87de624198ae56038a89f9a01d\/2x-WINDFORCE-SNOWBLAZER-265-70R17-115-T-Liczba-opon-w-ofercie-2-szt 1500w\" sizes=\"100vw\" width=\"1500px\" alt=\"2x WINDFORCE SNOWBLAZER 265\/70R17 115 T Liczba opon w ofercie 2 szt.\"\/ style=\"max-width: 100%; height: auto; display: block; margin: 0 auto;\"><\/div>\n<\/div>\n<\/div>\n<\/div>\n<\/div>\n<\/div>\n<div style=\"clear: both; display: block; margin: 10px 0;\">\n<div style=\"clear: both; display: block; margin: 10px 0;\">\n<div style=\"clear: both; display: block; margin: 10px 0;\">\n<p style=\"margin: 15px 0; line-height: 1.8; clear: both; display: block; width: 100%; float: none; position: static;\">Marka Windforce\u00a0to producent opon o ugruntowanej pozycji na rynku oponiarskim. Firma ta cieszy si\u0119 uznaniem za dostarczanie produkt\u00f3w o wysokiej jako\u015bci i konkurencyjnych cenach, co przyci\u0105ga klient\u00f3w z r\u00f3\u017cnych zak\u0105tk\u00f3w \u015bwiata.<\/p>\n<p style=\"margin: 15px 0; line-height: 1.8; clear: both; display: block; width: 100%; float: none; position: static;\">Innowacje i wydajno\u015b\u0107\u00a0stanowi\u0105 fundament marki Windforce. Firma stale inwestuje w badania i rozw\u00f3j, aby tworzy\u0107 opony, kt\u00f3re \u0142\u0105cz\u0105 w sobie doskona\u0142\u0105 trwa\u0142o\u015b\u0107, przyczepno\u015b\u0107 i komfort jazdy. Dzi\u0119ki temu kierowcy mog\u0105 czu\u0107 si\u0119 pewnie na drodze, niezale\u017cnie od warunk\u00f3w.<\/p>\n<p style=\"margin: 15px 0; line-height: 1.8; clear: both; display: block; width: 100%; float: none; position: static;\">Szeroki wyb\u00f3r\u00a0to kolejna cecha charakteryzuj\u0105ca mark\u0119 Windforce. Oferuje ona r\u00f3\u017cnorodne opony dostosowane do r\u00f3\u017cnych rodzaj\u00f3w pojazd\u00f3w, od samochod\u00f3w osobowych po ci\u0119\u017car\u00f3wki. Marka ta dostarcza rozwi\u0105zania dla r\u00f3\u017cnych sezon\u00f3w, w tym opony letnie, zimowe i ca\u0142oroczne, spe\u0142niaj\u0105c r\u00f3\u017cne potrzeby kierowc\u00f3w. Windforce to marka, na kt\u00f3r\u0105 mo\u017cna liczy\u0107 w podr\u00f3\u017cy.<\/p>\n<\/div>\n<\/div>\n<\/div>\n<div style=\"clear: both; display: block; margin: 10px 0;\">\n<div style=\"clear: both; display: block; margin: 10px 0;\">\n<div style=\"clear: both; display: block; margin: 10px 0;\">\n<div  style=\"max-width:1200px;max-height:1758px\">\n<div style=\"clear: both; display: block; margin: 10px 0;\">\n<div style=\"clear: both; width: 100%; display: block; margin: 20px 0; padding: 0; float: none; position: static; text-align: center;\"><img decoding=\"async\"  src=\"https:\/\/a.allegroimg.com\/original\/119aba\/d827a19a4f13b4b3b310f870dcdd\/2x-WINDFORCE-SNOWBLAZER-265-70R17-115-T-Marka-Windforce\" srcset=\"https:\/\/a.allegroimg.com\/original\/119aba\/d827a19a4f13b4b3b310f870dcdd\/2x-WINDFORCE-SNOWBLAZER-265-70R17-115-T-Marka-Windforce 245w,https:\/\/a.allegroimg.com\/original\/119aba\/d827a19a4f13b4b3b310f870dcdd\/2x-WINDFORCE-SNOWBLAZER-265-70R17-115-T-Marka-Windforce 491w,https:\/\/a.allegroimg.com\/original\/119aba\/d827a19a4f13b4b3b310f870dcdd\/2x-WINDFORCE-SNOWBLAZER-265-70R17-115-T-Marka-Windforce 698w,https:\/\/a.allegroimg.com\/original\/119aba\/d827a19a4f13b4b3b310f870dcdd\/2x-WINDFORCE-SNOWBLAZER-265-70R17-115-T-Marka-Windforce 982w,https:\/\/a.allegroimg.com\/original\/119aba\/d827a19a4f13b4b3b310f870dcdd\/2x-WINDFORCE-SNOWBLAZER-265-70R17-115-T-Marka-Windforce 1200w\" sizes=\"(min-width: 1200px) 560px, (min-width: 992px) 50vw, 100vw\" width=\"1200px\" alt=\"2x WINDFORCE SNOWBLAZER 265\/70R17 115 T Marka Windforce\"\/ style=\"max-width: 100%; height: auto; display: block; margin: 0 auto;\"><\/div>\n<\/div>\n<\/div>\n<\/div>\n<\/div>\n<div style=\"clear: both; display: block; margin: 10px 0;\">\n<div style=\"clear: both; display: block; margin: 10px 0;\">\n<p style=\"margin: 15px 0; line-height: 1.8; clear: both; display: block; width: 100%; float: none; position: static;\">Dlaczego warto kupowa\u0107 u Nas ?<\/p>\n<p style=\"margin: 15px 0; line-height: 1.8; clear: both; display: block; width: 100%; float: none; position: static;\">Jeste\u015bmy firm\u0105, kt\u00f3ra na podstawie wieloletniego do\u015bwiadczenia z zaanga\u017cowaniem pomaga klientom w doborze oraz kupnie opon.<\/p>\n<p style=\"margin: 15px 0; line-height: 1.8; clear: both; display: block; width: 100%; float: none; position: static;\">Posiadamy szerok\u0105 game opon do aut osobowych, dostawczych, cie\u017carowych, motocyki jak i opon przemys\u0142owych.<\/p>\n<p style=\"margin: 15px 0; line-height: 1.8; clear: both; display: block; width: 100%; float: none; position: static;\">Gwarancja satysfakcjii oraz bezpiecznie przejechanych kilometr\u00f3w.<\/p>\n<p style=\"margin: 15px 0; line-height: 1.8; clear: both; display: block; width: 100%; float: none; position: static;\">Zosta\u0144 naszym kolejnym zadowolonym klientem.<\/p>\n<p style=\"margin: 15px 0; line-height: 1.8; clear: both; display: block; width: 100%; float: none; position: static;\">ZAPRASZAMY DO ZAKUP\u00d3W.<\/p>\n<\/div>\n<\/div>\n<\/div>\n<\/div>\n<\/div>\n<\/div>\n<div style=\"clear: both; display: block; margin: 10px 0;\">\n","protected":false},"excerpt":{"rendered":"<p>2x WINDFORCE SNOWBLAZER 265\/70R17 115 T<\/p>\n<p>Zimowe opony WINDFORCE SNOWBLAZER 265\/70 R17 115 T<\/p>\n<p>Opony WINDFORCE SNOWBLAZER to znacz\u0105cy model w portfolio producenta.\u00a0<\/p>\n<p>Opony klasy ekonomicznej maj\u0105 \u015bwietny stosunek jako\u015bci do ceny.<\/p>\n<p>Stan:\u00a0Nowy<\/p>\n<p>EAN:\u00a06970004907770<\/p>\n<p>Producent: WINDFORCE<\/p>\n<p>Model: SNOWBLAZER<\/p>\n","protected":false},"featured_media":11972,"template":"","meta":{"_uag_custom_page_level_css":""},"product_brand":[434],"product_cat":[414,413,412,415],"product_tag":[],"class_list":{"0":"post-11971","1":"product","2":"type-product","3":"status-publish","4":"has-post-thumbnail","6":"product_brand-windforce","7":"product_cat-do-samochodow-osobowych-i-suv","8":"product_cat-opony","9":"product_cat-opony-i-felgi","10":"product_cat-zimowe","12":"first","13":"instock","14":"shipping-taxable","15":"purchasable","16":"product-type-simple"},"uagb_featured_image_src":{"full":["https:\/\/oponixo.shop\/tire\/wp-content\/uploads\/2026\/01\/allegro-image-11971.jpg",920,1120,false],"thumbnail":["https:\/\/oponixo.shop\/tire\/wp-content\/uploads\/2026\/01\/allegro-image-11971-150x150.jpg",150,150,true],"medium":["https:\/\/oponixo.shop\/tire\/wp-content\/uploads\/2026\/01\/allegro-image-11971-246x300.jpg",246,300,true],"medium_large":["https:\/\/oponixo.shop\/tire\/wp-content\/uploads\/2026\/01\/allegro-image-11971-768x935.jpg",768,935,true],"large":["https:\/\/oponixo.shop\/tire\/wp-content\/uploads\/2026\/01\/allegro-image-11971-841x1024.jpg",841,1024,true],"1536x1536":["https:\/\/oponixo.shop\/tire\/wp-content\/uploads\/2026\/01\/allegro-image-11971.jpg",920,1120,false],"2048x2048":["https:\/\/oponixo.shop\/tire\/wp-content\/uploads\/2026\/01\/allegro-image-11971.jpg",920,1120,false],"woocommerce_thumbnail":["https:\/\/oponixo.shop\/tire\/wp-content\/uploads\/2026\/01\/allegro-image-11971-300x300.jpg",300,300,true],"woocommerce_single":["https:\/\/oponixo.shop\/tire\/wp-content\/uploads\/2026\/01\/allegro-image-11971-600x730.jpg",600,730,true],"woocommerce_gallery_thumbnail":["https:\/\/oponixo.shop\/tire\/wp-content\/uploads\/2026\/01\/allegro-image-11971-100x100.jpg",100,100,true]},"uagb_author_info":{"display_name":"admin","author_link":"https:\/\/oponixo.shop\/tire\/author\/"},"uagb_comment_info":0,"uagb_excerpt":"2x WINDFORCE SNOWBLAZER 265\/70R17 115 T Zimowe opony WINDFORCE SNOWBLAZER 265\/70 R17 115 T Opony WINDFORCE SNOWBLAZER to znacz\u0105cy model w portfolio producenta.\u00a0 Opony klasy ekonomicznej maj\u0105 \u015bwietny stosunek jako\u015bci do ceny. Stan:\u00a0Nowy EAN:\u00a06970004907770 Producent: WINDFORCE Model: SNOWBLAZER","_links":{"self":[{"href":"https:\/\/oponixo.shop\/tire\/wp-json\/wp\/v2\/product\/11971","targetHints":{"allow":["GET"]}}],"collection":[{"href":"https:\/\/oponixo.shop\/tire\/wp-json\/wp\/v2\/product"}],"about":[{"href":"https:\/\/oponixo.shop\/tire\/wp-json\/wp\/v2\/types\/product"}],"wp:featuredmedia":[{"embeddable":true,"href":"https:\/\/oponixo.shop\/tire\/wp-json\/wp\/v2\/media\/11972"}],"wp:attachment":[{"href":"https:\/\/oponixo.shop\/tire\/wp-json\/wp\/v2\/media?parent=11971"}],"wp:term":[{"taxonomy":"product_brand","embeddable":true,"href":"https:\/\/oponixo.shop\/tire\/wp-json\/wp\/v2\/product_brand?post=11971"},{"taxonomy":"product_cat","embeddable":true,"href":"https:\/\/oponixo.shop\/tire\/wp-json\/wp\/v2\/product_cat?post=11971"},{"taxonomy":"product_tag","embeddable":true,"href":"https:\/\/oponixo.shop\/tire\/wp-json\/wp\/v2\/product_tag?post=11971"}],"curies":[{"name":"wp","href":"https:\/\/api.w.org\/{rel}","templated":true}]}}