{"id":11989,"date":"2026-01-03T10:09:18","date_gmt":"2026-01-03T09:09:18","guid":{"rendered":"https:\/\/oponyexpert.shop\/xef5\/produkt\/4x-pirelli-scorpion-winter-275-40r20-315-35r20-bmw-x6-run-flat-zima\/"},"modified":"2026-01-17T14:19:58","modified_gmt":"2026-01-17T13:19:58","slug":"4x-pirelli-scorpion-winter-275-40r20-315-35r20-bmw-x6-run-flat-zima","status":"publish","type":"product","link":"https:\/\/oponixo.shop\/tire\/produkt\/4x-pirelli-scorpion-winter-275-40r20-315-35r20-bmw-x6-run-flat-zima\/","title":{"rendered":"4x Pirelli Scorpion Winter 275\/40R20 + 315\/35R20 BMW X6 Run Flat Zima"},"content":{"rendered":"<div style=\"font-family: Arial, sans-serif; line-height: 1.6; color: #333; padding: 20px; clear: both; display: block; width: 100%; float: none; position: static; overflow: hidden;\">\n<div style=\"clear: both; display: block; margin: 10px 0;\">\n<div style=\"clear: both; display: block; margin: 10px 0;\">\n<div style=\"clear: both; display: block; margin: 10px 0;\">\n<h3 style=\"color: #2c5aa0; font-size: 18px; margin: 30px 0 15px 0; font-weight: bold; clear: both; display: block; width: 100%; float: none; position: static;\">Pirelli Scorpion Winter &#8211; Opony zimowe,<\/h3>\n<h3 style=\"color: #2c5aa0; font-size: 18px; margin: 30px 0 15px 0; font-weight: bold; clear: both; display: block; width: 100%; float: none; position: static;\">Opony Run FLAT<\/h3>\n<h3 style=\"color: #2c5aa0; font-size: 18px; margin: 30px 0 15px 0; font-weight: bold; clear: both; display: block; width: 100%; float: none; position: static;\">Zestaw: 2x 275\/40 R20 + 2x 315\/35 R20<\/h3>\n<ul style=\"margin: 15px 0; padding-left: 20px; clear: both; display: block; width: 100%; float: none; position: static;\">\n<li style=\"margin: 5px 0; padding: 2px 0; clear: both; display: list-item; float: none; position: static;\">Opony nowe<\/li>\n<\/ul>\n<ul style=\"margin: 15px 0; padding-left: 20px; clear: both; display: block; width: 100%; float: none; position: static;\">\n<li style=\"margin: 5px 0; padding: 2px 0; clear: both; display: list-item; float: none; position: static;\"><b>Rok produkcji opon &#8211; nie starsze ni\u017c 2024<\/b><\/li>\n<\/ul>\n<ul style=\"margin: 15px 0; padding-left: 20px; clear: both; display: block; width: 100%; float: none; position: static;\">\n<li style=\"margin: 5px 0; padding: 2px 0; clear: both; display: list-item; float: none; position: static;\">Indeks no\u015bno\u015bci i pr\u0119dko\u015bci &#8211; 106V XL + 110V XL<\/li>\n<\/ul>\n<ul style=\"margin: 15px 0; padding-left: 20px; clear: both; display: block; width: 100%; float: none; position: static;\">\n<li style=\"margin: 5px 0; padding: 2px 0; clear: both; display: list-item; float: none; position: static;\">Do ka\u017cdego zam\u00f3wienia do\u0142\u0105czamy dokument sprzeda\u017cy<\/li>\n<\/ul>\n<ul style=\"margin: 15px 0; padding-left: 20px; clear: both; display: block; width: 100%; float: none; position: static;\"><\/ul>\n<\/div>\n<\/div>\n<div style=\"clear: both; display: block; margin: 10px 0;\">\n<div style=\"clear: both; display: block; margin: 10px 0;\">\n<div  style=\"max-width:2036px;max-height:1524px\">\n<div style=\"clear: both; display: block; margin: 10px 0;\">\n<div style=\"clear: both; width: 100%; display: block; margin: 20px 0; padding: 0; float: none; position: static; text-align: center;\"><img decoding=\"async\"  src=\"https:\/\/a.allegroimg.com\/original\/111cba\/dc357b194f79b5db641e66ccdb09\/4x-Pirelli-Scorpion-Winter-275-40R20-315-35R20-BMW-X6-Run-Flat-Zima-Liczba-opon-w-ofercie-Komplet-4-szt\" srcset=\"https:\/\/a.allegroimg.com\/original\/111cba\/dc357b194f79b5db641e66ccdb09\/4x-Pirelli-Scorpion-Winter-275-40R20-315-35R20-BMW-X6-Run-Flat-Zima-Liczba-opon-w-ofercie-Komplet-4-szt 360w,https:\/\/a.allegroimg.com\/original\/111cba\/dc357b194f79b5db641e66ccdb09\/4x-Pirelli-Scorpion-Winter-275-40R20-315-35R20-BMW-X6-Run-Flat-Zima-Liczba-opon-w-ofercie-Komplet-4-szt 720w,https:\/\/a.allegroimg.com\/original\/111cba\/dc357b194f79b5db641e66ccdb09\/4x-Pirelli-Scorpion-Winter-275-40R20-315-35R20-BMW-X6-Run-Flat-Zima-Liczba-opon-w-ofercie-Komplet-4-szt 1023w,https:\/\/a.allegroimg.com\/original\/111cba\/dc357b194f79b5db641e66ccdb09\/4x-Pirelli-Scorpion-Winter-275-40R20-315-35R20-BMW-X6-Run-Flat-Zima-Liczba-opon-w-ofercie-Komplet-4-szt 1440w,https:\/\/a.allegroimg.com\/original\/111cba\/dc357b194f79b5db641e66ccdb09\/4x-Pirelli-Scorpion-Winter-275-40R20-315-35R20-BMW-X6-Run-Flat-Zima-Liczba-opon-w-ofercie-Komplet-4-szt 2036w\" sizes=\"(min-width: 1200px) 560px, (min-width: 992px) 50vw, 100vw\" width=\"2036px\" alt=\"4x Pirelli Scorpion Winter 275\/40R20 + 315\/35R20 BMW X6 Run Flat Zima Liczba opon w ofercie Komplet 4 szt.\"\/ style=\"max-width: 100%; height: auto; display: block; margin: 0 auto;\"><\/div>\n<\/div>\n<\/div>\n<\/div>\n<\/div>\n<\/div>\n<\/div>\n<\/div>\n<\/div>\n<div style=\"clear: both; display: block; margin: 10px 0;\">\n","protected":false},"excerpt":{"rendered":"<p>Pirelli Scorpion Winter &#8211; Opony zimowe,<\/p>\n<p>Opony Run FLAT<\/p>\n<p>Zestaw: 2x 275\/40 R20 + 2x 315\/35 R20<\/p>\n<p>Opony nowe<\/p>\n<p>Rok produkcji opon &#8211; nie starsze ni\u017c 2024<\/p>\n<p>Indeks no\u015bno\u015bci i pr\u0119dko\u015bci &#8211; 106V XL + 110V XL<\/p>\n<p>Do ka\u017cdego zam\u00f3wienia do\u0142\u0105czamy dokument sprzeda\u017cy<\/p>\n","protected":false},"featured_media":11990,"template":"","meta":{"_uag_custom_page_level_css":""},"product_brand":[433],"product_cat":[414,413,412,415],"product_tag":[],"class_list":{"0":"post-11989","1":"product","2":"type-product","3":"status-publish","4":"has-post-thumbnail","6":"product_brand-pirelli","7":"product_cat-do-samochodow-osobowych-i-suv","8":"product_cat-opony","9":"product_cat-opony-i-felgi","10":"product_cat-zimowe","12":"first","13":"instock","14":"sale","15":"shipping-taxable","16":"purchasable","17":"product-type-simple"},"uagb_featured_image_src":{"full":["https:\/\/oponixo.shop\/tire\/wp-content\/uploads\/2026\/01\/allegro-image-11989.jpg",1692,1748,false],"thumbnail":["https:\/\/oponixo.shop\/tire\/wp-content\/uploads\/2026\/01\/allegro-image-11989-150x150.jpg",150,150,true],"medium":["https:\/\/oponixo.shop\/tire\/wp-content\/uploads\/2026\/01\/allegro-image-11989-290x300.jpg",290,300,true],"medium_large":["https:\/\/oponixo.shop\/tire\/wp-content\/uploads\/2026\/01\/allegro-image-11989-768x793.jpg",768,793,true],"large":["https:\/\/oponixo.shop\/tire\/wp-content\/uploads\/2026\/01\/allegro-image-11989-991x1024.jpg",991,1024,true],"1536x1536":["https:\/\/oponixo.shop\/tire\/wp-content\/uploads\/2026\/01\/allegro-image-11989-1487x1536.jpg",1487,1536,true],"2048x2048":["https:\/\/oponixo.shop\/tire\/wp-content\/uploads\/2026\/01\/allegro-image-11989.jpg",1692,1748,false],"woocommerce_thumbnail":["https:\/\/oponixo.shop\/tire\/wp-content\/uploads\/2026\/01\/allegro-image-11989-300x300.jpg",300,300,true],"woocommerce_single":["https:\/\/oponixo.shop\/tire\/wp-content\/uploads\/2026\/01\/allegro-image-11989-600x620.jpg",600,620,true],"woocommerce_gallery_thumbnail":["https:\/\/oponixo.shop\/tire\/wp-content\/uploads\/2026\/01\/allegro-image-11989-100x100.jpg",100,100,true]},"uagb_author_info":{"display_name":"admin","author_link":"https:\/\/oponixo.shop\/tire\/author\/"},"uagb_comment_info":0,"uagb_excerpt":"Pirelli Scorpion Winter - Opony zimowe, Opony Run FLAT Zestaw: 2x 275\/40 R20 + 2x 315\/35 R20 Opony nowe Rok produkcji opon - nie starsze ni\u017c 2024 Indeks no\u015bno\u015bci i pr\u0119dko\u015bci - 106V XL + 110V XL Do ka\u017cdego zam\u00f3wienia do\u0142\u0105czamy dokument sprzeda\u017cy","_links":{"self":[{"href":"https:\/\/oponixo.shop\/tire\/wp-json\/wp\/v2\/product\/11989","targetHints":{"allow":["GET"]}}],"collection":[{"href":"https:\/\/oponixo.shop\/tire\/wp-json\/wp\/v2\/product"}],"about":[{"href":"https:\/\/oponixo.shop\/tire\/wp-json\/wp\/v2\/types\/product"}],"wp:featuredmedia":[{"embeddable":true,"href":"https:\/\/oponixo.shop\/tire\/wp-json\/wp\/v2\/media\/11990"}],"wp:attachment":[{"href":"https:\/\/oponixo.shop\/tire\/wp-json\/wp\/v2\/media?parent=11989"}],"wp:term":[{"taxonomy":"product_brand","embeddable":true,"href":"https:\/\/oponixo.shop\/tire\/wp-json\/wp\/v2\/product_brand?post=11989"},{"taxonomy":"product_cat","embeddable":true,"href":"https:\/\/oponixo.shop\/tire\/wp-json\/wp\/v2\/product_cat?post=11989"},{"taxonomy":"product_tag","embeddable":true,"href":"https:\/\/oponixo.shop\/tire\/wp-json\/wp\/v2\/product_tag?post=11989"}],"curies":[{"name":"wp","href":"https:\/\/api.w.org\/{rel}","templated":true}]}}