{"id":11995,"date":"2026-01-03T10:09:32","date_gmt":"2026-01-03T09:09:32","guid":{"rendered":"https:\/\/oponyexpert.shop\/xef5\/produkt\/2-opony-zimowe-315-35r20-110v-hankook-winter-evo3-w330a\/"},"modified":"2026-01-03T10:09:35","modified_gmt":"2026-01-03T09:09:35","slug":"2-opony-zimowe-315-35r20-110v-hankook-winter-evo3-w330a","status":"publish","type":"product","link":"https:\/\/oponixo.shop\/tire\/produkt\/2-opony-zimowe-315-35r20-110v-hankook-winter-evo3-w330a\/","title":{"rendered":"2 opony zimowe 315\/35R20 110V HANKOOK Winter evo3 W330A"},"content":{"rendered":"<div style=\"font-family: Arial, sans-serif; line-height: 1.6; color: #333; padding: 20px; clear: both; display: block; width: 100%; float: none; position: static; overflow: hidden;\">\n<div style=\"clear: both; display: block; margin: 10px 0;\">\n<div style=\"clear: both; display: block; margin: 10px 0;\">\n<div style=\"clear: both; display: block; margin: 10px 0;\">\n<ul style=\"margin: 15px 0; padding-left: 20px; clear: both; display: block; width: 100%; float: none; position: static;\">\n<li style=\"margin: 5px 0; padding: 2px 0; clear: both; display: list-item; float: none; position: static;\">MARKA\/MODEL: <b>HANKOOK Winter i*cept evo3 X W330A<\/b><\/li>\n<li style=\"margin: 5px 0; padding: 2px 0; clear: both; display: list-item; float: none; position: static;\">ROZMIAR OPON: <b> 315\/35R20<\/b><\/li>\n<li style=\"margin: 5px 0; padding: 2px 0; clear: both; display: list-item; float: none; position: static;\">INDEKS PR\u0118DKO\u015aCI: <b>V<\/b><\/li>\n<li style=\"margin: 5px 0; padding: 2px 0; clear: both; display: list-item; float: none; position: static;\">INDEKS NO\u015aNO\u015aCI: <b>110 XL<\/b><\/li>\n<li style=\"margin: 5px 0; padding: 2px 0; clear: both; display: list-item; float: none; position: static;\">DATA PRODUKCJI: <b>nie starsze ni\u017c 2023<\/b><\/li>\n<li style=\"margin: 5px 0; padding: 2px 0; clear: both; display: list-item; float: none; position: static;\">SEZON: <b>Zimowe<\/b><\/li>\n<li style=\"margin: 5px 0; padding: 2px 0; clear: both; display: list-item; float: none; position: static;\">STAN: <b>Nowy<\/b><\/li>\n<li style=\"margin: 5px 0; padding: 2px 0; clear: both; display: list-item; float: none; position: static;\">RANT OCHRONNY NA FELG\u0118: <b>TAK<\/b><\/li>\n<li style=\"margin: 5px 0; padding: 2px 0; clear: both; display: list-item; float: none; position: static;\">DODATKOWE OZNACZENIA: <\/li>\n<\/ul>\n<p style=\"margin: 15px 0; line-height: 1.8; clear: both; display: block; width: 100%; float: none; position: static;\"><b>Hankook<\/b> w zimowym bie\u017cniku <b>Winter i&apos;cept evo3 X W330A<\/b> jest propozycj\u0105 z p\u00f3\u0142ki <b>premium<\/b>, przeznaczon\u0105 do aut typu <b>suv<\/b> oraz <b>4&#215;4<\/b> \u015brednich i wysokich osi\u0105g\u00f3w. Posiada nowoczesny, <b>kierunkowy<\/b> wz\u00f3r bie\u017cnika. Mieszanka krzemionkowa o wysokiej <b>no\u015bno\u015bci<\/b> zapewnia doskona\u0142e osi\u0105gi na mokrej nawierzchni. Naturalne sk\u0142adniki zapewniaj\u0105 <b>elastyczno\u015b\u0107<\/b> gumy w szerokim zakresie temperatur. Pe\u0142na warstwa os\u0142onowa ze stali zwi\u0119ksza <b>sztywno\u015b\u0107<\/b> bie\u017cnika, a os\u0142ona brzegowa poprawia w\u0142a\u015bciwo\u015bci jezdne. Osnowa z w\u0142\u00f3kna o podw\u00f3jnej strukturze zwi\u0119ksza <b>twardo\u015b\u0107<\/b> opony. Z\u0105bkowane <b>lamele 3D<\/b> na ko\u0144cu bie\u017cnika poprawiaj\u0105 skuteczno\u015b\u0107 hamowania w zimowych warunkach. Dodatkowo zwi\u0119kszaj\u0105 <b>stabilno\u015b\u0107<\/b> podczas jazdy, minimalizuj\u0105c ruch klock\u00f3w. Naci\u0119cie po wewn\u0119trznej stronie klock\u00f3w na barku zwi\u0119ksza <b>przyczepno\u015b\u0107<\/b> na mokrej nawierzchni, skutecznie odprowadzaj\u0105c wod\u0119, minimalizuj\u0105c przy tym ryzyko <b>aquaplaningu<\/b>. Innowacyjna mieszanka <b>Aqua Pine<\/b> z wysokiej jako\u015bci \u017cywicy pozwala uzyska\u0107 maksymaln\u0105 przyczepno\u015b\u0107 na mokrej i <b>o\u015bnie\u017conej<\/b> nawierzchni.<\/p>\n<\/div>\n<\/div>\n<div style=\"clear: both; display: block; margin: 10px 0;\">\n<div style=\"clear: both; display: block; margin: 10px 0;\">\n<div  style=\"max-width:440px;max-height:500px\">\n<div style=\"clear: both; display: block; margin: 10px 0;\">\n<div style=\"clear: both; width: 100%; display: block; margin: 20px 0; padding: 0; float: none; position: static; text-align: center;\"><img decoding=\"async\"  src=\"https:\/\/a.allegroimg.com\/original\/116528\/c794c1644f44917d8edacb4b6725\/2-opony-zimowe-315-35R20-110V-HANKOOK-Winter-evo3-W330A\" srcset=\"https:\/\/a.allegroimg.com\/original\/116528\/c794c1644f44917d8edacb4b6725\/2-opony-zimowe-315-35R20-110V-HANKOOK-Winter-evo3-W330A 316w,https:\/\/a.allegroimg.com\/original\/116528\/c794c1644f44917d8edacb4b6725\/2-opony-zimowe-315-35R20-110V-HANKOOK-Winter-evo3-W330A 440w,https:\/\/a.allegroimg.com\/original\/116528\/c794c1644f44917d8edacb4b6725\/2-opony-zimowe-315-35R20-110V-HANKOOK-Winter-evo3-W330A 440w\" sizes=\"(min-width: 1200px) 560px, (min-width: 992px) 50vw, 100vw\" width=\"440px\" alt=\"2 opony zimowe 315\/35R20 110V HANKOOK Winter evo3 W330A\"\/ style=\"max-width: 100%; height: auto; display: block; margin: 0 auto;\"><\/div>\n<\/div>\n<\/div>\n<\/div>\n<\/div>\n<\/div>\n<div style=\"clear: both; display: block; margin: 10px 0;\">\n<div style=\"clear: both; display: block; margin: 10px 0;\">\n<div style=\"clear: both; display: block; margin: 10px 0;\">\n<div  style=\"max-width:213px;max-height:312px\">\n<div style=\"clear: both; display: block; margin: 10px 0;\">\n<div style=\"clear: both; width: 100%; display: block; margin: 20px 0; padding: 0; float: none; position: static; text-align: center;\"><img decoding=\"async\"  src=\"https:\/\/a.allegroimg.com\/original\/119384\/079dd9c9432f923e8137a534800c\/2-opony-zimowe-315-35R20-110V-HANKOOK-Winter-evo3-W330A-Liczba-opon-w-ofercie-2-szt\" srcset=\"https:\/\/a.allegroimg.com\/original\/119384\/079dd9c9432f923e8137a534800c\/2-opony-zimowe-315-35R20-110V-HANKOOK-Winter-evo3-W330A-Liczba-opon-w-ofercie-2-szt 213w,https:\/\/a.allegroimg.com\/original\/119384\/079dd9c9432f923e8137a534800c\/2-opony-zimowe-315-35R20-110V-HANKOOK-Winter-evo3-W330A-Liczba-opon-w-ofercie-2-szt 213w\" sizes=\"100vw\" width=\"213px\" alt=\"2 opony zimowe 315\/35R20 110V HANKOOK Winter evo3 W330A Liczba opon w ofercie 2 szt.\"\/ style=\"max-width: 100%; height: auto; display: block; margin: 0 auto;\"><\/div>\n<\/div>\n<\/div>\n<\/div>\n<\/div>\n<\/div>\n<div style=\"clear: both; display: block; margin: 10px 0;\">\n<div style=\"clear: both; display: block; margin: 10px 0;\">\n<div style=\"clear: both; display: block; margin: 10px 0;\">\n<div  style=\"max-width:1600px;max-height:300px\">\n<div style=\"clear: both; display: block; margin: 10px 0;\">\n<div style=\"clear: both; width: 100%; display: block; margin: 20px 0; padding: 0; float: none; position: static; text-align: center;\"><img decoding=\"async\"  src=\"https:\/\/a.allegroimg.com\/original\/114d43\/2d7910d04ad29e6c733ce1d10c2e\/2-opony-zimowe-315-35R20-110V-HANKOOK-Winter-evo3-W330A-Rok-produkcji-2023\" srcset=\"https:\/\/a.allegroimg.com\/original\/114d43\/2d7910d04ad29e6c733ce1d10c2e\/2-opony-zimowe-315-35R20-110V-HANKOOK-Winter-evo3-W330A-Rok-produkcji-2023 360w,https:\/\/a.allegroimg.com\/original\/114d43\/2d7910d04ad29e6c733ce1d10c2e\/2-opony-zimowe-315-35R20-110V-HANKOOK-Winter-evo3-W330A-Rok-produkcji-2023 720w,https:\/\/a.allegroimg.com\/original\/114d43\/2d7910d04ad29e6c733ce1d10c2e\/2-opony-zimowe-315-35R20-110V-HANKOOK-Winter-evo3-W330A-Rok-produkcji-2023 1024w,https:\/\/a.allegroimg.com\/original\/114d43\/2d7910d04ad29e6c733ce1d10c2e\/2-opony-zimowe-315-35R20-110V-HANKOOK-Winter-evo3-W330A-Rok-produkcji-2023 1440w,https:\/\/a.allegroimg.com\/original\/114d43\/2d7910d04ad29e6c733ce1d10c2e\/2-opony-zimowe-315-35R20-110V-HANKOOK-Winter-evo3-W330A-Rok-produkcji-2023 1600w\" sizes=\"(min-width: 1200px) 560px, (min-width: 992px) 50vw, 100vw\" width=\"1600px\" alt=\"2 opony zimowe 315\/35R20 110V HANKOOK Winter evo3 W330A Rok produkcji 2023\"\/ style=\"max-width: 100%; height: auto; display: block; margin: 0 auto;\"><\/div>\n<\/div>\n<\/div>\n<\/div>\n<\/div>\n<div style=\"clear: both; display: block; margin: 10px 0;\">\n<div style=\"clear: both; display: block; margin: 10px 0;\">\n<p style=\"margin: 15px 0; line-height: 1.8; clear: both; display: block; width: 100%; float: none; position: static;\"><b>Hankook Tire<\/b> &#8211; po\u0142udniowo-korea\u0144ski producent opon do samochod\u00f3w osobowych, dostawczych, ci\u0119\u017carowych i autobus\u00f3w. Od 1941 r., czyli skromnych pocz\u0105tk\u00f3w jako pierwszego producenta opon w Korei, firma rozwin\u0119\u0142a si\u0119 do pozycji si\u00f3dmego producenta opon na \u015bwiecie. Koncern posiada 5 centr\u00f3w badawczo-rozwojowych i k\u0142adzie szczeg\u00f3lny nacisk na rozw\u00f3j technologiczny i innowacyjno\u015b\u0107 produkt\u00f3w. 8 zak\u0142ad\u00f3w produkcyjnych ulokowanych jest na 3 kontynentach. Firma stale zyskuje na presti\u017cu, co ma swoje odzwierciedlenie w przyznawanych jej mi\u0119dzynarodowych nagrodach. Na uwag\u0119 zas\u0142uguje te\u017c fakt, \u017ce koncern na swoje produkty udziela do\u017cywotniej gwarancji. Hankook zosta\u0142 te\u017c doceniony przez kilkunastu czo\u0142owych producent\u00f3w aut, kt\u00f3rzy coraz cz\u0119\u015bciej i ch\u0119tniej wybieraj\u0105 opony tej marki na pierwszy monta\u017c. <\/p>\n<\/div>\n<\/div>\n<\/div>\n<div style=\"clear: both; display: block; margin: 10px 0;\">\n<div style=\"clear: both; display: block; margin: 10px 0;\">\n<div style=\"clear: both; display: block; margin: 10px 0;\">\n<div  style=\"max-width:440px;max-height:500px\">\n<div style=\"clear: both; display: block; margin: 10px 0;\">\n<div style=\"clear: both; width: 100%; display: block; margin: 20px 0; padding: 0; float: none; position: static; text-align: center;\"><img decoding=\"async\"  src=\"https:\/\/a.allegroimg.com\/original\/115c9f\/ce20030446858655543d04556f57\/2-opony-zimowe-315-35R20-110V-HANKOOK-Winter-evo3-W330A-Profil-opony-35\" srcset=\"https:\/\/a.allegroimg.com\/original\/115c9f\/ce20030446858655543d04556f57\/2-opony-zimowe-315-35R20-110V-HANKOOK-Winter-evo3-W330A-Profil-opony-35 316w,https:\/\/a.allegroimg.com\/original\/115c9f\/ce20030446858655543d04556f57\/2-opony-zimowe-315-35R20-110V-HANKOOK-Winter-evo3-W330A-Profil-opony-35 440w,https:\/\/a.allegroimg.com\/original\/115c9f\/ce20030446858655543d04556f57\/2-opony-zimowe-315-35R20-110V-HANKOOK-Winter-evo3-W330A-Profil-opony-35 440w\" sizes=\"100vw\" width=\"440px\" alt=\"2 opony zimowe 315\/35R20 110V HANKOOK Winter evo3 W330A Profil opony 35\"\/ style=\"max-width: 100%; height: auto; display: block; margin: 0 auto;\"><\/div>\n<\/div>\n<\/div>\n<\/div>\n<\/div>\n<\/div>\n<div style=\"clear: both; display: block; margin: 10px 0;\">\n<div style=\"clear: both; display: block; margin: 10px 0;\">\n<div style=\"clear: both; display: block; margin: 10px 0;\">\n<h2>Na naszych innych aukcjach Allegro znajdziesz felgi stalowe i aluminiowe, czujniki (TPMS) oraz \u015bruby i nakr\u0119tki.<\/h2>\n<\/div>\n<\/div>\n<\/div>\n<\/div>\n<\/div>\n<\/div>\n<div style=\"clear: both; display: block; margin: 10px 0;\">\n","protected":false},"excerpt":{"rendered":"<p>MARKA\/MODEL: HANKOOK Winter i*cept evo3 X W330A<\/p>\n<p>ROZMIAR OPON: 315\/35R20<\/p>\n<p>INDEKS PR\u0118DKO\u015aCI: V<\/p>\n<p>INDEKS NO\u015aNO\u015aCI: 110 XL<\/p>\n<p>DATA PRODUKCJI: nie starsze ni\u017c 2023<\/p>\n<p>SEZON: Zimowe<\/p>\n<p>STAN: Nowy<\/p>\n<p>RANT OCHRONNY NA FELG\u0118: TAK<\/p>\n","protected":false},"featured_media":11996,"template":"","meta":{"_uag_custom_page_level_css":""},"product_brand":[411],"product_cat":[414,413,412,415],"product_tag":[],"class_list":{"0":"post-11995","1":"product","2":"type-product","3":"status-publish","4":"has-post-thumbnail","6":"product_brand-hankook","7":"product_cat-do-samochodow-osobowych-i-suv","8":"product_cat-opony","9":"product_cat-opony-i-felgi","10":"product_cat-zimowe","12":"first","13":"instock","14":"shipping-taxable","15":"purchasable","16":"product-type-simple"},"uagb_featured_image_src":{"full":["https:\/\/oponixo.shop\/tire\/wp-content\/uploads\/2026\/01\/allegro-image-11995.jpg",440,500,false],"thumbnail":["https:\/\/oponixo.shop\/tire\/wp-content\/uploads\/2026\/01\/allegro-image-11995-150x150.jpg",150,150,true],"medium":["https:\/\/oponixo.shop\/tire\/wp-content\/uploads\/2026\/01\/allegro-image-11995-264x300.jpg",264,300,true],"medium_large":["https:\/\/oponixo.shop\/tire\/wp-content\/uploads\/2026\/01\/allegro-image-11995.jpg",440,500,false],"large":["https:\/\/oponixo.shop\/tire\/wp-content\/uploads\/2026\/01\/allegro-image-11995.jpg",440,500,false],"1536x1536":["https:\/\/oponixo.shop\/tire\/wp-content\/uploads\/2026\/01\/allegro-image-11995.jpg",440,500,false],"2048x2048":["https:\/\/oponixo.shop\/tire\/wp-content\/uploads\/2026\/01\/allegro-image-11995.jpg",440,500,false],"woocommerce_thumbnail":["https:\/\/oponixo.shop\/tire\/wp-content\/uploads\/2026\/01\/allegro-image-11995-300x300.jpg",300,300,true],"woocommerce_single":["https:\/\/oponixo.shop\/tire\/wp-content\/uploads\/2026\/01\/allegro-image-11995.jpg",440,500,false],"woocommerce_gallery_thumbnail":["https:\/\/oponixo.shop\/tire\/wp-content\/uploads\/2026\/01\/allegro-image-11995-100x100.jpg",100,100,true]},"uagb_author_info":{"display_name":"admin","author_link":"https:\/\/oponixo.shop\/tire\/author\/"},"uagb_comment_info":0,"uagb_excerpt":"MARKA\/MODEL: HANKOOK Winter i*cept evo3 X W330A ROZMIAR OPON: 315\/35R20 INDEKS PR\u0118DKO\u015aCI: V INDEKS NO\u015aNO\u015aCI: 110 XL DATA PRODUKCJI: nie starsze ni\u017c 2023 SEZON: Zimowe STAN: Nowy RANT OCHRONNY NA FELG\u0118: TAK","_links":{"self":[{"href":"https:\/\/oponixo.shop\/tire\/wp-json\/wp\/v2\/product\/11995","targetHints":{"allow":["GET"]}}],"collection":[{"href":"https:\/\/oponixo.shop\/tire\/wp-json\/wp\/v2\/product"}],"about":[{"href":"https:\/\/oponixo.shop\/tire\/wp-json\/wp\/v2\/types\/product"}],"wp:featuredmedia":[{"embeddable":true,"href":"https:\/\/oponixo.shop\/tire\/wp-json\/wp\/v2\/media\/11996"}],"wp:attachment":[{"href":"https:\/\/oponixo.shop\/tire\/wp-json\/wp\/v2\/media?parent=11995"}],"wp:term":[{"taxonomy":"product_brand","embeddable":true,"href":"https:\/\/oponixo.shop\/tire\/wp-json\/wp\/v2\/product_brand?post=11995"},{"taxonomy":"product_cat","embeddable":true,"href":"https:\/\/oponixo.shop\/tire\/wp-json\/wp\/v2\/product_cat?post=11995"},{"taxonomy":"product_tag","embeddable":true,"href":"https:\/\/oponixo.shop\/tire\/wp-json\/wp\/v2\/product_tag?post=11995"}],"curies":[{"name":"wp","href":"https:\/\/api.w.org\/{rel}","templated":true}]}}