{"id":12035,"date":"2026-01-03T10:13:41","date_gmt":"2026-01-03T09:13:41","guid":{"rendered":"https:\/\/oponyexpert.shop\/xef5\/produkt\/4x-bridgestone-turanza-all-season-6-195-55r20-95h\/"},"modified":"2026-01-03T10:13:42","modified_gmt":"2026-01-03T09:13:42","slug":"4x-bridgestone-turanza-all-season-6-195-55r20-95h","status":"publish","type":"product","link":"https:\/\/oponixo.shop\/tire\/produkt\/4x-bridgestone-turanza-all-season-6-195-55r20-95h\/","title":{"rendered":"4x Bridgestone Turanza All Season 6 195\/55R20 95H"},"content":{"rendered":"<div style=\"font-family: Arial, sans-serif; line-height: 1.6; color: #333; padding: 20px; clear: both; display: block; width: 100%; float: none; position: static; overflow: hidden;\">\n<div style=\"clear: both; display: block; margin: 10px 0;\">\n<div style=\"clear: both; display: block; margin: 10px 0;\">\n<div style=\"clear: both; display: block; margin: 10px 0;\">\n<div  style=\"max-width:980px;max-height:56px\">\n<div style=\"clear: both; display: block; margin: 10px 0;\">\n<div style=\"clear: both; width: 100%; display: block; margin: 20px 0; padding: 0; float: none; position: static; text-align: center;\"><img decoding=\"async\"  src=\"https:\/\/a.allegroimg.com\/original\/118fc7\/e218d0a8470499b2acc070aa6bc2\/4x-Bridgestone-Turanza-All-Season-6-195-55R20-95H-Marka-Bridgestone\" srcset=\"https:\/\/a.allegroimg.com\/original\/118fc7\/e218d0a8470499b2acc070aa6bc2\/4x-Bridgestone-Turanza-All-Season-6-195-55R20-95H-Marka-Bridgestone 360w,https:\/\/a.allegroimg.com\/original\/118fc7\/e218d0a8470499b2acc070aa6bc2\/4x-Bridgestone-Turanza-All-Season-6-195-55R20-95H-Marka-Bridgestone 720w,https:\/\/a.allegroimg.com\/original\/118fc7\/e218d0a8470499b2acc070aa6bc2\/4x-Bridgestone-Turanza-All-Season-6-195-55R20-95H-Marka-Bridgestone 980w,https:\/\/a.allegroimg.com\/original\/118fc7\/e218d0a8470499b2acc070aa6bc2\/4x-Bridgestone-Turanza-All-Season-6-195-55R20-95H-Marka-Bridgestone 980w\" sizes=\"100vw\" width=\"980px\" alt=\"4x Bridgestone Turanza All Season 6 195\/55R20 95H Marka Bridgestone\"\/ style=\"max-width: 100%; height: auto; display: block; margin: 0 auto;\"><\/div>\n<\/div>\n<\/div>\n<\/div>\n<\/div>\n<\/div>\n<div style=\"clear: both; display: block; margin: 10px 0;\">\n<div style=\"clear: both; display: block; margin: 10px 0;\">\n<div style=\"clear: both; display: block; margin: 10px 0;\">\n<h1>Bridgestone Turanza All Season 6 <\/h1>\n<h1>195\/55 R20 95H do 210 km\/h<\/h1>\n<h2>Kod produktu: 3286342396811<\/h2>\n<h2>STWORZONE DO DZIA\u0141ANIA O KA\u017bDEJ PORZE ROKU<\/h2>\n<p style=\"margin: 15px 0; line-height: 1.8; clear: both; display: block; width: 100%; float: none; position: static;\">Nowa, ca\u0142oroczna opona BRIDGESTONE TURANZA ALL SEASON 6, stworzona przy u\u017cyciu innowacyjnych technologii, zapewni Ci bezpiecze\u0144stwo w ka\u017cdych warunkach. Sprawdzi si\u0119 doskonale podczas opad\u00f3w deszczu oraz sprosta nawierzchni pokrytej \u015bniegiem. Pozwoli czu\u0107 si\u0119 pewnie podczas jazdy po autostradzie czy konieczno\u015bci gwa\u0142townego hamowania w mie\u015bcie. Nawet przy ca\u0142orocznym u\u017cytkowaniu, pos\u0142u\u017cy Ci wyj\u0105tkowo d\u0142ugo. Przeznaczona do samochod\u00f3w osobowych oraz SUV-\u00f3w, niezale\u017cnie do rodzaju nap\u0119du<\/p>\n<ul style=\"margin: 15px 0; padding-left: 20px; clear: both; display: block; width: 100%; float: none; position: static;\">\n<li style=\"margin: 5px 0; padding: 2px 0; clear: both; display: list-item; float: none; position: static;\">Znakomita skuteczno\u015b\u0107 hamowania przez ca\u0142y rok<\/li>\n<\/ul>\n<ul style=\"margin: 15px 0; padding-left: 20px; clear: both; display: block; width: 100%; float: none; position: static;\">\n<li style=\"margin: 5px 0; padding: 2px 0; clear: both; display: list-item; float: none; position: static;\">Wyj\u0105tkowe osi\u0105gi na \u015bniegu<\/li>\n<\/ul>\n<ul style=\"margin: 15px 0; padding-left: 20px; clear: both; display: block; width: 100%; float: none; position: static;\">\n<li style=\"margin: 5px 0; padding: 2px 0; clear: both; display: list-item; float: none; position: static;\">Doskona\u0142e przebiegi<\/li>\n<\/ul>\n<p style=\"margin: 15px 0; line-height: 1.8; clear: both; display: block; width: 100%; float: none; position: static;\">Opona dostosowana r\u00f3wnie\u017c do pojazd\u00f3w elektrycznych.<\/p>\n<\/div>\n<\/div>\n<div style=\"clear: both; display: block; margin: 10px 0;\">\n<div style=\"clear: both; display: block; margin: 10px 0;\">\n<div  style=\"max-width:750px;max-height:1024px\">\n<div style=\"clear: both; display: block; margin: 10px 0;\">\n<div style=\"clear: both; width: 100%; display: block; margin: 20px 0; padding: 0; float: none; position: static; text-align: center;\"><img decoding=\"async\"  src=\"https:\/\/a.allegroimg.com\/original\/117b82\/ae79fd0e45faa51d99c73c8f4fac\/4x-Bridgestone-Turanza-All-Season-6-195-55R20-95H\" srcset=\"https:\/\/a.allegroimg.com\/original\/117b82\/ae79fd0e45faa51d99c73c8f4fac\/4x-Bridgestone-Turanza-All-Season-6-195-55R20-95H 263w,https:\/\/a.allegroimg.com\/original\/117b82\/ae79fd0e45faa51d99c73c8f4fac\/4x-Bridgestone-Turanza-All-Season-6-195-55R20-95H 527w,https:\/\/a.allegroimg.com\/original\/117b82\/ae79fd0e45faa51d99c73c8f4fac\/4x-Bridgestone-Turanza-All-Season-6-195-55R20-95H 750w,https:\/\/a.allegroimg.com\/original\/117b82\/ae79fd0e45faa51d99c73c8f4fac\/4x-Bridgestone-Turanza-All-Season-6-195-55R20-95H 750w\" sizes=\"(min-width: 1200px) 560px, (min-width: 992px) 50vw, 100vw\" width=\"750px\" alt=\"4x Bridgestone Turanza All Season 6 195\/55R20 95H\"\/ style=\"max-width: 100%; height: auto; display: block; margin: 0 auto;\"><\/div>\n<\/div>\n<\/div>\n<\/div>\n<\/div>\n<\/div>\n<div style=\"clear: both; display: block; margin: 10px 0;\">\n<div style=\"clear: both; display: block; margin: 10px 0;\">\n<div style=\"clear: both; display: block; margin: 10px 0;\">\n<div  style=\"max-width:212px;max-height:305px\">\n<div style=\"clear: both; display: block; margin: 10px 0;\">\n<div style=\"clear: both; width: 100%; display: block; margin: 20px 0; padding: 0; float: none; position: static; text-align: center;\"><img decoding=\"async\"  src=\"https:\/\/a.allegroimg.com\/original\/11871e\/f77cfd6f4d18815ea8ab1b16a18a\/4x-Bridgestone-Turanza-All-Season-6-195-55R20-95H-Klasa-premium\" srcset=\"https:\/\/a.allegroimg.com\/original\/11871e\/f77cfd6f4d18815ea8ab1b16a18a\/4x-Bridgestone-Turanza-All-Season-6-195-55R20-95H-Klasa-premium 212w,https:\/\/a.allegroimg.com\/original\/11871e\/f77cfd6f4d18815ea8ab1b16a18a\/4x-Bridgestone-Turanza-All-Season-6-195-55R20-95H-Klasa-premium 212w\" sizes=\"(min-width: 1200px) 560px, (min-width: 992px) 50vw, 100vw\" width=\"212px\" alt=\"4x Bridgestone Turanza All Season 6 195\/55R20 95H Klasa premium\"\/ style=\"max-width: 100%; height: auto; display: block; margin: 0 auto;\"><\/div>\n<\/div>\n<\/div>\n<\/div>\n<\/div>\n<div style=\"clear: both; display: block; margin: 10px 0;\">\n<div style=\"clear: both; display: block; margin: 10px 0;\">\n<h2>Sezon: Ca\u0142oroczne<\/h2>\n<h2>Liczba opon w ofercie: 4<\/h2>\n<h2>Szeroko\u015b\u0107 opony: 195 mm<\/h2>\n<h2>Profil opony: 55<\/h2>\n<h2>\u015arednica: 20<\/h2>\n<h2>Indeks no\u015bno\u015bci: 95<\/h2>\n<h2>Indeks pr\u0119dko\u015bci: H do 210 km\/h<\/h2>\n<h2>Op\u00f3r toczenia: Klasa C<\/h2>\n<h2>Przyczepno\u015b\u0107 na mokrym: Klasa B<\/h2>\n<h2>Ha\u0142as zewn\u0119trzny: 70 dB<\/h2>\n<h2>Rok produkcji: <\/h2>\n<h2>Kod producenta: 23968<\/h2>\n<\/div>\n<\/div>\n<\/div>\n<div style=\"clear: both; display: block; margin: 10px 0;\">\n<div style=\"clear: both; display: block; margin: 10px 0;\">\n<div style=\"clear: both; display: block; margin: 10px 0;\">\n<p style=\"margin: 15px 0; line-height: 1.8; clear: both; display: block; width: 100%; float: none; position: static;\">Bridgestone Turanza All Season 6 \u2013 ca\u0142oroczna opona osobowa klasy premium, wyposa\u017cona w technologi\u0119 ENLITEN. Zaprojektowana z my\u015bl\u0105 o ca\u0142orocznej eksploatacji, opona Bridgestone Turanza All Season 6 zosta\u0142a stworzona na podstawie kompleksowych bada\u0144 rynkowych z udzia\u0142em tysi\u0119cy europejskich kierowc\u00f3w. Niezale\u017cnie od pory roku europejscy kierowcy mierz\u0105 si\u0119 z wyzwaniami zwi\u0105zanymi z prowadzeniem samochodu, takimi jak deszcz i \u015bnieg. Opona Bridgestone Turanza All Season 6 zosta\u0142a zaprojektowana w taki spos\u00f3b, aby pom\u00f3c im zachowa\u0107 kontrol\u0119 w stresuj\u0105cych warunkach, bez wzgl\u0119du na por\u0119 roku i warunki pogodowe. Opona Bridgestone Turanza All Season 6 wyr\u00f3\u017cnia si\u0119 w trzech kluczowych obszarach: wyj\u0105tkowa skuteczno\u015b\u0107 hamowania przez ca\u0142y rok, wyj\u0105tkowe osi\u0105gi na \u015bniegu i doskona\u0142e przebiegi. Opona Bridgestone Turanza All Season 6 zosta\u0142a zaprojektowana z wykorzystaniem technologii ENLITEN \u2013 po\u0142\u0105czenia najnowocze\u015bniejszych rozwi\u0105za\u0144 zapewniaj\u0105cych maksymalne bezpiecze\u0144stwo, doskona\u0142e osi\u0105gi i ulepszone w\u0142a\u015bciwo\u015bci zwi\u0105zane ze zr\u00f3wnowa\u017conym rozwojem, przy dostosowaniu do u\u017cycia w pojazdach elektrycznych. Opony Bridgestone Turanza All Season 6 posiadaj\u0105 zoptymalizowany wz\u00f3r bie\u017cnika i now\u0105 mieszank\u0119, kt\u00f3ra zapewnia lepszy kontakt z asfaltem, odprowadzanie wody i zatrzymywanie \u015bniegu, a tak\u017ce bardziej zr\u00f3wnowa\u017cone osi\u0105gi. Opracowana i produkowana w Europie opona Bridgestone Turanza All Season 6 przeznaczona jest do samochod\u00f3w osobowych i SUV-\u00f3w, w tym zar\u00f3wno do pojazd\u00f3w elektrycznych, jak i spalinowych.<\/p>\n<\/div>\n<\/div>\n<\/div>\n<div style=\"clear: both; display: block; margin: 10px 0;\">\n<div style=\"clear: both; display: block; margin: 10px 0;\">\n<div style=\"clear: both; display: block; margin: 10px 0;\">\n<div  style=\"max-width:980px;max-height:104px\">\n<div style=\"clear: both; display: block; margin: 10px 0;\">\n<div style=\"clear: both; width: 100%; display: block; margin: 20px 0; padding: 0; float: none; position: static; text-align: center;\"><img decoding=\"async\"  src=\"https:\/\/a.allegroimg.com\/original\/119b23\/bc506d9a4717a637be7a916cb31e\/4x-Bridgestone-Turanza-All-Season-6-195-55R20-95H-Liczba-opon-w-ofercie-Komplet-4-szt\" srcset=\"https:\/\/a.allegroimg.com\/original\/119b23\/bc506d9a4717a637be7a916cb31e\/4x-Bridgestone-Turanza-All-Season-6-195-55R20-95H-Liczba-opon-w-ofercie-Komplet-4-szt 360w,https:\/\/a.allegroimg.com\/original\/119b23\/bc506d9a4717a637be7a916cb31e\/4x-Bridgestone-Turanza-All-Season-6-195-55R20-95H-Liczba-opon-w-ofercie-Komplet-4-szt 720w,https:\/\/a.allegroimg.com\/original\/119b23\/bc506d9a4717a637be7a916cb31e\/4x-Bridgestone-Turanza-All-Season-6-195-55R20-95H-Liczba-opon-w-ofercie-Komplet-4-szt 980w,https:\/\/a.allegroimg.com\/original\/119b23\/bc506d9a4717a637be7a916cb31e\/4x-Bridgestone-Turanza-All-Season-6-195-55R20-95H-Liczba-opon-w-ofercie-Komplet-4-szt 980w\" sizes=\"100vw\" width=\"980px\" alt=\"4x Bridgestone Turanza All Season 6 195\/55R20 95H Liczba opon w ofercie Komplet 4 szt.\"\/ style=\"max-width: 100%; height: auto; display: block; margin: 0 auto;\"><\/div>\n<\/div>\n<\/div>\n<\/div>\n<\/div>\n<\/div>\n<\/div>\n<\/div>\n<\/div>\n<div style=\"clear: both; display: block; margin: 10px 0;\">\n","protected":false},"excerpt":{"rendered":"<p>Bridgestone Turanza All Season 6<\/p>\n<p>195\/55 R20 95H do 210 km\/h<\/p>\n<p>Kod produktu: 3286342396811<\/p>\n<p>STWORZONE DO DZIA\u0141ANIA O KA\u017bDEJ PORZE ROKU<\/p>\n","protected":false},"featured_media":12036,"template":"","meta":{"_uag_custom_page_level_css":""},"product_brand":[397],"product_cat":[416,414,413,412],"product_tag":[],"class_list":{"0":"post-12035","1":"product","2":"type-product","3":"status-publish","4":"has-post-thumbnail","6":"product_brand-bridgestone","7":"product_cat-caloroczne","8":"product_cat-do-samochodow-osobowych-i-suv","9":"product_cat-opony","10":"product_cat-opony-i-felgi","12":"first","13":"instock","14":"shipping-taxable","15":"purchasable","16":"product-type-simple"},"uagb_featured_image_src":{"full":["https:\/\/oponixo.shop\/tire\/wp-content\/uploads\/2026\/01\/allegro-image-12035.jpg",750,1024,false],"thumbnail":["https:\/\/oponixo.shop\/tire\/wp-content\/uploads\/2026\/01\/allegro-image-12035-150x150.jpg",150,150,true],"medium":["https:\/\/oponixo.shop\/tire\/wp-content\/uploads\/2026\/01\/allegro-image-12035-220x300.jpg",220,300,true],"medium_large":["https:\/\/oponixo.shop\/tire\/wp-content\/uploads\/2026\/01\/allegro-image-12035.jpg",750,1024,false],"large":["https:\/\/oponixo.shop\/tire\/wp-content\/uploads\/2026\/01\/allegro-image-12035.jpg",750,1024,false],"1536x1536":["https:\/\/oponixo.shop\/tire\/wp-content\/uploads\/2026\/01\/allegro-image-12035.jpg",750,1024,false],"2048x2048":["https:\/\/oponixo.shop\/tire\/wp-content\/uploads\/2026\/01\/allegro-image-12035.jpg",750,1024,false],"woocommerce_thumbnail":["https:\/\/oponixo.shop\/tire\/wp-content\/uploads\/2026\/01\/allegro-image-12035-300x300.jpg",300,300,true],"woocommerce_single":["https:\/\/oponixo.shop\/tire\/wp-content\/uploads\/2026\/01\/allegro-image-12035-600x819.jpg",600,819,true],"woocommerce_gallery_thumbnail":["https:\/\/oponixo.shop\/tire\/wp-content\/uploads\/2026\/01\/allegro-image-12035-100x100.jpg",100,100,true]},"uagb_author_info":{"display_name":"admin","author_link":"https:\/\/oponixo.shop\/tire\/author\/"},"uagb_comment_info":0,"uagb_excerpt":"Bridgestone Turanza All Season 6 195\/55 R20 95H do 210 km\/h Kod produktu: 3286342396811 STWORZONE DO DZIA\u0141ANIA O KA\u017bDEJ PORZE ROKU","_links":{"self":[{"href":"https:\/\/oponixo.shop\/tire\/wp-json\/wp\/v2\/product\/12035","targetHints":{"allow":["GET"]}}],"collection":[{"href":"https:\/\/oponixo.shop\/tire\/wp-json\/wp\/v2\/product"}],"about":[{"href":"https:\/\/oponixo.shop\/tire\/wp-json\/wp\/v2\/types\/product"}],"wp:featuredmedia":[{"embeddable":true,"href":"https:\/\/oponixo.shop\/tire\/wp-json\/wp\/v2\/media\/12036"}],"wp:attachment":[{"href":"https:\/\/oponixo.shop\/tire\/wp-json\/wp\/v2\/media?parent=12035"}],"wp:term":[{"taxonomy":"product_brand","embeddable":true,"href":"https:\/\/oponixo.shop\/tire\/wp-json\/wp\/v2\/product_brand?post=12035"},{"taxonomy":"product_cat","embeddable":true,"href":"https:\/\/oponixo.shop\/tire\/wp-json\/wp\/v2\/product_cat?post=12035"},{"taxonomy":"product_tag","embeddable":true,"href":"https:\/\/oponixo.shop\/tire\/wp-json\/wp\/v2\/product_tag?post=12035"}],"curies":[{"name":"wp","href":"https:\/\/api.w.org\/{rel}","templated":true}]}}