{"id":12041,"date":"2026-01-03T10:13:43","date_gmt":"2026-01-03T09:13:43","guid":{"rendered":"https:\/\/oponyexpert.shop\/xef5\/produkt\/2x-pirelli-cinturato-all-season-sf3-195-55r20-95h\/"},"modified":"2026-01-03T10:13:43","modified_gmt":"2026-01-03T09:13:43","slug":"2x-pirelli-cinturato-all-season-sf3-195-55r20-95h","status":"publish","type":"product","link":"https:\/\/oponixo.shop\/tire\/produkt\/2x-pirelli-cinturato-all-season-sf3-195-55r20-95h\/","title":{"rendered":"2x Pirelli Cinturato All Season SF3 195\/55R20 95H"},"content":{"rendered":"<div style=\"font-family: Arial, sans-serif; line-height: 1.6; color: #333; padding: 20px; clear: both; display: block; width: 100%; float: none; position: static; overflow: hidden;\">\n<div style=\"clear: both; display: block; margin: 10px 0;\">\n<div style=\"clear: both; display: block; margin: 10px 0;\">\n<div style=\"clear: both; display: block; margin: 10px 0;\">\n<h1>2x nowe opony caloroczne PIRELLI CINTURATO ALL SEASON SF3 195\/55R20 95H<\/h1>\n<p style=\"margin: 15px 0; line-height: 1.8; clear: both; display: block; width: 100%; float: none; position: static;\">Cechy produktu<\/p>\n<ul style=\"margin: 15px 0; padding-left: 20px; clear: both; display: block; width: 100%; float: none; position: static;\">\n<li style=\"margin: 5px 0; padding: 2px 0; clear: both; display: list-item; float: none; position: static;\">Marka: Pirelli<\/li>\n<li style=\"margin: 5px 0; padding: 2px 0; clear: both; display: list-item; float: none; position: static;\">Model: Cinturato All Season SF3<\/li>\n<li style=\"margin: 5px 0; padding: 2px 0; clear: both; display: list-item; float: none; position: static;\">Szeroko\u015b\u0107\/profil\/\u015brednica: 195\/55R20<\/li>\n<li style=\"margin: 5px 0; padding: 2px 0; clear: both; display: list-item; float: none; position: static;\">Indeks no\u015bno\u015bci: do 95 (690 kg na opon\u0119)<\/li>\n<li style=\"margin: 5px 0; padding: 2px 0; clear: both; display: list-item; float: none; position: static;\">Indeks pr\u0119dko\u015bci: H (do 210 km\/h)<\/li>\n<li style=\"margin: 5px 0; padding: 2px 0; clear: both; display: list-item; float: none; position: static;\">Sezon: caloroczne<\/li>\n<li style=\"margin: 5px 0; padding: 2px 0; clear: both; display: list-item; float: none; position: static;\">Typ pojazdu: osobowy<\/li>\n<li style=\"margin: 5px 0; padding: 2px 0; clear: both; display: list-item; float: none; position: static;\">Klasa energetyczna: B<\/li>\n<li style=\"margin: 5px 0; padding: 2px 0; clear: both; display: list-item; float: none; position: static;\">Klasa przyczepno\u015bci: A<\/li>\n<li style=\"margin: 5px 0; padding: 2px 0; clear: both; display: list-item; float: none; position: static;\">Poziom ha\u0142asu: 72<\/li>\n<li style=\"margin: 5px 0; padding: 2px 0; clear: both; display: list-item; float: none; position: static;\">Klasa ha\u0142asu: B<\/li>\n<li style=\"margin: 5px 0; padding: 2px 0; clear: both; display: list-item; float: none; position: static;\">Rok produkcji: 2024\/2025<\/li>\n<li style=\"margin: 5px 0; padding: 2px 0; clear: both; display: list-item; float: none; position: static;\">Oznaczenia_dodatkowe: XL<\/li>\n<\/ul>\n<\/div>\n<\/div>\n<div style=\"clear: both; display: block; margin: 10px 0;\">\n<div style=\"clear: both; display: block; margin: 10px 0;\">\n<div  style=\"max-width:570px;max-height:800px\">\n<div style=\"clear: both; display: block; margin: 10px 0;\">\n<div style=\"clear: both; width: 100%; display: block; margin: 20px 0; padding: 0; float: none; position: static; text-align: center;\"><img decoding=\"async\"  src=\"https:\/\/a.allegroimg.com\/original\/119ba9\/1f2fad4b43b0b55f95e4b11cd9b5\/2x-Pirelli-Cinturato-All-Season-SF3-195-55R20-95H\" srcset=\"https:\/\/a.allegroimg.com\/original\/119ba9\/1f2fad4b43b0b55f95e4b11cd9b5\/2x-Pirelli-Cinturato-All-Season-SF3-195-55R20-95H 256w,https:\/\/a.allegroimg.com\/original\/119ba9\/1f2fad4b43b0b55f95e4b11cd9b5\/2x-Pirelli-Cinturato-All-Season-SF3-195-55R20-95H 513w,https:\/\/a.allegroimg.com\/original\/119ba9\/1f2fad4b43b0b55f95e4b11cd9b5\/2x-Pirelli-Cinturato-All-Season-SF3-195-55R20-95H 570w,https:\/\/a.allegroimg.com\/original\/119ba9\/1f2fad4b43b0b55f95e4b11cd9b5\/2x-Pirelli-Cinturato-All-Season-SF3-195-55R20-95H 570w\" sizes=\"(min-width: 1200px) 560px, (min-width: 992px) 50vw, 100vw\" width=\"570px\" alt=\"2x Pirelli Cinturato All Season SF3 195\/55R20 95H\"\/ style=\"max-width: 100%; height: auto; display: block; margin: 0 auto;\"><\/div>\n<\/div>\n<\/div>\n<\/div>\n<\/div>\n<\/div>\n<div style=\"clear: both; display: block; margin: 10px 0;\">\n<div style=\"clear: both; display: block; margin: 10px 0;\">\n<div style=\"clear: both; display: block; margin: 10px 0;\">\n<div  style=\"max-width:212px;max-height:305px\">\n<div style=\"clear: both; display: block; margin: 10px 0;\">\n<div style=\"clear: both; width: 100%; display: block; margin: 20px 0; padding: 0; float: none; position: static; text-align: center;\"><img decoding=\"async\"  src=\"https:\/\/a.allegroimg.com\/original\/11208f\/247710644e2481885324b276b8a4\/2x-Pirelli-Cinturato-All-Season-SF3-195-55R20-95H-Liczba-opon-w-ofercie-2-szt\" srcset=\"https:\/\/a.allegroimg.com\/original\/11208f\/247710644e2481885324b276b8a4\/2x-Pirelli-Cinturato-All-Season-SF3-195-55R20-95H-Liczba-opon-w-ofercie-2-szt 212w,https:\/\/a.allegroimg.com\/original\/11208f\/247710644e2481885324b276b8a4\/2x-Pirelli-Cinturato-All-Season-SF3-195-55R20-95H-Liczba-opon-w-ofercie-2-szt 212w\" sizes=\"(min-width: 1200px) 560px, (min-width: 992px) 50vw, 100vw\" width=\"212px\" alt=\"2x Pirelli Cinturato All Season SF3 195\/55R20 95H Liczba opon w ofercie 2 szt.\"\/ style=\"max-width: 100%; height: auto; display: block; margin: 0 auto;\"><\/div>\n<\/div>\n<\/div>\n<\/div>\n<\/div>\n<div style=\"clear: both; display: block; margin: 10px 0;\">\n<div style=\"clear: both; display: block; margin: 10px 0;\">\n<div  style=\"max-width:2000px;max-height:523px\">\n<div style=\"clear: both; display: block; margin: 10px 0;\">\n<div style=\"clear: both; width: 100%; display: block; margin: 20px 0; padding: 0; float: none; position: static; text-align: center;\"><img decoding=\"async\"  src=\"https:\/\/a.allegroimg.com\/original\/11ca7e\/374138944033827d4bd0b310e5f5\/2x-Pirelli-Cinturato-All-Season-SF3-195-55R20-95H-Marka-Pirelli\" srcset=\"https:\/\/a.allegroimg.com\/original\/11ca7e\/374138944033827d4bd0b310e5f5\/2x-Pirelli-Cinturato-All-Season-SF3-195-55R20-95H-Marka-Pirelli 360w,https:\/\/a.allegroimg.com\/original\/11ca7e\/374138944033827d4bd0b310e5f5\/2x-Pirelli-Cinturato-All-Season-SF3-195-55R20-95H-Marka-Pirelli 720w,https:\/\/a.allegroimg.com\/original\/11ca7e\/374138944033827d4bd0b310e5f5\/2x-Pirelli-Cinturato-All-Season-SF3-195-55R20-95H-Marka-Pirelli 1024w,https:\/\/a.allegroimg.com\/original\/11ca7e\/374138944033827d4bd0b310e5f5\/2x-Pirelli-Cinturato-All-Season-SF3-195-55R20-95H-Marka-Pirelli 1440w,https:\/\/a.allegroimg.com\/original\/11ca7e\/374138944033827d4bd0b310e5f5\/2x-Pirelli-Cinturato-All-Season-SF3-195-55R20-95H-Marka-Pirelli 2000w\" sizes=\"(min-width: 1200px) 560px, (min-width: 992px) 50vw, 100vw\" width=\"2000px\" alt=\"2x Pirelli Cinturato All Season SF3 195\/55R20 95H Marka Pirelli\"\/ style=\"max-width: 100%; height: auto; display: block; margin: 0 auto;\"><\/div>\n<\/div>\n<\/div>\n<\/div>\n<\/div>\n<\/div>\n<div style=\"clear: both; display: block; margin: 10px 0;\">\n<div style=\"clear: both; display: block; margin: 10px 0;\">\n<div style=\"clear: both; display: block; margin: 10px 0;\">\n<p style=\"margin: 15px 0; line-height: 1.8; clear: both; display: block; width: 100%; float: none; position: static;\">Historia marki Pirelli si\u0119ga roku 1872, kiedy to zosta\u0142a za\u0142o\u017cona w   Mediolanie. Od tamtej pory Pirelli produkuje opony najwy\u017cszej jako\u015bci, w   20 fabrykach, na 5 kontynentach i jest obecna w 160 krajach.                      Pirelli jest pi\u0105tym pod wzgl\u0119dem przychod\u00f3w   producentem opon na \u015bwiecie, od wielu lat wiod\u0105cym przedstawicielem tej   bran\u017cy, szczeg\u00f3lnie w segmencie opon oznakowanych OE (oryginalne wyposa\u017cenie) do samochod\u00f3w   premium i presti\u017c<\/p>\n<p style=\"margin: 15px 0; line-height: 1.8; clear: both; display: block; width: 100%; float: none; position: static;\">Mark\u0119 wyr\u00f3\u017cnia wysoka jako\u015b\u0107 opon, bardzo szeroka gama produkt\u00f3w i rozmiar\u00f3w oraz bardzo du\u017ca liczba homologacji uzyskanych we wsp\u00f3\u0142pracy z producentami aut z najwy\u017cszej p\u00f3\u0142ki &#8211; m. in. Audi, BMW, Jaguar, Mercedes, czy Ferrari<\/p>\n<\/div>\n<\/div>\n<\/div>\n<\/div>\n<\/div>\n<\/div>\n<div style=\"clear: both; display: block; margin: 10px 0;\">\n","protected":false},"excerpt":{"rendered":"<p>2x nowe opony caloroczne PIRELLI CINTURATO ALL SEASON SF3 195\/55R20 95H<\/p>\n<p>Cechy produktu<\/p>\n<p>Marka: Pirelli<\/p>\n<p>Model: Cinturato All Season SF3<\/p>\n<p>Szeroko\u015b\u0107\/profil\/\u015brednica: 195\/55R20<\/p>\n<p>Indeks no\u015bno\u015bci: do 95 (690 kg na opon\u0119)<\/p>\n<p>Indeks pr\u0119dko\u015bci: H (do 210 km\/h)<\/p>\n<p>Sezon: caloroczne<\/p>\n","protected":false},"featured_media":12042,"template":"","meta":{"_uag_custom_page_level_css":""},"product_brand":[433],"product_cat":[416,414,413,412],"product_tag":[],"class_list":{"0":"post-12041","1":"product","2":"type-product","3":"status-publish","4":"has-post-thumbnail","6":"product_brand-pirelli","7":"product_cat-caloroczne","8":"product_cat-do-samochodow-osobowych-i-suv","9":"product_cat-opony","10":"product_cat-opony-i-felgi","12":"first","13":"instock","14":"shipping-taxable","15":"purchasable","16":"product-type-simple"},"uagb_featured_image_src":{"full":["https:\/\/oponixo.shop\/tire\/wp-content\/uploads\/2026\/01\/allegro-image-12041.jpg",570,800,false],"thumbnail":["https:\/\/oponixo.shop\/tire\/wp-content\/uploads\/2026\/01\/allegro-image-12041-150x150.jpg",150,150,true],"medium":["https:\/\/oponixo.shop\/tire\/wp-content\/uploads\/2026\/01\/allegro-image-12041-214x300.jpg",214,300,true],"medium_large":["https:\/\/oponixo.shop\/tire\/wp-content\/uploads\/2026\/01\/allegro-image-12041.jpg",570,800,false],"large":["https:\/\/oponixo.shop\/tire\/wp-content\/uploads\/2026\/01\/allegro-image-12041.jpg",570,800,false],"1536x1536":["https:\/\/oponixo.shop\/tire\/wp-content\/uploads\/2026\/01\/allegro-image-12041.jpg",570,800,false],"2048x2048":["https:\/\/oponixo.shop\/tire\/wp-content\/uploads\/2026\/01\/allegro-image-12041.jpg",570,800,false],"woocommerce_thumbnail":["https:\/\/oponixo.shop\/tire\/wp-content\/uploads\/2026\/01\/allegro-image-12041-300x300.jpg",300,300,true],"woocommerce_single":["https:\/\/oponixo.shop\/tire\/wp-content\/uploads\/2026\/01\/allegro-image-12041.jpg",570,800,false],"woocommerce_gallery_thumbnail":["https:\/\/oponixo.shop\/tire\/wp-content\/uploads\/2026\/01\/allegro-image-12041-100x100.jpg",100,100,true]},"uagb_author_info":{"display_name":"admin","author_link":"https:\/\/oponixo.shop\/tire\/author\/"},"uagb_comment_info":0,"uagb_excerpt":"2x nowe opony caloroczne PIRELLI CINTURATO ALL SEASON SF3 195\/55R20 95H Cechy produktu Marka: Pirelli Model: Cinturato All Season SF3 Szeroko\u015b\u0107\/profil\/\u015brednica: 195\/55R20 Indeks no\u015bno\u015bci: do 95 (690 kg na opon\u0119) Indeks pr\u0119dko\u015bci: H (do 210 km\/h) Sezon: caloroczne","_links":{"self":[{"href":"https:\/\/oponixo.shop\/tire\/wp-json\/wp\/v2\/product\/12041","targetHints":{"allow":["GET"]}}],"collection":[{"href":"https:\/\/oponixo.shop\/tire\/wp-json\/wp\/v2\/product"}],"about":[{"href":"https:\/\/oponixo.shop\/tire\/wp-json\/wp\/v2\/types\/product"}],"wp:featuredmedia":[{"embeddable":true,"href":"https:\/\/oponixo.shop\/tire\/wp-json\/wp\/v2\/media\/12042"}],"wp:attachment":[{"href":"https:\/\/oponixo.shop\/tire\/wp-json\/wp\/v2\/media?parent=12041"}],"wp:term":[{"taxonomy":"product_brand","embeddable":true,"href":"https:\/\/oponixo.shop\/tire\/wp-json\/wp\/v2\/product_brand?post=12041"},{"taxonomy":"product_cat","embeddable":true,"href":"https:\/\/oponixo.shop\/tire\/wp-json\/wp\/v2\/product_cat?post=12041"},{"taxonomy":"product_tag","embeddable":true,"href":"https:\/\/oponixo.shop\/tire\/wp-json\/wp\/v2\/product_tag?post=12041"}],"curies":[{"name":"wp","href":"https:\/\/api.w.org\/{rel}","templated":true}]}}