{"id":12049,"date":"2026-01-03T10:13:45","date_gmt":"2026-01-03T09:13:45","guid":{"rendered":"https:\/\/oponyexpert.shop\/xef5\/produkt\/2x-hankook-winter-icept-evo3-w330-195-55r20-95h-x\/"},"modified":"2026-01-03T10:13:45","modified_gmt":"2026-01-03T09:13:45","slug":"2x-hankook-winter-icept-evo3-w330-195-55r20-95h-x","status":"publish","type":"product","link":"https:\/\/oponixo.shop\/tire\/produkt\/2x-hankook-winter-icept-evo3-w330-195-55r20-95h-x\/","title":{"rendered":"2x Hankook Winter i*cept Evo3 W330 195\/55R20 95H X"},"content":{"rendered":"<div style=\"font-family: Arial, sans-serif; line-height: 1.6; color: #333; padding: 20px; clear: both; display: block; width: 100%; float: none; position: static; overflow: hidden;\">\n<div style=\"clear: both; display: block; margin: 10px 0;\">\n<div style=\"clear: both; display: block; margin: 10px 0;\">\n<div style=\"clear: both; display: block; margin: 10px 0;\">\n<h1>Hankook Winter i*cept Evo3 W330 <\/h1>\n<h1>195\/55 R20 95H do 210 km\/h<\/h1>\n<h2>Kod produktu: 8808563515588<\/h2>\n<p style=\"margin: 15px 0; line-height: 1.8; clear: both; display: block; width: 100%; float: none; position: static;\">Najlepsze osi\u0105gi, gwarantowane bezpiecze\u0144stwo i wysoki komfort jazdy  to s\u0105 jedne z najwa\u017cniejszych parametr\u00f3w jakich szuka kierowca przed zakupem opon. Te parametry pasuj\u0105 do  opony zimowej  Winter i*cept evo3 W330, wyprodukowanej przez fabryk\u0119 Hankook. Jest to opona klasy \u015bredniej dedykowana do samochod\u00f3w osobowych. Producent zadba\u0142 o to, aby ogumienie by\u0142o jeszcze bardziej zaawansowane technologicznie od poprzednika Winter i*cept evo2. Najlepsz\u0105 wydajno\u015b\u0107 na \u015bniegu zapewni\u0105 lamele zimowe 3D. Ich zygzakowaty kszta\u0142t poprawia skuteczno\u015b\u0107 hamowania, a tak\u017ce stabilno\u015b\u0107 prowadzenia, co jest mo\u017cliwe dzi\u0119ki ograniczeniu odkszta\u0142cania si\u0119 klock\u00f3w bie\u017cnika. Nowe poprzeczne rowki barkowe wgryzaj\u0105 si\u0119 w o\u015bnie\u017con\u0105 nawierzchni\u0119, poprawiaj\u0105c prowadzenie w zimowych warunkach. W centralnej cz\u0119\u015bci opony umieszczono rowki typu zigzag, kt\u00f3re poprawi\u0105 trakcj\u0119 oraz skuteczno\u015b\u0107 hamowania na \u015bniegu. Jest to mo\u017cliwe, dzi\u0119ki zoptymalizowanemu k\u0105towi i naprzemiennemu kierunkowi usytuowania rowk\u00f3w. Winter i*cept evo3 W330 za spraw\u0105 lameli wodnych oraz szerokich rowk\u00f3w barkowych zwi\u0119kszaj\u0105 przyczepno\u015b\u0107 auta na mokrej nawierzchni, zapewniaj\u0105c skuteczno\u015b\u0107 hamowania. Poszerzone o 20% w por\u00f3wnaniu do modelu Winter i*cept evo 2 rowki barkowe poprawiaj\u0105 wydajno\u015b\u0107 opony na mokrej nawierzchni, sprawnie usuwaj\u0105c wod\u0119 spod opony. Przyczynia si\u0119 do tego r\u00f3wnie\u017c kierunkowy bie\u017cnik, kt\u00f3ry zmniejsza ryzyko wyst\u0105pienia zjawiska aquaplaningu. Poszerzone o 5% klocki barkowe zapewniaj\u0105 stabilno\u015b\u0107 prowadzenia na suchej nawierzchni. Producent zdecydowa\u0142 si\u0119 na zredukowanie grubo\u015bci naci\u0119\u0107 ka\u017cdego klocka, dzi\u0119ki czemu zwi\u0119kszeniu uleg\u0142a ich sztywno\u015b\u0107, co znacz\u0105co wp\u0142yn\u0119\u0142o na popraw\u0119 w\u0142a\u015bciwo\u015bci jezdnych. Mieszanka gumowa Aqua Pine drugiej generacji, dzi\u0119ki zastosowaniu rafinowanej \u017cywicy, zapewnia lepsz\u0105 prac\u0119 opon zar\u00f3wno na mokrej, jak i o\u015bnie\u017conej nawierzchni<\/p>\n<h2>Zakupione na tej aukcji opony mo\u017cesz odebra\u0107 i wymieni\u0107 w jednym z naszych serwis\u00f3w: MOTOHURT MARKI &#8211; MOTOHURT WOLA &#8211; MOTOHURT MOKOT\u00d3W<\/h2>\n<\/div>\n<\/div>\n<div style=\"clear: both; display: block; margin: 10px 0;\">\n<div style=\"clear: both; display: block; margin: 10px 0;\">\n<div  style=\"max-width:750px;max-height:1024px\">\n<div style=\"clear: both; display: block; margin: 10px 0;\">\n<div style=\"clear: both; width: 100%; display: block; margin: 20px 0; padding: 0; float: none; position: static; text-align: center;\"><img decoding=\"async\"  src=\"https:\/\/a.allegroimg.com\/original\/11f868\/bfc77da5486391abee0e15ca0a3c\/2x-Hankook-Winter-i-cept-Evo3-W330-195-55R20-95H-X\" srcset=\"https:\/\/a.allegroimg.com\/original\/11f868\/bfc77da5486391abee0e15ca0a3c\/2x-Hankook-Winter-i-cept-Evo3-W330-195-55R20-95H-X 263w,https:\/\/a.allegroimg.com\/original\/11f868\/bfc77da5486391abee0e15ca0a3c\/2x-Hankook-Winter-i-cept-Evo3-W330-195-55R20-95H-X 527w,https:\/\/a.allegroimg.com\/original\/11f868\/bfc77da5486391abee0e15ca0a3c\/2x-Hankook-Winter-i-cept-Evo3-W330-195-55R20-95H-X 750w,https:\/\/a.allegroimg.com\/original\/11f868\/bfc77da5486391abee0e15ca0a3c\/2x-Hankook-Winter-i-cept-Evo3-W330-195-55R20-95H-X 750w\" sizes=\"(min-width: 1200px) 560px, (min-width: 992px) 50vw, 100vw\" width=\"750px\" alt=\"2x Hankook Winter i*cept Evo3 W330 195\/55R20 95H X\"\/ style=\"max-width: 100%; height: auto; display: block; margin: 0 auto;\"><\/div>\n<\/div>\n<\/div>\n<\/div>\n<\/div>\n<\/div>\n<div style=\"clear: both; display: block; margin: 10px 0;\">\n<div style=\"clear: both; display: block; margin: 10px 0;\">\n<div style=\"clear: both; display: block; margin: 10px 0;\">\n<div  style=\"max-width:212px;max-height:305px\">\n<div style=\"clear: both; display: block; margin: 10px 0;\">\n<div style=\"clear: both; width: 100%; display: block; margin: 20px 0; padding: 0; float: none; position: static; text-align: center;\"><img decoding=\"async\"  src=\"https:\/\/a.allegroimg.com\/original\/11fd77\/8740261b406aa10bef3431bf9b27\/2x-Hankook-Winter-i-cept-Evo3-W330-195-55R20-95H-X-Liczba-opon-w-ofercie-2-szt\" srcset=\"https:\/\/a.allegroimg.com\/original\/11fd77\/8740261b406aa10bef3431bf9b27\/2x-Hankook-Winter-i-cept-Evo3-W330-195-55R20-95H-X-Liczba-opon-w-ofercie-2-szt 212w,https:\/\/a.allegroimg.com\/original\/11fd77\/8740261b406aa10bef3431bf9b27\/2x-Hankook-Winter-i-cept-Evo3-W330-195-55R20-95H-X-Liczba-opon-w-ofercie-2-szt 212w\" sizes=\"(min-width: 1200px) 560px, (min-width: 992px) 50vw, 100vw\" width=\"212px\" alt=\"2x Hankook Winter i*cept Evo3 W330 195\/55R20 95H X Liczba opon w ofercie 2 szt.\"\/ style=\"max-width: 100%; height: auto; display: block; margin: 0 auto;\"><\/div>\n<\/div>\n<\/div>\n<\/div>\n<\/div>\n<div style=\"clear: both; display: block; margin: 10px 0;\">\n<div style=\"clear: both; display: block; margin: 10px 0;\">\n<h2>Marka: Hankook<\/h2>\n<h2>Liczba opon w ofercie: 2<\/h2>\n<h2>Rok produkcji: <\/h2>\n<h2>Szeroko\u015b\u0107 opony: 195 mm<\/h2>\n<h2>Profil opony: 55<\/h2>\n<h2>\u015arednica: 20<\/h2>\n<h2>Indeks no\u015bno\u015bci: 95<\/h2>\n<h2>Indeks pr\u0119dko\u015bci: H do 210 km\/h<\/h2>\n<h2>Op\u00f3r toczenia: Klasa C<\/h2>\n<h2>Przyczepno\u015b\u0107 na mokrej nawierzchni: Klasa B<\/h2>\n<h2>Ha\u0142as zewn\u0119trzny: 72 dB<\/h2>\n<h2>Kod producenta: 1027219<\/h2>\n<h2>Sezon: Zimowe<\/h2>\n<\/div>\n<\/div>\n<\/div>\n<\/div>\n<\/div>\n<\/div>\n<div style=\"clear: both; display: block; margin: 10px 0;\">\n","protected":false},"excerpt":{"rendered":"<p>Hankook Winter i*cept Evo3 W330<\/p>\n<p>195\/55 R20 95H do 210 km\/h<\/p>\n<p>Kod produktu: 8808563515588<\/p>\n","protected":false},"featured_media":12050,"template":"","meta":{"_uag_custom_page_level_css":""},"product_brand":[411],"product_cat":[414,413,412,415],"product_tag":[],"class_list":{"0":"post-12049","1":"product","2":"type-product","3":"status-publish","4":"has-post-thumbnail","6":"product_brand-hankook","7":"product_cat-do-samochodow-osobowych-i-suv","8":"product_cat-opony","9":"product_cat-opony-i-felgi","10":"product_cat-zimowe","12":"first","13":"instock","14":"shipping-taxable","15":"purchasable","16":"product-type-simple"},"uagb_featured_image_src":{"full":["https:\/\/oponixo.shop\/tire\/wp-content\/uploads\/2026\/01\/allegro-image-12049.jpg",750,1024,false],"thumbnail":["https:\/\/oponixo.shop\/tire\/wp-content\/uploads\/2026\/01\/allegro-image-12049-150x150.jpg",150,150,true],"medium":["https:\/\/oponixo.shop\/tire\/wp-content\/uploads\/2026\/01\/allegro-image-12049-220x300.jpg",220,300,true],"medium_large":["https:\/\/oponixo.shop\/tire\/wp-content\/uploads\/2026\/01\/allegro-image-12049.jpg",750,1024,false],"large":["https:\/\/oponixo.shop\/tire\/wp-content\/uploads\/2026\/01\/allegro-image-12049.jpg",750,1024,false],"1536x1536":["https:\/\/oponixo.shop\/tire\/wp-content\/uploads\/2026\/01\/allegro-image-12049.jpg",750,1024,false],"2048x2048":["https:\/\/oponixo.shop\/tire\/wp-content\/uploads\/2026\/01\/allegro-image-12049.jpg",750,1024,false],"woocommerce_thumbnail":["https:\/\/oponixo.shop\/tire\/wp-content\/uploads\/2026\/01\/allegro-image-12049-300x300.jpg",300,300,true],"woocommerce_single":["https:\/\/oponixo.shop\/tire\/wp-content\/uploads\/2026\/01\/allegro-image-12049-600x819.jpg",600,819,true],"woocommerce_gallery_thumbnail":["https:\/\/oponixo.shop\/tire\/wp-content\/uploads\/2026\/01\/allegro-image-12049-100x100.jpg",100,100,true]},"uagb_author_info":{"display_name":"admin","author_link":"https:\/\/oponixo.shop\/tire\/author\/"},"uagb_comment_info":0,"uagb_excerpt":"Hankook Winter i*cept Evo3 W330 195\/55 R20 95H do 210 km\/h Kod produktu: 8808563515588","_links":{"self":[{"href":"https:\/\/oponixo.shop\/tire\/wp-json\/wp\/v2\/product\/12049","targetHints":{"allow":["GET"]}}],"collection":[{"href":"https:\/\/oponixo.shop\/tire\/wp-json\/wp\/v2\/product"}],"about":[{"href":"https:\/\/oponixo.shop\/tire\/wp-json\/wp\/v2\/types\/product"}],"wp:featuredmedia":[{"embeddable":true,"href":"https:\/\/oponixo.shop\/tire\/wp-json\/wp\/v2\/media\/12050"}],"wp:attachment":[{"href":"https:\/\/oponixo.shop\/tire\/wp-json\/wp\/v2\/media?parent=12049"}],"wp:term":[{"taxonomy":"product_brand","embeddable":true,"href":"https:\/\/oponixo.shop\/tire\/wp-json\/wp\/v2\/product_brand?post=12049"},{"taxonomy":"product_cat","embeddable":true,"href":"https:\/\/oponixo.shop\/tire\/wp-json\/wp\/v2\/product_cat?post=12049"},{"taxonomy":"product_tag","embeddable":true,"href":"https:\/\/oponixo.shop\/tire\/wp-json\/wp\/v2\/product_tag?post=12049"}],"curies":[{"name":"wp","href":"https:\/\/api.w.org\/{rel}","templated":true}]}}