{"id":12106,"date":"2026-01-03T11:16:45","date_gmt":"2026-01-03T10:16:45","guid":{"rendered":"https:\/\/oponyexpert.shop\/xef5\/produkt\/2x-opona-caloroczna-nexen-nblue-4season-2-235-50r19-103w-xl\/"},"modified":"2026-01-03T11:16:45","modified_gmt":"2026-01-03T10:16:45","slug":"2x-opona-caloroczna-nexen-nblue-4season-2-235-50r19-103w-xl","status":"publish","type":"product","link":"https:\/\/oponixo.shop\/tire\/produkt\/2x-opona-caloroczna-nexen-nblue-4season-2-235-50r19-103w-xl\/","title":{"rendered":"2x Opona ca\u0142oroczna Nexen N&apos;BLUE 4SEASON 2 235\/50R19 103W XL"},"content":{"rendered":"<div style=\"font-family: Arial, sans-serif; line-height: 1.6; color: #333; padding: 20px; clear: both; display: block; width: 100%; float: none; position: static; overflow: hidden;\">\n<div style=\"clear: both; display: block; margin: 10px 0;\">\n<div style=\"clear: both; display: block; margin: 10px 0;\">\n<div style=\"clear: both; display: block; margin: 10px 0;\">\n<h3 style=\"color: #2c5aa0; font-size: 18px; margin: 30px 0 15px 0; font-weight: bold; clear: both; display: block; width: 100%; float: none; position: static;\">2x Opona ca\u0142oroczna Nexen N&#8217;BLUE 4SEASON 2 235\/50R19 103W XL<\/h3>\n<\/div>\n<\/div>\n<\/div>\n<div style=\"clear: both; display: block; margin: 10px 0;\">\n<div style=\"clear: both; display: block; margin: 10px 0;\">\n<div style=\"clear: both; display: block; margin: 10px 0;\">\n<div  style=\"max-width:500px;max-height:500px\">\n<div style=\"clear: both; display: block; margin: 10px 0;\">\n<div style=\"clear: both; width: 100%; display: block; margin: 20px 0; padding: 0; float: none; position: static; text-align: center;\"><img decoding=\"async\"  src=\"https:\/\/a.allegroimg.com\/original\/114aa2\/a1ecf731464bb9fcc88bf297cce6\/2x-Opona-caloroczna-Nexen-N-BLUE-4SEASON-2-235-50R19-103W-XL\" srcset=\"https:\/\/a.allegroimg.com\/original\/114aa2\/a1ecf731464bb9fcc88bf297cce6\/2x-Opona-caloroczna-Nexen-N-BLUE-4SEASON-2-235-50R19-103W-XL 360w,https:\/\/a.allegroimg.com\/original\/114aa2\/a1ecf731464bb9fcc88bf297cce6\/2x-Opona-caloroczna-Nexen-N-BLUE-4SEASON-2-235-50R19-103W-XL 500w,https:\/\/a.allegroimg.com\/original\/114aa2\/a1ecf731464bb9fcc88bf297cce6\/2x-Opona-caloroczna-Nexen-N-BLUE-4SEASON-2-235-50R19-103W-XL 500w\" sizes=\"(min-width: 1200px) 560px, (min-width: 992px) 50vw, 100vw\" width=\"500px\" alt=\"2x Opona ca\u0142oroczna Nexen N&#x27;BLUE 4SEASON 2 235\/50R19 103W XL\"\/ style=\"max-width: 100%; height: auto; display: block; margin: 0 auto;\"><\/div>\n<\/div>\n<\/div>\n<\/div>\n<\/div>\n<div style=\"clear: both; display: block; margin: 10px 0;\">\n<div style=\"clear: both; display: block; margin: 10px 0;\">\n<ul style=\"margin: 15px 0; padding-left: 20px; clear: both; display: block; width: 100%; float: none; position: static;\">\n<li style=\"margin: 5px 0; padding: 2px 0; clear: both; display: list-item; float: none; position: static;\">Marka: <b>Nexen<\/b><\/li>\n<li style=\"margin: 5px 0; padding: 2px 0; clear: both; display: list-item; float: none; position: static;\">Liczba opon w ofercie: <b>2 szt.<\/b><\/li>\n<li style=\"margin: 5px 0; padding: 2px 0; clear: both; display: list-item; float: none; position: static;\">Sezon: <b>Wielosezonowe<\/b><\/li>\n<li style=\"margin: 5px 0; padding: 2px 0; clear: both; display: list-item; float: none; position: static;\">Model: <b>N&#8217;blue 4Season 2<\/b><\/li>\n<li style=\"margin: 5px 0; padding: 2px 0; clear: both; display: list-item; float: none; position: static;\">Szeroko\u015b\u0107: <b>235<\/b><\/li>\n<li style=\"margin: 5px 0; padding: 2px 0; clear: both; display: list-item; float: none; position: static;\">Profil: <b>50<\/b><\/li>\n<li style=\"margin: 5px 0; padding: 2px 0; clear: both; display: list-item; float: none; position: static;\">\u015arednica: <b>19<\/b><\/li>\n<li style=\"margin: 5px 0; padding: 2px 0; clear: both; display: list-item; float: none; position: static;\">Index no\u015bno\u015bci: <b>103<\/b><\/li>\n<li style=\"margin: 5px 0; padding: 2px 0; clear: both; display: list-item; float: none; position: static;\">Index pr\u0119dko\u015bci: <b>W<\/b><\/li>\n<li style=\"margin: 5px 0; padding: 2px 0; clear: both; display: list-item; float: none; position: static;\">Hamowanie na mokrym: <b>B<\/b><\/li>\n<li style=\"margin: 5px 0; padding: 2px 0; clear: both; display: list-item; float: none; position: static;\">Op\u00f3r toczenia: <b>C<\/b><\/li>\n<li style=\"margin: 5px 0; padding: 2px 0; clear: both; display: list-item; float: none; position: static;\">Ha\u0142as zewn\u0119trzny: <b>72dB<\/b><\/li>\n<li style=\"margin: 5px 0; padding: 2px 0; clear: both; display: list-item; float: none; position: static;\">SAP: <b>14280<\/b><\/li>\n<li style=\"margin: 5px 0; padding: 2px 0; clear: both; display: list-item; float: none; position: static;\">EAN: <b>8807622221576<\/b><\/li>\n<\/ul>\n<\/div>\n<\/div>\n<\/div>\n<div style=\"clear: both; display: block; margin: 10px 0;\">\n<div style=\"clear: both; display: block; margin: 10px 0;\">\n<div style=\"clear: both; display: block; margin: 10px 0;\">\n<h3 style=\"color: #2c5aa0; font-size: 18px; margin: 30px 0 15px 0; font-weight: bold; clear: both; display: block; width: 100%; float: none; position: static;\">Rok produkcji (DOT): 2025\/2024 &#8211; kupuj\u0105c z tej oferty otrzymasz opony fabrycznie nowe.<\/h3>\n<p style=\"margin: 15px 0; line-height: 1.8; clear: both; display: block; width: 100%; float: none; position: static;\">Specjali\u015bci z Polskiego Zwi\u0105zku Przemys\u0142u Oponiarskiego (PZPO) podkre\u015blaj\u0105, \u017ce nowe opony, przechowywane w odpowiednich warunkach, zachowuj\u0105 pe\u0142n\u0105 warto\u015b\u0107 i nie r\u00f3\u017cni\u0105 si\u0119 jako\u015bciowo od tych pochodz\u0105cych z bie\u017c\u0105cej produkcji. Wynika to z faktu, \u017ce proces starzenia si\u0119 opon nast\u0119puje wy\u0142\u0105cznie podczas ich eksploatacji, a nie w trakcie przechowywania.<\/p>\n<\/div>\n<\/div>\n<\/div>\n<div style=\"clear: both; display: block; margin: 10px 0;\">\n<div style=\"clear: both; display: block; margin: 10px 0;\">\n<div style=\"clear: both; display: block; margin: 10px 0;\">\n<h3 style=\"color: #2c5aa0; font-size: 18px; margin: 30px 0 15px 0; font-weight: bold; clear: both; display: block; width: 100%; float: none; position: static;\">Rok produkcji opony znajdziesz na jej boku, przy oznaczeniu DOT. Cztery ostatnie cyfry m\u00f3wi\u0105, kiedy opona zosta\u0142a wyprodukowana:<\/h3>\n<ul style=\"margin: 15px 0; padding-left: 20px; clear: both; display: block; width: 100%; float: none; position: static;\">\n<li style=\"margin: 5px 0; padding: 2px 0; clear: both; display: list-item; float: none; position: static;\">Pierwsze dwie \u2013 tydzie\u0144 produkcji,<\/li>\n<li style=\"margin: 5px 0; padding: 2px 0; clear: both; display: list-item; float: none; position: static;\">Ostatnie dwie \u2013 rok produkcji.\u00a0<\/li>\n<\/ul>\n<p style=\"margin: 15px 0; line-height: 1.8; clear: both; display: block; width: 100%; float: none; position: static;\">Przyk\u0142ad: 1924 oznacza, \u017ce opona zosta\u0142a wyprodukowana w 19 tygodniu 2024 roku.<\/p>\n<\/div>\n<\/div>\n<\/div>\n<div style=\"clear: both; display: block; margin: 10px 0;\">\n<div style=\"clear: both; display: block; margin: 10px 0;\">\n<div style=\"clear: both; display: block; margin: 10px 0;\">\n<p style=\"margin: 15px 0; line-height: 1.8; clear: both; display: block; width: 100%; float: none; position: static;\">Nexen N\u2019blue 4 Season 2 \u2013 na wiele kilometr\u00f3w bez zmiany oponTrwa\u0142e osi\u0105gi opon Nexen N\u2019blue 4 Season 2 wynikaj\u0105 z progresywnego wzoru bie\u017cnika. Gdy zewn\u0119trzna warstwa gumy ulega wytarciu, ods\u0142aniaj\u0105 si\u0119 specjalne bloki zigzag. Dzi\u0119ki nim bie\u017cnik w dalszym ci\u0105gu mo\u017ce oferowa\u0107 swoje najlepsze parametry. Uda\u0142o si\u0119 r\u00f3wnie\u017c osi\u0105gn\u0105\u0107 o 30% d\u0142u\u017csz\u0105 \u017cywotno\u015b\u0107 bie\u017cnika w por\u00f3wnaniu do tradycyjnego ogumienia. Dzi\u0119ki temu Nexen N\u2019blue 4 Season 2 mo\u017ce umo\u017cliwi\u0107 pokonanie d\u0142ugiego dystansu bez konieczno\u015bci sezonowej zmiany opon, przy jednoczesnym zachowaniu najlepszej przyczepno\u015bci.Optymalna sztywno\u015b\u0107 i elastyczno\u015b\u0107 mieszankiMieszanka stosowana do produkcji modelu Nexen N\u2019blue 4 Season 2 zosta\u0142a opracowana specjalnie z my\u015bl\u0105 o europejskich warunkach. W efekcie uda\u0142o si\u0119 osi\u0105gn\u0105\u0107 lepsz\u0105 elastyczno\u015b\u0107 w niskich temperaturach oraz wi\u0119ksz\u0105 sztywno\u015b\u0107 w ciep\u0142e dni. Mieszanka o optymalnej twardo\u015bci ma w swoim sk\u0142adzie m.in. \u017cywic\u0119 zwi\u0119kszaj\u0105c\u0105 przyczepno\u015b\u0107. Dzi\u0119ki temu poprawie ulega powierzchnia kontaktu bie\u017cnika z pod\u0142o\u017cem, a zarazem opona zapewnia skuteczniejsze hamowanie.Pewno\u015b\u0107 na mokrych i o\u015bnie\u017conych drogachBie\u017cnik opon Nexen N&#8217;blue 4 Season 2 otrzyma\u0142 sko\u015bny i pofalowany wz\u00f3r, kt\u00f3ry zwi\u0119ksza przyczepno\u015b\u0107 i obni\u017ca ryzyko po\u015blizgu na mokrych i za\u015bnie\u017conych drogach. Cienkie wr\u0119by na powierzchni klock\u00f3w przek\u0142adaj\u0105 si\u0119 na znakomite osi\u0105gi podczas opad\u00f3w deszczu i \u015bniegu. Przyczepno\u015b\u0107 ogumienia w typowo zimowych warunkach zwi\u0119kszaj\u0105 tak\u017ce postrz\u0119pione kraw\u0119dzie blok\u00f3w bie\u017cnika w strefach barkowych.<\/p>\n<\/div>\n<\/div>\n<\/div>\n<\/div>\n<\/div>\n<\/div>\n<div style=\"clear: both; display: block; margin: 10px 0;\">\n","protected":false},"excerpt":{"rendered":"<p>2x Opona ca\u0142oroczna Nexen N&#039;BLUE 4SEASON 2 235\/50R19 103W XL<\/p>\n<p>Marka: Nexen<\/p>\n<p>Liczba opon w ofercie: 2 szt.<\/p>\n<p>Sezon: Wielosezonowe<\/p>\n<p>Model: N&#039;blue 4Season 2<\/p>\n<p>Szeroko\u015b\u0107: 235<\/p>\n<p>Profil: 50<\/p>\n<p>\u015arednica: 19<\/p>\n","protected":false},"featured_media":12107,"template":"","meta":{"_uag_custom_page_level_css":""},"product_brand":[392],"product_cat":[416,414,413,412],"product_tag":[],"class_list":{"0":"post-12106","1":"product","2":"type-product","3":"status-publish","4":"has-post-thumbnail","6":"product_brand-nexen","7":"product_cat-caloroczne","8":"product_cat-do-samochodow-osobowych-i-suv","9":"product_cat-opony","10":"product_cat-opony-i-felgi","12":"first","13":"instock","14":"shipping-taxable","15":"purchasable","16":"product-type-simple"},"uagb_featured_image_src":{"full":["https:\/\/oponixo.shop\/tire\/wp-content\/uploads\/2026\/01\/allegro-image-12106.jpg",500,500,false],"thumbnail":["https:\/\/oponixo.shop\/tire\/wp-content\/uploads\/2026\/01\/allegro-image-12106-150x150.jpg",150,150,true],"medium":["https:\/\/oponixo.shop\/tire\/wp-content\/uploads\/2026\/01\/allegro-image-12106-300x300.jpg",300,300,true],"medium_large":["https:\/\/oponixo.shop\/tire\/wp-content\/uploads\/2026\/01\/allegro-image-12106.jpg",500,500,false],"large":["https:\/\/oponixo.shop\/tire\/wp-content\/uploads\/2026\/01\/allegro-image-12106.jpg",500,500,false],"1536x1536":["https:\/\/oponixo.shop\/tire\/wp-content\/uploads\/2026\/01\/allegro-image-12106.jpg",500,500,false],"2048x2048":["https:\/\/oponixo.shop\/tire\/wp-content\/uploads\/2026\/01\/allegro-image-12106.jpg",500,500,false],"woocommerce_thumbnail":["https:\/\/oponixo.shop\/tire\/wp-content\/uploads\/2026\/01\/allegro-image-12106-300x300.jpg",300,300,true],"woocommerce_single":["https:\/\/oponixo.shop\/tire\/wp-content\/uploads\/2026\/01\/allegro-image-12106.jpg",500,500,false],"woocommerce_gallery_thumbnail":["https:\/\/oponixo.shop\/tire\/wp-content\/uploads\/2026\/01\/allegro-image-12106-100x100.jpg",100,100,true]},"uagb_author_info":{"display_name":"admin","author_link":"https:\/\/oponixo.shop\/tire\/author\/"},"uagb_comment_info":0,"uagb_excerpt":"2x Opona ca\u0142oroczna Nexen N&#039;BLUE 4SEASON 2 235\/50R19 103W XL Marka: Nexen Liczba opon w ofercie: 2 szt. Sezon: Wielosezonowe Model: N&#039;blue 4Season 2 Szeroko\u015b\u0107: 235 Profil: 50 \u015arednica: 19","_links":{"self":[{"href":"https:\/\/oponixo.shop\/tire\/wp-json\/wp\/v2\/product\/12106","targetHints":{"allow":["GET"]}}],"collection":[{"href":"https:\/\/oponixo.shop\/tire\/wp-json\/wp\/v2\/product"}],"about":[{"href":"https:\/\/oponixo.shop\/tire\/wp-json\/wp\/v2\/types\/product"}],"wp:featuredmedia":[{"embeddable":true,"href":"https:\/\/oponixo.shop\/tire\/wp-json\/wp\/v2\/media\/12107"}],"wp:attachment":[{"href":"https:\/\/oponixo.shop\/tire\/wp-json\/wp\/v2\/media?parent=12106"}],"wp:term":[{"taxonomy":"product_brand","embeddable":true,"href":"https:\/\/oponixo.shop\/tire\/wp-json\/wp\/v2\/product_brand?post=12106"},{"taxonomy":"product_cat","embeddable":true,"href":"https:\/\/oponixo.shop\/tire\/wp-json\/wp\/v2\/product_cat?post=12106"},{"taxonomy":"product_tag","embeddable":true,"href":"https:\/\/oponixo.shop\/tire\/wp-json\/wp\/v2\/product_tag?post=12106"}],"curies":[{"name":"wp","href":"https:\/\/api.w.org\/{rel}","templated":true}]}}