{"id":12110,"date":"2026-01-03T11:16:46","date_gmt":"2026-01-03T10:16:46","guid":{"rendered":"https:\/\/oponyexpert.shop\/xef5\/produkt\/2x-goodyear-vector-4seasons-g3-235-50r19-99t\/"},"modified":"2026-01-03T11:16:46","modified_gmt":"2026-01-03T10:16:46","slug":"2x-goodyear-vector-4seasons-g3-235-50r19-99t","status":"publish","type":"product","link":"https:\/\/oponixo.shop\/tire\/produkt\/2x-goodyear-vector-4seasons-g3-235-50r19-99t\/","title":{"rendered":"2x Goodyear Vector 4Seasons G3 235\/50R19 99T"},"content":{"rendered":"<div style=\"font-family: Arial, sans-serif; line-height: 1.6; color: #333; padding: 20px; clear: both; display: block; width: 100%; float: none; position: static; overflow: hidden;\">\n<div style=\"clear: both; display: block; margin: 10px 0;\">\n<div style=\"clear: both; display: block; margin: 10px 0;\">\n<div style=\"clear: both; display: block; margin: 10px 0;\">\n<h1>Goodyear Vector 4Seasons G3 <\/h1>\n<h1>235\/50 R19 99T do 190 km\/h<\/h1>\n<h2>Kod produktu: 4038526430991<\/h2>\n<p style=\"margin: 15px 0; line-height: 1.8; clear: both; display: block; width: 100%; float: none; position: static;\">Goodyear Vector 4Season Gen3 to opona ca\u0142oroczna, kt\u00f3ra zapewnia kr\u00f3tk\u0105 drog\u0119 hamowania na suchej nawierzchni, lepsze prowadzenie, wysok\u0105 odporno\u015b\u0107 na aquaplaning przez ca\u0142y okres eksploatacji oraz doskona\u0142\u0105 przyczepno\u015b\u0107 na \u015bniegu dzi\u0119ki du\u017cej ilo\u015bci lamelek na \u015brodku bie\u017cnika. Lamelki wp\u0142ywaj\u0105 na siebie w miejscach, w kt\u00f3rych si\u0119 przecinaj\u0105, stymuluj\u0105c punkt otwarcia, co skutkuje lepszym kontaktem z nawierzchni\u0105. Opony cechuj\u0105 si\u0119 kr\u00f3tk\u0105 drog\u0105 hamowania na suchej nawierzchni, lepszym prowadzeniem, zmniejszonym stopniem deformacji opony podczas trudnych manewr\u00f3w oraz do\u017cywotni\u0105 odporno\u015bci\u0105 na aquaplaning<\/p>\n<h2>Zakupione na tej aukcji opony mo\u017cesz odebra\u0107 i wymieni\u0107 w jednym z naszych serwis\u00f3w: MOTOHURT MARKI &#8211; MOTOHURT WOLA &#8211; MOTOHURT MOKOT\u00d3W<\/h2>\n<\/div>\n<\/div>\n<div style=\"clear: both; display: block; margin: 10px 0;\">\n<div style=\"clear: both; display: block; margin: 10px 0;\">\n<div  style=\"max-width:750px;max-height:1024px\">\n<div style=\"clear: both; display: block; margin: 10px 0;\">\n<div style=\"clear: both; width: 100%; display: block; margin: 20px 0; padding: 0; float: none; position: static; text-align: center;\"><img decoding=\"async\"  src=\"https:\/\/a.allegroimg.com\/original\/11ee13\/e27aae724dadaae07d4cb1ae97bc\/2x-Goodyear-Vector-4Seasons-G3-235-50R19-99T\" srcset=\"https:\/\/a.allegroimg.com\/original\/11ee13\/e27aae724dadaae07d4cb1ae97bc\/2x-Goodyear-Vector-4Seasons-G3-235-50R19-99T 263w,https:\/\/a.allegroimg.com\/original\/11ee13\/e27aae724dadaae07d4cb1ae97bc\/2x-Goodyear-Vector-4Seasons-G3-235-50R19-99T 527w,https:\/\/a.allegroimg.com\/original\/11ee13\/e27aae724dadaae07d4cb1ae97bc\/2x-Goodyear-Vector-4Seasons-G3-235-50R19-99T 750w,https:\/\/a.allegroimg.com\/original\/11ee13\/e27aae724dadaae07d4cb1ae97bc\/2x-Goodyear-Vector-4Seasons-G3-235-50R19-99T 750w\" sizes=\"(min-width: 1200px) 560px, (min-width: 992px) 50vw, 100vw\" width=\"750px\" alt=\"2x Goodyear Vector 4Seasons G3 235\/50R19 99T\"\/ style=\"max-width: 100%; height: auto; display: block; margin: 0 auto;\"><\/div>\n<\/div>\n<\/div>\n<\/div>\n<\/div>\n<\/div>\n<div style=\"clear: both; display: block; margin: 10px 0;\">\n<div style=\"clear: both; display: block; margin: 10px 0;\">\n<div style=\"clear: both; display: block; margin: 10px 0;\">\n<div  style=\"max-width:212px;max-height:305px\">\n<div style=\"clear: both; display: block; margin: 10px 0;\">\n<div style=\"clear: both; width: 100%; display: block; margin: 20px 0; padding: 0; float: none; position: static; text-align: center;\"><img decoding=\"async\"  src=\"https:\/\/a.allegroimg.com\/original\/119308\/f9b243d74fed85fcfa3d29aefe29\/2x-Goodyear-Vector-4Seasons-G3-235-50R19-99T-Liczba-opon-w-ofercie-2-szt\" srcset=\"https:\/\/a.allegroimg.com\/original\/119308\/f9b243d74fed85fcfa3d29aefe29\/2x-Goodyear-Vector-4Seasons-G3-235-50R19-99T-Liczba-opon-w-ofercie-2-szt 212w,https:\/\/a.allegroimg.com\/original\/119308\/f9b243d74fed85fcfa3d29aefe29\/2x-Goodyear-Vector-4Seasons-G3-235-50R19-99T-Liczba-opon-w-ofercie-2-szt 212w\" sizes=\"(min-width: 1200px) 560px, (min-width: 992px) 50vw, 100vw\" width=\"212px\" alt=\"2x Goodyear Vector 4Seasons G3 235\/50R19 99T Liczba opon w ofercie 2 szt.\"\/ style=\"max-width: 100%; height: auto; display: block; margin: 0 auto;\"><\/div>\n<\/div>\n<\/div>\n<\/div>\n<\/div>\n<div style=\"clear: both; display: block; margin: 10px 0;\">\n<div style=\"clear: both; display: block; margin: 10px 0;\">\n<h2>Marka: Goodyear<\/h2>\n<h2>Liczba opon w ofercie: 2<\/h2>\n<h2>Rok produkcji: <\/h2>\n<h2>Szeroko\u015b\u0107 opony: 235 mm<\/h2>\n<h2>Profil opony: 50<\/h2>\n<h2>\u015arednica: 19<\/h2>\n<h2>Indeks no\u015bno\u015bci: 99<\/h2>\n<h2>Indeks pr\u0119dko\u015bci: T do 190 km\/h<\/h2>\n<h2>Op\u00f3r toczenia: Klasa B<\/h2>\n<h2>Przyczepno\u015b\u0107 na mokrej nawierzchni: Klasa B<\/h2>\n<h2>Ha\u0142as zewn\u0119trzny: 71 dB<\/h2>\n<h2>Kod producenta: 598477<\/h2>\n<h2>Sezon: Ca\u0142oroczne<\/h2>\n<\/div>\n<\/div>\n<\/div>\n<\/div>\n<\/div>\n<\/div>\n<div style=\"clear: both; display: block; margin: 10px 0;\">\n","protected":false},"excerpt":{"rendered":"<p>Goodyear Vector 4Seasons G3<\/p>\n<p>235\/50 R19 99T do 190 km\/h<\/p>\n<p>Kod produktu: 4038526430991<\/p>\n","protected":false},"featured_media":12111,"template":"","meta":{"_uag_custom_page_level_css":""},"product_brand":[437],"product_cat":[416,414,413,412],"product_tag":[],"class_list":{"0":"post-12110","1":"product","2":"type-product","3":"status-publish","4":"has-post-thumbnail","6":"product_brand-goodyear","7":"product_cat-caloroczne","8":"product_cat-do-samochodow-osobowych-i-suv","9":"product_cat-opony","10":"product_cat-opony-i-felgi","12":"first","13":"instock","14":"shipping-taxable","15":"purchasable","16":"product-type-simple"},"uagb_featured_image_src":{"full":["https:\/\/oponixo.shop\/tire\/wp-content\/uploads\/2026\/01\/allegro-image-12110.jpg",750,1024,false],"thumbnail":["https:\/\/oponixo.shop\/tire\/wp-content\/uploads\/2026\/01\/allegro-image-12110-150x150.jpg",150,150,true],"medium":["https:\/\/oponixo.shop\/tire\/wp-content\/uploads\/2026\/01\/allegro-image-12110-220x300.jpg",220,300,true],"medium_large":["https:\/\/oponixo.shop\/tire\/wp-content\/uploads\/2026\/01\/allegro-image-12110.jpg",750,1024,false],"large":["https:\/\/oponixo.shop\/tire\/wp-content\/uploads\/2026\/01\/allegro-image-12110.jpg",750,1024,false],"1536x1536":["https:\/\/oponixo.shop\/tire\/wp-content\/uploads\/2026\/01\/allegro-image-12110.jpg",750,1024,false],"2048x2048":["https:\/\/oponixo.shop\/tire\/wp-content\/uploads\/2026\/01\/allegro-image-12110.jpg",750,1024,false],"woocommerce_thumbnail":["https:\/\/oponixo.shop\/tire\/wp-content\/uploads\/2026\/01\/allegro-image-12110-300x300.jpg",300,300,true],"woocommerce_single":["https:\/\/oponixo.shop\/tire\/wp-content\/uploads\/2026\/01\/allegro-image-12110-600x819.jpg",600,819,true],"woocommerce_gallery_thumbnail":["https:\/\/oponixo.shop\/tire\/wp-content\/uploads\/2026\/01\/allegro-image-12110-100x100.jpg",100,100,true]},"uagb_author_info":{"display_name":"admin","author_link":"https:\/\/oponixo.shop\/tire\/author\/"},"uagb_comment_info":0,"uagb_excerpt":"Goodyear Vector 4Seasons G3 235\/50 R19 99T do 190 km\/h Kod produktu: 4038526430991","_links":{"self":[{"href":"https:\/\/oponixo.shop\/tire\/wp-json\/wp\/v2\/product\/12110","targetHints":{"allow":["GET"]}}],"collection":[{"href":"https:\/\/oponixo.shop\/tire\/wp-json\/wp\/v2\/product"}],"about":[{"href":"https:\/\/oponixo.shop\/tire\/wp-json\/wp\/v2\/types\/product"}],"wp:featuredmedia":[{"embeddable":true,"href":"https:\/\/oponixo.shop\/tire\/wp-json\/wp\/v2\/media\/12111"}],"wp:attachment":[{"href":"https:\/\/oponixo.shop\/tire\/wp-json\/wp\/v2\/media?parent=12110"}],"wp:term":[{"taxonomy":"product_brand","embeddable":true,"href":"https:\/\/oponixo.shop\/tire\/wp-json\/wp\/v2\/product_brand?post=12110"},{"taxonomy":"product_cat","embeddable":true,"href":"https:\/\/oponixo.shop\/tire\/wp-json\/wp\/v2\/product_cat?post=12110"},{"taxonomy":"product_tag","embeddable":true,"href":"https:\/\/oponixo.shop\/tire\/wp-json\/wp\/v2\/product_tag?post=12110"}],"curies":[{"name":"wp","href":"https:\/\/api.w.org\/{rel}","templated":true}]}}