{"id":12151,"date":"2026-01-03T12:04:59","date_gmt":"2026-01-03T11:04:59","guid":{"rendered":"https:\/\/oponyexpert.shop\/xef5\/produkt\/4-x-bridgestone-blizzak-dm-v3-275-60r20-115-r-3pmsf-opona-zimowa\/"},"modified":"2026-01-03T12:04:59","modified_gmt":"2026-01-03T11:04:59","slug":"4-x-bridgestone-blizzak-dm-v3-275-60r20-115-r-3pmsf-opona-zimowa","status":"publish","type":"product","link":"https:\/\/oponixo.shop\/tire\/produkt\/4-x-bridgestone-blizzak-dm-v3-275-60r20-115-r-3pmsf-opona-zimowa\/","title":{"rendered":"4 x Bridgestone Blizzak DM-V3 275\/60R20 115 R 3PMSF opona zimowa"},"content":{"rendered":"<div style=\"font-family: Arial, sans-serif; line-height: 1.6; color: #333; padding: 20px; clear: both; display: block; width: 100%; float: none; position: static; overflow: hidden;\">\n<div style=\"clear: both; display: block; margin: 10px 0;\">\n<div style=\"clear: both; display: block; margin: 10px 0;\">\n<div style=\"clear: both; display: block; margin: 10px 0;\">\n<div  style=\"max-width:366px;max-height:500px\">\n<div style=\"clear: both; display: block; margin: 10px 0;\">\n<div style=\"clear: both; width: 100%; display: block; margin: 20px 0; padding: 0; float: none; position: static; text-align: center;\"><img decoding=\"async\"  src=\"https:\/\/a.allegroimg.com\/original\/1124be\/daf4b1964933a0f5ab3133184f00\/4-x-Bridgestone-Blizzak-DM-V3-275-60R20-115-R-3PMSF-opona-zimowa\" srcset=\"https:\/\/a.allegroimg.com\/original\/1124be\/daf4b1964933a0f5ab3133184f00\/4-x-Bridgestone-Blizzak-DM-V3-275-60R20-115-R-3PMSF-opona-zimowa 263w,https:\/\/a.allegroimg.com\/original\/1124be\/daf4b1964933a0f5ab3133184f00\/4-x-Bridgestone-Blizzak-DM-V3-275-60R20-115-R-3PMSF-opona-zimowa 366w,https:\/\/a.allegroimg.com\/original\/1124be\/daf4b1964933a0f5ab3133184f00\/4-x-Bridgestone-Blizzak-DM-V3-275-60R20-115-R-3PMSF-opona-zimowa 366w\" sizes=\"(min-width: 1200px) 560px, (min-width: 992px) 50vw, 100vw\" width=\"366px\" alt=\"4 x Bridgestone Blizzak DM-V3 275\/60R20 115 R 3PMSF opona zimowa\"\/ style=\"max-width: 100%; height: auto; display: block; margin: 0 auto;\"><\/div>\n<\/div>\n<\/div>\n<\/div>\n<\/div>\n<div style=\"clear: both; display: block; margin: 10px 0;\">\n<div style=\"clear: both; display: block; margin: 10px 0;\">\n<h2>Bridgestone Blizzak DM-V3 275\/60R20 115 R 3PMSF<\/h2>\n<p style=\"margin: 15px 0; line-height: 1.8; clear: both; display: block; width: 100%; float: none; position: static;\">Producent: Bridgestone<\/p>\n<p style=\"margin: 15px 0; line-height: 1.8; clear: both; display: block; width: 100%; float: none; position: static;\">Model: Blizzak DM-V3<\/p>\n<p style=\"margin: 15px 0; line-height: 1.8; clear: both; display: block; width: 100%; float: none; position: static;\">Sezon: zimowe<\/p>\n<p style=\"margin: 15px 0; line-height: 1.8; clear: both; display: block; width: 100%; float: none; position: static;\">Rozmiar: 275\/60R20<\/p>\n<p style=\"margin: 15px 0; line-height: 1.8; clear: both; display: block; width: 100%; float: none; position: static;\">Data produkcji: 2025<\/p>\n<p style=\"margin: 15px 0; line-height: 1.8; clear: both; display: block; width: 100%; float: none; position: static;\">Zu\u017cycie paliwa: klasa E<\/p>\n<p style=\"margin: 15px 0; line-height: 1.8; clear: both; display: block; width: 100%; float: none; position: static;\">Przyczepno\u015b\u0107 na mokrym: klasa E<\/p>\n<p style=\"margin: 15px 0; line-height: 1.8; clear: both; display: block; width: 100%; float: none; position: static;\">Poziom ha\u0142asu: 73 dB<\/p>\n<\/div>\n<\/div>\n<\/div>\n<\/div>\n<\/div>\n<\/div>\n<div style=\"clear: both; display: block; margin: 10px 0;\">\n","protected":false},"excerpt":{"rendered":"<p>Bridgestone Blizzak DM-V3 275\/60R20 115 R 3PMSF<\/p>\n<p>Producent: Bridgestone<\/p>\n<p>Model: Blizzak DM-V3<\/p>\n<p>Sezon: zimowe<\/p>\n<p>Rozmiar: 275\/60R20<\/p>\n<p>Data produkcji: 2025<\/p>\n<p>Zu\u017cycie paliwa: klasa E<\/p>\n<p>Przyczepno\u015b\u0107 na mokrym: klasa E<\/p>\n","protected":false},"featured_media":12152,"template":"","meta":{"_uag_custom_page_level_css":""},"product_brand":[397],"product_cat":[414,413,412,415],"product_tag":[],"class_list":{"0":"post-12151","1":"product","2":"type-product","3":"status-publish","4":"has-post-thumbnail","6":"product_brand-bridgestone","7":"product_cat-do-samochodow-osobowych-i-suv","8":"product_cat-opony","9":"product_cat-opony-i-felgi","10":"product_cat-zimowe","12":"first","13":"instock","14":"shipping-taxable","15":"purchasable","16":"product-type-simple"},"uagb_featured_image_src":{"full":["https:\/\/oponixo.shop\/tire\/wp-content\/uploads\/2026\/01\/allegro-image-12151.jpg",366,500,false],"thumbnail":["https:\/\/oponixo.shop\/tire\/wp-content\/uploads\/2026\/01\/allegro-image-12151-150x150.jpg",150,150,true],"medium":["https:\/\/oponixo.shop\/tire\/wp-content\/uploads\/2026\/01\/allegro-image-12151-220x300.jpg",220,300,true],"medium_large":["https:\/\/oponixo.shop\/tire\/wp-content\/uploads\/2026\/01\/allegro-image-12151.jpg",366,500,false],"large":["https:\/\/oponixo.shop\/tire\/wp-content\/uploads\/2026\/01\/allegro-image-12151.jpg",366,500,false],"1536x1536":["https:\/\/oponixo.shop\/tire\/wp-content\/uploads\/2026\/01\/allegro-image-12151.jpg",366,500,false],"2048x2048":["https:\/\/oponixo.shop\/tire\/wp-content\/uploads\/2026\/01\/allegro-image-12151.jpg",366,500,false],"woocommerce_thumbnail":["https:\/\/oponixo.shop\/tire\/wp-content\/uploads\/2026\/01\/allegro-image-12151-300x300.jpg",300,300,true],"woocommerce_single":["https:\/\/oponixo.shop\/tire\/wp-content\/uploads\/2026\/01\/allegro-image-12151.jpg",366,500,false],"woocommerce_gallery_thumbnail":["https:\/\/oponixo.shop\/tire\/wp-content\/uploads\/2026\/01\/allegro-image-12151-100x100.jpg",100,100,true]},"uagb_author_info":{"display_name":"admin","author_link":"https:\/\/oponixo.shop\/tire\/author\/"},"uagb_comment_info":0,"uagb_excerpt":"Bridgestone Blizzak DM-V3 275\/60R20 115 R 3PMSF Producent: Bridgestone Model: Blizzak DM-V3 Sezon: zimowe Rozmiar: 275\/60R20 Data produkcji: 2025 Zu\u017cycie paliwa: klasa E Przyczepno\u015b\u0107 na mokrym: klasa E","_links":{"self":[{"href":"https:\/\/oponixo.shop\/tire\/wp-json\/wp\/v2\/product\/12151","targetHints":{"allow":["GET"]}}],"collection":[{"href":"https:\/\/oponixo.shop\/tire\/wp-json\/wp\/v2\/product"}],"about":[{"href":"https:\/\/oponixo.shop\/tire\/wp-json\/wp\/v2\/types\/product"}],"wp:featuredmedia":[{"embeddable":true,"href":"https:\/\/oponixo.shop\/tire\/wp-json\/wp\/v2\/media\/12152"}],"wp:attachment":[{"href":"https:\/\/oponixo.shop\/tire\/wp-json\/wp\/v2\/media?parent=12151"}],"wp:term":[{"taxonomy":"product_brand","embeddable":true,"href":"https:\/\/oponixo.shop\/tire\/wp-json\/wp\/v2\/product_brand?post=12151"},{"taxonomy":"product_cat","embeddable":true,"href":"https:\/\/oponixo.shop\/tire\/wp-json\/wp\/v2\/product_cat?post=12151"},{"taxonomy":"product_tag","embeddable":true,"href":"https:\/\/oponixo.shop\/tire\/wp-json\/wp\/v2\/product_tag?post=12151"}],"curies":[{"name":"wp","href":"https:\/\/api.w.org\/{rel}","templated":true}]}}