{"id":12179,"date":"2026-01-03T12:05:20","date_gmt":"2026-01-03T11:05:20","guid":{"rendered":"https:\/\/oponyexpert.shop\/xef5\/produkt\/2x-opony-zimowe-275-50r20-hankook-ion-winter-suv\/"},"modified":"2026-01-03T12:05:21","modified_gmt":"2026-01-03T11:05:21","slug":"2x-opony-zimowe-275-50r20-hankook-ion-winter-suv","status":"publish","type":"product","link":"https:\/\/oponixo.shop\/tire\/produkt\/2x-opony-zimowe-275-50r20-hankook-ion-winter-suv\/","title":{"rendered":"2x opony zimowe 275\/50R20 Hankook iON WINTER SUV"},"content":{"rendered":"<div style=\"font-family: Arial, sans-serif; line-height: 1.6; color: #333; padding: 20px; clear: both; display: block; width: 100%; float: none; position: static; overflow: hidden;\">\n<div style=\"clear: both; display: block; margin: 10px 0;\">\n<div style=\"clear: both; display: block; margin: 10px 0;\">\n<div style=\"clear: both; display: block; margin: 10px 0;\">\n<div  style=\"max-width:2560px;max-height:416px\">\n<div style=\"clear: both; display: block; margin: 10px 0;\">\n<div style=\"clear: both; width: 100%; display: block; margin: 20px 0; padding: 0; float: none; position: static; text-align: center;\"><img decoding=\"async\"  src=\"https:\/\/a.allegroimg.com\/original\/1124ec\/b9c5832b45cd8c84c54500ce9998\/2x-opony-zimowe-275-50R20-Hankook-iON-WINTER-SUV-Rok-produkcji-2024\" srcset=\"https:\/\/a.allegroimg.com\/original\/1124ec\/b9c5832b45cd8c84c54500ce9998\/2x-opony-zimowe-275-50R20-Hankook-iON-WINTER-SUV-Rok-produkcji-2024 360w,https:\/\/a.allegroimg.com\/original\/1124ec\/b9c5832b45cd8c84c54500ce9998\/2x-opony-zimowe-275-50R20-Hankook-iON-WINTER-SUV-Rok-produkcji-2024 720w,https:\/\/a.allegroimg.com\/original\/1124ec\/b9c5832b45cd8c84c54500ce9998\/2x-opony-zimowe-275-50R20-Hankook-iON-WINTER-SUV-Rok-produkcji-2024 1024w,https:\/\/a.allegroimg.com\/original\/1124ec\/b9c5832b45cd8c84c54500ce9998\/2x-opony-zimowe-275-50R20-Hankook-iON-WINTER-SUV-Rok-produkcji-2024 1440w,https:\/\/a.allegroimg.com\/original\/1124ec\/b9c5832b45cd8c84c54500ce9998\/2x-opony-zimowe-275-50R20-Hankook-iON-WINTER-SUV-Rok-produkcji-2024 2560w\" sizes=\"100vw\" width=\"2560px\" alt=\"2x opony zimowe 275\/50R20 Hankook iON WINTER SUV Rok produkcji 2024\"\/ style=\"max-width: 100%; height: auto; display: block; margin: 0 auto;\"><\/div>\n<\/div>\n<\/div>\n<\/div>\n<\/div>\n<\/div>\n<div style=\"clear: both; display: block; margin: 10px 0;\">\n<div style=\"clear: both; display: block; margin: 10px 0;\">\n<div style=\"clear: both; display: block; margin: 10px 0;\">\n<div  style=\"max-width:499px;max-height:642px\">\n<div style=\"clear: both; display: block; margin: 10px 0;\">\n<div style=\"clear: both; width: 100%; display: block; margin: 20px 0; padding: 0; float: none; position: static; text-align: center;\"><img decoding=\"async\"  src=\"https:\/\/a.allegroimg.com\/original\/114ab8\/521072c14e308bea67f58d657d2a\/2x-opony-zimowe-275-50R20-Hankook-iON-WINTER-SUV\" srcset=\"https:\/\/a.allegroimg.com\/original\/114ab8\/521072c14e308bea67f58d657d2a\/2x-opony-zimowe-275-50R20-Hankook-iON-WINTER-SUV 279w,https:\/\/a.allegroimg.com\/original\/114ab8\/521072c14e308bea67f58d657d2a\/2x-opony-zimowe-275-50R20-Hankook-iON-WINTER-SUV 499w,https:\/\/a.allegroimg.com\/original\/114ab8\/521072c14e308bea67f58d657d2a\/2x-opony-zimowe-275-50R20-Hankook-iON-WINTER-SUV 499w\" sizes=\"(min-width: 1200px) 560px, (min-width: 992px) 50vw, 100vw\" width=\"499px\" alt=\"2x opony zimowe 275\/50R20 Hankook iON WINTER SUV\"\/ style=\"max-width: 100%; height: auto; display: block; margin: 0 auto;\"><\/div>\n<\/div>\n<\/div>\n<\/div>\n<\/div>\n<div style=\"clear: both; display: block; margin: 10px 0;\">\n<div style=\"clear: both; display: block; margin: 10px 0;\">\n<h1>Cechy Opony:<\/h1>\n<ul style=\"margin: 15px 0; padding-left: 20px; clear: both; display: block; width: 100%; float: none; position: static;\">\n<li style=\"margin: 5px 0; padding: 2px 0; clear: both; display: list-item; float: none; position: static;\">Stan: <b>Fabrycznie nowa<\/b><\/li>\n<\/ul>\n<ul style=\"margin: 15px 0; padding-left: 20px; clear: both; display: block; width: 100%; float: none; position: static;\">\n<li style=\"margin: 5px 0; padding: 2px 0; clear: both; display: list-item; float: none; position: static;\">Dystrybucja: <b>Oficjalny dystrybutor w Polsce<\/b><\/li>\n<\/ul>\n<ul style=\"margin: 15px 0; padding-left: 20px; clear: both; display: block; width: 100%; float: none; position: static;\">\n<li style=\"margin: 5px 0; padding: 2px 0; clear: both; display: list-item; float: none; position: static;\">Sezon: <b>zimowe<\/b><\/li>\n<\/ul>\n<ul style=\"margin: 15px 0; padding-left: 20px; clear: both; display: block; width: 100%; float: none; position: static;\">\n<li style=\"margin: 5px 0; padding: 2px 0; clear: both; display: list-item; float: none; position: static;\">Producent: <b>Hankook<\/b><\/li>\n<\/ul>\n<ul style=\"margin: 15px 0; padding-left: 20px; clear: both; display: block; width: 100%; float: none; position: static;\">\n<li style=\"margin: 5px 0; padding: 2px 0; clear: both; display: list-item; float: none; position: static;\">Bie\u017cnik: <b>iON WINTER SUV<\/b><\/li>\n<\/ul>\n<ul style=\"margin: 15px 0; padding-left: 20px; clear: both; display: block; width: 100%; float: none; position: static;\">\n<li style=\"margin: 5px 0; padding: 2px 0; clear: both; display: list-item; float: none; position: static;\">Rozmiar: <b>275\/50R20<\/b><\/li>\n<\/ul>\n<ul style=\"margin: 15px 0; padding-left: 20px; clear: both; display: block; width: 100%; float: none; position: static;\">\n<li style=\"margin: 5px 0; padding: 2px 0; clear: both; display: list-item; float: none; position: static;\">Indeks no\u015bno\u015bci: <b>113<\/b><\/li>\n<\/ul>\n<ul style=\"margin: 15px 0; padding-left: 20px; clear: both; display: block; width: 100%; float: none; position: static;\">\n<li style=\"margin: 5px 0; padding: 2px 0; clear: both; display: list-item; float: none; position: static;\">Indeks pr\u0119dko\u015bci: <b>V<\/b><\/li>\n<\/ul>\n<ul style=\"margin: 15px 0; padding-left: 20px; clear: both; display: block; width: 100%; float: none; position: static;\">\n<li style=\"margin: 5px 0; padding: 2px 0; clear: both; display: list-item; float: none; position: static;\">Rok produkcji:<b> 2025\/2024 &#8211; Decyduj\u0105c si\u0119 na zakup z tej oferty, otrzymasz fabrycznie nowe, pe\u0142nowarto\u015bciowe opony, wyprodukowane w bie\u017c\u0105cym lub poprzednim roku kalendarzowym.<\/b><\/li>\n<\/ul>\n<ul style=\"margin: 15px 0; padding-left: 20px; clear: both; display: block; width: 100%; float: none; position: static;\">\n<li style=\"margin: 5px 0; padding: 2px 0; clear: both; display: list-item; float: none; position: static;\">EAN: <b>8808563605371<\/b><\/li>\n<\/ul>\n<ul style=\"margin: 15px 0; padding-left: 20px; clear: both; display: block; width: 100%; float: none; position: static;\">\n<li style=\"margin: 5px 0; padding: 2px 0; clear: both; display: list-item; float: none; position: static;\">Wzmocniona konstrukcja (XL): <b>Tak<\/b><\/li>\n<\/ul>\n<ul style=\"margin: 15px 0; padding-left: 20px; clear: both; display: block; width: 100%; float: none; position: static;\">\n<li style=\"margin: 5px 0; padding: 2px 0; clear: both; display: list-item; float: none; position: static;\">Rant ochronny na felg\u0119: <b>Tak<\/b><\/li>\n<\/ul>\n<ul style=\"margin: 15px 0; padding-left: 20px; clear: both; display: block; width: 100%; float: none; position: static;\">\n<li style=\"margin: 5px 0; padding: 2px 0; clear: both; display: list-item; float: none; position: static;\">Noise Cancelling System: <b>Tak<\/b><\/li>\n<\/ul><\/div>\n<\/div>\n<\/div>\n<div style=\"clear: both; display: block; margin: 10px 0;\">\n<div style=\"clear: both; display: block; margin: 10px 0;\">\n<div style=\"clear: both; display: block; margin: 10px 0;\">\n<h2>Zu\u017cycie paliwa \/ opory toczenia<\/h2>\n<p style=\"margin: 15px 0; line-height: 1.8; clear: both; display: block; width: 100%; float: none; position: static;\">Klasa A okre\u015bla opony o najmniejszych oporach toczenia, klasa E o najwi\u0119kszych. Op\u00f3r toczenia wp\u0142ywa na zu\u017cycie paliwa oraz emisj\u0119 spalin przez samoch\u00f3d. Im ni\u017cszy op\u00f3r toczenia, tym wi\u0119ksza oszcz\u0119dno\u015b\u0107 paliwa i mniejszy wp\u0142yw na \u015brodowisko.<\/p>\n<p style=\"margin: 15px 0; line-height: 1.8; clear: both; display: block; width: 100%; float: none; position: static;\">\n<h2>Przyczepno\u015b\u0107 na mokrej nawierzchni \/ droga hamowania<\/h2>\n<p style=\"margin: 15px 0; line-height: 1.8; clear: both; display: block; width: 100%; float: none; position: static;\">Klasa A oznacza najkr\u00f3tsz\u0105, a E najd\u0142u\u017csz\u0105 drog\u0119 hamowania na mokrej nawierzchni. Parametr ten zwi\u0105zany jest z przyczepno\u015bci\u0105 opony podczas jazdy po mokrej drodze, co ma znaczenie dla bezpiecze\u0144stwa podr\u00f3\u017cowania. Im wy\u017csza klasa, tym lepsze w\u0142a\u015bciwo\u015bci ogumienia.<\/p>\n<p style=\"margin: 15px 0; line-height: 1.8; clear: both; display: block; width: 100%; float: none; position: static;\">\n<h2>Zewn\u0119trzny ha\u0142as toczenia \/ emisja ha\u0142asu<\/h2>\n<p style=\"margin: 15px 0; line-height: 1.8; clear: both; display: block; width: 100%; float: none; position: static;\">Klasa A przeznaczona jest dla najcichszych opon, B i C \u2013 dla g\u0142o\u015bniejszych. Wp\u0142ywa na komfort podr\u00f3\u017cowania samochodem. Ha\u0142as, kt\u00f3ry powstaje przy toczeniu si\u0119 opony jest wyra\u017cony w decybelach. Im ni\u017csza liczba tym cichsza opona.<\/p>\n<p style=\"margin: 15px 0; line-height: 1.8; clear: both; display: block; width: 100%; float: none; position: static;\">\n<\/div>\n<\/div>\n<div style=\"clear: both; display: block; margin: 10px 0;\">\n<div style=\"clear: both; display: block; margin: 10px 0;\">\n<div  style=\"max-width:738px;max-height:1082px\">\n<div style=\"clear: both; display: block; margin: 10px 0;\">\n<div style=\"clear: both; width: 100%; display: block; margin: 20px 0; padding: 0; float: none; position: static; text-align: center;\"><img decoding=\"async\"  src=\"https:\/\/a.allegroimg.com\/original\/1144f6\/17daa5ba4570a219ae5fb01dd873\/2x-opony-zimowe-275-50R20-Hankook-iON-WINTER-SUV-Liczba-opon-w-ofercie-2-szt\" srcset=\"https:\/\/a.allegroimg.com\/original\/1144f6\/17daa5ba4570a219ae5fb01dd873\/2x-opony-zimowe-275-50R20-Hankook-iON-WINTER-SUV-Liczba-opon-w-ofercie-2-szt 245w,https:\/\/a.allegroimg.com\/original\/1144f6\/17daa5ba4570a219ae5fb01dd873\/2x-opony-zimowe-275-50R20-Hankook-iON-WINTER-SUV-Liczba-opon-w-ofercie-2-szt 491w,https:\/\/a.allegroimg.com\/original\/1144f6\/17daa5ba4570a219ae5fb01dd873\/2x-opony-zimowe-275-50R20-Hankook-iON-WINTER-SUV-Liczba-opon-w-ofercie-2-szt 698w,https:\/\/a.allegroimg.com\/original\/1144f6\/17daa5ba4570a219ae5fb01dd873\/2x-opony-zimowe-275-50R20-Hankook-iON-WINTER-SUV-Liczba-opon-w-ofercie-2-szt 738w,https:\/\/a.allegroimg.com\/original\/1144f6\/17daa5ba4570a219ae5fb01dd873\/2x-opony-zimowe-275-50R20-Hankook-iON-WINTER-SUV-Liczba-opon-w-ofercie-2-szt 738w\" sizes=\"(min-width: 1200px) 560px, (min-width: 992px) 50vw, 100vw\" width=\"738px\" alt=\"2x opony zimowe 275\/50R20 Hankook iON WINTER SUV Liczba opon w ofercie 2 szt.\"\/ style=\"max-width: 100%; height: auto; display: block; margin: 0 auto;\"><\/div>\n<\/div>\n<\/div>\n<\/div>\n<\/div>\n<\/div>\n<div style=\"clear: both; display: block; margin: 10px 0;\">\n<div style=\"clear: both; display: block; margin: 10px 0;\">\n<div style=\"clear: both; display: block; margin: 10px 0;\">\n<div  style=\"max-width:2560px;max-height:416px\">\n<div style=\"clear: both; display: block; margin: 10px 0;\">\n<div style=\"clear: both; width: 100%; display: block; margin: 20px 0; padding: 0; float: none; position: static; text-align: center;\"><img decoding=\"async\"  src=\"https:\/\/a.allegroimg.com\/original\/1124ec\/b9c5832b45cd8c84c54500ce9998\/2x-opony-zimowe-275-50R20-Hankook-iON-WINTER-SUV-Rok-produkcji-2024\" srcset=\"https:\/\/a.allegroimg.com\/original\/1124ec\/b9c5832b45cd8c84c54500ce9998\/2x-opony-zimowe-275-50R20-Hankook-iON-WINTER-SUV-Rok-produkcji-2024 360w,https:\/\/a.allegroimg.com\/original\/1124ec\/b9c5832b45cd8c84c54500ce9998\/2x-opony-zimowe-275-50R20-Hankook-iON-WINTER-SUV-Rok-produkcji-2024 720w,https:\/\/a.allegroimg.com\/original\/1124ec\/b9c5832b45cd8c84c54500ce9998\/2x-opony-zimowe-275-50R20-Hankook-iON-WINTER-SUV-Rok-produkcji-2024 1024w,https:\/\/a.allegroimg.com\/original\/1124ec\/b9c5832b45cd8c84c54500ce9998\/2x-opony-zimowe-275-50R20-Hankook-iON-WINTER-SUV-Rok-produkcji-2024 1440w,https:\/\/a.allegroimg.com\/original\/1124ec\/b9c5832b45cd8c84c54500ce9998\/2x-opony-zimowe-275-50R20-Hankook-iON-WINTER-SUV-Rok-produkcji-2024 2560w\" sizes=\"(min-width: 1200px) 560px, (min-width: 992px) 50vw, 100vw\" width=\"2560px\" alt=\"2x opony zimowe 275\/50R20 Hankook iON WINTER SUV Rok produkcji 2024\"\/ style=\"max-width: 100%; height: auto; display: block; margin: 0 auto;\"><\/div>\n<\/div>\n<\/div>\n<\/div>\n<\/div>\n<div style=\"clear: both; display: block; margin: 10px 0;\">\n<div style=\"clear: both; display: block; margin: 10px 0;\">\n<h2>O producencie<\/h2>\n<ul style=\"margin: 15px 0; padding-left: 20px; clear: both; display: block; width: 100%; float: none; position: static;\">\n<li style=\"margin: 5px 0; padding: 2px 0; clear: both; display: list-item; float: none; position: static;\">Zdolno\u015bci produkcyjne&nbsp;:&nbsp; 102 miliony opon<\/li>\n<li style=\"margin: 5px 0; padding: 2px 0; clear: both; display: list-item; float: none; position: static;\">Sie\u0107 globalna:&nbsp; Biura sprzeda\u017cy w 30 krajach, 5 centr\u00f3w badawczo-rozwojowych w Korei, Stanach Zjednoczonych, Niemczech, Chinach i Japonii<\/li>\n<li style=\"margin: 5px 0; padding: 2px 0; clear: both; display: list-item; float: none; position: static;\">Zak\u0142ady produkcyjne: &nbsp;8 zak\u0142ad\u00f3w produkcyjnych w Korei, Stanach Zjednoczonych, na W\u0119grzech i w Chinach<\/li>\n<li style=\"margin: 5px 0; padding: 2px 0; clear: both; display: list-item; float: none; position: static;\">Pracownicy:&nbsp; oko\u0142o 21 000 pracownik\u00f3w<\/li>\n<li style=\"margin: 5px 0; padding: 2px 0; clear: both; display: list-item; float: none; position: static;\">Sie\u0107 dystrybucyjna:&nbsp; dost\u0119pna w ponad 180 krajach<\/li>\n<\/ul>\n<\/div>\n<\/div>\n<\/div>\n<\/div>\n<\/div>\n<\/div>\n<div style=\"clear: both; display: block; margin: 10px 0;\">\n","protected":false},"excerpt":{"rendered":"<p>Cechy Opony:<\/p>\n<p>Stan: Fabrycznie nowa<\/p>\n<p>Dystrybucja: Oficjalny dystrybutor w Polsce<\/p>\n<p>Sezon: zimowe<\/p>\n<p>Producent: Hankook<\/p>\n<p>Bie\u017cnik: iON WINTER SUV<\/p>\n<p>Rozmiar: 275\/50R20<\/p>\n<p>Indeks no\u015bno\u015bci: 113<\/p>\n","protected":false},"featured_media":12180,"template":"","meta":{"_uag_custom_page_level_css":""},"product_brand":[411],"product_cat":[414,413,412,415],"product_tag":[],"class_list":{"0":"post-12179","1":"product","2":"type-product","3":"status-publish","4":"has-post-thumbnail","6":"product_brand-hankook","7":"product_cat-do-samochodow-osobowych-i-suv","8":"product_cat-opony","9":"product_cat-opony-i-felgi","10":"product_cat-zimowe","12":"first","13":"instock","14":"shipping-taxable","15":"purchasable","16":"product-type-simple"},"uagb_featured_image_src":{"full":["https:\/\/oponixo.shop\/tire\/wp-content\/uploads\/2026\/01\/allegro-image-12179.jpg",499,642,false],"thumbnail":["https:\/\/oponixo.shop\/tire\/wp-content\/uploads\/2026\/01\/allegro-image-12179-150x150.jpg",150,150,true],"medium":["https:\/\/oponixo.shop\/tire\/wp-content\/uploads\/2026\/01\/allegro-image-12179-233x300.jpg",233,300,true],"medium_large":["https:\/\/oponixo.shop\/tire\/wp-content\/uploads\/2026\/01\/allegro-image-12179.jpg",499,642,false],"large":["https:\/\/oponixo.shop\/tire\/wp-content\/uploads\/2026\/01\/allegro-image-12179.jpg",499,642,false],"1536x1536":["https:\/\/oponixo.shop\/tire\/wp-content\/uploads\/2026\/01\/allegro-image-12179.jpg",499,642,false],"2048x2048":["https:\/\/oponixo.shop\/tire\/wp-content\/uploads\/2026\/01\/allegro-image-12179.jpg",499,642,false],"woocommerce_thumbnail":["https:\/\/oponixo.shop\/tire\/wp-content\/uploads\/2026\/01\/allegro-image-12179-300x300.jpg",300,300,true],"woocommerce_single":["https:\/\/oponixo.shop\/tire\/wp-content\/uploads\/2026\/01\/allegro-image-12179.jpg",499,642,false],"woocommerce_gallery_thumbnail":["https:\/\/oponixo.shop\/tire\/wp-content\/uploads\/2026\/01\/allegro-image-12179-100x100.jpg",100,100,true]},"uagb_author_info":{"display_name":"admin","author_link":"https:\/\/oponixo.shop\/tire\/author\/"},"uagb_comment_info":0,"uagb_excerpt":"Cechy Opony: Stan: Fabrycznie nowa Dystrybucja: Oficjalny dystrybutor w Polsce Sezon: zimowe Producent: Hankook Bie\u017cnik: iON WINTER SUV Rozmiar: 275\/50R20 Indeks no\u015bno\u015bci: 113","_links":{"self":[{"href":"https:\/\/oponixo.shop\/tire\/wp-json\/wp\/v2\/product\/12179","targetHints":{"allow":["GET"]}}],"collection":[{"href":"https:\/\/oponixo.shop\/tire\/wp-json\/wp\/v2\/product"}],"about":[{"href":"https:\/\/oponixo.shop\/tire\/wp-json\/wp\/v2\/types\/product"}],"wp:featuredmedia":[{"embeddable":true,"href":"https:\/\/oponixo.shop\/tire\/wp-json\/wp\/v2\/media\/12180"}],"wp:attachment":[{"href":"https:\/\/oponixo.shop\/tire\/wp-json\/wp\/v2\/media?parent=12179"}],"wp:term":[{"taxonomy":"product_brand","embeddable":true,"href":"https:\/\/oponixo.shop\/tire\/wp-json\/wp\/v2\/product_brand?post=12179"},{"taxonomy":"product_cat","embeddable":true,"href":"https:\/\/oponixo.shop\/tire\/wp-json\/wp\/v2\/product_cat?post=12179"},{"taxonomy":"product_tag","embeddable":true,"href":"https:\/\/oponixo.shop\/tire\/wp-json\/wp\/v2\/product_tag?post=12179"}],"curies":[{"name":"wp","href":"https:\/\/api.w.org\/{rel}","templated":true}]}}