{"id":12181,"date":"2026-01-03T12:05:21","date_gmt":"2026-01-03T11:05:21","guid":{"rendered":"https:\/\/oponyexpert.shop\/xef5\/produkt\/2x-gripmax-suregrip-a-s-275-35r20-102w-xl\/"},"modified":"2026-01-03T12:05:21","modified_gmt":"2026-01-03T11:05:21","slug":"2x-gripmax-suregrip-a-s-275-35r20-102w-xl","status":"publish","type":"product","link":"https:\/\/oponixo.shop\/tire\/produkt\/2x-gripmax-suregrip-a-s-275-35r20-102w-xl\/","title":{"rendered":"2x Gripmax SureGrip A\/S 275\/35R20 102W XL"},"content":{"rendered":"<div style=\"font-family: Arial, sans-serif; line-height: 1.6; color: #333; padding: 20px; clear: both; display: block; width: 100%; float: none; position: static; overflow: hidden;\">\n<div style=\"clear: both; display: block; margin: 10px 0;\">\n<div style=\"clear: both; display: block; margin: 10px 0;\">\n<div style=\"clear: both; display: block; margin: 10px 0;\">\n<h1>Gripmax SureGrip A\/S <\/h1>\n<h1>275\/35 R20 102W do 270 km\/h<\/h1>\n<h2>Kod produktu: 6959956779154<\/h2>\n<p style=\"margin: 15px 0; line-height: 1.8; clear: both; display: block; width: 100%; float: none; position: static;\">Gripmax to marka zaliczana do klasy ekonomicznej, kt\u00f3ra dostarcza kierowcom na ca\u0142ym \u015bwiecie opony przeznaczone g\u0142\u00f3wnie do SUV-\u00f3w i aut terenowych. Opony te cenione s\u0105 przez u\u017cytkownik\u00f3w, kt\u00f3rzy chc\u0105 bezpieczne korzysta\u0107 z auta podczas r\u00f3\u017cnych warunk\u00f3w pogodowych, jednocze\u015bnie nie przep\u0142acaj\u0105c. Kierowcy szukaj\u0105cy niezawodnych opon ekonomicznych w rozs\u0105dnej cenie, zwracaj\u0105 tak\u017ce uwag\u0119 na gwarancj\u0119 &#8211; Gripmax udziela jej na 2 lata (licz\u0105c od daty zakupu). Gripmax SureGrip A\/S to tanie opony dla kierowc\u00f3w preferuj\u0105cych spokojny styl jazdy<\/p>\n<h2>Zgodnie z Polsk\u0105 Norm\u0105 PN-C-94300-7:1997 &quot;Ogumienie. Pakowanie, przechowywanie i transport&quot; opony nie s\u0105 starsze ni\u017c 36 miesi\u0119cy od daty produkcji<\/h2>\n<\/div>\n<\/div>\n<div style=\"clear: both; display: block; margin: 10px 0;\">\n<div style=\"clear: both; display: block; margin: 10px 0;\">\n<div  style=\"max-width:750px;max-height:1024px\">\n<div style=\"clear: both; display: block; margin: 10px 0;\">\n<div style=\"clear: both; width: 100%; display: block; margin: 20px 0; padding: 0; float: none; position: static; text-align: center;\"><img decoding=\"async\"  src=\"https:\/\/a.allegroimg.com\/original\/1188ca\/df5c149c4b31b8d0f3ff3251cf0f\/2x-Gripmax-SureGrip-A-S-275-35R20-102W-XL\" srcset=\"https:\/\/a.allegroimg.com\/original\/1188ca\/df5c149c4b31b8d0f3ff3251cf0f\/2x-Gripmax-SureGrip-A-S-275-35R20-102W-XL 263w,https:\/\/a.allegroimg.com\/original\/1188ca\/df5c149c4b31b8d0f3ff3251cf0f\/2x-Gripmax-SureGrip-A-S-275-35R20-102W-XL 527w,https:\/\/a.allegroimg.com\/original\/1188ca\/df5c149c4b31b8d0f3ff3251cf0f\/2x-Gripmax-SureGrip-A-S-275-35R20-102W-XL 750w,https:\/\/a.allegroimg.com\/original\/1188ca\/df5c149c4b31b8d0f3ff3251cf0f\/2x-Gripmax-SureGrip-A-S-275-35R20-102W-XL 750w\" sizes=\"(min-width: 1200px) 560px, (min-width: 992px) 50vw, 100vw\" width=\"750px\" alt=\"2x Gripmax SureGrip A\/S 275\/35R20 102W XL\"\/ style=\"max-width: 100%; height: auto; display: block; margin: 0 auto;\"><\/div>\n<\/div>\n<\/div>\n<\/div>\n<\/div>\n<\/div>\n<div style=\"clear: both; display: block; margin: 10px 0;\">\n<div style=\"clear: both; display: block; margin: 10px 0;\">\n<div style=\"clear: both; display: block; margin: 10px 0;\">\n<div  style=\"max-width:212px;max-height:305px\">\n<div style=\"clear: both; display: block; margin: 10px 0;\">\n<div style=\"clear: both; width: 100%; display: block; margin: 20px 0; padding: 0; float: none; position: static; text-align: center;\"><img decoding=\"async\"  src=\"https:\/\/a.allegroimg.com\/original\/117d24\/38f6db95441393b85c607b12d927\/2x-Gripmax-SureGrip-A-S-275-35R20-102W-XL-Liczba-opon-w-ofercie-2-szt\" srcset=\"https:\/\/a.allegroimg.com\/original\/117d24\/38f6db95441393b85c607b12d927\/2x-Gripmax-SureGrip-A-S-275-35R20-102W-XL-Liczba-opon-w-ofercie-2-szt 212w,https:\/\/a.allegroimg.com\/original\/117d24\/38f6db95441393b85c607b12d927\/2x-Gripmax-SureGrip-A-S-275-35R20-102W-XL-Liczba-opon-w-ofercie-2-szt 212w\" sizes=\"(min-width: 1200px) 560px, (min-width: 992px) 50vw, 100vw\" width=\"212px\" alt=\"2x Gripmax SureGrip A\/S 275\/35R20 102W XL Liczba opon w ofercie 2 szt.\"\/ style=\"max-width: 100%; height: auto; display: block; margin: 0 auto;\"><\/div>\n<\/div>\n<\/div>\n<\/div>\n<\/div>\n<div style=\"clear: both; display: block; margin: 10px 0;\">\n<div style=\"clear: both; display: block; margin: 10px 0;\">\n<h2>Marka: Gripmax<\/h2>\n<h2>Liczba opon w ofercie: 2<\/h2>\n<h2>Rok produkcji: <\/h2>\n<h2>Szeroko\u015b\u0107 opony: 275 mm<\/h2>\n<h2>Profil opony: 35<\/h2>\n<h2>\u015arednica: 20<\/h2>\n<h2>Indeks no\u015bno\u015bci: 102<\/h2>\n<h2>Indeks pr\u0119dko\u015bci: W do 270 km\/h<\/h2>\n<h2>Op\u00f3r toczenia: Klasa C<\/h2>\n<h2>Przyczepno\u015b\u0107 na mokrej nawierzchni: Klasa B<\/h2>\n<h2>Ha\u0142as zewn\u0119trzny: 73 dB<\/h2>\n<h2>Kod producenta: 221027470<\/h2>\n<h2>Sezon: Ca\u0142oroczne<\/h2>\n<\/div>\n<\/div>\n<\/div>\n<\/div>\n<\/div>\n<\/div>\n<div style=\"clear: both; display: block; margin: 10px 0;\">\n","protected":false},"excerpt":{"rendered":"<p>Gripmax SureGrip A\/S<\/p>\n<p>275\/35 R20 102W do 270 km\/h<\/p>\n<p>Kod produktu: 6959956779154<\/p>\n","protected":false},"featured_media":12182,"template":"","meta":{"_uag_custom_page_level_css":""},"product_brand":[438],"product_cat":[416,414,413,412],"product_tag":[],"class_list":{"0":"post-12181","1":"product","2":"type-product","3":"status-publish","4":"has-post-thumbnail","6":"product_brand-gripmax","7":"product_cat-caloroczne","8":"product_cat-do-samochodow-osobowych-i-suv","9":"product_cat-opony","10":"product_cat-opony-i-felgi","12":"first","13":"instock","14":"shipping-taxable","15":"purchasable","16":"product-type-simple"},"uagb_featured_image_src":{"full":["https:\/\/oponixo.shop\/tire\/wp-content\/uploads\/2026\/01\/allegro-image-12181.jpg",750,1024,false],"thumbnail":["https:\/\/oponixo.shop\/tire\/wp-content\/uploads\/2026\/01\/allegro-image-12181-150x150.jpg",150,150,true],"medium":["https:\/\/oponixo.shop\/tire\/wp-content\/uploads\/2026\/01\/allegro-image-12181-220x300.jpg",220,300,true],"medium_large":["https:\/\/oponixo.shop\/tire\/wp-content\/uploads\/2026\/01\/allegro-image-12181.jpg",750,1024,false],"large":["https:\/\/oponixo.shop\/tire\/wp-content\/uploads\/2026\/01\/allegro-image-12181.jpg",750,1024,false],"1536x1536":["https:\/\/oponixo.shop\/tire\/wp-content\/uploads\/2026\/01\/allegro-image-12181.jpg",750,1024,false],"2048x2048":["https:\/\/oponixo.shop\/tire\/wp-content\/uploads\/2026\/01\/allegro-image-12181.jpg",750,1024,false],"woocommerce_thumbnail":["https:\/\/oponixo.shop\/tire\/wp-content\/uploads\/2026\/01\/allegro-image-12181-300x300.jpg",300,300,true],"woocommerce_single":["https:\/\/oponixo.shop\/tire\/wp-content\/uploads\/2026\/01\/allegro-image-12181-600x819.jpg",600,819,true],"woocommerce_gallery_thumbnail":["https:\/\/oponixo.shop\/tire\/wp-content\/uploads\/2026\/01\/allegro-image-12181-100x100.jpg",100,100,true]},"uagb_author_info":{"display_name":"admin","author_link":"https:\/\/oponixo.shop\/tire\/author\/"},"uagb_comment_info":0,"uagb_excerpt":"Gripmax SureGrip A\/S 275\/35 R20 102W do 270 km\/h Kod produktu: 6959956779154","_links":{"self":[{"href":"https:\/\/oponixo.shop\/tire\/wp-json\/wp\/v2\/product\/12181","targetHints":{"allow":["GET"]}}],"collection":[{"href":"https:\/\/oponixo.shop\/tire\/wp-json\/wp\/v2\/product"}],"about":[{"href":"https:\/\/oponixo.shop\/tire\/wp-json\/wp\/v2\/types\/product"}],"wp:featuredmedia":[{"embeddable":true,"href":"https:\/\/oponixo.shop\/tire\/wp-json\/wp\/v2\/media\/12182"}],"wp:attachment":[{"href":"https:\/\/oponixo.shop\/tire\/wp-json\/wp\/v2\/media?parent=12181"}],"wp:term":[{"taxonomy":"product_brand","embeddable":true,"href":"https:\/\/oponixo.shop\/tire\/wp-json\/wp\/v2\/product_brand?post=12181"},{"taxonomy":"product_cat","embeddable":true,"href":"https:\/\/oponixo.shop\/tire\/wp-json\/wp\/v2\/product_cat?post=12181"},{"taxonomy":"product_tag","embeddable":true,"href":"https:\/\/oponixo.shop\/tire\/wp-json\/wp\/v2\/product_tag?post=12181"}],"curies":[{"name":"wp","href":"https:\/\/api.w.org\/{rel}","templated":true}]}}