{"id":12214,"date":"2026-01-03T20:00:27","date_gmt":"2026-01-03T19:00:27","guid":{"rendered":"https:\/\/oponyexpert.shop\/xef5\/produkt\/4x-275-35r19-opony-zimowe-nowe-przyczepnosc-na-sniegu-3pmsf-c-na-mokrym-xl\/"},"modified":"2026-01-03T20:00:28","modified_gmt":"2026-01-03T19:00:28","slug":"4x-275-35r19-opony-zimowe-nowe-przyczepnosc-na-sniegu-3pmsf-c-na-mokrym-xl","status":"publish","type":"product","link":"https:\/\/oponixo.shop\/tire\/produkt\/4x-275-35r19-opony-zimowe-nowe-przyczepnosc-na-sniegu-3pmsf-c-na-mokrym-xl\/","title":{"rendered":"4x 275\/35R19 OPONY ZIMOWE NOWE PRZYCZEPNO\u015a\u0106 NA \u015aNIEGU 3PMSF C na MOKRYM XL"},"content":{"rendered":"<div style=\"font-family: Arial, sans-serif; line-height: 1.6; color: #333; padding: 20px; clear: both; display: block; width: 100%; float: none; position: static; overflow: hidden;\">\n<div style=\"clear: both; display: block; margin: 10px 0;\">\n<div style=\"clear: both; display: block; margin: 10px 0;\">\n<div style=\"clear: both; display: block; margin: 10px 0;\">\n<h1>4x 275\/35R19 OPONY ZIMOWE NOWE PRZYCZEPNO\u015a\u0106 NA \u015aNIEGU 3PMSF C na MOKRYM XL<\/h1>\n<\/div>\n<\/div>\n<\/div>\n<div style=\"clear: both; display: block; margin: 10px 0;\">\n<div style=\"clear: both; display: block; margin: 10px 0;\">\n<div style=\"clear: both; display: block; margin: 10px 0;\">\n<div  style=\"max-width:900px;max-height:900px\">\n<div style=\"clear: both; display: block; margin: 10px 0;\">\n<div style=\"clear: both; width: 100%; display: block; margin: 20px 0; padding: 0; float: none; position: static; text-align: center;\"><img decoding=\"async\"  src=\"https:\/\/a.allegroimg.com\/original\/11b8f9\/19508ea846c297176cd1dffe7a2c\/4x-275-35R19-OPONY-ZIMOWE-NOWE-PRZYCZEPNOSC-NA-SNIEGU-3PMSF-C-na-MOKRYM-XL\" srcset=\"https:\/\/a.allegroimg.com\/original\/11b8f9\/19508ea846c297176cd1dffe7a2c\/4x-275-35R19-OPONY-ZIMOWE-NOWE-PRZYCZEPNOSC-NA-SNIEGU-3PMSF-C-na-MOKRYM-XL 360w,https:\/\/a.allegroimg.com\/original\/11b8f9\/19508ea846c297176cd1dffe7a2c\/4x-275-35R19-OPONY-ZIMOWE-NOWE-PRZYCZEPNOSC-NA-SNIEGU-3PMSF-C-na-MOKRYM-XL 720w,https:\/\/a.allegroimg.com\/original\/11b8f9\/19508ea846c297176cd1dffe7a2c\/4x-275-35R19-OPONY-ZIMOWE-NOWE-PRZYCZEPNOSC-NA-SNIEGU-3PMSF-C-na-MOKRYM-XL 900w,https:\/\/a.allegroimg.com\/original\/11b8f9\/19508ea846c297176cd1dffe7a2c\/4x-275-35R19-OPONY-ZIMOWE-NOWE-PRZYCZEPNOSC-NA-SNIEGU-3PMSF-C-na-MOKRYM-XL 900w\" sizes=\"(min-width: 1200px) 560px, (min-width: 992px) 50vw, 100vw\" width=\"900px\" alt=\"4x 275\/35R19 OPONY ZIMOWE NOWE PRZYCZEPNO\u015a\u0106 NA \u015aNIEGU 3PMSF C na MOKRYM XL\"\/ style=\"max-width: 100%; height: auto; display: block; margin: 0 auto;\"><\/div>\n<\/div>\n<\/div>\n<\/div>\n<\/div>\n<div style=\"clear: both; display: block; margin: 10px 0;\">\n<div style=\"clear: both; display: block; margin: 10px 0;\">\n<h2>4x 275\/35R19 OPONY ZIMOWE NOWE PRZYCZEPNO\u015a\u0106 NA \u015aNIEGU 3PMSF C na MOKRYM XL<\/h2>\n<p style=\"margin: 15px 0; line-height: 1.8; clear: both; display: block; width: 100%; float: none; position: static;\">Rozmiar: <b>275\/35R19<\/b><\/p>\n<p style=\"margin: 15px 0; line-height: 1.8; clear: both; display: block; width: 100%; float: none; position: static;\">Indeks pr\u0119dko\u015bci:<b> V = 240max km\/h<\/b><\/p>\n<p style=\"margin: 15px 0; line-height: 1.8; clear: both; display: block; width: 100%; float: none; position: static;\">Indeks no\u015bno\u015bci:&nbsp;<b>1000<\/b><\/p>\n<p style=\"margin: 15px 0; line-height: 1.8; clear: both; display: block; width: 100%; float: none; position: static;\">Sezon: <b>zimowe<\/b><\/p>\n<p style=\"margin: 15px 0; line-height: 1.8; clear: both; display: block; width: 100%; float: none; position: static;\">Typ: <b>samochody osobowe<\/b><\/p>\n<p style=\"margin: 15px 0; line-height: 1.8; clear: both; display: block; width: 100%; float: none; position: static;\">Trudne warunki o\u015bnie\u017cania: <b>Tak<\/b><\/p>\n<\/div>\n<\/div>\n<\/div>\n<div style=\"clear: both; display: block; margin: 10px 0;\">\n<div style=\"clear: both; display: block; margin: 10px 0;\">\n<div style=\"clear: both; display: block; margin: 10px 0;\">\n<div  style=\"max-width:900px;max-height:675px\">\n<div style=\"clear: both; display: block; margin: 10px 0;\">\n<div style=\"clear: both; width: 100%; display: block; margin: 20px 0; padding: 0; float: none; position: static; text-align: center;\"><img decoding=\"async\"  src=\"https:\/\/a.allegroimg.com\/original\/118627\/f32a21c14bbeb370b216683ba27c\/4x-275-35R19-OPONY-ZIMOWE-NOWE-PRZYCZEPNOSC-NA-SNIEGU-3PMSF-C-na-MOKRYM-XL-Kod-producenta-S210R1909\" srcset=\"https:\/\/a.allegroimg.com\/original\/118627\/f32a21c14bbeb370b216683ba27c\/4x-275-35R19-OPONY-ZIMOWE-NOWE-PRZYCZEPNOSC-NA-SNIEGU-3PMSF-C-na-MOKRYM-XL-Kod-producenta-S210R1909 360w,https:\/\/a.allegroimg.com\/original\/118627\/f32a21c14bbeb370b216683ba27c\/4x-275-35R19-OPONY-ZIMOWE-NOWE-PRZYCZEPNOSC-NA-SNIEGU-3PMSF-C-na-MOKRYM-XL-Kod-producenta-S210R1909 720w,https:\/\/a.allegroimg.com\/original\/118627\/f32a21c14bbeb370b216683ba27c\/4x-275-35R19-OPONY-ZIMOWE-NOWE-PRZYCZEPNOSC-NA-SNIEGU-3PMSF-C-na-MOKRYM-XL-Kod-producenta-S210R1909 900w,https:\/\/a.allegroimg.com\/original\/118627\/f32a21c14bbeb370b216683ba27c\/4x-275-35R19-OPONY-ZIMOWE-NOWE-PRZYCZEPNOSC-NA-SNIEGU-3PMSF-C-na-MOKRYM-XL-Kod-producenta-S210R1909 900w\" sizes=\"(min-width: 1200px) 560px, (min-width: 992px) 50vw, 100vw\" width=\"900px\" alt=\"4x 275\/35R19 OPONY ZIMOWE NOWE PRZYCZEPNO\u015a\u0106 NA \u015aNIEGU 3PMSF C na MOKRYM XL Kod producenta S210R1909\"\/ style=\"max-width: 100%; height: auto; display: block; margin: 0 auto;\"><\/div>\n<\/div>\n<\/div>\n<\/div>\n<\/div>\n<div style=\"clear: both; display: block; margin: 10px 0;\">\n<div style=\"clear: both; display: block; margin: 10px 0;\">\n<h2>OPIS OG\u00d3LNY<\/h2>\n<p style=\"margin: 15px 0; line-height: 1.8; clear: both; display: block; width: 100%; float: none; position: static;\">Opona zimowa <b>TRACMAX WINTERX ICE-PLUS 210 <\/b>zosta\u0142a zaprojektowana z my\u015bl\u0105 o pewnej i bezpiecznej je\u017adzie w trudnych warunkach zimowych.&nbsp;<b>Nowoczesny bie\u017cnik&nbsp;asymetryczny <\/b>z licznymi lamelami zapewnia doskona\u0142\u0105 przyczepno\u015b\u0107 na \u015bniegu, b\u0142ocie po\u015bniegowym i mokrej nawierzchni. Szerokie rowki odprowadzaj\u0105 wod\u0119 i roztapiaj\u0105cy si\u0119 \u015bnieg, minimalizuj\u0105c ryzyko aquaplaningu.<\/p>\n<h2>ZASTOSOWANIE<\/h2>\n<p style=\"margin: 15px 0; line-height: 1.8; clear: both; display: block; width: 100%; float: none; position: static;\">Idealna dla kierowc\u00f3w poszukuj\u0105cych opon zimowych do <b>samochod\u00f3w osobowych<\/b> i SUV-\u00f3w, kt\u00f3rzy oczekuj\u0105 dobrego prowadzenia na \u015bniegu oraz wysokiego komfortu jazdy w niskich temperaturach. Sprawdza si\u0119 zar\u00f3wno w codziennej eksploatacji miejskiej, jak i na d\u0142u\u017cszych trasach.<\/p>\n<\/div>\n<\/div>\n<\/div>\n<div style=\"clear: both; display: block; margin: 10px 0;\">\n<div style=\"clear: both; display: block; margin: 10px 0;\">\n<div style=\"clear: both; display: block; margin: 10px 0;\">\n<div  style=\"max-width:900px;max-height:675px\">\n<div style=\"clear: both; display: block; margin: 10px 0;\">\n<div style=\"clear: both; width: 100%; display: block; margin: 20px 0; padding: 0; float: none; position: static; text-align: center;\"><img decoding=\"async\"  src=\"https:\/\/a.allegroimg.com\/original\/113d5d\/c1449f4f4a559b222a175745c13e\/4x-275-35R19-OPONY-ZIMOWE-NOWE-PRZYCZEPNOSC-NA-SNIEGU-3PMSF-C-na-MOKRYM-XL-Model-ICE-PLUS-S210\" srcset=\"https:\/\/a.allegroimg.com\/original\/113d5d\/c1449f4f4a559b222a175745c13e\/4x-275-35R19-OPONY-ZIMOWE-NOWE-PRZYCZEPNOSC-NA-SNIEGU-3PMSF-C-na-MOKRYM-XL-Model-ICE-PLUS-S210 360w,https:\/\/a.allegroimg.com\/original\/113d5d\/c1449f4f4a559b222a175745c13e\/4x-275-35R19-OPONY-ZIMOWE-NOWE-PRZYCZEPNOSC-NA-SNIEGU-3PMSF-C-na-MOKRYM-XL-Model-ICE-PLUS-S210 720w,https:\/\/a.allegroimg.com\/original\/113d5d\/c1449f4f4a559b222a175745c13e\/4x-275-35R19-OPONY-ZIMOWE-NOWE-PRZYCZEPNOSC-NA-SNIEGU-3PMSF-C-na-MOKRYM-XL-Model-ICE-PLUS-S210 900w,https:\/\/a.allegroimg.com\/original\/113d5d\/c1449f4f4a559b222a175745c13e\/4x-275-35R19-OPONY-ZIMOWE-NOWE-PRZYCZEPNOSC-NA-SNIEGU-3PMSF-C-na-MOKRYM-XL-Model-ICE-PLUS-S210 900w\" sizes=\"(min-width: 1200px) 560px, (min-width: 992px) 50vw, 100vw\" width=\"900px\" alt=\"4x 275\/35R19 OPONY ZIMOWE NOWE PRZYCZEPNO\u015a\u0106 NA \u015aNIEGU 3PMSF C na MOKRYM XL Model ICE-PLUS S210\"\/ style=\"max-width: 100%; height: auto; display: block; margin: 0 auto;\"><\/div>\n<\/div>\n<\/div>\n<\/div>\n<\/div>\n<div style=\"clear: both; display: block; margin: 10px 0;\">\n<div style=\"clear: both; display: block; margin: 10px 0;\">\n<h2>BUDOWA BIE\u017bNIKA<\/h2>\n<ul style=\"margin: 15px 0; padding-left: 20px; clear: both; display: block; width: 100%; float: none; position: static;\">\n<li style=\"margin: 5px 0; padding: 2px 0; clear: both; display: list-item; float: none; position: static;\"><b>Dynamiczny asymetryczny wz\u00f3r <\/b>\u2013 zwi\u0119ksza przyczepno\u015b\u0107 na \u015bniegu i lodzie.<\/li>\n<li style=\"margin: 5px 0; padding: 2px 0; clear: both; display: list-item; float: none; position: static;\"><b>G\u0119sta sie\u0107 lameli <\/b>\u2013 poprawia trakcj\u0119 oraz skraca drog\u0119 hamowania.<\/li>\n<li style=\"margin: 5px 0; padding: 2px 0; clear: both; display: list-item; float: none; position: static;\"><b>Szerokie rowki obwodowe i poprzeczne<\/b> \u2013 skutecznie odprowadzaj\u0105 b\u0142oto po\u015bniegowe i wod\u0119.<\/li>\n<li style=\"margin: 5px 0; padding: 2px 0; clear: both; display: list-item; float: none; position: static;\"><b>Zoptymalizowana mieszanka gumowa<\/b> \u2013 zachowuje elastyczno\u015b\u0107 nawet przy bardzo niskich temperaturach.<\/li>\n<\/ul>\n<h2>KORZY\u015aCI DLA KIEROWCY<\/h2>\n<ul style=\"margin: 15px 0; padding-left: 20px; clear: both; display: block; width: 100%; float: none; position: static;\">\n<li style=\"margin: 5px 0; padding: 2px 0; clear: both; display: list-item; float: none; position: static;\"><b>pewne ruszanie i hamowanie<\/b> na \u015bniegu,<\/li>\n<li style=\"margin: 5px 0; padding: 2px 0; clear: both; display: list-item; float: none; position: static;\"><b>stabilne prowadzenie<\/b> na mokrej nawierzchni,<\/li>\n<li style=\"margin: 5px 0; padding: 2px 0; clear: both; display: list-item; float: none; position: static;\"><b>mniejsze ryzyko po\u015blizgu<\/b> dzi\u0119ki efektywnemu odprowadzaniu wody,<\/li>\n<li style=\"margin: 5px 0; padding: 2px 0; clear: both; display: list-item; float: none; position: static;\"><b>komfortowa jazda<\/b> na suchych drogach zim\u0105.<\/li>\n<\/ul>\n<\/div>\n<\/div>\n<\/div>\n<div style=\"clear: both; display: block; margin: 10px 0;\">\n<div style=\"clear: both; display: block; margin: 10px 0;\">\n<div style=\"clear: both; display: block; margin: 10px 0;\">\n<div  style=\"max-width:2560px;max-height:2560px\">\n<div style=\"clear: both; display: block; margin: 10px 0;\">\n<div style=\"clear: both; width: 100%; display: block; margin: 20px 0; padding: 0; float: none; position: static; text-align: center;\"><img decoding=\"async\"  src=\"https:\/\/a.allegroimg.com\/original\/111395\/283742ed4ac08b14b290ccd5fb7d\/4x-275-35R19-OPONY-ZIMOWE-NOWE-PRZYCZEPNOSC-NA-SNIEGU-3PMSF-C-na-MOKRYM-XL-Klasa-pozostale-marki\" srcset=\"https:\/\/a.allegroimg.com\/original\/111395\/283742ed4ac08b14b290ccd5fb7d\/4x-275-35R19-OPONY-ZIMOWE-NOWE-PRZYCZEPNOSC-NA-SNIEGU-3PMSF-C-na-MOKRYM-XL-Klasa-pozostale-marki 360w,https:\/\/a.allegroimg.com\/original\/111395\/283742ed4ac08b14b290ccd5fb7d\/4x-275-35R19-OPONY-ZIMOWE-NOWE-PRZYCZEPNOSC-NA-SNIEGU-3PMSF-C-na-MOKRYM-XL-Klasa-pozostale-marki 720w,https:\/\/a.allegroimg.com\/original\/111395\/283742ed4ac08b14b290ccd5fb7d\/4x-275-35R19-OPONY-ZIMOWE-NOWE-PRZYCZEPNOSC-NA-SNIEGU-3PMSF-C-na-MOKRYM-XL-Klasa-pozostale-marki 1024w,https:\/\/a.allegroimg.com\/original\/111395\/283742ed4ac08b14b290ccd5fb7d\/4x-275-35R19-OPONY-ZIMOWE-NOWE-PRZYCZEPNOSC-NA-SNIEGU-3PMSF-C-na-MOKRYM-XL-Klasa-pozostale-marki 1440w,https:\/\/a.allegroimg.com\/original\/111395\/283742ed4ac08b14b290ccd5fb7d\/4x-275-35R19-OPONY-ZIMOWE-NOWE-PRZYCZEPNOSC-NA-SNIEGU-3PMSF-C-na-MOKRYM-XL-Klasa-pozostale-marki 2560w\" sizes=\"(min-width: 1200px) 560px, (min-width: 992px) 50vw, 100vw\" width=\"2560px\" alt=\"4x 275\/35R19 OPONY ZIMOWE NOWE PRZYCZEPNO\u015a\u0106 NA \u015aNIEGU 3PMSF C na MOKRYM XL Klasa pozosta\u0142e marki\"\/ style=\"max-width: 100%; height: auto; display: block; margin: 0 auto;\"><\/div>\n<\/div>\n<\/div>\n<\/div>\n<\/div>\n<div style=\"clear: both; display: block; margin: 10px 0;\">\n<div style=\"clear: both; display: block; margin: 10px 0;\">\n<h2>DLACZEGO TRACMAX<\/h2>\n<p style=\"margin: 15px 0; line-height: 1.8; clear: both; display: block; width: 100%; float: none; position: static;\">TRACMAX to dynamicznie rozwijaj\u0105ca si\u0119 marka opon, obecna na rynkach \u015bwiatowych od ponad 20 lat. Specjalizuje si\u0119 w produkcji ogumienia do samochod\u00f3w osobowych, SUV-\u00f3w, dostawczych oraz pojazd\u00f3w ci\u0119\u017carowych. Marka zdoby\u0142a uznanie dzi\u0119ki po\u0142\u0105czeniu innowacyjnych technologii z atrakcyjn\u0105 cen\u0105 i stabiln\u0105 jako\u015bci\u0105.<\/p>\n<p style=\"margin: 15px 0; line-height: 1.8; clear: both; display: block; width: 100%; float: none; position: static;\">Produkty TRACMAX powstaj\u0105 na nowoczesnych liniach produkcyjnych z zastosowaniem symulacji komputerowych oraz zaawansowanych mieszanek gumowych. Dzi\u0119ki temu opony charakteryzuj\u0105 si\u0119 wysok\u0105 przyczepno\u015bci\u0105, trwa\u0142o\u015bci\u0105 i bezpiecze\u0144stwem w zr\u00f3\u017cnicowanych warunkach drogowych. Opony TRACMAX spe\u0142niaj\u0105 mi\u0119dzynarodowe normy jako\u015bci, posiadaj\u0105c certyfikaty ISO 9001, DOT, ECE, SASOBGCC, INMETRO i inne.<\/p>\n<p style=\"margin: 15px 0; line-height: 1.8; clear: both; display: block; width: 100%; float: none; position: static;\">DLACZEGO WARTO WYBRA\u0106 TRACMAX?<\/p>\n<ul style=\"margin: 15px 0; padding-left: 20px; clear: both; display: block; width: 100%; float: none; position: static;\">\n<li style=\"margin: 5px 0; padding: 2px 0; clear: both; display: list-item; float: none; position: static;\"><b>Nowoczesne wzory bie\u017cnik\u00f3w <\/b>\u2013 skuteczna przyczepno\u015b\u0107 i stabilno\u015b\u0107 jazdy na \u015bniegu, lodzie oraz mokrej nawierzchni.<\/li>\n<li style=\"margin: 5px 0; padding: 2px 0; clear: both; display: list-item; float: none; position: static;\"><b>Zoptymalizowane mieszanki gumowe <\/b>\u2013 zachowuj\u0105 elastyczno\u015b\u0107 nawet przy bardzo niskich temperaturach.<\/li>\n<li style=\"margin: 5px 0; padding: 2px 0; clear: both; display: list-item; float: none; position: static;\"><b>Atrakcyjny stosunek ceny do jako\u015bci <\/b>\u2013 dobre osi\u0105gi zimowe bez nadmiernych koszt\u00f3w.<\/li>\n<li style=\"margin: 5px 0; padding: 2px 0; clear: both; display: list-item; float: none; position: static;\"><b>Projekt dopracowany pod k\u0105tem bezpiecze\u0144stwa i komfortu <\/b>\u2013 pewno\u015b\u0107 prowadzenia i spok\u00f3j jazdy w zimowych warunkach.<\/li>\n<li style=\"margin: 5px 0; padding: 2px 0; clear: both; display: list-item; float: none; position: static;\"><b>Globalna obecno\u015b\u0107 i certyfikaty jako\u015bci <\/b>\u2013 gwarancja sprawdzonych standard\u00f3w i niezawodno\u015bci.<\/li>\n<\/ul>\n<\/div>\n<\/div>\n<\/div>\n<\/div>\n<\/div>\n<\/div>\n<div style=\"clear: both; display: block; margin: 10px 0;\">\n","protected":false},"excerpt":{"rendered":"<p>4x 275\/35R19 OPONY ZIMOWE NOWE PRZYCZEPNO\u015a\u0106 NA \u015aNIEGU 3PMSF C na MOKRYM XL<\/p>\n<p>4x 275\/35R19 OPONY ZIMOWE NOWE PRZYCZEPNO\u015a\u0106 NA \u015aNIEGU 3PMSF C na MOKRYM XL<\/p>\n<p>Rozmiar: 275\/35R19<\/p>\n<p>Indeks pr\u0119dko\u015bci: V = 240max km\/h<\/p>\n<p>Indeks no\u015bno\u015bci:&nbsp;1000<\/p>\n<p>Sezon: zimowe<\/p>\n<p>Typ: samochody osobowe<\/p>\n<p>Trudne warunki o\u015bnie\u017cania: Tak<\/p>\n","protected":false},"featured_media":12215,"template":"","meta":{"_uag_custom_page_level_css":""},"product_brand":[393],"product_cat":[414,413,412,415],"product_tag":[],"class_list":{"0":"post-12214","1":"product","2":"type-product","3":"status-publish","4":"has-post-thumbnail","6":"product_brand-tracmax","7":"product_cat-do-samochodow-osobowych-i-suv","8":"product_cat-opony","9":"product_cat-opony-i-felgi","10":"product_cat-zimowe","12":"first","13":"instock","14":"shipping-taxable","15":"purchasable","16":"product-type-simple"},"uagb_featured_image_src":{"full":["https:\/\/oponixo.shop\/tire\/wp-content\/uploads\/2026\/01\/allegro-image-12214.jpg",900,900,false],"thumbnail":["https:\/\/oponixo.shop\/tire\/wp-content\/uploads\/2026\/01\/allegro-image-12214-150x150.jpg",150,150,true],"medium":["https:\/\/oponixo.shop\/tire\/wp-content\/uploads\/2026\/01\/allegro-image-12214-300x300.jpg",300,300,true],"medium_large":["https:\/\/oponixo.shop\/tire\/wp-content\/uploads\/2026\/01\/allegro-image-12214-768x768.jpg",768,768,true],"large":["https:\/\/oponixo.shop\/tire\/wp-content\/uploads\/2026\/01\/allegro-image-12214.jpg",900,900,false],"1536x1536":["https:\/\/oponixo.shop\/tire\/wp-content\/uploads\/2026\/01\/allegro-image-12214.jpg",900,900,false],"2048x2048":["https:\/\/oponixo.shop\/tire\/wp-content\/uploads\/2026\/01\/allegro-image-12214.jpg",900,900,false],"woocommerce_thumbnail":["https:\/\/oponixo.shop\/tire\/wp-content\/uploads\/2026\/01\/allegro-image-12214-300x300.jpg",300,300,true],"woocommerce_single":["https:\/\/oponixo.shop\/tire\/wp-content\/uploads\/2026\/01\/allegro-image-12214-600x600.jpg",600,600,true],"woocommerce_gallery_thumbnail":["https:\/\/oponixo.shop\/tire\/wp-content\/uploads\/2026\/01\/allegro-image-12214-100x100.jpg",100,100,true]},"uagb_author_info":{"display_name":"admin","author_link":"https:\/\/oponixo.shop\/tire\/author\/"},"uagb_comment_info":0,"uagb_excerpt":"4x 275\/35R19 OPONY ZIMOWE NOWE PRZYCZEPNO\u015a\u0106 NA \u015aNIEGU 3PMSF C na MOKRYM XL 4x 275\/35R19 OPONY ZIMOWE NOWE PRZYCZEPNO\u015a\u0106 NA \u015aNIEGU 3PMSF C na MOKRYM XL Rozmiar: 275\/35R19 Indeks pr\u0119dko\u015bci: V = 240max km\/h Indeks no\u015bno\u015bci:&nbsp;1000 Sezon: zimowe Typ: samochody osobowe Trudne warunki o\u015bnie\u017cania: Tak","_links":{"self":[{"href":"https:\/\/oponixo.shop\/tire\/wp-json\/wp\/v2\/product\/12214","targetHints":{"allow":["GET"]}}],"collection":[{"href":"https:\/\/oponixo.shop\/tire\/wp-json\/wp\/v2\/product"}],"about":[{"href":"https:\/\/oponixo.shop\/tire\/wp-json\/wp\/v2\/types\/product"}],"wp:featuredmedia":[{"embeddable":true,"href":"https:\/\/oponixo.shop\/tire\/wp-json\/wp\/v2\/media\/12215"}],"wp:attachment":[{"href":"https:\/\/oponixo.shop\/tire\/wp-json\/wp\/v2\/media?parent=12214"}],"wp:term":[{"taxonomy":"product_brand","embeddable":true,"href":"https:\/\/oponixo.shop\/tire\/wp-json\/wp\/v2\/product_brand?post=12214"},{"taxonomy":"product_cat","embeddable":true,"href":"https:\/\/oponixo.shop\/tire\/wp-json\/wp\/v2\/product_cat?post=12214"},{"taxonomy":"product_tag","embeddable":true,"href":"https:\/\/oponixo.shop\/tire\/wp-json\/wp\/v2\/product_tag?post=12214"}],"curies":[{"name":"wp","href":"https:\/\/api.w.org\/{rel}","templated":true}]}}