{"id":12220,"date":"2026-01-03T20:00:29","date_gmt":"2026-01-03T19:00:29","guid":{"rendered":"https:\/\/oponyexpert.shop\/xef5\/produkt\/2x-275-35r19-opony-zimowe-nokian-wr-snowproof-p-6mm-90860\/"},"modified":"2026-01-03T20:00:31","modified_gmt":"2026-01-03T19:00:31","slug":"2x-275-35r19-opony-zimowe-nokian-wr-snowproof-p-6mm-90860","status":"publish","type":"product","link":"https:\/\/oponixo.shop\/tire\/produkt\/2x-275-35r19-opony-zimowe-nokian-wr-snowproof-p-6mm-90860\/","title":{"rendered":"2x 275\/35R19 opony zimowe Nokian WR Snowproof P 6mm (90860)"},"content":{"rendered":"<div style=\"font-family: Arial, sans-serif; line-height: 1.6; color: #333; padding: 20px; clear: both; display: block; width: 100%; float: none; position: static; overflow: hidden;\">\n<div style=\"clear: both; display: block; margin: 10px 0;\">\n<div style=\"clear: both; display: block; margin: 10px 0;\">\n<div style=\"clear: both; display: block; margin: 10px 0;\">\n<p style=\"margin: 15px 0; line-height: 1.8; clear: both; display: block; width: 100%; float: none; position: static;\">Opony odkupione przez nas od firmy leasingowej po sprzeda\u017cy samochodu.<\/p>\n<h3 style=\"color: #2c5aa0; font-size: 18px; margin: 30px 0 15px 0; font-weight: bold; clear: both; display: block; width: 100%; float: none; position: static;\">Opony w 100% sprawne, nie naprawiane, nie \u0142atane. <\/h3>\n<\/div>\n<\/div>\n<\/div>\n<div style=\"clear: both; display: block; margin: 10px 0;\">\n<div style=\"clear: both; display: block; margin: 10px 0;\">\n<div style=\"clear: both; display: block; margin: 10px 0;\">\n<div  style=\"max-width:2560px;max-height:2560px\">\n<div style=\"clear: both; display: block; margin: 10px 0;\">\n<div style=\"clear: both; width: 100%; display: block; margin: 20px 0; padding: 0; float: none; position: static; text-align: center;\"><img decoding=\"async\"  src=\"https:\/\/a.allegroimg.com\/original\/11ab0a\/5b6b5b0e475dbbda5e5f8c0aa5c1\/2x-275-35R19-opony-zimowe-Nokian-WR-Snowproof-P-6mm-90860\" srcset=\"https:\/\/a.allegroimg.com\/original\/11ab0a\/5b6b5b0e475dbbda5e5f8c0aa5c1\/2x-275-35R19-opony-zimowe-Nokian-WR-Snowproof-P-6mm-90860 360w,https:\/\/a.allegroimg.com\/original\/11ab0a\/5b6b5b0e475dbbda5e5f8c0aa5c1\/2x-275-35R19-opony-zimowe-Nokian-WR-Snowproof-P-6mm-90860 720w,https:\/\/a.allegroimg.com\/original\/11ab0a\/5b6b5b0e475dbbda5e5f8c0aa5c1\/2x-275-35R19-opony-zimowe-Nokian-WR-Snowproof-P-6mm-90860 1024w,https:\/\/a.allegroimg.com\/original\/11ab0a\/5b6b5b0e475dbbda5e5f8c0aa5c1\/2x-275-35R19-opony-zimowe-Nokian-WR-Snowproof-P-6mm-90860 1440w,https:\/\/a.allegroimg.com\/original\/11ab0a\/5b6b5b0e475dbbda5e5f8c0aa5c1\/2x-275-35R19-opony-zimowe-Nokian-WR-Snowproof-P-6mm-90860 2560w\" sizes=\"(min-width: 1200px) 560px, (min-width: 992px) 50vw, 100vw\" width=\"2560px\" alt=\"2x 275\/35R19 opony zimowe Nokian WR Snowproof P 6mm (90860)\"\/ style=\"max-width: 100%; height: auto; display: block; margin: 0 auto;\"><\/div>\n<\/div>\n<\/div>\n<\/div>\n<\/div>\n<div style=\"clear: both; display: block; margin: 10px 0;\">\n<div style=\"clear: both; display: block; margin: 10px 0;\">\n<p style=\"margin: 15px 0; line-height: 1.8; clear: both; display: block; width: 100%; float: none; position: static;\"><b>Nazwa:<\/b>\u00a0Nokian WR Snowproof P<\/p>\n<p style=\"margin: 15px 0; line-height: 1.8; clear: both; display: block; width: 100%; float: none; position: static;\"><b>Rozmiar:<\/b>\u00a0275\/35R19 100V<\/p>\n<p style=\"margin: 15px 0; line-height: 1.8; clear: both; display: block; width: 100%; float: none; position: static;\"><b>Producent<\/b>: Nokian<\/p>\n<p style=\"margin: 15px 0; line-height: 1.8; clear: both; display: block; width: 100%; float: none; position: static;\"><b>Model:<\/b>\u00a0WR Snowproof P\u00a0<\/p>\n<p style=\"margin: 15px 0; line-height: 1.8; clear: both; display: block; width: 100%; float: none; position: static;\"><b>Sezon:<\/b> Zima<\/p>\n<p style=\"margin: 15px 0; line-height: 1.8; clear: both; display: block; width: 100%; float: none; position: static;\"><b>Wysoko\u015b\u0107 bie\u017cnika:<\/b>\u00a02x 6,01mm<\/p>\n<p style=\"margin: 15px 0; line-height: 1.8; clear: both; display: block; width: 100%; float: none; position: static;\"><b>Rok produkcji:<\/b>\u00a02x 2020r<\/p>\n<p style=\"margin: 15px 0; line-height: 1.8; clear: both; display: block; width: 100%; float: none; position: static;\"><b>Numer magazynowy:<\/b>\u00a090860<\/p>\n<p style=\"margin: 15px 0; line-height: 1.8; clear: both; display: block; width: 100%; float: none; position: static;\">Podana cena dotyczy 2szt opon<\/p>\n<h3 style=\"color: #2c5aa0; font-size: 18px; margin: 30px 0 15px 0; font-weight: bold; clear: both; display: block; width: 100%; float: none; position: static;\">Opony sprawdzone ci\u015bnieniowo w 100% sprawne. Przechowywane w magazynie w odpowiednich do tego warunkach.<\/h3>\n<h3 style=\"color: #2c5aa0; font-size: 18px; margin: 30px 0 15px 0; font-weight: bold; clear: both; display: block; width: 100%; float: none; position: static;\">Przedstawione zdj\u0119cia prezentuj\u0105 rzeczywisty stan opon.<\/h3>\n<\/div>\n<\/div>\n<\/div>\n<div style=\"clear: both; display: block; margin: 10px 0;\">\n<div style=\"clear: both; display: block; margin: 10px 0;\">\n<div style=\"clear: both; display: block; margin: 10px 0;\">\n<div  style=\"max-width:2139px;max-height:2139px\">\n<div style=\"clear: both; display: block; margin: 10px 0;\">\n<div style=\"clear: both; width: 100%; display: block; margin: 20px 0; padding: 0; float: none; position: static; text-align: center;\"><img decoding=\"async\"  src=\"https:\/\/a.allegroimg.com\/original\/114a19\/c917b6244adb8f583302c6f07f4c\/2x-275-35R19-opony-zimowe-Nokian-WR-Snowproof-P-6mm-90860-Liczba-opon-w-ofercie-2-szt\" srcset=\"https:\/\/a.allegroimg.com\/original\/114a19\/c917b6244adb8f583302c6f07f4c\/2x-275-35R19-opony-zimowe-Nokian-WR-Snowproof-P-6mm-90860-Liczba-opon-w-ofercie-2-szt 360w,https:\/\/a.allegroimg.com\/original\/114a19\/c917b6244adb8f583302c6f07f4c\/2x-275-35R19-opony-zimowe-Nokian-WR-Snowproof-P-6mm-90860-Liczba-opon-w-ofercie-2-szt 720w,https:\/\/a.allegroimg.com\/original\/114a19\/c917b6244adb8f583302c6f07f4c\/2x-275-35R19-opony-zimowe-Nokian-WR-Snowproof-P-6mm-90860-Liczba-opon-w-ofercie-2-szt 1024w,https:\/\/a.allegroimg.com\/original\/114a19\/c917b6244adb8f583302c6f07f4c\/2x-275-35R19-opony-zimowe-Nokian-WR-Snowproof-P-6mm-90860-Liczba-opon-w-ofercie-2-szt 1440w,https:\/\/a.allegroimg.com\/original\/114a19\/c917b6244adb8f583302c6f07f4c\/2x-275-35R19-opony-zimowe-Nokian-WR-Snowproof-P-6mm-90860-Liczba-opon-w-ofercie-2-szt 2139w\" sizes=\"(min-width: 1200px) 560px, (min-width: 992px) 50vw, 100vw\" width=\"2139px\" alt=\"2x 275\/35R19 opony zimowe Nokian WR Snowproof P 6mm (90860) Liczba opon w ofercie 2 szt.\"\/ style=\"max-width: 100%; height: auto; display: block; margin: 0 auto;\"><\/div>\n<\/div>\n<\/div>\n<\/div>\n<\/div>\n<div style=\"clear: both; display: block; margin: 10px 0;\">\n<div style=\"clear: both; display: block; margin: 10px 0;\">\n<div  style=\"max-width:2444px;max-height:2444px\">\n<div style=\"clear: both; display: block; margin: 10px 0;\">\n<div style=\"clear: both; width: 100%; display: block; margin: 20px 0; padding: 0; float: none; position: static; text-align: center;\"><img decoding=\"async\"  src=\"https:\/\/a.allegroimg.com\/original\/112f6e\/90face564edd93268a635880316f\/2x-275-35R19-opony-zimowe-Nokian-WR-Snowproof-P-6mm-90860-Rok-produkcji-2020\" srcset=\"https:\/\/a.allegroimg.com\/original\/112f6e\/90face564edd93268a635880316f\/2x-275-35R19-opony-zimowe-Nokian-WR-Snowproof-P-6mm-90860-Rok-produkcji-2020 360w,https:\/\/a.allegroimg.com\/original\/112f6e\/90face564edd93268a635880316f\/2x-275-35R19-opony-zimowe-Nokian-WR-Snowproof-P-6mm-90860-Rok-produkcji-2020 720w,https:\/\/a.allegroimg.com\/original\/112f6e\/90face564edd93268a635880316f\/2x-275-35R19-opony-zimowe-Nokian-WR-Snowproof-P-6mm-90860-Rok-produkcji-2020 1024w,https:\/\/a.allegroimg.com\/original\/112f6e\/90face564edd93268a635880316f\/2x-275-35R19-opony-zimowe-Nokian-WR-Snowproof-P-6mm-90860-Rok-produkcji-2020 1440w,https:\/\/a.allegroimg.com\/original\/112f6e\/90face564edd93268a635880316f\/2x-275-35R19-opony-zimowe-Nokian-WR-Snowproof-P-6mm-90860-Rok-produkcji-2020 2444w\" sizes=\"(min-width: 1200px) 560px, (min-width: 992px) 50vw, 100vw\" width=\"2444px\" alt=\"2x 275\/35R19 opony zimowe Nokian WR Snowproof P 6mm (90860) Rok produkcji 2020\"\/ style=\"max-width: 100%; height: auto; display: block; margin: 0 auto;\"><\/div>\n<\/div>\n<\/div>\n<\/div>\n<\/div>\n<\/div>\n<div style=\"clear: both; display: block; margin: 10px 0;\">\n<div style=\"clear: both; display: block; margin: 10px 0;\">\n<div style=\"clear: both; display: block; margin: 10px 0;\">\n<div  style=\"max-width:2444px;max-height:2444px\">\n<div style=\"clear: both; display: block; margin: 10px 0;\">\n<div style=\"clear: both; width: 100%; display: block; margin: 20px 0; padding: 0; float: none; position: static; text-align: center;\"><img decoding=\"async\"  src=\"https:\/\/a.allegroimg.com\/original\/11300a\/082a976546c9b154ba996a06a0d3\/2x-275-35R19-opony-zimowe-Nokian-WR-Snowproof-P-6mm-90860-Marka-Nokian-Tyres\" srcset=\"https:\/\/a.allegroimg.com\/original\/11300a\/082a976546c9b154ba996a06a0d3\/2x-275-35R19-opony-zimowe-Nokian-WR-Snowproof-P-6mm-90860-Marka-Nokian-Tyres 360w,https:\/\/a.allegroimg.com\/original\/11300a\/082a976546c9b154ba996a06a0d3\/2x-275-35R19-opony-zimowe-Nokian-WR-Snowproof-P-6mm-90860-Marka-Nokian-Tyres 720w,https:\/\/a.allegroimg.com\/original\/11300a\/082a976546c9b154ba996a06a0d3\/2x-275-35R19-opony-zimowe-Nokian-WR-Snowproof-P-6mm-90860-Marka-Nokian-Tyres 1024w,https:\/\/a.allegroimg.com\/original\/11300a\/082a976546c9b154ba996a06a0d3\/2x-275-35R19-opony-zimowe-Nokian-WR-Snowproof-P-6mm-90860-Marka-Nokian-Tyres 1440w,https:\/\/a.allegroimg.com\/original\/11300a\/082a976546c9b154ba996a06a0d3\/2x-275-35R19-opony-zimowe-Nokian-WR-Snowproof-P-6mm-90860-Marka-Nokian-Tyres 2444w\" sizes=\"(min-width: 1200px) 560px, (min-width: 992px) 50vw, 100vw\" width=\"2444px\" alt=\"2x 275\/35R19 opony zimowe Nokian WR Snowproof P 6mm (90860) Marka Nokian Tyres\"\/ style=\"max-width: 100%; height: auto; display: block; margin: 0 auto;\"><\/div>\n<\/div>\n<\/div>\n<\/div>\n<\/div>\n<div style=\"clear: both; display: block; margin: 10px 0;\">\n<div style=\"clear: both; display: block; margin: 10px 0;\">\n<div  style=\"max-width:2560px;max-height:2560px\">\n<div style=\"clear: both; display: block; margin: 10px 0;\">\n<div style=\"clear: both; width: 100%; display: block; margin: 20px 0; padding: 0; float: none; position: static; text-align: center;\"><img decoding=\"async\"  src=\"https:\/\/a.allegroimg.com\/original\/116d56\/ae8a8ede47d99aff3e5bd0e51cb4\/2x-275-35R19-opony-zimowe-Nokian-WR-Snowproof-P-6mm-90860-Szerokosc-opony-275-mm\" srcset=\"https:\/\/a.allegroimg.com\/original\/116d56\/ae8a8ede47d99aff3e5bd0e51cb4\/2x-275-35R19-opony-zimowe-Nokian-WR-Snowproof-P-6mm-90860-Szerokosc-opony-275-mm 360w,https:\/\/a.allegroimg.com\/original\/116d56\/ae8a8ede47d99aff3e5bd0e51cb4\/2x-275-35R19-opony-zimowe-Nokian-WR-Snowproof-P-6mm-90860-Szerokosc-opony-275-mm 720w,https:\/\/a.allegroimg.com\/original\/116d56\/ae8a8ede47d99aff3e5bd0e51cb4\/2x-275-35R19-opony-zimowe-Nokian-WR-Snowproof-P-6mm-90860-Szerokosc-opony-275-mm 1024w,https:\/\/a.allegroimg.com\/original\/116d56\/ae8a8ede47d99aff3e5bd0e51cb4\/2x-275-35R19-opony-zimowe-Nokian-WR-Snowproof-P-6mm-90860-Szerokosc-opony-275-mm 1440w,https:\/\/a.allegroimg.com\/original\/116d56\/ae8a8ede47d99aff3e5bd0e51cb4\/2x-275-35R19-opony-zimowe-Nokian-WR-Snowproof-P-6mm-90860-Szerokosc-opony-275-mm 2560w\" sizes=\"(min-width: 1200px) 560px, (min-width: 992px) 50vw, 100vw\" width=\"2560px\" alt=\"2x 275\/35R19 opony zimowe Nokian WR Snowproof P 6mm (90860) Szeroko\u015b\u0107 opony 275 mm\"\/ style=\"max-width: 100%; height: auto; display: block; margin: 0 auto;\"><\/div>\n<\/div>\n<\/div>\n<\/div>\n<\/div>\n<\/div>\n<\/div>\n<\/div>\n<\/div>\n<div style=\"clear: both; display: block; margin: 10px 0;\">\n","protected":false},"excerpt":{"rendered":"<p>Opony odkupione przez nas od firmy leasingowej po sprzeda\u017cy samochodu.<\/p>\n<p>Opony w 100% sprawne, nie naprawiane, nie \u0142atane.<\/p>\n<p>Nazwa:\u00a0Nokian WR Snowproof P<\/p>\n<p>Rozmiar:\u00a0275\/35R19 100V<\/p>\n<p>Producent: Nokian<\/p>\n<p>Model:\u00a0WR Snowproof P\u00a0<\/p>\n<p>Sezon: Zima<\/p>\n<p>Wysoko\u015b\u0107 bie\u017cnika:\u00a02x 6,01mm<\/p>\n","protected":false},"featured_media":12221,"template":"","meta":{"_uag_custom_page_level_css":""},"product_brand":[387],"product_cat":[414,413,412,415],"product_tag":[],"class_list":{"0":"post-12220","1":"product","2":"type-product","3":"status-publish","4":"has-post-thumbnail","6":"product_brand-nokian-tyres","7":"product_cat-do-samochodow-osobowych-i-suv","8":"product_cat-opony","9":"product_cat-opony-i-felgi","10":"product_cat-zimowe","12":"first","13":"instock","14":"shipping-taxable","15":"purchasable","16":"product-type-simple"},"uagb_featured_image_src":{"full":["https:\/\/oponixo.shop\/tire\/wp-content\/uploads\/2026\/01\/allegro-image-12220.jpg",2560,2560,false],"thumbnail":["https:\/\/oponixo.shop\/tire\/wp-content\/uploads\/2026\/01\/allegro-image-12220-150x150.jpg",150,150,true],"medium":["https:\/\/oponixo.shop\/tire\/wp-content\/uploads\/2026\/01\/allegro-image-12220-300x300.jpg",300,300,true],"medium_large":["https:\/\/oponixo.shop\/tire\/wp-content\/uploads\/2026\/01\/allegro-image-12220-768x768.jpg",768,768,true],"large":["https:\/\/oponixo.shop\/tire\/wp-content\/uploads\/2026\/01\/allegro-image-12220-1024x1024.jpg",1024,1024,true],"1536x1536":["https:\/\/oponixo.shop\/tire\/wp-content\/uploads\/2026\/01\/allegro-image-12220-1536x1536.jpg",1536,1536,true],"2048x2048":["https:\/\/oponixo.shop\/tire\/wp-content\/uploads\/2026\/01\/allegro-image-12220-2048x2048.jpg",2048,2048,true],"woocommerce_thumbnail":["https:\/\/oponixo.shop\/tire\/wp-content\/uploads\/2026\/01\/allegro-image-12220-300x300.jpg",300,300,true],"woocommerce_single":["https:\/\/oponixo.shop\/tire\/wp-content\/uploads\/2026\/01\/allegro-image-12220-600x600.jpg",600,600,true],"woocommerce_gallery_thumbnail":["https:\/\/oponixo.shop\/tire\/wp-content\/uploads\/2026\/01\/allegro-image-12220-100x100.jpg",100,100,true]},"uagb_author_info":{"display_name":"admin","author_link":"https:\/\/oponixo.shop\/tire\/author\/"},"uagb_comment_info":0,"uagb_excerpt":"Opony odkupione przez nas od firmy leasingowej po sprzeda\u017cy samochodu. Opony w 100% sprawne, nie naprawiane, nie \u0142atane. Nazwa:\u00a0Nokian WR Snowproof P Rozmiar:\u00a0275\/35R19 100V Producent: Nokian Model:\u00a0WR Snowproof P\u00a0 Sezon: Zima Wysoko\u015b\u0107 bie\u017cnika:\u00a02x 6,01mm","_links":{"self":[{"href":"https:\/\/oponixo.shop\/tire\/wp-json\/wp\/v2\/product\/12220","targetHints":{"allow":["GET"]}}],"collection":[{"href":"https:\/\/oponixo.shop\/tire\/wp-json\/wp\/v2\/product"}],"about":[{"href":"https:\/\/oponixo.shop\/tire\/wp-json\/wp\/v2\/types\/product"}],"wp:featuredmedia":[{"embeddable":true,"href":"https:\/\/oponixo.shop\/tire\/wp-json\/wp\/v2\/media\/12221"}],"wp:attachment":[{"href":"https:\/\/oponixo.shop\/tire\/wp-json\/wp\/v2\/media?parent=12220"}],"wp:term":[{"taxonomy":"product_brand","embeddable":true,"href":"https:\/\/oponixo.shop\/tire\/wp-json\/wp\/v2\/product_brand?post=12220"},{"taxonomy":"product_cat","embeddable":true,"href":"https:\/\/oponixo.shop\/tire\/wp-json\/wp\/v2\/product_cat?post=12220"},{"taxonomy":"product_tag","embeddable":true,"href":"https:\/\/oponixo.shop\/tire\/wp-json\/wp\/v2\/product_tag?post=12220"}],"curies":[{"name":"wp","href":"https:\/\/api.w.org\/{rel}","templated":true}]}}