{"id":12242,"date":"2026-01-03T20:00:36","date_gmt":"2026-01-03T19:00:36","guid":{"rendered":"https:\/\/oponyexpert.shop\/xef5\/produkt\/4-x-opona-lanvigator-catchfors-a-s-ii-185-70r14-caloroczne\/"},"modified":"2026-01-03T20:00:37","modified_gmt":"2026-01-03T19:00:37","slug":"4-x-opona-lanvigator-catchfors-a-s-ii-185-70r14-caloroczne","status":"publish","type":"product","link":"https:\/\/oponixo.shop\/tire\/produkt\/4-x-opona-lanvigator-catchfors-a-s-ii-185-70r14-caloroczne\/","title":{"rendered":"4 x OPONA LANVIGATOR CATCHFORS A\/S II 185\/70R14 Ca\u0142oroczne"},"content":{"rendered":"<div style=\"font-family: Arial, sans-serif; line-height: 1.6; color: #333; padding: 20px; clear: both; display: block; width: 100%; float: none; position: static; overflow: hidden;\">\n<div style=\"clear: both; display: block; margin: 10px 0;\">\n<div style=\"clear: both; display: block; margin: 10px 0;\">\n<div style=\"clear: both; display: block; margin: 10px 0;\">\n<div  style=\"max-width:1135px;max-height:1148px\">\n<div style=\"clear: both; display: block; margin: 10px 0;\">\n<div style=\"clear: both; width: 100%; display: block; margin: 20px 0; padding: 0; float: none; position: static; text-align: center;\"><img decoding=\"async\"  src=\"https:\/\/a.allegroimg.com\/original\/11e6c0\/1c7e2b9c4783baa70b3e34ba1524\/4-x-OPONA-LANVIGATOR-CATCHFORS-A-S-II-185-70R14-Caloroczne\" srcset=\"https:\/\/a.allegroimg.com\/original\/11e6c0\/1c7e2b9c4783baa70b3e34ba1524\/4-x-OPONA-LANVIGATOR-CATCHFORS-A-S-II-185-70R14-Caloroczne 355w,https:\/\/a.allegroimg.com\/original\/11e6c0\/1c7e2b9c4783baa70b3e34ba1524\/4-x-OPONA-LANVIGATOR-CATCHFORS-A-S-II-185-70R14-Caloroczne 711w,https:\/\/a.allegroimg.com\/original\/11e6c0\/1c7e2b9c4783baa70b3e34ba1524\/4-x-OPONA-LANVIGATOR-CATCHFORS-A-S-II-185-70R14-Caloroczne 1012w,https:\/\/a.allegroimg.com\/original\/11e6c0\/1c7e2b9c4783baa70b3e34ba1524\/4-x-OPONA-LANVIGATOR-CATCHFORS-A-S-II-185-70R14-Caloroczne 1135w,https:\/\/a.allegroimg.com\/original\/11e6c0\/1c7e2b9c4783baa70b3e34ba1524\/4-x-OPONA-LANVIGATOR-CATCHFORS-A-S-II-185-70R14-Caloroczne 1135w\" sizes=\"100vw\" width=\"1135px\" alt=\"4 x OPONA LANVIGATOR CATCHFORS A\/S II 185\/70R14 Ca\u0142oroczne\"\/ style=\"max-width: 100%; height: auto; display: block; margin: 0 auto;\"><\/div>\n<\/div>\n<\/div>\n<\/div>\n<\/div>\n<\/div>\n<div style=\"clear: both; display: block; margin: 10px 0;\">\n<div style=\"clear: both; display: block; margin: 10px 0;\">\n<div style=\"clear: both; display: block; margin: 10px 0;\">\n<p style=\"margin: 15px 0; line-height: 1.8; clear: both; display: block; width: 100%; float: none; position: static;\">OPONA LANVIGATOR CATCHFORS A\/S II 185\/70R14 Ca\u0142oroczne komplet 4 sztuki<\/p>\n<p style=\"margin: 15px 0; line-height: 1.8; clear: both; display: block; width: 100%; float: none; position: static;\">KATEGORIA: Opony\/Osobowe<\/p>\n<p style=\"margin: 15px 0; line-height: 1.8; clear: both; display: block; width: 100%; float: none; position: static;\">Typ: TL &#8211; bezd\u0119tkowa<\/p>\n<p style=\"margin: 15px 0; line-height: 1.8; clear: both; display: block; width: 100%; float: none; position: static;\">Indeks pr\u0119dko\u015bci: H &#8211; 210 km\/h<\/p>\n<p style=\"margin: 15px 0; line-height: 1.8; clear: both; display: block; width: 100%; float: none; position: static;\">Indeks no\u015bno\u015bci: 88 &#8211; 560 kg<\/p>\n<p style=\"margin: 15px 0; line-height: 1.8; clear: both; display: block; width: 100%; float: none; position: static;\">Opory toczenia: Klasa C<\/p>\n<p style=\"margin: 15px 0; line-height: 1.8; clear: both; display: block; width: 100%; float: none; position: static;\">Przyczepno\u015b\u0107 na mokrej nawierzchni: Klasa D<\/p>\n<p style=\"margin: 15px 0; line-height: 1.8; clear: both; display: block; width: 100%; float: none; position: static;\">Ha\u0142as zewn\u0119trzny: 70 dB<\/p>\n<p style=\"margin: 15px 0; line-height: 1.8; clear: both; display: block; width: 100%; float: none; position: static;\">Rok produkcji: 2024<\/p>\n<ul style=\"margin: 15px 0; padding-left: 20px; clear: both; display: block; width: 100%; float: none; position: static;\">\n<li style=\"margin: 5px 0; padding: 2px 0; clear: both; display: list-item; float: none; position: static;\"><b>Numer referencyjny:<\/b> 6924064138704<\/li>\n<li style=\"margin: 5px 0; padding: 2px 0; clear: both; display: list-item; float: none; position: static;\"><b>szeroko\u015b\u0107 opakowania:<\/b> 0.175<\/li>\n<li style=\"margin: 5px 0; padding: 2px 0; clear: both; display: list-item; float: none; position: static;\"><b>wysoko\u015b\u0107 opakowania:<\/b> 0.583<\/li>\n<li style=\"margin: 5px 0; padding: 2px 0; clear: both; display: list-item; float: none; position: static;\"><b>g\u0142\u0119boko\u015b\u0107 opakowania:<\/b> 0.583<\/li>\n<li style=\"margin: 5px 0; padding: 2px 0; clear: both; display: list-item; float: none; position: static;\"><b>waga opakowania:<\/b> 6.92<\/li>\n<li style=\"margin: 5px 0; padding: 2px 0; clear: both; display: list-item; float: none; position: static;\"><b># referencyjny:<\/b> 6924064138704<\/li>\n<\/ul>\n<p style=\"margin: 15px 0; line-height: 1.8; clear: both; display: block; width: 100%; float: none; position: static;\">KOD EAN: 6924064138704<\/p>\n<p style=\"margin: 15px 0; line-height: 1.8; clear: both; display: block; width: 100%; float: none; position: static;\">INDEX: K1857014LN\/C1<\/p>\n<\/div>\n<\/div>\n<\/div>\n<div style=\"clear: both; display: block; margin: 10px 0;\">\n<div style=\"clear: both; display: block; margin: 10px 0;\">\n<div style=\"clear: both; display: block; margin: 10px 0;\">\n<div  style=\"max-width:2560px;max-height:2560px\">\n<div style=\"clear: both; display: block; margin: 10px 0;\">\n<div style=\"clear: both; width: 100%; display: block; margin: 20px 0; padding: 0; float: none; position: static; text-align: center;\"><img decoding=\"async\"  src=\"https:\/\/a.allegroimg.com\/original\/11f3b9\/f7e6605b4dfa8863301304010521\/4-x-OPONA-LANVIGATOR-CATCHFORS-A-S-II-185-70R14-Caloroczne-Liczba-opon-w-ofercie-Komplet-4-szt\" srcset=\"https:\/\/a.allegroimg.com\/original\/11f3b9\/f7e6605b4dfa8863301304010521\/4-x-OPONA-LANVIGATOR-CATCHFORS-A-S-II-185-70R14-Caloroczne-Liczba-opon-w-ofercie-Komplet-4-szt 360w,https:\/\/a.allegroimg.com\/original\/11f3b9\/f7e6605b4dfa8863301304010521\/4-x-OPONA-LANVIGATOR-CATCHFORS-A-S-II-185-70R14-Caloroczne-Liczba-opon-w-ofercie-Komplet-4-szt 720w,https:\/\/a.allegroimg.com\/original\/11f3b9\/f7e6605b4dfa8863301304010521\/4-x-OPONA-LANVIGATOR-CATCHFORS-A-S-II-185-70R14-Caloroczne-Liczba-opon-w-ofercie-Komplet-4-szt 1024w,https:\/\/a.allegroimg.com\/original\/11f3b9\/f7e6605b4dfa8863301304010521\/4-x-OPONA-LANVIGATOR-CATCHFORS-A-S-II-185-70R14-Caloroczne-Liczba-opon-w-ofercie-Komplet-4-szt 1440w,https:\/\/a.allegroimg.com\/original\/11f3b9\/f7e6605b4dfa8863301304010521\/4-x-OPONA-LANVIGATOR-CATCHFORS-A-S-II-185-70R14-Caloroczne-Liczba-opon-w-ofercie-Komplet-4-szt 2560w\" sizes=\"100vw\" width=\"2560px\" alt=\"4 x OPONA LANVIGATOR CATCHFORS A\/S II 185\/70R14 Ca\u0142oroczne Liczba opon w ofercie Komplet 4 szt.\"\/ style=\"max-width: 100%; height: auto; display: block; margin: 0 auto;\"><\/div>\n<\/div>\n<\/div>\n<\/div>\n<\/div>\n<\/div>\n<div style=\"clear: both; display: block; margin: 10px 0;\">\n<div style=\"clear: both; display: block; margin: 10px 0;\">\n<div style=\"clear: both; display: block; margin: 10px 0;\">\n<p style=\"margin: 15px 0; line-height: 1.8; clear: both; display: block; width: 100%; float: none; position: static;\">Zdj\u0119cia produkt\u00f3w maj\u0105 charakter pogl\u0105dowy, st\u0105d rzeczywisty wygl\u0105d produkt\u00f3w mo\u017ce r\u00f3\u017cni\u0107 si\u0119 od prezentowanego na zdj\u0119ciach. Nie gwarantujemy, \u017ce publikowane dane techniczne nie zawieraj\u0105 b\u0142\u0119d\u00f3w.<\/p>\n<\/div>\n<\/div>\n<\/div>\n<\/div>\n<\/div>\n<\/div>\n<div style=\"clear: both; display: block; margin: 10px 0;\">\n","protected":false},"excerpt":{"rendered":"<p>OPONA LANVIGATOR CATCHFORS A\/S II 185\/70R14 Ca\u0142oroczne komplet 4 sztuki<\/p>\n<p>KATEGORIA: Opony\/Osobowe<\/p>\n<p>Typ: TL &#8211; bezd\u0119tkowa<\/p>\n<p>Indeks pr\u0119dko\u015bci: H &#8211; 210 km\/h<\/p>\n<p>Indeks no\u015bno\u015bci: 88 &#8211; 560 kg<\/p>\n<p>Opory toczenia: Klasa C<\/p>\n<p>Przyczepno\u015b\u0107 na mokrej nawierzchni: Klasa D<\/p>\n<p>Ha\u0142as zewn\u0119trzny: 70 dB<\/p>\n","protected":false},"featured_media":12243,"template":"","meta":{"_uag_custom_page_level_css":""},"product_brand":[380],"product_cat":[414,413,412,415],"product_tag":[],"class_list":{"0":"post-12242","1":"product","2":"type-product","3":"status-publish","4":"has-post-thumbnail","6":"product_brand-lanvigator","7":"product_cat-do-samochodow-osobowych-i-suv","8":"product_cat-opony","9":"product_cat-opony-i-felgi","10":"product_cat-zimowe","12":"first","13":"instock","14":"shipping-taxable","15":"purchasable","16":"product-type-simple"},"uagb_featured_image_src":{"full":["https:\/\/oponixo.shop\/tire\/wp-content\/uploads\/2026\/01\/allegro-image-12242.jpg",1135,1148,false],"thumbnail":["https:\/\/oponixo.shop\/tire\/wp-content\/uploads\/2026\/01\/allegro-image-12242-150x150.jpg",150,150,true],"medium":["https:\/\/oponixo.shop\/tire\/wp-content\/uploads\/2026\/01\/allegro-image-12242-297x300.jpg",297,300,true],"medium_large":["https:\/\/oponixo.shop\/tire\/wp-content\/uploads\/2026\/01\/allegro-image-12242-768x777.jpg",768,777,true],"large":["https:\/\/oponixo.shop\/tire\/wp-content\/uploads\/2026\/01\/allegro-image-12242-1012x1024.jpg",1012,1024,true],"1536x1536":["https:\/\/oponixo.shop\/tire\/wp-content\/uploads\/2026\/01\/allegro-image-12242.jpg",1135,1148,false],"2048x2048":["https:\/\/oponixo.shop\/tire\/wp-content\/uploads\/2026\/01\/allegro-image-12242.jpg",1135,1148,false],"woocommerce_thumbnail":["https:\/\/oponixo.shop\/tire\/wp-content\/uploads\/2026\/01\/allegro-image-12242-300x300.jpg",300,300,true],"woocommerce_single":["https:\/\/oponixo.shop\/tire\/wp-content\/uploads\/2026\/01\/allegro-image-12242-600x607.jpg",600,607,true],"woocommerce_gallery_thumbnail":["https:\/\/oponixo.shop\/tire\/wp-content\/uploads\/2026\/01\/allegro-image-12242-100x100.jpg",100,100,true]},"uagb_author_info":{"display_name":"admin","author_link":"https:\/\/oponixo.shop\/tire\/author\/"},"uagb_comment_info":0,"uagb_excerpt":"OPONA LANVIGATOR CATCHFORS A\/S II 185\/70R14 Ca\u0142oroczne komplet 4 sztuki KATEGORIA: Opony\/Osobowe Typ: TL - bezd\u0119tkowa Indeks pr\u0119dko\u015bci: H - 210 km\/h Indeks no\u015bno\u015bci: 88 - 560 kg Opory toczenia: Klasa C Przyczepno\u015b\u0107 na mokrej nawierzchni: Klasa D Ha\u0142as zewn\u0119trzny: 70 dB","_links":{"self":[{"href":"https:\/\/oponixo.shop\/tire\/wp-json\/wp\/v2\/product\/12242","targetHints":{"allow":["GET"]}}],"collection":[{"href":"https:\/\/oponixo.shop\/tire\/wp-json\/wp\/v2\/product"}],"about":[{"href":"https:\/\/oponixo.shop\/tire\/wp-json\/wp\/v2\/types\/product"}],"wp:featuredmedia":[{"embeddable":true,"href":"https:\/\/oponixo.shop\/tire\/wp-json\/wp\/v2\/media\/12243"}],"wp:attachment":[{"href":"https:\/\/oponixo.shop\/tire\/wp-json\/wp\/v2\/media?parent=12242"}],"wp:term":[{"taxonomy":"product_brand","embeddable":true,"href":"https:\/\/oponixo.shop\/tire\/wp-json\/wp\/v2\/product_brand?post=12242"},{"taxonomy":"product_cat","embeddable":true,"href":"https:\/\/oponixo.shop\/tire\/wp-json\/wp\/v2\/product_cat?post=12242"},{"taxonomy":"product_tag","embeddable":true,"href":"https:\/\/oponixo.shop\/tire\/wp-json\/wp\/v2\/product_tag?post=12242"}],"curies":[{"name":"wp","href":"https:\/\/api.w.org\/{rel}","templated":true}]}}