{"id":12288,"date":"2026-01-03T20:00:49","date_gmt":"2026-01-03T19:00:49","guid":{"rendered":"https:\/\/oponyexpert.shop\/xef5\/produkt\/2x-opony-caloroczne-195-50r16-nexen-nblue-4season-2-88-v\/"},"modified":"2026-01-03T20:00:50","modified_gmt":"2026-01-03T19:00:50","slug":"2x-opony-caloroczne-195-50r16-nexen-nblue-4season-2-88-v","status":"publish","type":"product","link":"https:\/\/oponixo.shop\/tire\/produkt\/2x-opony-caloroczne-195-50r16-nexen-nblue-4season-2-88-v\/","title":{"rendered":"2x opony ca\u0142oroczne 195\/50R16 NEXEN N&apos;blue 4Season 2 88 V"},"content":{"rendered":"<div style=\"font-family: Arial, sans-serif; line-height: 1.6; color: #333; padding: 20px; clear: both; display: block; width: 100%; float: none; position: static; overflow: hidden;\">\n<div style=\"clear: both; display: block; margin: 10px 0;\">\n<div style=\"clear: both; display: block; margin: 10px 0;\">\n<div style=\"clear: both; display: block; margin: 10px 0;\">\n<h2>Opona ca\u0142oroczna Nexen N&#8217;blue 4Season 2 195\/50R16 88 V przyczepno\u015b\u0107 na \u015bniegu (3PMSF), wzmocnienie (XL)<\/h2>\n<p style=\"margin: 15px 0; line-height: 1.8; clear: both; display: block; width: 100%; float: none; position: static;\">Opona ca\u0142oroczna Nexen N&#8217;blue 4Season 2 195\/50R16 88 V<\/p>\n<p style=\"margin: 15px 0; line-height: 1.8; clear: both; display: block; width: 100%; float: none; position: static;\">Cechy produktu:<\/p>\n<ul style=\"margin: 15px 0; padding-left: 20px; clear: both; display: block; width: 100%; float: none; position: static;\">\n<li style=\"margin: 5px 0; padding: 2px 0; clear: both; display: list-item; float: none; position: static;\">sezon: ca\u0142oroczne<\/li>\n<li style=\"margin: 5px 0; padding: 2px 0; clear: both; display: list-item; float: none; position: static;\">szeroko\u015b\u0107\/profil\/\u015brednica: 195\/50R16<\/li>\n<li style=\"margin: 5px 0; padding: 2px 0; clear: both; display: list-item; float: none; position: static;\">indeks no\u015bno\u015bci: 88 &#8211; 560 kg<\/li>\n<li style=\"margin: 5px 0; padding: 2px 0; clear: both; display: list-item; float: none; position: static;\">indeks pr\u0119dko\u015bci: V do 240 km\/h<\/li>\n<li style=\"margin: 5px 0; padding: 2px 0; clear: both; display: list-item; float: none; position: static;\">wzmocnienie (XL)<\/li>\n<\/ul>\n<\/div>\n<\/div>\n<div style=\"clear: both; display: block; margin: 10px 0;\">\n<div style=\"clear: both; display: block; margin: 10px 0;\">\n<div  style=\"max-width:544px;max-height:766px\">\n<div style=\"clear: both; display: block; margin: 10px 0;\">\n<div style=\"clear: both; width: 100%; display: block; margin: 20px 0; padding: 0; float: none; position: static; text-align: center;\"><img decoding=\"async\"  src=\"https:\/\/a.allegroimg.com\/original\/117c2d\/47eda47a478b9b97483c84d1eddd\/2x-opony-caloroczne-195-50R16-NEXEN-N-blue-4Season-2-88-V\" srcset=\"https:\/\/a.allegroimg.com\/original\/117c2d\/47eda47a478b9b97483c84d1eddd\/2x-opony-caloroczne-195-50R16-NEXEN-N-blue-4Season-2-88-V 255w,https:\/\/a.allegroimg.com\/original\/117c2d\/47eda47a478b9b97483c84d1eddd\/2x-opony-caloroczne-195-50R16-NEXEN-N-blue-4Season-2-88-V 511w,https:\/\/a.allegroimg.com\/original\/117c2d\/47eda47a478b9b97483c84d1eddd\/2x-opony-caloroczne-195-50R16-NEXEN-N-blue-4Season-2-88-V 544w,https:\/\/a.allegroimg.com\/original\/117c2d\/47eda47a478b9b97483c84d1eddd\/2x-opony-caloroczne-195-50R16-NEXEN-N-blue-4Season-2-88-V 544w\" sizes=\"(min-width: 1200px) 560px, (min-width: 992px) 50vw, 100vw\" width=\"544px\" alt=\"2x opony ca\u0142oroczne 195\/50R16 NEXEN N&#x27;blue 4Season 2 88 V\"\/ style=\"max-width: 100%; height: auto; display: block; margin: 0 auto;\"><\/div>\n<\/div>\n<\/div>\n<\/div>\n<\/div>\n<\/div>\n<div style=\"clear: both; display: block; margin: 10px 0;\">\n<div style=\"clear: both; display: block; margin: 10px 0;\">\n<div style=\"clear: both; display: block; margin: 10px 0;\">\n<h3 style=\"color: #2c5aa0; font-size: 18px; margin: 30px 0 15px 0; font-weight: bold; clear: both; display: block; width: 100%; float: none; position: static;\">Informacje dodatkowe:<\/h3>\n<ul style=\"margin: 15px 0; padding-left: 20px; clear: both; display: block; width: 100%; float: none; position: static;\">\n<li style=\"margin: 5px 0; padding: 2px 0; clear: both; display: list-item; float: none; position: static;\">rok produkcji: 2024\/2025 (kupuj\u0105c z tej oferty otrzymasz opony fabrycznie nowe, pe\u0142nowarto\u015bciowe) <\/li>\n<li style=\"margin: 5px 0; padding: 2px 0; clear: both; display: list-item; float: none; position: static;\">stan: fabrycznie nowe <\/li>\n<\/ul>\n<\/div>\n<\/div>\n<\/div>\n<div style=\"clear: both; display: block; margin: 10px 0;\">\n<div style=\"clear: both; display: block; margin: 10px 0;\">\n<div style=\"clear: both; display: block; margin: 10px 0;\">\n<div  style=\"max-width:544px;max-height:766px\">\n<div style=\"clear: both; display: block; margin: 10px 0;\">\n<div style=\"clear: both; width: 100%; display: block; margin: 20px 0; padding: 0; float: none; position: static; text-align: center;\"><img decoding=\"async\"  src=\"https:\/\/a.allegroimg.com\/original\/117c2d\/47eda47a478b9b97483c84d1eddd\/2x-opony-caloroczne-195-50R16-NEXEN-N-blue-4Season-2-88-V\" srcset=\"https:\/\/a.allegroimg.com\/original\/117c2d\/47eda47a478b9b97483c84d1eddd\/2x-opony-caloroczne-195-50R16-NEXEN-N-blue-4Season-2-88-V 255w,https:\/\/a.allegroimg.com\/original\/117c2d\/47eda47a478b9b97483c84d1eddd\/2x-opony-caloroczne-195-50R16-NEXEN-N-blue-4Season-2-88-V 511w,https:\/\/a.allegroimg.com\/original\/117c2d\/47eda47a478b9b97483c84d1eddd\/2x-opony-caloroczne-195-50R16-NEXEN-N-blue-4Season-2-88-V 544w,https:\/\/a.allegroimg.com\/original\/117c2d\/47eda47a478b9b97483c84d1eddd\/2x-opony-caloroczne-195-50R16-NEXEN-N-blue-4Season-2-88-V 544w\" sizes=\"100vw\" width=\"544px\" alt=\"2x opony ca\u0142oroczne 195\/50R16 NEXEN N&#x27;blue 4Season 2 88 V\"\/ style=\"max-width: 100%; height: auto; display: block; margin: 0 auto;\"><\/div>\n<\/div>\n<\/div>\n<\/div>\n<\/div>\n<\/div>\n<\/div>\n<\/div>\n<\/div>\n<div style=\"clear: both; display: block; margin: 10px 0;\">\n","protected":false},"excerpt":{"rendered":"<p>Opona ca\u0142oroczna Nexen N&#039;blue 4Season 2 195\/50R16 88 V przyczepno\u015b\u0107 na \u015bniegu (3PMSF), wzmocnienie (XL)<\/p>\n<p>Opona ca\u0142oroczna Nexen N&#039;blue 4Season 2 195\/50R16 88 V<\/p>\n<p>Cechy produktu:<\/p>\n<p>sezon: ca\u0142oroczne<\/p>\n<p>szeroko\u015b\u0107\/profil\/\u015brednica: 195\/50R16<\/p>\n<p>indeks no\u015bno\u015bci: 88 &#8211; 560 kg<\/p>\n<p>indeks pr\u0119dko\u015bci: V do 240 km\/h<\/p>\n<p>wzmocnienie (XL)<\/p>\n","protected":false},"featured_media":12289,"template":"","meta":{"_uag_custom_page_level_css":""},"product_brand":[392],"product_cat":[416,414,413,412],"product_tag":[],"class_list":{"0":"post-12288","1":"product","2":"type-product","3":"status-publish","4":"has-post-thumbnail","6":"product_brand-nexen","7":"product_cat-caloroczne","8":"product_cat-do-samochodow-osobowych-i-suv","9":"product_cat-opony","10":"product_cat-opony-i-felgi","12":"first","13":"instock","14":"shipping-taxable","15":"purchasable","16":"product-type-simple"},"uagb_featured_image_src":{"full":["https:\/\/oponixo.shop\/tire\/wp-content\/uploads\/2026\/01\/allegro-image-12288.jpg",544,766,false],"thumbnail":["https:\/\/oponixo.shop\/tire\/wp-content\/uploads\/2026\/01\/allegro-image-12288-150x150.jpg",150,150,true],"medium":["https:\/\/oponixo.shop\/tire\/wp-content\/uploads\/2026\/01\/allegro-image-12288-213x300.jpg",213,300,true],"medium_large":["https:\/\/oponixo.shop\/tire\/wp-content\/uploads\/2026\/01\/allegro-image-12288.jpg",544,766,false],"large":["https:\/\/oponixo.shop\/tire\/wp-content\/uploads\/2026\/01\/allegro-image-12288.jpg",544,766,false],"1536x1536":["https:\/\/oponixo.shop\/tire\/wp-content\/uploads\/2026\/01\/allegro-image-12288.jpg",544,766,false],"2048x2048":["https:\/\/oponixo.shop\/tire\/wp-content\/uploads\/2026\/01\/allegro-image-12288.jpg",544,766,false],"woocommerce_thumbnail":["https:\/\/oponixo.shop\/tire\/wp-content\/uploads\/2026\/01\/allegro-image-12288-300x300.jpg",300,300,true],"woocommerce_single":["https:\/\/oponixo.shop\/tire\/wp-content\/uploads\/2026\/01\/allegro-image-12288.jpg",544,766,false],"woocommerce_gallery_thumbnail":["https:\/\/oponixo.shop\/tire\/wp-content\/uploads\/2026\/01\/allegro-image-12288-100x100.jpg",100,100,true]},"uagb_author_info":{"display_name":"admin","author_link":"https:\/\/oponixo.shop\/tire\/author\/"},"uagb_comment_info":0,"uagb_excerpt":"Opona ca\u0142oroczna Nexen N&#039;blue 4Season 2 195\/50R16 88 V przyczepno\u015b\u0107 na \u015bniegu (3PMSF), wzmocnienie (XL) Opona ca\u0142oroczna Nexen N&#039;blue 4Season 2 195\/50R16 88 V Cechy produktu: sezon: ca\u0142oroczne szeroko\u015b\u0107\/profil\/\u015brednica: 195\/50R16 indeks no\u015bno\u015bci: 88 - 560 kg indeks pr\u0119dko\u015bci: V do 240 km\/h wzmocnienie (XL)","_links":{"self":[{"href":"https:\/\/oponixo.shop\/tire\/wp-json\/wp\/v2\/product\/12288","targetHints":{"allow":["GET"]}}],"collection":[{"href":"https:\/\/oponixo.shop\/tire\/wp-json\/wp\/v2\/product"}],"about":[{"href":"https:\/\/oponixo.shop\/tire\/wp-json\/wp\/v2\/types\/product"}],"wp:featuredmedia":[{"embeddable":true,"href":"https:\/\/oponixo.shop\/tire\/wp-json\/wp\/v2\/media\/12289"}],"wp:attachment":[{"href":"https:\/\/oponixo.shop\/tire\/wp-json\/wp\/v2\/media?parent=12288"}],"wp:term":[{"taxonomy":"product_brand","embeddable":true,"href":"https:\/\/oponixo.shop\/tire\/wp-json\/wp\/v2\/product_brand?post=12288"},{"taxonomy":"product_cat","embeddable":true,"href":"https:\/\/oponixo.shop\/tire\/wp-json\/wp\/v2\/product_cat?post=12288"},{"taxonomy":"product_tag","embeddable":true,"href":"https:\/\/oponixo.shop\/tire\/wp-json\/wp\/v2\/product_tag?post=12288"}],"curies":[{"name":"wp","href":"https:\/\/api.w.org\/{rel}","templated":true}]}}