{"id":12332,"date":"2026-01-03T20:01:13","date_gmt":"2026-01-03T19:01:13","guid":{"rendered":"https:\/\/oponyexpert.shop\/xef5\/produkt\/2x-opony-zimowe-yokohama-ice-guard-g075-265-50r22-112q-xl-2025\/"},"modified":"2026-01-03T20:01:13","modified_gmt":"2026-01-03T19:01:13","slug":"2x-opony-zimowe-yokohama-ice-guard-g075-265-50r22-112q-xl-2025","status":"publish","type":"product","link":"https:\/\/oponixo.shop\/tire\/produkt\/2x-opony-zimowe-yokohama-ice-guard-g075-265-50r22-112q-xl-2025\/","title":{"rendered":"2x opony zimowe Yokohama ICE GUARD G075 265\/50R22 112Q XL 2025"},"content":{"rendered":"<div style=\"font-family: Arial, sans-serif; line-height: 1.6; color: #333; padding: 20px; clear: both; display: block; width: 100%; float: none; position: static; overflow: hidden;\">\n<div style=\"clear: both; display: block; margin: 10px 0;\">\n<div style=\"clear: both; display: block; margin: 10px 0;\">\n<div style=\"clear: both; display: block; margin: 10px 0;\">\n<div  style=\"max-width:500px;max-height:82px\">\n<div style=\"clear: both; display: block; margin: 10px 0;\">\n<div style=\"clear: both; width: 100%; display: block; margin: 20px 0; padding: 0; float: none; position: static; text-align: center;\"><img decoding=\"async\"  src=\"https:\/\/a.allegroimg.com\/original\/11ec87\/87e7f15040d8b2b15c45062b29b7\/2x-opony-zimowe-Yokohama-ICE-GUARD-G075-265-50R22-112Q-XL-2025-Rok-produkcji-2025\" srcset=\"https:\/\/a.allegroimg.com\/original\/11ec87\/87e7f15040d8b2b15c45062b29b7\/2x-opony-zimowe-Yokohama-ICE-GUARD-G075-265-50R22-112Q-XL-2025-Rok-produkcji-2025 360w,https:\/\/a.allegroimg.com\/original\/11ec87\/87e7f15040d8b2b15c45062b29b7\/2x-opony-zimowe-Yokohama-ICE-GUARD-G075-265-50R22-112Q-XL-2025-Rok-produkcji-2025 500w,https:\/\/a.allegroimg.com\/original\/11ec87\/87e7f15040d8b2b15c45062b29b7\/2x-opony-zimowe-Yokohama-ICE-GUARD-G075-265-50R22-112Q-XL-2025-Rok-produkcji-2025 500w\" sizes=\"100vw\" width=\"500px\" alt=\"2x opony zimowe Yokohama ICE GUARD G075 265\/50R22 112Q XL 2025 Rok produkcji 2025\"\/ style=\"max-width: 100%; height: auto; display: block; margin: 0 auto;\"><\/div>\n<\/div>\n<\/div>\n<\/div>\n<\/div>\n<\/div>\n<div style=\"clear: both; display: block; margin: 10px 0;\">\n<div style=\"clear: both; display: block; margin: 10px 0;\">\n<div style=\"clear: both; display: block; margin: 10px 0;\">\n<h1>zestaw 2 sztuk nowych opon zimowych<\/h1>\n<h1>Yokohama ICE GUARD G075 265\/50R22 112Q XL<\/h1>\n<p style=\"margin: 15px 0; line-height: 1.8; clear: both; display: block; width: 100%; float: none; position: static;\">\n<\/div>\n<\/div>\n<\/div>\n<div style=\"clear: both; display: block; margin: 10px 0;\">\n<div style=\"clear: both; display: block; margin: 10px 0;\">\n<div style=\"clear: both; display: block; margin: 10px 0;\">\n<div  style=\"max-width:456px;max-height:600px\">\n<div style=\"clear: both; display: block; margin: 10px 0;\">\n<div style=\"clear: both; width: 100%; display: block; margin: 20px 0; padding: 0; float: none; position: static; text-align: center;\"><img decoding=\"async\"  src=\"https:\/\/a.allegroimg.com\/original\/115da0\/6c74698b415f8e05ad05839680f1\/2x-opony-zimowe-Yokohama-ICE-GUARD-G075-265-50R22-112Q-XL-2025\" srcset=\"https:\/\/a.allegroimg.com\/original\/115da0\/6c74698b415f8e05ad05839680f1\/2x-opony-zimowe-Yokohama-ICE-GUARD-G075-265-50R22-112Q-XL-2025 273w,https:\/\/a.allegroimg.com\/original\/115da0\/6c74698b415f8e05ad05839680f1\/2x-opony-zimowe-Yokohama-ICE-GUARD-G075-265-50R22-112Q-XL-2025 456w,https:\/\/a.allegroimg.com\/original\/115da0\/6c74698b415f8e05ad05839680f1\/2x-opony-zimowe-Yokohama-ICE-GUARD-G075-265-50R22-112Q-XL-2025 456w\" sizes=\"(min-width: 1200px) 560px, (min-width: 992px) 50vw, 100vw\" width=\"456px\" alt=\"2x opony zimowe Yokohama ICE GUARD G075 265\/50R22 112Q XL 2025\"\/ style=\"max-width: 100%; height: auto; display: block; margin: 0 auto;\"><\/div>\n<\/div>\n<\/div>\n<\/div>\n<\/div>\n<div style=\"clear: both; display: block; margin: 10px 0;\">\n<div style=\"clear: both; display: block; margin: 10px 0;\">\n<p style=\"margin: 15px 0; line-height: 1.8; clear: both; display: block; width: 100%; float: none; position: static;\"><b>Yokohama ICE GUARD G075<\/b> to opony <b>zimowe<\/b> przeznaczone do samochod\u00f3w <b>osobowych<\/b> oraz suv-\u00f3w. Oryginalny produkt klasy <b>premium<\/b> renomowanej marki <b>Yokohama<\/b>. Bezkompromisowa jako\u015b\u0107. Opony do trudnych warunk\u00f3w zimowych, dedykowane na drogi gorszej jako\u015bci, za\u015bniezone, oblodzone, obszary wiejskie, g\u00f3rskie itp.<\/p>\n<ul style=\"margin: 15px 0; padding-left: 20px; clear: both; display: block; width: 100%; float: none; position: static;\">\n<li style=\"margin: 5px 0; padding: 2px 0; clear: both; display: list-item; float: none; position: static;\">rok produkcji: <b>2025<\/b><\/li>\n<li style=\"margin: 5px 0; padding: 2px 0; clear: both; display: list-item; float: none; position: static;\">opony <b>nowe<\/b>, oryginalne, z gwarancj\u0105<\/li>\n<li style=\"margin: 5px 0; padding: 2px 0; clear: both; display: list-item; float: none; position: static;\">opony wzmocnione <b>XL<\/b><\/li>\n<li style=\"margin: 5px 0; padding: 2px 0; clear: both; display: list-item; float: none; position: static;\">maksymalna przyczepno\u015b\u0107 na \u015bniegu i lodzie, r\u00f3wnie\u017c na drogach gorszej jako\u015bci<\/li>\n<li style=\"margin: 5px 0; padding: 2px 0; clear: both; display: list-item; float: none; position: static;\">d\u0142ugie przebiegi<\/li>\n<li style=\"margin: 5px 0; padding: 2px 0; clear: both; display: list-item; float: none; position: static;\">bie\u017cnik zu\u017cywa si\u0119 r\u00f3wnomiernie<\/li>\n<\/ul>\n<\/div>\n<\/div>\n<\/div>\n<div style=\"clear: both; display: block; margin: 10px 0;\">\n<div style=\"clear: both; display: block; margin: 10px 0;\">\n<div style=\"clear: both; display: block; margin: 10px 0;\">\n<div  style=\"max-width:480px;max-height:733px\">\n<div style=\"clear: both; display: block; margin: 10px 0;\">\n<div style=\"clear: both; width: 100%; display: block; margin: 20px 0; padding: 0; float: none; position: static; text-align: center;\"><img decoding=\"async\"  src=\"https:\/\/a.allegroimg.com\/original\/114e87\/1af8d2f84ec59f3332893a728520\/2x-opony-zimowe-Yokohama-ICE-GUARD-G075-265-50R22-112Q-XL-2025-Liczba-opon-w-ofercie-2-szt\" srcset=\"https:\/\/a.allegroimg.com\/original\/114e87\/1af8d2f84ec59f3332893a728520\/2x-opony-zimowe-Yokohama-ICE-GUARD-G075-265-50R22-112Q-XL-2025-Liczba-opon-w-ofercie-2-szt 235w,https:\/\/a.allegroimg.com\/original\/114e87\/1af8d2f84ec59f3332893a728520\/2x-opony-zimowe-Yokohama-ICE-GUARD-G075-265-50R22-112Q-XL-2025-Liczba-opon-w-ofercie-2-szt 471w,https:\/\/a.allegroimg.com\/original\/114e87\/1af8d2f84ec59f3332893a728520\/2x-opony-zimowe-Yokohama-ICE-GUARD-G075-265-50R22-112Q-XL-2025-Liczba-opon-w-ofercie-2-szt 480w,https:\/\/a.allegroimg.com\/original\/114e87\/1af8d2f84ec59f3332893a728520\/2x-opony-zimowe-Yokohama-ICE-GUARD-G075-265-50R22-112Q-XL-2025-Liczba-opon-w-ofercie-2-szt 480w\" sizes=\"100vw\" width=\"480px\" alt=\"2x opony zimowe Yokohama ICE GUARD G075 265\/50R22 112Q XL 2025 Liczba opon w ofercie 2 szt.\"\/ style=\"max-width: 100%; height: auto; display: block; margin: 0 auto;\"><\/div>\n<\/div>\n<\/div>\n<\/div>\n<\/div>\n<\/div>\n<\/div>\n<\/div>\n<\/div>\n<div style=\"clear: both; display: block; margin: 10px 0;\">\n","protected":false},"excerpt":{"rendered":"<p>zestaw 2 sztuk nowych opon zimowych<\/p>\n<p>Yokohama ICE GUARD G075 265\/50R22 112Q XL<\/p>\n<p>Yokohama ICE GUARD G075 to opony zimowe przeznaczone do samochod\u00f3w osobowych oraz suv-\u00f3w. Oryginalny produkt klasy premium renomowanej marki Yokohama. Bezkompromisowa jako\u015b\u0107. Opony do trudnych warunk\u00f3w zimowych, dedykowane na drogi gorszej jako\u015bci, za\u015bniezone, oblodzone, obszary wiejskie, g\u00f3rskie itp.<\/p>\n<p>rok produkcji: 2025<\/p>\n<p>opony nowe, oryginalne, z gwarancj\u0105<\/p>\n<p>opony wzmocnione XL<\/p>\n<p>maksymalna przyczepno\u015b\u0107 na \u015bniegu i lodzie, r\u00f3wnie\u017c na drogach gorszej jako\u015bci<\/p>\n<p>d\u0142ugie przebiegi<\/p>\n","protected":false},"featured_media":12333,"template":"","meta":{"_uag_custom_page_level_css":""},"product_brand":[410],"product_cat":[414,413,412,415],"product_tag":[],"class_list":{"0":"post-12332","1":"product","2":"type-product","3":"status-publish","4":"has-post-thumbnail","6":"product_brand-yokohama","7":"product_cat-do-samochodow-osobowych-i-suv","8":"product_cat-opony","9":"product_cat-opony-i-felgi","10":"product_cat-zimowe","12":"first","13":"instock","14":"shipping-taxable","15":"purchasable","16":"product-type-simple"},"uagb_featured_image_src":{"full":["https:\/\/oponixo.shop\/tire\/wp-content\/uploads\/2026\/01\/allegro-image-12332.jpg",456,600,false],"thumbnail":["https:\/\/oponixo.shop\/tire\/wp-content\/uploads\/2026\/01\/allegro-image-12332-150x150.jpg",150,150,true],"medium":["https:\/\/oponixo.shop\/tire\/wp-content\/uploads\/2026\/01\/allegro-image-12332-228x300.jpg",228,300,true],"medium_large":["https:\/\/oponixo.shop\/tire\/wp-content\/uploads\/2026\/01\/allegro-image-12332.jpg",456,600,false],"large":["https:\/\/oponixo.shop\/tire\/wp-content\/uploads\/2026\/01\/allegro-image-12332.jpg",456,600,false],"1536x1536":["https:\/\/oponixo.shop\/tire\/wp-content\/uploads\/2026\/01\/allegro-image-12332.jpg",456,600,false],"2048x2048":["https:\/\/oponixo.shop\/tire\/wp-content\/uploads\/2026\/01\/allegro-image-12332.jpg",456,600,false],"woocommerce_thumbnail":["https:\/\/oponixo.shop\/tire\/wp-content\/uploads\/2026\/01\/allegro-image-12332-300x300.jpg",300,300,true],"woocommerce_single":["https:\/\/oponixo.shop\/tire\/wp-content\/uploads\/2026\/01\/allegro-image-12332.jpg",456,600,false],"woocommerce_gallery_thumbnail":["https:\/\/oponixo.shop\/tire\/wp-content\/uploads\/2026\/01\/allegro-image-12332-100x100.jpg",100,100,true]},"uagb_author_info":{"display_name":"admin","author_link":"https:\/\/oponixo.shop\/tire\/author\/"},"uagb_comment_info":0,"uagb_excerpt":"zestaw 2 sztuk nowych opon zimowych Yokohama ICE GUARD G075 265\/50R22 112Q XL Yokohama ICE GUARD G075 to opony zimowe przeznaczone do samochod\u00f3w osobowych oraz suv-\u00f3w. Oryginalny produkt klasy premium renomowanej marki Yokohama. Bezkompromisowa jako\u015b\u0107. Opony do trudnych warunk\u00f3w zimowych, dedykowane na drogi gorszej jako\u015bci, za\u015bniezone, oblodzone, obszary wiejskie, g\u00f3rskie itp. rok produkcji: 2025 opony&hellip;","_links":{"self":[{"href":"https:\/\/oponixo.shop\/tire\/wp-json\/wp\/v2\/product\/12332","targetHints":{"allow":["GET"]}}],"collection":[{"href":"https:\/\/oponixo.shop\/tire\/wp-json\/wp\/v2\/product"}],"about":[{"href":"https:\/\/oponixo.shop\/tire\/wp-json\/wp\/v2\/types\/product"}],"wp:featuredmedia":[{"embeddable":true,"href":"https:\/\/oponixo.shop\/tire\/wp-json\/wp\/v2\/media\/12333"}],"wp:attachment":[{"href":"https:\/\/oponixo.shop\/tire\/wp-json\/wp\/v2\/media?parent=12332"}],"wp:term":[{"taxonomy":"product_brand","embeddable":true,"href":"https:\/\/oponixo.shop\/tire\/wp-json\/wp\/v2\/product_brand?post=12332"},{"taxonomy":"product_cat","embeddable":true,"href":"https:\/\/oponixo.shop\/tire\/wp-json\/wp\/v2\/product_cat?post=12332"},{"taxonomy":"product_tag","embeddable":true,"href":"https:\/\/oponixo.shop\/tire\/wp-json\/wp\/v2\/product_tag?post=12332"}],"curies":[{"name":"wp","href":"https:\/\/api.w.org\/{rel}","templated":true}]}}