{"id":12360,"date":"2026-01-03T20:01:20","date_gmt":"2026-01-03T19:01:20","guid":{"rendered":"https:\/\/oponyexpert.shop\/xef5\/produkt\/2x-barum-245-45r19-polaris-6-102v-fr\/"},"modified":"2026-01-03T20:01:21","modified_gmt":"2026-01-03T19:01:21","slug":"2x-barum-245-45r19-polaris-6-102v-fr","status":"publish","type":"product","link":"https:\/\/oponixo.shop\/tire\/produkt\/2x-barum-245-45r19-polaris-6-102v-fr\/","title":{"rendered":"2x Barum 245\/45R19 POLARIS 6 102V FR"},"content":{"rendered":"<div style=\"font-family: Arial, sans-serif; line-height: 1.6; color: #333; padding: 20px; clear: both; display: block; width: 100%; float: none; position: static; overflow: hidden;\">\n<div style=\"clear: both; display: block; margin: 10px 0;\">\n<div style=\"clear: both; display: block; margin: 10px 0;\">\n<div style=\"clear: both; display: block; margin: 10px 0;\">\n<h2>Opona zimowa Barum POLARIS 6 245\/45R19 102V XL FR<\/h2>\n<h2>Grupa koncernu Continental<\/h2>\n<p style=\"margin: 15px 0; line-height: 1.8; clear: both; display: block; width: 100%; float: none; position: static;\">Barum Polaris 6 to opona zimowa klasy ekonomicznej. Jest przeznaczona do samochod\u00f3w osobowych oraz samochod\u00f3w typu SUV.<\/p>\n<p style=\"margin: 15px 0; line-height: 1.8; clear: both; display: block; width: 100%; float: none; position: static;\">Opona zosta\u0142a wyposa\u017cona w kierunkowy wz\u00f3r bie\u017cnika.<\/p>\n<p style=\"margin: 15px 0; line-height: 1.8; clear: both; display: block; width: 100%; float: none; position: static;\">Bie\u017cnik w kszta\u0142cie litery \u201eV\u201d z rowkiem obwodowym i rowkami bocznymi skutecznie usuwa wod\u0119 i\u00a0b\u0142oto po\u015bniegowe spod opony. Dzi\u0119ki temu zmniejsza si\u0119 ryzyko powstania aquaplaningu oraz poprawia to hamowanie na mokrej nawierzchni.<\/p>\n<p style=\"margin: 15px 0; line-height: 1.8; clear: both; display: block; width: 100%; float: none; position: static;\">Du\u017ca liczba lameli na klockach bie\u017cnika pozwala na zachowanie odpowiedniej trakcji na zmro\u017conej oraz za\u015bnie\u017conej nawierzchni.<\/p>\n<p style=\"margin: 15px 0; line-height: 1.8; clear: both; display: block; width: 100%; float: none; position: static;\">Odpowiednia mieszanka gumowa zachowuje elastyczno\u015b\u0107 nawet w bardzo niskich temperaturach.<\/p>\n<p style=\"margin: 15px 0; line-height: 1.8; clear: both; display: block; width: 100%; float: none; position: static;\">Barum Polaris 6 to opona o dobrych osi\u0105gach w niskiej cenie.<\/p>\n<p style=\"margin: 15px 0; line-height: 1.8; clear: both; display: block; width: 100%; float: none; position: static;\">Opony Barum stanowi\u0105 udan\u0105 syntez\u0119 wszechstronno\u015bci i solidno\u015bci w dobrej cenie. Zapewniaj\u0105 imponuj\u0105co wysoki przebieg i dobrze wywa\u017cone w\u0142a\u015bciwo\u015bci jezdne. Je\u015bli musisz polega\u0107 na swoim poje\u017adzie, to Barum jest w\u0142a\u015bciwym wyborem dla Ciebie.<\/p>\n<p style=\"margin: 15px 0; line-height: 1.8; clear: both; display: block; width: 100%; float: none; position: static;\">Barum produkuje opony w najnowocze\u015bniejszych fabrykach w Europie pod skrzyd\u0142ami pot\u0119\u017cnej Grupy Continental. Barum jest jednym z najlepiej prosperuj\u0105cych producent\u00f3w opon w Europie \u015arodkowej i wyr\u00f3\u017cnia si\u0119 wyra\u017anie okre\u015blonym has\u0142em: \u201eDobre opony. Dobry interes.\u201d<\/p>\n<h3 style=\"color: #2c5aa0; font-size: 18px; margin: 30px 0 15px 0; font-weight: bold; clear: both; display: block; width: 100%; float: none; position: static;\">Historia Barum:<\/h3>\n<ul style=\"margin: 15px 0; padding-left: 20px; clear: both; display: block; width: 100%; float: none; position: static;\">\n<li style=\"margin: 5px 0; padding: 2px 0; clear: both; display: list-item; float: none; position: static;\">1948 &#8211; trzech producent\u00f3w opon &#8211; Bata, Rubena i Mitas &#8211; \u0142\u0105cz\u0105 si\u0119 w czeskim mie\u015bcie Zl\u00edn. Pocz\u0105tkowe litery nazw firm zosta\u0142y po\u0142\u0105czone w celu stworzenia marki Barum.<\/li>\n<li style=\"margin: 5px 0; padding: 2px 0; clear: both; display: list-item; float: none; position: static;\">1971 &#8211; Po raz pierwszy odbywa si\u0119 Rajd Czeski Barum, kt\u00f3ry do dzi\u015b pozostaje sukcesem.<\/li>\n<li style=\"margin: 5px 0; padding: 2px 0; clear: both; display: list-item; float: none; position: static;\">1993 &#8211; Barum zostaje w\u0142\u0105czony do globalnej grupy Continental i odt\u0105d dzia\u0142a pod nazw\u0105 Barum Continental spol. S ro. s.r.o. Daje to firmie dost\u0119p do najnowocze\u015bniejszych mo\u017cliwo\u015bci badawczych i wysoce wydajnych zaawansowanych technologii produkcji opon.<\/li>\n<li style=\"margin: 5px 0; padding: 2px 0; clear: both; display: list-item; float: none; position: static;\">1997 &#8211; Barum Continental jako pierwsza firma w Republice Czeskiej otrzyma\u0142a certyfikat ISO 14 001 i certyfikat EMAS na spe\u0142nienie norm \u015brodowiskowych.<\/li>\n<li style=\"margin: 5px 0; padding: 2px 0; clear: both; display: list-item; float: none; position: static;\">2001 &#8211; Rozpocz\u0119cie produkcji w nowym zak\u0142adzie High-Tech Cell.<\/li>\n<li style=\"margin: 5px 0; padding: 2px 0; clear: both; display: list-item; float: none; position: static;\">2008 &#8211; Za\u0142o\u017cenie sp\u00f3\u0142ki detalicznej ContiTrade Services s.r.o.<\/li>\n<li style=\"margin: 5px 0; padding: 2px 0; clear: both; display: list-item; float: none; position: static;\">2012 &#8211; Zmiana nazwy firmy na Continental Barum s.r.o.<\/li>\n<li style=\"margin: 5px 0; padding: 2px 0; clear: both; display: list-item; float: none; position: static;\">2013 &#8211; Wprowadzenie na rynek nowej generacji opon Barum Bravuris 3HM z osi\u0105gami HM .<\/li>\n<li style=\"margin: 5px 0; padding: 2px 0; clear: both; display: list-item; float: none; position: static;\">2016 &#8211; Otwarcie nowej hali produkcyjnej opon do samochod\u00f3w ci\u0119\u017carowych.<\/li>\n<li style=\"margin: 5px 0; padding: 2px 0; clear: both; display: list-item; float: none; position: static;\">2017 &#8211; Liczba pracownik\u00f3w w zak\u0142adzie w Otrokovicach si\u0119ga 4 800, a firma jest obecnie najwi\u0119kszym pracodawc\u0105 w regionie Zl\u00edna.<\/li>\n<\/ul>\n<\/div>\n<\/div>\n<\/div>\n<div style=\"clear: both; display: block; margin: 10px 0;\">\n<div style=\"clear: both; display: block; margin: 10px 0;\">\n<div style=\"clear: both; display: block; margin: 10px 0;\">\n<div  style=\"max-width:500px;max-height:500px\">\n<div style=\"clear: both; display: block; margin: 10px 0;\">\n<div style=\"clear: both; width: 100%; display: block; margin: 20px 0; padding: 0; float: none; position: static; text-align: center;\"><img decoding=\"async\"  src=\"https:\/\/a.allegroimg.com\/original\/11f48d\/f21029c44782bf25a656f301019d\/2x-Barum-245-45R19-POLARIS-6-102V-FR\" srcset=\"https:\/\/a.allegroimg.com\/original\/11f48d\/f21029c44782bf25a656f301019d\/2x-Barum-245-45R19-POLARIS-6-102V-FR 360w,https:\/\/a.allegroimg.com\/original\/11f48d\/f21029c44782bf25a656f301019d\/2x-Barum-245-45R19-POLARIS-6-102V-FR 500w,https:\/\/a.allegroimg.com\/original\/11f48d\/f21029c44782bf25a656f301019d\/2x-Barum-245-45R19-POLARIS-6-102V-FR 500w\" sizes=\"(min-width: 1200px) 560px, (min-width: 992px) 50vw, 100vw\" width=\"500px\" alt=\"2x Barum 245\/45R19 POLARIS 6 102V FR\"\/ style=\"max-width: 100%; height: auto; display: block; margin: 0 auto;\"><\/div>\n<\/div>\n<\/div>\n<\/div>\n<\/div>\n<div style=\"clear: both; display: block; margin: 10px 0;\">\n<div style=\"clear: both; display: block; margin: 10px 0;\">\n<ul style=\"margin: 15px 0; padding-left: 20px; clear: both; display: block; width: 100%; float: none; position: static;\">\n<li style=\"margin: 5px 0; padding: 2px 0; clear: both; display: list-item; float: none; position: static;\"><b>Marka:<\/b> Barum<\/li>\n<li style=\"margin: 5px 0; padding: 2px 0; clear: both; display: list-item; float: none; position: static;\"><b>Grupa koncernu:<\/b> Continental<\/li>\n<li style=\"margin: 5px 0; padding: 2px 0; clear: both; display: list-item; float: none; position: static;\"><b>Liczba opon w ofercie:<\/b> 2 szt.<\/li>\n<li style=\"margin: 5px 0; padding: 2px 0; clear: both; display: list-item; float: none; position: static;\"><b>Run flat:<\/b> Nie<\/li>\n<li style=\"margin: 5px 0; padding: 2px 0; clear: both; display: list-item; float: none; position: static;\"><b>Sezon:<\/b> Zimowe<\/li>\n<li style=\"margin: 5px 0; padding: 2px 0; clear: both; display: list-item; float: none; position: static;\"><b>Model:<\/b> POLARIS 6<\/li>\n<li style=\"margin: 5px 0; padding: 2px 0; clear: both; display: list-item; float: none; position: static;\"><b>Szeroko\u015b\u0107 opony:<\/b> 245 mm<\/li>\n<li style=\"margin: 5px 0; padding: 2px 0; clear: both; display: list-item; float: none; position: static;\"><b>Profil opony:<\/b> 45<\/li>\n<li style=\"margin: 5px 0; padding: 2px 0; clear: both; display: list-item; float: none; position: static;\"><b>\u015arednica:<\/b> 19&#8243;<\/li>\n<li style=\"margin: 5px 0; padding: 2px 0; clear: both; display: list-item; float: none; position: static;\"><b>Indeks no\u015bno\u015bci:<\/b> 102 &#8211; 850 kg<\/li>\n<li style=\"margin: 5px 0; padding: 2px 0; clear: both; display: list-item; float: none; position: static;\"><b>Indeks pr\u0119dko\u015bci:<\/b> V do 240 km\/h<\/li>\n<li style=\"margin: 5px 0; padding: 2px 0; clear: both; display: list-item; float: none; position: static;\"><b>Przyczepno\u015b\u0107 na mokrej nawierzchni:<\/b> Klasa C<\/li>\n<li style=\"margin: 5px 0; padding: 2px 0; clear: both; display: list-item; float: none; position: static;\"><b>Op\u00f3r toczenia:<\/b> Klasa D<\/li>\n<li style=\"margin: 5px 0; padding: 2px 0; clear: both; display: list-item; float: none; position: static;\"><b>Ha\u0142as zewn\u0119trzny:<\/b> 72 dB<\/li>\n<li style=\"margin: 5px 0; padding: 2px 0; clear: both; display: list-item; float: none; position: static;\"><b>Informacje dodatkowe:<\/b> rant ochronny, wzmocnienie (XL)<\/li>\n<li style=\"margin: 5px 0; padding: 2px 0; clear: both; display: list-item; float: none; position: static;\"><b>Rok produkcji (DOT):<\/b> <b>Kupuj\u0105c z tej oferty otrzymasz opony fabrycznie nowe, a ich rok produkcji jest nie starszy ni\u017c ubieg\u0142y rok kalendarzowy &#8211; 2025\/2024<\/b><\/li>\n<\/ul>\n<\/div>\n<\/div>\n<\/div>\n<\/div>\n<\/div>\n<\/div>\n<div style=\"clear: both; display: block; margin: 10px 0;\">\n","protected":false},"excerpt":{"rendered":"<p>Opona zimowa Barum POLARIS 6 245\/45R19 102V XL FR<\/p>\n<p>Grupa koncernu Continental<\/p>\n<p>Barum Polaris 6 to opona zimowa klasy ekonomicznej. Jest przeznaczona do samochod\u00f3w osobowych oraz samochod\u00f3w typu SUV.<\/p>\n<p>Opona zosta\u0142a wyposa\u017cona w kierunkowy wz\u00f3r bie\u017cnika.<\/p>\n<p>Bie\u017cnik w kszta\u0142cie litery \u201eV\u201d z rowkiem obwodowym i rowkami bocznymi skutecznie usuwa wod\u0119 i\u00a0b\u0142oto po\u015bniegowe spod opony. Dzi\u0119ki temu zmniejsza si\u0119 ryzyko powstania aquaplaningu oraz poprawia to hamowanie na mokrej nawierzchni.<\/p>\n","protected":false},"featured_media":12361,"template":"","meta":{"_uag_custom_page_level_css":""},"product_brand":[386],"product_cat":[414,413,412,415],"product_tag":[],"class_list":{"0":"post-12360","1":"product","2":"type-product","3":"status-publish","4":"has-post-thumbnail","6":"product_brand-barum","7":"product_cat-do-samochodow-osobowych-i-suv","8":"product_cat-opony","9":"product_cat-opony-i-felgi","10":"product_cat-zimowe","12":"first","13":"instock","14":"shipping-taxable","15":"purchasable","16":"product-type-simple"},"uagb_featured_image_src":{"full":["https:\/\/oponixo.shop\/tire\/wp-content\/uploads\/2026\/01\/allegro-image-12360.jpg",500,500,false],"thumbnail":["https:\/\/oponixo.shop\/tire\/wp-content\/uploads\/2026\/01\/allegro-image-12360-150x150.jpg",150,150,true],"medium":["https:\/\/oponixo.shop\/tire\/wp-content\/uploads\/2026\/01\/allegro-image-12360-300x300.jpg",300,300,true],"medium_large":["https:\/\/oponixo.shop\/tire\/wp-content\/uploads\/2026\/01\/allegro-image-12360.jpg",500,500,false],"large":["https:\/\/oponixo.shop\/tire\/wp-content\/uploads\/2026\/01\/allegro-image-12360.jpg",500,500,false],"1536x1536":["https:\/\/oponixo.shop\/tire\/wp-content\/uploads\/2026\/01\/allegro-image-12360.jpg",500,500,false],"2048x2048":["https:\/\/oponixo.shop\/tire\/wp-content\/uploads\/2026\/01\/allegro-image-12360.jpg",500,500,false],"woocommerce_thumbnail":["https:\/\/oponixo.shop\/tire\/wp-content\/uploads\/2026\/01\/allegro-image-12360-300x300.jpg",300,300,true],"woocommerce_single":["https:\/\/oponixo.shop\/tire\/wp-content\/uploads\/2026\/01\/allegro-image-12360.jpg",500,500,false],"woocommerce_gallery_thumbnail":["https:\/\/oponixo.shop\/tire\/wp-content\/uploads\/2026\/01\/allegro-image-12360-100x100.jpg",100,100,true]},"uagb_author_info":{"display_name":"admin","author_link":"https:\/\/oponixo.shop\/tire\/author\/"},"uagb_comment_info":0,"uagb_excerpt":"Opona zimowa Barum POLARIS 6 245\/45R19 102V XL FR Grupa koncernu Continental Barum Polaris 6 to opona zimowa klasy ekonomicznej. Jest przeznaczona do samochod\u00f3w osobowych oraz samochod\u00f3w typu SUV. Opona zosta\u0142a wyposa\u017cona w kierunkowy wz\u00f3r bie\u017cnika. Bie\u017cnik w kszta\u0142cie litery \u201eV\u201d z rowkiem obwodowym i rowkami bocznymi skutecznie usuwa wod\u0119 i\u00a0b\u0142oto po\u015bniegowe spod opony. Dzi\u0119ki&hellip;","_links":{"self":[{"href":"https:\/\/oponixo.shop\/tire\/wp-json\/wp\/v2\/product\/12360","targetHints":{"allow":["GET"]}}],"collection":[{"href":"https:\/\/oponixo.shop\/tire\/wp-json\/wp\/v2\/product"}],"about":[{"href":"https:\/\/oponixo.shop\/tire\/wp-json\/wp\/v2\/types\/product"}],"wp:featuredmedia":[{"embeddable":true,"href":"https:\/\/oponixo.shop\/tire\/wp-json\/wp\/v2\/media\/12361"}],"wp:attachment":[{"href":"https:\/\/oponixo.shop\/tire\/wp-json\/wp\/v2\/media?parent=12360"}],"wp:term":[{"taxonomy":"product_brand","embeddable":true,"href":"https:\/\/oponixo.shop\/tire\/wp-json\/wp\/v2\/product_brand?post=12360"},{"taxonomy":"product_cat","embeddable":true,"href":"https:\/\/oponixo.shop\/tire\/wp-json\/wp\/v2\/product_cat?post=12360"},{"taxonomy":"product_tag","embeddable":true,"href":"https:\/\/oponixo.shop\/tire\/wp-json\/wp\/v2\/product_tag?post=12360"}],"curies":[{"name":"wp","href":"https:\/\/api.w.org\/{rel}","templated":true}]}}