{"id":12372,"date":"2026-01-03T20:28:14","date_gmt":"2026-01-03T19:28:14","guid":{"rendered":"https:\/\/oponyexpert.shop\/xef5\/produkt\/2x-michelin-245-60r18-105h-crossclimate-suv-caloroczne-2024-r\/"},"modified":"2026-01-03T20:28:14","modified_gmt":"2026-01-03T19:28:14","slug":"2x-michelin-245-60r18-105h-crossclimate-suv-caloroczne-2024-r","status":"publish","type":"product","link":"https:\/\/oponixo.shop\/tire\/produkt\/2x-michelin-245-60r18-105h-crossclimate-suv-caloroczne-2024-r\/","title":{"rendered":"2x MICHELIN 245\/60R18 105H CrossClimate SUV ca\u0142oroczne 2024 r"},"content":{"rendered":"<div style=\"font-family: Arial, sans-serif; line-height: 1.6; color: #333; padding: 20px; clear: both; display: block; width: 100%; float: none; position: static; overflow: hidden;\">\n<div style=\"clear: both; display: block; margin: 10px 0;\">\n<div style=\"clear: both; display: block; margin: 10px 0;\">\n<div style=\"clear: both; display: block; margin: 10px 0;\">\n<h1>Rok produkcji: 2024<\/h1>\n<\/div>\n<\/div>\n<\/div>\n<div style=\"clear: both; display: block; margin: 10px 0;\">\n<div style=\"clear: both; display: block; margin: 10px 0;\">\n<div style=\"clear: both; display: block; margin: 10px 0;\">\n<div  style=\"max-width:1200px;max-height:1126px\">\n<div style=\"clear: both; display: block; margin: 10px 0;\">\n<div style=\"clear: both; width: 100%; display: block; margin: 20px 0; padding: 0; float: none; position: static; text-align: center;\"><img decoding=\"async\"  src=\"https:\/\/a.allegroimg.com\/original\/116351\/999d54aa44e798aa3616bc6550b9\/2x-MICHELIN-245-60R18-105H-CrossClimate-SUV-caloroczne-2024-r\" srcset=\"https:\/\/a.allegroimg.com\/original\/116351\/999d54aa44e798aa3616bc6550b9\/2x-MICHELIN-245-60R18-105H-CrossClimate-SUV-caloroczne-2024-r 360w,https:\/\/a.allegroimg.com\/original\/116351\/999d54aa44e798aa3616bc6550b9\/2x-MICHELIN-245-60R18-105H-CrossClimate-SUV-caloroczne-2024-r 720w,https:\/\/a.allegroimg.com\/original\/116351\/999d54aa44e798aa3616bc6550b9\/2x-MICHELIN-245-60R18-105H-CrossClimate-SUV-caloroczne-2024-r 1024w,https:\/\/a.allegroimg.com\/original\/116351\/999d54aa44e798aa3616bc6550b9\/2x-MICHELIN-245-60R18-105H-CrossClimate-SUV-caloroczne-2024-r 1200w,https:\/\/a.allegroimg.com\/original\/116351\/999d54aa44e798aa3616bc6550b9\/2x-MICHELIN-245-60R18-105H-CrossClimate-SUV-caloroczne-2024-r 1200w\" sizes=\"(min-width: 1200px) 560px, (min-width: 992px) 50vw, 100vw\" width=\"1200px\" alt=\"2x MICHELIN 245\/60R18 105H CrossClimate SUV ca\u0142oroczne 2024 r\"\/ style=\"max-width: 100%; height: auto; display: block; margin: 0 auto;\"><\/div>\n<\/div>\n<\/div>\n<\/div>\n<\/div>\n<div style=\"clear: both; display: block; margin: 10px 0;\">\n<div style=\"clear: both; display: block; margin: 10px 0;\">\n<h1>MICHELIN CrossClimate SUV 245\/60R18 105H<\/h1>\n<h2>E435AC<\/h2>\n<ul style=\"margin: 15px 0; padding-left: 20px; clear: both; display: block; width: 100%; float: none; position: static;\">\n<li style=\"margin: 5px 0; padding: 2px 0; clear: both; display: list-item; float: none; position: static;\"><b>Data produkcji :<\/b> 2024<\/li>\n<li style=\"margin: 5px 0; padding: 2px 0; clear: both; display: list-item; float: none; position: static;\"><b>Hamowanie na mokrej nawierzchni :<\/b> B<\/li>\n<li style=\"margin: 5px 0; padding: 2px 0; clear: both; display: list-item; float: none; position: static;\"><b>Indeks :<\/b> 245\/60R18 CTMI 105H CRCS<\/li>\n<li style=\"margin: 5px 0; padding: 2px 0; clear: both; display: list-item; float: none; position: static;\"><b>Indeks no\u015bno\u015bci :<\/b> 105<\/li>\n<li style=\"margin: 5px 0; padding: 2px 0; clear: both; display: list-item; float: none; position: static;\"><b>Indeks pr\u0119dko\u015bci :<\/b> H &#8211; 210 km\/h<\/li>\n<li style=\"margin: 5px 0; padding: 2px 0; clear: both; display: list-item; float: none; position: static;\"><b>Karta informacyjna produktu :<\/b> https:\/\/eprel.ec.europa.eu\/qr\/408582<\/li>\n<li style=\"margin: 5px 0; padding: 2px 0; clear: both; display: list-item; float: none; position: static;\"><b>Kl. efekt. paliwowej :<\/b> C<\/li>\n<li style=\"margin: 5px 0; padding: 2px 0; clear: both; display: list-item; float: none; position: static;\"><b>Kl. przycz. na mokrej naw. :<\/b> B<\/li>\n<li style=\"margin: 5px 0; padding: 2px 0; clear: both; display: list-item; float: none; position: static;\"><b>Kl. zew. ha\u0142asu tocz. :<\/b> B<\/li>\n<li style=\"margin: 5px 0; padding: 2px 0; clear: both; display: list-item; float: none; position: static;\"><b>Klasa opony :<\/b> premium<\/li>\n<li style=\"margin: 5px 0; padding: 2px 0; clear: both; display: list-item; float: none; position: static;\"><b>Kod EAN :<\/b> 3528700732351<\/li>\n<li style=\"margin: 5px 0; padding: 2px 0; clear: both; display: list-item; float: none; position: static;\"><b>Kod producenta :<\/b> 73235<\/li>\n<li style=\"margin: 5px 0; padding: 2px 0; clear: both; display: list-item; float: none; position: static;\"><b>Liczba decybeli :<\/b> 70 dB<\/li>\n<li style=\"margin: 5px 0; padding: 2px 0; clear: both; display: list-item; float: none; position: static;\"><b>Model bie\u017cnika :<\/b> CROSSCLIMATE SUV<\/li>\n<li style=\"margin: 5px 0; padding: 2px 0; clear: both; display: list-item; float: none; position: static;\"><b>Nazwa produktu :<\/b> MICHELIN 245\/60R18 105H CrossClimate SUV ca\u0142oroczne<\/li>\n<li style=\"margin: 5px 0; padding: 2px 0; clear: both; display: list-item; float: none; position: static;\"><b>Op\u00f3r toczenia :<\/b> C<\/li>\n<li style=\"margin: 5px 0; padding: 2px 0; clear: both; display: list-item; float: none; position: static;\"><b>Poziom emisji ha\u0142asu :<\/b> 2<\/li>\n<li style=\"margin: 5px 0; padding: 2px 0; clear: both; display: list-item; float: none; position: static;\"><b>Producent :<\/b> MICHELIN<\/li>\n<li style=\"margin: 5px 0; padding: 2px 0; clear: both; display: list-item; float: none; position: static;\"><b>Profil :<\/b> 60<\/li>\n<li style=\"margin: 5px 0; padding: 2px 0; clear: both; display: list-item; float: none; position: static;\"><b>Przeznaczenie :<\/b> samochody osobowe\/SUV\/4&#215;4<\/li>\n<li style=\"margin: 5px 0; padding: 2px 0; clear: both; display: list-item; float: none; position: static;\"><b>Przyczepno\u015b\u0107 na lodzie :<\/b> Nie<\/li>\n<li style=\"margin: 5px 0; padding: 2px 0; clear: both; display: list-item; float: none; position: static;\"><b>Przyczepno\u015b\u0107 na \u015bniegu :<\/b> Tak<\/li>\n<li style=\"margin: 5px 0; padding: 2px 0; clear: both; display: list-item; float: none; position: static;\"><b>QR kod :<\/b> https:\/\/eprel.ec.europa.eu\/qr\/408582<\/li>\n<li style=\"margin: 5px 0; padding: 2px 0; clear: both; display: list-item; float: none; position: static;\"><b>Sezon :<\/b> ca\u0142oroczna<\/li>\n<li style=\"margin: 5px 0; padding: 2px 0; clear: both; display: list-item; float: none; position: static;\"><b>\u015arednica :<\/b> 18&#8243;<\/li>\n<li style=\"margin: 5px 0; padding: 2px 0; clear: both; display: list-item; float: none; position: static;\"><b>Szeroko\u015b\u0107 :<\/b> 245<\/li>\n<li style=\"margin: 5px 0; padding: 2px 0; clear: both; display: list-item; float: none; position: static;\"><b>Wart. pom. i kl. zew. ha\u0142asu tocz. [dB] :<\/b> 70<\/li>\n<\/ul>\n<\/div>\n<\/div>\n<\/div>\n<div style=\"clear: both; display: block; margin: 10px 0;\">\n<div style=\"clear: both; display: block; margin: 10px 0;\">\n<div style=\"clear: both; display: block; margin: 10px 0;\">\n<p style=\"margin: 15px 0; line-height: 1.8; clear: both; display: block; width: 100%; float: none; position: static;\"> MICHELIN CrossClimate SUV to wersja opon ca\u0142orocznych klasy premium dla samochod\u00f3w typu SUV, okre\u015blana tak\u017ce jako opona letnia z homologacj\u0105 zimow\u0105. Opona posiada oznaczenie 3PMSF (trzech szczyt\u00f3w g\u00f3rskich i p\u0142atka \u015bniegu). Opona o wysokiej przyczepno\u015bci w ka\u017cdych warunkach zimowych dzi\u0119ki zastosowaniu unowocze\u015bnionej mieszanki gumowej. Podw\u00f3jny karkas i usztywnione boki opony poprawiaj\u0105 w\u0142a\u015bciwo\u015bci jezdne, optymalizuj\u0105c tym samym zu\u017cycie paliwa. Unikalna rze\u017aba bie\u017cnika w kszta\u0142cie litery V oraz samoblokuj\u0105ce si\u0119 lamele 3D zapewniaj\u0105 wysokie osi\u0105gi na nawierzchni mokrej i suchej. MICHELIN CrossClimate SUV skutecznie hamuje na suchej nawierzchni i na \u015bniegu, dzi\u0119ki sztywnym klockom ze sko\u015bnymi kraw\u0119dziami i lamelom 3D. Specjalna konstrukcja opony zapewnia lekkie u\u017cytkowanie w terenie.<\/p>\n<\/div>\n<\/div>\n<div style=\"clear: both; display: block; margin: 10px 0;\">\n<div style=\"clear: both; display: block; margin: 10px 0;\">\n<div  style=\"max-width:886px;max-height:1299px\">\n<div style=\"clear: both; display: block; margin: 10px 0;\">\n<div style=\"clear: both; width: 100%; display: block; margin: 20px 0; padding: 0; float: none; position: static; text-align: center;\"><img decoding=\"async\"  src=\"https:\/\/a.allegroimg.com\/original\/114467\/76d2e81d4664bee0aab94aa3b1d1\/2x-MICHELIN-245-60R18-105H-CrossClimate-SUV-caloroczne-2024-r-Srednica-18\" srcset=\"https:\/\/a.allegroimg.com\/original\/114467\/76d2e81d4664bee0aab94aa3b1d1\/2x-MICHELIN-245-60R18-105H-CrossClimate-SUV-caloroczne-2024-r-Srednica-18 245w,https:\/\/a.allegroimg.com\/original\/114467\/76d2e81d4664bee0aab94aa3b1d1\/2x-MICHELIN-245-60R18-105H-CrossClimate-SUV-caloroczne-2024-r-Srednica-18 491w,https:\/\/a.allegroimg.com\/original\/114467\/76d2e81d4664bee0aab94aa3b1d1\/2x-MICHELIN-245-60R18-105H-CrossClimate-SUV-caloroczne-2024-r-Srednica-18 698w,https:\/\/a.allegroimg.com\/original\/114467\/76d2e81d4664bee0aab94aa3b1d1\/2x-MICHELIN-245-60R18-105H-CrossClimate-SUV-caloroczne-2024-r-Srednica-18 886w,https:\/\/a.allegroimg.com\/original\/114467\/76d2e81d4664bee0aab94aa3b1d1\/2x-MICHELIN-245-60R18-105H-CrossClimate-SUV-caloroczne-2024-r-Srednica-18 886w\" sizes=\"(min-width: 1200px) 560px, (min-width: 992px) 50vw, 100vw\" width=\"886px\" alt=\"2x MICHELIN 245\/60R18 105H CrossClimate SUV ca\u0142oroczne 2024 r \u015arednica 18&quot;\"\/ style=\"max-width: 100%; height: auto; display: block; margin: 0 auto;\"><\/div>\n<\/div>\n<\/div>\n<\/div>\n<\/div>\n<\/div>\n<div style=\"clear: both; display: block; margin: 10px 0;\">\n<div style=\"clear: both; display: block; margin: 10px 0;\">\n<div style=\"clear: both; display: block; margin: 10px 0;\">\n<p style=\"margin: 15px 0; line-height: 1.8; clear: both; display: block; width: 100%; float: none; position: static;\">Wychodz\u0105c naprzeciw oczekiwaniom Klient\u00f3w i chc\u0105c spe\u0142nia\u0107 jak najwy\u017csze standardy obs\u0142ugi dok\u0142adamy wszelkich stara\u0144, aby podawa\u0107 precyzyjn\u0105 dat\u0119 produkcji opony (DOT). Niestety, w wyj\u0105tkowych przypadkach, mo\u017ce zdarzy\u0107 si\u0119, \u017ce opony, kt\u00f3re wy\u015blemy b\u0119d\u0105 mia\u0142y inn\u0105 dat\u0119 produkcji ni\u017c podana. Sytuacja mo\u017ce dotyczy\u0107 zar\u00f3wno opon z DOT-em wcze\u015bniejszym jak i p\u00f3\u017aniejszym. Chcieliby\u015bmy podkre\u015bli\u0107, \u017ce warunki przechowywania opon w naszych magazynach spe\u0142niaj\u0105 Polsk\u0105 Norm\u0119 PN-C-94300-7 dzi\u0119ki czemu nawet opona przechowywana 24 miesi\u0105ce ma parametry takie same jak opona z bie\u017c\u0105cego roku. Warto pami\u0119ta\u0107 tak\u017ce o fakcie, \u017ce w przypadku wielu rozmiar\u00f3w i producent\u00f3w plany produkcyjne fabryk uniemo\u017cliwiaj\u0105 zakup opony z bie\u017c\u0105cego roku.<\/p>\n<p style=\"margin: 15px 0; line-height: 1.8; clear: both; display: block; width: 100%; float: none; position: static;\">Przy zakupie opon pami\u0119taj o sprawdzeniu w instrukcji samochodu lub na w\u0142a\u015bciwej stronie internetowej, jakie ogumienie zaleca producent Twojego auta. \u0179le dobrane opony mog\u0105 negatywnie wp\u0142yn\u0105\u0107 na poziom Twojego bezpiecze\u0144stwa. Kupuj\u0105c opony zwr\u00f3\u0107 uwag\u0119 na rozmiar oraz indeksy no\u015bno\u015bci i pr\u0119dko\u015bci jakie homologowane s\u0105 do Twojego pojazdu.<\/p>\n<p style=\"margin: 15px 0; line-height: 1.8; clear: both; display: block; width: 100%; float: none; position: static;\">Zamieszczone zdj\u0119cia pe\u0142ni\u0105 funkcj\u0119 pogl\u0105dow\u0105. W zale\u017cno\u015bci od szeroko\u015bci opon, mog\u0105 wyst\u0119powa\u0107 niewielkie r\u00f3\u017cnice w wygl\u0105dzie bie\u017cnika (w obr\u0119bie jednego modelu) na przyk\u0142ad w ilo\u015bci rowk\u00f3w obwodowych lub rozmieszczeniu blok\u00f3w bie\u017cnika, co nie stanowi wady produktu.<\/p>\n<p style=\"margin: 15px 0; line-height: 1.8; clear: both; display: block; width: 100%; float: none; position: static;\">Je\u017celi otrzymane przez Ciebie opony nie spe\u0142niaj\u0105 Twoich oczekiwa\u0144 masz mo\u017cliwo\u015b\u0107 zwrotu lub wymiany nieu\u017cywanego (niemontowanego) ogumienia.<\/p>\n<\/div>\n<\/div>\n<\/div>\n<div style=\"clear: both; display: block; margin: 10px 0;\">\n<div style=\"clear: both; display: block; margin: 10px 0;\">\n<div style=\"clear: both; display: block; margin: 10px 0;\">\n<div  style=\"max-width:2204px;max-height:1173px\">\n<div style=\"clear: both; display: block; margin: 10px 0;\">\n<div style=\"clear: both; width: 100%; display: block; margin: 20px 0; padding: 0; float: none; position: static; text-align: center;\"><img decoding=\"async\"  src=\"https:\/\/a.allegroimg.com\/original\/11428d\/5296316c471cbbcd4938094ab0f4\/2x-MICHELIN-245-60R18-105H-CrossClimate-SUV-caloroczne-2024-r-Waga-produktu-z-opakowaniem-jednostkowym-27-92-kg\" srcset=\"https:\/\/a.allegroimg.com\/original\/11428d\/5296316c471cbbcd4938094ab0f4\/2x-MICHELIN-245-60R18-105H-CrossClimate-SUV-caloroczne-2024-r-Waga-produktu-z-opakowaniem-jednostkowym-27-92-kg 360w,https:\/\/a.allegroimg.com\/original\/11428d\/5296316c471cbbcd4938094ab0f4\/2x-MICHELIN-245-60R18-105H-CrossClimate-SUV-caloroczne-2024-r-Waga-produktu-z-opakowaniem-jednostkowym-27-92-kg 720w,https:\/\/a.allegroimg.com\/original\/11428d\/5296316c471cbbcd4938094ab0f4\/2x-MICHELIN-245-60R18-105H-CrossClimate-SUV-caloroczne-2024-r-Waga-produktu-z-opakowaniem-jednostkowym-27-92-kg 1024w,https:\/\/a.allegroimg.com\/original\/11428d\/5296316c471cbbcd4938094ab0f4\/2x-MICHELIN-245-60R18-105H-CrossClimate-SUV-caloroczne-2024-r-Waga-produktu-z-opakowaniem-jednostkowym-27-92-kg 1440w,https:\/\/a.allegroimg.com\/original\/11428d\/5296316c471cbbcd4938094ab0f4\/2x-MICHELIN-245-60R18-105H-CrossClimate-SUV-caloroczne-2024-r-Waga-produktu-z-opakowaniem-jednostkowym-27-92-kg 2204w\" sizes=\"(min-width: 1200px) 560px, (min-width: 992px) 50vw, 100vw\" width=\"2204px\" alt=\"2x MICHELIN 245\/60R18 105H CrossClimate SUV ca\u0142oroczne 2024 r Waga produktu z opakowaniem jednostkowym 27.92 kg\"\/ style=\"max-width: 100%; height: auto; display: block; margin: 0 auto;\"><\/div>\n<\/div>\n<\/div>\n<\/div>\n<\/div>\n<div style=\"clear: both; display: block; margin: 10px 0;\">\n<div style=\"clear: both; display: block; margin: 10px 0;\">\n<h1>Michelin<\/h1>\n<p style=\"margin: 15px 0; line-height: 1.8; clear: both; display: block; width: 100%; float: none; position: static;\">Aby zapewni\u0107 jak najwi\u0119ksze bezpiecze\u0144stwo prowadzenia pojazd\u00f3w i osi\u0105gi opon, firma Michelin zaleca stosowanie opon samochodowych o jednakowym stopniu zu\u017cycia na jednej osi.<\/p>\n<p>Grupa Michelin jest liderem technologicznym \u015bwiatowej bran\u017cy opon. Firma produkuje, sprzedaje i promuje produkty, us\u0142ugi oraz serwisy w dziedzinie mobilno\u015bci. Michelin to producent opon do samochod\u00f3w osobowych, ci\u0119\u017carowych, sprz\u0119tu rolniczego i budowlanego, samolot\u00f3w, motocykli i rower\u00f3w, a tak\u017ce przewodnik\u00f3w, map, atlas\u00f3w i us\u0142ug digitalowych  <\/p>\n<p>Siedzib\u0105 Grupy jest Clermont-Ferrand we Francji. Firma zatrudnia na \u015bwiecie ponad 123,600 tys. os\u00f3b i jest obecna w 170 krajach. Michelin ma 71 zak\u0142ad\u00f3w produkcyjnych, kt\u00f3re w 2020 r. \u0142\u0105cznie wyprodukowa\u0142y oko\u0142o 170 mln opon. W Polsce Grupa Michelin ma fabryk\u0119 opon w Olsztynie oraz Dyrekcj\u0119 Handlow\u0105 w Warszawie.<\/p>\n<\/div>\n<\/div>\n<\/div>\n<\/div>\n<\/div>\n<\/div>\n<div style=\"clear: both; display: block; margin: 10px 0;\">\n","protected":false},"excerpt":{"rendered":"<p>Rok produkcji: 2024<\/p>\n<p>MICHELIN CrossClimate SUV 245\/60R18 105H<\/p>\n<p>E435AC<\/p>\n<p>Data produkcji : 2024<\/p>\n<p>Hamowanie na mokrej nawierzchni : B<\/p>\n<p>Indeks : 245\/60R18 CTMI 105H CRCS<\/p>\n<p>Indeks no\u015bno\u015bci : 105<\/p>\n<p>Indeks pr\u0119dko\u015bci : H &#8211; 210 km\/h<\/p>\n","protected":false},"featured_media":12373,"template":"","meta":{"_uag_custom_page_level_css":""},"product_brand":[429],"product_cat":[416,414,413,412],"product_tag":[],"class_list":{"0":"post-12372","1":"product","2":"type-product","3":"status-publish","4":"has-post-thumbnail","6":"product_brand-michelin","7":"product_cat-caloroczne","8":"product_cat-do-samochodow-osobowych-i-suv","9":"product_cat-opony","10":"product_cat-opony-i-felgi","12":"first","13":"instock","14":"shipping-taxable","15":"purchasable","16":"product-type-simple"},"uagb_featured_image_src":{"full":["https:\/\/oponixo.shop\/tire\/wp-content\/uploads\/2026\/01\/allegro-image-12372.jpg",1200,1126,false],"thumbnail":["https:\/\/oponixo.shop\/tire\/wp-content\/uploads\/2026\/01\/allegro-image-12372-150x150.jpg",150,150,true],"medium":["https:\/\/oponixo.shop\/tire\/wp-content\/uploads\/2026\/01\/allegro-image-12372-300x282.jpg",300,282,true],"medium_large":["https:\/\/oponixo.shop\/tire\/wp-content\/uploads\/2026\/01\/allegro-image-12372-768x721.jpg",768,721,true],"large":["https:\/\/oponixo.shop\/tire\/wp-content\/uploads\/2026\/01\/allegro-image-12372-1024x961.jpg",1024,961,true],"1536x1536":["https:\/\/oponixo.shop\/tire\/wp-content\/uploads\/2026\/01\/allegro-image-12372.jpg",1200,1126,false],"2048x2048":["https:\/\/oponixo.shop\/tire\/wp-content\/uploads\/2026\/01\/allegro-image-12372.jpg",1200,1126,false],"woocommerce_thumbnail":["https:\/\/oponixo.shop\/tire\/wp-content\/uploads\/2026\/01\/allegro-image-12372-300x300.jpg",300,300,true],"woocommerce_single":["https:\/\/oponixo.shop\/tire\/wp-content\/uploads\/2026\/01\/allegro-image-12372-600x563.jpg",600,563,true],"woocommerce_gallery_thumbnail":["https:\/\/oponixo.shop\/tire\/wp-content\/uploads\/2026\/01\/allegro-image-12372-100x100.jpg",100,100,true]},"uagb_author_info":{"display_name":"admin","author_link":"https:\/\/oponixo.shop\/tire\/author\/"},"uagb_comment_info":0,"uagb_excerpt":"Rok produkcji: 2024 MICHELIN CrossClimate SUV 245\/60R18 105H E435AC Data produkcji : 2024 Hamowanie na mokrej nawierzchni : B Indeks : 245\/60R18 CTMI 105H CRCS Indeks no\u015bno\u015bci : 105 Indeks pr\u0119dko\u015bci : H - 210 km\/h","_links":{"self":[{"href":"https:\/\/oponixo.shop\/tire\/wp-json\/wp\/v2\/product\/12372","targetHints":{"allow":["GET"]}}],"collection":[{"href":"https:\/\/oponixo.shop\/tire\/wp-json\/wp\/v2\/product"}],"about":[{"href":"https:\/\/oponixo.shop\/tire\/wp-json\/wp\/v2\/types\/product"}],"wp:featuredmedia":[{"embeddable":true,"href":"https:\/\/oponixo.shop\/tire\/wp-json\/wp\/v2\/media\/12373"}],"wp:attachment":[{"href":"https:\/\/oponixo.shop\/tire\/wp-json\/wp\/v2\/media?parent=12372"}],"wp:term":[{"taxonomy":"product_brand","embeddable":true,"href":"https:\/\/oponixo.shop\/tire\/wp-json\/wp\/v2\/product_brand?post=12372"},{"taxonomy":"product_cat","embeddable":true,"href":"https:\/\/oponixo.shop\/tire\/wp-json\/wp\/v2\/product_cat?post=12372"},{"taxonomy":"product_tag","embeddable":true,"href":"https:\/\/oponixo.shop\/tire\/wp-json\/wp\/v2\/product_tag?post=12372"}],"curies":[{"name":"wp","href":"https:\/\/api.w.org\/{rel}","templated":true}]}}