{"id":12378,"date":"2026-01-03T20:28:15","date_gmt":"2026-01-03T19:28:15","guid":{"rendered":"https:\/\/oponyexpert.shop\/xef5\/produkt\/2x-nexen-winguard-sport-3-245-60r18-105h\/"},"modified":"2026-01-03T20:28:16","modified_gmt":"2026-01-03T19:28:16","slug":"2x-nexen-winguard-sport-3-245-60r18-105h","status":"publish","type":"product","link":"https:\/\/oponixo.shop\/tire\/produkt\/2x-nexen-winguard-sport-3-245-60r18-105h\/","title":{"rendered":"2x Nexen WINGUARD Sport 3 245\/60R18 105H"},"content":{"rendered":"<div style=\"font-family: Arial, sans-serif; line-height: 1.6; color: #333; padding: 20px; clear: both; display: block; width: 100%; float: none; position: static; overflow: hidden;\">\n<div style=\"clear: both; display: block; margin: 10px 0;\">\n<div style=\"clear: both; display: block; margin: 10px 0;\">\n<div style=\"clear: both; display: block; margin: 10px 0;\">\n<h1>2x nowe opony zimowe NEXEN WINGUARD SPORT 3 245\/60R18 105H<\/h1>\n<p style=\"margin: 15px 0; line-height: 1.8; clear: both; display: block; width: 100%; float: none; position: static;\">Cechy produktu<\/p>\n<ul style=\"margin: 15px 0; padding-left: 20px; clear: both; display: block; width: 100%; float: none; position: static;\">\n<li style=\"margin: 5px 0; padding: 2px 0; clear: both; display: list-item; float: none; position: static;\">Marka: Nexen<\/li>\n<li style=\"margin: 5px 0; padding: 2px 0; clear: both; display: list-item; float: none; position: static;\">Model: WINGUARD Sport 3<\/li>\n<li style=\"margin: 5px 0; padding: 2px 0; clear: both; display: list-item; float: none; position: static;\">Szeroko\u015b\u0107\/profil\/\u015brednica: 245\/60R18<\/li>\n<li style=\"margin: 5px 0; padding: 2px 0; clear: both; display: list-item; float: none; position: static;\">Indeks no\u015bno\u015bci: do 105 (925 kg na opon\u0119)<\/li>\n<li style=\"margin: 5px 0; padding: 2px 0; clear: both; display: list-item; float: none; position: static;\">Indeks pr\u0119dko\u015bci: H (do 210 km\/h)<\/li>\n<li style=\"margin: 5px 0; padding: 2px 0; clear: both; display: list-item; float: none; position: static;\">Sezon: zimowe<\/li>\n<li style=\"margin: 5px 0; padding: 2px 0; clear: both; display: list-item; float: none; position: static;\">Typ pojazdu: 4&#215;4<\/li>\n<li style=\"margin: 5px 0; padding: 2px 0; clear: both; display: list-item; float: none; position: static;\">Klasa energetyczna: C<\/li>\n<li style=\"margin: 5px 0; padding: 2px 0; clear: both; display: list-item; float: none; position: static;\">Klasa przyczepno\u015bci: C<\/li>\n<li style=\"margin: 5px 0; padding: 2px 0; clear: both; display: list-item; float: none; position: static;\">Poziom ha\u0142asu: 72<\/li>\n<li style=\"margin: 5px 0; padding: 2px 0; clear: both; display: list-item; float: none; position: static;\">Klasa ha\u0142asu: B<\/li>\n<li style=\"margin: 5px 0; padding: 2px 0; clear: both; display: list-item; float: none; position: static;\">Rok produkcji: 2024\/2025<\/li>\n<\/ul>\n<\/div>\n<\/div>\n<div style=\"clear: both; display: block; margin: 10px 0;\">\n<div style=\"clear: both; display: block; margin: 10px 0;\">\n<div  style=\"max-width:567px;max-height:800px\">\n<div style=\"clear: both; display: block; margin: 10px 0;\">\n<div style=\"clear: both; width: 100%; display: block; margin: 20px 0; padding: 0; float: none; position: static; text-align: center;\"><img decoding=\"async\"  src=\"https:\/\/a.allegroimg.com\/original\/112ba8\/11b03b2f4088bdead3c97c5acb34\/2x-Nexen-WINGUARD-Sport-3-245-60R18-105H\" srcset=\"https:\/\/a.allegroimg.com\/original\/112ba8\/11b03b2f4088bdead3c97c5acb34\/2x-Nexen-WINGUARD-Sport-3-245-60R18-105H 255w,https:\/\/a.allegroimg.com\/original\/112ba8\/11b03b2f4088bdead3c97c5acb34\/2x-Nexen-WINGUARD-Sport-3-245-60R18-105H 510w,https:\/\/a.allegroimg.com\/original\/112ba8\/11b03b2f4088bdead3c97c5acb34\/2x-Nexen-WINGUARD-Sport-3-245-60R18-105H 567w,https:\/\/a.allegroimg.com\/original\/112ba8\/11b03b2f4088bdead3c97c5acb34\/2x-Nexen-WINGUARD-Sport-3-245-60R18-105H 567w\" sizes=\"(min-width: 1200px) 560px, (min-width: 992px) 50vw, 100vw\" width=\"567px\" alt=\"2x Nexen WINGUARD Sport 3 245\/60R18 105H\"\/ style=\"max-width: 100%; height: auto; display: block; margin: 0 auto;\"><\/div>\n<\/div>\n<\/div>\n<\/div>\n<\/div>\n<\/div>\n<div style=\"clear: both; display: block; margin: 10px 0;\">\n<div style=\"clear: both; display: block; margin: 10px 0;\">\n<div style=\"clear: both; display: block; margin: 10px 0;\">\n<div  style=\"max-width:212px;max-height:305px\">\n<div style=\"clear: both; display: block; margin: 10px 0;\">\n<div style=\"clear: both; width: 100%; display: block; margin: 20px 0; padding: 0; float: none; position: static; text-align: center;\"><img decoding=\"async\"  src=\"https:\/\/a.allegroimg.com\/original\/11e8ed\/8fce32b74293a15976c22ecc1450\/2x-Nexen-WINGUARD-Sport-3-245-60R18-105H-Liczba-opon-w-ofercie-2-szt\" srcset=\"https:\/\/a.allegroimg.com\/original\/11e8ed\/8fce32b74293a15976c22ecc1450\/2x-Nexen-WINGUARD-Sport-3-245-60R18-105H-Liczba-opon-w-ofercie-2-szt 212w,https:\/\/a.allegroimg.com\/original\/11e8ed\/8fce32b74293a15976c22ecc1450\/2x-Nexen-WINGUARD-Sport-3-245-60R18-105H-Liczba-opon-w-ofercie-2-szt 212w\" sizes=\"(min-width: 1200px) 560px, (min-width: 992px) 50vw, 100vw\" width=\"212px\" alt=\"2x Nexen WINGUARD Sport 3 245\/60R18 105H Liczba opon w ofercie 2 szt.\"\/ style=\"max-width: 100%; height: auto; display: block; margin: 0 auto;\"><\/div>\n<\/div>\n<\/div>\n<\/div>\n<\/div>\n<div style=\"clear: both; display: block; margin: 10px 0;\">\n<div style=\"clear: both; display: block; margin: 10px 0;\">\n<div  style=\"max-width:737px;max-height:478px\">\n<div style=\"clear: both; display: block; margin: 10px 0;\">\n<div style=\"clear: both; width: 100%; display: block; margin: 20px 0; padding: 0; float: none; position: static; text-align: center;\"><img decoding=\"async\"  src=\"https:\/\/a.allegroimg.com\/original\/1161f9\/a11de34b4ac6b33dae367a360b14\/2x-Nexen-WINGUARD-Sport-3-245-60R18-105H-Marka-Nexen\" srcset=\"https:\/\/a.allegroimg.com\/original\/1161f9\/a11de34b4ac6b33dae367a360b14\/2x-Nexen-WINGUARD-Sport-3-245-60R18-105H-Marka-Nexen 360w,https:\/\/a.allegroimg.com\/original\/1161f9\/a11de34b4ac6b33dae367a360b14\/2x-Nexen-WINGUARD-Sport-3-245-60R18-105H-Marka-Nexen 720w,https:\/\/a.allegroimg.com\/original\/1161f9\/a11de34b4ac6b33dae367a360b14\/2x-Nexen-WINGUARD-Sport-3-245-60R18-105H-Marka-Nexen 737w,https:\/\/a.allegroimg.com\/original\/1161f9\/a11de34b4ac6b33dae367a360b14\/2x-Nexen-WINGUARD-Sport-3-245-60R18-105H-Marka-Nexen 737w\" sizes=\"(min-width: 1200px) 560px, (min-width: 992px) 50vw, 100vw\" width=\"737px\" alt=\"2x Nexen WINGUARD Sport 3 245\/60R18 105H Marka Nexen\"\/ style=\"max-width: 100%; height: auto; display: block; margin: 0 auto;\"><\/div>\n<\/div>\n<\/div>\n<\/div>\n<\/div>\n<\/div>\n<div style=\"clear: both; display: block; margin: 10px 0;\">\n<div style=\"clear: both; display: block; margin: 10px 0;\">\n<div style=\"clear: both; display: block; margin: 10px 0;\">\n<p style=\"margin: 15px 0; line-height: 1.8; clear: both; display: block; width: 100%; float: none; position: static;\">Nexen to po\u0142udniowokorea\u0144ska marka ciesz\u0105ca si\u0119 coraz wi\u0119kszym zainteresowaniem w\u015br\u00f3d kierowc\u00f3w na ca\u0142ym \u015bwiecie. Opony bardzo dobrej jako\u015bci w przyst\u0119pnej cenie ciesz\u0105 si\u0119 coraz wi\u0119kszym uznaniem na ca\u0142ym \u015bwiecie, w tym tak\u017ce w Polsce. Opony Nexen znane s\u0105 w 120 krajach na ca\u0142ym \u015bwiecie, a w ofercie producenta mo\u017cna znale\u017a\u0107 opony do aut osobowych, 4&#215;4 i SUV oraz dostawczych. Zak\u0142ady produkcyjne Nexena zlokalizowane s\u0105 w Korei Po\u0142udniowej oraz kilku innych krajach azjatyckich<\/p>\n<\/div>\n<\/div>\n<\/div>\n<\/div>\n<\/div>\n<\/div>\n<div style=\"clear: both; display: block; margin: 10px 0;\">\n","protected":false},"excerpt":{"rendered":"<p>2x nowe opony zimowe NEXEN WINGUARD SPORT 3 245\/60R18 105H<\/p>\n<p>Cechy produktu<\/p>\n<p>Marka: Nexen<\/p>\n<p>Model: WINGUARD Sport 3<\/p>\n<p>Szeroko\u015b\u0107\/profil\/\u015brednica: 245\/60R18<\/p>\n<p>Indeks no\u015bno\u015bci: do 105 (925 kg na opon\u0119)<\/p>\n<p>Indeks pr\u0119dko\u015bci: H (do 210 km\/h)<\/p>\n<p>Sezon: zimowe<\/p>\n","protected":false},"featured_media":12379,"template":"","meta":{"_uag_custom_page_level_css":""},"product_brand":[392],"product_cat":[414,413,412,415],"product_tag":[],"class_list":{"0":"post-12378","1":"product","2":"type-product","3":"status-publish","4":"has-post-thumbnail","6":"product_brand-nexen","7":"product_cat-do-samochodow-osobowych-i-suv","8":"product_cat-opony","9":"product_cat-opony-i-felgi","10":"product_cat-zimowe","12":"first","13":"instock","14":"shipping-taxable","15":"purchasable","16":"product-type-simple"},"uagb_featured_image_src":{"full":["https:\/\/oponixo.shop\/tire\/wp-content\/uploads\/2026\/01\/allegro-image-12378.jpg",567,800,false],"thumbnail":["https:\/\/oponixo.shop\/tire\/wp-content\/uploads\/2026\/01\/allegro-image-12378-150x150.jpg",150,150,true],"medium":["https:\/\/oponixo.shop\/tire\/wp-content\/uploads\/2026\/01\/allegro-image-12378-213x300.jpg",213,300,true],"medium_large":["https:\/\/oponixo.shop\/tire\/wp-content\/uploads\/2026\/01\/allegro-image-12378.jpg",567,800,false],"large":["https:\/\/oponixo.shop\/tire\/wp-content\/uploads\/2026\/01\/allegro-image-12378.jpg",567,800,false],"1536x1536":["https:\/\/oponixo.shop\/tire\/wp-content\/uploads\/2026\/01\/allegro-image-12378.jpg",567,800,false],"2048x2048":["https:\/\/oponixo.shop\/tire\/wp-content\/uploads\/2026\/01\/allegro-image-12378.jpg",567,800,false],"woocommerce_thumbnail":["https:\/\/oponixo.shop\/tire\/wp-content\/uploads\/2026\/01\/allegro-image-12378-300x300.jpg",300,300,true],"woocommerce_single":["https:\/\/oponixo.shop\/tire\/wp-content\/uploads\/2026\/01\/allegro-image-12378.jpg",567,800,false],"woocommerce_gallery_thumbnail":["https:\/\/oponixo.shop\/tire\/wp-content\/uploads\/2026\/01\/allegro-image-12378-100x100.jpg",100,100,true]},"uagb_author_info":{"display_name":"admin","author_link":"https:\/\/oponixo.shop\/tire\/author\/"},"uagb_comment_info":0,"uagb_excerpt":"2x nowe opony zimowe NEXEN WINGUARD SPORT 3 245\/60R18 105H Cechy produktu Marka: Nexen Model: WINGUARD Sport 3 Szeroko\u015b\u0107\/profil\/\u015brednica: 245\/60R18 Indeks no\u015bno\u015bci: do 105 (925 kg na opon\u0119) Indeks pr\u0119dko\u015bci: H (do 210 km\/h) Sezon: zimowe","_links":{"self":[{"href":"https:\/\/oponixo.shop\/tire\/wp-json\/wp\/v2\/product\/12378","targetHints":{"allow":["GET"]}}],"collection":[{"href":"https:\/\/oponixo.shop\/tire\/wp-json\/wp\/v2\/product"}],"about":[{"href":"https:\/\/oponixo.shop\/tire\/wp-json\/wp\/v2\/types\/product"}],"wp:featuredmedia":[{"embeddable":true,"href":"https:\/\/oponixo.shop\/tire\/wp-json\/wp\/v2\/media\/12379"}],"wp:attachment":[{"href":"https:\/\/oponixo.shop\/tire\/wp-json\/wp\/v2\/media?parent=12378"}],"wp:term":[{"taxonomy":"product_brand","embeddable":true,"href":"https:\/\/oponixo.shop\/tire\/wp-json\/wp\/v2\/product_brand?post=12378"},{"taxonomy":"product_cat","embeddable":true,"href":"https:\/\/oponixo.shop\/tire\/wp-json\/wp\/v2\/product_cat?post=12378"},{"taxonomy":"product_tag","embeddable":true,"href":"https:\/\/oponixo.shop\/tire\/wp-json\/wp\/v2\/product_tag?post=12378"}],"curies":[{"name":"wp","href":"https:\/\/api.w.org\/{rel}","templated":true}]}}