{"id":12384,"date":"2026-01-03T20:28:17","date_gmt":"2026-01-03T19:28:17","guid":{"rendered":"https:\/\/oponyexpert.shop\/xef5\/produkt\/2x-245-60r18-pirelli-ice-zero-109h-fr-xl\/"},"modified":"2026-01-03T20:28:17","modified_gmt":"2026-01-03T19:28:17","slug":"2x-245-60r18-pirelli-ice-zero-109h-fr-xl","status":"publish","type":"product","link":"https:\/\/oponixo.shop\/tire\/produkt\/2x-245-60r18-pirelli-ice-zero-109h-fr-xl\/","title":{"rendered":"2x 245\/60R18 Pirelli ICE ZERO 109H FR XL"},"content":{"rendered":"<div style=\"font-family: Arial, sans-serif; line-height: 1.6; color: #333; padding: 20px; clear: both; display: block; width: 100%; float: none; position: static; overflow: hidden;\">\n<div style=\"clear: both; display: block; margin: 10px 0;\">\n<div style=\"clear: both; display: block; margin: 10px 0;\">\n<div style=\"clear: both; display: block; margin: 10px 0;\">\n<h1>2x 245\/60R18 Pirelli ICE ZERO 109H FR XL zima<\/h1>\n<\/div>\n<\/div>\n<\/div>\n<div style=\"clear: both; display: block; margin: 10px 0;\">\n<div style=\"clear: both; display: block; margin: 10px 0;\">\n<div style=\"clear: both; display: block; margin: 10px 0;\">\n<div  style=\"max-width:800px;max-height:800px\">\n<div style=\"clear: both; display: block; margin: 10px 0;\">\n<div style=\"clear: both; width: 100%; display: block; margin: 20px 0; padding: 0; float: none; position: static; text-align: center;\"><img decoding=\"async\"  src=\"https:\/\/a.allegroimg.com\/original\/11e577\/b827b6224d0d98f80ac80ec39cff\/2x-245-60R18-Pirelli-ICE-ZERO-109H-FR-XL\" srcset=\"https:\/\/a.allegroimg.com\/original\/11e577\/b827b6224d0d98f80ac80ec39cff\/2x-245-60R18-Pirelli-ICE-ZERO-109H-FR-XL 360w,https:\/\/a.allegroimg.com\/original\/11e577\/b827b6224d0d98f80ac80ec39cff\/2x-245-60R18-Pirelli-ICE-ZERO-109H-FR-XL 720w,https:\/\/a.allegroimg.com\/original\/11e577\/b827b6224d0d98f80ac80ec39cff\/2x-245-60R18-Pirelli-ICE-ZERO-109H-FR-XL 800w,https:\/\/a.allegroimg.com\/original\/11e577\/b827b6224d0d98f80ac80ec39cff\/2x-245-60R18-Pirelli-ICE-ZERO-109H-FR-XL 800w\" sizes=\"(min-width: 1200px) 560px, (min-width: 992px) 50vw, 100vw\" width=\"800px\" alt=\"2x 245\/60R18 Pirelli ICE ZERO 109H FR XL\"\/ style=\"max-width: 100%; height: auto; display: block; margin: 0 auto;\"><\/div>\n<\/div>\n<\/div>\n<\/div>\n<\/div>\n<div style=\"clear: both; display: block; margin: 10px 0;\">\n<div style=\"clear: both; display: block; margin: 10px 0;\">\n<ul style=\"margin: 15px 0; padding-left: 20px; clear: both; display: block; width: 100%; float: none; position: static;\">\n<li style=\"margin: 5px 0; padding: 2px 0; clear: both; display: list-item; float: none; position: static;\"><b>Liczba opon w ofercie:<\/b> 2 szt.<\/li>\n<li style=\"margin: 5px 0; padding: 2px 0; clear: both; display: list-item; float: none; position: static;\"><b>Stan: <\/b>Nowy<\/li>\n<li style=\"margin: 5px 0; padding: 2px 0; clear: both; display: list-item; float: none; position: static;\"><b>Profil: <\/b>60<\/li>\n<li style=\"margin: 5px 0; padding: 2px 0; clear: both; display: list-item; float: none; position: static;\"><b>\u015arednica: <\/b>18<\/li>\n<li style=\"margin: 5px 0; padding: 2px 0; clear: both; display: list-item; float: none; position: static;\"><b>Szeroko\u015b\u0107: <\/b>245<\/li>\n<li style=\"margin: 5px 0; padding: 2px 0; clear: both; display: list-item; float: none; position: static;\"><b>Marka: <\/b>PIRELLI<\/li>\n<li style=\"margin: 5px 0; padding: 2px 0; clear: both; display: list-item; float: none; position: static;\"><b>Model: <\/b>ICE ZERO<\/li>\n<li style=\"margin: 5px 0; padding: 2px 0; clear: both; display: list-item; float: none; position: static;\"><b>Sezon:<\/b> zima<\/li>\n<li style=\"margin: 5px 0; padding: 2px 0; clear: both; display: list-item; float: none; position: static;\"><b>Indeks no\u015bno\u015bci:<\/b> 109<\/li>\n<li style=\"margin: 5px 0; padding: 2px 0; clear: both; display: list-item; float: none; position: static;\"><b>Indeks pr\u0119dko\u015bci:<\/b> H<\/li>\n<li style=\"margin: 5px 0; padding: 2px 0; clear: both; display: list-item; float: none; position: static;\"><b>Rok produkcji (DOT):<\/b> 2019<\/li>\n<li style=\"margin: 5px 0; padding: 2px 0; clear: both; display: list-item; float: none; position: static;\"><b>Ha\u0142as zewn\u0119trzny:<\/b> dB<\/li>\n<li style=\"margin: 5px 0; padding: 2px 0; clear: both; display: list-item; float: none; position: static;\"><b>Op\u00f3r toczenia:<\/b> <\/li>\n<li style=\"margin: 5px 0; padding: 2px 0; clear: both; display: list-item; float: none; position: static;\"><b>Przyczepno\u015b\u0107 na mokrej nawierzchni:<\/b> <\/li>\n<li style=\"margin: 5px 0; padding: 2px 0; clear: both; display: list-item; float: none; position: static;\"><b>Dodatkowe oznaczenia opony: <\/b>XL, FR<\/li>\n<li style=\"margin: 5px 0; padding: 2px 0; clear: both; display: list-item; float: none; position: static;\"><b>Informacje dodatkowe: <\/b><\/li>\n<\/ul>\n<\/div>\n<\/div>\n<\/div>\n<div style=\"clear: both; display: block; margin: 10px 0;\">\n<div style=\"clear: both; display: block; margin: 10px 0;\">\n<div style=\"clear: both; display: block; margin: 10px 0;\">\n<h2>Opona 245\/60R18 PIRELLI ICE ZERO 109H FR XL<\/h2>\n<p style=\"margin: 15px 0; line-height: 1.8; clear: both; display: block; width: 100%; float: none; position: static;\">\nProducent opony<br \/>\n<b>PIRELLI<\/b><br \/>\nPrzeznaczenie<br \/>\n<b>OPONY 4&#215;4<br \/>\n<\/b><br \/>\nSezon<br \/>\n<b>OPONY ZIMOWE<br \/>\n<\/b><br \/>\nWymiary<br \/>\n<b>OPONA NA FELG\u0118 R18 CALI<\/b><br \/>\n, szeroko\u015b\u0107 245 mm<br \/>\n, profil 60<br \/>\nIndeks pr\u0119dko\u015bci<br \/>\nH co oznacza, \u017ce zgodnie z przepisami ruchu drogowego mo\u017cesz si\u0119 ni\u0105 porusza\u0107 z maksymaln\u0105 pr\u0119dko\u015bci\u0105 do 210km\/h<br \/>\nIndeks no\u015bno\u015bci<br \/>\n109<br \/>\nKlasa efektywno\u015bci energetycznej<br \/>\nbrak danych<br \/>\nHa\u0142as na zewn\u0105trz pojazdu<br \/>\nbrak danych<br \/>\nPrzyczepno\u015b\u0107 na mokrej nawierzchni<br \/>\nbrak danych<br \/>\nRok produkcji<br \/>\n2019 rok<br \/>\nStan opony<br \/>\n<b>&#8222;OLD DOT&#8221;<\/b> &#8211; jest to opona nowa, kt\u00f3ra w momencie zakupu posiada wi\u0119cej ni\u017c 36 miesi\u0119cy od daty wyprodukowania. Opona OLD DOT charakteryzuje si\u0119 wci\u0105\u017c doskona\u0142ymi parametrami jezdnymi niewiele odbiegaj\u0105cymi od opon ca\u0142kowicie nowych (je\u015bli w og\u00f3le). Opony takie pochodz\u0105 najcz\u0119\u015bciej z zapas\u00f3w magazynowych. Opony OLD DOT oferowane przez nas pochodz\u0105 jedynie z zamkni\u0119tych magazyn\u00f3w i nie by\u0142y nara\u017cone na dzia\u0142anie szkodliwych czynnik\u00f3w atmosferycznych. Jako\u015b oferowanych przez nas opon OLD DOT sygnowana jest przez pe\u0142n\u0105, 2-letni\u0105 gwarancj\u0119 naszego serwisu, kt\u00f3ra obejmuje wszystkie opony tego typu.\n<\/p>\n<p style=\"margin: 15px 0; line-height: 1.8; clear: both; display: block; width: 100%; float: none; position: static;\">Kup opony <b>245\/60R18 PIRELLI ICE ZERO 109H FR XL<\/b> w naszym sklepie internetowym<b> x-opony.pl<\/b> i skorzystaj z darmowej wysy\u0142ki!<\/p>\n<\/div>\n<\/div>\n<div style=\"clear: both; display: block; margin: 10px 0;\">\n<div style=\"clear: both; display: block; margin: 10px 0;\">\n<div  style=\"max-width:600px;max-height:200px\">\n<div style=\"clear: both; display: block; margin: 10px 0;\">\n<div style=\"clear: both; width: 100%; display: block; margin: 20px 0; padding: 0; float: none; position: static; text-align: center;\"><img decoding=\"async\"  src=\"https:\/\/a.allegroimg.com\/original\/11b260\/7200361c434a911117c5f9af9c8a\/2x-245-60R18-Pirelli-ICE-ZERO-109H-FR-XL-Liczba-opon-w-ofercie-2-szt\" srcset=\"https:\/\/a.allegroimg.com\/original\/11b260\/7200361c434a911117c5f9af9c8a\/2x-245-60R18-Pirelli-ICE-ZERO-109H-FR-XL-Liczba-opon-w-ofercie-2-szt 360w,https:\/\/a.allegroimg.com\/original\/11b260\/7200361c434a911117c5f9af9c8a\/2x-245-60R18-Pirelli-ICE-ZERO-109H-FR-XL-Liczba-opon-w-ofercie-2-szt 600w,https:\/\/a.allegroimg.com\/original\/11b260\/7200361c434a911117c5f9af9c8a\/2x-245-60R18-Pirelli-ICE-ZERO-109H-FR-XL-Liczba-opon-w-ofercie-2-szt 600w\" sizes=\"(min-width: 1200px) 560px, (min-width: 992px) 50vw, 100vw\" width=\"600px\" alt=\"2x 245\/60R18 Pirelli ICE ZERO 109H FR XL Liczba opon w ofercie 2 szt.\"\/ style=\"max-width: 100%; height: auto; display: block; margin: 0 auto;\"><\/div>\n<\/div>\n<\/div>\n<\/div>\n<\/div>\n<\/div>\n<\/div>\n<\/div>\n<\/div>\n<div style=\"clear: both; display: block; margin: 10px 0;\">\n","protected":false},"excerpt":{"rendered":"<p>2x 245\/60R18 Pirelli ICE ZERO 109H FR XL zima<\/p>\n<p>Liczba opon w ofercie: 2 szt.<\/p>\n<p>Stan: Nowy<\/p>\n<p>Profil: 60<\/p>\n<p>\u015arednica: 18<\/p>\n<p>Szeroko\u015b\u0107: 245<\/p>\n<p>Marka: PIRELLI<\/p>\n<p>Model: ICE ZERO<\/p>\n","protected":false},"featured_media":12385,"template":"","meta":{"_uag_custom_page_level_css":""},"product_brand":[433],"product_cat":[414,413,412,415],"product_tag":[],"class_list":{"0":"post-12384","1":"product","2":"type-product","3":"status-publish","4":"has-post-thumbnail","6":"product_brand-pirelli","7":"product_cat-do-samochodow-osobowych-i-suv","8":"product_cat-opony","9":"product_cat-opony-i-felgi","10":"product_cat-zimowe","12":"first","13":"instock","14":"shipping-taxable","15":"purchasable","16":"product-type-simple"},"uagb_featured_image_src":{"full":["https:\/\/oponixo.shop\/tire\/wp-content\/uploads\/2026\/01\/allegro-image-12384.jpg",800,800,false],"thumbnail":["https:\/\/oponixo.shop\/tire\/wp-content\/uploads\/2026\/01\/allegro-image-12384-150x150.jpg",150,150,true],"medium":["https:\/\/oponixo.shop\/tire\/wp-content\/uploads\/2026\/01\/allegro-image-12384-300x300.jpg",300,300,true],"medium_large":["https:\/\/oponixo.shop\/tire\/wp-content\/uploads\/2026\/01\/allegro-image-12384-768x768.jpg",768,768,true],"large":["https:\/\/oponixo.shop\/tire\/wp-content\/uploads\/2026\/01\/allegro-image-12384.jpg",800,800,false],"1536x1536":["https:\/\/oponixo.shop\/tire\/wp-content\/uploads\/2026\/01\/allegro-image-12384.jpg",800,800,false],"2048x2048":["https:\/\/oponixo.shop\/tire\/wp-content\/uploads\/2026\/01\/allegro-image-12384.jpg",800,800,false],"woocommerce_thumbnail":["https:\/\/oponixo.shop\/tire\/wp-content\/uploads\/2026\/01\/allegro-image-12384-300x300.jpg",300,300,true],"woocommerce_single":["https:\/\/oponixo.shop\/tire\/wp-content\/uploads\/2026\/01\/allegro-image-12384-600x600.jpg",600,600,true],"woocommerce_gallery_thumbnail":["https:\/\/oponixo.shop\/tire\/wp-content\/uploads\/2026\/01\/allegro-image-12384-100x100.jpg",100,100,true]},"uagb_author_info":{"display_name":"admin","author_link":"https:\/\/oponixo.shop\/tire\/author\/"},"uagb_comment_info":0,"uagb_excerpt":"2x 245\/60R18 Pirelli ICE ZERO 109H FR XL zima Liczba opon w ofercie: 2 szt. Stan: Nowy Profil: 60 \u015arednica: 18 Szeroko\u015b\u0107: 245 Marka: PIRELLI Model: ICE ZERO","_links":{"self":[{"href":"https:\/\/oponixo.shop\/tire\/wp-json\/wp\/v2\/product\/12384","targetHints":{"allow":["GET"]}}],"collection":[{"href":"https:\/\/oponixo.shop\/tire\/wp-json\/wp\/v2\/product"}],"about":[{"href":"https:\/\/oponixo.shop\/tire\/wp-json\/wp\/v2\/types\/product"}],"wp:featuredmedia":[{"embeddable":true,"href":"https:\/\/oponixo.shop\/tire\/wp-json\/wp\/v2\/media\/12385"}],"wp:attachment":[{"href":"https:\/\/oponixo.shop\/tire\/wp-json\/wp\/v2\/media?parent=12384"}],"wp:term":[{"taxonomy":"product_brand","embeddable":true,"href":"https:\/\/oponixo.shop\/tire\/wp-json\/wp\/v2\/product_brand?post=12384"},{"taxonomy":"product_cat","embeddable":true,"href":"https:\/\/oponixo.shop\/tire\/wp-json\/wp\/v2\/product_cat?post=12384"},{"taxonomy":"product_tag","embeddable":true,"href":"https:\/\/oponixo.shop\/tire\/wp-json\/wp\/v2\/product_tag?post=12384"}],"curies":[{"name":"wp","href":"https:\/\/api.w.org\/{rel}","templated":true}]}}