{"id":12412,"date":"2026-01-03T20:28:25","date_gmt":"2026-01-03T19:28:25","guid":{"rendered":"https:\/\/oponyexpert.shop\/xef5\/produkt\/2x-nexen-165-55r15-75t-nblue-4season-caloroczne-2024-r\/"},"modified":"2026-01-03T20:28:25","modified_gmt":"2026-01-03T19:28:25","slug":"2x-nexen-165-55r15-75t-nblue-4season-caloroczne-2024-r","status":"publish","type":"product","link":"https:\/\/oponixo.shop\/tire\/produkt\/2x-nexen-165-55r15-75t-nblue-4season-caloroczne-2024-r\/","title":{"rendered":"2x NEXEN 165\/55R15 75T N&apos;Blue 4Season ca\u0142oroczne 2024 r"},"content":{"rendered":"<div style=\"font-family: Arial, sans-serif; line-height: 1.6; color: #333; padding: 20px; clear: both; display: block; width: 100%; float: none; position: static; overflow: hidden;\">\n<div style=\"clear: both; display: block; margin: 10px 0;\">\n<div style=\"clear: both; display: block; margin: 10px 0;\">\n<div style=\"clear: both; display: block; margin: 10px 0;\">\n<h1>Rok produkcji: 2024<\/h1>\n<\/div>\n<\/div>\n<\/div>\n<div style=\"clear: both; display: block; margin: 10px 0;\">\n<div style=\"clear: both; display: block; margin: 10px 0;\">\n<div style=\"clear: both; display: block; margin: 10px 0;\">\n<div  style=\"max-width:1200px;max-height:1126px\">\n<div style=\"clear: both; display: block; margin: 10px 0;\">\n<div style=\"clear: both; width: 100%; display: block; margin: 20px 0; padding: 0; float: none; position: static; text-align: center;\"><img decoding=\"async\"  src=\"https:\/\/a.allegroimg.com\/original\/11eb7a\/153a894c448ab473f5c88f2f147d\/2x-NEXEN-165-55R15-75T-N-Blue-4Season-caloroczne-2024-r\" srcset=\"https:\/\/a.allegroimg.com\/original\/11eb7a\/153a894c448ab473f5c88f2f147d\/2x-NEXEN-165-55R15-75T-N-Blue-4Season-caloroczne-2024-r 360w,https:\/\/a.allegroimg.com\/original\/11eb7a\/153a894c448ab473f5c88f2f147d\/2x-NEXEN-165-55R15-75T-N-Blue-4Season-caloroczne-2024-r 720w,https:\/\/a.allegroimg.com\/original\/11eb7a\/153a894c448ab473f5c88f2f147d\/2x-NEXEN-165-55R15-75T-N-Blue-4Season-caloroczne-2024-r 1024w,https:\/\/a.allegroimg.com\/original\/11eb7a\/153a894c448ab473f5c88f2f147d\/2x-NEXEN-165-55R15-75T-N-Blue-4Season-caloroczne-2024-r 1200w,https:\/\/a.allegroimg.com\/original\/11eb7a\/153a894c448ab473f5c88f2f147d\/2x-NEXEN-165-55R15-75T-N-Blue-4Season-caloroczne-2024-r 1200w\" sizes=\"(min-width: 1200px) 560px, (min-width: 992px) 50vw, 100vw\" width=\"1200px\" alt=\"2x NEXEN 165\/55R15 75T N&#x27;Blue 4Season ca\u0142oroczne 2024 r\"\/ style=\"max-width: 100%; height: auto; display: block; margin: 0 auto;\"><\/div>\n<\/div>\n<\/div>\n<\/div>\n<\/div>\n<div style=\"clear: both; display: block; margin: 10px 0;\">\n<div style=\"clear: both; display: block; margin: 10px 0;\">\n<h1>NEXEN N&#8217;Blue 4Season 165\/55R15 75T<\/h1>\n<h2>G13B3T<\/h2>\n<ul style=\"margin: 15px 0; padding-left: 20px; clear: both; display: block; width: 100%; float: none; position: static;\">\n<li style=\"margin: 5px 0; padding: 2px 0; clear: both; display: list-item; float: none; position: static;\"><b>Data produkcji :<\/b> 2024<\/li>\n<li style=\"margin: 5px 0; padding: 2px 0; clear: both; display: list-item; float: none; position: static;\"><b>Indeks :<\/b> 165\/55R15 CONE 75T NB4S<\/li>\n<li style=\"margin: 5px 0; padding: 2px 0; clear: both; display: list-item; float: none; position: static;\"><b>Indeks no\u015bno\u015bci :<\/b> 75<\/li>\n<li style=\"margin: 5px 0; padding: 2px 0; clear: both; display: list-item; float: none; position: static;\"><b>Indeks pr\u0119dko\u015bci :<\/b> T &#8211; 190 km\/h<\/li>\n<li style=\"margin: 5px 0; padding: 2px 0; clear: both; display: list-item; float: none; position: static;\"><b>Karta informacyjna produktu :<\/b> https:\/\/eprel.ec.europa.eu\/qr\/1326026<\/li>\n<li style=\"margin: 5px 0; padding: 2px 0; clear: both; display: list-item; float: none; position: static;\"><b>Kl. efekt. paliwowej :<\/b> D<\/li>\n<li style=\"margin: 5px 0; padding: 2px 0; clear: both; display: list-item; float: none; position: static;\"><b>Kl. przycz. na mokrej naw. :<\/b> C<\/li>\n<li style=\"margin: 5px 0; padding: 2px 0; clear: both; display: list-item; float: none; position: static;\"><b>Kl. zew. ha\u0142asu tocz. :<\/b> B<\/li>\n<li style=\"margin: 5px 0; padding: 2px 0; clear: both; display: list-item; float: none; position: static;\"><b>Klasa opony :<\/b> \u015brednia<\/li>\n<li style=\"margin: 5px 0; padding: 2px 0; clear: both; display: list-item; float: none; position: static;\"><b>Kod EAN :<\/b> 8807622216275<\/li>\n<li style=\"margin: 5px 0; padding: 2px 0; clear: both; display: list-item; float: none; position: static;\"><b>Kod producenta :<\/b> 10396NXC<\/li>\n<li style=\"margin: 5px 0; padding: 2px 0; clear: both; display: list-item; float: none; position: static;\"><b>Model bie\u017cnika :<\/b> N&#8217;blue 4Season<\/li>\n<li style=\"margin: 5px 0; padding: 2px 0; clear: both; display: list-item; float: none; position: static;\"><b>Nazwa produktu :<\/b> NEXEN 165\/55R15 75T N&#8217;Blue 4Season ca\u0142oroczne<\/li>\n<li style=\"margin: 5px 0; padding: 2px 0; clear: both; display: list-item; float: none; position: static;\"><b>Producent :<\/b> NEXEN<\/li>\n<li style=\"margin: 5px 0; padding: 2px 0; clear: both; display: list-item; float: none; position: static;\"><b>Profil :<\/b> 55<\/li>\n<li style=\"margin: 5px 0; padding: 2px 0; clear: both; display: list-item; float: none; position: static;\"><b>Przeznaczenie :<\/b> samochody osobowe\/SUV\/crossover<\/li>\n<li style=\"margin: 5px 0; padding: 2px 0; clear: both; display: list-item; float: none; position: static;\"><b>Przyczepno\u015b\u0107 na lodzie :<\/b> Nie<\/li>\n<li style=\"margin: 5px 0; padding: 2px 0; clear: both; display: list-item; float: none; position: static;\"><b>Przyczepno\u015b\u0107 na \u015bniegu :<\/b> Tak<\/li>\n<li style=\"margin: 5px 0; padding: 2px 0; clear: both; display: list-item; float: none; position: static;\"><b>QR kod :<\/b> https:\/\/eprel.ec.europa.eu\/qr\/1326026<\/li>\n<li style=\"margin: 5px 0; padding: 2px 0; clear: both; display: list-item; float: none; position: static;\"><b>Sezon :<\/b> ca\u0142oroczna<\/li>\n<li style=\"margin: 5px 0; padding: 2px 0; clear: both; display: list-item; float: none; position: static;\"><b>\u015arednica :<\/b> 15&#8243;<\/li>\n<li style=\"margin: 5px 0; padding: 2px 0; clear: both; display: list-item; float: none; position: static;\"><b>Szeroko\u015b\u0107 :<\/b> 165<\/li>\n<li style=\"margin: 5px 0; padding: 2px 0; clear: both; display: list-item; float: none; position: static;\"><b>Wart. pom. i kl. zew. ha\u0142asu tocz. [dB] :<\/b> 71<\/li>\n<\/ul>\n<\/div>\n<\/div>\n<\/div>\n<div style=\"clear: both; display: block; margin: 10px 0;\">\n<div style=\"clear: both; display: block; margin: 10px 0;\">\n<div style=\"clear: both; display: block; margin: 10px 0;\">\n<p style=\"margin: 15px 0; line-height: 1.8; clear: both; display: block; width: 100%; float: none; position: static;\"> Kierunkowy bie\u017cnik Lepsza ochrona przed aquaplaningiem Stabilna i bezpieczna jazda przez ca\u0142y rok Nowoczesna mieszanka gumowa Nexen N&amp;#39;Blue 4 Season to opona ca\u0142oroczna klasy \u015bredniej produkowana dla samochod\u00f3w \u015brednich i kompaktowych. Bie\u017cnik o kierunkowej rze\u017abie powoduje, \u017ce opona Nexen N&amp;#39;Blue 4 Season doskonale sprawdza si\u0119 na mokrej nawierzchni i na \u015bniegu. Sprawnie odprowadza wod\u0119 sprzed czo\u0142a opony, chroni\u0105c lepiej pojazd przed wpadni\u0119ciem w po\u015blizg na mokrej drodze. Rowki poprzeczne znacznie poprawiaj\u0105 osuszanie opony. Zmniejszaj\u0105 one wyst\u0105pienie aquaplaningu i snowplaningu, tym samym zwi\u0119kszaj\u0105c bezpiecze\u0144stwo jazdy w trudnych warunkach atmosferycznych. Liczne naci\u0119cia na bie\u017cniku s\u0105 tak zoptymalizowane, aby opona dostosowywa\u0142a si\u0119 do ka\u017cdych warunk\u00f3w drogowych. G\u0119sta sie\u0107 lameli wewn\u0105trz bie\u017cnika wp\u0142ywaj\u0105 na lepsz\u0105 stabilno\u015b\u0107 jazdy na \u015bniegu, natomiast naci\u0119cia na zewn\u0119trznych blokach zwi\u0119kszaj\u0105 przyczepno\u015b\u0107 opony do nawierzchni praktycznie przez ca\u0142y rok. Wi\u0119ksza stabilno\u015b\u0107 blok\u00f3w bie\u017cnika zapewniaj\u0105 bezpieczn\u0105 jazd\u0119 i lepsz\u0105 trakcj\u0119 na mokrej nawierzchni. Lamele 3D znajduj\u0105ce si\u0119 w blokach opony Nexen N&amp;#39;Blue 4 Season zapewniaj\u0105 doskona\u0142\u0105 trakcj\u0119 na \u015bniegu, pozwalaj\u0105 tak\u017ce na zachowanie stabilno\u015bci jazdy podczas pokonywania zakr\u0119t\u00f3w na mokrej nawierzchni. Zoptymalizowany kszta\u0142t bie\u017cnika oraz nowoczesna mieszanka gumowa z du\u017c\u0105 zawarto\u015bci\u0105 krzemionki, gwarantuj\u0105 doskona\u0142\u0105 trakcj\u0119 w ka\u017cd\u0105 pogod\u0119 przez ca\u0142y rok. Opona Nexen N&amp;#39;Blue 4Season to znakomite rozwi\u0105zanie dla kierowc\u00f3w, kt\u00f3rzy poszukuj\u0105 wszechstronnej opony, zapewniaj\u0105cej wysoki poziom bezpiecze\u0144stwa i komfortu podr\u00f3\u017cowania. Niemiecki automobilklub ADAC w testach opon ca\u0142orocznych (175\/65 R14 &#8211; 2018) wskaza\u0142 opon\u0119 Nexen N&#8217;Blue 4 Season jako najlepsza opona wielosezonowa. Opona Nexen N&#8217;Blue 4 Season zaj\u0119\u0142a 1 miejsce w te\u015bcie pokonuj\u0105c opony innych marek klasy premium. Zosta\u0142a doceniona za dobre w\u0142a\u015bciwo\u015bci trakcyjne na \u015bniegu, na mokrej i \u015bliskiej nawierzchni, a tak\u017ce za ni\u017cszy wska\u017anik zu\u017cycia paliwa. FAQ Jakie s\u0105 g\u0142\u00f3wne zalety opon Nexen N&#8217;Blue 4 Season? Opony Nexen N&#8217;Blue 4 Season wyposa\u017cone s\u0105 w wielosezonowe lamele 3D, kt\u00f3re zapewniaj\u0105 odpowiedni\u0105 sztywno\u015b\u0107 bloku bez wzgl\u0119du na warunki atmosferyczne. Dodatkowo wyposa\u017cono je w rowki o 2 kszta\u0142tach: okr\u0105g\u0142ym oraz V, co wp\u0142ywa na \u015bwietnie w\u0142a\u015bciwo\u015bci odprowadzania wody, a tak\u017ce gwarantuje doskona\u0142\u0105 przyczepno\u015b\u0107 na b\u0142ocie i \u015bniegu. Jakie certyfikaty i atesty maj\u0105 opony Nexen N&#8217;Blue 4 Season? Opony Nexen N&#8217;Blue 4 Season uzyska\u0142y certyfikat Europejskiej Unii Celnej (ECE), kt\u00f3ry potwierdza, \u017ce spe\u0142niaj\u0105 wymagania unijnych przepis\u00f3w dotycz\u0105cych ogumienia. Maj\u0105 tak\u017ce oznaczenie M+S (Mud and Snow) oraz 3PMSF, co oznacza, \u017ce s\u0105 przystosowane do jazdy w warunkach zimowych. Opony te by\u0142y r\u00f3wnie\u017c testowane przez niezale\u017cne instytuty, takie jak ADAC i T\u00dcV, kt\u00f3re przeprowadzaj\u0105 testy wytrzyma\u0142o\u015bci, przyczepno\u015bci i hamowania, potwierdzaj\u0105c ich jako\u015b\u0107 oraz bezpiecze\u0144stwo u\u017cytkowania. Jakie rozmiary opon Nexen N&#8217;Blue 4 Season s\u0105 dost\u0119pne? Nexen N&#8217;Blue 4 Season s\u0105 dost\u0119pne w szerokim zakresie rozmiar\u00f3w: od 13 do 18 cali. Chcesz sprawdzi\u0107, czy mo\u017cesz zamontowa\u0107 je w swoim samochodzie?<\/p>\n<\/div>\n<\/div>\n<div style=\"clear: both; display: block; margin: 10px 0;\">\n<div style=\"clear: both; display: block; margin: 10px 0;\">\n<div  style=\"max-width:886px;max-height:1299px\">\n<div style=\"clear: both; display: block; margin: 10px 0;\">\n<div style=\"clear: both; width: 100%; display: block; margin: 20px 0; padding: 0; float: none; position: static; text-align: center;\"><img decoding=\"async\"  src=\"https:\/\/a.allegroimg.com\/original\/11795b\/92888fab4a2783c478e3e0c44f7d\/2x-NEXEN-165-55R15-75T-N-Blue-4Season-caloroczne-2024-r-Srednica-15\" srcset=\"https:\/\/a.allegroimg.com\/original\/11795b\/92888fab4a2783c478e3e0c44f7d\/2x-NEXEN-165-55R15-75T-N-Blue-4Season-caloroczne-2024-r-Srednica-15 245w,https:\/\/a.allegroimg.com\/original\/11795b\/92888fab4a2783c478e3e0c44f7d\/2x-NEXEN-165-55R15-75T-N-Blue-4Season-caloroczne-2024-r-Srednica-15 491w,https:\/\/a.allegroimg.com\/original\/11795b\/92888fab4a2783c478e3e0c44f7d\/2x-NEXEN-165-55R15-75T-N-Blue-4Season-caloroczne-2024-r-Srednica-15 698w,https:\/\/a.allegroimg.com\/original\/11795b\/92888fab4a2783c478e3e0c44f7d\/2x-NEXEN-165-55R15-75T-N-Blue-4Season-caloroczne-2024-r-Srednica-15 886w,https:\/\/a.allegroimg.com\/original\/11795b\/92888fab4a2783c478e3e0c44f7d\/2x-NEXEN-165-55R15-75T-N-Blue-4Season-caloroczne-2024-r-Srednica-15 886w\" sizes=\"(min-width: 1200px) 560px, (min-width: 992px) 50vw, 100vw\" width=\"886px\" alt=\"2x NEXEN 165\/55R15 75T N&#x27;Blue 4Season ca\u0142oroczne 2024 r \u015arednica 15&quot;\"\/ style=\"max-width: 100%; height: auto; display: block; margin: 0 auto;\"><\/div>\n<\/div>\n<\/div>\n<\/div>\n<\/div>\n<\/div>\n<div style=\"clear: both; display: block; margin: 10px 0;\">\n<div style=\"clear: both; display: block; margin: 10px 0;\">\n<div style=\"clear: both; display: block; margin: 10px 0;\">\n<p style=\"margin: 15px 0; line-height: 1.8; clear: both; display: block; width: 100%; float: none; position: static;\">Wychodz\u0105c naprzeciw oczekiwaniom Klient\u00f3w i chc\u0105c spe\u0142nia\u0107 jak najwy\u017csze standardy obs\u0142ugi dok\u0142adamy wszelkich stara\u0144, aby podawa\u0107 precyzyjn\u0105 dat\u0119 produkcji opony (DOT). Niestety, w wyj\u0105tkowych przypadkach, mo\u017ce zdarzy\u0107 si\u0119, \u017ce opony, kt\u00f3re wy\u015blemy b\u0119d\u0105 mia\u0142y inn\u0105 dat\u0119 produkcji ni\u017c podana. Sytuacja mo\u017ce dotyczy\u0107 zar\u00f3wno opon z DOT-em wcze\u015bniejszym jak i p\u00f3\u017aniejszym. Chcieliby\u015bmy podkre\u015bli\u0107, \u017ce warunki przechowywania opon w naszych magazynach spe\u0142niaj\u0105 Polsk\u0105 Norm\u0119 PN-C-94300-7 dzi\u0119ki czemu nawet opona przechowywana 24 miesi\u0105ce ma parametry takie same jak opona z bie\u017c\u0105cego roku. Warto pami\u0119ta\u0107 tak\u017ce o fakcie, \u017ce w przypadku wielu rozmiar\u00f3w i producent\u00f3w plany produkcyjne fabryk uniemo\u017cliwiaj\u0105 zakup opony z bie\u017c\u0105cego roku.<\/p>\n<p style=\"margin: 15px 0; line-height: 1.8; clear: both; display: block; width: 100%; float: none; position: static;\">Przy zakupie opon pami\u0119taj o sprawdzeniu w instrukcji samochodu lub na w\u0142a\u015bciwej stronie internetowej, jakie ogumienie zaleca producent Twojego auta. \u0179le dobrane opony mog\u0105 negatywnie wp\u0142yn\u0105\u0107 na poziom Twojego bezpiecze\u0144stwa. Kupuj\u0105c opony zwr\u00f3\u0107 uwag\u0119 na rozmiar oraz indeksy no\u015bno\u015bci i pr\u0119dko\u015bci jakie homologowane s\u0105 do Twojego pojazdu.<\/p>\n<p style=\"margin: 15px 0; line-height: 1.8; clear: both; display: block; width: 100%; float: none; position: static;\">Zamieszczone zdj\u0119cia pe\u0142ni\u0105 funkcj\u0119 pogl\u0105dow\u0105. W zale\u017cno\u015bci od szeroko\u015bci opon, mog\u0105 wyst\u0119powa\u0107 niewielkie r\u00f3\u017cnice w wygl\u0105dzie bie\u017cnika (w obr\u0119bie jednego modelu) na przyk\u0142ad w ilo\u015bci rowk\u00f3w obwodowych lub rozmieszczeniu blok\u00f3w bie\u017cnika, co nie stanowi wady produktu.<\/p>\n<p style=\"margin: 15px 0; line-height: 1.8; clear: both; display: block; width: 100%; float: none; position: static;\">Je\u017celi otrzymane przez Ciebie opony nie spe\u0142niaj\u0105 Twoich oczekiwa\u0144 masz mo\u017cliwo\u015b\u0107 zwrotu lub wymiany nieu\u017cywanego (niemontowanego) ogumienia.<\/p>\n<\/div>\n<\/div>\n<\/div>\n<div style=\"clear: both; display: block; margin: 10px 0;\">\n<div style=\"clear: both; display: block; margin: 10px 0;\">\n<div style=\"clear: both; display: block; margin: 10px 0;\">\n<div  style=\"max-width:640px;max-height:444px\">\n<div style=\"clear: both; display: block; margin: 10px 0;\">\n<div style=\"clear: both; width: 100%; display: block; margin: 20px 0; padding: 0; float: none; position: static; text-align: center;\"><img decoding=\"async\"  src=\"https:\/\/a.allegroimg.com\/original\/11f618\/9ce7f35443a69d24b347ea803c7b\/2x-NEXEN-165-55R15-75T-N-Blue-4Season-caloroczne-2024-r-Halas-zewnetrzny-71-dB\" srcset=\"https:\/\/a.allegroimg.com\/original\/11f618\/9ce7f35443a69d24b347ea803c7b\/2x-NEXEN-165-55R15-75T-N-Blue-4Season-caloroczne-2024-r-Halas-zewnetrzny-71-dB 360w,https:\/\/a.allegroimg.com\/original\/11f618\/9ce7f35443a69d24b347ea803c7b\/2x-NEXEN-165-55R15-75T-N-Blue-4Season-caloroczne-2024-r-Halas-zewnetrzny-71-dB 640w,https:\/\/a.allegroimg.com\/original\/11f618\/9ce7f35443a69d24b347ea803c7b\/2x-NEXEN-165-55R15-75T-N-Blue-4Season-caloroczne-2024-r-Halas-zewnetrzny-71-dB 640w\" sizes=\"(min-width: 1200px) 560px, (min-width: 992px) 50vw, 100vw\" width=\"640px\" alt=\"2x NEXEN 165\/55R15 75T N&#x27;Blue 4Season ca\u0142oroczne 2024 r Ha\u0142as zewn\u0119trzny 71 dB\"\/ style=\"max-width: 100%; height: auto; display: block; margin: 0 auto;\"><\/div>\n<\/div>\n<\/div>\n<\/div>\n<\/div>\n<div style=\"clear: both; display: block; margin: 10px 0;\">\n<div style=\"clear: both; display: block; margin: 10px 0;\">\n<h1>Nexen<\/h1>\n<p style=\"margin: 15px 0; line-height: 1.8; clear: both; display: block; width: 100%; float: none; position: static;\">Nexen Tires jako jeden z pierwszych korea\u0144skich producent\u00f3w opon do samochod\u00f3w osobowych, od ko\u0144ca XX wieku dynamicznie rozwija swoj\u0105 ofert\u0119 na rynku. Pocz\u0105tki firmy si\u0119gaj\u0105 lat 40-tych ubieg\u0142ego wieku, kiedy pod szyldem Heung-Ah Tire zajmowa\u0142a si\u0119 produkcj\u0105 opon na potrzeby armii. Po dekadzie zacz\u0119\u0142a produkcj\u0119 opon najpierw dla motocykli, a nast\u0119pnie dla samochod\u00f3w osobowych. W mi\u0119dzy czasie zmieni\u0142a si\u0119 nazwa firmy na Woosung Tire. Jako pierwsza wprowadzi\u0142a na rynek korea\u0144ski opony z bie\u017cnikiem w kszta\u0142cie litery \u201eV\u201d. Po 2000 roku zmieniaj\u0105c nazw\u0119 na Nexen Tire, firma odnotowa\u0142a ogromny wzrost sprzeda\u017cy, co uplasowa\u0142o j\u0105 wysoko na \u015bwiatowej li\u015bcie lider\u00f3w w przemy\u015ble oponiarskim. Intensywny rozw\u00f3j spowodowa\u0142, \u017ce opony firmy Nexen sprzedawane s\u0105 w ponad 130 krajach na ca\u0142ym \u015bwiecie. Firma Nexen przy produkcji opon kieruje si\u0119 jako\u015bci\u0105 i wysok\u0105 wydajno\u015bci\u0105, dlatego uzyskuje ona uznanie w\u015br\u00f3d u\u017cytkownik\u00f3w pojazd\u00f3w. Doceniona jest przez zawodnik\u00f3w motosport\u00f3w za produkcj\u0119 najwy\u017cszej jako\u015bci opon profesjonalnych i UHP. Nexen Tire dostarcza swoje opony na pierwszy monta\u017c do Porsche Cayenne.<\/p>\n<\/div>\n<\/div>\n<\/div>\n<\/div>\n<\/div>\n<\/div>\n<div style=\"clear: both; display: block; margin: 10px 0;\">\n","protected":false},"excerpt":{"rendered":"<p>Rok produkcji: 2024<\/p>\n<p>NEXEN N&#039;Blue 4Season 165\/55R15 75T<\/p>\n<p>G13B3T<\/p>\n<p>Data produkcji : 2024<\/p>\n<p>Indeks : 165\/55R15 CONE 75T NB4S<\/p>\n<p>Indeks no\u015bno\u015bci : 75<\/p>\n<p>Indeks pr\u0119dko\u015bci : T &#8211; 190 km\/h<\/p>\n<p>Karta informacyjna produktu : https:\/\/eprel.ec.europa.eu\/qr\/1326026<\/p>\n","protected":false},"featured_media":12413,"template":"","meta":{"_uag_custom_page_level_css":""},"product_brand":[392],"product_cat":[416,414,413,412],"product_tag":[],"class_list":{"0":"post-12412","1":"product","2":"type-product","3":"status-publish","4":"has-post-thumbnail","6":"product_brand-nexen","7":"product_cat-caloroczne","8":"product_cat-do-samochodow-osobowych-i-suv","9":"product_cat-opony","10":"product_cat-opony-i-felgi","12":"first","13":"instock","14":"shipping-taxable","15":"purchasable","16":"product-type-simple"},"uagb_featured_image_src":{"full":["https:\/\/oponixo.shop\/tire\/wp-content\/uploads\/2026\/01\/allegro-image-12412.jpg",1200,1126,false],"thumbnail":["https:\/\/oponixo.shop\/tire\/wp-content\/uploads\/2026\/01\/allegro-image-12412-150x150.jpg",150,150,true],"medium":["https:\/\/oponixo.shop\/tire\/wp-content\/uploads\/2026\/01\/allegro-image-12412-300x282.jpg",300,282,true],"medium_large":["https:\/\/oponixo.shop\/tire\/wp-content\/uploads\/2026\/01\/allegro-image-12412-768x721.jpg",768,721,true],"large":["https:\/\/oponixo.shop\/tire\/wp-content\/uploads\/2026\/01\/allegro-image-12412-1024x961.jpg",1024,961,true],"1536x1536":["https:\/\/oponixo.shop\/tire\/wp-content\/uploads\/2026\/01\/allegro-image-12412.jpg",1200,1126,false],"2048x2048":["https:\/\/oponixo.shop\/tire\/wp-content\/uploads\/2026\/01\/allegro-image-12412.jpg",1200,1126,false],"woocommerce_thumbnail":["https:\/\/oponixo.shop\/tire\/wp-content\/uploads\/2026\/01\/allegro-image-12412-300x300.jpg",300,300,true],"woocommerce_single":["https:\/\/oponixo.shop\/tire\/wp-content\/uploads\/2026\/01\/allegro-image-12412-600x563.jpg",600,563,true],"woocommerce_gallery_thumbnail":["https:\/\/oponixo.shop\/tire\/wp-content\/uploads\/2026\/01\/allegro-image-12412-100x100.jpg",100,100,true]},"uagb_author_info":{"display_name":"admin","author_link":"https:\/\/oponixo.shop\/tire\/author\/"},"uagb_comment_info":0,"uagb_excerpt":"Rok produkcji: 2024 NEXEN N&#039;Blue 4Season 165\/55R15 75T G13B3T Data produkcji : 2024 Indeks : 165\/55R15 CONE 75T NB4S Indeks no\u015bno\u015bci : 75 Indeks pr\u0119dko\u015bci : T - 190 km\/h Karta informacyjna produktu : https:\/\/eprel.ec.europa.eu\/qr\/1326026","_links":{"self":[{"href":"https:\/\/oponixo.shop\/tire\/wp-json\/wp\/v2\/product\/12412","targetHints":{"allow":["GET"]}}],"collection":[{"href":"https:\/\/oponixo.shop\/tire\/wp-json\/wp\/v2\/product"}],"about":[{"href":"https:\/\/oponixo.shop\/tire\/wp-json\/wp\/v2\/types\/product"}],"wp:featuredmedia":[{"embeddable":true,"href":"https:\/\/oponixo.shop\/tire\/wp-json\/wp\/v2\/media\/12413"}],"wp:attachment":[{"href":"https:\/\/oponixo.shop\/tire\/wp-json\/wp\/v2\/media?parent=12412"}],"wp:term":[{"taxonomy":"product_brand","embeddable":true,"href":"https:\/\/oponixo.shop\/tire\/wp-json\/wp\/v2\/product_brand?post=12412"},{"taxonomy":"product_cat","embeddable":true,"href":"https:\/\/oponixo.shop\/tire\/wp-json\/wp\/v2\/product_cat?post=12412"},{"taxonomy":"product_tag","embeddable":true,"href":"https:\/\/oponixo.shop\/tire\/wp-json\/wp\/v2\/product_tag?post=12412"}],"curies":[{"name":"wp","href":"https:\/\/api.w.org\/{rel}","templated":true}]}}