{"id":12431,"date":"2026-01-03T21:24:38","date_gmt":"2026-01-03T20:24:38","guid":{"rendered":"https:\/\/oponyexpert.shop\/xef5\/produkt\/2x-nowe-zima-ms-opony-dunlop-sport-all-season-165-65r15-81t-xl-2022\/"},"modified":"2026-01-03T21:24:39","modified_gmt":"2026-01-03T20:24:39","slug":"2x-nowe-zima-ms-opony-dunlop-sport-all-season-165-65r15-81t-xl-2022","status":"publish","type":"product","link":"https:\/\/oponixo.shop\/tire\/produkt\/2x-nowe-zima-ms-opony-dunlop-sport-all-season-165-65r15-81t-xl-2022\/","title":{"rendered":"2x NOWE ZIMA M+S OPONY DUNLOP SPORT ALL SEASON 165\/65R15 81T XL 2022"},"content":{"rendered":"<div style=\"font-family: Arial, sans-serif; line-height: 1.6; color: #333; padding: 20px; clear: both; display: block; width: 100%; float: none; position: static; overflow: hidden;\">\n<div style=\"clear: both; display: block; margin: 10px 0;\">\n<div style=\"clear: both; display: block; margin: 10px 0;\">\n<div style=\"clear: both; display: block; margin: 10px 0;\">\n<h1>Przedmiotem sprzeda\u017cy jest oryginalna para(2 sztuki) zimowych \/ wielosezonowych (M+S) opon firmy DUNLOP model SPORT ALL SEASON o rozmiarze 165\/65R15 81T. Opony z 28 tydzie\u0144 2022 roku.<\/h1>\n<h1>Sprowadzone z Niemieckiego serwisu, magazynowane w suchym i ogrzewanym magazynie.<\/h1>\n<h1>Stan uwa\u017cam za bardzo dobry (NOWE, z oryginalnymi naklejkami od nowo\u015bci) przedstawione na zdj\u0119ciach.<\/h1>\n<h1>Bez \u017cadnych uszkodze\u0144 oraz wad fabrycznych, gotowe do monta\u017cu.<\/h1>\n<h1>Nienaprawiane, nie\u0142atane.<\/h1>\n<h1>Na zakupiony towar dajemy 28 dni g w a r a n c j i rozruchowej.<\/h1>\n<h1>Cena za par\u0119 opon (2 sztuki).<\/h1>\n<h1>Zdj\u0119cia mog\u0105 nie oddawa\u0107 rzeczywistego wygl\u0105du, w przypadku zainteresowania kupnem istnieje mo\u017cliwo\u015b\u0107 wys\u0142ania wi\u0119kszej liczby zdj\u0119\u0107 lub filmiku w \u015bwietle dziennym.<\/h1>\n<h1>Numer aukcji A184.<\/h1>\n<\/div>\n<\/div>\n<\/div>\n<\/div>\n<\/div>\n<\/div>\n<div style=\"clear: both; display: block; margin: 10px 0;\">\n","protected":false},"excerpt":{"rendered":"<p>Przedmiotem sprzeda\u017cy jest oryginalna para(2 sztuki) zimowych \/ wielosezonowych (M+S) opon firmy DUNLOP model SPORT ALL SEASON o rozmiarze 165\/65R15 81T. Opony z 28 tydzie\u0144 2022 roku.<\/p>\n<p>Sprowadzone z Niemieckiego serwisu, magazynowane w suchym i ogrzewanym magazynie.<\/p>\n<p>Stan uwa\u017cam za bardzo dobry (NOWE, z oryginalnymi naklejkami od nowo\u015bci) przedstawione na zdj\u0119ciach.<\/p>\n<p>Bez \u017cadnych uszkodze\u0144 oraz wad fabrycznych, gotowe do monta\u017cu.<\/p>\n<p>Nienaprawiane, nie\u0142atane.<\/p>\n<p>Na zakupiony towar dajemy 28 dni g w a r a n c j i rozruchowej.<\/p>\n<p>Cena za par\u0119 opon (2 sztuki).<\/p>\n","protected":false},"featured_media":12432,"template":"","meta":{"_uag_custom_page_level_css":""},"product_brand":[453],"product_cat":[416,414,413,412],"product_tag":[],"class_list":{"0":"post-12431","1":"product","2":"type-product","3":"status-publish","4":"has-post-thumbnail","6":"product_brand-dunlop","7":"product_cat-caloroczne","8":"product_cat-do-samochodow-osobowych-i-suv","9":"product_cat-opony","10":"product_cat-opony-i-felgi","12":"first","13":"instock","14":"shipping-taxable","15":"purchasable","16":"product-type-simple"},"uagb_featured_image_src":{"full":["https:\/\/oponixo.shop\/tire\/wp-content\/uploads\/2026\/01\/allegro-image-12431.jpg",424,588,false],"thumbnail":["https:\/\/oponixo.shop\/tire\/wp-content\/uploads\/2026\/01\/allegro-image-12431-150x150.jpg",150,150,true],"medium":["https:\/\/oponixo.shop\/tire\/wp-content\/uploads\/2026\/01\/allegro-image-12431-216x300.jpg",216,300,true],"medium_large":["https:\/\/oponixo.shop\/tire\/wp-content\/uploads\/2026\/01\/allegro-image-12431.jpg",424,588,false],"large":["https:\/\/oponixo.shop\/tire\/wp-content\/uploads\/2026\/01\/allegro-image-12431.jpg",424,588,false],"1536x1536":["https:\/\/oponixo.shop\/tire\/wp-content\/uploads\/2026\/01\/allegro-image-12431.jpg",424,588,false],"2048x2048":["https:\/\/oponixo.shop\/tire\/wp-content\/uploads\/2026\/01\/allegro-image-12431.jpg",424,588,false],"woocommerce_thumbnail":["https:\/\/oponixo.shop\/tire\/wp-content\/uploads\/2026\/01\/allegro-image-12431-300x300.jpg",300,300,true],"woocommerce_single":["https:\/\/oponixo.shop\/tire\/wp-content\/uploads\/2026\/01\/allegro-image-12431.jpg",424,588,false],"woocommerce_gallery_thumbnail":["https:\/\/oponixo.shop\/tire\/wp-content\/uploads\/2026\/01\/allegro-image-12431-100x100.jpg",100,100,true]},"uagb_author_info":{"display_name":"admin","author_link":"https:\/\/oponixo.shop\/tire\/author\/"},"uagb_comment_info":0,"uagb_excerpt":"Przedmiotem sprzeda\u017cy jest oryginalna para(2 sztuki) zimowych \/ wielosezonowych (M+S) opon firmy DUNLOP model SPORT ALL SEASON o rozmiarze 165\/65R15 81T. Opony z 28 tydzie\u0144 2022 roku. Sprowadzone z Niemieckiego serwisu, magazynowane w suchym i ogrzewanym magazynie. Stan uwa\u017cam za bardzo dobry (NOWE, z oryginalnymi naklejkami od nowo\u015bci) przedstawione na zdj\u0119ciach. Bez \u017cadnych uszkodze\u0144 oraz&hellip;","_links":{"self":[{"href":"https:\/\/oponixo.shop\/tire\/wp-json\/wp\/v2\/product\/12431","targetHints":{"allow":["GET"]}}],"collection":[{"href":"https:\/\/oponixo.shop\/tire\/wp-json\/wp\/v2\/product"}],"about":[{"href":"https:\/\/oponixo.shop\/tire\/wp-json\/wp\/v2\/types\/product"}],"wp:featuredmedia":[{"embeddable":true,"href":"https:\/\/oponixo.shop\/tire\/wp-json\/wp\/v2\/media\/12432"}],"wp:attachment":[{"href":"https:\/\/oponixo.shop\/tire\/wp-json\/wp\/v2\/media?parent=12431"}],"wp:term":[{"taxonomy":"product_brand","embeddable":true,"href":"https:\/\/oponixo.shop\/tire\/wp-json\/wp\/v2\/product_brand?post=12431"},{"taxonomy":"product_cat","embeddable":true,"href":"https:\/\/oponixo.shop\/tire\/wp-json\/wp\/v2\/product_cat?post=12431"},{"taxonomy":"product_tag","embeddable":true,"href":"https:\/\/oponixo.shop\/tire\/wp-json\/wp\/v2\/product_tag?post=12431"}],"curies":[{"name":"wp","href":"https:\/\/api.w.org\/{rel}","templated":true}]}}