{"id":12443,"date":"2026-01-03T21:24:42","date_gmt":"2026-01-03T20:24:42","guid":{"rendered":"https:\/\/oponyexpert.shop\/xef5\/produkt\/2x-185-50r16-opony-zimowe-continental-wintercontact-ts860-81h\/"},"modified":"2026-01-03T21:24:43","modified_gmt":"2026-01-03T20:24:43","slug":"2x-185-50r16-opony-zimowe-continental-wintercontact-ts860-81h","status":"publish","type":"product","link":"https:\/\/oponixo.shop\/tire\/produkt\/2x-185-50r16-opony-zimowe-continental-wintercontact-ts860-81h\/","title":{"rendered":"2x 185\/50R16 OPONY ZIMOWE Continental WinterContact TS860 81H"},"content":{"rendered":"<div style=\"font-family: Arial, sans-serif; line-height: 1.6; color: #333; padding: 20px; clear: both; display: block; width: 100%; float: none; position: static; overflow: hidden;\">\n<div style=\"clear: both; display: block; margin: 10px 0;\">\n<div style=\"clear: both; display: block; margin: 10px 0;\">\n<div style=\"clear: both; display: block; margin: 10px 0;\">\n<div  style=\"max-width:2560px;max-height:1920px\">\n<div style=\"clear: both; display: block; margin: 10px 0;\">\n<div style=\"clear: both; width: 100%; display: block; margin: 20px 0; padding: 0; float: none; position: static; text-align: center;\"><img decoding=\"async\"  src=\"https:\/\/a.allegroimg.com\/original\/11cc63\/2358235f4ad1bbdec8af2baf818c\/2x-185-50R16-OPONY-ZIMOWE-Continental-WinterContact-TS860-81H\" srcset=\"https:\/\/a.allegroimg.com\/original\/11cc63\/2358235f4ad1bbdec8af2baf818c\/2x-185-50R16-OPONY-ZIMOWE-Continental-WinterContact-TS860-81H 360w,https:\/\/a.allegroimg.com\/original\/11cc63\/2358235f4ad1bbdec8af2baf818c\/2x-185-50R16-OPONY-ZIMOWE-Continental-WinterContact-TS860-81H 720w,https:\/\/a.allegroimg.com\/original\/11cc63\/2358235f4ad1bbdec8af2baf818c\/2x-185-50R16-OPONY-ZIMOWE-Continental-WinterContact-TS860-81H 1024w,https:\/\/a.allegroimg.com\/original\/11cc63\/2358235f4ad1bbdec8af2baf818c\/2x-185-50R16-OPONY-ZIMOWE-Continental-WinterContact-TS860-81H 1440w,https:\/\/a.allegroimg.com\/original\/11cc63\/2358235f4ad1bbdec8af2baf818c\/2x-185-50R16-OPONY-ZIMOWE-Continental-WinterContact-TS860-81H 2560w\" sizes=\"(min-width: 1200px) 560px, (min-width: 992px) 50vw, 100vw\" width=\"2560px\" alt=\"2x 185\/50R16 OPONY ZIMOWE Continental WinterContact TS860 81H\"\/ style=\"max-width: 100%; height: auto; display: block; margin: 0 auto;\"><\/div>\n<\/div>\n<\/div>\n<\/div>\n<\/div>\n<div style=\"clear: both; display: block; margin: 10px 0;\">\n<div style=\"clear: both; display: block; margin: 10px 0;\">\n<p style=\"margin: 15px 0; line-height: 1.8; clear: both; display: block; width: 100%; float: none; position: static;\">Przedmiot aukcji :2x 185\/50R16 OPONY ZIMOWE Continental WinterContact TS860 81H dot: 2720<\/p>\n<p style=\"margin: 15px 0; line-height: 1.8; clear: both; display: block; width: 100%; float: none; position: static;\">Wykonywane zdj\u0119cia s\u0105 naszego autorstwa i przedstawiaj\u0105 realny wygl\u0105d oferowanego towaru<\/p>\n<\/div>\n<\/div>\n<\/div>\n<div style=\"clear: both; display: block; margin: 10px 0;\">\n<div style=\"clear: both; display: block; margin: 10px 0;\">\n<div style=\"clear: both; display: block; margin: 10px 0;\">\n<ul style=\"margin: 15px 0; padding-left: 20px; clear: both; display: block; width: 100%; float: none; position: static;\">\n<li style=\"margin: 5px 0; padding: 2px 0; clear: both; display: list-item; float: none; position: static;\">Producent: Continental<\/li>\n<li style=\"margin: 5px 0; padding: 2px 0; clear: both; display: list-item; float: none; position: static;\">Rozmiar:  185\/50R16<\/li>\n<li style=\"margin: 5px 0; padding: 2px 0; clear: both; display: list-item; float: none; position: static;\">Wysoko\u015b\u0107 bie\u017cnika: 9,0<\/li>\n<li style=\"margin: 5px 0; padding: 2px 0; clear: both; display: list-item; float: none; position: static;\">Indeks no\u015bno\u015bci: 81 &#8211; 462 kg<\/li>\n<li style=\"margin: 5px 0; padding: 2px 0; clear: both; display: list-item; float: none; position: static;\">Indeks pr\u0119dko\u015bci: H do 210 km\/h<\/li>\n<li style=\"margin: 5px 0; padding: 2px 0; clear: both; display: list-item; float: none; position: static;\">Bie\u017cnikowana: nie<\/li>\n<li style=\"margin: 5px 0; padding: 2px 0; clear: both; display: list-item; float: none; position: static;\">Przeznaczenie: Zimowe<\/li>\n<li style=\"margin: 5px 0; padding: 2px 0; clear: both; display: list-item; float: none; position: static;\">Ilo\u015b\u0107 sztuk w ofercie: 2 szt.<\/li>\n<li style=\"margin: 5px 0; padding: 2px 0; clear: both; display: list-item; float: none; position: static;\">Kod produktu:<b> M1076858<\/b><\/li>\n<li style=\"margin: 5px 0; padding: 2px 0; clear: both; display: list-item; float: none; position: static;\">Opis: 2x 185\/50R16 OPONY ZIMOWE Continental WinterContact TS860 81H dot: 2720<\/li>\n<\/ul>\n<\/div>\n<\/div>\n<div style=\"clear: both; display: block; margin: 10px 0;\">\n<div style=\"clear: both; display: block; margin: 10px 0;\">\n<div  style=\"max-width:2560px;max-height:1920px\">\n<div style=\"clear: both; display: block; margin: 10px 0;\">\n<div style=\"clear: both; width: 100%; display: block; margin: 20px 0; padding: 0; float: none; position: static; text-align: center;\"><img decoding=\"async\"  src=\"https:\/\/a.allegroimg.com\/original\/112d77\/3d021ea84d9bbad7fdcd70217685\/2x-185-50R16-OPONY-ZIMOWE-Continental-WinterContact-TS860-81H-Liczba-opon-w-ofercie-2-szt\" srcset=\"https:\/\/a.allegroimg.com\/original\/112d77\/3d021ea84d9bbad7fdcd70217685\/2x-185-50R16-OPONY-ZIMOWE-Continental-WinterContact-TS860-81H-Liczba-opon-w-ofercie-2-szt 360w,https:\/\/a.allegroimg.com\/original\/112d77\/3d021ea84d9bbad7fdcd70217685\/2x-185-50R16-OPONY-ZIMOWE-Continental-WinterContact-TS860-81H-Liczba-opon-w-ofercie-2-szt 720w,https:\/\/a.allegroimg.com\/original\/112d77\/3d021ea84d9bbad7fdcd70217685\/2x-185-50R16-OPONY-ZIMOWE-Continental-WinterContact-TS860-81H-Liczba-opon-w-ofercie-2-szt 1024w,https:\/\/a.allegroimg.com\/original\/112d77\/3d021ea84d9bbad7fdcd70217685\/2x-185-50R16-OPONY-ZIMOWE-Continental-WinterContact-TS860-81H-Liczba-opon-w-ofercie-2-szt 1440w,https:\/\/a.allegroimg.com\/original\/112d77\/3d021ea84d9bbad7fdcd70217685\/2x-185-50R16-OPONY-ZIMOWE-Continental-WinterContact-TS860-81H-Liczba-opon-w-ofercie-2-szt 2560w\" sizes=\"(min-width: 1200px) 560px, (min-width: 992px) 50vw, 100vw\" width=\"2560px\" alt=\"2x 185\/50R16 OPONY ZIMOWE Continental WinterContact TS860 81H Liczba opon w ofercie 2 szt.\"\/ style=\"max-width: 100%; height: auto; display: block; margin: 0 auto;\"><\/div>\n<\/div>\n<\/div>\n<\/div>\n<\/div>\n<\/div>\n<div style=\"clear: both; display: block; margin: 10px 0;\">\n<div style=\"clear: both; display: block; margin: 10px 0;\">\n<div style=\"clear: both; display: block; margin: 10px 0;\">\n<div  style=\"max-width:2560px;max-height:1920px\">\n<div style=\"clear: both; display: block; margin: 10px 0;\">\n<div style=\"clear: both; width: 100%; display: block; margin: 20px 0; padding: 0; float: none; position: static; text-align: center;\"><img decoding=\"async\"  src=\"https:\/\/a.allegroimg.com\/original\/112306\/9eb543ff45c1a4d95a3b1bc9033d\/2x-185-50R16-OPONY-ZIMOWE-Continental-WinterContact-TS860-81H-Rok-produkcji-2020\" srcset=\"https:\/\/a.allegroimg.com\/original\/112306\/9eb543ff45c1a4d95a3b1bc9033d\/2x-185-50R16-OPONY-ZIMOWE-Continental-WinterContact-TS860-81H-Rok-produkcji-2020 360w,https:\/\/a.allegroimg.com\/original\/112306\/9eb543ff45c1a4d95a3b1bc9033d\/2x-185-50R16-OPONY-ZIMOWE-Continental-WinterContact-TS860-81H-Rok-produkcji-2020 720w,https:\/\/a.allegroimg.com\/original\/112306\/9eb543ff45c1a4d95a3b1bc9033d\/2x-185-50R16-OPONY-ZIMOWE-Continental-WinterContact-TS860-81H-Rok-produkcji-2020 1024w,https:\/\/a.allegroimg.com\/original\/112306\/9eb543ff45c1a4d95a3b1bc9033d\/2x-185-50R16-OPONY-ZIMOWE-Continental-WinterContact-TS860-81H-Rok-produkcji-2020 1440w,https:\/\/a.allegroimg.com\/original\/112306\/9eb543ff45c1a4d95a3b1bc9033d\/2x-185-50R16-OPONY-ZIMOWE-Continental-WinterContact-TS860-81H-Rok-produkcji-2020 2560w\" sizes=\"(min-width: 1200px) 560px, (min-width: 992px) 50vw, 100vw\" width=\"2560px\" alt=\"2x 185\/50R16 OPONY ZIMOWE Continental WinterContact TS860 81H Rok produkcji 2020\"\/ style=\"max-width: 100%; height: auto; display: block; margin: 0 auto;\"><\/div>\n<\/div>\n<\/div>\n<\/div>\n<\/div>\n<div style=\"clear: both; display: block; margin: 10px 0;\">\n<div style=\"clear: both; display: block; margin: 10px 0;\">\n<div  style=\"max-width:2560px;max-height:1920px\">\n<div style=\"clear: both; display: block; margin: 10px 0;\">\n<div style=\"clear: both; width: 100%; display: block; margin: 20px 0; padding: 0; float: none; position: static; text-align: center;\"><img decoding=\"async\"  src=\"https:\/\/a.allegroimg.com\/original\/11fecc\/176237df4ef29716245890c7b060\/2x-185-50R16-OPONY-ZIMOWE-Continental-WinterContact-TS860-81H-Marka-Continental\" srcset=\"https:\/\/a.allegroimg.com\/original\/11fecc\/176237df4ef29716245890c7b060\/2x-185-50R16-OPONY-ZIMOWE-Continental-WinterContact-TS860-81H-Marka-Continental 360w,https:\/\/a.allegroimg.com\/original\/11fecc\/176237df4ef29716245890c7b060\/2x-185-50R16-OPONY-ZIMOWE-Continental-WinterContact-TS860-81H-Marka-Continental 720w,https:\/\/a.allegroimg.com\/original\/11fecc\/176237df4ef29716245890c7b060\/2x-185-50R16-OPONY-ZIMOWE-Continental-WinterContact-TS860-81H-Marka-Continental 1024w,https:\/\/a.allegroimg.com\/original\/11fecc\/176237df4ef29716245890c7b060\/2x-185-50R16-OPONY-ZIMOWE-Continental-WinterContact-TS860-81H-Marka-Continental 1440w,https:\/\/a.allegroimg.com\/original\/11fecc\/176237df4ef29716245890c7b060\/2x-185-50R16-OPONY-ZIMOWE-Continental-WinterContact-TS860-81H-Marka-Continental 2560w\" sizes=\"(min-width: 1200px) 560px, (min-width: 992px) 50vw, 100vw\" width=\"2560px\" alt=\"2x 185\/50R16 OPONY ZIMOWE Continental WinterContact TS860 81H Marka Continental\"\/ style=\"max-width: 100%; height: auto; display: block; margin: 0 auto;\"><\/div>\n<\/div>\n<\/div>\n<\/div>\n<\/div>\n<\/div>\n<div style=\"clear: both; display: block; margin: 10px 0;\">\n<div style=\"clear: both; display: block; margin: 10px 0;\">\n<div style=\"clear: both; display: block; margin: 10px 0;\">\n<div  style=\"max-width:2560px;max-height:1920px\">\n<div style=\"clear: both; display: block; margin: 10px 0;\">\n<div style=\"clear: both; width: 100%; display: block; margin: 20px 0; padding: 0; float: none; position: static; text-align: center;\"><img decoding=\"async\"  src=\"https:\/\/a.allegroimg.com\/original\/118a21\/95881bff4d40a85ee960ceb6da0c\/2x-185-50R16-OPONY-ZIMOWE-Continental-WinterContact-TS860-81H-Szerokosc-opony-185-mm\" srcset=\"https:\/\/a.allegroimg.com\/original\/118a21\/95881bff4d40a85ee960ceb6da0c\/2x-185-50R16-OPONY-ZIMOWE-Continental-WinterContact-TS860-81H-Szerokosc-opony-185-mm 360w,https:\/\/a.allegroimg.com\/original\/118a21\/95881bff4d40a85ee960ceb6da0c\/2x-185-50R16-OPONY-ZIMOWE-Continental-WinterContact-TS860-81H-Szerokosc-opony-185-mm 720w,https:\/\/a.allegroimg.com\/original\/118a21\/95881bff4d40a85ee960ceb6da0c\/2x-185-50R16-OPONY-ZIMOWE-Continental-WinterContact-TS860-81H-Szerokosc-opony-185-mm 1024w,https:\/\/a.allegroimg.com\/original\/118a21\/95881bff4d40a85ee960ceb6da0c\/2x-185-50R16-OPONY-ZIMOWE-Continental-WinterContact-TS860-81H-Szerokosc-opony-185-mm 1440w,https:\/\/a.allegroimg.com\/original\/118a21\/95881bff4d40a85ee960ceb6da0c\/2x-185-50R16-OPONY-ZIMOWE-Continental-WinterContact-TS860-81H-Szerokosc-opony-185-mm 2560w\" sizes=\"(min-width: 1200px) 560px, (min-width: 992px) 50vw, 100vw\" width=\"2560px\" alt=\"2x 185\/50R16 OPONY ZIMOWE Continental WinterContact TS860 81H Szeroko\u015b\u0107 opony 185 mm\"\/ style=\"max-width: 100%; height: auto; display: block; margin: 0 auto;\"><\/div>\n<\/div>\n<\/div>\n<\/div>\n<\/div>\n<div style=\"clear: both; display: block; margin: 10px 0;\">\n<div style=\"clear: both; display: block; margin: 10px 0;\">\n<div  style=\"max-width:2560px;max-height:1920px\">\n<div style=\"clear: both; display: block; margin: 10px 0;\">\n<div style=\"clear: both; width: 100%; display: block; margin: 20px 0; padding: 0; float: none; position: static; text-align: center;\"><img decoding=\"async\"  src=\"https:\/\/a.allegroimg.com\/original\/119f6d\/e0b2a55a41fba301232d17f65860\/2x-185-50R16-OPONY-ZIMOWE-Continental-WinterContact-TS860-81H-Profil-opony-50\" srcset=\"https:\/\/a.allegroimg.com\/original\/119f6d\/e0b2a55a41fba301232d17f65860\/2x-185-50R16-OPONY-ZIMOWE-Continental-WinterContact-TS860-81H-Profil-opony-50 360w,https:\/\/a.allegroimg.com\/original\/119f6d\/e0b2a55a41fba301232d17f65860\/2x-185-50R16-OPONY-ZIMOWE-Continental-WinterContact-TS860-81H-Profil-opony-50 720w,https:\/\/a.allegroimg.com\/original\/119f6d\/e0b2a55a41fba301232d17f65860\/2x-185-50R16-OPONY-ZIMOWE-Continental-WinterContact-TS860-81H-Profil-opony-50 1024w,https:\/\/a.allegroimg.com\/original\/119f6d\/e0b2a55a41fba301232d17f65860\/2x-185-50R16-OPONY-ZIMOWE-Continental-WinterContact-TS860-81H-Profil-opony-50 1440w,https:\/\/a.allegroimg.com\/original\/119f6d\/e0b2a55a41fba301232d17f65860\/2x-185-50R16-OPONY-ZIMOWE-Continental-WinterContact-TS860-81H-Profil-opony-50 2560w\" sizes=\"(min-width: 1200px) 560px, (min-width: 992px) 50vw, 100vw\" width=\"2560px\" alt=\"2x 185\/50R16 OPONY ZIMOWE Continental WinterContact TS860 81H Profil opony 50\"\/ style=\"max-width: 100%; height: auto; display: block; margin: 0 auto;\"><\/div>\n<\/div>\n<\/div>\n<\/div>\n<\/div>\n<\/div>\n<div style=\"clear: both; display: block; margin: 10px 0;\">\n<div style=\"clear: both; display: block; margin: 10px 0;\">\n<div style=\"clear: both; display: block; margin: 10px 0;\">\n<div  style=\"max-width:2560px;max-height:1920px\">\n<div style=\"clear: both; display: block; margin: 10px 0;\">\n<div style=\"clear: both; width: 100%; display: block; margin: 20px 0; padding: 0; float: none; position: static; text-align: center;\"><img decoding=\"async\"  src=\"https:\/\/a.allegroimg.com\/original\/110040\/6da93a5941298a0e1eeeed7deb58\/2x-185-50R16-OPONY-ZIMOWE-Continental-WinterContact-TS860-81H-Srednica-16\" srcset=\"https:\/\/a.allegroimg.com\/original\/110040\/6da93a5941298a0e1eeeed7deb58\/2x-185-50R16-OPONY-ZIMOWE-Continental-WinterContact-TS860-81H-Srednica-16 360w,https:\/\/a.allegroimg.com\/original\/110040\/6da93a5941298a0e1eeeed7deb58\/2x-185-50R16-OPONY-ZIMOWE-Continental-WinterContact-TS860-81H-Srednica-16 720w,https:\/\/a.allegroimg.com\/original\/110040\/6da93a5941298a0e1eeeed7deb58\/2x-185-50R16-OPONY-ZIMOWE-Continental-WinterContact-TS860-81H-Srednica-16 1024w,https:\/\/a.allegroimg.com\/original\/110040\/6da93a5941298a0e1eeeed7deb58\/2x-185-50R16-OPONY-ZIMOWE-Continental-WinterContact-TS860-81H-Srednica-16 1440w,https:\/\/a.allegroimg.com\/original\/110040\/6da93a5941298a0e1eeeed7deb58\/2x-185-50R16-OPONY-ZIMOWE-Continental-WinterContact-TS860-81H-Srednica-16 2560w\" sizes=\"(min-width: 1200px) 560px, (min-width: 992px) 50vw, 100vw\" width=\"2560px\" alt=\"2x 185\/50R16 OPONY ZIMOWE Continental WinterContact TS860 81H \u015arednica 16&quot;\"\/ style=\"max-width: 100%; height: auto; display: block; margin: 0 auto;\"><\/div>\n<\/div>\n<\/div>\n<\/div>\n<\/div>\n<div style=\"clear: both; display: block; margin: 10px 0;\">\n<div style=\"clear: both; display: block; margin: 10px 0;\">\n<div  style=\"max-width:2560px;max-height:1920px\">\n<div style=\"clear: both; display: block; margin: 10px 0;\">\n<div style=\"clear: both; width: 100%; display: block; margin: 20px 0; padding: 0; float: none; position: static; text-align: center;\"><img decoding=\"async\"  src=\"https:\/\/a.allegroimg.com\/original\/1121dc\/53d2f32c4adea5e937b144fb8e9e\/2x-185-50R16-OPONY-ZIMOWE-Continental-WinterContact-TS860-81H-Model-WinterContact-TS-860\" srcset=\"https:\/\/a.allegroimg.com\/original\/1121dc\/53d2f32c4adea5e937b144fb8e9e\/2x-185-50R16-OPONY-ZIMOWE-Continental-WinterContact-TS860-81H-Model-WinterContact-TS-860 360w,https:\/\/a.allegroimg.com\/original\/1121dc\/53d2f32c4adea5e937b144fb8e9e\/2x-185-50R16-OPONY-ZIMOWE-Continental-WinterContact-TS860-81H-Model-WinterContact-TS-860 720w,https:\/\/a.allegroimg.com\/original\/1121dc\/53d2f32c4adea5e937b144fb8e9e\/2x-185-50R16-OPONY-ZIMOWE-Continental-WinterContact-TS860-81H-Model-WinterContact-TS-860 1024w,https:\/\/a.allegroimg.com\/original\/1121dc\/53d2f32c4adea5e937b144fb8e9e\/2x-185-50R16-OPONY-ZIMOWE-Continental-WinterContact-TS860-81H-Model-WinterContact-TS-860 1440w,https:\/\/a.allegroimg.com\/original\/1121dc\/53d2f32c4adea5e937b144fb8e9e\/2x-185-50R16-OPONY-ZIMOWE-Continental-WinterContact-TS860-81H-Model-WinterContact-TS-860 2560w\" sizes=\"(min-width: 1200px) 560px, (min-width: 992px) 50vw, 100vw\" width=\"2560px\" alt=\"2x 185\/50R16 OPONY ZIMOWE Continental WinterContact TS860 81H Model WinterContact TS 860\"\/ style=\"max-width: 100%; height: auto; display: block; margin: 0 auto;\"><\/div>\n<\/div>\n<\/div>\n<\/div>\n<\/div>\n<\/div>\n<\/div>\n<\/div>\n<\/div>\n<div style=\"clear: both; display: block; margin: 10px 0;\">\n","protected":false},"excerpt":{"rendered":"<p>Przedmiot aukcji :2x 185\/50R16 OPONY ZIMOWE Continental WinterContact TS860 81H dot: 2720<\/p>\n<p>Wykonywane zdj\u0119cia s\u0105 naszego autorstwa i przedstawiaj\u0105 realny wygl\u0105d oferowanego towaru<\/p>\n<p>Producent: Continental<\/p>\n<p>Rozmiar: 185\/50R16<\/p>\n<p>Wysoko\u015b\u0107 bie\u017cnika: 9,0<\/p>\n<p>Indeks no\u015bno\u015bci: 81 &#8211; 462 kg<\/p>\n<p>Indeks pr\u0119dko\u015bci: H do 210 km\/h<\/p>\n<p>Bie\u017cnikowana: nie<\/p>\n","protected":false},"featured_media":12444,"template":"","meta":{"_uag_custom_page_level_css":""},"product_brand":[396],"product_cat":[414,413,412,415],"product_tag":[],"class_list":{"0":"post-12443","1":"product","2":"type-product","3":"status-publish","4":"has-post-thumbnail","6":"product_brand-continental","7":"product_cat-do-samochodow-osobowych-i-suv","8":"product_cat-opony","9":"product_cat-opony-i-felgi","10":"product_cat-zimowe","12":"first","13":"instock","14":"shipping-taxable","15":"purchasable","16":"product-type-simple"},"uagb_featured_image_src":{"full":["https:\/\/oponixo.shop\/tire\/wp-content\/uploads\/2026\/01\/allegro-image-12443.jpg",2560,1920,false],"thumbnail":["https:\/\/oponixo.shop\/tire\/wp-content\/uploads\/2026\/01\/allegro-image-12443-150x150.jpg",150,150,true],"medium":["https:\/\/oponixo.shop\/tire\/wp-content\/uploads\/2026\/01\/allegro-image-12443-300x225.jpg",300,225,true],"medium_large":["https:\/\/oponixo.shop\/tire\/wp-content\/uploads\/2026\/01\/allegro-image-12443-768x576.jpg",768,576,true],"large":["https:\/\/oponixo.shop\/tire\/wp-content\/uploads\/2026\/01\/allegro-image-12443-1024x768.jpg",1024,768,true],"1536x1536":["https:\/\/oponixo.shop\/tire\/wp-content\/uploads\/2026\/01\/allegro-image-12443-1536x1152.jpg",1536,1152,true],"2048x2048":["https:\/\/oponixo.shop\/tire\/wp-content\/uploads\/2026\/01\/allegro-image-12443-2048x1536.jpg",2048,1536,true],"woocommerce_thumbnail":["https:\/\/oponixo.shop\/tire\/wp-content\/uploads\/2026\/01\/allegro-image-12443-300x300.jpg",300,300,true],"woocommerce_single":["https:\/\/oponixo.shop\/tire\/wp-content\/uploads\/2026\/01\/allegro-image-12443-600x450.jpg",600,450,true],"woocommerce_gallery_thumbnail":["https:\/\/oponixo.shop\/tire\/wp-content\/uploads\/2026\/01\/allegro-image-12443-100x100.jpg",100,100,true]},"uagb_author_info":{"display_name":"admin","author_link":"https:\/\/oponixo.shop\/tire\/author\/"},"uagb_comment_info":0,"uagb_excerpt":"Przedmiot aukcji :2x 185\/50R16 OPONY ZIMOWE Continental WinterContact TS860 81H dot: 2720 Wykonywane zdj\u0119cia s\u0105 naszego autorstwa i przedstawiaj\u0105 realny wygl\u0105d oferowanego towaru Producent: Continental Rozmiar: 185\/50R16 Wysoko\u015b\u0107 bie\u017cnika: 9,0 Indeks no\u015bno\u015bci: 81 - 462 kg Indeks pr\u0119dko\u015bci: H do 210 km\/h Bie\u017cnikowana: nie","_links":{"self":[{"href":"https:\/\/oponixo.shop\/tire\/wp-json\/wp\/v2\/product\/12443","targetHints":{"allow":["GET"]}}],"collection":[{"href":"https:\/\/oponixo.shop\/tire\/wp-json\/wp\/v2\/product"}],"about":[{"href":"https:\/\/oponixo.shop\/tire\/wp-json\/wp\/v2\/types\/product"}],"wp:featuredmedia":[{"embeddable":true,"href":"https:\/\/oponixo.shop\/tire\/wp-json\/wp\/v2\/media\/12444"}],"wp:attachment":[{"href":"https:\/\/oponixo.shop\/tire\/wp-json\/wp\/v2\/media?parent=12443"}],"wp:term":[{"taxonomy":"product_brand","embeddable":true,"href":"https:\/\/oponixo.shop\/tire\/wp-json\/wp\/v2\/product_brand?post=12443"},{"taxonomy":"product_cat","embeddable":true,"href":"https:\/\/oponixo.shop\/tire\/wp-json\/wp\/v2\/product_cat?post=12443"},{"taxonomy":"product_tag","embeddable":true,"href":"https:\/\/oponixo.shop\/tire\/wp-json\/wp\/v2\/product_tag?post=12443"}],"curies":[{"name":"wp","href":"https:\/\/api.w.org\/{rel}","templated":true}]}}