{"id":12449,"date":"2026-01-03T21:24:44","date_gmt":"2026-01-03T20:24:44","guid":{"rendered":"https:\/\/oponyexpert.shop\/xef5\/produkt\/2x-tracmax-205-40r17-84v-ice-plus-s210-xl\/"},"modified":"2026-01-03T21:24:45","modified_gmt":"2026-01-03T20:24:45","slug":"2x-tracmax-205-40r17-84v-ice-plus-s210-xl","status":"publish","type":"product","link":"https:\/\/oponixo.shop\/tire\/produkt\/2x-tracmax-205-40r17-84v-ice-plus-s210-xl\/","title":{"rendered":"2x Tracmax 205\/40R17 84V Ice Plus S210 XL"},"content":{"rendered":"<div style=\"font-family: Arial, sans-serif; line-height: 1.6; color: #333; padding: 20px; clear: both; display: block; width: 100%; float: none; position: static; overflow: hidden;\">\n<div style=\"clear: both; display: block; margin: 10px 0;\">\n<div style=\"clear: both; display: block; margin: 10px 0;\">\n<div style=\"clear: both; display: block; margin: 10px 0;\">\n<div  style=\"max-width:800px;max-height:600px\">\n<div style=\"clear: both; display: block; margin: 10px 0;\">\n<div style=\"clear: both; width: 100%; display: block; margin: 20px 0; padding: 0; float: none; position: static; text-align: center;\"><img decoding=\"async\"  src=\"https:\/\/a.allegroimg.com\/original\/113007\/e8b7adff49759052e9b3cfb78822\/2x-Tracmax-205-40R17-84V-Ice-Plus-S210-XL\" srcset=\"https:\/\/a.allegroimg.com\/original\/113007\/e8b7adff49759052e9b3cfb78822\/2x-Tracmax-205-40R17-84V-Ice-Plus-S210-XL 360w,https:\/\/a.allegroimg.com\/original\/113007\/e8b7adff49759052e9b3cfb78822\/2x-Tracmax-205-40R17-84V-Ice-Plus-S210-XL 720w,https:\/\/a.allegroimg.com\/original\/113007\/e8b7adff49759052e9b3cfb78822\/2x-Tracmax-205-40R17-84V-Ice-Plus-S210-XL 800w,https:\/\/a.allegroimg.com\/original\/113007\/e8b7adff49759052e9b3cfb78822\/2x-Tracmax-205-40R17-84V-Ice-Plus-S210-XL 800w\" sizes=\"(min-width: 1200px) 560px, (min-width: 992px) 50vw, 100vw\" width=\"800px\" alt=\"2x Tracmax 205\/40R17 84V Ice Plus S210 XL\"\/ style=\"max-width: 100%; height: auto; display: block; margin: 0 auto;\"><\/div>\n<\/div>\n<\/div>\n<\/div>\n<\/div>\n<div style=\"clear: both; display: block; margin: 10px 0;\">\n<div style=\"clear: both; display: block; margin: 10px 0;\">\n<h1>Opony Tracmax Ice Plus S210<\/h1>\n<h1>205\/40R17 84V<\/h1>\n<ul style=\"margin: 15px 0; padding-left: 20px; clear: both; display: block; width: 100%; float: none; position: static;\">\n<li style=\"margin: 5px 0; padding: 2px 0; clear: both; display: list-item; float: none; position: static;\">Przeznaczenie: <b>Zima<\/b><\/li>\n<li style=\"margin: 5px 0; padding: 2px 0; clear: both; display: list-item; float: none; position: static;\">Typ pojazdu: <b>Osobowy<\/b><\/li>\n<li style=\"margin: 5px 0; padding: 2px 0; clear: both; display: list-item; float: none; position: static;\">Indeks pr\u0119dko\u015bci:<b>V do 240 km\/h<\/b><\/li>\n<li style=\"margin: 5px 0; padding: 2px 0; clear: both; display: list-item; float: none; position: static;\">Indeks no\u015bno\u015bci: <b>84 &#8211; 500 kg<\/b><\/li>\n<li style=\"margin: 5px 0; padding: 2px 0; clear: both; display: list-item; float: none; position: static;\">Rok produkcji: <b>2024\/2025<\/b><\/li>\n<\/ul>\n<h3 style=\"color: #2c5aa0; font-size: 18px; margin: 30px 0 15px 0; font-weight: bold; clear: both; display: block; width: 100%; float: none; position: static;\">Oznaczenia dodatkowe:<\/h3>\n<p style=\"margin: 15px 0; line-height: 1.8; clear: both; display: block; width: 100%; float: none; position: static;\">XL &#8211; opona o wzmocnionej budowie karkasu<\/p>\n<p style=\"margin: 15px 0; line-height: 1.8; clear: both; display: block; width: 100%; float: none; position: static;\">3PMSF &#8211; Opony przystosowane do jazdy w warunkach zimowych. W\u0142a\u015bciwo\u015bci potwierdzone testami<\/p>\n<\/div>\n<\/div>\n<\/div>\n<div style=\"clear: both; display: block; margin: 10px 0;\">\n<div style=\"clear: both; display: block; margin: 10px 0;\">\n<div style=\"clear: both; display: block; margin: 10px 0;\">\n<h3 style=\"color: #2c5aa0; font-size: 18px; margin: 30px 0 15px 0; font-weight: bold; clear: both; display: block; width: 100%; float: none; position: static;\">Opis modelu<\/h3>\n<p style=\"margin: 15px 0; line-height: 1.8; clear: both; display: block; width: 100%; float: none; position: static;\">Opony zimowe Tracmax Ice Plus S210 to dobra propozycja dla os\u00f3b, kt\u00f3re nie chc\u0105 wyda\u0107 fortuny na opony, atrakcyjna cena nie wyklucza si\u0119 tutaj z osi\u0105gami stoj\u0105cymi na zadowalaj\u0105cym poziomie. Zakup tych opon jest dobr\u0105 alternatyw\u0105 dla niepewnego pochodzenia u\u017cywanych opon, w podobnej cenie mo\u017cna dosta\u0107 nowe opony. Tracmax Ice Plus S210 posiadaj\u0105 asymetryczny bie\u017cnik, co oznacza, \u017ce taka rze\u017aba jest podzielona na cz\u0119\u015b\u0107 zewn\u0119trzn\u0105 i wewn\u0119trzn\u0105. Zewn\u0119trzna cz\u0119\u015b\u0107 odpowiada za utrzymanie stabilno\u015bci samochodu wykonuj\u0105c dynamiczne manewry oraz pokonuj\u0105c zakr\u0119ty. Zadaniem wewn\u0119trznej cz\u0119\u015bci jest odprowadzanie wody, b\u0142ota po\u015bniegowego i \u015bniegu spod czo\u0142a opony, zapewniaj\u0105c ochron\u0119 przed niebezpiecznym aquaplaningiem. Ca\u0142y bie\u017cnik zosta\u0142 pokryty g\u0119st\u0105 sieci\u0105 lameli, kt\u00f3ra wchodzi w \u015bnieg, u\u0142atwiaj\u0105c ruszanie na \u015bniegu i skracaj\u0105c tak\u017ce drog\u0119 hamowania. Model Tracmax Ice Plus S210 jest wykonany zosta\u0142 z nowoczesnej i elastycznej mieszanki gumowej. Mieszanka nie traci swoich w\u0142a\u015bciwo\u015bci w ni\u017cszych temperaturach, umo\u017cliwiaj\u0105c zachowanie przyczepno\u015bci, a tak\u017ce zachowanie kontroli nad samochodem podczas mro\u017aniejszych dni.<\/p>\n<p style=\"margin: 15px 0; line-height: 1.8; clear: both; display: block; width: 100%; float: none; position: static;\">Opony firmy Tracmax mog\u0142yby z powodzeniem stanowi\u0107 dow\u00f3d wysokiej pr\u0119dko\u015bci, z jak\u0105 rozwin\u0119\u0142a si\u0119 produkcja ogumienia samochodowego w Azji. Tracmax nale\u017cy do koncernu Shandong Yongsheng Rubber Group, kt\u00f3ra etapami budowa\u0142a swoj\u0105 renome w Chinach, nast\u0119pnie na ca\u0142ym kontynencie, a obecnie pr\u0119\u017cnie dzia\u0142a w Europie czy Stanach Zjednoczonych. Dzi\u0119ki pot\u0119\u017cnym inwestycjom w\u0142a\u015bciciela oraz du\u017cym powierzchniom produkcyjnym firma ta zapewnia ponad milion opon w ci\u0105gu roku. W za\u0142o\u017ceniu opony tej marki w niedalekiej przysz\u0142o\u015bci powinny rywalizowa\u0107 ze skutkiem z bardziej znanymi modelami opon w tej samej kategorii u\u017cytkowej. W\u0142a\u015bciciele marki Tracmax skupiaj\u0105 si\u0119 na tym, by opony by\u0142y zaadresowane do konkretnego sektora odbiorc\u00f3w. Z jednej strony s\u0105 to ekonomiczne opony o zauwa\u017calnie ni\u017cszej cenie, por\u00f3wnuj\u0105c z propozycjami innych marek. Z drugiej zaliczne s\u0105 przez nie testy spoza Azji, co pokazuje, \u017ce przy atrakcyjnej cenie, opony te zapewni\u0105 dobre w\u0142a\u015bciwo\u015bci jezdne.<\/p>\n<\/div>\n<\/div>\n<div style=\"clear: both; display: block; margin: 10px 0;\">\n<div style=\"clear: both; display: block; margin: 10px 0;\">\n<div  style=\"max-width:1842px;max-height:1842px\">\n<div style=\"clear: both; display: block; margin: 10px 0;\">\n<div style=\"clear: both; width: 100%; display: block; margin: 20px 0; padding: 0; float: none; position: static; text-align: center;\"><img decoding=\"async\"  src=\"https:\/\/a.allegroimg.com\/original\/11a8c0\/e2f0eba64a85b11cf01971e95223\/2x-Tracmax-205-40R17-84V-Ice-Plus-S210-XL-Liczba-opon-w-ofercie-2-szt\" srcset=\"https:\/\/a.allegroimg.com\/original\/11a8c0\/e2f0eba64a85b11cf01971e95223\/2x-Tracmax-205-40R17-84V-Ice-Plus-S210-XL-Liczba-opon-w-ofercie-2-szt 360w,https:\/\/a.allegroimg.com\/original\/11a8c0\/e2f0eba64a85b11cf01971e95223\/2x-Tracmax-205-40R17-84V-Ice-Plus-S210-XL-Liczba-opon-w-ofercie-2-szt 720w,https:\/\/a.allegroimg.com\/original\/11a8c0\/e2f0eba64a85b11cf01971e95223\/2x-Tracmax-205-40R17-84V-Ice-Plus-S210-XL-Liczba-opon-w-ofercie-2-szt 1024w,https:\/\/a.allegroimg.com\/original\/11a8c0\/e2f0eba64a85b11cf01971e95223\/2x-Tracmax-205-40R17-84V-Ice-Plus-S210-XL-Liczba-opon-w-ofercie-2-szt 1440w,https:\/\/a.allegroimg.com\/original\/11a8c0\/e2f0eba64a85b11cf01971e95223\/2x-Tracmax-205-40R17-84V-Ice-Plus-S210-XL-Liczba-opon-w-ofercie-2-szt 1842w\" sizes=\"(min-width: 1200px) 560px, (min-width: 992px) 50vw, 100vw\" width=\"1842px\" alt=\"2x Tracmax 205\/40R17 84V Ice Plus S210 XL Liczba opon w ofercie 2 szt.\"\/ style=\"max-width: 100%; height: auto; display: block; margin: 0 auto;\"><\/div>\n<\/div>\n<\/div>\n<\/div>\n<\/div>\n<\/div>\n<div style=\"clear: both; display: block; margin: 10px 0;\">\n<div style=\"clear: both; display: block; margin: 10px 0;\">\n<div style=\"clear: both; display: block; margin: 10px 0;\">\n<div  style=\"max-width:300px;max-height:440px\">\n<div style=\"clear: both; display: block; margin: 10px 0;\">\n<div style=\"clear: both; width: 100%; display: block; margin: 20px 0; padding: 0; float: none; position: static; text-align: center;\"><img decoding=\"async\"  src=\"https:\/\/a.allegroimg.com\/original\/11558a\/8d18b1aa4503948b0346478a1c25\/2x-Tracmax-205-40R17-84V-Ice-Plus-S210-XL-Marka-Tracmax\" srcset=\"https:\/\/a.allegroimg.com\/original\/11558a\/8d18b1aa4503948b0346478a1c25\/2x-Tracmax-205-40R17-84V-Ice-Plus-S210-XL-Marka-Tracmax 245w,https:\/\/a.allegroimg.com\/original\/11558a\/8d18b1aa4503948b0346478a1c25\/2x-Tracmax-205-40R17-84V-Ice-Plus-S210-XL-Marka-Tracmax 300w,https:\/\/a.allegroimg.com\/original\/11558a\/8d18b1aa4503948b0346478a1c25\/2x-Tracmax-205-40R17-84V-Ice-Plus-S210-XL-Marka-Tracmax 300w\" sizes=\"(min-width: 1200px) 560px, (min-width: 992px) 50vw, 100vw\" width=\"300px\" alt=\"2x Tracmax 205\/40R17 84V Ice Plus S210 XL Marka Tracmax\"\/ style=\"max-width: 100%; height: auto; display: block; margin: 0 auto;\"><\/div>\n<\/div>\n<\/div>\n<\/div>\n<\/div>\n<div style=\"clear: both; display: block; margin: 10px 0;\">\n<div style=\"clear: both; display: block; margin: 10px 0;\">\n<h3 style=\"color: #2c5aa0; font-size: 18px; margin: 30px 0 15px 0; font-weight: bold; clear: both; display: block; width: 100%; float: none; position: static;\">Efektywno\u015b\u0107 energetyczna \/ op\u00f3r toczenia<\/h3>\n<p style=\"margin: 15px 0; line-height: 1.8; clear: both; display: block; width: 100%; float: none; position: static;\">Op\u00f3r toczenia mo\u017cna nazwa\u0107 strat\u0105 energii, kt\u00f3ra powstaje, kiedy opona odkszta\u0142ca si\u0119 podczas jazdy na skutek kontaktu z pod\u0142o\u017cem. Ni\u017cszy op\u00f3r toczenia oznacza, \u017ce potrzeba mniej paliwa by utrzyma\u0107 samoch\u00f3d w ruchu.<\/p>\n<h3 style=\"color: #2c5aa0; font-size: 18px; margin: 30px 0 15px 0; font-weight: bold; clear: both; display: block; width: 100%; float: none; position: static;\">Przyczepno\u015b\u0107 na mokrej nawierzchni<\/h3>\n<p style=\"margin: 15px 0; line-height: 1.8; clear: both; display: block; width: 100%; float: none; position: static;\">Hamowanie na mokrej nawierzchni mierzy si\u0119 w metrach od momentu rozpocz\u0119cia hamowania do pe\u0142nego zatrzymania auta. Jest kluczowe dla bezpiecze\u0144stwa jazdy. Ocena A oznacza najkr\u00f3tsz\u0105 drog\u0119 hamowania, ocena G &#8211; najd\u0142u\u017csz\u0105.<\/p>\n<h3 style=\"color: #2c5aa0; font-size: 18px; margin: 30px 0 15px 0; font-weight: bold; clear: both; display: block; width: 100%; float: none; position: static;\">Zewn\u0119trzny ha\u0142as generowany przez opon\u0119<\/h3>\n<p style=\"margin: 15px 0; line-height: 1.8; clear: both; display: block; width: 100%; float: none; position: static;\">Ha\u0142as, kt\u00f3ry wytwarzaj\u0105 opony w trakcie jazdy mierzony jest w decybelach. Cicho\u015b\u0107 opony znacznie wp\u0142ywa na ochron\u0119 \u015brodowiska oraz komfort podr\u00f3\u017cowania. Ha\u0142as mierzony jest przy pr\u0119dko\u015bci 80km\/h.<\/p>\n<\/div>\n<\/div>\n<\/div>\n<\/div>\n<\/div>\n<\/div>\n<div style=\"clear: both; display: block; margin: 10px 0;\">\n","protected":false},"excerpt":{"rendered":"<p>Opony Tracmax Ice Plus S210<\/p>\n<p>205\/40R17 84V<\/p>\n<p>Przeznaczenie: Zima<\/p>\n<p>Typ pojazdu: Osobowy<\/p>\n<p>Indeks pr\u0119dko\u015bci:V do 240 km\/h<\/p>\n<p>Indeks no\u015bno\u015bci: 84 &#8211; 500 kg<\/p>\n<p>Rok produkcji: 2024\/2025<\/p>\n<p>Oznaczenia dodatkowe:<\/p>\n","protected":false},"featured_media":12450,"template":"","meta":{"_uag_custom_page_level_css":""},"product_brand":[393],"product_cat":[414,413,412,415],"product_tag":[],"class_list":{"0":"post-12449","1":"product","2":"type-product","3":"status-publish","4":"has-post-thumbnail","6":"product_brand-tracmax","7":"product_cat-do-samochodow-osobowych-i-suv","8":"product_cat-opony","9":"product_cat-opony-i-felgi","10":"product_cat-zimowe","12":"first","13":"instock","14":"shipping-taxable","15":"purchasable","16":"product-type-simple"},"uagb_featured_image_src":{"full":["https:\/\/oponixo.shop\/tire\/wp-content\/uploads\/2026\/01\/allegro-image-12449.jpg",800,600,false],"thumbnail":["https:\/\/oponixo.shop\/tire\/wp-content\/uploads\/2026\/01\/allegro-image-12449-150x150.jpg",150,150,true],"medium":["https:\/\/oponixo.shop\/tire\/wp-content\/uploads\/2026\/01\/allegro-image-12449-300x225.jpg",300,225,true],"medium_large":["https:\/\/oponixo.shop\/tire\/wp-content\/uploads\/2026\/01\/allegro-image-12449-768x576.jpg",768,576,true],"large":["https:\/\/oponixo.shop\/tire\/wp-content\/uploads\/2026\/01\/allegro-image-12449.jpg",800,600,false],"1536x1536":["https:\/\/oponixo.shop\/tire\/wp-content\/uploads\/2026\/01\/allegro-image-12449.jpg",800,600,false],"2048x2048":["https:\/\/oponixo.shop\/tire\/wp-content\/uploads\/2026\/01\/allegro-image-12449.jpg",800,600,false],"woocommerce_thumbnail":["https:\/\/oponixo.shop\/tire\/wp-content\/uploads\/2026\/01\/allegro-image-12449-300x300.jpg",300,300,true],"woocommerce_single":["https:\/\/oponixo.shop\/tire\/wp-content\/uploads\/2026\/01\/allegro-image-12449-600x450.jpg",600,450,true],"woocommerce_gallery_thumbnail":["https:\/\/oponixo.shop\/tire\/wp-content\/uploads\/2026\/01\/allegro-image-12449-100x100.jpg",100,100,true]},"uagb_author_info":{"display_name":"admin","author_link":"https:\/\/oponixo.shop\/tire\/author\/"},"uagb_comment_info":0,"uagb_excerpt":"Opony Tracmax Ice Plus S210 205\/40R17 84V Przeznaczenie: Zima Typ pojazdu: Osobowy Indeks pr\u0119dko\u015bci:V do 240 km\/h Indeks no\u015bno\u015bci: 84 - 500 kg Rok produkcji: 2024\/2025 Oznaczenia dodatkowe:","_links":{"self":[{"href":"https:\/\/oponixo.shop\/tire\/wp-json\/wp\/v2\/product\/12449","targetHints":{"allow":["GET"]}}],"collection":[{"href":"https:\/\/oponixo.shop\/tire\/wp-json\/wp\/v2\/product"}],"about":[{"href":"https:\/\/oponixo.shop\/tire\/wp-json\/wp\/v2\/types\/product"}],"wp:featuredmedia":[{"embeddable":true,"href":"https:\/\/oponixo.shop\/tire\/wp-json\/wp\/v2\/media\/12450"}],"wp:attachment":[{"href":"https:\/\/oponixo.shop\/tire\/wp-json\/wp\/v2\/media?parent=12449"}],"wp:term":[{"taxonomy":"product_brand","embeddable":true,"href":"https:\/\/oponixo.shop\/tire\/wp-json\/wp\/v2\/product_brand?post=12449"},{"taxonomy":"product_cat","embeddable":true,"href":"https:\/\/oponixo.shop\/tire\/wp-json\/wp\/v2\/product_cat?post=12449"},{"taxonomy":"product_tag","embeddable":true,"href":"https:\/\/oponixo.shop\/tire\/wp-json\/wp\/v2\/product_tag?post=12449"}],"curies":[{"name":"wp","href":"https:\/\/api.w.org\/{rel}","templated":true}]}}