{"id":12455,"date":"2026-01-03T21:24:46","date_gmt":"2026-01-03T20:24:46","guid":{"rendered":"https:\/\/oponyexpert.shop\/xef5\/produkt\/4x-vredestein-quatrac-pro-205-40r17-84-w\/"},"modified":"2026-01-03T21:24:47","modified_gmt":"2026-01-03T20:24:47","slug":"4x-vredestein-quatrac-pro-205-40r17-84-w","status":"publish","type":"product","link":"https:\/\/oponixo.shop\/tire\/produkt\/4x-vredestein-quatrac-pro-205-40r17-84-w\/","title":{"rendered":"4x VREDESTEIN QUATRAC PRO+ 205\/40R17 84 W"},"content":{"rendered":"<div style=\"font-family: Arial, sans-serif; line-height: 1.6; color: #333; padding: 20px; clear: both; display: block; width: 100%; float: none; position: static; overflow: hidden;\">\n<div style=\"clear: both; display: block; margin: 10px 0;\">\n<div style=\"clear: both; display: block; margin: 10px 0;\">\n<div style=\"clear: both; display: block; margin: 10px 0;\">\n<h2>4x VREDESTEIN QUATRAC PRO+ 205\/40R17 84 W<\/h2>\n<\/div>\n<\/div>\n<\/div>\n<div style=\"clear: both; display: block; margin: 10px 0;\">\n<div style=\"clear: both; display: block; margin: 10px 0;\">\n<div style=\"clear: both; display: block; margin: 10px 0;\">\n<div  style=\"max-width:920px;max-height:1120px\">\n<div style=\"clear: both; display: block; margin: 10px 0;\">\n<div style=\"clear: both; width: 100%; display: block; margin: 20px 0; padding: 0; float: none; position: static; text-align: center;\"><img decoding=\"async\"  src=\"https:\/\/a.allegroimg.com\/original\/11b13b\/a0e5fa8e4df795b6ef6a88ceb69c\/4x-VREDESTEIN-QUATRAC-PRO-205-40R17-84-W\" srcset=\"https:\/\/a.allegroimg.com\/original\/11b13b\/a0e5fa8e4df795b6ef6a88ceb69c\/4x-VREDESTEIN-QUATRAC-PRO-205-40R17-84-W 295w,https:\/\/a.allegroimg.com\/original\/11b13b\/a0e5fa8e4df795b6ef6a88ceb69c\/4x-VREDESTEIN-QUATRAC-PRO-205-40R17-84-W 591w,https:\/\/a.allegroimg.com\/original\/11b13b\/a0e5fa8e4df795b6ef6a88ceb69c\/4x-VREDESTEIN-QUATRAC-PRO-205-40R17-84-W 841w,https:\/\/a.allegroimg.com\/original\/11b13b\/a0e5fa8e4df795b6ef6a88ceb69c\/4x-VREDESTEIN-QUATRAC-PRO-205-40R17-84-W 920w,https:\/\/a.allegroimg.com\/original\/11b13b\/a0e5fa8e4df795b6ef6a88ceb69c\/4x-VREDESTEIN-QUATRAC-PRO-205-40R17-84-W 920w\" sizes=\"(min-width: 1200px) 560px, (min-width: 992px) 50vw, 100vw\" width=\"920px\" alt=\"4x VREDESTEIN QUATRAC PRO+ 205\/40R17 84 W\"\/ style=\"max-width: 100%; height: auto; display: block; margin: 0 auto;\"><\/div>\n<\/div>\n<\/div>\n<\/div>\n<\/div>\n<div style=\"clear: both; display: block; margin: 10px 0;\">\n<div style=\"clear: both; display: block; margin: 10px 0;\">\n<h2>Ca\u0142oroczne opony VREDESTEIN QUATRAC PRO+ 205\/40 R17 84 W<\/h2>\n<p style=\"margin: 15px 0; line-height: 1.8; clear: both; display: block; width: 100%; float: none; position: static;\">Opony VREDESTEIN QUATRAC PRO+ to znacz\u0105cy model w portfolio producenta.\u00a0<\/p>\n<p style=\"margin: 15px 0; line-height: 1.8; clear: both; display: block; width: 100%; float: none; position: static;\"> Opony klasy Premium s\u0105 wytwarzane z zastosowaniem najbardziej zaawansowanych technologii na \u015bwiecie.<\/p>\n<ul style=\"margin: 15px 0; padding-left: 20px; clear: both; display: block; width: 100%; float: none; position: static;\">\n<li style=\"margin: 5px 0; padding: 2px 0; clear: both; display: list-item; float: none; position: static;\"><b>Stan:<\/b>\u00a0Nowy<\/li>\n<li style=\"margin: 5px 0; padding: 2px 0; clear: both; display: list-item; float: none; position: static;\"><b>EAN:<\/b>\u00a08714692810831<\/li>\n<li style=\"margin: 5px 0; padding: 2px 0; clear: both; display: list-item; float: none; position: static;\"><b>Producent:<\/b> VREDESTEIN<\/li>\n<li style=\"margin: 5px 0; padding: 2px 0; clear: both; display: list-item; float: none; position: static;\"><b>Model:<\/b> QUATRAC PRO+<\/li>\n<li style=\"margin: 5px 0; padding: 2px 0; clear: both; display: list-item; float: none; position: static;\"><b>Rozmiar:<\/b> 205\/40 R17<\/li>\n<li style=\"margin: 5px 0; padding: 2px 0; clear: both; display: list-item; float: none; position: static;\"><b>Indeks no\u015bno\u015bci:<\/b> 84<\/li>\n<li style=\"margin: 5px 0; padding: 2px 0; clear: both; display: list-item; float: none; position: static;\"><b>Indeks pr\u0119dko\u015bci:<\/b> W<\/li>\n<li style=\"margin: 5px 0; padding: 2px 0; clear: both; display: list-item; float: none; position: static;\"><b>Ha\u0142as db:<\/b>\u00a071<\/li>\n<li style=\"margin: 5px 0; padding: 2px 0; clear: both; display: list-item; float: none; position: static;\"><b>Sezon:<\/b> Ca\u0142oroczne<\/li>\n<li style=\"margin: 5px 0; padding: 2px 0; clear: both; display: list-item; float: none; position: static;\"><b>Rok produkcji:<\/b> 2024<\/li>\n<li style=\"margin: 5px 0; padding: 2px 0; clear: both; display: list-item; float: none; position: static;\"><b>Przeznaczenie:<\/b> Osobowe<\/li>\n<li style=\"margin: 5px 0; padding: 2px 0; clear: both; display: list-item; float: none; position: static;\"><b>Kl. przycz. na mokrej naw.:<\/b>\u00a0B<\/li>\n<li style=\"margin: 5px 0; padding: 2px 0; clear: both; display: list-item; float: none; position: static;\"><b>Kl. efekt. paliwowej:\u00a0<\/b>D<\/li>\n<\/ul>\n<\/div>\n<\/div>\n<\/div>\n<div style=\"clear: both; display: block; margin: 10px 0;\">\n<div style=\"clear: both; display: block; margin: 10px 0;\">\n<div style=\"clear: both; display: block; margin: 10px 0;\">\n<div  style=\"max-width:900px;max-height:500px\">\n<div style=\"clear: both; display: block; margin: 10px 0;\">\n<div style=\"clear: both; width: 100%; display: block; margin: 20px 0; padding: 0; float: none; position: static; text-align: center;\"><img decoding=\"async\"  src=\"https:\/\/a.allegroimg.com\/original\/1141a3\/1942aa244d868c55eb55980d8076\/4x-VREDESTEIN-QUATRAC-PRO-205-40R17-84-W-Liczba-opon-w-ofercie-Komplet-4-szt\" srcset=\"https:\/\/a.allegroimg.com\/original\/1141a3\/1942aa244d868c55eb55980d8076\/4x-VREDESTEIN-QUATRAC-PRO-205-40R17-84-W-Liczba-opon-w-ofercie-Komplet-4-szt 360w,https:\/\/a.allegroimg.com\/original\/1141a3\/1942aa244d868c55eb55980d8076\/4x-VREDESTEIN-QUATRAC-PRO-205-40R17-84-W-Liczba-opon-w-ofercie-Komplet-4-szt 720w,https:\/\/a.allegroimg.com\/original\/1141a3\/1942aa244d868c55eb55980d8076\/4x-VREDESTEIN-QUATRAC-PRO-205-40R17-84-W-Liczba-opon-w-ofercie-Komplet-4-szt 900w,https:\/\/a.allegroimg.com\/original\/1141a3\/1942aa244d868c55eb55980d8076\/4x-VREDESTEIN-QUATRAC-PRO-205-40R17-84-W-Liczba-opon-w-ofercie-Komplet-4-szt 900w\" sizes=\"100vw\" width=\"900px\" alt=\"4x VREDESTEIN QUATRAC PRO+ 205\/40R17 84 W Liczba opon w ofercie Komplet 4 szt.\"\/ style=\"max-width: 100%; height: auto; display: block; margin: 0 auto;\"><\/div>\n<\/div>\n<\/div>\n<\/div>\n<\/div>\n<\/div>\n<div style=\"clear: both; display: block; margin: 10px 0;\">\n<div style=\"clear: both; display: block; margin: 10px 0;\">\n<div style=\"clear: both; display: block; margin: 10px 0;\">\n<p style=\"margin: 15px 0; line-height: 1.8; clear: both; display: block; width: 100%; float: none; position: static;\">Marka Vredestein\u00a0to renomowany holenderski producent opon, znany ze swojej doskona\u0142ej jako\u015bci i innowacyjnych rozwi\u0105za\u0144. Od ponad 100 lat firma Vredestein dostarcza kierowcom opony, kt\u00f3re \u0142\u0105cz\u0105 w sobie trwa\u0142o\u015b\u0107, przyczepno\u015b\u0107 i wydajno\u015b\u0107. Ich produkty ciesz\u0105 si\u0119 doskona\u0142\u0105 reputacj\u0105 zar\u00f3wno w Europie, jak i na ca\u0142ym \u015bwiecie.<\/p>\n<p style=\"margin: 15px 0; line-height: 1.8; clear: both; display: block; width: 100%; float: none; position: static;\">Innowacje i jako\u015b\u0107\u00a0s\u0105 fundamentem marki Vredestein. Firma inwestuje w badania i rozw\u00f3j, aby tworzy\u0107 opony, kt\u00f3re zapewniaj\u0105 bezpiecze\u0144stwo i komfort jazdy w r\u00f3\u017cnych warunkach. Opony Vredestein to wyb\u00f3r dla kierowc\u00f3w, kt\u00f3rzy oczekuj\u0105 doskona\u0142ej jako\u015bci i wyj\u0105tkowej wydajno\u015bci na drodze.<\/p>\n<p style=\"margin: 15px 0; line-height: 1.8; clear: both; display: block; width: 100%; float: none; position: static;\">Dostosowane rozwi\u0105zania\u00a0to kolejny element, kt\u00f3ry wyr\u00f3\u017cnia mark\u0119 Vredestein. Oferuj\u0105 szeroki wyb\u00f3r opon letnich, zimowych i ca\u0142orocznych, aby sprosta\u0107 r\u00f3\u017cnym potrzebom kierowc\u00f3w. Bez wzgl\u0119du na rodzaj pojazdu lub warunki pogodowe, Vredestein ma odpowiedni\u0105 opon\u0119, kt\u00f3ra zapewni pewno\u015b\u0107 siebie na drodze.<\/p>\n<\/div>\n<\/div>\n<\/div>\n<div style=\"clear: both; display: block; margin: 10px 0;\">\n<div style=\"clear: both; display: block; margin: 10px 0;\">\n<div style=\"clear: both; display: block; margin: 10px 0;\">\n<div  style=\"max-width:660px;max-height:977px\">\n<div style=\"clear: both; display: block; margin: 10px 0;\">\n<div style=\"clear: both; width: 100%; display: block; margin: 20px 0; padding: 0; float: none; position: static; text-align: center;\"><img decoding=\"async\"  src=\"https:\/\/a.allegroimg.com\/original\/114128\/49331227407bb5136b098d851f07\/4x-VREDESTEIN-QUATRAC-PRO-205-40R17-84-W-Rok-produkcji-2024\" srcset=\"https:\/\/a.allegroimg.com\/original\/114128\/49331227407bb5136b098d851f07\/4x-VREDESTEIN-QUATRAC-PRO-205-40R17-84-W-Rok-produkcji-2024 243w,https:\/\/a.allegroimg.com\/original\/114128\/49331227407bb5136b098d851f07\/4x-VREDESTEIN-QUATRAC-PRO-205-40R17-84-W-Rok-produkcji-2024 486w,https:\/\/a.allegroimg.com\/original\/114128\/49331227407bb5136b098d851f07\/4x-VREDESTEIN-QUATRAC-PRO-205-40R17-84-W-Rok-produkcji-2024 660w,https:\/\/a.allegroimg.com\/original\/114128\/49331227407bb5136b098d851f07\/4x-VREDESTEIN-QUATRAC-PRO-205-40R17-84-W-Rok-produkcji-2024 660w\" sizes=\"(min-width: 1200px) 560px, (min-width: 992px) 50vw, 100vw\" width=\"660px\" alt=\"4x VREDESTEIN QUATRAC PRO+ 205\/40R17 84 W Rok produkcji 2024\"\/ style=\"max-width: 100%; height: auto; display: block; margin: 0 auto;\"><\/div>\n<\/div>\n<\/div>\n<\/div>\n<\/div>\n<div style=\"clear: both; display: block; margin: 10px 0;\">\n<div style=\"clear: both; display: block; margin: 10px 0;\">\n<p style=\"margin: 15px 0; line-height: 1.8; clear: both; display: block; width: 100%; float: none; position: static;\">Dlaczego warto kupowa\u0107 u Nas ?<\/p>\n<p style=\"margin: 15px 0; line-height: 1.8; clear: both; display: block; width: 100%; float: none; position: static;\">Jeste\u015bmy firm\u0105, kt\u00f3ra na podstawie wieloletniego do\u015bwiadczenia z zaanga\u017cowaniem pomaga klientom w doborze oraz kupnie opon.<\/p>\n<p style=\"margin: 15px 0; line-height: 1.8; clear: both; display: block; width: 100%; float: none; position: static;\">Posiadamy szerok\u0105 game opon do aut osobowych, dostawczych, cie\u017carowych, motocyki jak i opon przemys\u0142owych.<\/p>\n<p style=\"margin: 15px 0; line-height: 1.8; clear: both; display: block; width: 100%; float: none; position: static;\">Gwarancja satysfakcjii oraz bezpiecznie przejechanych kilometr\u00f3w.<\/p>\n<p style=\"margin: 15px 0; line-height: 1.8; clear: both; display: block; width: 100%; float: none; position: static;\">Zosta\u0144 naszym kolejnym zadowolonym klientem.<\/p>\n<p style=\"margin: 15px 0; line-height: 1.8; clear: both; display: block; width: 100%; float: none; position: static;\">ZAPRASZAMY DO ZAKUP\u00d3W.<\/p>\n<\/div>\n<\/div>\n<\/div>\n<\/div>\n<\/div>\n<\/div>\n<div style=\"clear: both; display: block; margin: 10px 0;\">\n","protected":false},"excerpt":{"rendered":"<p>4x VREDESTEIN QUATRAC PRO+ 205\/40R17 84 W<\/p>\n<p>Ca\u0142oroczne opony VREDESTEIN QUATRAC PRO+ 205\/40 R17 84 W<\/p>\n<p>Opony VREDESTEIN QUATRAC PRO+ to znacz\u0105cy model w portfolio producenta.\u00a0<\/p>\n<p>Opony klasy Premium s\u0105 wytwarzane z zastosowaniem najbardziej zaawansowanych technologii na \u015bwiecie.<\/p>\n<p>Stan:\u00a0Nowy<\/p>\n<p>EAN:\u00a08714692810831<\/p>\n<p>Producent: VREDESTEIN<\/p>\n<p>Model: QUATRAC PRO+<\/p>\n","protected":false},"featured_media":12456,"template":"","meta":{"_uag_custom_page_level_css":""},"product_brand":[436],"product_cat":[416,414,413,412],"product_tag":[],"class_list":{"0":"post-12455","1":"product","2":"type-product","3":"status-publish","4":"has-post-thumbnail","6":"product_brand-vredestein","7":"product_cat-caloroczne","8":"product_cat-do-samochodow-osobowych-i-suv","9":"product_cat-opony","10":"product_cat-opony-i-felgi","12":"first","13":"instock","14":"shipping-taxable","15":"purchasable","16":"product-type-simple"},"uagb_featured_image_src":{"full":["https:\/\/oponixo.shop\/tire\/wp-content\/uploads\/2026\/01\/allegro-image-12455.jpg",920,1120,false],"thumbnail":["https:\/\/oponixo.shop\/tire\/wp-content\/uploads\/2026\/01\/allegro-image-12455-150x150.jpg",150,150,true],"medium":["https:\/\/oponixo.shop\/tire\/wp-content\/uploads\/2026\/01\/allegro-image-12455-246x300.jpg",246,300,true],"medium_large":["https:\/\/oponixo.shop\/tire\/wp-content\/uploads\/2026\/01\/allegro-image-12455-768x935.jpg",768,935,true],"large":["https:\/\/oponixo.shop\/tire\/wp-content\/uploads\/2026\/01\/allegro-image-12455-841x1024.jpg",841,1024,true],"1536x1536":["https:\/\/oponixo.shop\/tire\/wp-content\/uploads\/2026\/01\/allegro-image-12455.jpg",920,1120,false],"2048x2048":["https:\/\/oponixo.shop\/tire\/wp-content\/uploads\/2026\/01\/allegro-image-12455.jpg",920,1120,false],"woocommerce_thumbnail":["https:\/\/oponixo.shop\/tire\/wp-content\/uploads\/2026\/01\/allegro-image-12455-300x300.jpg",300,300,true],"woocommerce_single":["https:\/\/oponixo.shop\/tire\/wp-content\/uploads\/2026\/01\/allegro-image-12455-600x730.jpg",600,730,true],"woocommerce_gallery_thumbnail":["https:\/\/oponixo.shop\/tire\/wp-content\/uploads\/2026\/01\/allegro-image-12455-100x100.jpg",100,100,true]},"uagb_author_info":{"display_name":"admin","author_link":"https:\/\/oponixo.shop\/tire\/author\/"},"uagb_comment_info":0,"uagb_excerpt":"4x VREDESTEIN QUATRAC PRO+ 205\/40R17 84 W Ca\u0142oroczne opony VREDESTEIN QUATRAC PRO+ 205\/40 R17 84 W Opony VREDESTEIN QUATRAC PRO+ to znacz\u0105cy model w portfolio producenta.\u00a0 Opony klasy Premium s\u0105 wytwarzane z zastosowaniem najbardziej zaawansowanych technologii na \u015bwiecie. Stan:\u00a0Nowy EAN:\u00a08714692810831 Producent: VREDESTEIN Model: QUATRAC PRO+","_links":{"self":[{"href":"https:\/\/oponixo.shop\/tire\/wp-json\/wp\/v2\/product\/12455","targetHints":{"allow":["GET"]}}],"collection":[{"href":"https:\/\/oponixo.shop\/tire\/wp-json\/wp\/v2\/product"}],"about":[{"href":"https:\/\/oponixo.shop\/tire\/wp-json\/wp\/v2\/types\/product"}],"wp:featuredmedia":[{"embeddable":true,"href":"https:\/\/oponixo.shop\/tire\/wp-json\/wp\/v2\/media\/12456"}],"wp:attachment":[{"href":"https:\/\/oponixo.shop\/tire\/wp-json\/wp\/v2\/media?parent=12455"}],"wp:term":[{"taxonomy":"product_brand","embeddable":true,"href":"https:\/\/oponixo.shop\/tire\/wp-json\/wp\/v2\/product_brand?post=12455"},{"taxonomy":"product_cat","embeddable":true,"href":"https:\/\/oponixo.shop\/tire\/wp-json\/wp\/v2\/product_cat?post=12455"},{"taxonomy":"product_tag","embeddable":true,"href":"https:\/\/oponixo.shop\/tire\/wp-json\/wp\/v2\/product_tag?post=12455"}],"curies":[{"name":"wp","href":"https:\/\/api.w.org\/{rel}","templated":true}]}}